{"id":183263,"date":"2023-01-10T09:56:53","date_gmt":"2023-01-10T08:56:53","guid":{"rendered":"https:\/\/marktxxl.de\/markt\/produkt\/stylus-stift-fuer-touch-screens-mit-magnetischem-design-kenkor-stylus-pom-15-mm-feder-fuer-android-ios-stylus-pen-ipad-pro-air-mini-iphone-huawei-samsung-smartphones-und-tablets-geraete\/"},"modified":"2023-04-09T04:57:18","modified_gmt":"2023-04-09T02:57:18","slug":"stylus-stift-fuer-touch-screens-mit-magnetischem-design-kenkor-stylus-pom-15-mm-feder-fuer-android-ios-stylus-pen-ipad-pro-air-mini-iphone-huawei-samsung-smartphones-und-tablets-geraete","status":"publish","type":"product","link":"https:\/\/marktxxl.de\/markt\/produkt\/stylus-stift-fuer-touch-screens-mit-magnetischem-design-kenkor-stylus-pom-15-mm-feder-fuer-android-ios-stylus-pen-ipad-pro-air-mini-iphone-huawei-samsung-smartphones-und-tablets-geraete\/","title":{"rendered":"Stylus Stift f\u00fcr Touch Screens mit magnetischem Design, Kenkor Stylus POM 1,5 mm Feder f\u00fcr Android iOS Stylus Pen -iPad\u2026"},"content":{"rendered":"<p>\u3010\u00dcber den iPad-Stift\u3011 Dieses Apple pen-Design mit 16,5 cm L\u00e4nge, 16,8 g Gewicht und 1,5 mm Spitze f\u00fcr reibungsloses Schreiben und Zeichnen.Bester Stylus f\u00fcr K\u00fcnstler, Lehrer und Sch\u00fcler usw. Dar\u00fcber hinaus enth\u00e4lt dieser Apple-Stift 2 Ersatzspitzen, die erheblich sind Verl\u00e4ngern Sie die Lebensdauer des Eingabestifts.<br \/>\n\u3010Weitgehend kompatibel\u3011 Unser wiederaufladbarer iPad Pro pencil ist speziell f\u00fcr die meisten Touchscreens konzipiert.Er ist kompatibel mit den meisten Touch-Modellen von Apple iPad, Samsung Smartpad-Serie, Android-Tablets und auch f\u00fcr iPhone 6\/6plus, iPhone 7, 7plus, iPhone 8, iPhoneXr\/Xs, iPad\/iPad 2, neues iPad 3\/4, iPad Pro, iPad\/Mini 2\/3\/4 und andere beliebte Tablets, Smartphones HINWEIS&#8211;Auf Laptops mit kann es zu Reaktionsverz\u00f6gerungen und Inkompatibilit\u00e4ten kommen Windows-System.<br \/>\n\u3010Schnellladung und Warnung bei niedrigem Batteriestand\u3011 Der Tablet-Stift wird mit dem neuesten Typ-C-Schnellladekabel aufgeladen, der Ladeeingang betr\u00e4gt 5 V und ist in 60-80 Minuten vollst\u00e4ndig aufgeladen.Der eingebaute Akku des iPhone-Stifts bietet &#8211; 18-20 Stunden aktive Nutzung Die Batterie ist schwach \u2013 das BLINK RED, Sie m\u00fcssen nicht raten, wann die Batterie leer ist!Es kann auch als originelles Geschenk f\u00fcr Ihre Familie\/Freunde um Sie herum verwendet werden, die gerne kreativ sind.<br \/>\n\u3010Einfach zu bedienen und energiesparend\u3011Kenkor ipad pen Tippen Sie einfach zweimal auf die Oberseite des Stylist-Stifts und schon k\u00f6nnen Sie schreiben oder zeichnen.KEIN Treiber oder Bluetooth-Einstellung erforderlich.Der iPad-Eingabestift ist mit intelligenten Speichereinheiten ausgestattet, er wechselt automatisch zu &#8220;Schlafmodus&#8221; nach 6 Minuten Leerlauf, um Strom zu sparen und unn\u00f6tigen Batterieverbrauch zu vermeiden. Genie\u00dfen Sie problemlos fl\u00fcssiges Schreiben oder Zeichnen, der beste Stift f\u00fcr K\u00fcnstler, Lehrer und Sch\u00fcler usw.<br \/>\n\u3010Magnetisches Design und hohe Pr\u00e4zision und Geschmeidigkeit\u3011 Der an der iPad pencil befestigte magnetische iPad Air Pen, kein Rollen und Verlieren mehr, tragbarer und einfacher zu halten.Der Stiftstift bietet hohe Pr\u00e4zision und Genauigkeit beim Schreiben und Malen.1.5 mm Durchmesser speziell f\u00fcr Profis, die mehr Genauigkeit beim Zeichnen und Malen f\u00fcr ihre Designarbeit mit dem Smart iPad ben\u00f6tigen.<br \/>\n\u3010After-Sales-Service\u3011 Unser Tablet-Stylus unterst\u00fctzt eine sorgenfreie Garantie, 30 Tage kostenlose R\u00fcckgabe, 6 Monate Ersatz\/Erstattung f\u00fcr defekte Artikel des Herstellers. Wenn Sie nach Erhalt des Produkts Probleme haben, k\u00f6nnen Sie uns kontaktieren Kundenservice innerhalb von 24 Stunden.<br \/>\n\u3010Erw\u00e4rmungstipp\u3011\u2460Der Zeichenstift unterst\u00fctzt keine Handfl\u00e4chenabweisung, die H\u00e4nde ber\u00fchren den Bildschirm nicht.\u2461Wenn Ihr Telefon oder Tablet jemals mit dem Apple Pencil \u00fcber eine Bluetooth-Verbindung verwendet wurde, die verhindert, dass ein anderer Stift mit dem Touchscreen funktioniert, vergessen Sie bitte den Apple Pencil auf Bluetooth und schalten Sie Bluetooth aus.<br \/>\n<div class=\"main-cross-sell\" data-asin=\"B0BMLF56J4\">\n\n\t<div class=\"WooZone-cross-sell-loader\">\n\t\t<div>\n\t\t\t<div id=\"floatingBarsG\">\n\t\t\t\t<div class=\"blockG\" id=\"rotateG_01\"><\/div>\n\t\t\t\t<div class=\"blockG\" id=\"rotateG_02\"><\/div>\n\t\t\t\t<div class=\"blockG\" id=\"rotateG_03\"><\/div>\n\t\t\t\t<div class=\"blockG\" id=\"rotateG_04\"><\/div>\n\t\t\t\t<div class=\"blockG\" id=\"rotateG_05\"><\/div>\n\t\t\t\t<div class=\"blockG\" id=\"rotateG_06\"><\/div>\n\t\t\t\t<div class=\"blockG\" id=\"rotateG_07\"><\/div>\n\t\t\t\t<div class=\"blockG\" id=\"rotateG_08\"><\/div>\n\t\t\t<\/div>\n\t\t\t<div class=\"WooZone-cross-sell-loader-text\"><\/div>\n\t\t<\/div>\n\t<\/div>\n\n\t\t\n<\/div>\n<div style=\"clear:both;\"><\/div><\/p>\n","protected":false},"excerpt":{"rendered":"<p>\u3010\u00dcber den iPad-Stift\u3011 Dieses Apple pen-Design mit 16,5 cm L\u00e4nge, 16,8 g Gewicht und 1,5 mm Spitze f\u00fcr reibungsloses Schreiben und Zeichnen.Bester Stylus f\u00fcr K\u00fcnstler, Lehrer und Sch\u00fcler usw. Dar\u00fcber hinaus enth\u00e4lt dieser Apple-Stift 2 Ersatzspitzen, die erheblich sind Verl\u00e4ngern Sie die Lebensdauer des Eingabestifts.<br \/>\n\u3010Weitgehend kompatibel\u3011 Unser wiederaufladbarer iPad Pro pencil ist speziell f\u00fcr die meisten Touchscreens konzipiert.Er ist kompatibel mit den meisten Touch-Modellen von Apple iPad, Samsung Smartpad-Serie, Android-Tablets und auch f\u00fcr iPhone 6\/6plus, iPhone 7, 7plus, iPhone 8, iPhoneXr\/Xs, iPad\/iPad 2, neues iPad 3\/4, iPad Pro, iPad\/Mini 2\/3\/4 und andere beliebte Tablets, Smartphones HINWEIS&#8211;Auf Laptops mit kann es zu Reaktionsverz\u00f6gerungen und Inkompatibilit\u00e4ten kommen Windows-System.<br \/>\n\u3010Schnellladung und Warnung bei niedrigem Batteriestand\u3011 Der Tablet-Stift wird mit dem neuesten Typ-C-Schnellladekabel aufgeladen, der Ladeeingang betr\u00e4gt 5 V und ist in 60-80 Minuten vollst\u00e4ndig aufgeladen.Der eingebaute Akku des iPhone-Stifts bietet &#8211; 18-20 Stunden aktive Nutzung Die Batterie ist schwach \u2013 das BLINK RED, Sie m\u00fcssen nicht raten, wann die Batterie leer ist!Es kann auch als originelles Geschenk f\u00fcr Ihre Familie\/Freunde um Sie herum verwendet werden, die gerne kreativ sind.<\/p>\n","protected":false},"featured_media":183264,"comment_status":"open","ping_status":"closed","template":"","meta":[],"product_brand":[],"product_cat":[863],"product_tag":[],"class_list":{"0":"post-183263","1":"product","2":"type-product","3":"status-publish","4":"has-post-thumbnail","6":"product_cat-computer-zubehoer","7":"pa_binding-personal-computers","8":"pa_brand-kenkor","9":"pa_manufacturer-kenkor","10":"pa_model-1st-new-pen-w","11":"pa_warranty-1-year","13":"first","14":"instock","15":"shipping-taxable","16":"purchasable","17":"product-type-simple","18":"customify-col","19":"product-has-gallery"},"yoast_head":"<!-- This site is optimized with the Yoast SEO plugin v27.4 - https:\/\/yoast.com\/product\/yoast-seo-wordpress\/ -->\n<title>Stylus Stift f\u00fcr Touch Screens mit magnetischem Design, Kenkor Stylus POM 1,5 mm Feder f\u00fcr Android iOS Stylus Pen -iPad\u2026 - Markt-XXL<\/title>\n<meta name=\"description\" content=\"Markt-XXL Stylus Stift f\u00fcr Touch Screens mit magnetischem Design, Kenkor Stylus POM 1,5 mm Feder f\u00fcr Android iOS Stylus Pen -iPad\u2026\" \/>\n<meta name=\"robots\" content=\"index, follow, max-snippet:-1, max-image-preview:large, max-video-preview:-1\" \/>\n<link rel=\"canonical\" href=\"https:\/\/marktxxl.de\/markt\/produkt\/stylus-stift-fuer-touch-screens-mit-magnetischem-design-kenkor-stylus-pom-15-mm-feder-fuer-android-ios-stylus-pen-ipad-pro-air-mini-iphone-huawei-samsung-smartphones-und-tablets-geraete\/\" \/>\n<meta property=\"og:locale\" content=\"de_DE\" \/>\n<meta property=\"og:type\" content=\"article\" \/>\n<meta property=\"og:title\" content=\"Stylus Stift f\u00fcr Touch Screens mit magnetischem Design, Kenkor Stylus POM 1,5 mm Feder f\u00fcr Android iOS Stylus Pen -iPad\u2026 - Markt-XXL\" \/>\n<meta property=\"og:description\" content=\"Markt-XXL Stylus Stift f\u00fcr Touch Screens mit magnetischem Design, Kenkor Stylus POM 1,5 mm Feder f\u00fcr Android iOS Stylus Pen -iPad\u2026\" \/>\n<meta property=\"og:url\" content=\"https:\/\/marktxxl.de\/markt\/produkt\/stylus-stift-fuer-touch-screens-mit-magnetischem-design-kenkor-stylus-pom-15-mm-feder-fuer-android-ios-stylus-pen-ipad-pro-air-mini-iphone-huawei-samsung-smartphones-und-tablets-geraete\/\" \/>\n<meta property=\"og:site_name\" content=\"Markt-XXL\" \/>\n<meta property=\"article:modified_time\" content=\"2023-04-09T02:57:18+00:00\" \/>\n<meta property=\"og:image\" content=\"https:\/\/m.media-amazon.com\/images\/I\/415B-YdY1iL._SL500_.jpg\" \/>\n\t<meta property=\"og:image:width\" content=\"406\" \/>\n\t<meta property=\"og:image:height\" content=\"500\" \/>\n\t<meta property=\"og:image:type\" content=\"image\/jpeg\" \/>\n<meta name=\"twitter:card\" content=\"summary_large_image\" \/>\n<meta name=\"twitter:label1\" content=\"Gesch\u00e4tzte Lesezeit\" \/>\n\t<meta name=\"twitter:data1\" content=\"2\u00a0Minuten\" \/>\n<script type=\"application\/ld+json\" class=\"yoast-schema-graph\">{\"@context\":\"https:\\\/\\\/schema.org\",\"@graph\":[{\"@type\":\"WebPage\",\"@id\":\"https:\\\/\\\/marktxxl.de\\\/markt\\\/produkt\\\/stylus-stift-fuer-touch-screens-mit-magnetischem-design-kenkor-stylus-pom-15-mm-feder-fuer-android-ios-stylus-pen-ipad-pro-air-mini-iphone-huawei-samsung-smartphones-und-tablets-geraete\\\/\",\"url\":\"https:\\\/\\\/marktxxl.de\\\/markt\\\/produkt\\\/stylus-stift-fuer-touch-screens-mit-magnetischem-design-kenkor-stylus-pom-15-mm-feder-fuer-android-ios-stylus-pen-ipad-pro-air-mini-iphone-huawei-samsung-smartphones-und-tablets-geraete\\\/\",\"name\":\"Stylus Stift f\u00fcr Touch Screens mit magnetischem Design, Kenkor Stylus POM 1,5 mm Feder f\u00fcr Android iOS Stylus Pen -iPad\u2026 - Markt-XXL\",\"isPartOf\":{\"@id\":\"https:\\\/\\\/marktxxl.de\\\/markt\\\/#website\"},\"primaryImageOfPage\":{\"@id\":\"https:\\\/\\\/marktxxl.de\\\/markt\\\/produkt\\\/stylus-stift-fuer-touch-screens-mit-magnetischem-design-kenkor-stylus-pom-15-mm-feder-fuer-android-ios-stylus-pen-ipad-pro-air-mini-iphone-huawei-samsung-smartphones-und-tablets-geraete\\\/#primaryimage\"},\"image\":{\"@id\":\"https:\\\/\\\/marktxxl.de\\\/markt\\\/produkt\\\/stylus-stift-fuer-touch-screens-mit-magnetischem-design-kenkor-stylus-pom-15-mm-feder-fuer-android-ios-stylus-pen-ipad-pro-air-mini-iphone-huawei-samsung-smartphones-und-tablets-geraete\\\/#primaryimage\"},\"thumbnailUrl\":\"https:\\\/\\\/m.media-amazon.com\\\/images\\\/I\\\/415B-YdY1iL._SL500_.jpg\",\"datePublished\":\"2023-01-10T08:56:53+00:00\",\"dateModified\":\"2023-04-09T02:57:18+00:00\",\"description\":\"Markt-XXL Stylus Stift f\u00fcr Touch Screens mit magnetischem Design, Kenkor Stylus POM 1,5 mm Feder f\u00fcr Android iOS Stylus Pen -iPad\u2026\",\"breadcrumb\":{\"@id\":\"https:\\\/\\\/marktxxl.de\\\/markt\\\/produkt\\\/stylus-stift-fuer-touch-screens-mit-magnetischem-design-kenkor-stylus-pom-15-mm-feder-fuer-android-ios-stylus-pen-ipad-pro-air-mini-iphone-huawei-samsung-smartphones-und-tablets-geraete\\\/#breadcrumb\"},\"inLanguage\":\"de\",\"potentialAction\":[{\"@type\":\"ReadAction\",\"target\":[\"https:\\\/\\\/marktxxl.de\\\/markt\\\/produkt\\\/stylus-stift-fuer-touch-screens-mit-magnetischem-design-kenkor-stylus-pom-15-mm-feder-fuer-android-ios-stylus-pen-ipad-pro-air-mini-iphone-huawei-samsung-smartphones-und-tablets-geraete\\\/\"]}]},{\"@type\":\"ImageObject\",\"inLanguage\":\"de\",\"@id\":\"https:\\\/\\\/marktxxl.de\\\/markt\\\/produkt\\\/stylus-stift-fuer-touch-screens-mit-magnetischem-design-kenkor-stylus-pom-15-mm-feder-fuer-android-ios-stylus-pen-ipad-pro-air-mini-iphone-huawei-samsung-smartphones-und-tablets-geraete\\\/#primaryimage\",\"url\":\"https:\\\/\\\/m.media-amazon.com\\\/images\\\/I\\\/415B-YdY1iL._SL500_.jpg\",\"contentUrl\":\"https:\\\/\\\/m.media-amazon.com\\\/images\\\/I\\\/415B-YdY1iL._SL500_.jpg\",\"width\":406,\"height\":500},{\"@type\":\"BreadcrumbList\",\"@id\":\"https:\\\/\\\/marktxxl.de\\\/markt\\\/produkt\\\/stylus-stift-fuer-touch-screens-mit-magnetischem-design-kenkor-stylus-pom-15-mm-feder-fuer-android-ios-stylus-pen-ipad-pro-air-mini-iphone-huawei-samsung-smartphones-und-tablets-geraete\\\/#breadcrumb\",\"itemListElement\":[{\"@type\":\"ListItem\",\"position\":1,\"name\":\"Startseite\",\"item\":\"https:\\\/\\\/marktxxl.de\\\/markt\\\/\"},{\"@type\":\"ListItem\",\"position\":2,\"name\":\"Markt\",\"item\":\"https:\\\/\\\/marktxxl.de\\\/markt\\\/\"},{\"@type\":\"ListItem\",\"position\":3,\"name\":\"Stylus Stift f\u00fcr Touch Screens mit magnetischem Design, Kenkor Stylus POM 1,5 mm Feder f\u00fcr Android iOS Stylus Pen -iPad\u2026\"}]},{\"@type\":\"WebSite\",\"@id\":\"https:\\\/\\\/marktxxl.de\\\/markt\\\/#website\",\"url\":\"https:\\\/\\\/marktxxl.de\\\/markt\\\/\",\"name\":\"Markt-XXL\",\"description\":\"Ihr Markt Online\",\"publisher\":{\"@id\":\"https:\\\/\\\/marktxxl.de\\\/markt\\\/#organization\"},\"potentialAction\":[{\"@type\":\"SearchAction\",\"target\":{\"@type\":\"EntryPoint\",\"urlTemplate\":\"https:\\\/\\\/marktxxl.de\\\/markt\\\/?s={search_term_string}\"},\"query-input\":{\"@type\":\"PropertyValueSpecification\",\"valueRequired\":true,\"valueName\":\"search_term_string\"}}],\"inLanguage\":\"de\"},{\"@type\":\"Organization\",\"@id\":\"https:\\\/\\\/marktxxl.de\\\/markt\\\/#organization\",\"name\":\"Markt-XXL\",\"url\":\"https:\\\/\\\/marktxxl.de\\\/markt\\\/\",\"logo\":{\"@type\":\"ImageObject\",\"inLanguage\":\"de\",\"@id\":\"https:\\\/\\\/marktxxl.de\\\/markt\\\/#\\\/schema\\\/logo\\\/image\\\/\",\"url\":\"https:\\\/\\\/marktxxl.de\\\/markt\\\/wp-content\\\/uploads\\\/sites\\\/3\\\/2020\\\/12\\\/logo.png\",\"contentUrl\":\"https:\\\/\\\/marktxxl.de\\\/markt\\\/wp-content\\\/uploads\\\/sites\\\/3\\\/2020\\\/12\\\/logo.png\",\"width\":200,\"height\":70,\"caption\":\"Markt-XXL\"},\"image\":{\"@id\":\"https:\\\/\\\/marktxxl.de\\\/markt\\\/#\\\/schema\\\/logo\\\/image\\\/\"}}]}<\/script>\n<!-- \/ Yoast SEO plugin. -->","yoast_head_json":{"title":"Stylus Stift f\u00fcr Touch Screens mit magnetischem Design, Kenkor Stylus POM 1,5 mm Feder f\u00fcr Android iOS Stylus Pen -iPad\u2026 - Markt-XXL","description":"Markt-XXL Stylus Stift f\u00fcr Touch Screens mit magnetischem Design, Kenkor Stylus POM 1,5 mm Feder f\u00fcr Android iOS Stylus Pen -iPad\u2026","robots":{"index":"index","follow":"follow","max-snippet":"max-snippet:-1","max-image-preview":"max-image-preview:large","max-video-preview":"max-video-preview:-1"},"canonical":"https:\/\/marktxxl.de\/markt\/produkt\/stylus-stift-fuer-touch-screens-mit-magnetischem-design-kenkor-stylus-pom-15-mm-feder-fuer-android-ios-stylus-pen-ipad-pro-air-mini-iphone-huawei-samsung-smartphones-und-tablets-geraete\/","og_locale":"de_DE","og_type":"article","og_title":"Stylus Stift f\u00fcr Touch Screens mit magnetischem Design, Kenkor Stylus POM 1,5 mm Feder f\u00fcr Android iOS Stylus Pen -iPad\u2026 - Markt-XXL","og_description":"Markt-XXL Stylus Stift f\u00fcr Touch Screens mit magnetischem Design, Kenkor Stylus POM 1,5 mm Feder f\u00fcr Android iOS Stylus Pen -iPad\u2026","og_url":"https:\/\/marktxxl.de\/markt\/produkt\/stylus-stift-fuer-touch-screens-mit-magnetischem-design-kenkor-stylus-pom-15-mm-feder-fuer-android-ios-stylus-pen-ipad-pro-air-mini-iphone-huawei-samsung-smartphones-und-tablets-geraete\/","og_site_name":"Markt-XXL","article_modified_time":"2023-04-09T02:57:18+00:00","og_image":[{"width":406,"height":500,"url":"https:\/\/m.media-amazon.com\/images\/I\/415B-YdY1iL._SL500_.jpg","type":"image\/jpeg"}],"twitter_card":"summary_large_image","twitter_misc":{"Gesch\u00e4tzte Lesezeit":"2\u00a0Minuten"},"schema":{"@context":"https:\/\/schema.org","@graph":[{"@type":"WebPage","@id":"https:\/\/marktxxl.de\/markt\/produkt\/stylus-stift-fuer-touch-screens-mit-magnetischem-design-kenkor-stylus-pom-15-mm-feder-fuer-android-ios-stylus-pen-ipad-pro-air-mini-iphone-huawei-samsung-smartphones-und-tablets-geraete\/","url":"https:\/\/marktxxl.de\/markt\/produkt\/stylus-stift-fuer-touch-screens-mit-magnetischem-design-kenkor-stylus-pom-15-mm-feder-fuer-android-ios-stylus-pen-ipad-pro-air-mini-iphone-huawei-samsung-smartphones-und-tablets-geraete\/","name":"Stylus Stift f\u00fcr Touch Screens mit magnetischem Design, Kenkor Stylus POM 1,5 mm Feder f\u00fcr Android iOS Stylus Pen -iPad\u2026 - Markt-XXL","isPartOf":{"@id":"https:\/\/marktxxl.de\/markt\/#website"},"primaryImageOfPage":{"@id":"https:\/\/marktxxl.de\/markt\/produkt\/stylus-stift-fuer-touch-screens-mit-magnetischem-design-kenkor-stylus-pom-15-mm-feder-fuer-android-ios-stylus-pen-ipad-pro-air-mini-iphone-huawei-samsung-smartphones-und-tablets-geraete\/#primaryimage"},"image":{"@id":"https:\/\/marktxxl.de\/markt\/produkt\/stylus-stift-fuer-touch-screens-mit-magnetischem-design-kenkor-stylus-pom-15-mm-feder-fuer-android-ios-stylus-pen-ipad-pro-air-mini-iphone-huawei-samsung-smartphones-und-tablets-geraete\/#primaryimage"},"thumbnailUrl":"https:\/\/m.media-amazon.com\/images\/I\/415B-YdY1iL._SL500_.jpg","datePublished":"2023-01-10T08:56:53+00:00","dateModified":"2023-04-09T02:57:18+00:00","description":"Markt-XXL Stylus Stift f\u00fcr Touch Screens mit magnetischem Design, Kenkor Stylus POM 1,5 mm Feder f\u00fcr Android iOS Stylus Pen -iPad\u2026","breadcrumb":{"@id":"https:\/\/marktxxl.de\/markt\/produkt\/stylus-stift-fuer-touch-screens-mit-magnetischem-design-kenkor-stylus-pom-15-mm-feder-fuer-android-ios-stylus-pen-ipad-pro-air-mini-iphone-huawei-samsung-smartphones-und-tablets-geraete\/#breadcrumb"},"inLanguage":"de","potentialAction":[{"@type":"ReadAction","target":["https:\/\/marktxxl.de\/markt\/produkt\/stylus-stift-fuer-touch-screens-mit-magnetischem-design-kenkor-stylus-pom-15-mm-feder-fuer-android-ios-stylus-pen-ipad-pro-air-mini-iphone-huawei-samsung-smartphones-und-tablets-geraete\/"]}]},{"@type":"ImageObject","inLanguage":"de","@id":"https:\/\/marktxxl.de\/markt\/produkt\/stylus-stift-fuer-touch-screens-mit-magnetischem-design-kenkor-stylus-pom-15-mm-feder-fuer-android-ios-stylus-pen-ipad-pro-air-mini-iphone-huawei-samsung-smartphones-und-tablets-geraete\/#primaryimage","url":"https:\/\/m.media-amazon.com\/images\/I\/415B-YdY1iL._SL500_.jpg","contentUrl":"https:\/\/m.media-amazon.com\/images\/I\/415B-YdY1iL._SL500_.jpg","width":406,"height":500},{"@type":"BreadcrumbList","@id":"https:\/\/marktxxl.de\/markt\/produkt\/stylus-stift-fuer-touch-screens-mit-magnetischem-design-kenkor-stylus-pom-15-mm-feder-fuer-android-ios-stylus-pen-ipad-pro-air-mini-iphone-huawei-samsung-smartphones-und-tablets-geraete\/#breadcrumb","itemListElement":[{"@type":"ListItem","position":1,"name":"Startseite","item":"https:\/\/marktxxl.de\/markt\/"},{"@type":"ListItem","position":2,"name":"Markt","item":"https:\/\/marktxxl.de\/markt\/"},{"@type":"ListItem","position":3,"name":"Stylus Stift f\u00fcr Touch Screens mit magnetischem Design, Kenkor Stylus POM 1,5 mm Feder f\u00fcr Android iOS Stylus Pen -iPad\u2026"}]},{"@type":"WebSite","@id":"https:\/\/marktxxl.de\/markt\/#website","url":"https:\/\/marktxxl.de\/markt\/","name":"Markt-XXL","description":"Ihr Markt Online","publisher":{"@id":"https:\/\/marktxxl.de\/markt\/#organization"},"potentialAction":[{"@type":"SearchAction","target":{"@type":"EntryPoint","urlTemplate":"https:\/\/marktxxl.de\/markt\/?s={search_term_string}"},"query-input":{"@type":"PropertyValueSpecification","valueRequired":true,"valueName":"search_term_string"}}],"inLanguage":"de"},{"@type":"Organization","@id":"https:\/\/marktxxl.de\/markt\/#organization","name":"Markt-XXL","url":"https:\/\/marktxxl.de\/markt\/","logo":{"@type":"ImageObject","inLanguage":"de","@id":"https:\/\/marktxxl.de\/markt\/#\/schema\/logo\/image\/","url":"https:\/\/marktxxl.de\/markt\/wp-content\/uploads\/sites\/3\/2020\/12\/logo.png","contentUrl":"https:\/\/marktxxl.de\/markt\/wp-content\/uploads\/sites\/3\/2020\/12\/logo.png","width":200,"height":70,"caption":"Markt-XXL"},"image":{"@id":"https:\/\/marktxxl.de\/markt\/#\/schema\/logo\/image\/"}}]}},"_links":{"self":[{"href":"https:\/\/marktxxl.de\/markt\/wp-json\/wp\/v2\/product\/183263","targetHints":{"allow":["GET"]}}],"collection":[{"href":"https:\/\/marktxxl.de\/markt\/wp-json\/wp\/v2\/product"}],"about":[{"href":"https:\/\/marktxxl.de\/markt\/wp-json\/wp\/v2\/types\/product"}],"replies":[{"embeddable":true,"href":"https:\/\/marktxxl.de\/markt\/wp-json\/wp\/v2\/comments?post=183263"}],"wp:featuredmedia":[{"embeddable":true,"href":"https:\/\/marktxxl.de\/markt\/wp-json\/wp\/v2\/media\/183264"}],"wp:attachment":[{"href":"https:\/\/marktxxl.de\/markt\/wp-json\/wp\/v2\/media?parent=183263"}],"wp:term":[{"taxonomy":"product_brand","embeddable":true,"href":"https:\/\/marktxxl.de\/markt\/wp-json\/wp\/v2\/product_brand?post=183263"},{"taxonomy":"product_cat","embeddable":true,"href":"https:\/\/marktxxl.de\/markt\/wp-json\/wp\/v2\/product_cat?post=183263"},{"taxonomy":"product_tag","embeddable":true,"href":"https:\/\/marktxxl.de\/markt\/wp-json\/wp\/v2\/product_tag?post=183263"}],"curies":[{"name":"wp","href":"https:\/\/api.w.org\/{rel}","templated":true}]}}