{"id":183220,"date":"2023-01-10T09:55:52","date_gmt":"2023-01-10T08:55:52","guid":{"rendered":"https:\/\/marktxxl.de\/markt\/produkt\/kbcase-stylus-stift-fuer-ipad-10-handflaechenabweisender-stift-mit-neigungsfunktion-fuer-ipad-pro-11-12-9-ipad-air-3-4-5-mit-5-ersatznibs\/"},"modified":"2023-04-09T04:57:17","modified_gmt":"2023-04-09T02:57:17","slug":"kbcase-stylus-stift-fuer-ipad-10-handflaechenabweisender-stift-mit-neigungsfunktion-fuer-ipad-pro-11-12-9-ipad-air-3-4-5-mit-5-ersatznibs","status":"publish","type":"product","link":"https:\/\/marktxxl.de\/markt\/produkt\/kbcase-stylus-stift-fuer-ipad-10-handflaechenabweisender-stift-mit-neigungsfunktion-fuer-ipad-pro-11-12-9-ipad-air-3-4-5-mit-5-ersatznibs\/","title":{"rendered":"KBCASE Stylus Stift f\u00fcr iPad 10\/9\/8\/7\/6 Generazione,Eingabestifte Apple Pen f\u00fcr iPad Mini 5\/6,Handfl\u00e4chenabweisender\u2026"},"content":{"rendered":"<p>\u3010Breite Kompatibilit\u00e4t\u3011Kompatibel mit iPad 10 generazione(A2757\/A2777\/A2696) , iPad 9th(A2602\/A2604\/A2603\/A2605), iPad 8th( A2270\/A2428\/A2429\/A2430), iPad 7th (A2197\/A2200\/A2198), iPad 6th Gen(A1893\/A1954), iPad Mini 6 (A2567\/A2568\/A2569), iPad mini 5(A2133\/A2124\/A2126\/A2125), iPad Pro 12.9 5th( A2378\/A2461\/A2379\/A2462), iPad Pro 12.9 4th(A2229\/A2069\/A2232\/A2233), iPad Pro 12.9 3th( A1876\/A2014\/A1895\/A1983), iPad Pro 11 3nd\/2rd, iPad Air 3 (A2152\/A2123\/A2153\/A2154), iPad Air 4(A2316\/A2324\/A2325\/A2072), iPad Air 5(A2588\/A2589\/A2591). \u3010Note: Nur kompatibel mit iPad, nicht kompatibel mit Android und iPhone, nicht kompatibel mit iPad-Modellen vor 2018\u3011<br \/>\n\u3010Handfl\u00e4chenabweisung\u3011 Der verbesserte, mit dem iPad kompatible Stylus Pencil mit Handfl\u00e4chenabweisungs-Technologie erm\u00f6glicht es Ihnen, Ihre Hand bequem auf dem iPad-Bildschirm abzulegen, ohne Handschuhe zu tragen, und erleichtert das Zeichnen, Schreiben und Skizzieren. Keine versehentlichen Ber\u00fchrungen mehr.<br \/>\n\u3010Langlebige Batterie-Lebensdauer\u3011Der digitale Tablet-Stift ben\u00f6tigt kein Bluetooth oder APP, einen Schl\u00fcsselschalter. 1,5 Stunden Ladezeit, 30 Stunden intermittierender Betrieb, 12 Stunden Dauerbetrieb und 30 Tage Standby. Au\u00dferdem schaltet sich der Stift nach 5 Minuten Inaktivit\u00e4t automatisch ab, um Strom zu sparen und die Akkulaufzeit zu verl\u00e4ngern.<br \/>\n\u3010Neigungssensibilit\u00e4t und hohe Pr\u00e4zision\u3011 Der Stift f\u00fcr iPad ist mit einer 1,5-mm-POM-Spitze ausgestattet, sodass er eine hohe Genauigkeit, schnelles Schreiben ohne Verz\u00f6gerung und ohne Rauschen aufweist. Mit der neuen Kippfunktion, je gr\u00f6\u00dfer der Kippbereich des Stiftes, desto dicker die Linie. So ist er sehr gut zum Zeichnen geeignet. Ideal auch zum Markieren, Unterschreiben und Beschriften von Dokumenten.<br \/>\n\u3010Magnetische Befestigung\u3011Stylus-Stift mit magnetischer Adsorptionsfunktion , kann es auf dem Tablet wie dem urspr\u00fcnglichen Bleistift adsorbiert werden, indem er ihn leicht einsetzt.Ausgestattet mit Typ-C-Ladekabel f\u00fcr ein bequemes Aufladen. Das Paket enth\u00e4lt: 1*Stylus Stift, 5* Extra austauschbare Federn, 1*USB Typ-C Ladekabel, 1*Benutzerhandbuch.<br \/>\n<div class=\"main-cross-sell\" data-asin=\"B09Z7ZKFM1\">\n\n\t<div class=\"WooZone-cross-sell-loader\">\n\t\t<div>\n\t\t\t<div id=\"floatingBarsG\">\n\t\t\t\t<div class=\"blockG\" id=\"rotateG_01\"><\/div>\n\t\t\t\t<div class=\"blockG\" id=\"rotateG_02\"><\/div>\n\t\t\t\t<div class=\"blockG\" id=\"rotateG_03\"><\/div>\n\t\t\t\t<div class=\"blockG\" id=\"rotateG_04\"><\/div>\n\t\t\t\t<div class=\"blockG\" id=\"rotateG_05\"><\/div>\n\t\t\t\t<div class=\"blockG\" id=\"rotateG_06\"><\/div>\n\t\t\t\t<div class=\"blockG\" id=\"rotateG_07\"><\/div>\n\t\t\t\t<div class=\"blockG\" id=\"rotateG_08\"><\/div>\n\t\t\t<\/div>\n\t\t\t<div class=\"WooZone-cross-sell-loader-text\"><\/div>\n\t\t<\/div>\n\t<\/div>\n\n\t\t\n<\/div>\n<div style=\"clear:both;\"><\/div><\/p>\n","protected":false},"excerpt":{"rendered":"<p>\u3010Breite Kompatibilit\u00e4t\u3011Kompatibel mit iPad 10 generazione(A2757\/A2777\/A2696) , iPad 9th(A2602\/A2604\/A2603\/A2605), iPad 8th( A2270\/A2428\/A2429\/A2430), iPad 7th (A2197\/A2200\/A2198), iPad 6th Gen(A1893\/A1954), iPad Mini 6 (A2567\/A2568\/A2569), iPad mini 5(A2133\/A2124\/A2126\/A2125), iPad Pro 12.9 5th( A2378\/A2461\/A2379\/A2462), iPad Pro 12.9 4th(A2229\/A2069\/A2232\/A2233), iPad Pro 12.9 3th( A1876\/A2014\/A1895\/A1983), iPad Pro 11 3nd\/2rd, iPad Air 3 (A2152\/A2123\/A2153\/A2154), iPad Air 4(A2316\/A2324\/A2325\/A2072), iPad Air 5(A2588\/A2589\/A2591). \u3010Note: Nur kompatibel mit iPad, nicht kompatibel mit Android und iPhone, nicht kompatibel mit iPad-Modellen vor 2018\u3011<br \/>\n\u3010Handfl\u00e4chenabweisung\u3011 Der verbesserte, mit dem iPad kompatible Stylus Pencil mit Handfl\u00e4chenabweisungs-Technologie erm\u00f6glicht es Ihnen, Ihre Hand bequem auf dem iPad-Bildschirm abzulegen, ohne Handschuhe zu tragen, und erleichtert das Zeichnen, Schreiben und Skizzieren. Keine versehentlichen Ber\u00fchrungen mehr.<br \/>\n\u3010Langlebige Batterie-Lebensdauer\u3011Der digitale Tablet-Stift ben\u00f6tigt kein Bluetooth oder APP, einen Schl\u00fcsselschalter. 1,5 Stunden Ladezeit, 30 Stunden intermittierender Betrieb, 12 Stunden Dauerbetrieb und 30 Tage Standby. Au\u00dferdem schaltet sich der Stift nach 5 Minuten Inaktivit\u00e4t automatisch ab, um Strom zu sparen und die Akkulaufzeit zu verl\u00e4ngern.<\/p>\n","protected":false},"featured_media":183221,"comment_status":"open","ping_status":"closed","template":"","meta":[],"product_brand":[],"product_cat":[863],"product_tag":[],"class_list":{"0":"post-183220","1":"product","2":"type-product","3":"status-publish","4":"has-post-thumbnail","6":"product_cat-computer-zubehoer","7":"pa_brand-kbcase","8":"pa_manufacturer-kbcase","9":"pa_warranty-1013","11":"first","12":"instock","13":"shipping-taxable","14":"purchasable","15":"product-type-simple","16":"customify-col","17":"product-has-gallery"},"yoast_head":"<!-- This site is optimized with the Yoast SEO plugin v27.3 - https:\/\/yoast.com\/product\/yoast-seo-wordpress\/ -->\n<title>KBCASE Stylus Stift f\u00fcr iPad 10\/9\/8\/7\/6 Generazione,Eingabestifte Apple Pen f\u00fcr iPad Mini 5\/6,Handfl\u00e4chenabweisender\u2026 - Markt-XXL<\/title>\n<meta name=\"description\" content=\"Markt-XXL KBCASE Stylus Stift f\u00fcr iPad 10\/9\/8\/7\/6 Generazione,Eingabestifte Apple Pen f\u00fcr iPad Mini 5\/6,Handfl\u00e4chenabweisender\u2026\" \/>\n<meta name=\"robots\" content=\"index, follow, max-snippet:-1, max-image-preview:large, max-video-preview:-1\" \/>\n<link rel=\"canonical\" href=\"https:\/\/marktxxl.de\/markt\/produkt\/kbcase-stylus-stift-fuer-ipad-10-handflaechenabweisender-stift-mit-neigungsfunktion-fuer-ipad-pro-11-12-9-ipad-air-3-4-5-mit-5-ersatznibs\/\" \/>\n<meta property=\"og:locale\" content=\"de_DE\" \/>\n<meta property=\"og:type\" content=\"article\" \/>\n<meta property=\"og:title\" content=\"KBCASE Stylus Stift f\u00fcr iPad 10\/9\/8\/7\/6 Generazione,Eingabestifte Apple Pen f\u00fcr iPad Mini 5\/6,Handfl\u00e4chenabweisender\u2026 - Markt-XXL\" \/>\n<meta property=\"og:description\" content=\"Markt-XXL KBCASE Stylus Stift f\u00fcr iPad 10\/9\/8\/7\/6 Generazione,Eingabestifte Apple Pen f\u00fcr iPad Mini 5\/6,Handfl\u00e4chenabweisender\u2026\" \/>\n<meta property=\"og:url\" content=\"https:\/\/marktxxl.de\/markt\/produkt\/kbcase-stylus-stift-fuer-ipad-10-handflaechenabweisender-stift-mit-neigungsfunktion-fuer-ipad-pro-11-12-9-ipad-air-3-4-5-mit-5-ersatznibs\/\" \/>\n<meta property=\"og:site_name\" content=\"Markt-XXL\" \/>\n<meta property=\"article:modified_time\" content=\"2023-04-09T02:57:17+00:00\" \/>\n<meta property=\"og:image\" content=\"https:\/\/m.media-amazon.com\/images\/I\/41nKIbb1VkL._SL500_.jpg\" \/>\n\t<meta property=\"og:image:width\" content=\"466\" \/>\n\t<meta property=\"og:image:height\" content=\"500\" \/>\n\t<meta property=\"og:image:type\" content=\"image\/jpeg\" \/>\n<meta name=\"twitter:card\" content=\"summary_large_image\" \/>\n<meta name=\"twitter:label1\" content=\"Gesch\u00e4tzte Lesezeit\" \/>\n\t<meta name=\"twitter:data1\" content=\"2\u00a0Minuten\" \/>\n<script type=\"application\/ld+json\" class=\"yoast-schema-graph\">{\"@context\":\"https:\\\/\\\/schema.org\",\"@graph\":[{\"@type\":\"WebPage\",\"@id\":\"https:\\\/\\\/marktxxl.de\\\/markt\\\/produkt\\\/kbcase-stylus-stift-fuer-ipad-10-handflaechenabweisender-stift-mit-neigungsfunktion-fuer-ipad-pro-11-12-9-ipad-air-3-4-5-mit-5-ersatznibs\\\/\",\"url\":\"https:\\\/\\\/marktxxl.de\\\/markt\\\/produkt\\\/kbcase-stylus-stift-fuer-ipad-10-handflaechenabweisender-stift-mit-neigungsfunktion-fuer-ipad-pro-11-12-9-ipad-air-3-4-5-mit-5-ersatznibs\\\/\",\"name\":\"KBCASE Stylus Stift f\u00fcr iPad 10\\\/9\\\/8\\\/7\\\/6 Generazione,Eingabestifte Apple Pen f\u00fcr iPad Mini 5\\\/6,Handfl\u00e4chenabweisender\u2026 - Markt-XXL\",\"isPartOf\":{\"@id\":\"https:\\\/\\\/marktxxl.de\\\/markt\\\/#website\"},\"primaryImageOfPage\":{\"@id\":\"https:\\\/\\\/marktxxl.de\\\/markt\\\/produkt\\\/kbcase-stylus-stift-fuer-ipad-10-handflaechenabweisender-stift-mit-neigungsfunktion-fuer-ipad-pro-11-12-9-ipad-air-3-4-5-mit-5-ersatznibs\\\/#primaryimage\"},\"image\":{\"@id\":\"https:\\\/\\\/marktxxl.de\\\/markt\\\/produkt\\\/kbcase-stylus-stift-fuer-ipad-10-handflaechenabweisender-stift-mit-neigungsfunktion-fuer-ipad-pro-11-12-9-ipad-air-3-4-5-mit-5-ersatznibs\\\/#primaryimage\"},\"thumbnailUrl\":\"https:\\\/\\\/m.media-amazon.com\\\/images\\\/I\\\/41nKIbb1VkL._SL500_.jpg\",\"datePublished\":\"2023-01-10T08:55:52+00:00\",\"dateModified\":\"2023-04-09T02:57:17+00:00\",\"description\":\"Markt-XXL KBCASE Stylus Stift f\u00fcr iPad 10\\\/9\\\/8\\\/7\\\/6 Generazione,Eingabestifte Apple Pen f\u00fcr iPad Mini 5\\\/6,Handfl\u00e4chenabweisender\u2026\",\"breadcrumb\":{\"@id\":\"https:\\\/\\\/marktxxl.de\\\/markt\\\/produkt\\\/kbcase-stylus-stift-fuer-ipad-10-handflaechenabweisender-stift-mit-neigungsfunktion-fuer-ipad-pro-11-12-9-ipad-air-3-4-5-mit-5-ersatznibs\\\/#breadcrumb\"},\"inLanguage\":\"de\",\"potentialAction\":[{\"@type\":\"ReadAction\",\"target\":[\"https:\\\/\\\/marktxxl.de\\\/markt\\\/produkt\\\/kbcase-stylus-stift-fuer-ipad-10-handflaechenabweisender-stift-mit-neigungsfunktion-fuer-ipad-pro-11-12-9-ipad-air-3-4-5-mit-5-ersatznibs\\\/\"]}]},{\"@type\":\"ImageObject\",\"inLanguage\":\"de\",\"@id\":\"https:\\\/\\\/marktxxl.de\\\/markt\\\/produkt\\\/kbcase-stylus-stift-fuer-ipad-10-handflaechenabweisender-stift-mit-neigungsfunktion-fuer-ipad-pro-11-12-9-ipad-air-3-4-5-mit-5-ersatznibs\\\/#primaryimage\",\"url\":\"https:\\\/\\\/m.media-amazon.com\\\/images\\\/I\\\/41nKIbb1VkL._SL500_.jpg\",\"contentUrl\":\"https:\\\/\\\/m.media-amazon.com\\\/images\\\/I\\\/41nKIbb1VkL._SL500_.jpg\",\"width\":466,\"height\":500},{\"@type\":\"BreadcrumbList\",\"@id\":\"https:\\\/\\\/marktxxl.de\\\/markt\\\/produkt\\\/kbcase-stylus-stift-fuer-ipad-10-handflaechenabweisender-stift-mit-neigungsfunktion-fuer-ipad-pro-11-12-9-ipad-air-3-4-5-mit-5-ersatznibs\\\/#breadcrumb\",\"itemListElement\":[{\"@type\":\"ListItem\",\"position\":1,\"name\":\"Startseite\",\"item\":\"https:\\\/\\\/marktxxl.de\\\/markt\\\/\"},{\"@type\":\"ListItem\",\"position\":2,\"name\":\"Markt\",\"item\":\"https:\\\/\\\/marktxxl.de\\\/markt\\\/\"},{\"@type\":\"ListItem\",\"position\":3,\"name\":\"KBCASE Stylus Stift f\u00fcr iPad 10\\\/9\\\/8\\\/7\\\/6 Generazione,Eingabestifte Apple Pen f\u00fcr iPad Mini 5\\\/6,Handfl\u00e4chenabweisender\u2026\"}]},{\"@type\":\"WebSite\",\"@id\":\"https:\\\/\\\/marktxxl.de\\\/markt\\\/#website\",\"url\":\"https:\\\/\\\/marktxxl.de\\\/markt\\\/\",\"name\":\"Markt-XXL\",\"description\":\"Ihr Markt Online\",\"publisher\":{\"@id\":\"https:\\\/\\\/marktxxl.de\\\/markt\\\/#organization\"},\"potentialAction\":[{\"@type\":\"SearchAction\",\"target\":{\"@type\":\"EntryPoint\",\"urlTemplate\":\"https:\\\/\\\/marktxxl.de\\\/markt\\\/?s={search_term_string}\"},\"query-input\":{\"@type\":\"PropertyValueSpecification\",\"valueRequired\":true,\"valueName\":\"search_term_string\"}}],\"inLanguage\":\"de\"},{\"@type\":\"Organization\",\"@id\":\"https:\\\/\\\/marktxxl.de\\\/markt\\\/#organization\",\"name\":\"Markt-XXL\",\"url\":\"https:\\\/\\\/marktxxl.de\\\/markt\\\/\",\"logo\":{\"@type\":\"ImageObject\",\"inLanguage\":\"de\",\"@id\":\"https:\\\/\\\/marktxxl.de\\\/markt\\\/#\\\/schema\\\/logo\\\/image\\\/\",\"url\":\"https:\\\/\\\/marktxxl.de\\\/markt\\\/wp-content\\\/uploads\\\/sites\\\/3\\\/2020\\\/12\\\/logo.png\",\"contentUrl\":\"https:\\\/\\\/marktxxl.de\\\/markt\\\/wp-content\\\/uploads\\\/sites\\\/3\\\/2020\\\/12\\\/logo.png\",\"width\":200,\"height\":70,\"caption\":\"Markt-XXL\"},\"image\":{\"@id\":\"https:\\\/\\\/marktxxl.de\\\/markt\\\/#\\\/schema\\\/logo\\\/image\\\/\"}}]}<\/script>\n<!-- \/ Yoast SEO plugin. -->","yoast_head_json":{"title":"KBCASE Stylus Stift f\u00fcr iPad 10\/9\/8\/7\/6 Generazione,Eingabestifte Apple Pen f\u00fcr iPad Mini 5\/6,Handfl\u00e4chenabweisender\u2026 - Markt-XXL","description":"Markt-XXL KBCASE Stylus Stift f\u00fcr iPad 10\/9\/8\/7\/6 Generazione,Eingabestifte Apple Pen f\u00fcr iPad Mini 5\/6,Handfl\u00e4chenabweisender\u2026","robots":{"index":"index","follow":"follow","max-snippet":"max-snippet:-1","max-image-preview":"max-image-preview:large","max-video-preview":"max-video-preview:-1"},"canonical":"https:\/\/marktxxl.de\/markt\/produkt\/kbcase-stylus-stift-fuer-ipad-10-handflaechenabweisender-stift-mit-neigungsfunktion-fuer-ipad-pro-11-12-9-ipad-air-3-4-5-mit-5-ersatznibs\/","og_locale":"de_DE","og_type":"article","og_title":"KBCASE Stylus Stift f\u00fcr iPad 10\/9\/8\/7\/6 Generazione,Eingabestifte Apple Pen f\u00fcr iPad Mini 5\/6,Handfl\u00e4chenabweisender\u2026 - Markt-XXL","og_description":"Markt-XXL KBCASE Stylus Stift f\u00fcr iPad 10\/9\/8\/7\/6 Generazione,Eingabestifte Apple Pen f\u00fcr iPad Mini 5\/6,Handfl\u00e4chenabweisender\u2026","og_url":"https:\/\/marktxxl.de\/markt\/produkt\/kbcase-stylus-stift-fuer-ipad-10-handflaechenabweisender-stift-mit-neigungsfunktion-fuer-ipad-pro-11-12-9-ipad-air-3-4-5-mit-5-ersatznibs\/","og_site_name":"Markt-XXL","article_modified_time":"2023-04-09T02:57:17+00:00","og_image":[{"width":466,"height":500,"url":"https:\/\/m.media-amazon.com\/images\/I\/41nKIbb1VkL._SL500_.jpg","type":"image\/jpeg"}],"twitter_card":"summary_large_image","twitter_misc":{"Gesch\u00e4tzte Lesezeit":"2\u00a0Minuten"},"schema":{"@context":"https:\/\/schema.org","@graph":[{"@type":"WebPage","@id":"https:\/\/marktxxl.de\/markt\/produkt\/kbcase-stylus-stift-fuer-ipad-10-handflaechenabweisender-stift-mit-neigungsfunktion-fuer-ipad-pro-11-12-9-ipad-air-3-4-5-mit-5-ersatznibs\/","url":"https:\/\/marktxxl.de\/markt\/produkt\/kbcase-stylus-stift-fuer-ipad-10-handflaechenabweisender-stift-mit-neigungsfunktion-fuer-ipad-pro-11-12-9-ipad-air-3-4-5-mit-5-ersatznibs\/","name":"KBCASE Stylus Stift f\u00fcr iPad 10\/9\/8\/7\/6 Generazione,Eingabestifte Apple Pen f\u00fcr iPad Mini 5\/6,Handfl\u00e4chenabweisender\u2026 - Markt-XXL","isPartOf":{"@id":"https:\/\/marktxxl.de\/markt\/#website"},"primaryImageOfPage":{"@id":"https:\/\/marktxxl.de\/markt\/produkt\/kbcase-stylus-stift-fuer-ipad-10-handflaechenabweisender-stift-mit-neigungsfunktion-fuer-ipad-pro-11-12-9-ipad-air-3-4-5-mit-5-ersatznibs\/#primaryimage"},"image":{"@id":"https:\/\/marktxxl.de\/markt\/produkt\/kbcase-stylus-stift-fuer-ipad-10-handflaechenabweisender-stift-mit-neigungsfunktion-fuer-ipad-pro-11-12-9-ipad-air-3-4-5-mit-5-ersatznibs\/#primaryimage"},"thumbnailUrl":"https:\/\/m.media-amazon.com\/images\/I\/41nKIbb1VkL._SL500_.jpg","datePublished":"2023-01-10T08:55:52+00:00","dateModified":"2023-04-09T02:57:17+00:00","description":"Markt-XXL KBCASE Stylus Stift f\u00fcr iPad 10\/9\/8\/7\/6 Generazione,Eingabestifte Apple Pen f\u00fcr iPad Mini 5\/6,Handfl\u00e4chenabweisender\u2026","breadcrumb":{"@id":"https:\/\/marktxxl.de\/markt\/produkt\/kbcase-stylus-stift-fuer-ipad-10-handflaechenabweisender-stift-mit-neigungsfunktion-fuer-ipad-pro-11-12-9-ipad-air-3-4-5-mit-5-ersatznibs\/#breadcrumb"},"inLanguage":"de","potentialAction":[{"@type":"ReadAction","target":["https:\/\/marktxxl.de\/markt\/produkt\/kbcase-stylus-stift-fuer-ipad-10-handflaechenabweisender-stift-mit-neigungsfunktion-fuer-ipad-pro-11-12-9-ipad-air-3-4-5-mit-5-ersatznibs\/"]}]},{"@type":"ImageObject","inLanguage":"de","@id":"https:\/\/marktxxl.de\/markt\/produkt\/kbcase-stylus-stift-fuer-ipad-10-handflaechenabweisender-stift-mit-neigungsfunktion-fuer-ipad-pro-11-12-9-ipad-air-3-4-5-mit-5-ersatznibs\/#primaryimage","url":"https:\/\/m.media-amazon.com\/images\/I\/41nKIbb1VkL._SL500_.jpg","contentUrl":"https:\/\/m.media-amazon.com\/images\/I\/41nKIbb1VkL._SL500_.jpg","width":466,"height":500},{"@type":"BreadcrumbList","@id":"https:\/\/marktxxl.de\/markt\/produkt\/kbcase-stylus-stift-fuer-ipad-10-handflaechenabweisender-stift-mit-neigungsfunktion-fuer-ipad-pro-11-12-9-ipad-air-3-4-5-mit-5-ersatznibs\/#breadcrumb","itemListElement":[{"@type":"ListItem","position":1,"name":"Startseite","item":"https:\/\/marktxxl.de\/markt\/"},{"@type":"ListItem","position":2,"name":"Markt","item":"https:\/\/marktxxl.de\/markt\/"},{"@type":"ListItem","position":3,"name":"KBCASE Stylus Stift f\u00fcr iPad 10\/9\/8\/7\/6 Generazione,Eingabestifte Apple Pen f\u00fcr iPad Mini 5\/6,Handfl\u00e4chenabweisender\u2026"}]},{"@type":"WebSite","@id":"https:\/\/marktxxl.de\/markt\/#website","url":"https:\/\/marktxxl.de\/markt\/","name":"Markt-XXL","description":"Ihr Markt Online","publisher":{"@id":"https:\/\/marktxxl.de\/markt\/#organization"},"potentialAction":[{"@type":"SearchAction","target":{"@type":"EntryPoint","urlTemplate":"https:\/\/marktxxl.de\/markt\/?s={search_term_string}"},"query-input":{"@type":"PropertyValueSpecification","valueRequired":true,"valueName":"search_term_string"}}],"inLanguage":"de"},{"@type":"Organization","@id":"https:\/\/marktxxl.de\/markt\/#organization","name":"Markt-XXL","url":"https:\/\/marktxxl.de\/markt\/","logo":{"@type":"ImageObject","inLanguage":"de","@id":"https:\/\/marktxxl.de\/markt\/#\/schema\/logo\/image\/","url":"https:\/\/marktxxl.de\/markt\/wp-content\/uploads\/sites\/3\/2020\/12\/logo.png","contentUrl":"https:\/\/marktxxl.de\/markt\/wp-content\/uploads\/sites\/3\/2020\/12\/logo.png","width":200,"height":70,"caption":"Markt-XXL"},"image":{"@id":"https:\/\/marktxxl.de\/markt\/#\/schema\/logo\/image\/"}}]}},"_links":{"self":[{"href":"https:\/\/marktxxl.de\/markt\/wp-json\/wp\/v2\/product\/183220","targetHints":{"allow":["GET"]}}],"collection":[{"href":"https:\/\/marktxxl.de\/markt\/wp-json\/wp\/v2\/product"}],"about":[{"href":"https:\/\/marktxxl.de\/markt\/wp-json\/wp\/v2\/types\/product"}],"replies":[{"embeddable":true,"href":"https:\/\/marktxxl.de\/markt\/wp-json\/wp\/v2\/comments?post=183220"}],"wp:featuredmedia":[{"embeddable":true,"href":"https:\/\/marktxxl.de\/markt\/wp-json\/wp\/v2\/media\/183221"}],"wp:attachment":[{"href":"https:\/\/marktxxl.de\/markt\/wp-json\/wp\/v2\/media?parent=183220"}],"wp:term":[{"taxonomy":"product_brand","embeddable":true,"href":"https:\/\/marktxxl.de\/markt\/wp-json\/wp\/v2\/product_brand?post=183220"},{"taxonomy":"product_cat","embeddable":true,"href":"https:\/\/marktxxl.de\/markt\/wp-json\/wp\/v2\/product_cat?post=183220"},{"taxonomy":"product_tag","embeddable":true,"href":"https:\/\/marktxxl.de\/markt\/wp-json\/wp\/v2\/product_tag?post=183220"}],"curies":[{"name":"wp","href":"https:\/\/api.w.org\/{rel}","templated":true}]}}