{"id":183152,"date":"2023-01-10T09:53:03","date_gmt":"2023-01-10T08:53:03","guid":{"rendered":"https:\/\/marktxxl.de\/markt\/produkt\/kayboo-micro-sd-karte-512-gb-speicherkarte-wasserdicht-micro-sd-card-512gb-memory-card-hohe-kapazitaet-micro-sd-speicherkarten-fuer-handy-tablet-kamera-drohne-dashcam\/"},"modified":"2023-04-09T04:57:16","modified_gmt":"2023-04-09T02:57:16","slug":"kayboo-micro-sd-karte-512-gb-speicherkarte-wasserdicht-micro-sd-card-512gb-memory-card-hohe-kapazitaet-micro-sd-speicherkarten-fuer-handy-tablet-kamera-drohne-dashcam","status":"publish","type":"product","link":"https:\/\/marktxxl.de\/markt\/produkt\/kayboo-micro-sd-karte-512-gb-speicherkarte-wasserdicht-micro-sd-card-512gb-memory-card-hohe-kapazitaet-micro-sd-speicherkarten-fuer-handy-tablet-kamera-drohne-dashcam\/","title":{"rendered":"Kayboo Micro SD Karte 512 GB Speicherkarte Wasserdicht Micro SD Card 512GB Memory Card Hohe Kapazit\u00e4t Micro SD\u2026"},"content":{"rendered":"<p>\u3010 Hochleistung\u3011Die Micro SD ist mit hoher Leistung ausgestattet, die eine hohe Lese- und Schreibgeschwindigkeit. Durch die hochwertige eignet sich die Karte ideal zum sicheren Transport f\u00fcr Ihre Daten. Es unterst\u00fctzt die meisten Daten wie Musik, Filme, Spiele, Videos,Dateien und Bilder.<br \/>\n\u3010Erweitern Sie den Speicher\u3011Wenn Sie nach einer SD karte f\u00fcr Ihr Telefon, Ihre Action-Kamera, Drohne, Dashcam oder ein anderes Ger\u00e4t suchen, sind micro SD karte eine gute Wahl.Die Micro-SD-Karte kann insgesamt 512 GB Daten speichern. Dies macht Ihre Datenspeicherung sehr bequem.<br \/>\n\u3010Zuverl\u00e4ssig und langlebig\u3011 Die Kayboo Micro SD Karte wurde auf extreme Bedingungen getestet. Hohe Sicherheit f\u00fcr Ihre Daten dank 5-fach Schutz: Wasserbest\u00e4ndig, Antimagnetisch, Sto\u00dffest, R\u00f6ntgensicher, Hoch-oder niedrigtemperaturbest\u00e4ndig.<br \/>\n\u3010Einfach zu verwenden\u3011Die micro SD speicherkarten plug and play. Mit einer gro\u00dfen Kapazit\u00e4t von 512 GB eignet es sich sehr gut als Speichererweiterung f\u00fcr mobile Ger\u00e4te. Es ist perfekt f\u00fcr Smartphones und Kameras f\u00fcr Outdoor-Aktivit\u00e4ten wie Reisen, Wochenendsport usw.<br \/>\n\u3010Mini Memory Card\u3011Der gro\u00dfe Vorteil einer Micro SD Karte gegen\u00fcber herk\u00f6mmlichen Speicherkarten ist ihre geringere Gr\u00f6\u00dfe. Es ist klein und leicht, nimmt keinen Platz ein und kann \u00fcberall hin mitgenommen werden.<br \/>\n<div class=\"main-cross-sell\" data-asin=\"B0BP21HXRF\">\n\n\t<div class=\"WooZone-cross-sell-loader\">\n\t\t<div>\n\t\t\t<div id=\"floatingBarsG\">\n\t\t\t\t<div class=\"blockG\" id=\"rotateG_01\"><\/div>\n\t\t\t\t<div class=\"blockG\" id=\"rotateG_02\"><\/div>\n\t\t\t\t<div class=\"blockG\" id=\"rotateG_03\"><\/div>\n\t\t\t\t<div class=\"blockG\" id=\"rotateG_04\"><\/div>\n\t\t\t\t<div class=\"blockG\" id=\"rotateG_05\"><\/div>\n\t\t\t\t<div class=\"blockG\" id=\"rotateG_06\"><\/div>\n\t\t\t\t<div class=\"blockG\" id=\"rotateG_07\"><\/div>\n\t\t\t\t<div class=\"blockG\" id=\"rotateG_08\"><\/div>\n\t\t\t<\/div>\n\t\t\t<div class=\"WooZone-cross-sell-loader-text\"><\/div>\n\t\t<\/div>\n\t<\/div>\n\n\t\t\n<\/div>\n<div style=\"clear:both;\"><\/div><\/p>\n","protected":false},"excerpt":{"rendered":"<p>\u3010 Hochleistung\u3011Die Micro SD ist mit hoher Leistung ausgestattet, die eine hohe Lese- und Schreibgeschwindigkeit. Durch die hochwertige eignet sich die Karte ideal zum sicheren Transport f\u00fcr Ihre Daten. Es unterst\u00fctzt die meisten Daten wie Musik, Filme, Spiele, Videos,Dateien und Bilder.<br \/>\n\u3010Erweitern Sie den Speicher\u3011Wenn Sie nach einer SD karte f\u00fcr Ihr Telefon, Ihre Action-Kamera, Drohne, Dashcam oder ein anderes Ger\u00e4t suchen, sind micro SD karte eine gute Wahl.Die Micro-SD-Karte kann insgesamt 512 GB Daten speichern. Dies macht Ihre Datenspeicherung sehr bequem.<br \/>\n\u3010Zuverl\u00e4ssig und langlebig\u3011 Die Kayboo Micro SD Karte wurde auf extreme Bedingungen getestet. Hohe Sicherheit f\u00fcr Ihre Daten dank 5-fach Schutz: Wasserbest\u00e4ndig, Antimagnetisch, Sto\u00dffest, R\u00f6ntgensicher, Hoch-oder niedrigtemperaturbest\u00e4ndig.<\/p>\n","protected":false},"featured_media":183153,"comment_status":"open","ping_status":"closed","template":"","meta":[],"product_brand":[],"product_cat":[863],"product_tag":[],"class_list":{"0":"post-183152","1":"product","2":"type-product","3":"status-publish","4":"has-post-thumbnail","6":"product_cat-computer-zubehoer","7":"pa_brand-kayboo","8":"pa_color-red","9":"pa_manufacturer-kayboo","10":"pa_warranty-1013","12":"first","13":"instock","14":"shipping-taxable","15":"purchasable","16":"product-type-simple","17":"customify-col","18":"product-has-gallery"},"yoast_head":"<!-- This site is optimized with the Yoast SEO plugin v27.4 - https:\/\/yoast.com\/product\/yoast-seo-wordpress\/ -->\n<title>Kayboo Micro SD Karte 512 GB Speicherkarte Wasserdicht Micro SD Card 512GB Memory Card Hohe Kapazit\u00e4t Micro SD\u2026 - Markt-XXL<\/title>\n<meta name=\"description\" content=\"Markt-XXL Kayboo Micro SD Karte 512 GB Speicherkarte Wasserdicht Micro SD Card 512GB Memory Card Hohe Kapazit\u00e4t Micro SD\u2026\" \/>\n<meta name=\"robots\" content=\"index, follow, max-snippet:-1, max-image-preview:large, max-video-preview:-1\" \/>\n<link rel=\"canonical\" href=\"https:\/\/marktxxl.de\/markt\/produkt\/kayboo-micro-sd-karte-512-gb-speicherkarte-wasserdicht-micro-sd-card-512gb-memory-card-hohe-kapazitaet-micro-sd-speicherkarten-fuer-handy-tablet-kamera-drohne-dashcam\/\" \/>\n<meta property=\"og:locale\" content=\"de_DE\" \/>\n<meta property=\"og:type\" content=\"article\" \/>\n<meta property=\"og:title\" content=\"Kayboo Micro SD Karte 512 GB Speicherkarte Wasserdicht Micro SD Card 512GB Memory Card Hohe Kapazit\u00e4t Micro SD\u2026 - Markt-XXL\" \/>\n<meta property=\"og:description\" content=\"Markt-XXL Kayboo Micro SD Karte 512 GB Speicherkarte Wasserdicht Micro SD Card 512GB Memory Card Hohe Kapazit\u00e4t Micro SD\u2026\" \/>\n<meta property=\"og:url\" content=\"https:\/\/marktxxl.de\/markt\/produkt\/kayboo-micro-sd-karte-512-gb-speicherkarte-wasserdicht-micro-sd-card-512gb-memory-card-hohe-kapazitaet-micro-sd-speicherkarten-fuer-handy-tablet-kamera-drohne-dashcam\/\" \/>\n<meta property=\"og:site_name\" content=\"Markt-XXL\" \/>\n<meta property=\"article:modified_time\" content=\"2023-04-09T02:57:16+00:00\" \/>\n<meta property=\"og:image\" content=\"https:\/\/m.media-amazon.com\/images\/I\/41V8mhLFTuL._SL500_.jpg\" \/>\n\t<meta property=\"og:image:width\" content=\"500\" \/>\n\t<meta property=\"og:image:height\" content=\"500\" \/>\n\t<meta property=\"og:image:type\" content=\"image\/jpeg\" \/>\n<meta name=\"twitter:card\" content=\"summary_large_image\" \/>\n<meta name=\"twitter:label1\" content=\"Gesch\u00e4tzte Lesezeit\" \/>\n\t<meta name=\"twitter:data1\" content=\"1\u00a0Minute\" \/>\n<script type=\"application\/ld+json\" class=\"yoast-schema-graph\">{\"@context\":\"https:\\\/\\\/schema.org\",\"@graph\":[{\"@type\":\"WebPage\",\"@id\":\"https:\\\/\\\/marktxxl.de\\\/markt\\\/produkt\\\/kayboo-micro-sd-karte-512-gb-speicherkarte-wasserdicht-micro-sd-card-512gb-memory-card-hohe-kapazitaet-micro-sd-speicherkarten-fuer-handy-tablet-kamera-drohne-dashcam\\\/\",\"url\":\"https:\\\/\\\/marktxxl.de\\\/markt\\\/produkt\\\/kayboo-micro-sd-karte-512-gb-speicherkarte-wasserdicht-micro-sd-card-512gb-memory-card-hohe-kapazitaet-micro-sd-speicherkarten-fuer-handy-tablet-kamera-drohne-dashcam\\\/\",\"name\":\"Kayboo Micro SD Karte 512 GB Speicherkarte Wasserdicht Micro SD Card 512GB Memory Card Hohe Kapazit\u00e4t Micro SD\u2026 - Markt-XXL\",\"isPartOf\":{\"@id\":\"https:\\\/\\\/marktxxl.de\\\/markt\\\/#website\"},\"primaryImageOfPage\":{\"@id\":\"https:\\\/\\\/marktxxl.de\\\/markt\\\/produkt\\\/kayboo-micro-sd-karte-512-gb-speicherkarte-wasserdicht-micro-sd-card-512gb-memory-card-hohe-kapazitaet-micro-sd-speicherkarten-fuer-handy-tablet-kamera-drohne-dashcam\\\/#primaryimage\"},\"image\":{\"@id\":\"https:\\\/\\\/marktxxl.de\\\/markt\\\/produkt\\\/kayboo-micro-sd-karte-512-gb-speicherkarte-wasserdicht-micro-sd-card-512gb-memory-card-hohe-kapazitaet-micro-sd-speicherkarten-fuer-handy-tablet-kamera-drohne-dashcam\\\/#primaryimage\"},\"thumbnailUrl\":\"https:\\\/\\\/m.media-amazon.com\\\/images\\\/I\\\/41V8mhLFTuL._SL500_.jpg\",\"datePublished\":\"2023-01-10T08:53:03+00:00\",\"dateModified\":\"2023-04-09T02:57:16+00:00\",\"description\":\"Markt-XXL Kayboo Micro SD Karte 512 GB Speicherkarte Wasserdicht Micro SD Card 512GB Memory Card Hohe Kapazit\u00e4t Micro SD\u2026\",\"breadcrumb\":{\"@id\":\"https:\\\/\\\/marktxxl.de\\\/markt\\\/produkt\\\/kayboo-micro-sd-karte-512-gb-speicherkarte-wasserdicht-micro-sd-card-512gb-memory-card-hohe-kapazitaet-micro-sd-speicherkarten-fuer-handy-tablet-kamera-drohne-dashcam\\\/#breadcrumb\"},\"inLanguage\":\"de\",\"potentialAction\":[{\"@type\":\"ReadAction\",\"target\":[\"https:\\\/\\\/marktxxl.de\\\/markt\\\/produkt\\\/kayboo-micro-sd-karte-512-gb-speicherkarte-wasserdicht-micro-sd-card-512gb-memory-card-hohe-kapazitaet-micro-sd-speicherkarten-fuer-handy-tablet-kamera-drohne-dashcam\\\/\"]}]},{\"@type\":\"ImageObject\",\"inLanguage\":\"de\",\"@id\":\"https:\\\/\\\/marktxxl.de\\\/markt\\\/produkt\\\/kayboo-micro-sd-karte-512-gb-speicherkarte-wasserdicht-micro-sd-card-512gb-memory-card-hohe-kapazitaet-micro-sd-speicherkarten-fuer-handy-tablet-kamera-drohne-dashcam\\\/#primaryimage\",\"url\":\"https:\\\/\\\/m.media-amazon.com\\\/images\\\/I\\\/41V8mhLFTuL._SL500_.jpg\",\"contentUrl\":\"https:\\\/\\\/m.media-amazon.com\\\/images\\\/I\\\/41V8mhLFTuL._SL500_.jpg\",\"width\":500,\"height\":500},{\"@type\":\"BreadcrumbList\",\"@id\":\"https:\\\/\\\/marktxxl.de\\\/markt\\\/produkt\\\/kayboo-micro-sd-karte-512-gb-speicherkarte-wasserdicht-micro-sd-card-512gb-memory-card-hohe-kapazitaet-micro-sd-speicherkarten-fuer-handy-tablet-kamera-drohne-dashcam\\\/#breadcrumb\",\"itemListElement\":[{\"@type\":\"ListItem\",\"position\":1,\"name\":\"Startseite\",\"item\":\"https:\\\/\\\/marktxxl.de\\\/markt\\\/\"},{\"@type\":\"ListItem\",\"position\":2,\"name\":\"Markt\",\"item\":\"https:\\\/\\\/marktxxl.de\\\/markt\\\/\"},{\"@type\":\"ListItem\",\"position\":3,\"name\":\"Kayboo Micro SD Karte 512 GB Speicherkarte Wasserdicht Micro SD Card 512GB Memory Card Hohe Kapazit\u00e4t Micro SD\u2026\"}]},{\"@type\":\"WebSite\",\"@id\":\"https:\\\/\\\/marktxxl.de\\\/markt\\\/#website\",\"url\":\"https:\\\/\\\/marktxxl.de\\\/markt\\\/\",\"name\":\"Markt-XXL\",\"description\":\"Ihr Markt Online\",\"publisher\":{\"@id\":\"https:\\\/\\\/marktxxl.de\\\/markt\\\/#organization\"},\"potentialAction\":[{\"@type\":\"SearchAction\",\"target\":{\"@type\":\"EntryPoint\",\"urlTemplate\":\"https:\\\/\\\/marktxxl.de\\\/markt\\\/?s={search_term_string}\"},\"query-input\":{\"@type\":\"PropertyValueSpecification\",\"valueRequired\":true,\"valueName\":\"search_term_string\"}}],\"inLanguage\":\"de\"},{\"@type\":\"Organization\",\"@id\":\"https:\\\/\\\/marktxxl.de\\\/markt\\\/#organization\",\"name\":\"Markt-XXL\",\"url\":\"https:\\\/\\\/marktxxl.de\\\/markt\\\/\",\"logo\":{\"@type\":\"ImageObject\",\"inLanguage\":\"de\",\"@id\":\"https:\\\/\\\/marktxxl.de\\\/markt\\\/#\\\/schema\\\/logo\\\/image\\\/\",\"url\":\"https:\\\/\\\/marktxxl.de\\\/markt\\\/wp-content\\\/uploads\\\/sites\\\/3\\\/2020\\\/12\\\/logo.png\",\"contentUrl\":\"https:\\\/\\\/marktxxl.de\\\/markt\\\/wp-content\\\/uploads\\\/sites\\\/3\\\/2020\\\/12\\\/logo.png\",\"width\":200,\"height\":70,\"caption\":\"Markt-XXL\"},\"image\":{\"@id\":\"https:\\\/\\\/marktxxl.de\\\/markt\\\/#\\\/schema\\\/logo\\\/image\\\/\"}}]}<\/script>\n<!-- \/ Yoast SEO plugin. -->","yoast_head_json":{"title":"Kayboo Micro SD Karte 512 GB Speicherkarte Wasserdicht Micro SD Card 512GB Memory Card Hohe Kapazit\u00e4t Micro SD\u2026 - Markt-XXL","description":"Markt-XXL Kayboo Micro SD Karte 512 GB Speicherkarte Wasserdicht Micro SD Card 512GB Memory Card Hohe Kapazit\u00e4t Micro SD\u2026","robots":{"index":"index","follow":"follow","max-snippet":"max-snippet:-1","max-image-preview":"max-image-preview:large","max-video-preview":"max-video-preview:-1"},"canonical":"https:\/\/marktxxl.de\/markt\/produkt\/kayboo-micro-sd-karte-512-gb-speicherkarte-wasserdicht-micro-sd-card-512gb-memory-card-hohe-kapazitaet-micro-sd-speicherkarten-fuer-handy-tablet-kamera-drohne-dashcam\/","og_locale":"de_DE","og_type":"article","og_title":"Kayboo Micro SD Karte 512 GB Speicherkarte Wasserdicht Micro SD Card 512GB Memory Card Hohe Kapazit\u00e4t Micro SD\u2026 - Markt-XXL","og_description":"Markt-XXL Kayboo Micro SD Karte 512 GB Speicherkarte Wasserdicht Micro SD Card 512GB Memory Card Hohe Kapazit\u00e4t Micro SD\u2026","og_url":"https:\/\/marktxxl.de\/markt\/produkt\/kayboo-micro-sd-karte-512-gb-speicherkarte-wasserdicht-micro-sd-card-512gb-memory-card-hohe-kapazitaet-micro-sd-speicherkarten-fuer-handy-tablet-kamera-drohne-dashcam\/","og_site_name":"Markt-XXL","article_modified_time":"2023-04-09T02:57:16+00:00","og_image":[{"width":500,"height":500,"url":"https:\/\/m.media-amazon.com\/images\/I\/41V8mhLFTuL._SL500_.jpg","type":"image\/jpeg"}],"twitter_card":"summary_large_image","twitter_misc":{"Gesch\u00e4tzte Lesezeit":"1\u00a0Minute"},"schema":{"@context":"https:\/\/schema.org","@graph":[{"@type":"WebPage","@id":"https:\/\/marktxxl.de\/markt\/produkt\/kayboo-micro-sd-karte-512-gb-speicherkarte-wasserdicht-micro-sd-card-512gb-memory-card-hohe-kapazitaet-micro-sd-speicherkarten-fuer-handy-tablet-kamera-drohne-dashcam\/","url":"https:\/\/marktxxl.de\/markt\/produkt\/kayboo-micro-sd-karte-512-gb-speicherkarte-wasserdicht-micro-sd-card-512gb-memory-card-hohe-kapazitaet-micro-sd-speicherkarten-fuer-handy-tablet-kamera-drohne-dashcam\/","name":"Kayboo Micro SD Karte 512 GB Speicherkarte Wasserdicht Micro SD Card 512GB Memory Card Hohe Kapazit\u00e4t Micro SD\u2026 - Markt-XXL","isPartOf":{"@id":"https:\/\/marktxxl.de\/markt\/#website"},"primaryImageOfPage":{"@id":"https:\/\/marktxxl.de\/markt\/produkt\/kayboo-micro-sd-karte-512-gb-speicherkarte-wasserdicht-micro-sd-card-512gb-memory-card-hohe-kapazitaet-micro-sd-speicherkarten-fuer-handy-tablet-kamera-drohne-dashcam\/#primaryimage"},"image":{"@id":"https:\/\/marktxxl.de\/markt\/produkt\/kayboo-micro-sd-karte-512-gb-speicherkarte-wasserdicht-micro-sd-card-512gb-memory-card-hohe-kapazitaet-micro-sd-speicherkarten-fuer-handy-tablet-kamera-drohne-dashcam\/#primaryimage"},"thumbnailUrl":"https:\/\/m.media-amazon.com\/images\/I\/41V8mhLFTuL._SL500_.jpg","datePublished":"2023-01-10T08:53:03+00:00","dateModified":"2023-04-09T02:57:16+00:00","description":"Markt-XXL Kayboo Micro SD Karte 512 GB Speicherkarte Wasserdicht Micro SD Card 512GB Memory Card Hohe Kapazit\u00e4t Micro SD\u2026","breadcrumb":{"@id":"https:\/\/marktxxl.de\/markt\/produkt\/kayboo-micro-sd-karte-512-gb-speicherkarte-wasserdicht-micro-sd-card-512gb-memory-card-hohe-kapazitaet-micro-sd-speicherkarten-fuer-handy-tablet-kamera-drohne-dashcam\/#breadcrumb"},"inLanguage":"de","potentialAction":[{"@type":"ReadAction","target":["https:\/\/marktxxl.de\/markt\/produkt\/kayboo-micro-sd-karte-512-gb-speicherkarte-wasserdicht-micro-sd-card-512gb-memory-card-hohe-kapazitaet-micro-sd-speicherkarten-fuer-handy-tablet-kamera-drohne-dashcam\/"]}]},{"@type":"ImageObject","inLanguage":"de","@id":"https:\/\/marktxxl.de\/markt\/produkt\/kayboo-micro-sd-karte-512-gb-speicherkarte-wasserdicht-micro-sd-card-512gb-memory-card-hohe-kapazitaet-micro-sd-speicherkarten-fuer-handy-tablet-kamera-drohne-dashcam\/#primaryimage","url":"https:\/\/m.media-amazon.com\/images\/I\/41V8mhLFTuL._SL500_.jpg","contentUrl":"https:\/\/m.media-amazon.com\/images\/I\/41V8mhLFTuL._SL500_.jpg","width":500,"height":500},{"@type":"BreadcrumbList","@id":"https:\/\/marktxxl.de\/markt\/produkt\/kayboo-micro-sd-karte-512-gb-speicherkarte-wasserdicht-micro-sd-card-512gb-memory-card-hohe-kapazitaet-micro-sd-speicherkarten-fuer-handy-tablet-kamera-drohne-dashcam\/#breadcrumb","itemListElement":[{"@type":"ListItem","position":1,"name":"Startseite","item":"https:\/\/marktxxl.de\/markt\/"},{"@type":"ListItem","position":2,"name":"Markt","item":"https:\/\/marktxxl.de\/markt\/"},{"@type":"ListItem","position":3,"name":"Kayboo Micro SD Karte 512 GB Speicherkarte Wasserdicht Micro SD Card 512GB Memory Card Hohe Kapazit\u00e4t Micro SD\u2026"}]},{"@type":"WebSite","@id":"https:\/\/marktxxl.de\/markt\/#website","url":"https:\/\/marktxxl.de\/markt\/","name":"Markt-XXL","description":"Ihr Markt Online","publisher":{"@id":"https:\/\/marktxxl.de\/markt\/#organization"},"potentialAction":[{"@type":"SearchAction","target":{"@type":"EntryPoint","urlTemplate":"https:\/\/marktxxl.de\/markt\/?s={search_term_string}"},"query-input":{"@type":"PropertyValueSpecification","valueRequired":true,"valueName":"search_term_string"}}],"inLanguage":"de"},{"@type":"Organization","@id":"https:\/\/marktxxl.de\/markt\/#organization","name":"Markt-XXL","url":"https:\/\/marktxxl.de\/markt\/","logo":{"@type":"ImageObject","inLanguage":"de","@id":"https:\/\/marktxxl.de\/markt\/#\/schema\/logo\/image\/","url":"https:\/\/marktxxl.de\/markt\/wp-content\/uploads\/sites\/3\/2020\/12\/logo.png","contentUrl":"https:\/\/marktxxl.de\/markt\/wp-content\/uploads\/sites\/3\/2020\/12\/logo.png","width":200,"height":70,"caption":"Markt-XXL"},"image":{"@id":"https:\/\/marktxxl.de\/markt\/#\/schema\/logo\/image\/"}}]}},"_links":{"self":[{"href":"https:\/\/marktxxl.de\/markt\/wp-json\/wp\/v2\/product\/183152","targetHints":{"allow":["GET"]}}],"collection":[{"href":"https:\/\/marktxxl.de\/markt\/wp-json\/wp\/v2\/product"}],"about":[{"href":"https:\/\/marktxxl.de\/markt\/wp-json\/wp\/v2\/types\/product"}],"replies":[{"embeddable":true,"href":"https:\/\/marktxxl.de\/markt\/wp-json\/wp\/v2\/comments?post=183152"}],"wp:featuredmedia":[{"embeddable":true,"href":"https:\/\/marktxxl.de\/markt\/wp-json\/wp\/v2\/media\/183153"}],"wp:attachment":[{"href":"https:\/\/marktxxl.de\/markt\/wp-json\/wp\/v2\/media?parent=183152"}],"wp:term":[{"taxonomy":"product_brand","embeddable":true,"href":"https:\/\/marktxxl.de\/markt\/wp-json\/wp\/v2\/product_brand?post=183152"},{"taxonomy":"product_cat","embeddable":true,"href":"https:\/\/marktxxl.de\/markt\/wp-json\/wp\/v2\/product_cat?post=183152"},{"taxonomy":"product_tag","embeddable":true,"href":"https:\/\/marktxxl.de\/markt\/wp-json\/wp\/v2\/product_tag?post=183152"}],"curies":[{"name":"wp","href":"https:\/\/api.w.org\/{rel}","templated":true}]}}