{"id":183144,"date":"2023-01-10T09:52:50","date_gmt":"2023-01-10T08:52:50","guid":{"rendered":"https:\/\/marktxxl.de\/markt\/produkt\/giissmo-laptopstaender-hoehenverstellbarer-laptop-riser-beluefteter-aluminium-notebookhalter-fuer-schreibtisch-kompatibel-mit-10-17-macbook-pro-air-dell-lenovo-samsung-acer-huawei-matebook\/"},"modified":"2023-04-09T04:57:16","modified_gmt":"2023-04-09T02:57:16","slug":"giissmo-laptopstaender-hoehenverstellbarer-laptop-riser-beluefteter-aluminium-notebookhalter-fuer-schreibtisch-kompatibel-mit-10-17-macbook-pro-air-dell-lenovo-samsung-acer-huawei-matebook","status":"publish","type":"product","link":"https:\/\/marktxxl.de\/markt\/produkt\/giissmo-laptopstaender-hoehenverstellbarer-laptop-riser-beluefteter-aluminium-notebookhalter-fuer-schreibtisch-kompatibel-mit-10-17-macbook-pro-air-dell-lenovo-samsung-acer-huawei-matebook\/","title":{"rendered":"GIISSMO Laptopst\u00e4nder, h\u00f6henverstellbarer Laptop-Riser, bel\u00fcfteter Aluminium-Notebookhalter f\u00fcr Schreibtisch, kompatibel\u2026"},"content":{"rendered":"<p>\u3010Einzigartiges Design\u3011 Der erste pneumatische Laptop-St\u00e4nder vom Z-Typ, ein pneumatisch h\u00f6henverstellbares Armdesign, das Frauen und \u00e4ltere Menschen problemlos verwenden k\u00f6nnen. Dr\u00fccken Sie einfach den Hebel fest und stellen Sie die H\u00f6he mit minimalem Aufwand nach oben und unten ein Hand f\u00fcr Frauen.<br \/>\n\u3010H\u00f6henverstellbarer Laptopst\u00e4nder\u3011 Mit dem Laptophalter k\u00f6nnen Sie die H\u00f6he frei an die H\u00f6he Ihres Schreibtischstuhls anpassen, um eine optimale Haltung und Komfort zu erzielen. Stellen Sie die ideale H\u00f6he zum Tippen, Betrachten und Sitzen ein, w\u00e4hrend Sie Ihren R\u00fccken und Nacken in einer bequemen Position st\u00fctzen. Perfekt f\u00fcr Arbeit zu Hause, im B\u00fcro und im Freien.<br \/>\n\u3010Macbook-St\u00e4nder\u3011Der Laptop-K\u00fchler ist f\u00fcr 10-15,6-Zoll-Laptops geeignet; leicht und einfach zu falten. Der Laptopst\u00e4nder f\u00fcr die Schreibtischplatte ist aus rutschfestem EVA-Harz, das Ihren Laptop sicher und fest stabilisieren kann.<br \/>\n\u3010Bessere W\u00e4rmeableitung\u3011 Der Laptopst\u00e4nder hat ein breiteres und mehr K\u00fchllochdesign, das mit fast allen PC-K\u00fchl\u00f6ffnungen kompatibel ist. Mehr Bel\u00fcftung, die die vom Laptop aufgrund der Arbeit erzeugte W\u00e4rme schnell und effektiv reduzieren kann. Halten Sie Ihren Laptop die ganze Zeit k\u00fchl.<br \/>\n\u3010Hochwertiges Material\u3011 Der Laptopst\u00e4nder besteht aus einer h\u00e4rteren Aluminiumlegierung, die Aluminiumlegierung des verstellbaren Laptopst\u00e4nders hat eine gute Korrosionsbest\u00e4ndigkeit und absorbiert gleichzeitig effektiv W\u00e4rme. Hochpr\u00e4zise Oberfl\u00e4chenbehandlung des Computerst\u00e4nders, die Ihrem Laptop keine Kratzer verursacht.<br \/>\n<div class=\"main-cross-sell\" data-asin=\"B0BLH2CG7M\">\n\n\t<div class=\"WooZone-cross-sell-loader\">\n\t\t<div>\n\t\t\t<div id=\"floatingBarsG\">\n\t\t\t\t<div class=\"blockG\" id=\"rotateG_01\"><\/div>\n\t\t\t\t<div class=\"blockG\" id=\"rotateG_02\"><\/div>\n\t\t\t\t<div class=\"blockG\" id=\"rotateG_03\"><\/div>\n\t\t\t\t<div class=\"blockG\" id=\"rotateG_04\"><\/div>\n\t\t\t\t<div class=\"blockG\" id=\"rotateG_05\"><\/div>\n\t\t\t\t<div class=\"blockG\" id=\"rotateG_06\"><\/div>\n\t\t\t\t<div class=\"blockG\" id=\"rotateG_07\"><\/div>\n\t\t\t\t<div class=\"blockG\" id=\"rotateG_08\"><\/div>\n\t\t\t<\/div>\n\t\t\t<div class=\"WooZone-cross-sell-loader-text\"><\/div>\n\t\t<\/div>\n\t<\/div>\n\n\t\t\n<\/div>\n<div style=\"clear:both;\"><\/div><\/p>\n","protected":false},"excerpt":{"rendered":"<p>\u3010Einzigartiges Design\u3011 Der erste pneumatische Laptop-St\u00e4nder vom Z-Typ, ein pneumatisch h\u00f6henverstellbares Armdesign, das Frauen und \u00e4ltere Menschen problemlos verwenden k\u00f6nnen. Dr\u00fccken Sie einfach den Hebel fest und stellen Sie die H\u00f6he mit minimalem Aufwand nach oben und unten ein Hand f\u00fcr Frauen.<br \/>\n\u3010H\u00f6henverstellbarer Laptopst\u00e4nder\u3011 Mit dem Laptophalter k\u00f6nnen Sie die H\u00f6he frei an die H\u00f6he Ihres Schreibtischstuhls anpassen, um eine optimale Haltung und Komfort zu erzielen. Stellen Sie die ideale H\u00f6he zum Tippen, Betrachten und Sitzen ein, w\u00e4hrend Sie Ihren R\u00fccken und Nacken in einer bequemen Position st\u00fctzen. Perfekt f\u00fcr Arbeit zu Hause, im B\u00fcro und im Freien.<br \/>\n\u3010Macbook-St\u00e4nder\u3011Der Laptop-K\u00fchler ist f\u00fcr 10-15,6-Zoll-Laptops geeignet; leicht und einfach zu falten. Der Laptopst\u00e4nder f\u00fcr die Schreibtischplatte ist aus rutschfestem EVA-Harz, das Ihren Laptop sicher und fest stabilisieren kann.<\/p>\n","protected":false},"featured_media":183145,"comment_status":"open","ping_status":"closed","template":"","meta":[],"product_brand":[],"product_cat":[863],"product_tag":[],"class_list":{"0":"post-183144","1":"product","2":"type-product","3":"status-publish","4":"has-post-thumbnail","6":"product_cat-computer-zubehoer","7":"pa_brand-giissmo","8":"pa_height-4-724409444-zoll","9":"pa_length-10-236220462-zoll","10":"pa_manufacturer-giissmo","11":"pa_model-ls002","12":"pa_warranty-2-years","13":"pa_width-9-448818888-zoll","15":"first","16":"instock","17":"shipping-taxable","18":"purchasable","19":"product-type-simple","20":"customify-col","21":"product-has-gallery"},"yoast_head":"<!-- This site is optimized with the Yoast SEO plugin v27.3 - https:\/\/yoast.com\/product\/yoast-seo-wordpress\/ -->\n<title>GIISSMO Laptopst\u00e4nder, h\u00f6henverstellbarer Laptop-Riser, bel\u00fcfteter Aluminium-Notebookhalter f\u00fcr Schreibtisch, kompatibel\u2026 - Markt-XXL<\/title>\n<meta name=\"description\" content=\"Markt-XXL GIISSMO Laptopst\u00e4nder, h\u00f6henverstellbarer Laptop-Riser, bel\u00fcfteter Aluminium-Notebookhalter f\u00fcr Schreibtisch, kompatibel\u2026\" \/>\n<meta name=\"robots\" content=\"index, follow, max-snippet:-1, max-image-preview:large, max-video-preview:-1\" \/>\n<link rel=\"canonical\" href=\"https:\/\/marktxxl.de\/markt\/produkt\/giissmo-laptopstaender-hoehenverstellbarer-laptop-riser-beluefteter-aluminium-notebookhalter-fuer-schreibtisch-kompatibel-mit-10-17-macbook-pro-air-dell-lenovo-samsung-acer-huawei-matebook\/\" \/>\n<meta property=\"og:locale\" content=\"de_DE\" \/>\n<meta property=\"og:type\" content=\"article\" \/>\n<meta property=\"og:title\" content=\"GIISSMO Laptopst\u00e4nder, h\u00f6henverstellbarer Laptop-Riser, bel\u00fcfteter Aluminium-Notebookhalter f\u00fcr Schreibtisch, kompatibel\u2026 - Markt-XXL\" \/>\n<meta property=\"og:description\" content=\"Markt-XXL GIISSMO Laptopst\u00e4nder, h\u00f6henverstellbarer Laptop-Riser, bel\u00fcfteter Aluminium-Notebookhalter f\u00fcr Schreibtisch, kompatibel\u2026\" \/>\n<meta property=\"og:url\" content=\"https:\/\/marktxxl.de\/markt\/produkt\/giissmo-laptopstaender-hoehenverstellbarer-laptop-riser-beluefteter-aluminium-notebookhalter-fuer-schreibtisch-kompatibel-mit-10-17-macbook-pro-air-dell-lenovo-samsung-acer-huawei-matebook\/\" \/>\n<meta property=\"og:site_name\" content=\"Markt-XXL\" \/>\n<meta property=\"article:modified_time\" content=\"2023-04-09T02:57:16+00:00\" \/>\n<meta property=\"og:image\" content=\"https:\/\/m.media-amazon.com\/images\/I\/41z6W7IXSHL._SL500_.jpg\" \/>\n\t<meta property=\"og:image:width\" content=\"500\" \/>\n\t<meta property=\"og:image:height\" content=\"500\" \/>\n\t<meta property=\"og:image:type\" content=\"image\/jpeg\" \/>\n<meta name=\"twitter:card\" content=\"summary_large_image\" \/>\n<meta name=\"twitter:label1\" content=\"Gesch\u00e4tzte Lesezeit\" \/>\n\t<meta name=\"twitter:data1\" content=\"1\u00a0Minute\" \/>\n<script type=\"application\/ld+json\" class=\"yoast-schema-graph\">{\"@context\":\"https:\\\/\\\/schema.org\",\"@graph\":[{\"@type\":\"WebPage\",\"@id\":\"https:\\\/\\\/marktxxl.de\\\/markt\\\/produkt\\\/giissmo-laptopstaender-hoehenverstellbarer-laptop-riser-beluefteter-aluminium-notebookhalter-fuer-schreibtisch-kompatibel-mit-10-17-macbook-pro-air-dell-lenovo-samsung-acer-huawei-matebook\\\/\",\"url\":\"https:\\\/\\\/marktxxl.de\\\/markt\\\/produkt\\\/giissmo-laptopstaender-hoehenverstellbarer-laptop-riser-beluefteter-aluminium-notebookhalter-fuer-schreibtisch-kompatibel-mit-10-17-macbook-pro-air-dell-lenovo-samsung-acer-huawei-matebook\\\/\",\"name\":\"GIISSMO Laptopst\u00e4nder, h\u00f6henverstellbarer Laptop-Riser, bel\u00fcfteter Aluminium-Notebookhalter f\u00fcr Schreibtisch, kompatibel\u2026 - Markt-XXL\",\"isPartOf\":{\"@id\":\"https:\\\/\\\/marktxxl.de\\\/markt\\\/#website\"},\"primaryImageOfPage\":{\"@id\":\"https:\\\/\\\/marktxxl.de\\\/markt\\\/produkt\\\/giissmo-laptopstaender-hoehenverstellbarer-laptop-riser-beluefteter-aluminium-notebookhalter-fuer-schreibtisch-kompatibel-mit-10-17-macbook-pro-air-dell-lenovo-samsung-acer-huawei-matebook\\\/#primaryimage\"},\"image\":{\"@id\":\"https:\\\/\\\/marktxxl.de\\\/markt\\\/produkt\\\/giissmo-laptopstaender-hoehenverstellbarer-laptop-riser-beluefteter-aluminium-notebookhalter-fuer-schreibtisch-kompatibel-mit-10-17-macbook-pro-air-dell-lenovo-samsung-acer-huawei-matebook\\\/#primaryimage\"},\"thumbnailUrl\":\"https:\\\/\\\/m.media-amazon.com\\\/images\\\/I\\\/41z6W7IXSHL._SL500_.jpg\",\"datePublished\":\"2023-01-10T08:52:50+00:00\",\"dateModified\":\"2023-04-09T02:57:16+00:00\",\"description\":\"Markt-XXL GIISSMO Laptopst\u00e4nder, h\u00f6henverstellbarer Laptop-Riser, bel\u00fcfteter Aluminium-Notebookhalter f\u00fcr Schreibtisch, kompatibel\u2026\",\"breadcrumb\":{\"@id\":\"https:\\\/\\\/marktxxl.de\\\/markt\\\/produkt\\\/giissmo-laptopstaender-hoehenverstellbarer-laptop-riser-beluefteter-aluminium-notebookhalter-fuer-schreibtisch-kompatibel-mit-10-17-macbook-pro-air-dell-lenovo-samsung-acer-huawei-matebook\\\/#breadcrumb\"},\"inLanguage\":\"de\",\"potentialAction\":[{\"@type\":\"ReadAction\",\"target\":[\"https:\\\/\\\/marktxxl.de\\\/markt\\\/produkt\\\/giissmo-laptopstaender-hoehenverstellbarer-laptop-riser-beluefteter-aluminium-notebookhalter-fuer-schreibtisch-kompatibel-mit-10-17-macbook-pro-air-dell-lenovo-samsung-acer-huawei-matebook\\\/\"]}]},{\"@type\":\"ImageObject\",\"inLanguage\":\"de\",\"@id\":\"https:\\\/\\\/marktxxl.de\\\/markt\\\/produkt\\\/giissmo-laptopstaender-hoehenverstellbarer-laptop-riser-beluefteter-aluminium-notebookhalter-fuer-schreibtisch-kompatibel-mit-10-17-macbook-pro-air-dell-lenovo-samsung-acer-huawei-matebook\\\/#primaryimage\",\"url\":\"https:\\\/\\\/m.media-amazon.com\\\/images\\\/I\\\/41z6W7IXSHL._SL500_.jpg\",\"contentUrl\":\"https:\\\/\\\/m.media-amazon.com\\\/images\\\/I\\\/41z6W7IXSHL._SL500_.jpg\",\"width\":500,\"height\":500},{\"@type\":\"BreadcrumbList\",\"@id\":\"https:\\\/\\\/marktxxl.de\\\/markt\\\/produkt\\\/giissmo-laptopstaender-hoehenverstellbarer-laptop-riser-beluefteter-aluminium-notebookhalter-fuer-schreibtisch-kompatibel-mit-10-17-macbook-pro-air-dell-lenovo-samsung-acer-huawei-matebook\\\/#breadcrumb\",\"itemListElement\":[{\"@type\":\"ListItem\",\"position\":1,\"name\":\"Startseite\",\"item\":\"https:\\\/\\\/marktxxl.de\\\/markt\\\/\"},{\"@type\":\"ListItem\",\"position\":2,\"name\":\"Markt\",\"item\":\"https:\\\/\\\/marktxxl.de\\\/markt\\\/\"},{\"@type\":\"ListItem\",\"position\":3,\"name\":\"GIISSMO Laptopst\u00e4nder, h\u00f6henverstellbarer Laptop-Riser, bel\u00fcfteter Aluminium-Notebookhalter f\u00fcr Schreibtisch, kompatibel\u2026\"}]},{\"@type\":\"WebSite\",\"@id\":\"https:\\\/\\\/marktxxl.de\\\/markt\\\/#website\",\"url\":\"https:\\\/\\\/marktxxl.de\\\/markt\\\/\",\"name\":\"Markt-XXL\",\"description\":\"Ihr Markt Online\",\"publisher\":{\"@id\":\"https:\\\/\\\/marktxxl.de\\\/markt\\\/#organization\"},\"potentialAction\":[{\"@type\":\"SearchAction\",\"target\":{\"@type\":\"EntryPoint\",\"urlTemplate\":\"https:\\\/\\\/marktxxl.de\\\/markt\\\/?s={search_term_string}\"},\"query-input\":{\"@type\":\"PropertyValueSpecification\",\"valueRequired\":true,\"valueName\":\"search_term_string\"}}],\"inLanguage\":\"de\"},{\"@type\":\"Organization\",\"@id\":\"https:\\\/\\\/marktxxl.de\\\/markt\\\/#organization\",\"name\":\"Markt-XXL\",\"url\":\"https:\\\/\\\/marktxxl.de\\\/markt\\\/\",\"logo\":{\"@type\":\"ImageObject\",\"inLanguage\":\"de\",\"@id\":\"https:\\\/\\\/marktxxl.de\\\/markt\\\/#\\\/schema\\\/logo\\\/image\\\/\",\"url\":\"https:\\\/\\\/marktxxl.de\\\/markt\\\/wp-content\\\/uploads\\\/sites\\\/3\\\/2020\\\/12\\\/logo.png\",\"contentUrl\":\"https:\\\/\\\/marktxxl.de\\\/markt\\\/wp-content\\\/uploads\\\/sites\\\/3\\\/2020\\\/12\\\/logo.png\",\"width\":200,\"height\":70,\"caption\":\"Markt-XXL\"},\"image\":{\"@id\":\"https:\\\/\\\/marktxxl.de\\\/markt\\\/#\\\/schema\\\/logo\\\/image\\\/\"}}]}<\/script>\n<!-- \/ Yoast SEO plugin. -->","yoast_head_json":{"title":"GIISSMO Laptopst\u00e4nder, h\u00f6henverstellbarer Laptop-Riser, bel\u00fcfteter Aluminium-Notebookhalter f\u00fcr Schreibtisch, kompatibel\u2026 - Markt-XXL","description":"Markt-XXL GIISSMO Laptopst\u00e4nder, h\u00f6henverstellbarer Laptop-Riser, bel\u00fcfteter Aluminium-Notebookhalter f\u00fcr Schreibtisch, kompatibel\u2026","robots":{"index":"index","follow":"follow","max-snippet":"max-snippet:-1","max-image-preview":"max-image-preview:large","max-video-preview":"max-video-preview:-1"},"canonical":"https:\/\/marktxxl.de\/markt\/produkt\/giissmo-laptopstaender-hoehenverstellbarer-laptop-riser-beluefteter-aluminium-notebookhalter-fuer-schreibtisch-kompatibel-mit-10-17-macbook-pro-air-dell-lenovo-samsung-acer-huawei-matebook\/","og_locale":"de_DE","og_type":"article","og_title":"GIISSMO Laptopst\u00e4nder, h\u00f6henverstellbarer Laptop-Riser, bel\u00fcfteter Aluminium-Notebookhalter f\u00fcr Schreibtisch, kompatibel\u2026 - Markt-XXL","og_description":"Markt-XXL GIISSMO Laptopst\u00e4nder, h\u00f6henverstellbarer Laptop-Riser, bel\u00fcfteter Aluminium-Notebookhalter f\u00fcr Schreibtisch, kompatibel\u2026","og_url":"https:\/\/marktxxl.de\/markt\/produkt\/giissmo-laptopstaender-hoehenverstellbarer-laptop-riser-beluefteter-aluminium-notebookhalter-fuer-schreibtisch-kompatibel-mit-10-17-macbook-pro-air-dell-lenovo-samsung-acer-huawei-matebook\/","og_site_name":"Markt-XXL","article_modified_time":"2023-04-09T02:57:16+00:00","og_image":[{"width":500,"height":500,"url":"https:\/\/m.media-amazon.com\/images\/I\/41z6W7IXSHL._SL500_.jpg","type":"image\/jpeg"}],"twitter_card":"summary_large_image","twitter_misc":{"Gesch\u00e4tzte Lesezeit":"1\u00a0Minute"},"schema":{"@context":"https:\/\/schema.org","@graph":[{"@type":"WebPage","@id":"https:\/\/marktxxl.de\/markt\/produkt\/giissmo-laptopstaender-hoehenverstellbarer-laptop-riser-beluefteter-aluminium-notebookhalter-fuer-schreibtisch-kompatibel-mit-10-17-macbook-pro-air-dell-lenovo-samsung-acer-huawei-matebook\/","url":"https:\/\/marktxxl.de\/markt\/produkt\/giissmo-laptopstaender-hoehenverstellbarer-laptop-riser-beluefteter-aluminium-notebookhalter-fuer-schreibtisch-kompatibel-mit-10-17-macbook-pro-air-dell-lenovo-samsung-acer-huawei-matebook\/","name":"GIISSMO Laptopst\u00e4nder, h\u00f6henverstellbarer Laptop-Riser, bel\u00fcfteter Aluminium-Notebookhalter f\u00fcr Schreibtisch, kompatibel\u2026 - Markt-XXL","isPartOf":{"@id":"https:\/\/marktxxl.de\/markt\/#website"},"primaryImageOfPage":{"@id":"https:\/\/marktxxl.de\/markt\/produkt\/giissmo-laptopstaender-hoehenverstellbarer-laptop-riser-beluefteter-aluminium-notebookhalter-fuer-schreibtisch-kompatibel-mit-10-17-macbook-pro-air-dell-lenovo-samsung-acer-huawei-matebook\/#primaryimage"},"image":{"@id":"https:\/\/marktxxl.de\/markt\/produkt\/giissmo-laptopstaender-hoehenverstellbarer-laptop-riser-beluefteter-aluminium-notebookhalter-fuer-schreibtisch-kompatibel-mit-10-17-macbook-pro-air-dell-lenovo-samsung-acer-huawei-matebook\/#primaryimage"},"thumbnailUrl":"https:\/\/m.media-amazon.com\/images\/I\/41z6W7IXSHL._SL500_.jpg","datePublished":"2023-01-10T08:52:50+00:00","dateModified":"2023-04-09T02:57:16+00:00","description":"Markt-XXL GIISSMO Laptopst\u00e4nder, h\u00f6henverstellbarer Laptop-Riser, bel\u00fcfteter Aluminium-Notebookhalter f\u00fcr Schreibtisch, kompatibel\u2026","breadcrumb":{"@id":"https:\/\/marktxxl.de\/markt\/produkt\/giissmo-laptopstaender-hoehenverstellbarer-laptop-riser-beluefteter-aluminium-notebookhalter-fuer-schreibtisch-kompatibel-mit-10-17-macbook-pro-air-dell-lenovo-samsung-acer-huawei-matebook\/#breadcrumb"},"inLanguage":"de","potentialAction":[{"@type":"ReadAction","target":["https:\/\/marktxxl.de\/markt\/produkt\/giissmo-laptopstaender-hoehenverstellbarer-laptop-riser-beluefteter-aluminium-notebookhalter-fuer-schreibtisch-kompatibel-mit-10-17-macbook-pro-air-dell-lenovo-samsung-acer-huawei-matebook\/"]}]},{"@type":"ImageObject","inLanguage":"de","@id":"https:\/\/marktxxl.de\/markt\/produkt\/giissmo-laptopstaender-hoehenverstellbarer-laptop-riser-beluefteter-aluminium-notebookhalter-fuer-schreibtisch-kompatibel-mit-10-17-macbook-pro-air-dell-lenovo-samsung-acer-huawei-matebook\/#primaryimage","url":"https:\/\/m.media-amazon.com\/images\/I\/41z6W7IXSHL._SL500_.jpg","contentUrl":"https:\/\/m.media-amazon.com\/images\/I\/41z6W7IXSHL._SL500_.jpg","width":500,"height":500},{"@type":"BreadcrumbList","@id":"https:\/\/marktxxl.de\/markt\/produkt\/giissmo-laptopstaender-hoehenverstellbarer-laptop-riser-beluefteter-aluminium-notebookhalter-fuer-schreibtisch-kompatibel-mit-10-17-macbook-pro-air-dell-lenovo-samsung-acer-huawei-matebook\/#breadcrumb","itemListElement":[{"@type":"ListItem","position":1,"name":"Startseite","item":"https:\/\/marktxxl.de\/markt\/"},{"@type":"ListItem","position":2,"name":"Markt","item":"https:\/\/marktxxl.de\/markt\/"},{"@type":"ListItem","position":3,"name":"GIISSMO Laptopst\u00e4nder, h\u00f6henverstellbarer Laptop-Riser, bel\u00fcfteter Aluminium-Notebookhalter f\u00fcr Schreibtisch, kompatibel\u2026"}]},{"@type":"WebSite","@id":"https:\/\/marktxxl.de\/markt\/#website","url":"https:\/\/marktxxl.de\/markt\/","name":"Markt-XXL","description":"Ihr Markt Online","publisher":{"@id":"https:\/\/marktxxl.de\/markt\/#organization"},"potentialAction":[{"@type":"SearchAction","target":{"@type":"EntryPoint","urlTemplate":"https:\/\/marktxxl.de\/markt\/?s={search_term_string}"},"query-input":{"@type":"PropertyValueSpecification","valueRequired":true,"valueName":"search_term_string"}}],"inLanguage":"de"},{"@type":"Organization","@id":"https:\/\/marktxxl.de\/markt\/#organization","name":"Markt-XXL","url":"https:\/\/marktxxl.de\/markt\/","logo":{"@type":"ImageObject","inLanguage":"de","@id":"https:\/\/marktxxl.de\/markt\/#\/schema\/logo\/image\/","url":"https:\/\/marktxxl.de\/markt\/wp-content\/uploads\/sites\/3\/2020\/12\/logo.png","contentUrl":"https:\/\/marktxxl.de\/markt\/wp-content\/uploads\/sites\/3\/2020\/12\/logo.png","width":200,"height":70,"caption":"Markt-XXL"},"image":{"@id":"https:\/\/marktxxl.de\/markt\/#\/schema\/logo\/image\/"}}]}},"_links":{"self":[{"href":"https:\/\/marktxxl.de\/markt\/wp-json\/wp\/v2\/product\/183144","targetHints":{"allow":["GET"]}}],"collection":[{"href":"https:\/\/marktxxl.de\/markt\/wp-json\/wp\/v2\/product"}],"about":[{"href":"https:\/\/marktxxl.de\/markt\/wp-json\/wp\/v2\/types\/product"}],"replies":[{"embeddable":true,"href":"https:\/\/marktxxl.de\/markt\/wp-json\/wp\/v2\/comments?post=183144"}],"wp:featuredmedia":[{"embeddable":true,"href":"https:\/\/marktxxl.de\/markt\/wp-json\/wp\/v2\/media\/183145"}],"wp:attachment":[{"href":"https:\/\/marktxxl.de\/markt\/wp-json\/wp\/v2\/media?parent=183144"}],"wp:term":[{"taxonomy":"product_brand","embeddable":true,"href":"https:\/\/marktxxl.de\/markt\/wp-json\/wp\/v2\/product_brand?post=183144"},{"taxonomy":"product_cat","embeddable":true,"href":"https:\/\/marktxxl.de\/markt\/wp-json\/wp\/v2\/product_cat?post=183144"},{"taxonomy":"product_tag","embeddable":true,"href":"https:\/\/marktxxl.de\/markt\/wp-json\/wp\/v2\/product_tag?post=183144"}],"curies":[{"name":"wp","href":"https:\/\/api.w.org\/{rel}","templated":true}]}}