{"id":183000,"date":"2023-01-10T09:46:50","date_gmt":"2023-01-10T08:46:50","guid":{"rendered":"https:\/\/marktxxl.de\/markt\/produkt\/sendmoments-einladungskarten-kommunion-1\/"},"modified":"2023-04-09T04:57:14","modified_gmt":"2023-04-09T02:57:14","slug":"sendmoments-einladungskarten-kommunion-1","status":"publish","type":"product","link":"https:\/\/marktxxl.de\/markt\/produkt\/sendmoments-einladungskarten-kommunion-1\/","title":{"rendered":"Kommunion Einladungskarten, Blaues Band, 5er Klappkarten-Set C6, personalisiert mit Wunschtext &amp; pers\u00f6nlichen Bildern\u2026"},"content":{"rendered":"<p>Kommunionskarten-Set mit 5 quadratischen Klappkarten 145&#215;145 mm. Wahlweise mit stilvoller Veredelung in Gold. Auswahl der Kartenecken optional abgerundet &amp; wei\u00dfe Umschl\u00e4ge mit passendem Design-Aufdruck oder blanko Umschl\u00e4ge in ausgew\u00e4hlten Farben.<br \/>\nBesonders individuell: Gestalten Sie Ihre Karten mit Ihren pers\u00f6nlichen Einladungstexten jetzt direkt in Amazon. Klicken Sie einfach auf &#8220;Jetzt anpassen&#8221; und geben Sie Ihren Wunschtext ein.<br \/>\nDie Kommunion ist ein gro\u00dfes Ereignis f\u00fcr Ihr Kind. Die hochwertig bedruckten Karten in einzigartigen und kreativen Designs wecken vor allem in der Variante mit Foto des Kommunionkinds die Vorfreude auch bei den G\u00e4sten.<br \/>\nF\u00fcr die besondere pers\u00f6nliche Note k\u00f6nnen Sie Ihre Einladungskarten mit jedem handels\u00fcblichen Stift unterschreiben.<br \/>\nUnsere Produkte werden in Deutschland produziert. Die Lieferung erfolgt in sicherer und stabiler Verpackung.<br \/>\n<div class=\"main-cross-sell\" data-asin=\"B017WG66FW\">\n\n\t<div class=\"WooZone-cross-sell-loader\">\n\t\t<div>\n\t\t\t<div id=\"floatingBarsG\">\n\t\t\t\t<div class=\"blockG\" id=\"rotateG_01\"><\/div>\n\t\t\t\t<div class=\"blockG\" id=\"rotateG_02\"><\/div>\n\t\t\t\t<div class=\"blockG\" id=\"rotateG_03\"><\/div>\n\t\t\t\t<div class=\"blockG\" id=\"rotateG_04\"><\/div>\n\t\t\t\t<div class=\"blockG\" id=\"rotateG_05\"><\/div>\n\t\t\t\t<div class=\"blockG\" id=\"rotateG_06\"><\/div>\n\t\t\t\t<div class=\"blockG\" id=\"rotateG_07\"><\/div>\n\t\t\t\t<div class=\"blockG\" id=\"rotateG_08\"><\/div>\n\t\t\t<\/div>\n\t\t\t<div class=\"WooZone-cross-sell-loader-text\"><\/div>\n\t\t<\/div>\n\t<\/div>\n\n\t\t\n<\/div>\n<div style=\"clear:both;\"><\/div><\/p>\n","protected":false},"excerpt":{"rendered":"<p>Kommunionskarten-Set mit 5 quadratischen Klappkarten 145&#215;145 mm. Wahlweise mit stilvoller Veredelung in Gold. Auswahl der Kartenecken optional abgerundet &amp; wei\u00dfe Umschl\u00e4ge mit passendem Design-Aufdruck oder blanko Umschl\u00e4ge in ausgew\u00e4hlten Farben.<br \/>\nBesonders individuell: Gestalten Sie Ihre Karten mit Ihren pers\u00f6nlichen Einladungstexten jetzt direkt in Amazon. Klicken Sie einfach auf &#8220;Jetzt anpassen&#8221; und geben Sie Ihren Wunschtext ein.<br \/>\nDie Kommunion ist ein gro\u00dfes Ereignis f\u00fcr Ihr Kind. Die hochwertig bedruckten Karten in einzigartigen und kreativen Designs wecken vor allem in der Variante mit Foto des Kommunionkinds die Vorfreude auch bei den G\u00e4sten.<\/p>\n","protected":false},"featured_media":183001,"comment_status":"open","ping_status":"closed","template":"","meta":[],"product_brand":[],"product_cat":[504,8527],"product_tag":[],"class_list":{"0":"post-183000","1":"product","2":"type-product","3":"status-publish","4":"has-post-thumbnail","6":"product_cat-buerobedarf-schreibwaren","7":"product_cat-papierprodukte","8":"pa_brand-sendmoments","9":"pa_height-0-03937-zoll","10":"pa_length-5-70865-zoll","11":"pa_manufacturer-sendmoments-gmbh","12":"pa_weight-0-0330693393-pfund","13":"pa_width-5-70865-zoll","15":"first","16":"instock","17":"shipping-taxable","18":"purchasable","19":"product-type-simple","20":"customify-col","21":"product-has-gallery"},"yoast_head":"<!-- This site is optimized with the Yoast SEO plugin v27.3 - https:\/\/yoast.com\/product\/yoast-seo-wordpress\/ -->\n<title>Kommunion Einladungskarten, Blaues Band, 5er Klappkarten-Set C6, personalisiert mit Wunschtext &amp; pers\u00f6nlichen Bildern\u2026 - Markt-XXL<\/title>\n<meta name=\"description\" content=\"Markt-XXL Kommunion Einladungskarten, Blaues Band, 5er Klappkarten-Set C6, personalisiert mit Wunschtext &amp; pers\u00f6nlichen Bildern\u2026\" \/>\n<meta name=\"robots\" content=\"index, follow, max-snippet:-1, max-image-preview:large, max-video-preview:-1\" \/>\n<link rel=\"canonical\" href=\"https:\/\/marktxxl.de\/markt\/produkt\/sendmoments-einladungskarten-kommunion-1\/\" \/>\n<meta property=\"og:locale\" content=\"de_DE\" \/>\n<meta property=\"og:type\" content=\"article\" \/>\n<meta property=\"og:title\" content=\"Kommunion Einladungskarten, Blaues Band, 5er Klappkarten-Set C6, personalisiert mit Wunschtext &amp; pers\u00f6nlichen Bildern\u2026 - Markt-XXL\" \/>\n<meta property=\"og:description\" content=\"Markt-XXL Kommunion Einladungskarten, Blaues Band, 5er Klappkarten-Set C6, personalisiert mit Wunschtext &amp; pers\u00f6nlichen Bildern\u2026\" \/>\n<meta property=\"og:url\" content=\"https:\/\/marktxxl.de\/markt\/produkt\/sendmoments-einladungskarten-kommunion-1\/\" \/>\n<meta property=\"og:site_name\" content=\"Markt-XXL\" \/>\n<meta property=\"article:modified_time\" content=\"2023-04-09T02:57:14+00:00\" \/>\n<meta property=\"og:image\" content=\"https:\/\/m.media-amazon.com\/images\/I\/41HRKGoz0PL._SL500_.jpg\" \/>\n\t<meta property=\"og:image:width\" content=\"500\" \/>\n\t<meta property=\"og:image:height\" content=\"500\" \/>\n\t<meta property=\"og:image:type\" content=\"image\/jpeg\" \/>\n<meta name=\"twitter:card\" content=\"summary_large_image\" \/>\n<meta name=\"twitter:label1\" content=\"Gesch\u00e4tzte Lesezeit\" \/>\n\t<meta name=\"twitter:data1\" content=\"1\u00a0Minute\" \/>\n<script type=\"application\/ld+json\" class=\"yoast-schema-graph\">{\"@context\":\"https:\\\/\\\/schema.org\",\"@graph\":[{\"@type\":\"WebPage\",\"@id\":\"https:\\\/\\\/marktxxl.de\\\/markt\\\/produkt\\\/sendmoments-einladungskarten-kommunion-1\\\/\",\"url\":\"https:\\\/\\\/marktxxl.de\\\/markt\\\/produkt\\\/sendmoments-einladungskarten-kommunion-1\\\/\",\"name\":\"Kommunion Einladungskarten, Blaues Band, 5er Klappkarten-Set C6, personalisiert mit Wunschtext &amp; pers\u00f6nlichen Bildern\u2026 - Markt-XXL\",\"isPartOf\":{\"@id\":\"https:\\\/\\\/marktxxl.de\\\/markt\\\/#website\"},\"primaryImageOfPage\":{\"@id\":\"https:\\\/\\\/marktxxl.de\\\/markt\\\/produkt\\\/sendmoments-einladungskarten-kommunion-1\\\/#primaryimage\"},\"image\":{\"@id\":\"https:\\\/\\\/marktxxl.de\\\/markt\\\/produkt\\\/sendmoments-einladungskarten-kommunion-1\\\/#primaryimage\"},\"thumbnailUrl\":\"https:\\\/\\\/m.media-amazon.com\\\/images\\\/I\\\/41HRKGoz0PL._SL500_.jpg\",\"datePublished\":\"2023-01-10T08:46:50+00:00\",\"dateModified\":\"2023-04-09T02:57:14+00:00\",\"description\":\"Markt-XXL Kommunion Einladungskarten, Blaues Band, 5er Klappkarten-Set C6, personalisiert mit Wunschtext &amp; pers\u00f6nlichen Bildern\u2026\",\"breadcrumb\":{\"@id\":\"https:\\\/\\\/marktxxl.de\\\/markt\\\/produkt\\\/sendmoments-einladungskarten-kommunion-1\\\/#breadcrumb\"},\"inLanguage\":\"de\",\"potentialAction\":[{\"@type\":\"ReadAction\",\"target\":[\"https:\\\/\\\/marktxxl.de\\\/markt\\\/produkt\\\/sendmoments-einladungskarten-kommunion-1\\\/\"]}]},{\"@type\":\"ImageObject\",\"inLanguage\":\"de\",\"@id\":\"https:\\\/\\\/marktxxl.de\\\/markt\\\/produkt\\\/sendmoments-einladungskarten-kommunion-1\\\/#primaryimage\",\"url\":\"https:\\\/\\\/m.media-amazon.com\\\/images\\\/I\\\/41HRKGoz0PL._SL500_.jpg\",\"contentUrl\":\"https:\\\/\\\/m.media-amazon.com\\\/images\\\/I\\\/41HRKGoz0PL._SL500_.jpg\",\"width\":500,\"height\":500},{\"@type\":\"BreadcrumbList\",\"@id\":\"https:\\\/\\\/marktxxl.de\\\/markt\\\/produkt\\\/sendmoments-einladungskarten-kommunion-1\\\/#breadcrumb\",\"itemListElement\":[{\"@type\":\"ListItem\",\"position\":1,\"name\":\"Startseite\",\"item\":\"https:\\\/\\\/marktxxl.de\\\/markt\\\/\"},{\"@type\":\"ListItem\",\"position\":2,\"name\":\"Markt\",\"item\":\"https:\\\/\\\/marktxxl.de\\\/markt\\\/\"},{\"@type\":\"ListItem\",\"position\":3,\"name\":\"Kommunion Einladungskarten, Blaues Band, 5er Klappkarten-Set C6, personalisiert mit Wunschtext &amp; pers\u00f6nlichen Bildern\u2026\"}]},{\"@type\":\"WebSite\",\"@id\":\"https:\\\/\\\/marktxxl.de\\\/markt\\\/#website\",\"url\":\"https:\\\/\\\/marktxxl.de\\\/markt\\\/\",\"name\":\"Markt-XXL\",\"description\":\"Ihr Markt Online\",\"publisher\":{\"@id\":\"https:\\\/\\\/marktxxl.de\\\/markt\\\/#organization\"},\"potentialAction\":[{\"@type\":\"SearchAction\",\"target\":{\"@type\":\"EntryPoint\",\"urlTemplate\":\"https:\\\/\\\/marktxxl.de\\\/markt\\\/?s={search_term_string}\"},\"query-input\":{\"@type\":\"PropertyValueSpecification\",\"valueRequired\":true,\"valueName\":\"search_term_string\"}}],\"inLanguage\":\"de\"},{\"@type\":\"Organization\",\"@id\":\"https:\\\/\\\/marktxxl.de\\\/markt\\\/#organization\",\"name\":\"Markt-XXL\",\"url\":\"https:\\\/\\\/marktxxl.de\\\/markt\\\/\",\"logo\":{\"@type\":\"ImageObject\",\"inLanguage\":\"de\",\"@id\":\"https:\\\/\\\/marktxxl.de\\\/markt\\\/#\\\/schema\\\/logo\\\/image\\\/\",\"url\":\"https:\\\/\\\/marktxxl.de\\\/markt\\\/wp-content\\\/uploads\\\/sites\\\/3\\\/2020\\\/12\\\/logo.png\",\"contentUrl\":\"https:\\\/\\\/marktxxl.de\\\/markt\\\/wp-content\\\/uploads\\\/sites\\\/3\\\/2020\\\/12\\\/logo.png\",\"width\":200,\"height\":70,\"caption\":\"Markt-XXL\"},\"image\":{\"@id\":\"https:\\\/\\\/marktxxl.de\\\/markt\\\/#\\\/schema\\\/logo\\\/image\\\/\"}}]}<\/script>\n<!-- \/ Yoast SEO plugin. -->","yoast_head_json":{"title":"Kommunion Einladungskarten, Blaues Band, 5er Klappkarten-Set C6, personalisiert mit Wunschtext &amp; pers\u00f6nlichen Bildern\u2026 - Markt-XXL","description":"Markt-XXL Kommunion Einladungskarten, Blaues Band, 5er Klappkarten-Set C6, personalisiert mit Wunschtext &amp; pers\u00f6nlichen Bildern\u2026","robots":{"index":"index","follow":"follow","max-snippet":"max-snippet:-1","max-image-preview":"max-image-preview:large","max-video-preview":"max-video-preview:-1"},"canonical":"https:\/\/marktxxl.de\/markt\/produkt\/sendmoments-einladungskarten-kommunion-1\/","og_locale":"de_DE","og_type":"article","og_title":"Kommunion Einladungskarten, Blaues Band, 5er Klappkarten-Set C6, personalisiert mit Wunschtext &amp; pers\u00f6nlichen Bildern\u2026 - Markt-XXL","og_description":"Markt-XXL Kommunion Einladungskarten, Blaues Band, 5er Klappkarten-Set C6, personalisiert mit Wunschtext &amp; pers\u00f6nlichen Bildern\u2026","og_url":"https:\/\/marktxxl.de\/markt\/produkt\/sendmoments-einladungskarten-kommunion-1\/","og_site_name":"Markt-XXL","article_modified_time":"2023-04-09T02:57:14+00:00","og_image":[{"width":500,"height":500,"url":"https:\/\/m.media-amazon.com\/images\/I\/41HRKGoz0PL._SL500_.jpg","type":"image\/jpeg"}],"twitter_card":"summary_large_image","twitter_misc":{"Gesch\u00e4tzte Lesezeit":"1\u00a0Minute"},"schema":{"@context":"https:\/\/schema.org","@graph":[{"@type":"WebPage","@id":"https:\/\/marktxxl.de\/markt\/produkt\/sendmoments-einladungskarten-kommunion-1\/","url":"https:\/\/marktxxl.de\/markt\/produkt\/sendmoments-einladungskarten-kommunion-1\/","name":"Kommunion Einladungskarten, Blaues Band, 5er Klappkarten-Set C6, personalisiert mit Wunschtext &amp; pers\u00f6nlichen Bildern\u2026 - Markt-XXL","isPartOf":{"@id":"https:\/\/marktxxl.de\/markt\/#website"},"primaryImageOfPage":{"@id":"https:\/\/marktxxl.de\/markt\/produkt\/sendmoments-einladungskarten-kommunion-1\/#primaryimage"},"image":{"@id":"https:\/\/marktxxl.de\/markt\/produkt\/sendmoments-einladungskarten-kommunion-1\/#primaryimage"},"thumbnailUrl":"https:\/\/m.media-amazon.com\/images\/I\/41HRKGoz0PL._SL500_.jpg","datePublished":"2023-01-10T08:46:50+00:00","dateModified":"2023-04-09T02:57:14+00:00","description":"Markt-XXL Kommunion Einladungskarten, Blaues Band, 5er Klappkarten-Set C6, personalisiert mit Wunschtext &amp; pers\u00f6nlichen Bildern\u2026","breadcrumb":{"@id":"https:\/\/marktxxl.de\/markt\/produkt\/sendmoments-einladungskarten-kommunion-1\/#breadcrumb"},"inLanguage":"de","potentialAction":[{"@type":"ReadAction","target":["https:\/\/marktxxl.de\/markt\/produkt\/sendmoments-einladungskarten-kommunion-1\/"]}]},{"@type":"ImageObject","inLanguage":"de","@id":"https:\/\/marktxxl.de\/markt\/produkt\/sendmoments-einladungskarten-kommunion-1\/#primaryimage","url":"https:\/\/m.media-amazon.com\/images\/I\/41HRKGoz0PL._SL500_.jpg","contentUrl":"https:\/\/m.media-amazon.com\/images\/I\/41HRKGoz0PL._SL500_.jpg","width":500,"height":500},{"@type":"BreadcrumbList","@id":"https:\/\/marktxxl.de\/markt\/produkt\/sendmoments-einladungskarten-kommunion-1\/#breadcrumb","itemListElement":[{"@type":"ListItem","position":1,"name":"Startseite","item":"https:\/\/marktxxl.de\/markt\/"},{"@type":"ListItem","position":2,"name":"Markt","item":"https:\/\/marktxxl.de\/markt\/"},{"@type":"ListItem","position":3,"name":"Kommunion Einladungskarten, Blaues Band, 5er Klappkarten-Set C6, personalisiert mit Wunschtext &amp; pers\u00f6nlichen Bildern\u2026"}]},{"@type":"WebSite","@id":"https:\/\/marktxxl.de\/markt\/#website","url":"https:\/\/marktxxl.de\/markt\/","name":"Markt-XXL","description":"Ihr Markt Online","publisher":{"@id":"https:\/\/marktxxl.de\/markt\/#organization"},"potentialAction":[{"@type":"SearchAction","target":{"@type":"EntryPoint","urlTemplate":"https:\/\/marktxxl.de\/markt\/?s={search_term_string}"},"query-input":{"@type":"PropertyValueSpecification","valueRequired":true,"valueName":"search_term_string"}}],"inLanguage":"de"},{"@type":"Organization","@id":"https:\/\/marktxxl.de\/markt\/#organization","name":"Markt-XXL","url":"https:\/\/marktxxl.de\/markt\/","logo":{"@type":"ImageObject","inLanguage":"de","@id":"https:\/\/marktxxl.de\/markt\/#\/schema\/logo\/image\/","url":"https:\/\/marktxxl.de\/markt\/wp-content\/uploads\/sites\/3\/2020\/12\/logo.png","contentUrl":"https:\/\/marktxxl.de\/markt\/wp-content\/uploads\/sites\/3\/2020\/12\/logo.png","width":200,"height":70,"caption":"Markt-XXL"},"image":{"@id":"https:\/\/marktxxl.de\/markt\/#\/schema\/logo\/image\/"}}]}},"_links":{"self":[{"href":"https:\/\/marktxxl.de\/markt\/wp-json\/wp\/v2\/product\/183000","targetHints":{"allow":["GET"]}}],"collection":[{"href":"https:\/\/marktxxl.de\/markt\/wp-json\/wp\/v2\/product"}],"about":[{"href":"https:\/\/marktxxl.de\/markt\/wp-json\/wp\/v2\/types\/product"}],"replies":[{"embeddable":true,"href":"https:\/\/marktxxl.de\/markt\/wp-json\/wp\/v2\/comments?post=183000"}],"wp:featuredmedia":[{"embeddable":true,"href":"https:\/\/marktxxl.de\/markt\/wp-json\/wp\/v2\/media\/183001"}],"wp:attachment":[{"href":"https:\/\/marktxxl.de\/markt\/wp-json\/wp\/v2\/media?parent=183000"}],"wp:term":[{"taxonomy":"product_brand","embeddable":true,"href":"https:\/\/marktxxl.de\/markt\/wp-json\/wp\/v2\/product_brand?post=183000"},{"taxonomy":"product_cat","embeddable":true,"href":"https:\/\/marktxxl.de\/markt\/wp-json\/wp\/v2\/product_cat?post=183000"},{"taxonomy":"product_tag","embeddable":true,"href":"https:\/\/marktxxl.de\/markt\/wp-json\/wp\/v2\/product_tag?post=183000"}],"curies":[{"name":"wp","href":"https:\/\/api.w.org\/{rel}","templated":true}]}}