{"id":182907,"date":"2023-01-10T09:21:21","date_gmt":"2023-01-10T08:21:21","guid":{"rendered":"https:\/\/marktxxl.de\/markt\/produkt\/laserart24-granitherz-grabstein-grabplatte-oder-grabschmuck-mit-dem-motiv-grabstein-h67-und-ihrem-text-daten\/"},"modified":"2023-04-09T04:57:13","modified_gmt":"2023-04-09T02:57:13","slug":"laserart24-granitherz-grabstein-grabplatte-oder-grabschmuck-mit-dem-motiv-grabstein-h67-und-ihrem-text-daten","status":"publish","type":"product","link":"https:\/\/marktxxl.de\/markt\/produkt\/laserart24-granitherz-grabstein-grabplatte-oder-grabschmuck-mit-dem-motiv-grabstein-h67-und-ihrem-text-daten\/","title":{"rendered":"LaserArt24 GRANITHERZ Grabstein, Grabplatte oder Grabschmuck mit dem Motiv Grabstein-h67 und Ihrem Text\/Daten"},"content":{"rendered":"<p>Material: Granit \/ Gravurart: wetterfeste Lasergravur<br \/>\nBitte senden Sie uns die ben\u00f6tigten Daten \u00fcber &#8220;Meine Bestellungen -&gt; Verk\u00e4ufer Kontaktieren&#8221; zu.<br \/>\nUm Granitplatten mit anderen Motiven angezeigt zu bekommen, geben Sie &#8220;LaserArt24&#8221; in die Amazonsuche ein (bitte achten Sie hierbei darauf, in ALLEN Kategorien zu suchen).<br \/>\nPlattendicke: ca. 1 cm<br \/>\n<div class=\"main-cross-sell\" data-asin=\"B075X361B4\">\n\n\t<div class=\"WooZone-cross-sell-loader\">\n\t\t<div>\n\t\t\t<div id=\"floatingBarsG\">\n\t\t\t\t<div class=\"blockG\" id=\"rotateG_01\"><\/div>\n\t\t\t\t<div class=\"blockG\" id=\"rotateG_02\"><\/div>\n\t\t\t\t<div class=\"blockG\" id=\"rotateG_03\"><\/div>\n\t\t\t\t<div class=\"blockG\" id=\"rotateG_04\"><\/div>\n\t\t\t\t<div class=\"blockG\" id=\"rotateG_05\"><\/div>\n\t\t\t\t<div class=\"blockG\" id=\"rotateG_06\"><\/div>\n\t\t\t\t<div class=\"blockG\" id=\"rotateG_07\"><\/div>\n\t\t\t\t<div class=\"blockG\" id=\"rotateG_08\"><\/div>\n\t\t\t<\/div>\n\t\t\t<div class=\"WooZone-cross-sell-loader-text\"><\/div>\n\t\t<\/div>\n\t<\/div>\n\n\t\t\n<\/div>\n<div style=\"clear:both;\"><\/div><\/p>\n","protected":false},"excerpt":{"rendered":"<p>Material: Granit \/ Gravurart: wetterfeste Lasergravur<br \/>\nBitte senden Sie uns die ben\u00f6tigten Daten \u00fcber &#8220;Meine Bestellungen -&gt; Verk\u00e4ufer Kontaktieren&#8221; zu.<br \/>\nUm Granitplatten mit anderen Motiven angezeigt zu bekommen, geben Sie &#8220;LaserArt24&#8221; in die Amazonsuche ein (bitte achten Sie hierbei darauf, in ALLEN Kategorien zu suchen).<\/p>\n","protected":false},"featured_media":182908,"comment_status":"open","ping_status":"closed","template":"","meta":[],"product_brand":[],"product_cat":[504,8527],"product_tag":[],"class_list":{"0":"post-182907","1":"product","2":"type-product","3":"status-publish","4":"has-post-thumbnail","6":"product_cat-buerobedarf-schreibwaren","7":"product_cat-papierprodukte","8":"pa_brand-laserart24","9":"pa_manufacturer-laserart24","11":"first","12":"instock","13":"shipping-taxable","14":"purchasable","15":"product-type-simple","16":"customify-col","17":"product-has-gallery"},"yoast_head":"<!-- This site is optimized with the Yoast SEO plugin v27.4 - https:\/\/yoast.com\/product\/yoast-seo-wordpress\/ -->\n<title>LaserArt24 GRANITHERZ Grabstein, Grabplatte oder Grabschmuck mit dem Motiv Grabstein-h67 und Ihrem Text\/Daten - Markt-XXL<\/title>\n<meta name=\"description\" content=\"Markt-XXL LaserArt24 GRANITHERZ Grabstein, Grabplatte oder Grabschmuck mit dem Motiv Grabstein-h67 und Ihrem Text\/Daten\" \/>\n<meta name=\"robots\" content=\"index, follow, max-snippet:-1, max-image-preview:large, max-video-preview:-1\" \/>\n<link rel=\"canonical\" href=\"https:\/\/marktxxl.de\/markt\/produkt\/laserart24-granitherz-grabstein-grabplatte-oder-grabschmuck-mit-dem-motiv-grabstein-h67-und-ihrem-text-daten\/\" \/>\n<meta property=\"og:locale\" content=\"de_DE\" \/>\n<meta property=\"og:type\" content=\"article\" \/>\n<meta property=\"og:title\" content=\"LaserArt24 GRANITHERZ Grabstein, Grabplatte oder Grabschmuck mit dem Motiv Grabstein-h67 und Ihrem Text\/Daten - Markt-XXL\" \/>\n<meta property=\"og:description\" content=\"Markt-XXL LaserArt24 GRANITHERZ Grabstein, Grabplatte oder Grabschmuck mit dem Motiv Grabstein-h67 und Ihrem Text\/Daten\" \/>\n<meta property=\"og:url\" content=\"https:\/\/marktxxl.de\/markt\/produkt\/laserart24-granitherz-grabstein-grabplatte-oder-grabschmuck-mit-dem-motiv-grabstein-h67-und-ihrem-text-daten\/\" \/>\n<meta property=\"og:site_name\" content=\"Markt-XXL\" \/>\n<meta property=\"article:modified_time\" content=\"2023-04-09T02:57:13+00:00\" \/>\n<meta property=\"og:image\" content=\"https:\/\/m.media-amazon.com\/images\/I\/51dR1BOD2aL._SL500_.jpg\" \/>\n\t<meta property=\"og:image:width\" content=\"500\" \/>\n\t<meta property=\"og:image:height\" content=\"473\" \/>\n\t<meta property=\"og:image:type\" content=\"image\/jpeg\" \/>\n<meta name=\"twitter:card\" content=\"summary_large_image\" \/>\n<script type=\"application\/ld+json\" class=\"yoast-schema-graph\">{\"@context\":\"https:\\\/\\\/schema.org\",\"@graph\":[{\"@type\":\"WebPage\",\"@id\":\"https:\\\/\\\/marktxxl.de\\\/markt\\\/produkt\\\/laserart24-granitherz-grabstein-grabplatte-oder-grabschmuck-mit-dem-motiv-grabstein-h67-und-ihrem-text-daten\\\/\",\"url\":\"https:\\\/\\\/marktxxl.de\\\/markt\\\/produkt\\\/laserart24-granitherz-grabstein-grabplatte-oder-grabschmuck-mit-dem-motiv-grabstein-h67-und-ihrem-text-daten\\\/\",\"name\":\"LaserArt24 GRANITHERZ Grabstein, Grabplatte oder Grabschmuck mit dem Motiv Grabstein-h67 und Ihrem Text\\\/Daten - Markt-XXL\",\"isPartOf\":{\"@id\":\"https:\\\/\\\/marktxxl.de\\\/markt\\\/#website\"},\"primaryImageOfPage\":{\"@id\":\"https:\\\/\\\/marktxxl.de\\\/markt\\\/produkt\\\/laserart24-granitherz-grabstein-grabplatte-oder-grabschmuck-mit-dem-motiv-grabstein-h67-und-ihrem-text-daten\\\/#primaryimage\"},\"image\":{\"@id\":\"https:\\\/\\\/marktxxl.de\\\/markt\\\/produkt\\\/laserart24-granitherz-grabstein-grabplatte-oder-grabschmuck-mit-dem-motiv-grabstein-h67-und-ihrem-text-daten\\\/#primaryimage\"},\"thumbnailUrl\":\"https:\\\/\\\/m.media-amazon.com\\\/images\\\/I\\\/51dR1BOD2aL._SL500_.jpg\",\"datePublished\":\"2023-01-10T08:21:21+00:00\",\"dateModified\":\"2023-04-09T02:57:13+00:00\",\"description\":\"Markt-XXL LaserArt24 GRANITHERZ Grabstein, Grabplatte oder Grabschmuck mit dem Motiv Grabstein-h67 und Ihrem Text\\\/Daten\",\"breadcrumb\":{\"@id\":\"https:\\\/\\\/marktxxl.de\\\/markt\\\/produkt\\\/laserart24-granitherz-grabstein-grabplatte-oder-grabschmuck-mit-dem-motiv-grabstein-h67-und-ihrem-text-daten\\\/#breadcrumb\"},\"inLanguage\":\"de\",\"potentialAction\":[{\"@type\":\"ReadAction\",\"target\":[\"https:\\\/\\\/marktxxl.de\\\/markt\\\/produkt\\\/laserart24-granitherz-grabstein-grabplatte-oder-grabschmuck-mit-dem-motiv-grabstein-h67-und-ihrem-text-daten\\\/\"]}]},{\"@type\":\"ImageObject\",\"inLanguage\":\"de\",\"@id\":\"https:\\\/\\\/marktxxl.de\\\/markt\\\/produkt\\\/laserart24-granitherz-grabstein-grabplatte-oder-grabschmuck-mit-dem-motiv-grabstein-h67-und-ihrem-text-daten\\\/#primaryimage\",\"url\":\"https:\\\/\\\/m.media-amazon.com\\\/images\\\/I\\\/51dR1BOD2aL._SL500_.jpg\",\"contentUrl\":\"https:\\\/\\\/m.media-amazon.com\\\/images\\\/I\\\/51dR1BOD2aL._SL500_.jpg\",\"width\":500,\"height\":473},{\"@type\":\"BreadcrumbList\",\"@id\":\"https:\\\/\\\/marktxxl.de\\\/markt\\\/produkt\\\/laserart24-granitherz-grabstein-grabplatte-oder-grabschmuck-mit-dem-motiv-grabstein-h67-und-ihrem-text-daten\\\/#breadcrumb\",\"itemListElement\":[{\"@type\":\"ListItem\",\"position\":1,\"name\":\"Startseite\",\"item\":\"https:\\\/\\\/marktxxl.de\\\/markt\\\/\"},{\"@type\":\"ListItem\",\"position\":2,\"name\":\"Markt\",\"item\":\"https:\\\/\\\/marktxxl.de\\\/markt\\\/\"},{\"@type\":\"ListItem\",\"position\":3,\"name\":\"LaserArt24 GRANITHERZ Grabstein, Grabplatte oder Grabschmuck mit dem Motiv Grabstein-h67 und Ihrem Text\\\/Daten\"}]},{\"@type\":\"WebSite\",\"@id\":\"https:\\\/\\\/marktxxl.de\\\/markt\\\/#website\",\"url\":\"https:\\\/\\\/marktxxl.de\\\/markt\\\/\",\"name\":\"Markt-XXL\",\"description\":\"Ihr Markt Online\",\"publisher\":{\"@id\":\"https:\\\/\\\/marktxxl.de\\\/markt\\\/#organization\"},\"potentialAction\":[{\"@type\":\"SearchAction\",\"target\":{\"@type\":\"EntryPoint\",\"urlTemplate\":\"https:\\\/\\\/marktxxl.de\\\/markt\\\/?s={search_term_string}\"},\"query-input\":{\"@type\":\"PropertyValueSpecification\",\"valueRequired\":true,\"valueName\":\"search_term_string\"}}],\"inLanguage\":\"de\"},{\"@type\":\"Organization\",\"@id\":\"https:\\\/\\\/marktxxl.de\\\/markt\\\/#organization\",\"name\":\"Markt-XXL\",\"url\":\"https:\\\/\\\/marktxxl.de\\\/markt\\\/\",\"logo\":{\"@type\":\"ImageObject\",\"inLanguage\":\"de\",\"@id\":\"https:\\\/\\\/marktxxl.de\\\/markt\\\/#\\\/schema\\\/logo\\\/image\\\/\",\"url\":\"https:\\\/\\\/marktxxl.de\\\/markt\\\/wp-content\\\/uploads\\\/sites\\\/3\\\/2020\\\/12\\\/logo.png\",\"contentUrl\":\"https:\\\/\\\/marktxxl.de\\\/markt\\\/wp-content\\\/uploads\\\/sites\\\/3\\\/2020\\\/12\\\/logo.png\",\"width\":200,\"height\":70,\"caption\":\"Markt-XXL\"},\"image\":{\"@id\":\"https:\\\/\\\/marktxxl.de\\\/markt\\\/#\\\/schema\\\/logo\\\/image\\\/\"}}]}<\/script>\n<!-- \/ Yoast SEO plugin. -->","yoast_head_json":{"title":"LaserArt24 GRANITHERZ Grabstein, Grabplatte oder Grabschmuck mit dem Motiv Grabstein-h67 und Ihrem Text\/Daten - Markt-XXL","description":"Markt-XXL LaserArt24 GRANITHERZ Grabstein, Grabplatte oder Grabschmuck mit dem Motiv Grabstein-h67 und Ihrem Text\/Daten","robots":{"index":"index","follow":"follow","max-snippet":"max-snippet:-1","max-image-preview":"max-image-preview:large","max-video-preview":"max-video-preview:-1"},"canonical":"https:\/\/marktxxl.de\/markt\/produkt\/laserart24-granitherz-grabstein-grabplatte-oder-grabschmuck-mit-dem-motiv-grabstein-h67-und-ihrem-text-daten\/","og_locale":"de_DE","og_type":"article","og_title":"LaserArt24 GRANITHERZ Grabstein, Grabplatte oder Grabschmuck mit dem Motiv Grabstein-h67 und Ihrem Text\/Daten - Markt-XXL","og_description":"Markt-XXL LaserArt24 GRANITHERZ Grabstein, Grabplatte oder Grabschmuck mit dem Motiv Grabstein-h67 und Ihrem Text\/Daten","og_url":"https:\/\/marktxxl.de\/markt\/produkt\/laserart24-granitherz-grabstein-grabplatte-oder-grabschmuck-mit-dem-motiv-grabstein-h67-und-ihrem-text-daten\/","og_site_name":"Markt-XXL","article_modified_time":"2023-04-09T02:57:13+00:00","og_image":[{"width":500,"height":473,"url":"https:\/\/m.media-amazon.com\/images\/I\/51dR1BOD2aL._SL500_.jpg","type":"image\/jpeg"}],"twitter_card":"summary_large_image","schema":{"@context":"https:\/\/schema.org","@graph":[{"@type":"WebPage","@id":"https:\/\/marktxxl.de\/markt\/produkt\/laserart24-granitherz-grabstein-grabplatte-oder-grabschmuck-mit-dem-motiv-grabstein-h67-und-ihrem-text-daten\/","url":"https:\/\/marktxxl.de\/markt\/produkt\/laserart24-granitherz-grabstein-grabplatte-oder-grabschmuck-mit-dem-motiv-grabstein-h67-und-ihrem-text-daten\/","name":"LaserArt24 GRANITHERZ Grabstein, Grabplatte oder Grabschmuck mit dem Motiv Grabstein-h67 und Ihrem Text\/Daten - Markt-XXL","isPartOf":{"@id":"https:\/\/marktxxl.de\/markt\/#website"},"primaryImageOfPage":{"@id":"https:\/\/marktxxl.de\/markt\/produkt\/laserart24-granitherz-grabstein-grabplatte-oder-grabschmuck-mit-dem-motiv-grabstein-h67-und-ihrem-text-daten\/#primaryimage"},"image":{"@id":"https:\/\/marktxxl.de\/markt\/produkt\/laserart24-granitherz-grabstein-grabplatte-oder-grabschmuck-mit-dem-motiv-grabstein-h67-und-ihrem-text-daten\/#primaryimage"},"thumbnailUrl":"https:\/\/m.media-amazon.com\/images\/I\/51dR1BOD2aL._SL500_.jpg","datePublished":"2023-01-10T08:21:21+00:00","dateModified":"2023-04-09T02:57:13+00:00","description":"Markt-XXL LaserArt24 GRANITHERZ Grabstein, Grabplatte oder Grabschmuck mit dem Motiv Grabstein-h67 und Ihrem Text\/Daten","breadcrumb":{"@id":"https:\/\/marktxxl.de\/markt\/produkt\/laserart24-granitherz-grabstein-grabplatte-oder-grabschmuck-mit-dem-motiv-grabstein-h67-und-ihrem-text-daten\/#breadcrumb"},"inLanguage":"de","potentialAction":[{"@type":"ReadAction","target":["https:\/\/marktxxl.de\/markt\/produkt\/laserart24-granitherz-grabstein-grabplatte-oder-grabschmuck-mit-dem-motiv-grabstein-h67-und-ihrem-text-daten\/"]}]},{"@type":"ImageObject","inLanguage":"de","@id":"https:\/\/marktxxl.de\/markt\/produkt\/laserart24-granitherz-grabstein-grabplatte-oder-grabschmuck-mit-dem-motiv-grabstein-h67-und-ihrem-text-daten\/#primaryimage","url":"https:\/\/m.media-amazon.com\/images\/I\/51dR1BOD2aL._SL500_.jpg","contentUrl":"https:\/\/m.media-amazon.com\/images\/I\/51dR1BOD2aL._SL500_.jpg","width":500,"height":473},{"@type":"BreadcrumbList","@id":"https:\/\/marktxxl.de\/markt\/produkt\/laserart24-granitherz-grabstein-grabplatte-oder-grabschmuck-mit-dem-motiv-grabstein-h67-und-ihrem-text-daten\/#breadcrumb","itemListElement":[{"@type":"ListItem","position":1,"name":"Startseite","item":"https:\/\/marktxxl.de\/markt\/"},{"@type":"ListItem","position":2,"name":"Markt","item":"https:\/\/marktxxl.de\/markt\/"},{"@type":"ListItem","position":3,"name":"LaserArt24 GRANITHERZ Grabstein, Grabplatte oder Grabschmuck mit dem Motiv Grabstein-h67 und Ihrem Text\/Daten"}]},{"@type":"WebSite","@id":"https:\/\/marktxxl.de\/markt\/#website","url":"https:\/\/marktxxl.de\/markt\/","name":"Markt-XXL","description":"Ihr Markt Online","publisher":{"@id":"https:\/\/marktxxl.de\/markt\/#organization"},"potentialAction":[{"@type":"SearchAction","target":{"@type":"EntryPoint","urlTemplate":"https:\/\/marktxxl.de\/markt\/?s={search_term_string}"},"query-input":{"@type":"PropertyValueSpecification","valueRequired":true,"valueName":"search_term_string"}}],"inLanguage":"de"},{"@type":"Organization","@id":"https:\/\/marktxxl.de\/markt\/#organization","name":"Markt-XXL","url":"https:\/\/marktxxl.de\/markt\/","logo":{"@type":"ImageObject","inLanguage":"de","@id":"https:\/\/marktxxl.de\/markt\/#\/schema\/logo\/image\/","url":"https:\/\/marktxxl.de\/markt\/wp-content\/uploads\/sites\/3\/2020\/12\/logo.png","contentUrl":"https:\/\/marktxxl.de\/markt\/wp-content\/uploads\/sites\/3\/2020\/12\/logo.png","width":200,"height":70,"caption":"Markt-XXL"},"image":{"@id":"https:\/\/marktxxl.de\/markt\/#\/schema\/logo\/image\/"}}]}},"_links":{"self":[{"href":"https:\/\/marktxxl.de\/markt\/wp-json\/wp\/v2\/product\/182907","targetHints":{"allow":["GET"]}}],"collection":[{"href":"https:\/\/marktxxl.de\/markt\/wp-json\/wp\/v2\/product"}],"about":[{"href":"https:\/\/marktxxl.de\/markt\/wp-json\/wp\/v2\/types\/product"}],"replies":[{"embeddable":true,"href":"https:\/\/marktxxl.de\/markt\/wp-json\/wp\/v2\/comments?post=182907"}],"wp:featuredmedia":[{"embeddable":true,"href":"https:\/\/marktxxl.de\/markt\/wp-json\/wp\/v2\/media\/182908"}],"wp:attachment":[{"href":"https:\/\/marktxxl.de\/markt\/wp-json\/wp\/v2\/media?parent=182907"}],"wp:term":[{"taxonomy":"product_brand","embeddable":true,"href":"https:\/\/marktxxl.de\/markt\/wp-json\/wp\/v2\/product_brand?post=182907"},{"taxonomy":"product_cat","embeddable":true,"href":"https:\/\/marktxxl.de\/markt\/wp-json\/wp\/v2\/product_cat?post=182907"},{"taxonomy":"product_tag","embeddable":true,"href":"https:\/\/marktxxl.de\/markt\/wp-json\/wp\/v2\/product_tag?post=182907"}],"curies":[{"name":"wp","href":"https:\/\/api.w.org\/{rel}","templated":true}]}}