{"id":182838,"date":"2023-01-10T09:19:28","date_gmt":"2023-01-10T08:19:28","guid":{"rendered":"https:\/\/marktxxl.de\/markt\/produkt\/rohe-afrikanische-sheabutter-277-kg-ethisch-gewonnen-handgefertigt-100-natuerlich-wild-geerntet-unraffiniert-elfenbeinfarben-pflanzlich-vegan\/"},"modified":"2023-04-09T04:57:12","modified_gmt":"2023-04-09T02:57:12","slug":"rohe-afrikanische-sheabutter-277-kg-ethisch-gewonnen-handgefertigt-100-natuerlich-wild-geerntet-unraffiniert-elfenbeinfarben-pflanzlich-vegan","status":"publish","type":"product","link":"https:\/\/marktxxl.de\/markt\/produkt\/rohe-afrikanische-sheabutter-277-kg-ethisch-gewonnen-handgefertigt-100-natuerlich-wild-geerntet-unraffiniert-elfenbeinfarben-pflanzlich-vegan\/","title":{"rendered":"FairTale GHANA Rohe Afrikanische Sheabutter 2,77 kg Ethisch gewonnen, Handgefertigt, 100% nat\u00fcrlich, Wild geerntet\u2026"},"content":{"rendered":"<p>Seit Jahrhunderten verlassen sich die Menschen auf Shea-Butter, um ihre Haut bei jedem Wetter jung und gesund zu halten. Die heilenden Kr\u00e4fte der Butter waren legend\u00e4r. Sheabutter wird in fast allen afrikanischen historischen Dokumenten erw\u00e4hnt. In Cleopatras \u00c4gypten trugen Wohnwagen Gl\u00e4ser davon nur f\u00fcr die kosmetische Verwendung. Heutzutage bek\u00e4mpft Shea-Butter Falten und macht Menschen glattere K\u00fcsser sowohl in der N\u00e4he des \u00c4quators als auch der Stangen.<br \/>\nWie benutzt man diese Magie?\u00a0 Sch\u00fctzen Sie Ihre Haut vor Umweltsch\u00e4den, vor rauen Wind und K\u00e4lte. Verwenden Sie es, um den nat\u00fcrlichen Glanz Ihres Haares wiederherzustellen. Um es zu verwenden, reiben Sie eine kleine Menge roher Sheabutter in Ihre Handfl\u00e4che, bis es schmilzt. Und dann einfach auf die Haut oder das Haar auftragen oder in Ihre eigenen Handcremes, Lotionen und K\u00f6rperbutter mischen.<br \/>\nDie Sch\u00f6nheit des ethischen Gesch\u00e4fts. Wie Sie glauben wir an ein faires Gesch\u00e4ft, in dem sowohl Produzenten als auch Verbraucher die Vorteile ihres Produkts nach Hause nehmen. Und hier kommen Sie und ich reinkommen &#8211; wir alle k\u00f6nnen damit anfangen, darauf zu achten, woher unsere Sheabutter kommt. Dies ist ein einfacher, aber m\u00e4chtiger Schritt, um sicherzustellen, dass die Beteiligten ihren gerechten Anteil erhalten.<br \/>\nBitte KAUFEN SIE NICHT, wenn Sie RAFFINIERTE wei\u00dfe und geruchlose Sheabutter wollen! Wir verkaufen nur rohen, unraffinierten Shea. Auch die Farbe von roher Butter kann von cremefarben bis graugelb variieren. Wir versprechen unseren Kunden, unsere Sheabutter niemals zu veredeln! Wir versenden es aus unserer Fabrik genau so, wie es in Afrika seit Jahrhunderten verwendet wird! Und dabei bleibt es!<br \/>\n<div class=\"main-cross-sell\" data-asin=\"B01J29G6BQ\">\n\n\t<div class=\"WooZone-cross-sell-loader\">\n\t\t<div>\n\t\t\t<div id=\"floatingBarsG\">\n\t\t\t\t<div class=\"blockG\" id=\"rotateG_01\"><\/div>\n\t\t\t\t<div class=\"blockG\" id=\"rotateG_02\"><\/div>\n\t\t\t\t<div class=\"blockG\" id=\"rotateG_03\"><\/div>\n\t\t\t\t<div class=\"blockG\" id=\"rotateG_04\"><\/div>\n\t\t\t\t<div class=\"blockG\" id=\"rotateG_05\"><\/div>\n\t\t\t\t<div class=\"blockG\" id=\"rotateG_06\"><\/div>\n\t\t\t\t<div class=\"blockG\" id=\"rotateG_07\"><\/div>\n\t\t\t\t<div class=\"blockG\" id=\"rotateG_08\"><\/div>\n\t\t\t<\/div>\n\t\t\t<div class=\"WooZone-cross-sell-loader-text\"><\/div>\n\t\t<\/div>\n\t<\/div>\n\n\t\t\n<\/div>\n<div style=\"clear:both;\"><\/div><\/p>\n","protected":false},"excerpt":{"rendered":"<p>Seit Jahrhunderten verlassen sich die Menschen auf Shea-Butter, um ihre Haut bei jedem Wetter jung und gesund zu halten. Die heilenden Kr\u00e4fte der Butter waren legend\u00e4r. Sheabutter wird in fast allen afrikanischen historischen Dokumenten erw\u00e4hnt. In Cleopatras \u00c4gypten trugen Wohnwagen Gl\u00e4ser davon nur f\u00fcr die kosmetische Verwendung. Heutzutage bek\u00e4mpft Shea-Butter Falten und macht Menschen glattere K\u00fcsser sowohl in der N\u00e4he des \u00c4quators als auch der Stangen.<br \/>\nWie benutzt man diese Magie?\u00a0 Sch\u00fctzen Sie Ihre Haut vor Umweltsch\u00e4den, vor rauen Wind und K\u00e4lte. Verwenden Sie es, um den nat\u00fcrlichen Glanz Ihres Haares wiederherzustellen. Um es zu verwenden, reiben Sie eine kleine Menge roher Sheabutter in Ihre Handfl\u00e4che, bis es schmilzt. Und dann einfach auf die Haut oder das Haar auftragen oder in Ihre eigenen Handcremes, Lotionen und K\u00f6rperbutter mischen.<br \/>\nDie Sch\u00f6nheit des ethischen Gesch\u00e4fts. Wie Sie glauben wir an ein faires Gesch\u00e4ft, in dem sowohl Produzenten als auch Verbraucher die Vorteile ihres Produkts nach Hause nehmen. Und hier kommen Sie und ich reinkommen &#8211; wir alle k\u00f6nnen damit anfangen, darauf zu achten, woher unsere Sheabutter kommt. Dies ist ein einfacher, aber m\u00e4chtiger Schritt, um sicherzustellen, dass die Beteiligten ihren gerechten Anteil erhalten.<\/p>\n","protected":false},"featured_media":182839,"comment_status":"open","ping_status":"closed","template":"","meta":[],"product_brand":[],"product_cat":[6565,2858],"product_tag":[],"class_list":{"0":"post-182838","1":"product","2":"type-product","3":"status-publish","4":"has-post-thumbnail","6":"product_cat-baden-koerperpflege-beauty","7":"product_cat-beauty","8":"pa_binding-misc","9":"pa_brand-fairtale-ghana","10":"pa_height-6-zoll","11":"pa_length-9-zoll","12":"pa_manufacturer-fairtale-ghana","13":"pa_weight-6-pfund","14":"pa_width-7-zoll","16":"first","17":"instock","18":"shipping-taxable","19":"purchasable","20":"product-type-simple","21":"customify-col","22":"product-has-gallery"},"yoast_head":"<!-- This site is optimized with the Yoast SEO plugin v27.4 - https:\/\/yoast.com\/product\/yoast-seo-wordpress\/ -->\n<title>FairTale GHANA Rohe Afrikanische Sheabutter 2,77 kg Ethisch gewonnen, Handgefertigt, 100% nat\u00fcrlich, Wild geerntet\u2026 - Markt-XXL<\/title>\n<meta name=\"description\" content=\"Markt-XXL FairTale GHANA Rohe Afrikanische Sheabutter 2,77 kg Ethisch gewonnen, Handgefertigt, 100% nat\u00fcrlich, Wild geerntet\u2026\" \/>\n<meta name=\"robots\" content=\"index, follow, max-snippet:-1, max-image-preview:large, max-video-preview:-1\" \/>\n<link rel=\"canonical\" href=\"https:\/\/marktxxl.de\/markt\/produkt\/rohe-afrikanische-sheabutter-277-kg-ethisch-gewonnen-handgefertigt-100-natuerlich-wild-geerntet-unraffiniert-elfenbeinfarben-pflanzlich-vegan\/\" \/>\n<meta property=\"og:locale\" content=\"de_DE\" \/>\n<meta property=\"og:type\" content=\"article\" \/>\n<meta property=\"og:title\" content=\"FairTale GHANA Rohe Afrikanische Sheabutter 2,77 kg Ethisch gewonnen, Handgefertigt, 100% nat\u00fcrlich, Wild geerntet\u2026 - Markt-XXL\" \/>\n<meta property=\"og:description\" content=\"Markt-XXL FairTale GHANA Rohe Afrikanische Sheabutter 2,77 kg Ethisch gewonnen, Handgefertigt, 100% nat\u00fcrlich, Wild geerntet\u2026\" \/>\n<meta property=\"og:url\" content=\"https:\/\/marktxxl.de\/markt\/produkt\/rohe-afrikanische-sheabutter-277-kg-ethisch-gewonnen-handgefertigt-100-natuerlich-wild-geerntet-unraffiniert-elfenbeinfarben-pflanzlich-vegan\/\" \/>\n<meta property=\"og:site_name\" content=\"Markt-XXL\" \/>\n<meta property=\"article:modified_time\" content=\"2023-04-09T02:57:12+00:00\" \/>\n<meta property=\"og:image\" content=\"https:\/\/m.media-amazon.com\/images\/I\/51Hacg0OwoL._SL500_.jpg\" \/>\n\t<meta property=\"og:image:width\" content=\"500\" \/>\n\t<meta property=\"og:image:height\" content=\"500\" \/>\n\t<meta property=\"og:image:type\" content=\"image\/jpeg\" \/>\n<meta name=\"twitter:card\" content=\"summary_large_image\" \/>\n<meta name=\"twitter:label1\" content=\"Gesch\u00e4tzte Lesezeit\" \/>\n\t<meta name=\"twitter:data1\" content=\"1\u00a0Minute\" \/>\n<script type=\"application\/ld+json\" class=\"yoast-schema-graph\">{\"@context\":\"https:\\\/\\\/schema.org\",\"@graph\":[{\"@type\":\"WebPage\",\"@id\":\"https:\\\/\\\/marktxxl.de\\\/markt\\\/produkt\\\/rohe-afrikanische-sheabutter-277-kg-ethisch-gewonnen-handgefertigt-100-natuerlich-wild-geerntet-unraffiniert-elfenbeinfarben-pflanzlich-vegan\\\/\",\"url\":\"https:\\\/\\\/marktxxl.de\\\/markt\\\/produkt\\\/rohe-afrikanische-sheabutter-277-kg-ethisch-gewonnen-handgefertigt-100-natuerlich-wild-geerntet-unraffiniert-elfenbeinfarben-pflanzlich-vegan\\\/\",\"name\":\"FairTale GHANA Rohe Afrikanische Sheabutter 2,77 kg Ethisch gewonnen, Handgefertigt, 100% nat\u00fcrlich, Wild geerntet\u2026 - Markt-XXL\",\"isPartOf\":{\"@id\":\"https:\\\/\\\/marktxxl.de\\\/markt\\\/#website\"},\"primaryImageOfPage\":{\"@id\":\"https:\\\/\\\/marktxxl.de\\\/markt\\\/produkt\\\/rohe-afrikanische-sheabutter-277-kg-ethisch-gewonnen-handgefertigt-100-natuerlich-wild-geerntet-unraffiniert-elfenbeinfarben-pflanzlich-vegan\\\/#primaryimage\"},\"image\":{\"@id\":\"https:\\\/\\\/marktxxl.de\\\/markt\\\/produkt\\\/rohe-afrikanische-sheabutter-277-kg-ethisch-gewonnen-handgefertigt-100-natuerlich-wild-geerntet-unraffiniert-elfenbeinfarben-pflanzlich-vegan\\\/#primaryimage\"},\"thumbnailUrl\":\"https:\\\/\\\/m.media-amazon.com\\\/images\\\/I\\\/51Hacg0OwoL._SL500_.jpg\",\"datePublished\":\"2023-01-10T08:19:28+00:00\",\"dateModified\":\"2023-04-09T02:57:12+00:00\",\"description\":\"Markt-XXL FairTale GHANA Rohe Afrikanische Sheabutter 2,77 kg Ethisch gewonnen, Handgefertigt, 100% nat\u00fcrlich, Wild geerntet\u2026\",\"breadcrumb\":{\"@id\":\"https:\\\/\\\/marktxxl.de\\\/markt\\\/produkt\\\/rohe-afrikanische-sheabutter-277-kg-ethisch-gewonnen-handgefertigt-100-natuerlich-wild-geerntet-unraffiniert-elfenbeinfarben-pflanzlich-vegan\\\/#breadcrumb\"},\"inLanguage\":\"de\",\"potentialAction\":[{\"@type\":\"ReadAction\",\"target\":[\"https:\\\/\\\/marktxxl.de\\\/markt\\\/produkt\\\/rohe-afrikanische-sheabutter-277-kg-ethisch-gewonnen-handgefertigt-100-natuerlich-wild-geerntet-unraffiniert-elfenbeinfarben-pflanzlich-vegan\\\/\"]}]},{\"@type\":\"ImageObject\",\"inLanguage\":\"de\",\"@id\":\"https:\\\/\\\/marktxxl.de\\\/markt\\\/produkt\\\/rohe-afrikanische-sheabutter-277-kg-ethisch-gewonnen-handgefertigt-100-natuerlich-wild-geerntet-unraffiniert-elfenbeinfarben-pflanzlich-vegan\\\/#primaryimage\",\"url\":\"https:\\\/\\\/m.media-amazon.com\\\/images\\\/I\\\/51Hacg0OwoL._SL500_.jpg\",\"contentUrl\":\"https:\\\/\\\/m.media-amazon.com\\\/images\\\/I\\\/51Hacg0OwoL._SL500_.jpg\",\"width\":500,\"height\":500},{\"@type\":\"BreadcrumbList\",\"@id\":\"https:\\\/\\\/marktxxl.de\\\/markt\\\/produkt\\\/rohe-afrikanische-sheabutter-277-kg-ethisch-gewonnen-handgefertigt-100-natuerlich-wild-geerntet-unraffiniert-elfenbeinfarben-pflanzlich-vegan\\\/#breadcrumb\",\"itemListElement\":[{\"@type\":\"ListItem\",\"position\":1,\"name\":\"Startseite\",\"item\":\"https:\\\/\\\/marktxxl.de\\\/markt\\\/\"},{\"@type\":\"ListItem\",\"position\":2,\"name\":\"Markt\",\"item\":\"https:\\\/\\\/marktxxl.de\\\/markt\\\/\"},{\"@type\":\"ListItem\",\"position\":3,\"name\":\"FairTale GHANA Rohe Afrikanische Sheabutter 2,77 kg Ethisch gewonnen, Handgefertigt, 100% nat\u00fcrlich, Wild geerntet\u2026\"}]},{\"@type\":\"WebSite\",\"@id\":\"https:\\\/\\\/marktxxl.de\\\/markt\\\/#website\",\"url\":\"https:\\\/\\\/marktxxl.de\\\/markt\\\/\",\"name\":\"Markt-XXL\",\"description\":\"Ihr Markt Online\",\"publisher\":{\"@id\":\"https:\\\/\\\/marktxxl.de\\\/markt\\\/#organization\"},\"potentialAction\":[{\"@type\":\"SearchAction\",\"target\":{\"@type\":\"EntryPoint\",\"urlTemplate\":\"https:\\\/\\\/marktxxl.de\\\/markt\\\/?s={search_term_string}\"},\"query-input\":{\"@type\":\"PropertyValueSpecification\",\"valueRequired\":true,\"valueName\":\"search_term_string\"}}],\"inLanguage\":\"de\"},{\"@type\":\"Organization\",\"@id\":\"https:\\\/\\\/marktxxl.de\\\/markt\\\/#organization\",\"name\":\"Markt-XXL\",\"url\":\"https:\\\/\\\/marktxxl.de\\\/markt\\\/\",\"logo\":{\"@type\":\"ImageObject\",\"inLanguage\":\"de\",\"@id\":\"https:\\\/\\\/marktxxl.de\\\/markt\\\/#\\\/schema\\\/logo\\\/image\\\/\",\"url\":\"https:\\\/\\\/marktxxl.de\\\/markt\\\/wp-content\\\/uploads\\\/sites\\\/3\\\/2020\\\/12\\\/logo.png\",\"contentUrl\":\"https:\\\/\\\/marktxxl.de\\\/markt\\\/wp-content\\\/uploads\\\/sites\\\/3\\\/2020\\\/12\\\/logo.png\",\"width\":200,\"height\":70,\"caption\":\"Markt-XXL\"},\"image\":{\"@id\":\"https:\\\/\\\/marktxxl.de\\\/markt\\\/#\\\/schema\\\/logo\\\/image\\\/\"}}]}<\/script>\n<!-- \/ Yoast SEO plugin. -->","yoast_head_json":{"title":"FairTale GHANA Rohe Afrikanische Sheabutter 2,77 kg Ethisch gewonnen, Handgefertigt, 100% nat\u00fcrlich, Wild geerntet\u2026 - Markt-XXL","description":"Markt-XXL FairTale GHANA Rohe Afrikanische Sheabutter 2,77 kg Ethisch gewonnen, Handgefertigt, 100% nat\u00fcrlich, Wild geerntet\u2026","robots":{"index":"index","follow":"follow","max-snippet":"max-snippet:-1","max-image-preview":"max-image-preview:large","max-video-preview":"max-video-preview:-1"},"canonical":"https:\/\/marktxxl.de\/markt\/produkt\/rohe-afrikanische-sheabutter-277-kg-ethisch-gewonnen-handgefertigt-100-natuerlich-wild-geerntet-unraffiniert-elfenbeinfarben-pflanzlich-vegan\/","og_locale":"de_DE","og_type":"article","og_title":"FairTale GHANA Rohe Afrikanische Sheabutter 2,77 kg Ethisch gewonnen, Handgefertigt, 100% nat\u00fcrlich, Wild geerntet\u2026 - Markt-XXL","og_description":"Markt-XXL FairTale GHANA Rohe Afrikanische Sheabutter 2,77 kg Ethisch gewonnen, Handgefertigt, 100% nat\u00fcrlich, Wild geerntet\u2026","og_url":"https:\/\/marktxxl.de\/markt\/produkt\/rohe-afrikanische-sheabutter-277-kg-ethisch-gewonnen-handgefertigt-100-natuerlich-wild-geerntet-unraffiniert-elfenbeinfarben-pflanzlich-vegan\/","og_site_name":"Markt-XXL","article_modified_time":"2023-04-09T02:57:12+00:00","og_image":[{"width":500,"height":500,"url":"https:\/\/m.media-amazon.com\/images\/I\/51Hacg0OwoL._SL500_.jpg","type":"image\/jpeg"}],"twitter_card":"summary_large_image","twitter_misc":{"Gesch\u00e4tzte Lesezeit":"1\u00a0Minute"},"schema":{"@context":"https:\/\/schema.org","@graph":[{"@type":"WebPage","@id":"https:\/\/marktxxl.de\/markt\/produkt\/rohe-afrikanische-sheabutter-277-kg-ethisch-gewonnen-handgefertigt-100-natuerlich-wild-geerntet-unraffiniert-elfenbeinfarben-pflanzlich-vegan\/","url":"https:\/\/marktxxl.de\/markt\/produkt\/rohe-afrikanische-sheabutter-277-kg-ethisch-gewonnen-handgefertigt-100-natuerlich-wild-geerntet-unraffiniert-elfenbeinfarben-pflanzlich-vegan\/","name":"FairTale GHANA Rohe Afrikanische Sheabutter 2,77 kg Ethisch gewonnen, Handgefertigt, 100% nat\u00fcrlich, Wild geerntet\u2026 - Markt-XXL","isPartOf":{"@id":"https:\/\/marktxxl.de\/markt\/#website"},"primaryImageOfPage":{"@id":"https:\/\/marktxxl.de\/markt\/produkt\/rohe-afrikanische-sheabutter-277-kg-ethisch-gewonnen-handgefertigt-100-natuerlich-wild-geerntet-unraffiniert-elfenbeinfarben-pflanzlich-vegan\/#primaryimage"},"image":{"@id":"https:\/\/marktxxl.de\/markt\/produkt\/rohe-afrikanische-sheabutter-277-kg-ethisch-gewonnen-handgefertigt-100-natuerlich-wild-geerntet-unraffiniert-elfenbeinfarben-pflanzlich-vegan\/#primaryimage"},"thumbnailUrl":"https:\/\/m.media-amazon.com\/images\/I\/51Hacg0OwoL._SL500_.jpg","datePublished":"2023-01-10T08:19:28+00:00","dateModified":"2023-04-09T02:57:12+00:00","description":"Markt-XXL FairTale GHANA Rohe Afrikanische Sheabutter 2,77 kg Ethisch gewonnen, Handgefertigt, 100% nat\u00fcrlich, Wild geerntet\u2026","breadcrumb":{"@id":"https:\/\/marktxxl.de\/markt\/produkt\/rohe-afrikanische-sheabutter-277-kg-ethisch-gewonnen-handgefertigt-100-natuerlich-wild-geerntet-unraffiniert-elfenbeinfarben-pflanzlich-vegan\/#breadcrumb"},"inLanguage":"de","potentialAction":[{"@type":"ReadAction","target":["https:\/\/marktxxl.de\/markt\/produkt\/rohe-afrikanische-sheabutter-277-kg-ethisch-gewonnen-handgefertigt-100-natuerlich-wild-geerntet-unraffiniert-elfenbeinfarben-pflanzlich-vegan\/"]}]},{"@type":"ImageObject","inLanguage":"de","@id":"https:\/\/marktxxl.de\/markt\/produkt\/rohe-afrikanische-sheabutter-277-kg-ethisch-gewonnen-handgefertigt-100-natuerlich-wild-geerntet-unraffiniert-elfenbeinfarben-pflanzlich-vegan\/#primaryimage","url":"https:\/\/m.media-amazon.com\/images\/I\/51Hacg0OwoL._SL500_.jpg","contentUrl":"https:\/\/m.media-amazon.com\/images\/I\/51Hacg0OwoL._SL500_.jpg","width":500,"height":500},{"@type":"BreadcrumbList","@id":"https:\/\/marktxxl.de\/markt\/produkt\/rohe-afrikanische-sheabutter-277-kg-ethisch-gewonnen-handgefertigt-100-natuerlich-wild-geerntet-unraffiniert-elfenbeinfarben-pflanzlich-vegan\/#breadcrumb","itemListElement":[{"@type":"ListItem","position":1,"name":"Startseite","item":"https:\/\/marktxxl.de\/markt\/"},{"@type":"ListItem","position":2,"name":"Markt","item":"https:\/\/marktxxl.de\/markt\/"},{"@type":"ListItem","position":3,"name":"FairTale GHANA Rohe Afrikanische Sheabutter 2,77 kg Ethisch gewonnen, Handgefertigt, 100% nat\u00fcrlich, Wild geerntet\u2026"}]},{"@type":"WebSite","@id":"https:\/\/marktxxl.de\/markt\/#website","url":"https:\/\/marktxxl.de\/markt\/","name":"Markt-XXL","description":"Ihr Markt Online","publisher":{"@id":"https:\/\/marktxxl.de\/markt\/#organization"},"potentialAction":[{"@type":"SearchAction","target":{"@type":"EntryPoint","urlTemplate":"https:\/\/marktxxl.de\/markt\/?s={search_term_string}"},"query-input":{"@type":"PropertyValueSpecification","valueRequired":true,"valueName":"search_term_string"}}],"inLanguage":"de"},{"@type":"Organization","@id":"https:\/\/marktxxl.de\/markt\/#organization","name":"Markt-XXL","url":"https:\/\/marktxxl.de\/markt\/","logo":{"@type":"ImageObject","inLanguage":"de","@id":"https:\/\/marktxxl.de\/markt\/#\/schema\/logo\/image\/","url":"https:\/\/marktxxl.de\/markt\/wp-content\/uploads\/sites\/3\/2020\/12\/logo.png","contentUrl":"https:\/\/marktxxl.de\/markt\/wp-content\/uploads\/sites\/3\/2020\/12\/logo.png","width":200,"height":70,"caption":"Markt-XXL"},"image":{"@id":"https:\/\/marktxxl.de\/markt\/#\/schema\/logo\/image\/"}}]}},"_links":{"self":[{"href":"https:\/\/marktxxl.de\/markt\/wp-json\/wp\/v2\/product\/182838","targetHints":{"allow":["GET"]}}],"collection":[{"href":"https:\/\/marktxxl.de\/markt\/wp-json\/wp\/v2\/product"}],"about":[{"href":"https:\/\/marktxxl.de\/markt\/wp-json\/wp\/v2\/types\/product"}],"replies":[{"embeddable":true,"href":"https:\/\/marktxxl.de\/markt\/wp-json\/wp\/v2\/comments?post=182838"}],"wp:featuredmedia":[{"embeddable":true,"href":"https:\/\/marktxxl.de\/markt\/wp-json\/wp\/v2\/media\/182839"}],"wp:attachment":[{"href":"https:\/\/marktxxl.de\/markt\/wp-json\/wp\/v2\/media?parent=182838"}],"wp:term":[{"taxonomy":"product_brand","embeddable":true,"href":"https:\/\/marktxxl.de\/markt\/wp-json\/wp\/v2\/product_brand?post=182838"},{"taxonomy":"product_cat","embeddable":true,"href":"https:\/\/marktxxl.de\/markt\/wp-json\/wp\/v2\/product_cat?post=182838"},{"taxonomy":"product_tag","embeddable":true,"href":"https:\/\/marktxxl.de\/markt\/wp-json\/wp\/v2\/product_tag?post=182838"}],"curies":[{"name":"wp","href":"https:\/\/api.w.org\/{rel}","templated":true}]}}