{"id":182821,"date":"2023-01-10T08:55:20","date_gmt":"2023-01-10T07:55:20","guid":{"rendered":"https:\/\/marktxxl.de\/markt\/produkt\/klemmbrett-mit-papier-clip-clipboard-set-umweltfreundliche-klemmmappe-fuer-din-a4-unterlagen-schreibblock-mit-metallclip-5-stueck\/"},"modified":"2023-04-09T04:57:12","modified_gmt":"2023-04-09T02:57:12","slug":"klemmbrett-mit-papier-clip-clipboard-set-umweltfreundliche-klemmmappe-fuer-din-a4-unterlagen-schreibblock-mit-metallclip-5-stueck","status":"publish","type":"product","link":"https:\/\/marktxxl.de\/markt\/produkt\/klemmbrett-mit-papier-clip-clipboard-set-umweltfreundliche-klemmmappe-fuer-din-a4-unterlagen-schreibblock-mit-metallclip-5-stueck\/","title":{"rendered":"Klemmbrett mit Papier Clip, Clipboard-Set | Umweltfreundliche Klemmmappe f\u00fcr DIN A4 Unterlagen, Schreibblock mit\u2026"},"content":{"rendered":"<p>\u2705SIE K\u00d6NNEN DIESE UMWELTFREUNDLICHEN KLEMMBRETTER JAHRELANG BENUTZEN; FALLS DEM NICHT SO IST, GEBEN WIR IHNEN IHR GELD ZUR\u00dcCK! Haben Sie genug von den billigen Angeboten, m\u00f6chten Sie etwas, dass sich robust anf\u00fchlt und von guter Qualit\u00e4t ist? Verabschieden Sie sich von billigen, wackeligen und minderwertigen Schreibbrettern! W\u00fcnschen Sie sich nicht auch ein reibungsloses und qualitativ hochwertiges Schreiberlebnis?<br \/>\n\u2705DIE EINZIGEN ALLZWECK, SUPER-HALTBAREN, GLATTEN KLEMMBRETTER MIT LEBENSLANGER GARANTIE! Die meisten Imitate fallen auseinander &#8211; unsere Clipboards aber nicht! Die meisten haben scharfe Kanten und eine wackelige Klemmmechanik, die Ihr Papier kaum an Ort und Stelle halten &#8211; unsere hingegen sind schon eine Stufe weiter! Wohin Sie auch gehen, diese funktionalen Schreibmappen sind perfekt.<br \/>\n\u2705[5 ST\u00dcCK PACK] DIE PERFEKTEN HARTFASER-CLIPBOARDS F\u00dcR IHRE SCHREIBBED\u00dcRFNISSE! MIT KEINEN ANDEREN ZU VERGLEICHEN \u2013 Suchen Sie nicht nach den G\u00fcnstigsten \u2013 andere Anbieter verarbeiten billige, minderwertige Materialien, die nicht lange halten. Sie m\u00f6chten doch eine glatte, ebenm\u00e4\u00dfige Schreibunterlage, mit der Sie \u00fcberall Notizen machen k\u00f6nnen, oder?<br \/>\n\u2705LESEN SIE DAS BEVOR SIE KAUFEN&#8230;DIE MEISTEN ANBIETER M\u00d6CHTEN NICHT; DASS SIE DAVON WISSEN &#8211;&gt; Klemmbretter anderer Massenanbieter sehen auf Bildern gro\u00dfartig aus, sind aber minderwertig und instabil, zeigen viel zu schnell Gebrauchsspuren und haben (aus diesem Grund) keine Garantie &#8211; sie halten n\u00e4mlich nicht lange. Gehen Sie das Risiko nicht ein.<br \/>\n\u2705BEEILEN SIE SICH BEVOR DIESES EXKLUSIVE, AMAZON-BONUS-ANGEBOT AUSL\u00c4UFT \u2013Kostenlose, lebenslange Garantie (Wert 8,78 \u20ac) KAUFEN SIE 2 SETS, ERHALTEN SIE 5 % NACHLASS (Code untenstehend). F\u00fcr jedes Umfeld geeignet, egal ob B\u00fcro, Krankenhaus oder Uni. Haben Sie nicht schon lange genug gewartet? Gehen Sie nicht das Risiko mit einem billigen Nachahmer ein &#8211; diese Investition hier macht mehr Sinn.<br \/>\n<div class=\"main-cross-sell\" data-asin=\"B01H2OW8E2\">\n\n\t<div class=\"WooZone-cross-sell-loader\">\n\t\t<div>\n\t\t\t<div id=\"floatingBarsG\">\n\t\t\t\t<div class=\"blockG\" id=\"rotateG_01\"><\/div>\n\t\t\t\t<div class=\"blockG\" id=\"rotateG_02\"><\/div>\n\t\t\t\t<div class=\"blockG\" id=\"rotateG_03\"><\/div>\n\t\t\t\t<div class=\"blockG\" id=\"rotateG_04\"><\/div>\n\t\t\t\t<div class=\"blockG\" id=\"rotateG_05\"><\/div>\n\t\t\t\t<div class=\"blockG\" id=\"rotateG_06\"><\/div>\n\t\t\t\t<div class=\"blockG\" id=\"rotateG_07\"><\/div>\n\t\t\t\t<div class=\"blockG\" id=\"rotateG_08\"><\/div>\n\t\t\t<\/div>\n\t\t\t<div class=\"WooZone-cross-sell-loader-text\"><\/div>\n\t\t<\/div>\n\t<\/div>\n\n\t\t\n<\/div>\n<div style=\"clear:both;\"><\/div><\/p>\n","protected":false},"excerpt":{"rendered":"<p>\u2705SIE K\u00d6NNEN DIESE UMWELTFREUNDLICHEN KLEMMBRETTER JAHRELANG BENUTZEN; FALLS DEM NICHT SO IST, GEBEN WIR IHNEN IHR GELD ZUR\u00dcCK! Haben Sie genug von den billigen Angeboten, m\u00f6chten Sie etwas, dass sich robust anf\u00fchlt und von guter Qualit\u00e4t ist? Verabschieden Sie sich von billigen, wackeligen und minderwertigen Schreibbrettern! W\u00fcnschen Sie sich nicht auch ein reibungsloses und qualitativ hochwertiges Schreiberlebnis?<br \/>\n\u2705DIE EINZIGEN ALLZWECK, SUPER-HALTBAREN, GLATTEN KLEMMBRETTER MIT LEBENSLANGER GARANTIE! Die meisten Imitate fallen auseinander &#8211; unsere Clipboards aber nicht! Die meisten haben scharfe Kanten und eine wackelige Klemmmechanik, die Ihr Papier kaum an Ort und Stelle halten &#8211; unsere hingegen sind schon eine Stufe weiter! Wohin Sie auch gehen, diese funktionalen Schreibmappen sind perfekt.<br \/>\n\u2705[5 ST\u00dcCK PACK] DIE PERFEKTEN HARTFASER-CLIPBOARDS F\u00dcR IHRE SCHREIBBED\u00dcRFNISSE! MIT KEINEN ANDEREN ZU VERGLEICHEN \u2013 Suchen Sie nicht nach den G\u00fcnstigsten \u2013 andere Anbieter verarbeiten billige, minderwertige Materialien, die nicht lange halten. Sie m\u00f6chten doch eine glatte, ebenm\u00e4\u00dfige Schreibunterlage, mit der Sie \u00fcberall Notizen machen k\u00f6nnen, oder?<\/p>\n","protected":false},"featured_media":182822,"comment_status":"open","ping_status":"closed","template":"","meta":[],"product_brand":[],"product_cat":[504,8284],"product_tag":[],"class_list":{"0":"post-182821","1":"product","2":"type-product","3":"status-publish","4":"has-post-thumbnail","6":"product_cat-buerobedarf-schreibwaren","7":"product_cat-bueromaterial","8":"pa_binding-buerobedarf-schreibwaren","9":"pa_brand-office-solutions-direct","10":"pa_color-braun","11":"pa_height-1-8-zoll","12":"pa_length-13-9-zoll","13":"pa_manufacturer-office-solutions-direct","14":"pa_model-5pc","15":"pa_size-standard","16":"pa_weight-2-35-pfund","17":"pa_width-10-zoll","19":"first","20":"instock","21":"shipping-taxable","22":"purchasable","23":"product-type-simple","24":"customify-col","25":"product-has-gallery"},"yoast_head":"<!-- This site is optimized with the Yoast SEO plugin v27.4 - https:\/\/yoast.com\/product\/yoast-seo-wordpress\/ -->\n<title>Klemmbrett mit Papier Clip, Clipboard-Set | Umweltfreundliche Klemmmappe f\u00fcr DIN A4 Unterlagen, Schreibblock mit\u2026 - Markt-XXL<\/title>\n<meta name=\"description\" content=\"Markt-XXL Klemmbrett mit Papier Clip, Clipboard-Set | Umweltfreundliche Klemmmappe f\u00fcr DIN A4 Unterlagen, Schreibblock mit\u2026\" \/>\n<meta name=\"robots\" content=\"index, follow, max-snippet:-1, max-image-preview:large, max-video-preview:-1\" \/>\n<link rel=\"canonical\" href=\"https:\/\/marktxxl.de\/markt\/produkt\/klemmbrett-mit-papier-clip-clipboard-set-umweltfreundliche-klemmmappe-fuer-din-a4-unterlagen-schreibblock-mit-metallclip-5-stueck\/\" \/>\n<meta property=\"og:locale\" content=\"de_DE\" \/>\n<meta property=\"og:type\" content=\"article\" \/>\n<meta property=\"og:title\" content=\"Klemmbrett mit Papier Clip, Clipboard-Set | Umweltfreundliche Klemmmappe f\u00fcr DIN A4 Unterlagen, Schreibblock mit\u2026 - Markt-XXL\" \/>\n<meta property=\"og:description\" content=\"Markt-XXL Klemmbrett mit Papier Clip, Clipboard-Set | Umweltfreundliche Klemmmappe f\u00fcr DIN A4 Unterlagen, Schreibblock mit\u2026\" \/>\n<meta property=\"og:url\" content=\"https:\/\/marktxxl.de\/markt\/produkt\/klemmbrett-mit-papier-clip-clipboard-set-umweltfreundliche-klemmmappe-fuer-din-a4-unterlagen-schreibblock-mit-metallclip-5-stueck\/\" \/>\n<meta property=\"og:site_name\" content=\"Markt-XXL\" \/>\n<meta property=\"article:modified_time\" content=\"2023-04-09T02:57:12+00:00\" \/>\n<meta property=\"og:image\" content=\"https:\/\/m.media-amazon.com\/images\/I\/41OlFd-h24L._SL500_.jpg\" \/>\n\t<meta property=\"og:image:width\" content=\"500\" \/>\n\t<meta property=\"og:image:height\" content=\"500\" \/>\n\t<meta property=\"og:image:type\" content=\"image\/jpeg\" \/>\n<meta name=\"twitter:card\" content=\"summary_large_image\" \/>\n<meta name=\"twitter:label1\" content=\"Gesch\u00e4tzte Lesezeit\" \/>\n\t<meta name=\"twitter:data1\" content=\"1\u00a0Minute\" \/>\n<script type=\"application\/ld+json\" class=\"yoast-schema-graph\">{\"@context\":\"https:\\\/\\\/schema.org\",\"@graph\":[{\"@type\":\"WebPage\",\"@id\":\"https:\\\/\\\/marktxxl.de\\\/markt\\\/produkt\\\/klemmbrett-mit-papier-clip-clipboard-set-umweltfreundliche-klemmmappe-fuer-din-a4-unterlagen-schreibblock-mit-metallclip-5-stueck\\\/\",\"url\":\"https:\\\/\\\/marktxxl.de\\\/markt\\\/produkt\\\/klemmbrett-mit-papier-clip-clipboard-set-umweltfreundliche-klemmmappe-fuer-din-a4-unterlagen-schreibblock-mit-metallclip-5-stueck\\\/\",\"name\":\"Klemmbrett mit Papier Clip, Clipboard-Set | Umweltfreundliche Klemmmappe f\u00fcr DIN A4 Unterlagen, Schreibblock mit\u2026 - Markt-XXL\",\"isPartOf\":{\"@id\":\"https:\\\/\\\/marktxxl.de\\\/markt\\\/#website\"},\"primaryImageOfPage\":{\"@id\":\"https:\\\/\\\/marktxxl.de\\\/markt\\\/produkt\\\/klemmbrett-mit-papier-clip-clipboard-set-umweltfreundliche-klemmmappe-fuer-din-a4-unterlagen-schreibblock-mit-metallclip-5-stueck\\\/#primaryimage\"},\"image\":{\"@id\":\"https:\\\/\\\/marktxxl.de\\\/markt\\\/produkt\\\/klemmbrett-mit-papier-clip-clipboard-set-umweltfreundliche-klemmmappe-fuer-din-a4-unterlagen-schreibblock-mit-metallclip-5-stueck\\\/#primaryimage\"},\"thumbnailUrl\":\"https:\\\/\\\/m.media-amazon.com\\\/images\\\/I\\\/41OlFd-h24L._SL500_.jpg\",\"datePublished\":\"2023-01-10T07:55:20+00:00\",\"dateModified\":\"2023-04-09T02:57:12+00:00\",\"description\":\"Markt-XXL Klemmbrett mit Papier Clip, Clipboard-Set | Umweltfreundliche Klemmmappe f\u00fcr DIN A4 Unterlagen, Schreibblock mit\u2026\",\"breadcrumb\":{\"@id\":\"https:\\\/\\\/marktxxl.de\\\/markt\\\/produkt\\\/klemmbrett-mit-papier-clip-clipboard-set-umweltfreundliche-klemmmappe-fuer-din-a4-unterlagen-schreibblock-mit-metallclip-5-stueck\\\/#breadcrumb\"},\"inLanguage\":\"de\",\"potentialAction\":[{\"@type\":\"ReadAction\",\"target\":[\"https:\\\/\\\/marktxxl.de\\\/markt\\\/produkt\\\/klemmbrett-mit-papier-clip-clipboard-set-umweltfreundliche-klemmmappe-fuer-din-a4-unterlagen-schreibblock-mit-metallclip-5-stueck\\\/\"]}]},{\"@type\":\"ImageObject\",\"inLanguage\":\"de\",\"@id\":\"https:\\\/\\\/marktxxl.de\\\/markt\\\/produkt\\\/klemmbrett-mit-papier-clip-clipboard-set-umweltfreundliche-klemmmappe-fuer-din-a4-unterlagen-schreibblock-mit-metallclip-5-stueck\\\/#primaryimage\",\"url\":\"https:\\\/\\\/m.media-amazon.com\\\/images\\\/I\\\/41OlFd-h24L._SL500_.jpg\",\"contentUrl\":\"https:\\\/\\\/m.media-amazon.com\\\/images\\\/I\\\/41OlFd-h24L._SL500_.jpg\",\"width\":500,\"height\":500},{\"@type\":\"BreadcrumbList\",\"@id\":\"https:\\\/\\\/marktxxl.de\\\/markt\\\/produkt\\\/klemmbrett-mit-papier-clip-clipboard-set-umweltfreundliche-klemmmappe-fuer-din-a4-unterlagen-schreibblock-mit-metallclip-5-stueck\\\/#breadcrumb\",\"itemListElement\":[{\"@type\":\"ListItem\",\"position\":1,\"name\":\"Startseite\",\"item\":\"https:\\\/\\\/marktxxl.de\\\/markt\\\/\"},{\"@type\":\"ListItem\",\"position\":2,\"name\":\"Markt\",\"item\":\"https:\\\/\\\/marktxxl.de\\\/markt\\\/\"},{\"@type\":\"ListItem\",\"position\":3,\"name\":\"Klemmbrett mit Papier Clip, Clipboard-Set | Umweltfreundliche Klemmmappe f\u00fcr DIN A4 Unterlagen, Schreibblock mit\u2026\"}]},{\"@type\":\"WebSite\",\"@id\":\"https:\\\/\\\/marktxxl.de\\\/markt\\\/#website\",\"url\":\"https:\\\/\\\/marktxxl.de\\\/markt\\\/\",\"name\":\"Markt-XXL\",\"description\":\"Ihr Markt Online\",\"publisher\":{\"@id\":\"https:\\\/\\\/marktxxl.de\\\/markt\\\/#organization\"},\"potentialAction\":[{\"@type\":\"SearchAction\",\"target\":{\"@type\":\"EntryPoint\",\"urlTemplate\":\"https:\\\/\\\/marktxxl.de\\\/markt\\\/?s={search_term_string}\"},\"query-input\":{\"@type\":\"PropertyValueSpecification\",\"valueRequired\":true,\"valueName\":\"search_term_string\"}}],\"inLanguage\":\"de\"},{\"@type\":\"Organization\",\"@id\":\"https:\\\/\\\/marktxxl.de\\\/markt\\\/#organization\",\"name\":\"Markt-XXL\",\"url\":\"https:\\\/\\\/marktxxl.de\\\/markt\\\/\",\"logo\":{\"@type\":\"ImageObject\",\"inLanguage\":\"de\",\"@id\":\"https:\\\/\\\/marktxxl.de\\\/markt\\\/#\\\/schema\\\/logo\\\/image\\\/\",\"url\":\"https:\\\/\\\/marktxxl.de\\\/markt\\\/wp-content\\\/uploads\\\/sites\\\/3\\\/2020\\\/12\\\/logo.png\",\"contentUrl\":\"https:\\\/\\\/marktxxl.de\\\/markt\\\/wp-content\\\/uploads\\\/sites\\\/3\\\/2020\\\/12\\\/logo.png\",\"width\":200,\"height\":70,\"caption\":\"Markt-XXL\"},\"image\":{\"@id\":\"https:\\\/\\\/marktxxl.de\\\/markt\\\/#\\\/schema\\\/logo\\\/image\\\/\"}}]}<\/script>\n<!-- \/ Yoast SEO plugin. -->","yoast_head_json":{"title":"Klemmbrett mit Papier Clip, Clipboard-Set | Umweltfreundliche Klemmmappe f\u00fcr DIN A4 Unterlagen, Schreibblock mit\u2026 - Markt-XXL","description":"Markt-XXL Klemmbrett mit Papier Clip, Clipboard-Set | Umweltfreundliche Klemmmappe f\u00fcr DIN A4 Unterlagen, Schreibblock mit\u2026","robots":{"index":"index","follow":"follow","max-snippet":"max-snippet:-1","max-image-preview":"max-image-preview:large","max-video-preview":"max-video-preview:-1"},"canonical":"https:\/\/marktxxl.de\/markt\/produkt\/klemmbrett-mit-papier-clip-clipboard-set-umweltfreundliche-klemmmappe-fuer-din-a4-unterlagen-schreibblock-mit-metallclip-5-stueck\/","og_locale":"de_DE","og_type":"article","og_title":"Klemmbrett mit Papier Clip, Clipboard-Set | Umweltfreundliche Klemmmappe f\u00fcr DIN A4 Unterlagen, Schreibblock mit\u2026 - Markt-XXL","og_description":"Markt-XXL Klemmbrett mit Papier Clip, Clipboard-Set | Umweltfreundliche Klemmmappe f\u00fcr DIN A4 Unterlagen, Schreibblock mit\u2026","og_url":"https:\/\/marktxxl.de\/markt\/produkt\/klemmbrett-mit-papier-clip-clipboard-set-umweltfreundliche-klemmmappe-fuer-din-a4-unterlagen-schreibblock-mit-metallclip-5-stueck\/","og_site_name":"Markt-XXL","article_modified_time":"2023-04-09T02:57:12+00:00","og_image":[{"width":500,"height":500,"url":"https:\/\/m.media-amazon.com\/images\/I\/41OlFd-h24L._SL500_.jpg","type":"image\/jpeg"}],"twitter_card":"summary_large_image","twitter_misc":{"Gesch\u00e4tzte Lesezeit":"1\u00a0Minute"},"schema":{"@context":"https:\/\/schema.org","@graph":[{"@type":"WebPage","@id":"https:\/\/marktxxl.de\/markt\/produkt\/klemmbrett-mit-papier-clip-clipboard-set-umweltfreundliche-klemmmappe-fuer-din-a4-unterlagen-schreibblock-mit-metallclip-5-stueck\/","url":"https:\/\/marktxxl.de\/markt\/produkt\/klemmbrett-mit-papier-clip-clipboard-set-umweltfreundliche-klemmmappe-fuer-din-a4-unterlagen-schreibblock-mit-metallclip-5-stueck\/","name":"Klemmbrett mit Papier Clip, Clipboard-Set | Umweltfreundliche Klemmmappe f\u00fcr DIN A4 Unterlagen, Schreibblock mit\u2026 - Markt-XXL","isPartOf":{"@id":"https:\/\/marktxxl.de\/markt\/#website"},"primaryImageOfPage":{"@id":"https:\/\/marktxxl.de\/markt\/produkt\/klemmbrett-mit-papier-clip-clipboard-set-umweltfreundliche-klemmmappe-fuer-din-a4-unterlagen-schreibblock-mit-metallclip-5-stueck\/#primaryimage"},"image":{"@id":"https:\/\/marktxxl.de\/markt\/produkt\/klemmbrett-mit-papier-clip-clipboard-set-umweltfreundliche-klemmmappe-fuer-din-a4-unterlagen-schreibblock-mit-metallclip-5-stueck\/#primaryimage"},"thumbnailUrl":"https:\/\/m.media-amazon.com\/images\/I\/41OlFd-h24L._SL500_.jpg","datePublished":"2023-01-10T07:55:20+00:00","dateModified":"2023-04-09T02:57:12+00:00","description":"Markt-XXL Klemmbrett mit Papier Clip, Clipboard-Set | Umweltfreundliche Klemmmappe f\u00fcr DIN A4 Unterlagen, Schreibblock mit\u2026","breadcrumb":{"@id":"https:\/\/marktxxl.de\/markt\/produkt\/klemmbrett-mit-papier-clip-clipboard-set-umweltfreundliche-klemmmappe-fuer-din-a4-unterlagen-schreibblock-mit-metallclip-5-stueck\/#breadcrumb"},"inLanguage":"de","potentialAction":[{"@type":"ReadAction","target":["https:\/\/marktxxl.de\/markt\/produkt\/klemmbrett-mit-papier-clip-clipboard-set-umweltfreundliche-klemmmappe-fuer-din-a4-unterlagen-schreibblock-mit-metallclip-5-stueck\/"]}]},{"@type":"ImageObject","inLanguage":"de","@id":"https:\/\/marktxxl.de\/markt\/produkt\/klemmbrett-mit-papier-clip-clipboard-set-umweltfreundliche-klemmmappe-fuer-din-a4-unterlagen-schreibblock-mit-metallclip-5-stueck\/#primaryimage","url":"https:\/\/m.media-amazon.com\/images\/I\/41OlFd-h24L._SL500_.jpg","contentUrl":"https:\/\/m.media-amazon.com\/images\/I\/41OlFd-h24L._SL500_.jpg","width":500,"height":500},{"@type":"BreadcrumbList","@id":"https:\/\/marktxxl.de\/markt\/produkt\/klemmbrett-mit-papier-clip-clipboard-set-umweltfreundliche-klemmmappe-fuer-din-a4-unterlagen-schreibblock-mit-metallclip-5-stueck\/#breadcrumb","itemListElement":[{"@type":"ListItem","position":1,"name":"Startseite","item":"https:\/\/marktxxl.de\/markt\/"},{"@type":"ListItem","position":2,"name":"Markt","item":"https:\/\/marktxxl.de\/markt\/"},{"@type":"ListItem","position":3,"name":"Klemmbrett mit Papier Clip, Clipboard-Set | Umweltfreundliche Klemmmappe f\u00fcr DIN A4 Unterlagen, Schreibblock mit\u2026"}]},{"@type":"WebSite","@id":"https:\/\/marktxxl.de\/markt\/#website","url":"https:\/\/marktxxl.de\/markt\/","name":"Markt-XXL","description":"Ihr Markt Online","publisher":{"@id":"https:\/\/marktxxl.de\/markt\/#organization"},"potentialAction":[{"@type":"SearchAction","target":{"@type":"EntryPoint","urlTemplate":"https:\/\/marktxxl.de\/markt\/?s={search_term_string}"},"query-input":{"@type":"PropertyValueSpecification","valueRequired":true,"valueName":"search_term_string"}}],"inLanguage":"de"},{"@type":"Organization","@id":"https:\/\/marktxxl.de\/markt\/#organization","name":"Markt-XXL","url":"https:\/\/marktxxl.de\/markt\/","logo":{"@type":"ImageObject","inLanguage":"de","@id":"https:\/\/marktxxl.de\/markt\/#\/schema\/logo\/image\/","url":"https:\/\/marktxxl.de\/markt\/wp-content\/uploads\/sites\/3\/2020\/12\/logo.png","contentUrl":"https:\/\/marktxxl.de\/markt\/wp-content\/uploads\/sites\/3\/2020\/12\/logo.png","width":200,"height":70,"caption":"Markt-XXL"},"image":{"@id":"https:\/\/marktxxl.de\/markt\/#\/schema\/logo\/image\/"}}]}},"_links":{"self":[{"href":"https:\/\/marktxxl.de\/markt\/wp-json\/wp\/v2\/product\/182821","targetHints":{"allow":["GET"]}}],"collection":[{"href":"https:\/\/marktxxl.de\/markt\/wp-json\/wp\/v2\/product"}],"about":[{"href":"https:\/\/marktxxl.de\/markt\/wp-json\/wp\/v2\/types\/product"}],"replies":[{"embeddable":true,"href":"https:\/\/marktxxl.de\/markt\/wp-json\/wp\/v2\/comments?post=182821"}],"wp:featuredmedia":[{"embeddable":true,"href":"https:\/\/marktxxl.de\/markt\/wp-json\/wp\/v2\/media\/182822"}],"wp:attachment":[{"href":"https:\/\/marktxxl.de\/markt\/wp-json\/wp\/v2\/media?parent=182821"}],"wp:term":[{"taxonomy":"product_brand","embeddable":true,"href":"https:\/\/marktxxl.de\/markt\/wp-json\/wp\/v2\/product_brand?post=182821"},{"taxonomy":"product_cat","embeddable":true,"href":"https:\/\/marktxxl.de\/markt\/wp-json\/wp\/v2\/product_cat?post=182821"},{"taxonomy":"product_tag","embeddable":true,"href":"https:\/\/marktxxl.de\/markt\/wp-json\/wp\/v2\/product_tag?post=182821"}],"curies":[{"name":"wp","href":"https:\/\/api.w.org\/{rel}","templated":true}]}}