{"id":182590,"date":"2023-01-10T08:17:14","date_gmt":"2023-01-10T07:17:14","guid":{"rendered":"https:\/\/marktxxl.de\/markt\/produkt\/ergonomischer-buerostuhl-computerstuhl-mit-verdicktem-kissen-und-hochklappbaren-armlehnen-aufgaben-chefsessel-fuer-zuhause-und-buero\/"},"modified":"2023-04-11T05:13:35","modified_gmt":"2023-04-11T03:13:35","slug":"ergonomischer-buerostuhl-computerstuhl-mit-verdicktem-kissen-und-hochklappbaren-armlehnen-aufgaben-chefsessel-fuer-zuhause-und-buero","status":"publish","type":"product","link":"https:\/\/marktxxl.de\/markt\/produkt\/ergonomischer-buerostuhl-computerstuhl-mit-verdicktem-kissen-und-hochklappbaren-armlehnen-aufgaben-chefsessel-fuer-zuhause-und-buero\/","title":{"rendered":"Ergonomischer B\u00fcrostuhl, Computerstuhl mit verdicktem Kissen und hochklappbaren Armlehnen, Aufgaben-Chefsessel f\u00fcr\u2026"},"content":{"rendered":"<p>[F\u00f6rdert die S-f\u00f6rmige\u201c Wirbels\u00e4ulenhaltung] Ein ergonomischer Stuhl mit richtiger Unterst\u00fctzung sorgt immer f\u00fcr eine gesunde Haltung der Wirbels\u00e4ule und hat keine sch\u00e4dliche und flache Wirkung auf Ihren R\u00fccken. Die R\u00fcckenlehne aus hochwertigem Netzstoff h\u00e4lt den K\u00f6rper k\u00fchl und gem\u00fctlich, indem sie eine kontinuierliche Luftzirkulation erm\u00f6glicht. Gute Lendenwirbelst\u00fctze minimiert Belastung oder Schmerzen auf den Bandscheiben in Ihrer Wirbels\u00e4ule.<br \/>\n\u3010Flexible Anpassung\u3011Verstellbare Kopfst\u00fctze und Armlehnen zeigen die Flexibilit\u00e4t der ergonomischen B\u00fcrost\u00fchle, Sie k\u00f6nnen die H\u00f6he der Kopfst\u00fctze nach Ihren Bed\u00fcrfnissen anpassen, finden Sie die beste Position, um Ihren Nacken, Halswirbels\u00e4ule und Schultern perfekt zu st\u00fctzen, um die maximale Entspannung zu erhalten. Die um 90\u00b0 klappbare Armlehne erm\u00f6glicht es Ihnen, diesen Computerstuhl unter dem Schreibtisch zu stecken, um mehr Platz zu sparen. Durch die Anpassung der Sitzh\u00f6he k\u00f6nnen Sie Ihre Arbeit und t\u00e4glichen Bed\u00fcrfnisse erf\u00fcllen.<br \/>\nF\u00fcr Damen und mittelgro\u00dfe Herren: F\u00fcr eine Dame oder einen mittelgro\u00dfen Gentleman, dieser B\u00fcrostuhl hat die gleiche Erfahrung wie ein teurerer B\u00fcrostuhl. Ein voll verstellbarer B\u00fcrostuhl kostet viel Geld, um sich an verschiedene K\u00f6rpergr\u00f6\u00dfen anzupassen, und einige dieser Investitionen sind f\u00fcr Sie von keinen Wert. Wenn Ihre K\u00f6rpergr\u00f6\u00dfe nicht h\u00f6her als 1,52 m ist, kann dieser B\u00fcrostuhl perfekt zu Ihnen passen, genau wie er allein f\u00fcr Sie entworfen wurde.<br \/>\n[Stabil und langlebig] \u2013 Hergestellt aus robustem Nylon-Rahmen, verdicktes 19E-Tablett, hohe Tragf\u00e4higkeit, F\u00fcnf-Sterne-Basis, rutschfeste, leise R\u00e4der, und die pneumatische Stange hat 100.000 Drucktests bestanden. Garantiert die Stabilit\u00e4t und Haltbarkeit jedes ergonomischen Stuhls von Feidego. Wir sind bestrebt, einer Vielzahl von Menschen einen bequemen Sitz f\u00fcr eine lange Nutzung zu bieten.<br \/>\nAtmungsaktive Polsterung: Der gepolsterte Netzsitz ist dick und belastbar. Hergestellt aus hochwertigem, dickem Schwamm und atmungsaktiver Netzkleidung, verhindert K\u00f6rperw\u00e4rme und h\u00e4lt Ihre H\u00fcfte und Beine schwei\u00dffrei.<br \/>\n[Zuverl\u00e4ssiger Service] &#8211; Eine \u00fcbersichtliche Bedienungsanleitung erm\u00f6glicht es Ihnen, diesen Computerstuhl in einfachen Schritten zusammenzubauen. Sobald Sie Feidego w\u00e4hlen, erhalten Sie eine leicht verst\u00e4ndliche Anleitung und einen sorgenfreien After-Sales-Service. Wir garantieren unseren Kunden 100% Zufriedenheit mit unserem Premium-Schreibtischstuhl! Wenn Sie mit diesem Chefsessel nicht zufrieden sind, senden Sie uns einfach eine E-Mail und erhalten Sie einen Ersatz oder eine volle R\u00fcckerstattung. Wir sind besorgt und widmen uns Ihrer Erfahrung.<br \/>\n<div class=\"main-cross-sell\" data-asin=\"B0BJ2B7PJT\">\n\n\t<div class=\"WooZone-cross-sell-loader\">\n\t\t<div>\n\t\t\t<div id=\"floatingBarsG\">\n\t\t\t\t<div class=\"blockG\" id=\"rotateG_01\"><\/div>\n\t\t\t\t<div class=\"blockG\" id=\"rotateG_02\"><\/div>\n\t\t\t\t<div class=\"blockG\" id=\"rotateG_03\"><\/div>\n\t\t\t\t<div class=\"blockG\" id=\"rotateG_04\"><\/div>\n\t\t\t\t<div class=\"blockG\" id=\"rotateG_05\"><\/div>\n\t\t\t\t<div class=\"blockG\" id=\"rotateG_06\"><\/div>\n\t\t\t\t<div class=\"blockG\" id=\"rotateG_07\"><\/div>\n\t\t\t\t<div class=\"blockG\" id=\"rotateG_08\"><\/div>\n\t\t\t<\/div>\n\t\t\t<div class=\"WooZone-cross-sell-loader-text\"><\/div>\n\t\t<\/div>\n\t<\/div>\n\n\t\t\n<\/div>\n<div style=\"clear:both;\"><\/div><\/p>\n","protected":false},"excerpt":{"rendered":"<p>[F\u00f6rdert die S-f\u00f6rmige\u201c Wirbels\u00e4ulenhaltung] Ein ergonomischer Stuhl mit richtiger Unterst\u00fctzung sorgt immer f\u00fcr eine gesunde Haltung der Wirbels\u00e4ule und hat keine sch\u00e4dliche und flache Wirkung auf Ihren R\u00fccken. Die R\u00fcckenlehne aus hochwertigem Netzstoff h\u00e4lt den K\u00f6rper k\u00fchl und gem\u00fctlich, indem sie eine kontinuierliche Luftzirkulation erm\u00f6glicht. Gute Lendenwirbelst\u00fctze minimiert Belastung oder Schmerzen auf den Bandscheiben in Ihrer Wirbels\u00e4ule.<br \/>\n\u3010Flexible Anpassung\u3011Verstellbare Kopfst\u00fctze und Armlehnen zeigen die Flexibilit\u00e4t der ergonomischen B\u00fcrost\u00fchle, Sie k\u00f6nnen die H\u00f6he der Kopfst\u00fctze nach Ihren Bed\u00fcrfnissen anpassen, finden Sie die beste Position, um Ihren Nacken, Halswirbels\u00e4ule und Schultern perfekt zu st\u00fctzen, um die maximale Entspannung zu erhalten. Die um 90\u00b0 klappbare Armlehne erm\u00f6glicht es Ihnen, diesen Computerstuhl unter dem Schreibtisch zu stecken, um mehr Platz zu sparen. Durch die Anpassung der Sitzh\u00f6he k\u00f6nnen Sie Ihre Arbeit und t\u00e4glichen Bed\u00fcrfnisse erf\u00fcllen.<br \/>\nF\u00fcr Damen und mittelgro\u00dfe Herren: F\u00fcr eine Dame oder einen mittelgro\u00dfen Gentleman, dieser B\u00fcrostuhl hat die gleiche Erfahrung wie ein teurerer B\u00fcrostuhl. Ein voll verstellbarer B\u00fcrostuhl kostet viel Geld, um sich an verschiedene K\u00f6rpergr\u00f6\u00dfen anzupassen, und einige dieser Investitionen sind f\u00fcr Sie von keinen Wert. Wenn Ihre K\u00f6rpergr\u00f6\u00dfe nicht h\u00f6her als 1,52 m ist, kann dieser B\u00fcrostuhl perfekt zu Ihnen passen, genau wie er allein f\u00fcr Sie entworfen wurde.<\/p>\n","protected":false},"featured_media":182591,"comment_status":"open","ping_status":"closed","template":"","meta":[],"product_brand":[],"product_cat":[504,8312],"product_tag":[],"class_list":{"0":"post-182590","1":"product","2":"type-product","3":"status-publish","4":"has-post-thumbnail","6":"product_cat-buerobedarf-schreibwaren","7":"product_cat-bueromoebel-beleuchtung","8":"pa_brand-mimoglad","9":"pa_color-schwarz","10":"pa_height-15-zoll","11":"pa_length-30-zoll","12":"pa_manufacturer-mimoglad","13":"pa_model-5188h","14":"pa_width-20-zoll","16":"first","17":"instock","18":"shipping-taxable","19":"purchasable","20":"product-type-simple","21":"customify-col","22":"product-has-gallery"},"yoast_head":"<!-- This site is optimized with the Yoast SEO plugin v27.4 - https:\/\/yoast.com\/product\/yoast-seo-wordpress\/ -->\n<title>Ergonomischer B\u00fcrostuhl, Computerstuhl mit verdicktem Kissen und hochklappbaren Armlehnen, Aufgaben-Chefsessel f\u00fcr\u2026 - Markt-XXL<\/title>\n<meta name=\"description\" content=\"Markt-XXL Ergonomischer B\u00fcrostuhl, Computerstuhl mit verdicktem Kissen und hochklappbaren Armlehnen, Aufgaben-Chefsessel f\u00fcr\u2026\" \/>\n<meta name=\"robots\" content=\"index, follow, max-snippet:-1, max-image-preview:large, max-video-preview:-1\" \/>\n<link rel=\"canonical\" href=\"https:\/\/marktxxl.de\/markt\/produkt\/ergonomischer-buerostuhl-computerstuhl-mit-verdicktem-kissen-und-hochklappbaren-armlehnen-aufgaben-chefsessel-fuer-zuhause-und-buero\/\" \/>\n<meta property=\"og:locale\" content=\"de_DE\" \/>\n<meta property=\"og:type\" content=\"article\" \/>\n<meta property=\"og:title\" content=\"Ergonomischer B\u00fcrostuhl, Computerstuhl mit verdicktem Kissen und hochklappbaren Armlehnen, Aufgaben-Chefsessel f\u00fcr\u2026 - Markt-XXL\" \/>\n<meta property=\"og:description\" content=\"Markt-XXL Ergonomischer B\u00fcrostuhl, Computerstuhl mit verdicktem Kissen und hochklappbaren Armlehnen, Aufgaben-Chefsessel f\u00fcr\u2026\" \/>\n<meta property=\"og:url\" content=\"https:\/\/marktxxl.de\/markt\/produkt\/ergonomischer-buerostuhl-computerstuhl-mit-verdicktem-kissen-und-hochklappbaren-armlehnen-aufgaben-chefsessel-fuer-zuhause-und-buero\/\" \/>\n<meta property=\"og:site_name\" content=\"Markt-XXL\" \/>\n<meta property=\"article:modified_time\" content=\"2023-04-11T03:13:35+00:00\" \/>\n<meta property=\"og:image\" content=\"https:\/\/m.media-amazon.com\/images\/I\/51yXFY0bPJL._SL500_.jpg\" \/>\n\t<meta property=\"og:image:width\" content=\"500\" \/>\n\t<meta property=\"og:image:height\" content=\"500\" \/>\n\t<meta property=\"og:image:type\" content=\"image\/jpeg\" \/>\n<meta name=\"twitter:card\" content=\"summary_large_image\" \/>\n<meta name=\"twitter:label1\" content=\"Gesch\u00e4tzte Lesezeit\" \/>\n\t<meta name=\"twitter:data1\" content=\"2\u00a0Minuten\" \/>\n<script type=\"application\/ld+json\" class=\"yoast-schema-graph\">{\"@context\":\"https:\\\/\\\/schema.org\",\"@graph\":[{\"@type\":\"WebPage\",\"@id\":\"https:\\\/\\\/marktxxl.de\\\/markt\\\/produkt\\\/ergonomischer-buerostuhl-computerstuhl-mit-verdicktem-kissen-und-hochklappbaren-armlehnen-aufgaben-chefsessel-fuer-zuhause-und-buero\\\/\",\"url\":\"https:\\\/\\\/marktxxl.de\\\/markt\\\/produkt\\\/ergonomischer-buerostuhl-computerstuhl-mit-verdicktem-kissen-und-hochklappbaren-armlehnen-aufgaben-chefsessel-fuer-zuhause-und-buero\\\/\",\"name\":\"Ergonomischer B\u00fcrostuhl, Computerstuhl mit verdicktem Kissen und hochklappbaren Armlehnen, Aufgaben-Chefsessel f\u00fcr\u2026 - Markt-XXL\",\"isPartOf\":{\"@id\":\"https:\\\/\\\/marktxxl.de\\\/markt\\\/#website\"},\"primaryImageOfPage\":{\"@id\":\"https:\\\/\\\/marktxxl.de\\\/markt\\\/produkt\\\/ergonomischer-buerostuhl-computerstuhl-mit-verdicktem-kissen-und-hochklappbaren-armlehnen-aufgaben-chefsessel-fuer-zuhause-und-buero\\\/#primaryimage\"},\"image\":{\"@id\":\"https:\\\/\\\/marktxxl.de\\\/markt\\\/produkt\\\/ergonomischer-buerostuhl-computerstuhl-mit-verdicktem-kissen-und-hochklappbaren-armlehnen-aufgaben-chefsessel-fuer-zuhause-und-buero\\\/#primaryimage\"},\"thumbnailUrl\":\"https:\\\/\\\/m.media-amazon.com\\\/images\\\/I\\\/51yXFY0bPJL._SL500_.jpg\",\"datePublished\":\"2023-01-10T07:17:14+00:00\",\"dateModified\":\"2023-04-11T03:13:35+00:00\",\"description\":\"Markt-XXL Ergonomischer B\u00fcrostuhl, Computerstuhl mit verdicktem Kissen und hochklappbaren Armlehnen, Aufgaben-Chefsessel f\u00fcr\u2026\",\"breadcrumb\":{\"@id\":\"https:\\\/\\\/marktxxl.de\\\/markt\\\/produkt\\\/ergonomischer-buerostuhl-computerstuhl-mit-verdicktem-kissen-und-hochklappbaren-armlehnen-aufgaben-chefsessel-fuer-zuhause-und-buero\\\/#breadcrumb\"},\"inLanguage\":\"de\",\"potentialAction\":[{\"@type\":\"ReadAction\",\"target\":[\"https:\\\/\\\/marktxxl.de\\\/markt\\\/produkt\\\/ergonomischer-buerostuhl-computerstuhl-mit-verdicktem-kissen-und-hochklappbaren-armlehnen-aufgaben-chefsessel-fuer-zuhause-und-buero\\\/\"]}]},{\"@type\":\"ImageObject\",\"inLanguage\":\"de\",\"@id\":\"https:\\\/\\\/marktxxl.de\\\/markt\\\/produkt\\\/ergonomischer-buerostuhl-computerstuhl-mit-verdicktem-kissen-und-hochklappbaren-armlehnen-aufgaben-chefsessel-fuer-zuhause-und-buero\\\/#primaryimage\",\"url\":\"https:\\\/\\\/m.media-amazon.com\\\/images\\\/I\\\/51yXFY0bPJL._SL500_.jpg\",\"contentUrl\":\"https:\\\/\\\/m.media-amazon.com\\\/images\\\/I\\\/51yXFY0bPJL._SL500_.jpg\",\"width\":500,\"height\":500},{\"@type\":\"BreadcrumbList\",\"@id\":\"https:\\\/\\\/marktxxl.de\\\/markt\\\/produkt\\\/ergonomischer-buerostuhl-computerstuhl-mit-verdicktem-kissen-und-hochklappbaren-armlehnen-aufgaben-chefsessel-fuer-zuhause-und-buero\\\/#breadcrumb\",\"itemListElement\":[{\"@type\":\"ListItem\",\"position\":1,\"name\":\"Startseite\",\"item\":\"https:\\\/\\\/marktxxl.de\\\/markt\\\/\"},{\"@type\":\"ListItem\",\"position\":2,\"name\":\"Markt\",\"item\":\"https:\\\/\\\/marktxxl.de\\\/markt\\\/\"},{\"@type\":\"ListItem\",\"position\":3,\"name\":\"Ergonomischer B\u00fcrostuhl, Computerstuhl mit verdicktem Kissen und hochklappbaren Armlehnen, Aufgaben-Chefsessel f\u00fcr\u2026\"}]},{\"@type\":\"WebSite\",\"@id\":\"https:\\\/\\\/marktxxl.de\\\/markt\\\/#website\",\"url\":\"https:\\\/\\\/marktxxl.de\\\/markt\\\/\",\"name\":\"Markt-XXL\",\"description\":\"Ihr Markt Online\",\"publisher\":{\"@id\":\"https:\\\/\\\/marktxxl.de\\\/markt\\\/#organization\"},\"potentialAction\":[{\"@type\":\"SearchAction\",\"target\":{\"@type\":\"EntryPoint\",\"urlTemplate\":\"https:\\\/\\\/marktxxl.de\\\/markt\\\/?s={search_term_string}\"},\"query-input\":{\"@type\":\"PropertyValueSpecification\",\"valueRequired\":true,\"valueName\":\"search_term_string\"}}],\"inLanguage\":\"de\"},{\"@type\":\"Organization\",\"@id\":\"https:\\\/\\\/marktxxl.de\\\/markt\\\/#organization\",\"name\":\"Markt-XXL\",\"url\":\"https:\\\/\\\/marktxxl.de\\\/markt\\\/\",\"logo\":{\"@type\":\"ImageObject\",\"inLanguage\":\"de\",\"@id\":\"https:\\\/\\\/marktxxl.de\\\/markt\\\/#\\\/schema\\\/logo\\\/image\\\/\",\"url\":\"https:\\\/\\\/marktxxl.de\\\/markt\\\/wp-content\\\/uploads\\\/sites\\\/3\\\/2020\\\/12\\\/logo.png\",\"contentUrl\":\"https:\\\/\\\/marktxxl.de\\\/markt\\\/wp-content\\\/uploads\\\/sites\\\/3\\\/2020\\\/12\\\/logo.png\",\"width\":200,\"height\":70,\"caption\":\"Markt-XXL\"},\"image\":{\"@id\":\"https:\\\/\\\/marktxxl.de\\\/markt\\\/#\\\/schema\\\/logo\\\/image\\\/\"}}]}<\/script>\n<!-- \/ Yoast SEO plugin. -->","yoast_head_json":{"title":"Ergonomischer B\u00fcrostuhl, Computerstuhl mit verdicktem Kissen und hochklappbaren Armlehnen, Aufgaben-Chefsessel f\u00fcr\u2026 - Markt-XXL","description":"Markt-XXL Ergonomischer B\u00fcrostuhl, Computerstuhl mit verdicktem Kissen und hochklappbaren Armlehnen, Aufgaben-Chefsessel f\u00fcr\u2026","robots":{"index":"index","follow":"follow","max-snippet":"max-snippet:-1","max-image-preview":"max-image-preview:large","max-video-preview":"max-video-preview:-1"},"canonical":"https:\/\/marktxxl.de\/markt\/produkt\/ergonomischer-buerostuhl-computerstuhl-mit-verdicktem-kissen-und-hochklappbaren-armlehnen-aufgaben-chefsessel-fuer-zuhause-und-buero\/","og_locale":"de_DE","og_type":"article","og_title":"Ergonomischer B\u00fcrostuhl, Computerstuhl mit verdicktem Kissen und hochklappbaren Armlehnen, Aufgaben-Chefsessel f\u00fcr\u2026 - Markt-XXL","og_description":"Markt-XXL Ergonomischer B\u00fcrostuhl, Computerstuhl mit verdicktem Kissen und hochklappbaren Armlehnen, Aufgaben-Chefsessel f\u00fcr\u2026","og_url":"https:\/\/marktxxl.de\/markt\/produkt\/ergonomischer-buerostuhl-computerstuhl-mit-verdicktem-kissen-und-hochklappbaren-armlehnen-aufgaben-chefsessel-fuer-zuhause-und-buero\/","og_site_name":"Markt-XXL","article_modified_time":"2023-04-11T03:13:35+00:00","og_image":[{"width":500,"height":500,"url":"https:\/\/m.media-amazon.com\/images\/I\/51yXFY0bPJL._SL500_.jpg","type":"image\/jpeg"}],"twitter_card":"summary_large_image","twitter_misc":{"Gesch\u00e4tzte Lesezeit":"2\u00a0Minuten"},"schema":{"@context":"https:\/\/schema.org","@graph":[{"@type":"WebPage","@id":"https:\/\/marktxxl.de\/markt\/produkt\/ergonomischer-buerostuhl-computerstuhl-mit-verdicktem-kissen-und-hochklappbaren-armlehnen-aufgaben-chefsessel-fuer-zuhause-und-buero\/","url":"https:\/\/marktxxl.de\/markt\/produkt\/ergonomischer-buerostuhl-computerstuhl-mit-verdicktem-kissen-und-hochklappbaren-armlehnen-aufgaben-chefsessel-fuer-zuhause-und-buero\/","name":"Ergonomischer B\u00fcrostuhl, Computerstuhl mit verdicktem Kissen und hochklappbaren Armlehnen, Aufgaben-Chefsessel f\u00fcr\u2026 - Markt-XXL","isPartOf":{"@id":"https:\/\/marktxxl.de\/markt\/#website"},"primaryImageOfPage":{"@id":"https:\/\/marktxxl.de\/markt\/produkt\/ergonomischer-buerostuhl-computerstuhl-mit-verdicktem-kissen-und-hochklappbaren-armlehnen-aufgaben-chefsessel-fuer-zuhause-und-buero\/#primaryimage"},"image":{"@id":"https:\/\/marktxxl.de\/markt\/produkt\/ergonomischer-buerostuhl-computerstuhl-mit-verdicktem-kissen-und-hochklappbaren-armlehnen-aufgaben-chefsessel-fuer-zuhause-und-buero\/#primaryimage"},"thumbnailUrl":"https:\/\/m.media-amazon.com\/images\/I\/51yXFY0bPJL._SL500_.jpg","datePublished":"2023-01-10T07:17:14+00:00","dateModified":"2023-04-11T03:13:35+00:00","description":"Markt-XXL Ergonomischer B\u00fcrostuhl, Computerstuhl mit verdicktem Kissen und hochklappbaren Armlehnen, Aufgaben-Chefsessel f\u00fcr\u2026","breadcrumb":{"@id":"https:\/\/marktxxl.de\/markt\/produkt\/ergonomischer-buerostuhl-computerstuhl-mit-verdicktem-kissen-und-hochklappbaren-armlehnen-aufgaben-chefsessel-fuer-zuhause-und-buero\/#breadcrumb"},"inLanguage":"de","potentialAction":[{"@type":"ReadAction","target":["https:\/\/marktxxl.de\/markt\/produkt\/ergonomischer-buerostuhl-computerstuhl-mit-verdicktem-kissen-und-hochklappbaren-armlehnen-aufgaben-chefsessel-fuer-zuhause-und-buero\/"]}]},{"@type":"ImageObject","inLanguage":"de","@id":"https:\/\/marktxxl.de\/markt\/produkt\/ergonomischer-buerostuhl-computerstuhl-mit-verdicktem-kissen-und-hochklappbaren-armlehnen-aufgaben-chefsessel-fuer-zuhause-und-buero\/#primaryimage","url":"https:\/\/m.media-amazon.com\/images\/I\/51yXFY0bPJL._SL500_.jpg","contentUrl":"https:\/\/m.media-amazon.com\/images\/I\/51yXFY0bPJL._SL500_.jpg","width":500,"height":500},{"@type":"BreadcrumbList","@id":"https:\/\/marktxxl.de\/markt\/produkt\/ergonomischer-buerostuhl-computerstuhl-mit-verdicktem-kissen-und-hochklappbaren-armlehnen-aufgaben-chefsessel-fuer-zuhause-und-buero\/#breadcrumb","itemListElement":[{"@type":"ListItem","position":1,"name":"Startseite","item":"https:\/\/marktxxl.de\/markt\/"},{"@type":"ListItem","position":2,"name":"Markt","item":"https:\/\/marktxxl.de\/markt\/"},{"@type":"ListItem","position":3,"name":"Ergonomischer B\u00fcrostuhl, Computerstuhl mit verdicktem Kissen und hochklappbaren Armlehnen, Aufgaben-Chefsessel f\u00fcr\u2026"}]},{"@type":"WebSite","@id":"https:\/\/marktxxl.de\/markt\/#website","url":"https:\/\/marktxxl.de\/markt\/","name":"Markt-XXL","description":"Ihr Markt Online","publisher":{"@id":"https:\/\/marktxxl.de\/markt\/#organization"},"potentialAction":[{"@type":"SearchAction","target":{"@type":"EntryPoint","urlTemplate":"https:\/\/marktxxl.de\/markt\/?s={search_term_string}"},"query-input":{"@type":"PropertyValueSpecification","valueRequired":true,"valueName":"search_term_string"}}],"inLanguage":"de"},{"@type":"Organization","@id":"https:\/\/marktxxl.de\/markt\/#organization","name":"Markt-XXL","url":"https:\/\/marktxxl.de\/markt\/","logo":{"@type":"ImageObject","inLanguage":"de","@id":"https:\/\/marktxxl.de\/markt\/#\/schema\/logo\/image\/","url":"https:\/\/marktxxl.de\/markt\/wp-content\/uploads\/sites\/3\/2020\/12\/logo.png","contentUrl":"https:\/\/marktxxl.de\/markt\/wp-content\/uploads\/sites\/3\/2020\/12\/logo.png","width":200,"height":70,"caption":"Markt-XXL"},"image":{"@id":"https:\/\/marktxxl.de\/markt\/#\/schema\/logo\/image\/"}}]}},"_links":{"self":[{"href":"https:\/\/marktxxl.de\/markt\/wp-json\/wp\/v2\/product\/182590","targetHints":{"allow":["GET"]}}],"collection":[{"href":"https:\/\/marktxxl.de\/markt\/wp-json\/wp\/v2\/product"}],"about":[{"href":"https:\/\/marktxxl.de\/markt\/wp-json\/wp\/v2\/types\/product"}],"replies":[{"embeddable":true,"href":"https:\/\/marktxxl.de\/markt\/wp-json\/wp\/v2\/comments?post=182590"}],"wp:featuredmedia":[{"embeddable":true,"href":"https:\/\/marktxxl.de\/markt\/wp-json\/wp\/v2\/media\/182591"}],"wp:attachment":[{"href":"https:\/\/marktxxl.de\/markt\/wp-json\/wp\/v2\/media?parent=182590"}],"wp:term":[{"taxonomy":"product_brand","embeddable":true,"href":"https:\/\/marktxxl.de\/markt\/wp-json\/wp\/v2\/product_brand?post=182590"},{"taxonomy":"product_cat","embeddable":true,"href":"https:\/\/marktxxl.de\/markt\/wp-json\/wp\/v2\/product_cat?post=182590"},{"taxonomy":"product_tag","embeddable":true,"href":"https:\/\/marktxxl.de\/markt\/wp-json\/wp\/v2\/product_tag?post=182590"}],"curies":[{"name":"wp","href":"https:\/\/api.w.org\/{rel}","templated":true}]}}