{"id":182569,"date":"2023-01-10T08:16:37","date_gmt":"2023-01-10T07:16:37","guid":{"rendered":"https:\/\/marktxxl.de\/markt\/produkt\/ricoo-triple-monitor-halterung-tisch-gasdruckfeder-fuer-15-29-zoll-ergonomisch-vesa-tischhalterung-monitorarm-ts9911-monitorhalterung-3-monitore-arm-bildschirmhalterung-bildschirm-halter\/"},"modified":"2023-04-11T05:13:35","modified_gmt":"2023-04-11T03:13:35","slug":"ricoo-triple-monitor-halterung-tisch-gasdruckfeder-fuer-15-29-zoll-ergonomisch-vesa-tischhalterung-monitorarm-ts9911-monitorhalterung-3-monitore-arm-bildschirmhalterung-bildschirm-halter","status":"publish","type":"product","link":"https:\/\/marktxxl.de\/markt\/produkt\/ricoo-triple-monitor-halterung-tisch-gasdruckfeder-fuer-15-29-zoll-ergonomisch-vesa-tischhalterung-monitorarm-ts9911-monitorhalterung-3-monitore-arm-bildschirmhalterung-bildschirm-halter\/","title":{"rendered":"RICOO Triple Monitor Halterung Tisch Gasdruckfeder f\u00fcr 15-29 Zoll, Ergonomisch, VESA Tischhalterung, Monitorarm TS9911\u2026"},"content":{"rendered":"<p>\ud835\uddd9\ud835\udde8\ud835\udde1\ud835\uddde\ud835\udde7\ud835\udddc\ud835\udde2\ud835\udde1\ud835\uddd8\ud835\udde1: Front-Platten der Monitor-Tischhalterung jeweils 180 Grad drehbar. Schwenkung des Monitor-St\u00e4nder 180 Grad. M\u00f6gliche Neigung +\/-90 Grad. Die Triple-Halterung ist an der Stange h\u00f6hen-verstellbar<br \/>\n\ud835\uddde\ud835\udde2\ud835\udde0\ud835\udde3\ud835\uddd4\ud835\udde7\ud835\udddc\ud835\uddd5\ud835\uddd8\ud835\udddf \ud835\udde0\ud835\udddc\ud835\udde7: VESA 75&#215;75 100&#215;100. 38cm\/15&#8243; 41cm\/16&#8243; 43cm\/17&#8243; 48cm\/19&#8243; 51cm\/20&#8243; 53cm\/21&#8243; 56cm\/22&#8243; 58cm\/23&#8243; 61cm\/24&#8243; 66cm\/26&#8243; 69cm\/27&#8243; 74cm\/29&#8243; Zoll<br \/>\n\ud835\uddde\ud835\uddd4\ud835\udde3\ud835\uddd4\ud835\udded\ud835\udddc\ud835\udde7\u00c4\ud835\udde7: Max Monitor-Breite 760mm. Belastbarkeit der Drei-Fach Monitor-Halterung min 1Kg &#8211; max 7Kg je Schwenk-Arm. Mindestgewicht erforderlich!<br \/>\n\ud835\udde8\ud835\udde1\ud835\udddc\ud835\udde9\ud835\uddd8\ud835\udde5\ud835\udde6\ud835\uddd4\ud835\udddf: F\u00fcr alle Marken sowie Curved Bildschirme geeignet &#8211; wenn VESA-Norm &amp; das Gewicht des Bildschirms unterst\u00fctzt werden!<br \/>\n\ud835\uddd8\ud835\udddc\ud835\udde1\ud835\udde6\ud835\uddd4\ud835\udde7\ud835\udded: Diese Bildschirm-St\u00e4nder Universal-Halterung eignet sich f\u00fcr jeden Flach-Bildschirm mit VESA-Norm. Auch f\u00fcr Curved und Touch-Screen geeignet. Eine Multi-Monitor Bildschirm-Halterung sorgt in jedem Home-Office f\u00fcr Ordnung auf dem Schreib-Tisch oder Gaming-Station<br \/>\n<div class=\"main-cross-sell\" data-asin=\"B07DP43VPS\">\n\n\t<div class=\"WooZone-cross-sell-loader\">\n\t\t<div>\n\t\t\t<div id=\"floatingBarsG\">\n\t\t\t\t<div class=\"blockG\" id=\"rotateG_01\"><\/div>\n\t\t\t\t<div class=\"blockG\" id=\"rotateG_02\"><\/div>\n\t\t\t\t<div class=\"blockG\" id=\"rotateG_03\"><\/div>\n\t\t\t\t<div class=\"blockG\" id=\"rotateG_04\"><\/div>\n\t\t\t\t<div class=\"blockG\" id=\"rotateG_05\"><\/div>\n\t\t\t\t<div class=\"blockG\" id=\"rotateG_06\"><\/div>\n\t\t\t\t<div class=\"blockG\" id=\"rotateG_07\"><\/div>\n\t\t\t\t<div class=\"blockG\" id=\"rotateG_08\"><\/div>\n\t\t\t<\/div>\n\t\t\t<div class=\"WooZone-cross-sell-loader-text\"><\/div>\n\t\t<\/div>\n\t<\/div>\n\n\t\t\n<\/div>\n<div style=\"clear:both;\"><\/div><\/p>\n","protected":false},"excerpt":{"rendered":"<p>\ud835\uddd9\ud835\udde8\ud835\udde1\ud835\uddde\ud835\udde7\ud835\udddc\ud835\udde2\ud835\udde1\ud835\uddd8\ud835\udde1: Front-Platten der Monitor-Tischhalterung jeweils 180 Grad drehbar. Schwenkung des Monitor-St\u00e4nder 180 Grad. M\u00f6gliche Neigung +\/-90 Grad. Die Triple-Halterung ist an der Stange h\u00f6hen-verstellbar<br \/>\n\ud835\uddde\ud835\udde2\ud835\udde0\ud835\udde3\ud835\uddd4\ud835\udde7\ud835\udddc\ud835\uddd5\ud835\uddd8\ud835\udddf \ud835\udde0\ud835\udddc\ud835\udde7: VESA 75&#215;75 100&#215;100. 38cm\/15&#8243; 41cm\/16&#8243; 43cm\/17&#8243; 48cm\/19&#8243; 51cm\/20&#8243; 53cm\/21&#8243; 56cm\/22&#8243; 58cm\/23&#8243; 61cm\/24&#8243; 66cm\/26&#8243; 69cm\/27&#8243; 74cm\/29&#8243; Zoll<br \/>\n\ud835\uddde\ud835\uddd4\ud835\udde3\ud835\uddd4\ud835\udded\ud835\udddc\ud835\udde7\u00c4\ud835\udde7: Max Monitor-Breite 760mm. Belastbarkeit der Drei-Fach Monitor-Halterung min 1Kg &#8211; max 7Kg je Schwenk-Arm. Mindestgewicht erforderlich!<\/p>\n","protected":false},"featured_media":182570,"comment_status":"open","ping_status":"closed","template":"","meta":[],"product_brand":[],"product_cat":[504,8312],"product_tag":[],"class_list":{"0":"post-182569","1":"product","2":"type-product","3":"status-publish","4":"has-post-thumbnail","6":"product_cat-buerobedarf-schreibwaren","7":"product_cat-bueromoebel-beleuchtung","8":"pa_binding-elektronik","9":"pa_brand-busch-jaeger-3","10":"pa_brand-ricoo","11":"pa_height-19-8818897435-zoll","12":"pa_length-23-8188976135-zoll","13":"pa_manufacturer-ricoo","14":"pa_model-ts9911","15":"pa_size-3-monitore-armlaenge-ca-80cm","16":"pa_warranty-gesetzliche-gewaehrleistung-von-24-monaten-auf-neuwaren-sie-haben-fragen-zu-unseren-produkten-wir-helfen-ihnen-gerne-weiter-schreiben-sie-uns-eine-e-mail-supportricoo-de","17":"pa_weight-22-487150724-pfund","18":"pa_width-4-5275590505-zoll","20":"first","21":"instock","22":"shipping-taxable","23":"purchasable","24":"product-type-simple","25":"customify-col","26":"product-has-gallery"},"yoast_head":"<!-- This site is optimized with the Yoast SEO plugin v27.3 - https:\/\/yoast.com\/product\/yoast-seo-wordpress\/ -->\n<title>RICOO Triple Monitor Halterung Tisch Gasdruckfeder f\u00fcr 15-29 Zoll, Ergonomisch, VESA Tischhalterung, Monitorarm TS9911\u2026 - Markt-XXL<\/title>\n<meta name=\"description\" content=\"Markt-XXL RICOO Triple Monitor Halterung Tisch Gasdruckfeder f\u00fcr 15-29 Zoll, Ergonomisch, VESA Tischhalterung, Monitorarm TS9911\u2026\" \/>\n<meta name=\"robots\" content=\"index, follow, max-snippet:-1, max-image-preview:large, max-video-preview:-1\" \/>\n<link rel=\"canonical\" href=\"https:\/\/marktxxl.de\/markt\/produkt\/ricoo-triple-monitor-halterung-tisch-gasdruckfeder-fuer-15-29-zoll-ergonomisch-vesa-tischhalterung-monitorarm-ts9911-monitorhalterung-3-monitore-arm-bildschirmhalterung-bildschirm-halter\/\" \/>\n<meta property=\"og:locale\" content=\"de_DE\" \/>\n<meta property=\"og:type\" content=\"article\" \/>\n<meta property=\"og:title\" content=\"RICOO Triple Monitor Halterung Tisch Gasdruckfeder f\u00fcr 15-29 Zoll, Ergonomisch, VESA Tischhalterung, Monitorarm TS9911\u2026 - Markt-XXL\" \/>\n<meta property=\"og:description\" content=\"Markt-XXL RICOO Triple Monitor Halterung Tisch Gasdruckfeder f\u00fcr 15-29 Zoll, Ergonomisch, VESA Tischhalterung, Monitorarm TS9911\u2026\" \/>\n<meta property=\"og:url\" content=\"https:\/\/marktxxl.de\/markt\/produkt\/ricoo-triple-monitor-halterung-tisch-gasdruckfeder-fuer-15-29-zoll-ergonomisch-vesa-tischhalterung-monitorarm-ts9911-monitorhalterung-3-monitore-arm-bildschirmhalterung-bildschirm-halter\/\" \/>\n<meta property=\"og:site_name\" content=\"Markt-XXL\" \/>\n<meta property=\"article:modified_time\" content=\"2023-04-11T03:13:35+00:00\" \/>\n<meta property=\"og:image\" content=\"https:\/\/m.media-amazon.com\/images\/I\/31mnakweoPL._SL500_.jpg\" \/>\n\t<meta property=\"og:image:width\" content=\"500\" \/>\n\t<meta property=\"og:image:height\" content=\"500\" \/>\n\t<meta property=\"og:image:type\" content=\"image\/jpeg\" \/>\n<meta name=\"twitter:card\" content=\"summary_large_image\" \/>\n<meta name=\"twitter:label1\" content=\"Gesch\u00e4tzte Lesezeit\" \/>\n\t<meta name=\"twitter:data1\" content=\"1\u00a0Minute\" \/>\n<script type=\"application\/ld+json\" class=\"yoast-schema-graph\">{\"@context\":\"https:\\\/\\\/schema.org\",\"@graph\":[{\"@type\":\"WebPage\",\"@id\":\"https:\\\/\\\/marktxxl.de\\\/markt\\\/produkt\\\/ricoo-triple-monitor-halterung-tisch-gasdruckfeder-fuer-15-29-zoll-ergonomisch-vesa-tischhalterung-monitorarm-ts9911-monitorhalterung-3-monitore-arm-bildschirmhalterung-bildschirm-halter\\\/\",\"url\":\"https:\\\/\\\/marktxxl.de\\\/markt\\\/produkt\\\/ricoo-triple-monitor-halterung-tisch-gasdruckfeder-fuer-15-29-zoll-ergonomisch-vesa-tischhalterung-monitorarm-ts9911-monitorhalterung-3-monitore-arm-bildschirmhalterung-bildschirm-halter\\\/\",\"name\":\"RICOO Triple Monitor Halterung Tisch Gasdruckfeder f\u00fcr 15-29 Zoll, Ergonomisch, VESA Tischhalterung, Monitorarm TS9911\u2026 - Markt-XXL\",\"isPartOf\":{\"@id\":\"https:\\\/\\\/marktxxl.de\\\/markt\\\/#website\"},\"primaryImageOfPage\":{\"@id\":\"https:\\\/\\\/marktxxl.de\\\/markt\\\/produkt\\\/ricoo-triple-monitor-halterung-tisch-gasdruckfeder-fuer-15-29-zoll-ergonomisch-vesa-tischhalterung-monitorarm-ts9911-monitorhalterung-3-monitore-arm-bildschirmhalterung-bildschirm-halter\\\/#primaryimage\"},\"image\":{\"@id\":\"https:\\\/\\\/marktxxl.de\\\/markt\\\/produkt\\\/ricoo-triple-monitor-halterung-tisch-gasdruckfeder-fuer-15-29-zoll-ergonomisch-vesa-tischhalterung-monitorarm-ts9911-monitorhalterung-3-monitore-arm-bildschirmhalterung-bildschirm-halter\\\/#primaryimage\"},\"thumbnailUrl\":\"https:\\\/\\\/m.media-amazon.com\\\/images\\\/I\\\/31mnakweoPL._SL500_.jpg\",\"datePublished\":\"2023-01-10T07:16:37+00:00\",\"dateModified\":\"2023-04-11T03:13:35+00:00\",\"description\":\"Markt-XXL RICOO Triple Monitor Halterung Tisch Gasdruckfeder f\u00fcr 15-29 Zoll, Ergonomisch, VESA Tischhalterung, Monitorarm TS9911\u2026\",\"breadcrumb\":{\"@id\":\"https:\\\/\\\/marktxxl.de\\\/markt\\\/produkt\\\/ricoo-triple-monitor-halterung-tisch-gasdruckfeder-fuer-15-29-zoll-ergonomisch-vesa-tischhalterung-monitorarm-ts9911-monitorhalterung-3-monitore-arm-bildschirmhalterung-bildschirm-halter\\\/#breadcrumb\"},\"inLanguage\":\"de\",\"potentialAction\":[{\"@type\":\"ReadAction\",\"target\":[\"https:\\\/\\\/marktxxl.de\\\/markt\\\/produkt\\\/ricoo-triple-monitor-halterung-tisch-gasdruckfeder-fuer-15-29-zoll-ergonomisch-vesa-tischhalterung-monitorarm-ts9911-monitorhalterung-3-monitore-arm-bildschirmhalterung-bildschirm-halter\\\/\"]}]},{\"@type\":\"ImageObject\",\"inLanguage\":\"de\",\"@id\":\"https:\\\/\\\/marktxxl.de\\\/markt\\\/produkt\\\/ricoo-triple-monitor-halterung-tisch-gasdruckfeder-fuer-15-29-zoll-ergonomisch-vesa-tischhalterung-monitorarm-ts9911-monitorhalterung-3-monitore-arm-bildschirmhalterung-bildschirm-halter\\\/#primaryimage\",\"url\":\"https:\\\/\\\/m.media-amazon.com\\\/images\\\/I\\\/31mnakweoPL._SL500_.jpg\",\"contentUrl\":\"https:\\\/\\\/m.media-amazon.com\\\/images\\\/I\\\/31mnakweoPL._SL500_.jpg\",\"width\":500,\"height\":500},{\"@type\":\"BreadcrumbList\",\"@id\":\"https:\\\/\\\/marktxxl.de\\\/markt\\\/produkt\\\/ricoo-triple-monitor-halterung-tisch-gasdruckfeder-fuer-15-29-zoll-ergonomisch-vesa-tischhalterung-monitorarm-ts9911-monitorhalterung-3-monitore-arm-bildschirmhalterung-bildschirm-halter\\\/#breadcrumb\",\"itemListElement\":[{\"@type\":\"ListItem\",\"position\":1,\"name\":\"Startseite\",\"item\":\"https:\\\/\\\/marktxxl.de\\\/markt\\\/\"},{\"@type\":\"ListItem\",\"position\":2,\"name\":\"Markt\",\"item\":\"https:\\\/\\\/marktxxl.de\\\/markt\\\/\"},{\"@type\":\"ListItem\",\"position\":3,\"name\":\"RICOO Triple Monitor Halterung Tisch Gasdruckfeder f\u00fcr 15-29 Zoll, Ergonomisch, VESA Tischhalterung, Monitorarm TS9911\u2026\"}]},{\"@type\":\"WebSite\",\"@id\":\"https:\\\/\\\/marktxxl.de\\\/markt\\\/#website\",\"url\":\"https:\\\/\\\/marktxxl.de\\\/markt\\\/\",\"name\":\"Markt-XXL\",\"description\":\"Ihr Markt Online\",\"publisher\":{\"@id\":\"https:\\\/\\\/marktxxl.de\\\/markt\\\/#organization\"},\"potentialAction\":[{\"@type\":\"SearchAction\",\"target\":{\"@type\":\"EntryPoint\",\"urlTemplate\":\"https:\\\/\\\/marktxxl.de\\\/markt\\\/?s={search_term_string}\"},\"query-input\":{\"@type\":\"PropertyValueSpecification\",\"valueRequired\":true,\"valueName\":\"search_term_string\"}}],\"inLanguage\":\"de\"},{\"@type\":\"Organization\",\"@id\":\"https:\\\/\\\/marktxxl.de\\\/markt\\\/#organization\",\"name\":\"Markt-XXL\",\"url\":\"https:\\\/\\\/marktxxl.de\\\/markt\\\/\",\"logo\":{\"@type\":\"ImageObject\",\"inLanguage\":\"de\",\"@id\":\"https:\\\/\\\/marktxxl.de\\\/markt\\\/#\\\/schema\\\/logo\\\/image\\\/\",\"url\":\"https:\\\/\\\/marktxxl.de\\\/markt\\\/wp-content\\\/uploads\\\/sites\\\/3\\\/2020\\\/12\\\/logo.png\",\"contentUrl\":\"https:\\\/\\\/marktxxl.de\\\/markt\\\/wp-content\\\/uploads\\\/sites\\\/3\\\/2020\\\/12\\\/logo.png\",\"width\":200,\"height\":70,\"caption\":\"Markt-XXL\"},\"image\":{\"@id\":\"https:\\\/\\\/marktxxl.de\\\/markt\\\/#\\\/schema\\\/logo\\\/image\\\/\"}}]}<\/script>\n<!-- \/ Yoast SEO plugin. -->","yoast_head_json":{"title":"RICOO Triple Monitor Halterung Tisch Gasdruckfeder f\u00fcr 15-29 Zoll, Ergonomisch, VESA Tischhalterung, Monitorarm TS9911\u2026 - Markt-XXL","description":"Markt-XXL RICOO Triple Monitor Halterung Tisch Gasdruckfeder f\u00fcr 15-29 Zoll, Ergonomisch, VESA Tischhalterung, Monitorarm TS9911\u2026","robots":{"index":"index","follow":"follow","max-snippet":"max-snippet:-1","max-image-preview":"max-image-preview:large","max-video-preview":"max-video-preview:-1"},"canonical":"https:\/\/marktxxl.de\/markt\/produkt\/ricoo-triple-monitor-halterung-tisch-gasdruckfeder-fuer-15-29-zoll-ergonomisch-vesa-tischhalterung-monitorarm-ts9911-monitorhalterung-3-monitore-arm-bildschirmhalterung-bildschirm-halter\/","og_locale":"de_DE","og_type":"article","og_title":"RICOO Triple Monitor Halterung Tisch Gasdruckfeder f\u00fcr 15-29 Zoll, Ergonomisch, VESA Tischhalterung, Monitorarm TS9911\u2026 - Markt-XXL","og_description":"Markt-XXL RICOO Triple Monitor Halterung Tisch Gasdruckfeder f\u00fcr 15-29 Zoll, Ergonomisch, VESA Tischhalterung, Monitorarm TS9911\u2026","og_url":"https:\/\/marktxxl.de\/markt\/produkt\/ricoo-triple-monitor-halterung-tisch-gasdruckfeder-fuer-15-29-zoll-ergonomisch-vesa-tischhalterung-monitorarm-ts9911-monitorhalterung-3-monitore-arm-bildschirmhalterung-bildschirm-halter\/","og_site_name":"Markt-XXL","article_modified_time":"2023-04-11T03:13:35+00:00","og_image":[{"width":500,"height":500,"url":"https:\/\/m.media-amazon.com\/images\/I\/31mnakweoPL._SL500_.jpg","type":"image\/jpeg"}],"twitter_card":"summary_large_image","twitter_misc":{"Gesch\u00e4tzte Lesezeit":"1\u00a0Minute"},"schema":{"@context":"https:\/\/schema.org","@graph":[{"@type":"WebPage","@id":"https:\/\/marktxxl.de\/markt\/produkt\/ricoo-triple-monitor-halterung-tisch-gasdruckfeder-fuer-15-29-zoll-ergonomisch-vesa-tischhalterung-monitorarm-ts9911-monitorhalterung-3-monitore-arm-bildschirmhalterung-bildschirm-halter\/","url":"https:\/\/marktxxl.de\/markt\/produkt\/ricoo-triple-monitor-halterung-tisch-gasdruckfeder-fuer-15-29-zoll-ergonomisch-vesa-tischhalterung-monitorarm-ts9911-monitorhalterung-3-monitore-arm-bildschirmhalterung-bildschirm-halter\/","name":"RICOO Triple Monitor Halterung Tisch Gasdruckfeder f\u00fcr 15-29 Zoll, Ergonomisch, VESA Tischhalterung, Monitorarm TS9911\u2026 - Markt-XXL","isPartOf":{"@id":"https:\/\/marktxxl.de\/markt\/#website"},"primaryImageOfPage":{"@id":"https:\/\/marktxxl.de\/markt\/produkt\/ricoo-triple-monitor-halterung-tisch-gasdruckfeder-fuer-15-29-zoll-ergonomisch-vesa-tischhalterung-monitorarm-ts9911-monitorhalterung-3-monitore-arm-bildschirmhalterung-bildschirm-halter\/#primaryimage"},"image":{"@id":"https:\/\/marktxxl.de\/markt\/produkt\/ricoo-triple-monitor-halterung-tisch-gasdruckfeder-fuer-15-29-zoll-ergonomisch-vesa-tischhalterung-monitorarm-ts9911-monitorhalterung-3-monitore-arm-bildschirmhalterung-bildschirm-halter\/#primaryimage"},"thumbnailUrl":"https:\/\/m.media-amazon.com\/images\/I\/31mnakweoPL._SL500_.jpg","datePublished":"2023-01-10T07:16:37+00:00","dateModified":"2023-04-11T03:13:35+00:00","description":"Markt-XXL RICOO Triple Monitor Halterung Tisch Gasdruckfeder f\u00fcr 15-29 Zoll, Ergonomisch, VESA Tischhalterung, Monitorarm TS9911\u2026","breadcrumb":{"@id":"https:\/\/marktxxl.de\/markt\/produkt\/ricoo-triple-monitor-halterung-tisch-gasdruckfeder-fuer-15-29-zoll-ergonomisch-vesa-tischhalterung-monitorarm-ts9911-monitorhalterung-3-monitore-arm-bildschirmhalterung-bildschirm-halter\/#breadcrumb"},"inLanguage":"de","potentialAction":[{"@type":"ReadAction","target":["https:\/\/marktxxl.de\/markt\/produkt\/ricoo-triple-monitor-halterung-tisch-gasdruckfeder-fuer-15-29-zoll-ergonomisch-vesa-tischhalterung-monitorarm-ts9911-monitorhalterung-3-monitore-arm-bildschirmhalterung-bildschirm-halter\/"]}]},{"@type":"ImageObject","inLanguage":"de","@id":"https:\/\/marktxxl.de\/markt\/produkt\/ricoo-triple-monitor-halterung-tisch-gasdruckfeder-fuer-15-29-zoll-ergonomisch-vesa-tischhalterung-monitorarm-ts9911-monitorhalterung-3-monitore-arm-bildschirmhalterung-bildschirm-halter\/#primaryimage","url":"https:\/\/m.media-amazon.com\/images\/I\/31mnakweoPL._SL500_.jpg","contentUrl":"https:\/\/m.media-amazon.com\/images\/I\/31mnakweoPL._SL500_.jpg","width":500,"height":500},{"@type":"BreadcrumbList","@id":"https:\/\/marktxxl.de\/markt\/produkt\/ricoo-triple-monitor-halterung-tisch-gasdruckfeder-fuer-15-29-zoll-ergonomisch-vesa-tischhalterung-monitorarm-ts9911-monitorhalterung-3-monitore-arm-bildschirmhalterung-bildschirm-halter\/#breadcrumb","itemListElement":[{"@type":"ListItem","position":1,"name":"Startseite","item":"https:\/\/marktxxl.de\/markt\/"},{"@type":"ListItem","position":2,"name":"Markt","item":"https:\/\/marktxxl.de\/markt\/"},{"@type":"ListItem","position":3,"name":"RICOO Triple Monitor Halterung Tisch Gasdruckfeder f\u00fcr 15-29 Zoll, Ergonomisch, VESA Tischhalterung, Monitorarm TS9911\u2026"}]},{"@type":"WebSite","@id":"https:\/\/marktxxl.de\/markt\/#website","url":"https:\/\/marktxxl.de\/markt\/","name":"Markt-XXL","description":"Ihr Markt Online","publisher":{"@id":"https:\/\/marktxxl.de\/markt\/#organization"},"potentialAction":[{"@type":"SearchAction","target":{"@type":"EntryPoint","urlTemplate":"https:\/\/marktxxl.de\/markt\/?s={search_term_string}"},"query-input":{"@type":"PropertyValueSpecification","valueRequired":true,"valueName":"search_term_string"}}],"inLanguage":"de"},{"@type":"Organization","@id":"https:\/\/marktxxl.de\/markt\/#organization","name":"Markt-XXL","url":"https:\/\/marktxxl.de\/markt\/","logo":{"@type":"ImageObject","inLanguage":"de","@id":"https:\/\/marktxxl.de\/markt\/#\/schema\/logo\/image\/","url":"https:\/\/marktxxl.de\/markt\/wp-content\/uploads\/sites\/3\/2020\/12\/logo.png","contentUrl":"https:\/\/marktxxl.de\/markt\/wp-content\/uploads\/sites\/3\/2020\/12\/logo.png","width":200,"height":70,"caption":"Markt-XXL"},"image":{"@id":"https:\/\/marktxxl.de\/markt\/#\/schema\/logo\/image\/"}}]}},"_links":{"self":[{"href":"https:\/\/marktxxl.de\/markt\/wp-json\/wp\/v2\/product\/182569","targetHints":{"allow":["GET"]}}],"collection":[{"href":"https:\/\/marktxxl.de\/markt\/wp-json\/wp\/v2\/product"}],"about":[{"href":"https:\/\/marktxxl.de\/markt\/wp-json\/wp\/v2\/types\/product"}],"replies":[{"embeddable":true,"href":"https:\/\/marktxxl.de\/markt\/wp-json\/wp\/v2\/comments?post=182569"}],"wp:featuredmedia":[{"embeddable":true,"href":"https:\/\/marktxxl.de\/markt\/wp-json\/wp\/v2\/media\/182570"}],"wp:attachment":[{"href":"https:\/\/marktxxl.de\/markt\/wp-json\/wp\/v2\/media?parent=182569"}],"wp:term":[{"taxonomy":"product_brand","embeddable":true,"href":"https:\/\/marktxxl.de\/markt\/wp-json\/wp\/v2\/product_brand?post=182569"},{"taxonomy":"product_cat","embeddable":true,"href":"https:\/\/marktxxl.de\/markt\/wp-json\/wp\/v2\/product_cat?post=182569"},{"taxonomy":"product_tag","embeddable":true,"href":"https:\/\/marktxxl.de\/markt\/wp-json\/wp\/v2\/product_tag?post=182569"}],"curies":[{"name":"wp","href":"https:\/\/api.w.org\/{rel}","templated":true}]}}