{"id":182442,"date":"2023-01-10T08:11:47","date_gmt":"2023-01-10T07:11:47","guid":{"rendered":"https:\/\/marktxxl.de\/markt\/produkt\/isaoa-kleinkind-rucksack-mit-zuegeln-fuer-jungen-und-maedchen-cartoon-auto-kollektion-kinderrucksack-kinderrucksack-kindergartentasche-reisetasche-mit-brustclip\/"},"modified":"2023-04-11T05:13:33","modified_gmt":"2023-04-11T03:13:33","slug":"isaoa-kleinkind-rucksack-mit-zuegeln-fuer-jungen-und-maedchen-cartoon-auto-kollektion-kinderrucksack-kinderrucksack-kindergartentasche-reisetasche-mit-brustclip","status":"publish","type":"product","link":"https:\/\/marktxxl.de\/markt\/produkt\/isaoa-kleinkind-rucksack-mit-zuegeln-fuer-jungen-und-maedchen-cartoon-auto-kollektion-kinderrucksack-kinderrucksack-kindergartentasche-reisetasche-mit-brustclip\/","title":{"rendered":"ISAOA Kleinkind-Rucksack mit Z\u00fcgeln f\u00fcr Jungen und M\u00e4dchen, Cartoon-Auto-Kollektion, Kinderrucksack, Kinderrucksack\u2026"},"content":{"rendered":"<p>Material: aus hochwertigem Polyester, robust, leicht, wasserabweisend, leicht zu reinigen.<br \/>\nGr\u00f6\u00dfe: 26 x 15 x 33 cm. H\u00fcbscher kleiner Rucksack f\u00fcr Kleinkinder, perfekt f\u00fcr die wichtigsten Dinge Ihrer Kinder, als Windel, A4-Ordner, Feuchtt\u00fccher, Flasche, Wechselkleidung, Snacks, Lunchboxen, Spielzeug usw.<br \/>\nFach: Eine ger\u00e4umige Haupttasche, eine Vordertasche, 2 praktische und sichere Seitentaschen passen problemlos Thermos-Trinkhalm-Wasserflasche und andere kleine Gegenst\u00e4nde.<br \/>\nKreatives Design: Der Rucksack ist mit einem abnehmbaren Z\u00fcgel und Brustclip ausgestattet, der hilfreich ist, um Kleinkinder in Menschenmengen oder bei Familienausfl\u00fcgen nah und sicher zu halten, Brustclip kann verhindern, dass Kinder Schultergurte verrutschen, reflektierende Streifen halten Kleinkinder sicher in der Nacht.<br \/>\nIdeales Geschenk: Unsere kleine Kleinkind-Tasche ist perfekt f\u00fcr den Einsatz als Kindergartentasche, Kindergarten-Rucksack, Wickeltasche f\u00fcr Schule, Reisen, Einkaufen, Park, Besuch im Zoo\/Museum und andere lustige Outdoor-Aktivit\u00e4ten, Geschenk f\u00fcr Kinder, wenn Kindergeburtstag, Weihnachten, Thanksgiving, Schulanfang.<br \/>\n<div class=\"main-cross-sell\" data-asin=\"B0987B271F\">\n\n\t<div class=\"WooZone-cross-sell-loader\">\n\t\t<div>\n\t\t\t<div id=\"floatingBarsG\">\n\t\t\t\t<div class=\"blockG\" id=\"rotateG_01\"><\/div>\n\t\t\t\t<div class=\"blockG\" id=\"rotateG_02\"><\/div>\n\t\t\t\t<div class=\"blockG\" id=\"rotateG_03\"><\/div>\n\t\t\t\t<div class=\"blockG\" id=\"rotateG_04\"><\/div>\n\t\t\t\t<div class=\"blockG\" id=\"rotateG_05\"><\/div>\n\t\t\t\t<div class=\"blockG\" id=\"rotateG_06\"><\/div>\n\t\t\t\t<div class=\"blockG\" id=\"rotateG_07\"><\/div>\n\t\t\t\t<div class=\"blockG\" id=\"rotateG_08\"><\/div>\n\t\t\t<\/div>\n\t\t\t<div class=\"WooZone-cross-sell-loader-text\"><\/div>\n\t\t<\/div>\n\t<\/div>\n\n\t\t\n<\/div>\n<div style=\"clear:both;\"><\/div><\/p>\n","protected":false},"excerpt":{"rendered":"<p>Material: aus hochwertigem Polyester, robust, leicht, wasserabweisend, leicht zu reinigen.<br \/>\nGr\u00f6\u00dfe: 26 x 15 x 33 cm. H\u00fcbscher kleiner Rucksack f\u00fcr Kleinkinder, perfekt f\u00fcr die wichtigsten Dinge Ihrer Kinder, als Windel, A4-Ordner, Feuchtt\u00fccher, Flasche, Wechselkleidung, Snacks, Lunchboxen, Spielzeug usw.<br \/>\nFach: Eine ger\u00e4umige Haupttasche, eine Vordertasche, 2 praktische und sichere Seitentaschen passen problemlos Thermos-Trinkhalm-Wasserflasche und andere kleine Gegenst\u00e4nde.<\/p>\n","protected":false},"featured_media":182443,"comment_status":"open","ping_status":"closed","template":"","meta":[],"product_brand":[],"product_cat":[21,9074],"product_tag":[],"class_list":{"0":"post-182442","1":"product","2":"type-product","3":"status-publish","4":"has-post-thumbnail","6":"product_cat-baby","7":"product_cat-babytragen-baby","8":"pa_brand-mnsruu","9":"pa_color-multi","10":"pa_height-12-992125971-zoll","11":"pa_length-5-905511805-zoll","12":"pa_manufacturer-mnsruu","13":"pa_model-toddler-backpack","14":"pa_size-einheitsgroesse","15":"pa_width-10-236220462-zoll","17":"first","18":"instock","19":"shipping-taxable","20":"purchasable","21":"product-type-simple","22":"customify-col","23":"product-has-gallery"},"yoast_head":"<!-- This site is optimized with the Yoast SEO plugin v27.4 - https:\/\/yoast.com\/product\/yoast-seo-wordpress\/ -->\n<title>ISAOA Kleinkind-Rucksack mit Z\u00fcgeln f\u00fcr Jungen und M\u00e4dchen, Cartoon-Auto-Kollektion, Kinderrucksack, Kinderrucksack\u2026 - Markt-XXL<\/title>\n<meta name=\"description\" content=\"Markt-XXL ISAOA Kleinkind-Rucksack mit Z\u00fcgeln f\u00fcr Jungen und M\u00e4dchen, Cartoon-Auto-Kollektion, Kinderrucksack, Kinderrucksack\u2026\" \/>\n<meta name=\"robots\" content=\"index, follow, max-snippet:-1, max-image-preview:large, max-video-preview:-1\" \/>\n<link rel=\"canonical\" href=\"https:\/\/marktxxl.de\/markt\/produkt\/isaoa-kleinkind-rucksack-mit-zuegeln-fuer-jungen-und-maedchen-cartoon-auto-kollektion-kinderrucksack-kinderrucksack-kindergartentasche-reisetasche-mit-brustclip\/\" \/>\n<meta property=\"og:locale\" content=\"de_DE\" \/>\n<meta property=\"og:type\" content=\"article\" \/>\n<meta property=\"og:title\" content=\"ISAOA Kleinkind-Rucksack mit Z\u00fcgeln f\u00fcr Jungen und M\u00e4dchen, Cartoon-Auto-Kollektion, Kinderrucksack, Kinderrucksack\u2026 - Markt-XXL\" \/>\n<meta property=\"og:description\" content=\"Markt-XXL ISAOA Kleinkind-Rucksack mit Z\u00fcgeln f\u00fcr Jungen und M\u00e4dchen, Cartoon-Auto-Kollektion, Kinderrucksack, Kinderrucksack\u2026\" \/>\n<meta property=\"og:url\" content=\"https:\/\/marktxxl.de\/markt\/produkt\/isaoa-kleinkind-rucksack-mit-zuegeln-fuer-jungen-und-maedchen-cartoon-auto-kollektion-kinderrucksack-kinderrucksack-kindergartentasche-reisetasche-mit-brustclip\/\" \/>\n<meta property=\"og:site_name\" content=\"Markt-XXL\" \/>\n<meta property=\"article:modified_time\" content=\"2023-04-11T03:13:33+00:00\" \/>\n<meta property=\"og:image\" content=\"https:\/\/m.media-amazon.com\/images\/I\/51l7ceWpI+S._SL500_.jpg\" \/>\n\t<meta property=\"og:image:width\" content=\"500\" \/>\n\t<meta property=\"og:image:height\" content=\"500\" \/>\n\t<meta property=\"og:image:type\" content=\"image\/jpeg\" \/>\n<meta name=\"twitter:card\" content=\"summary_large_image\" \/>\n<meta name=\"twitter:label1\" content=\"Gesch\u00e4tzte Lesezeit\" \/>\n\t<meta name=\"twitter:data1\" content=\"1\u00a0Minute\" \/>\n<script type=\"application\/ld+json\" class=\"yoast-schema-graph\">{\"@context\":\"https:\\\/\\\/schema.org\",\"@graph\":[{\"@type\":\"WebPage\",\"@id\":\"https:\\\/\\\/marktxxl.de\\\/markt\\\/produkt\\\/isaoa-kleinkind-rucksack-mit-zuegeln-fuer-jungen-und-maedchen-cartoon-auto-kollektion-kinderrucksack-kinderrucksack-kindergartentasche-reisetasche-mit-brustclip\\\/\",\"url\":\"https:\\\/\\\/marktxxl.de\\\/markt\\\/produkt\\\/isaoa-kleinkind-rucksack-mit-zuegeln-fuer-jungen-und-maedchen-cartoon-auto-kollektion-kinderrucksack-kinderrucksack-kindergartentasche-reisetasche-mit-brustclip\\\/\",\"name\":\"ISAOA Kleinkind-Rucksack mit Z\u00fcgeln f\u00fcr Jungen und M\u00e4dchen, Cartoon-Auto-Kollektion, Kinderrucksack, Kinderrucksack\u2026 - Markt-XXL\",\"isPartOf\":{\"@id\":\"https:\\\/\\\/marktxxl.de\\\/markt\\\/#website\"},\"primaryImageOfPage\":{\"@id\":\"https:\\\/\\\/marktxxl.de\\\/markt\\\/produkt\\\/isaoa-kleinkind-rucksack-mit-zuegeln-fuer-jungen-und-maedchen-cartoon-auto-kollektion-kinderrucksack-kinderrucksack-kindergartentasche-reisetasche-mit-brustclip\\\/#primaryimage\"},\"image\":{\"@id\":\"https:\\\/\\\/marktxxl.de\\\/markt\\\/produkt\\\/isaoa-kleinkind-rucksack-mit-zuegeln-fuer-jungen-und-maedchen-cartoon-auto-kollektion-kinderrucksack-kinderrucksack-kindergartentasche-reisetasche-mit-brustclip\\\/#primaryimage\"},\"thumbnailUrl\":\"https:\\\/\\\/m.media-amazon.com\\\/images\\\/I\\\/51l7ceWpI+S._SL500_.jpg\",\"datePublished\":\"2023-01-10T07:11:47+00:00\",\"dateModified\":\"2023-04-11T03:13:33+00:00\",\"description\":\"Markt-XXL ISAOA Kleinkind-Rucksack mit Z\u00fcgeln f\u00fcr Jungen und M\u00e4dchen, Cartoon-Auto-Kollektion, Kinderrucksack, Kinderrucksack\u2026\",\"breadcrumb\":{\"@id\":\"https:\\\/\\\/marktxxl.de\\\/markt\\\/produkt\\\/isaoa-kleinkind-rucksack-mit-zuegeln-fuer-jungen-und-maedchen-cartoon-auto-kollektion-kinderrucksack-kinderrucksack-kindergartentasche-reisetasche-mit-brustclip\\\/#breadcrumb\"},\"inLanguage\":\"de\",\"potentialAction\":[{\"@type\":\"ReadAction\",\"target\":[\"https:\\\/\\\/marktxxl.de\\\/markt\\\/produkt\\\/isaoa-kleinkind-rucksack-mit-zuegeln-fuer-jungen-und-maedchen-cartoon-auto-kollektion-kinderrucksack-kinderrucksack-kindergartentasche-reisetasche-mit-brustclip\\\/\"]}]},{\"@type\":\"ImageObject\",\"inLanguage\":\"de\",\"@id\":\"https:\\\/\\\/marktxxl.de\\\/markt\\\/produkt\\\/isaoa-kleinkind-rucksack-mit-zuegeln-fuer-jungen-und-maedchen-cartoon-auto-kollektion-kinderrucksack-kinderrucksack-kindergartentasche-reisetasche-mit-brustclip\\\/#primaryimage\",\"url\":\"https:\\\/\\\/m.media-amazon.com\\\/images\\\/I\\\/51l7ceWpI+S._SL500_.jpg\",\"contentUrl\":\"https:\\\/\\\/m.media-amazon.com\\\/images\\\/I\\\/51l7ceWpI+S._SL500_.jpg\",\"width\":500,\"height\":500},{\"@type\":\"BreadcrumbList\",\"@id\":\"https:\\\/\\\/marktxxl.de\\\/markt\\\/produkt\\\/isaoa-kleinkind-rucksack-mit-zuegeln-fuer-jungen-und-maedchen-cartoon-auto-kollektion-kinderrucksack-kinderrucksack-kindergartentasche-reisetasche-mit-brustclip\\\/#breadcrumb\",\"itemListElement\":[{\"@type\":\"ListItem\",\"position\":1,\"name\":\"Startseite\",\"item\":\"https:\\\/\\\/marktxxl.de\\\/markt\\\/\"},{\"@type\":\"ListItem\",\"position\":2,\"name\":\"Markt\",\"item\":\"https:\\\/\\\/marktxxl.de\\\/markt\\\/\"},{\"@type\":\"ListItem\",\"position\":3,\"name\":\"ISAOA Kleinkind-Rucksack mit Z\u00fcgeln f\u00fcr Jungen und M\u00e4dchen, Cartoon-Auto-Kollektion, Kinderrucksack, Kinderrucksack\u2026\"}]},{\"@type\":\"WebSite\",\"@id\":\"https:\\\/\\\/marktxxl.de\\\/markt\\\/#website\",\"url\":\"https:\\\/\\\/marktxxl.de\\\/markt\\\/\",\"name\":\"Markt-XXL\",\"description\":\"Ihr Markt Online\",\"publisher\":{\"@id\":\"https:\\\/\\\/marktxxl.de\\\/markt\\\/#organization\"},\"potentialAction\":[{\"@type\":\"SearchAction\",\"target\":{\"@type\":\"EntryPoint\",\"urlTemplate\":\"https:\\\/\\\/marktxxl.de\\\/markt\\\/?s={search_term_string}\"},\"query-input\":{\"@type\":\"PropertyValueSpecification\",\"valueRequired\":true,\"valueName\":\"search_term_string\"}}],\"inLanguage\":\"de\"},{\"@type\":\"Organization\",\"@id\":\"https:\\\/\\\/marktxxl.de\\\/markt\\\/#organization\",\"name\":\"Markt-XXL\",\"url\":\"https:\\\/\\\/marktxxl.de\\\/markt\\\/\",\"logo\":{\"@type\":\"ImageObject\",\"inLanguage\":\"de\",\"@id\":\"https:\\\/\\\/marktxxl.de\\\/markt\\\/#\\\/schema\\\/logo\\\/image\\\/\",\"url\":\"https:\\\/\\\/marktxxl.de\\\/markt\\\/wp-content\\\/uploads\\\/sites\\\/3\\\/2020\\\/12\\\/logo.png\",\"contentUrl\":\"https:\\\/\\\/marktxxl.de\\\/markt\\\/wp-content\\\/uploads\\\/sites\\\/3\\\/2020\\\/12\\\/logo.png\",\"width\":200,\"height\":70,\"caption\":\"Markt-XXL\"},\"image\":{\"@id\":\"https:\\\/\\\/marktxxl.de\\\/markt\\\/#\\\/schema\\\/logo\\\/image\\\/\"}}]}<\/script>\n<!-- \/ Yoast SEO plugin. -->","yoast_head_json":{"title":"ISAOA Kleinkind-Rucksack mit Z\u00fcgeln f\u00fcr Jungen und M\u00e4dchen, Cartoon-Auto-Kollektion, Kinderrucksack, Kinderrucksack\u2026 - Markt-XXL","description":"Markt-XXL ISAOA Kleinkind-Rucksack mit Z\u00fcgeln f\u00fcr Jungen und M\u00e4dchen, Cartoon-Auto-Kollektion, Kinderrucksack, Kinderrucksack\u2026","robots":{"index":"index","follow":"follow","max-snippet":"max-snippet:-1","max-image-preview":"max-image-preview:large","max-video-preview":"max-video-preview:-1"},"canonical":"https:\/\/marktxxl.de\/markt\/produkt\/isaoa-kleinkind-rucksack-mit-zuegeln-fuer-jungen-und-maedchen-cartoon-auto-kollektion-kinderrucksack-kinderrucksack-kindergartentasche-reisetasche-mit-brustclip\/","og_locale":"de_DE","og_type":"article","og_title":"ISAOA Kleinkind-Rucksack mit Z\u00fcgeln f\u00fcr Jungen und M\u00e4dchen, Cartoon-Auto-Kollektion, Kinderrucksack, Kinderrucksack\u2026 - Markt-XXL","og_description":"Markt-XXL ISAOA Kleinkind-Rucksack mit Z\u00fcgeln f\u00fcr Jungen und M\u00e4dchen, Cartoon-Auto-Kollektion, Kinderrucksack, Kinderrucksack\u2026","og_url":"https:\/\/marktxxl.de\/markt\/produkt\/isaoa-kleinkind-rucksack-mit-zuegeln-fuer-jungen-und-maedchen-cartoon-auto-kollektion-kinderrucksack-kinderrucksack-kindergartentasche-reisetasche-mit-brustclip\/","og_site_name":"Markt-XXL","article_modified_time":"2023-04-11T03:13:33+00:00","og_image":[{"width":500,"height":500,"url":"https:\/\/m.media-amazon.com\/images\/I\/51l7ceWpI+S._SL500_.jpg","type":"image\/jpeg"}],"twitter_card":"summary_large_image","twitter_misc":{"Gesch\u00e4tzte Lesezeit":"1\u00a0Minute"},"schema":{"@context":"https:\/\/schema.org","@graph":[{"@type":"WebPage","@id":"https:\/\/marktxxl.de\/markt\/produkt\/isaoa-kleinkind-rucksack-mit-zuegeln-fuer-jungen-und-maedchen-cartoon-auto-kollektion-kinderrucksack-kinderrucksack-kindergartentasche-reisetasche-mit-brustclip\/","url":"https:\/\/marktxxl.de\/markt\/produkt\/isaoa-kleinkind-rucksack-mit-zuegeln-fuer-jungen-und-maedchen-cartoon-auto-kollektion-kinderrucksack-kinderrucksack-kindergartentasche-reisetasche-mit-brustclip\/","name":"ISAOA Kleinkind-Rucksack mit Z\u00fcgeln f\u00fcr Jungen und M\u00e4dchen, Cartoon-Auto-Kollektion, Kinderrucksack, Kinderrucksack\u2026 - Markt-XXL","isPartOf":{"@id":"https:\/\/marktxxl.de\/markt\/#website"},"primaryImageOfPage":{"@id":"https:\/\/marktxxl.de\/markt\/produkt\/isaoa-kleinkind-rucksack-mit-zuegeln-fuer-jungen-und-maedchen-cartoon-auto-kollektion-kinderrucksack-kinderrucksack-kindergartentasche-reisetasche-mit-brustclip\/#primaryimage"},"image":{"@id":"https:\/\/marktxxl.de\/markt\/produkt\/isaoa-kleinkind-rucksack-mit-zuegeln-fuer-jungen-und-maedchen-cartoon-auto-kollektion-kinderrucksack-kinderrucksack-kindergartentasche-reisetasche-mit-brustclip\/#primaryimage"},"thumbnailUrl":"https:\/\/m.media-amazon.com\/images\/I\/51l7ceWpI+S._SL500_.jpg","datePublished":"2023-01-10T07:11:47+00:00","dateModified":"2023-04-11T03:13:33+00:00","description":"Markt-XXL ISAOA Kleinkind-Rucksack mit Z\u00fcgeln f\u00fcr Jungen und M\u00e4dchen, Cartoon-Auto-Kollektion, Kinderrucksack, Kinderrucksack\u2026","breadcrumb":{"@id":"https:\/\/marktxxl.de\/markt\/produkt\/isaoa-kleinkind-rucksack-mit-zuegeln-fuer-jungen-und-maedchen-cartoon-auto-kollektion-kinderrucksack-kinderrucksack-kindergartentasche-reisetasche-mit-brustclip\/#breadcrumb"},"inLanguage":"de","potentialAction":[{"@type":"ReadAction","target":["https:\/\/marktxxl.de\/markt\/produkt\/isaoa-kleinkind-rucksack-mit-zuegeln-fuer-jungen-und-maedchen-cartoon-auto-kollektion-kinderrucksack-kinderrucksack-kindergartentasche-reisetasche-mit-brustclip\/"]}]},{"@type":"ImageObject","inLanguage":"de","@id":"https:\/\/marktxxl.de\/markt\/produkt\/isaoa-kleinkind-rucksack-mit-zuegeln-fuer-jungen-und-maedchen-cartoon-auto-kollektion-kinderrucksack-kinderrucksack-kindergartentasche-reisetasche-mit-brustclip\/#primaryimage","url":"https:\/\/m.media-amazon.com\/images\/I\/51l7ceWpI+S._SL500_.jpg","contentUrl":"https:\/\/m.media-amazon.com\/images\/I\/51l7ceWpI+S._SL500_.jpg","width":500,"height":500},{"@type":"BreadcrumbList","@id":"https:\/\/marktxxl.de\/markt\/produkt\/isaoa-kleinkind-rucksack-mit-zuegeln-fuer-jungen-und-maedchen-cartoon-auto-kollektion-kinderrucksack-kinderrucksack-kindergartentasche-reisetasche-mit-brustclip\/#breadcrumb","itemListElement":[{"@type":"ListItem","position":1,"name":"Startseite","item":"https:\/\/marktxxl.de\/markt\/"},{"@type":"ListItem","position":2,"name":"Markt","item":"https:\/\/marktxxl.de\/markt\/"},{"@type":"ListItem","position":3,"name":"ISAOA Kleinkind-Rucksack mit Z\u00fcgeln f\u00fcr Jungen und M\u00e4dchen, Cartoon-Auto-Kollektion, Kinderrucksack, Kinderrucksack\u2026"}]},{"@type":"WebSite","@id":"https:\/\/marktxxl.de\/markt\/#website","url":"https:\/\/marktxxl.de\/markt\/","name":"Markt-XXL","description":"Ihr Markt Online","publisher":{"@id":"https:\/\/marktxxl.de\/markt\/#organization"},"potentialAction":[{"@type":"SearchAction","target":{"@type":"EntryPoint","urlTemplate":"https:\/\/marktxxl.de\/markt\/?s={search_term_string}"},"query-input":{"@type":"PropertyValueSpecification","valueRequired":true,"valueName":"search_term_string"}}],"inLanguage":"de"},{"@type":"Organization","@id":"https:\/\/marktxxl.de\/markt\/#organization","name":"Markt-XXL","url":"https:\/\/marktxxl.de\/markt\/","logo":{"@type":"ImageObject","inLanguage":"de","@id":"https:\/\/marktxxl.de\/markt\/#\/schema\/logo\/image\/","url":"https:\/\/marktxxl.de\/markt\/wp-content\/uploads\/sites\/3\/2020\/12\/logo.png","contentUrl":"https:\/\/marktxxl.de\/markt\/wp-content\/uploads\/sites\/3\/2020\/12\/logo.png","width":200,"height":70,"caption":"Markt-XXL"},"image":{"@id":"https:\/\/marktxxl.de\/markt\/#\/schema\/logo\/image\/"}}]}},"_links":{"self":[{"href":"https:\/\/marktxxl.de\/markt\/wp-json\/wp\/v2\/product\/182442","targetHints":{"allow":["GET"]}}],"collection":[{"href":"https:\/\/marktxxl.de\/markt\/wp-json\/wp\/v2\/product"}],"about":[{"href":"https:\/\/marktxxl.de\/markt\/wp-json\/wp\/v2\/types\/product"}],"replies":[{"embeddable":true,"href":"https:\/\/marktxxl.de\/markt\/wp-json\/wp\/v2\/comments?post=182442"}],"wp:featuredmedia":[{"embeddable":true,"href":"https:\/\/marktxxl.de\/markt\/wp-json\/wp\/v2\/media\/182443"}],"wp:attachment":[{"href":"https:\/\/marktxxl.de\/markt\/wp-json\/wp\/v2\/media?parent=182442"}],"wp:term":[{"taxonomy":"product_brand","embeddable":true,"href":"https:\/\/marktxxl.de\/markt\/wp-json\/wp\/v2\/product_brand?post=182442"},{"taxonomy":"product_cat","embeddable":true,"href":"https:\/\/marktxxl.de\/markt\/wp-json\/wp\/v2\/product_cat?post=182442"},{"taxonomy":"product_tag","embeddable":true,"href":"https:\/\/marktxxl.de\/markt\/wp-json\/wp\/v2\/product_tag?post=182442"}],"curies":[{"name":"wp","href":"https:\/\/api.w.org\/{rel}","templated":true}]}}