{"id":182372,"date":"2023-01-10T08:05:31","date_gmt":"2023-01-10T07:05:31","guid":{"rendered":"https:\/\/marktxxl.de\/markt\/produkt\/vee-board-oder-20-stueck-rot-vboards-cargo-laden-ecke-edge-protector-und-spanngurt-guard-bumper-kissen-279-x-102-x-102-cm-dc-cargo-mall\/"},"modified":"2023-04-11T05:13:32","modified_gmt":"2023-04-11T03:13:32","slug":"vee-board-oder-20-stueck-rot-vboards-cargo-laden-ecke-edge-protector-und-spanngurt-guard-bumper-kissen-279-x-102-x-102-cm-dc-cargo-mall","status":"publish","type":"product","link":"https:\/\/marktxxl.de\/markt\/produkt\/vee-board-oder-20-stueck-rot-vboards-cargo-laden-ecke-edge-protector-und-spanngurt-guard-bumper-kissen-279-x-102-x-102-cm-dc-cargo-mall\/","title":{"rendered":"VEE Board oder 20\u00a0St\u00fcck rot vboards, Cargo Laden Ecke Edge Protector und Spanngurt Guard Bumper Kissen, 27,9\u00a0x 10,2\u00a0x 10,2\u00a0cm DC Cargo Mall"},"content":{"rendered":"<p>Leicht zu tragen praktisch rot Vee Boards to go aus strapazierf\u00e4higem 20\u00a0St\u00fcck Kunststoff (Polyethylen) mit breit, gelb Wraparound Halter und schwarzer Gurt Tragegriff<br \/>\nversucht und getestet B\u00fcgel Bumper Guard Cargo Protektoren, aus, um gegen harte Elemente wie z. B. schlechtes Wetter, Gabelstapler Banging, rau Ketten<br \/>\nDiese 27,9\u00a0x 10,2\u00a0x 10,2\u00a0cm V Bord Cargo laden Ecke Schutzh\u00fclle Spanngurt Kissen Umverteilung des Drucks von Logistic 3,5\u00a0m Schlaufen, Kordeln, Anh\u00e4nger und Ketten \u00fcber das ganze Vee Board, reduziert Stress und Minimierung von Sch\u00e4den an\/Laden Kanten, Kartons, Ger\u00e4te, und Paletten Lasten<br \/>\nMit diesen vboards2\u00a0Go hilft erf\u00fcllen sie ihre Federal Sicherheit Anforderung (fmcsa \u00a7 393.104) zu Kissen Logistic Zurrgurt spangurte Ratsche und Cam Riemen zu verhindern Gurtband Schneiden und Zurrgurt spangurte Abrieb<br \/>\nWir bieten ein Trusted pers\u00f6nliche Kundenbetreuung und 100% Geld-zur\u00fcck-Garantie<br \/>\n<div class=\"main-cross-sell\" data-asin=\"B0184IFTKA\">\n\n\t<div class=\"WooZone-cross-sell-loader\">\n\t\t<div>\n\t\t\t<div id=\"floatingBarsG\">\n\t\t\t\t<div class=\"blockG\" id=\"rotateG_01\"><\/div>\n\t\t\t\t<div class=\"blockG\" id=\"rotateG_02\"><\/div>\n\t\t\t\t<div class=\"blockG\" id=\"rotateG_03\"><\/div>\n\t\t\t\t<div class=\"blockG\" id=\"rotateG_04\"><\/div>\n\t\t\t\t<div class=\"blockG\" id=\"rotateG_05\"><\/div>\n\t\t\t\t<div class=\"blockG\" id=\"rotateG_06\"><\/div>\n\t\t\t\t<div class=\"blockG\" id=\"rotateG_07\"><\/div>\n\t\t\t\t<div class=\"blockG\" id=\"rotateG_08\"><\/div>\n\t\t\t<\/div>\n\t\t\t<div class=\"WooZone-cross-sell-loader-text\"><\/div>\n\t\t<\/div>\n\t<\/div>\n\n\t\t\n<\/div>\n<div style=\"clear:both;\"><\/div><\/p>\n","protected":false},"excerpt":{"rendered":"<p>Leicht zu tragen praktisch rot Vee Boards to go aus strapazierf\u00e4higem 20\u00a0St\u00fcck Kunststoff (Polyethylen) mit breit, gelb Wraparound Halter und schwarzer Gurt Tragegriff<br \/>\nversucht und getestet B\u00fcgel Bumper Guard Cargo Protektoren, aus, um gegen harte Elemente wie z. B. schlechtes Wetter, Gabelstapler Banging, rau Ketten<br \/>\nDiese 27,9\u00a0x 10,2\u00a0x 10,2\u00a0cm V Bord Cargo laden Ecke Schutzh\u00fclle Spanngurt Kissen Umverteilung des Drucks von Logistic 3,5\u00a0m Schlaufen, Kordeln, Anh\u00e4nger und Ketten \u00fcber das ganze Vee Board, reduziert Stress und Minimierung von Sch\u00e4den an\/Laden Kanten, Kartons, Ger\u00e4te, und Paletten Lasten<\/p>\n","protected":false},"featured_media":182373,"comment_status":"open","ping_status":"closed","template":"","meta":[],"product_brand":[],"product_cat":[21,9378],"product_tag":[],"class_list":{"0":"post-182372","1":"product","2":"type-product","3":"status-publish","4":"has-post-thumbnail","6":"product_cat-baby","7":"product_cat-sicherheit-baby","8":"pa_binding-unbekannter-einband","9":"pa_brand-dccargomall","10":"pa_color-rot","11":"pa_height-4-zoll","12":"pa_length-11-zoll","13":"pa_manufacturer-dc-cargo-mall","14":"pa_model-vbtg","15":"pa_size-11-x-4-x-4-20-pack","16":"pa_weight-10-pfund","17":"pa_width-4-zoll","19":"first","20":"instock","21":"shipping-taxable","22":"purchasable","23":"product-type-simple","24":"customify-col","25":"product-has-gallery"},"yoast_head":"<!-- This site is optimized with the Yoast SEO plugin v27.3 - https:\/\/yoast.com\/product\/yoast-seo-wordpress\/ -->\n<title>VEE Board oder 20\u00a0St\u00fcck rot vboards, Cargo Laden Ecke Edge Protector und Spanngurt Guard Bumper Kissen, 27,9\u00a0x 10,2\u00a0x 10,2\u00a0cm DC Cargo Mall - Markt-XXL<\/title>\n<meta name=\"description\" content=\"Markt-XXL VEE Board oder 20\u00a0St\u00fcck rot vboards, Cargo Laden Ecke Edge Protector und Spanngurt Guard Bumper Kissen, 27,9\u00a0x 10,2\u00a0x 10,2\u00a0cm DC Cargo Mall\" \/>\n<meta name=\"robots\" content=\"index, follow, max-snippet:-1, max-image-preview:large, max-video-preview:-1\" \/>\n<link rel=\"canonical\" href=\"https:\/\/marktxxl.de\/markt\/produkt\/vee-board-oder-20-stueck-rot-vboards-cargo-laden-ecke-edge-protector-und-spanngurt-guard-bumper-kissen-279-x-102-x-102-cm-dc-cargo-mall\/\" \/>\n<meta property=\"og:locale\" content=\"de_DE\" \/>\n<meta property=\"og:type\" content=\"article\" \/>\n<meta property=\"og:title\" content=\"VEE Board oder 20\u00a0St\u00fcck rot vboards, Cargo Laden Ecke Edge Protector und Spanngurt Guard Bumper Kissen, 27,9\u00a0x 10,2\u00a0x 10,2\u00a0cm DC Cargo Mall - Markt-XXL\" \/>\n<meta property=\"og:description\" content=\"Markt-XXL VEE Board oder 20\u00a0St\u00fcck rot vboards, Cargo Laden Ecke Edge Protector und Spanngurt Guard Bumper Kissen, 27,9\u00a0x 10,2\u00a0x 10,2\u00a0cm DC Cargo Mall\" \/>\n<meta property=\"og:url\" content=\"https:\/\/marktxxl.de\/markt\/produkt\/vee-board-oder-20-stueck-rot-vboards-cargo-laden-ecke-edge-protector-und-spanngurt-guard-bumper-kissen-279-x-102-x-102-cm-dc-cargo-mall\/\" \/>\n<meta property=\"og:site_name\" content=\"Markt-XXL\" \/>\n<meta property=\"article:modified_time\" content=\"2023-04-11T03:13:32+00:00\" \/>\n<meta property=\"og:image\" content=\"https:\/\/m.media-amazon.com\/images\/I\/51E1wHrf1LL._SL500_.jpg\" \/>\n\t<meta property=\"og:image:width\" content=\"500\" \/>\n\t<meta property=\"og:image:height\" content=\"500\" \/>\n\t<meta property=\"og:image:type\" content=\"image\/jpeg\" \/>\n<meta name=\"twitter:card\" content=\"summary_large_image\" \/>\n<meta name=\"twitter:label1\" content=\"Gesch\u00e4tzte Lesezeit\" \/>\n\t<meta name=\"twitter:data1\" content=\"1\u00a0Minute\" \/>\n<script type=\"application\/ld+json\" class=\"yoast-schema-graph\">{\"@context\":\"https:\\\/\\\/schema.org\",\"@graph\":[{\"@type\":\"WebPage\",\"@id\":\"https:\\\/\\\/marktxxl.de\\\/markt\\\/produkt\\\/vee-board-oder-20-stueck-rot-vboards-cargo-laden-ecke-edge-protector-und-spanngurt-guard-bumper-kissen-279-x-102-x-102-cm-dc-cargo-mall\\\/\",\"url\":\"https:\\\/\\\/marktxxl.de\\\/markt\\\/produkt\\\/vee-board-oder-20-stueck-rot-vboards-cargo-laden-ecke-edge-protector-und-spanngurt-guard-bumper-kissen-279-x-102-x-102-cm-dc-cargo-mall\\\/\",\"name\":\"VEE Board oder 20\u00a0St\u00fcck rot vboards, Cargo Laden Ecke Edge Protector und Spanngurt Guard Bumper Kissen, 27,9\u00a0x 10,2\u00a0x 10,2\u00a0cm DC Cargo Mall - Markt-XXL\",\"isPartOf\":{\"@id\":\"https:\\\/\\\/marktxxl.de\\\/markt\\\/#website\"},\"primaryImageOfPage\":{\"@id\":\"https:\\\/\\\/marktxxl.de\\\/markt\\\/produkt\\\/vee-board-oder-20-stueck-rot-vboards-cargo-laden-ecke-edge-protector-und-spanngurt-guard-bumper-kissen-279-x-102-x-102-cm-dc-cargo-mall\\\/#primaryimage\"},\"image\":{\"@id\":\"https:\\\/\\\/marktxxl.de\\\/markt\\\/produkt\\\/vee-board-oder-20-stueck-rot-vboards-cargo-laden-ecke-edge-protector-und-spanngurt-guard-bumper-kissen-279-x-102-x-102-cm-dc-cargo-mall\\\/#primaryimage\"},\"thumbnailUrl\":\"https:\\\/\\\/m.media-amazon.com\\\/images\\\/I\\\/51E1wHrf1LL._SL500_.jpg\",\"datePublished\":\"2023-01-10T07:05:31+00:00\",\"dateModified\":\"2023-04-11T03:13:32+00:00\",\"description\":\"Markt-XXL VEE Board oder 20\u00a0St\u00fcck rot vboards, Cargo Laden Ecke Edge Protector und Spanngurt Guard Bumper Kissen, 27,9\u00a0x 10,2\u00a0x 10,2\u00a0cm DC Cargo Mall\",\"breadcrumb\":{\"@id\":\"https:\\\/\\\/marktxxl.de\\\/markt\\\/produkt\\\/vee-board-oder-20-stueck-rot-vboards-cargo-laden-ecke-edge-protector-und-spanngurt-guard-bumper-kissen-279-x-102-x-102-cm-dc-cargo-mall\\\/#breadcrumb\"},\"inLanguage\":\"de\",\"potentialAction\":[{\"@type\":\"ReadAction\",\"target\":[\"https:\\\/\\\/marktxxl.de\\\/markt\\\/produkt\\\/vee-board-oder-20-stueck-rot-vboards-cargo-laden-ecke-edge-protector-und-spanngurt-guard-bumper-kissen-279-x-102-x-102-cm-dc-cargo-mall\\\/\"]}]},{\"@type\":\"ImageObject\",\"inLanguage\":\"de\",\"@id\":\"https:\\\/\\\/marktxxl.de\\\/markt\\\/produkt\\\/vee-board-oder-20-stueck-rot-vboards-cargo-laden-ecke-edge-protector-und-spanngurt-guard-bumper-kissen-279-x-102-x-102-cm-dc-cargo-mall\\\/#primaryimage\",\"url\":\"https:\\\/\\\/m.media-amazon.com\\\/images\\\/I\\\/51E1wHrf1LL._SL500_.jpg\",\"contentUrl\":\"https:\\\/\\\/m.media-amazon.com\\\/images\\\/I\\\/51E1wHrf1LL._SL500_.jpg\",\"width\":500,\"height\":500},{\"@type\":\"BreadcrumbList\",\"@id\":\"https:\\\/\\\/marktxxl.de\\\/markt\\\/produkt\\\/vee-board-oder-20-stueck-rot-vboards-cargo-laden-ecke-edge-protector-und-spanngurt-guard-bumper-kissen-279-x-102-x-102-cm-dc-cargo-mall\\\/#breadcrumb\",\"itemListElement\":[{\"@type\":\"ListItem\",\"position\":1,\"name\":\"Startseite\",\"item\":\"https:\\\/\\\/marktxxl.de\\\/markt\\\/\"},{\"@type\":\"ListItem\",\"position\":2,\"name\":\"Markt\",\"item\":\"https:\\\/\\\/marktxxl.de\\\/markt\\\/\"},{\"@type\":\"ListItem\",\"position\":3,\"name\":\"VEE Board oder 20\u00a0St\u00fcck rot vboards, Cargo Laden Ecke Edge Protector und Spanngurt Guard Bumper Kissen, 27,9\u00a0x 10,2\u00a0x 10,2\u00a0cm DC Cargo Mall\"}]},{\"@type\":\"WebSite\",\"@id\":\"https:\\\/\\\/marktxxl.de\\\/markt\\\/#website\",\"url\":\"https:\\\/\\\/marktxxl.de\\\/markt\\\/\",\"name\":\"Markt-XXL\",\"description\":\"Ihr Markt Online\",\"publisher\":{\"@id\":\"https:\\\/\\\/marktxxl.de\\\/markt\\\/#organization\"},\"potentialAction\":[{\"@type\":\"SearchAction\",\"target\":{\"@type\":\"EntryPoint\",\"urlTemplate\":\"https:\\\/\\\/marktxxl.de\\\/markt\\\/?s={search_term_string}\"},\"query-input\":{\"@type\":\"PropertyValueSpecification\",\"valueRequired\":true,\"valueName\":\"search_term_string\"}}],\"inLanguage\":\"de\"},{\"@type\":\"Organization\",\"@id\":\"https:\\\/\\\/marktxxl.de\\\/markt\\\/#organization\",\"name\":\"Markt-XXL\",\"url\":\"https:\\\/\\\/marktxxl.de\\\/markt\\\/\",\"logo\":{\"@type\":\"ImageObject\",\"inLanguage\":\"de\",\"@id\":\"https:\\\/\\\/marktxxl.de\\\/markt\\\/#\\\/schema\\\/logo\\\/image\\\/\",\"url\":\"https:\\\/\\\/marktxxl.de\\\/markt\\\/wp-content\\\/uploads\\\/sites\\\/3\\\/2020\\\/12\\\/logo.png\",\"contentUrl\":\"https:\\\/\\\/marktxxl.de\\\/markt\\\/wp-content\\\/uploads\\\/sites\\\/3\\\/2020\\\/12\\\/logo.png\",\"width\":200,\"height\":70,\"caption\":\"Markt-XXL\"},\"image\":{\"@id\":\"https:\\\/\\\/marktxxl.de\\\/markt\\\/#\\\/schema\\\/logo\\\/image\\\/\"}}]}<\/script>\n<!-- \/ Yoast SEO plugin. -->","yoast_head_json":{"title":"VEE Board oder 20\u00a0St\u00fcck rot vboards, Cargo Laden Ecke Edge Protector und Spanngurt Guard Bumper Kissen, 27,9\u00a0x 10,2\u00a0x 10,2\u00a0cm DC Cargo Mall - Markt-XXL","description":"Markt-XXL VEE Board oder 20\u00a0St\u00fcck rot vboards, Cargo Laden Ecke Edge Protector und Spanngurt Guard Bumper Kissen, 27,9\u00a0x 10,2\u00a0x 10,2\u00a0cm DC Cargo Mall","robots":{"index":"index","follow":"follow","max-snippet":"max-snippet:-1","max-image-preview":"max-image-preview:large","max-video-preview":"max-video-preview:-1"},"canonical":"https:\/\/marktxxl.de\/markt\/produkt\/vee-board-oder-20-stueck-rot-vboards-cargo-laden-ecke-edge-protector-und-spanngurt-guard-bumper-kissen-279-x-102-x-102-cm-dc-cargo-mall\/","og_locale":"de_DE","og_type":"article","og_title":"VEE Board oder 20\u00a0St\u00fcck rot vboards, Cargo Laden Ecke Edge Protector und Spanngurt Guard Bumper Kissen, 27,9\u00a0x 10,2\u00a0x 10,2\u00a0cm DC Cargo Mall - Markt-XXL","og_description":"Markt-XXL VEE Board oder 20\u00a0St\u00fcck rot vboards, Cargo Laden Ecke Edge Protector und Spanngurt Guard Bumper Kissen, 27,9\u00a0x 10,2\u00a0x 10,2\u00a0cm DC Cargo Mall","og_url":"https:\/\/marktxxl.de\/markt\/produkt\/vee-board-oder-20-stueck-rot-vboards-cargo-laden-ecke-edge-protector-und-spanngurt-guard-bumper-kissen-279-x-102-x-102-cm-dc-cargo-mall\/","og_site_name":"Markt-XXL","article_modified_time":"2023-04-11T03:13:32+00:00","og_image":[{"width":500,"height":500,"url":"https:\/\/m.media-amazon.com\/images\/I\/51E1wHrf1LL._SL500_.jpg","type":"image\/jpeg"}],"twitter_card":"summary_large_image","twitter_misc":{"Gesch\u00e4tzte Lesezeit":"1\u00a0Minute"},"schema":{"@context":"https:\/\/schema.org","@graph":[{"@type":"WebPage","@id":"https:\/\/marktxxl.de\/markt\/produkt\/vee-board-oder-20-stueck-rot-vboards-cargo-laden-ecke-edge-protector-und-spanngurt-guard-bumper-kissen-279-x-102-x-102-cm-dc-cargo-mall\/","url":"https:\/\/marktxxl.de\/markt\/produkt\/vee-board-oder-20-stueck-rot-vboards-cargo-laden-ecke-edge-protector-und-spanngurt-guard-bumper-kissen-279-x-102-x-102-cm-dc-cargo-mall\/","name":"VEE Board oder 20\u00a0St\u00fcck rot vboards, Cargo Laden Ecke Edge Protector und Spanngurt Guard Bumper Kissen, 27,9\u00a0x 10,2\u00a0x 10,2\u00a0cm DC Cargo Mall - Markt-XXL","isPartOf":{"@id":"https:\/\/marktxxl.de\/markt\/#website"},"primaryImageOfPage":{"@id":"https:\/\/marktxxl.de\/markt\/produkt\/vee-board-oder-20-stueck-rot-vboards-cargo-laden-ecke-edge-protector-und-spanngurt-guard-bumper-kissen-279-x-102-x-102-cm-dc-cargo-mall\/#primaryimage"},"image":{"@id":"https:\/\/marktxxl.de\/markt\/produkt\/vee-board-oder-20-stueck-rot-vboards-cargo-laden-ecke-edge-protector-und-spanngurt-guard-bumper-kissen-279-x-102-x-102-cm-dc-cargo-mall\/#primaryimage"},"thumbnailUrl":"https:\/\/m.media-amazon.com\/images\/I\/51E1wHrf1LL._SL500_.jpg","datePublished":"2023-01-10T07:05:31+00:00","dateModified":"2023-04-11T03:13:32+00:00","description":"Markt-XXL VEE Board oder 20\u00a0St\u00fcck rot vboards, Cargo Laden Ecke Edge Protector und Spanngurt Guard Bumper Kissen, 27,9\u00a0x 10,2\u00a0x 10,2\u00a0cm DC Cargo Mall","breadcrumb":{"@id":"https:\/\/marktxxl.de\/markt\/produkt\/vee-board-oder-20-stueck-rot-vboards-cargo-laden-ecke-edge-protector-und-spanngurt-guard-bumper-kissen-279-x-102-x-102-cm-dc-cargo-mall\/#breadcrumb"},"inLanguage":"de","potentialAction":[{"@type":"ReadAction","target":["https:\/\/marktxxl.de\/markt\/produkt\/vee-board-oder-20-stueck-rot-vboards-cargo-laden-ecke-edge-protector-und-spanngurt-guard-bumper-kissen-279-x-102-x-102-cm-dc-cargo-mall\/"]}]},{"@type":"ImageObject","inLanguage":"de","@id":"https:\/\/marktxxl.de\/markt\/produkt\/vee-board-oder-20-stueck-rot-vboards-cargo-laden-ecke-edge-protector-und-spanngurt-guard-bumper-kissen-279-x-102-x-102-cm-dc-cargo-mall\/#primaryimage","url":"https:\/\/m.media-amazon.com\/images\/I\/51E1wHrf1LL._SL500_.jpg","contentUrl":"https:\/\/m.media-amazon.com\/images\/I\/51E1wHrf1LL._SL500_.jpg","width":500,"height":500},{"@type":"BreadcrumbList","@id":"https:\/\/marktxxl.de\/markt\/produkt\/vee-board-oder-20-stueck-rot-vboards-cargo-laden-ecke-edge-protector-und-spanngurt-guard-bumper-kissen-279-x-102-x-102-cm-dc-cargo-mall\/#breadcrumb","itemListElement":[{"@type":"ListItem","position":1,"name":"Startseite","item":"https:\/\/marktxxl.de\/markt\/"},{"@type":"ListItem","position":2,"name":"Markt","item":"https:\/\/marktxxl.de\/markt\/"},{"@type":"ListItem","position":3,"name":"VEE Board oder 20\u00a0St\u00fcck rot vboards, Cargo Laden Ecke Edge Protector und Spanngurt Guard Bumper Kissen, 27,9\u00a0x 10,2\u00a0x 10,2\u00a0cm DC Cargo Mall"}]},{"@type":"WebSite","@id":"https:\/\/marktxxl.de\/markt\/#website","url":"https:\/\/marktxxl.de\/markt\/","name":"Markt-XXL","description":"Ihr Markt Online","publisher":{"@id":"https:\/\/marktxxl.de\/markt\/#organization"},"potentialAction":[{"@type":"SearchAction","target":{"@type":"EntryPoint","urlTemplate":"https:\/\/marktxxl.de\/markt\/?s={search_term_string}"},"query-input":{"@type":"PropertyValueSpecification","valueRequired":true,"valueName":"search_term_string"}}],"inLanguage":"de"},{"@type":"Organization","@id":"https:\/\/marktxxl.de\/markt\/#organization","name":"Markt-XXL","url":"https:\/\/marktxxl.de\/markt\/","logo":{"@type":"ImageObject","inLanguage":"de","@id":"https:\/\/marktxxl.de\/markt\/#\/schema\/logo\/image\/","url":"https:\/\/marktxxl.de\/markt\/wp-content\/uploads\/sites\/3\/2020\/12\/logo.png","contentUrl":"https:\/\/marktxxl.de\/markt\/wp-content\/uploads\/sites\/3\/2020\/12\/logo.png","width":200,"height":70,"caption":"Markt-XXL"},"image":{"@id":"https:\/\/marktxxl.de\/markt\/#\/schema\/logo\/image\/"}}]}},"_links":{"self":[{"href":"https:\/\/marktxxl.de\/markt\/wp-json\/wp\/v2\/product\/182372","targetHints":{"allow":["GET"]}}],"collection":[{"href":"https:\/\/marktxxl.de\/markt\/wp-json\/wp\/v2\/product"}],"about":[{"href":"https:\/\/marktxxl.de\/markt\/wp-json\/wp\/v2\/types\/product"}],"replies":[{"embeddable":true,"href":"https:\/\/marktxxl.de\/markt\/wp-json\/wp\/v2\/comments?post=182372"}],"wp:featuredmedia":[{"embeddable":true,"href":"https:\/\/marktxxl.de\/markt\/wp-json\/wp\/v2\/media\/182373"}],"wp:attachment":[{"href":"https:\/\/marktxxl.de\/markt\/wp-json\/wp\/v2\/media?parent=182372"}],"wp:term":[{"taxonomy":"product_brand","embeddable":true,"href":"https:\/\/marktxxl.de\/markt\/wp-json\/wp\/v2\/product_brand?post=182372"},{"taxonomy":"product_cat","embeddable":true,"href":"https:\/\/marktxxl.de\/markt\/wp-json\/wp\/v2\/product_cat?post=182372"},{"taxonomy":"product_tag","embeddable":true,"href":"https:\/\/marktxxl.de\/markt\/wp-json\/wp\/v2\/product_tag?post=182372"}],"curies":[{"name":"wp","href":"https:\/\/api.w.org\/{rel}","templated":true}]}}