{"id":182277,"date":"2023-01-10T07:56:50","date_gmt":"2023-01-10T06:56:50","guid":{"rendered":"https:\/\/marktxxl.de\/markt\/produkt\/walden-stoker-poker-blow-durch-fire-poker-838-cm\/"},"modified":"2023-04-11T05:13:30","modified_gmt":"2023-04-11T03:13:30","slug":"walden-stoker-poker-blow-durch-fire-poker-838-cm","status":"publish","type":"product","link":"https:\/\/marktxxl.de\/markt\/produkt\/walden-stoker-poker-blow-durch-fire-poker-838-cm\/","title":{"rendered":"Walden Stoker Poker\u00a0\u2013\u00a0Blow durch Fire Poker, 83,8\u00a0cm"},"content":{"rendered":"<p>Diese echte Walden stoker-poker bietet beispiellose Kontrolle des Fire von Anfang bis Ende. Nach nur einem versuchen, das einzigartige Air Jets und leichte, aber stabile Design machen es das Werkzeug, das jeden Fire Kenner w\u00fcrde nicht mehr missen wollen. * Zum Patent angemeldete *<br \/>\npokes das Feuer mit Leichtigkeit &amp; Kontrolle<br \/>\nStokes der Feuer mit einzigartigen Luft D\u00fcsen.<br \/>\nLeicht und strapazierf\u00e4hig<br \/>\nGro\u00dfe Schlaufe zum Aufh\u00e4ngen &amp; Edelstahl Mundst\u00fcck Edelstahl<br \/>\n<div class=\"main-cross-sell\" data-asin=\"B071XZC8Q8\">\n\n\t<div class=\"WooZone-cross-sell-loader\">\n\t\t<div>\n\t\t\t<div id=\"floatingBarsG\">\n\t\t\t\t<div class=\"blockG\" id=\"rotateG_01\"><\/div>\n\t\t\t\t<div class=\"blockG\" id=\"rotateG_02\"><\/div>\n\t\t\t\t<div class=\"blockG\" id=\"rotateG_03\"><\/div>\n\t\t\t\t<div class=\"blockG\" id=\"rotateG_04\"><\/div>\n\t\t\t\t<div class=\"blockG\" id=\"rotateG_05\"><\/div>\n\t\t\t\t<div class=\"blockG\" id=\"rotateG_06\"><\/div>\n\t\t\t\t<div class=\"blockG\" id=\"rotateG_07\"><\/div>\n\t\t\t\t<div class=\"blockG\" id=\"rotateG_08\"><\/div>\n\t\t\t<\/div>\n\t\t\t<div class=\"WooZone-cross-sell-loader-text\"><\/div>\n\t\t<\/div>\n\t<\/div>\n\n\t\t\n<\/div>\n<div style=\"clear:both;\"><\/div><\/p>\n","protected":false},"excerpt":{"rendered":"<p>Diese echte Walden stoker-poker bietet beispiellose Kontrolle des Fire von Anfang bis Ende. Nach nur einem versuchen, das einzigartige Air Jets und leichte, aber stabile Design machen es das Werkzeug, das jeden Fire Kenner w\u00fcrde nicht mehr missen wollen. * Zum Patent angemeldete *<br \/>\npokes das Feuer mit Leichtigkeit &amp; Kontrolle<br \/>\nStokes der Feuer mit einzigartigen Luft D\u00fcsen.<\/p>\n","protected":false},"featured_media":182278,"comment_status":"open","ping_status":"closed","template":"","meta":[],"product_brand":[],"product_cat":[1983,11036],"product_tag":[],"class_list":{"0":"post-182277","1":"product","2":"type-product","3":"status-publish","4":"has-post-thumbnail","6":"product_cat-baumarkt","7":"product_cat-kamine","8":"pa_binding-gartenartikel","9":"pa_brand-walden-backyards","10":"pa_manufacturer-walden-products","11":"pa_size-33-inches-long","12":"pa_weight-1-pfund","14":"first","15":"instock","16":"shipping-taxable","17":"purchasable","18":"product-type-simple","19":"customify-col","20":"product-has-gallery"},"yoast_head":"<!-- This site is optimized with the Yoast SEO plugin v27.3 - https:\/\/yoast.com\/product\/yoast-seo-wordpress\/ -->\n<title>Walden Stoker Poker\u00a0\u2013\u00a0Blow durch Fire Poker, 83,8\u00a0cm - Markt-XXL<\/title>\n<meta name=\"description\" content=\"Markt-XXL Walden Stoker Poker\u00a0\u2013\u00a0Blow durch Fire Poker, 83,8\u00a0cm\" \/>\n<meta name=\"robots\" content=\"index, follow, max-snippet:-1, max-image-preview:large, max-video-preview:-1\" \/>\n<link rel=\"canonical\" href=\"https:\/\/marktxxl.de\/markt\/produkt\/walden-stoker-poker-blow-durch-fire-poker-838-cm\/\" \/>\n<meta property=\"og:locale\" content=\"de_DE\" \/>\n<meta property=\"og:type\" content=\"article\" \/>\n<meta property=\"og:title\" content=\"Walden Stoker Poker\u00a0\u2013\u00a0Blow durch Fire Poker, 83,8\u00a0cm - Markt-XXL\" \/>\n<meta property=\"og:description\" content=\"Markt-XXL Walden Stoker Poker\u00a0\u2013\u00a0Blow durch Fire Poker, 83,8\u00a0cm\" \/>\n<meta property=\"og:url\" content=\"https:\/\/marktxxl.de\/markt\/produkt\/walden-stoker-poker-blow-durch-fire-poker-838-cm\/\" \/>\n<meta property=\"og:site_name\" content=\"Markt-XXL\" \/>\n<meta property=\"article:modified_time\" content=\"2023-04-11T03:13:30+00:00\" \/>\n<meta property=\"og:image\" content=\"https:\/\/m.media-amazon.com\/images\/I\/21nNdva0xHL._SL500_.jpg\" \/>\n\t<meta property=\"og:image:width\" content=\"500\" \/>\n\t<meta property=\"og:image:height\" content=\"500\" \/>\n\t<meta property=\"og:image:type\" content=\"image\/jpeg\" \/>\n<meta name=\"twitter:card\" content=\"summary_large_image\" \/>\n<script type=\"application\/ld+json\" class=\"yoast-schema-graph\">{\"@context\":\"https:\\\/\\\/schema.org\",\"@graph\":[{\"@type\":\"WebPage\",\"@id\":\"https:\\\/\\\/marktxxl.de\\\/markt\\\/produkt\\\/walden-stoker-poker-blow-durch-fire-poker-838-cm\\\/\",\"url\":\"https:\\\/\\\/marktxxl.de\\\/markt\\\/produkt\\\/walden-stoker-poker-blow-durch-fire-poker-838-cm\\\/\",\"name\":\"Walden Stoker Poker\u00a0\u2013\u00a0Blow durch Fire Poker, 83,8\u00a0cm - Markt-XXL\",\"isPartOf\":{\"@id\":\"https:\\\/\\\/marktxxl.de\\\/markt\\\/#website\"},\"primaryImageOfPage\":{\"@id\":\"https:\\\/\\\/marktxxl.de\\\/markt\\\/produkt\\\/walden-stoker-poker-blow-durch-fire-poker-838-cm\\\/#primaryimage\"},\"image\":{\"@id\":\"https:\\\/\\\/marktxxl.de\\\/markt\\\/produkt\\\/walden-stoker-poker-blow-durch-fire-poker-838-cm\\\/#primaryimage\"},\"thumbnailUrl\":\"https:\\\/\\\/m.media-amazon.com\\\/images\\\/I\\\/21nNdva0xHL._SL500_.jpg\",\"datePublished\":\"2023-01-10T06:56:50+00:00\",\"dateModified\":\"2023-04-11T03:13:30+00:00\",\"description\":\"Markt-XXL Walden Stoker Poker\u00a0\u2013\u00a0Blow durch Fire Poker, 83,8\u00a0cm\",\"breadcrumb\":{\"@id\":\"https:\\\/\\\/marktxxl.de\\\/markt\\\/produkt\\\/walden-stoker-poker-blow-durch-fire-poker-838-cm\\\/#breadcrumb\"},\"inLanguage\":\"de\",\"potentialAction\":[{\"@type\":\"ReadAction\",\"target\":[\"https:\\\/\\\/marktxxl.de\\\/markt\\\/produkt\\\/walden-stoker-poker-blow-durch-fire-poker-838-cm\\\/\"]}]},{\"@type\":\"ImageObject\",\"inLanguage\":\"de\",\"@id\":\"https:\\\/\\\/marktxxl.de\\\/markt\\\/produkt\\\/walden-stoker-poker-blow-durch-fire-poker-838-cm\\\/#primaryimage\",\"url\":\"https:\\\/\\\/m.media-amazon.com\\\/images\\\/I\\\/21nNdva0xHL._SL500_.jpg\",\"contentUrl\":\"https:\\\/\\\/m.media-amazon.com\\\/images\\\/I\\\/21nNdva0xHL._SL500_.jpg\",\"width\":500,\"height\":500},{\"@type\":\"BreadcrumbList\",\"@id\":\"https:\\\/\\\/marktxxl.de\\\/markt\\\/produkt\\\/walden-stoker-poker-blow-durch-fire-poker-838-cm\\\/#breadcrumb\",\"itemListElement\":[{\"@type\":\"ListItem\",\"position\":1,\"name\":\"Startseite\",\"item\":\"https:\\\/\\\/marktxxl.de\\\/markt\\\/\"},{\"@type\":\"ListItem\",\"position\":2,\"name\":\"Markt\",\"item\":\"https:\\\/\\\/marktxxl.de\\\/markt\\\/\"},{\"@type\":\"ListItem\",\"position\":3,\"name\":\"Walden Stoker Poker\u00a0\u2013\u00a0Blow durch Fire Poker, 83,8\u00a0cm\"}]},{\"@type\":\"WebSite\",\"@id\":\"https:\\\/\\\/marktxxl.de\\\/markt\\\/#website\",\"url\":\"https:\\\/\\\/marktxxl.de\\\/markt\\\/\",\"name\":\"Markt-XXL\",\"description\":\"Ihr Markt Online\",\"publisher\":{\"@id\":\"https:\\\/\\\/marktxxl.de\\\/markt\\\/#organization\"},\"potentialAction\":[{\"@type\":\"SearchAction\",\"target\":{\"@type\":\"EntryPoint\",\"urlTemplate\":\"https:\\\/\\\/marktxxl.de\\\/markt\\\/?s={search_term_string}\"},\"query-input\":{\"@type\":\"PropertyValueSpecification\",\"valueRequired\":true,\"valueName\":\"search_term_string\"}}],\"inLanguage\":\"de\"},{\"@type\":\"Organization\",\"@id\":\"https:\\\/\\\/marktxxl.de\\\/markt\\\/#organization\",\"name\":\"Markt-XXL\",\"url\":\"https:\\\/\\\/marktxxl.de\\\/markt\\\/\",\"logo\":{\"@type\":\"ImageObject\",\"inLanguage\":\"de\",\"@id\":\"https:\\\/\\\/marktxxl.de\\\/markt\\\/#\\\/schema\\\/logo\\\/image\\\/\",\"url\":\"https:\\\/\\\/marktxxl.de\\\/markt\\\/wp-content\\\/uploads\\\/sites\\\/3\\\/2020\\\/12\\\/logo.png\",\"contentUrl\":\"https:\\\/\\\/marktxxl.de\\\/markt\\\/wp-content\\\/uploads\\\/sites\\\/3\\\/2020\\\/12\\\/logo.png\",\"width\":200,\"height\":70,\"caption\":\"Markt-XXL\"},\"image\":{\"@id\":\"https:\\\/\\\/marktxxl.de\\\/markt\\\/#\\\/schema\\\/logo\\\/image\\\/\"}}]}<\/script>\n<!-- \/ Yoast SEO plugin. -->","yoast_head_json":{"title":"Walden Stoker Poker\u00a0\u2013\u00a0Blow durch Fire Poker, 83,8\u00a0cm - Markt-XXL","description":"Markt-XXL Walden Stoker Poker\u00a0\u2013\u00a0Blow durch Fire Poker, 83,8\u00a0cm","robots":{"index":"index","follow":"follow","max-snippet":"max-snippet:-1","max-image-preview":"max-image-preview:large","max-video-preview":"max-video-preview:-1"},"canonical":"https:\/\/marktxxl.de\/markt\/produkt\/walden-stoker-poker-blow-durch-fire-poker-838-cm\/","og_locale":"de_DE","og_type":"article","og_title":"Walden Stoker Poker\u00a0\u2013\u00a0Blow durch Fire Poker, 83,8\u00a0cm - Markt-XXL","og_description":"Markt-XXL Walden Stoker Poker\u00a0\u2013\u00a0Blow durch Fire Poker, 83,8\u00a0cm","og_url":"https:\/\/marktxxl.de\/markt\/produkt\/walden-stoker-poker-blow-durch-fire-poker-838-cm\/","og_site_name":"Markt-XXL","article_modified_time":"2023-04-11T03:13:30+00:00","og_image":[{"width":500,"height":500,"url":"https:\/\/m.media-amazon.com\/images\/I\/21nNdva0xHL._SL500_.jpg","type":"image\/jpeg"}],"twitter_card":"summary_large_image","schema":{"@context":"https:\/\/schema.org","@graph":[{"@type":"WebPage","@id":"https:\/\/marktxxl.de\/markt\/produkt\/walden-stoker-poker-blow-durch-fire-poker-838-cm\/","url":"https:\/\/marktxxl.de\/markt\/produkt\/walden-stoker-poker-blow-durch-fire-poker-838-cm\/","name":"Walden Stoker Poker\u00a0\u2013\u00a0Blow durch Fire Poker, 83,8\u00a0cm - Markt-XXL","isPartOf":{"@id":"https:\/\/marktxxl.de\/markt\/#website"},"primaryImageOfPage":{"@id":"https:\/\/marktxxl.de\/markt\/produkt\/walden-stoker-poker-blow-durch-fire-poker-838-cm\/#primaryimage"},"image":{"@id":"https:\/\/marktxxl.de\/markt\/produkt\/walden-stoker-poker-blow-durch-fire-poker-838-cm\/#primaryimage"},"thumbnailUrl":"https:\/\/m.media-amazon.com\/images\/I\/21nNdva0xHL._SL500_.jpg","datePublished":"2023-01-10T06:56:50+00:00","dateModified":"2023-04-11T03:13:30+00:00","description":"Markt-XXL Walden Stoker Poker\u00a0\u2013\u00a0Blow durch Fire Poker, 83,8\u00a0cm","breadcrumb":{"@id":"https:\/\/marktxxl.de\/markt\/produkt\/walden-stoker-poker-blow-durch-fire-poker-838-cm\/#breadcrumb"},"inLanguage":"de","potentialAction":[{"@type":"ReadAction","target":["https:\/\/marktxxl.de\/markt\/produkt\/walden-stoker-poker-blow-durch-fire-poker-838-cm\/"]}]},{"@type":"ImageObject","inLanguage":"de","@id":"https:\/\/marktxxl.de\/markt\/produkt\/walden-stoker-poker-blow-durch-fire-poker-838-cm\/#primaryimage","url":"https:\/\/m.media-amazon.com\/images\/I\/21nNdva0xHL._SL500_.jpg","contentUrl":"https:\/\/m.media-amazon.com\/images\/I\/21nNdva0xHL._SL500_.jpg","width":500,"height":500},{"@type":"BreadcrumbList","@id":"https:\/\/marktxxl.de\/markt\/produkt\/walden-stoker-poker-blow-durch-fire-poker-838-cm\/#breadcrumb","itemListElement":[{"@type":"ListItem","position":1,"name":"Startseite","item":"https:\/\/marktxxl.de\/markt\/"},{"@type":"ListItem","position":2,"name":"Markt","item":"https:\/\/marktxxl.de\/markt\/"},{"@type":"ListItem","position":3,"name":"Walden Stoker Poker\u00a0\u2013\u00a0Blow durch Fire Poker, 83,8\u00a0cm"}]},{"@type":"WebSite","@id":"https:\/\/marktxxl.de\/markt\/#website","url":"https:\/\/marktxxl.de\/markt\/","name":"Markt-XXL","description":"Ihr Markt Online","publisher":{"@id":"https:\/\/marktxxl.de\/markt\/#organization"},"potentialAction":[{"@type":"SearchAction","target":{"@type":"EntryPoint","urlTemplate":"https:\/\/marktxxl.de\/markt\/?s={search_term_string}"},"query-input":{"@type":"PropertyValueSpecification","valueRequired":true,"valueName":"search_term_string"}}],"inLanguage":"de"},{"@type":"Organization","@id":"https:\/\/marktxxl.de\/markt\/#organization","name":"Markt-XXL","url":"https:\/\/marktxxl.de\/markt\/","logo":{"@type":"ImageObject","inLanguage":"de","@id":"https:\/\/marktxxl.de\/markt\/#\/schema\/logo\/image\/","url":"https:\/\/marktxxl.de\/markt\/wp-content\/uploads\/sites\/3\/2020\/12\/logo.png","contentUrl":"https:\/\/marktxxl.de\/markt\/wp-content\/uploads\/sites\/3\/2020\/12\/logo.png","width":200,"height":70,"caption":"Markt-XXL"},"image":{"@id":"https:\/\/marktxxl.de\/markt\/#\/schema\/logo\/image\/"}}]}},"_links":{"self":[{"href":"https:\/\/marktxxl.de\/markt\/wp-json\/wp\/v2\/product\/182277","targetHints":{"allow":["GET"]}}],"collection":[{"href":"https:\/\/marktxxl.de\/markt\/wp-json\/wp\/v2\/product"}],"about":[{"href":"https:\/\/marktxxl.de\/markt\/wp-json\/wp\/v2\/types\/product"}],"replies":[{"embeddable":true,"href":"https:\/\/marktxxl.de\/markt\/wp-json\/wp\/v2\/comments?post=182277"}],"wp:featuredmedia":[{"embeddable":true,"href":"https:\/\/marktxxl.de\/markt\/wp-json\/wp\/v2\/media\/182278"}],"wp:attachment":[{"href":"https:\/\/marktxxl.de\/markt\/wp-json\/wp\/v2\/media?parent=182277"}],"wp:term":[{"taxonomy":"product_brand","embeddable":true,"href":"https:\/\/marktxxl.de\/markt\/wp-json\/wp\/v2\/product_brand?post=182277"},{"taxonomy":"product_cat","embeddable":true,"href":"https:\/\/marktxxl.de\/markt\/wp-json\/wp\/v2\/product_cat?post=182277"},{"taxonomy":"product_tag","embeddable":true,"href":"https:\/\/marktxxl.de\/markt\/wp-json\/wp\/v2\/product_tag?post=182277"}],"curies":[{"name":"wp","href":"https:\/\/api.w.org\/{rel}","templated":true}]}}