{"id":182253,"date":"2023-01-10T07:55:40","date_gmt":"2023-01-10T06:55:40","guid":{"rendered":"https:\/\/marktxxl.de\/markt\/produkt\/amagabeli-kaminholzregal-mit-4-werkzeugen-fuer-den-innen-und-aussenbereich-kaminholzhalter-holzaufbewahrung-stapelbar-schmiedeeisen-fuer-kaminbesteck\/"},"modified":"2023-04-11T05:13:29","modified_gmt":"2023-04-11T03:13:29","slug":"amagabeli-kaminholzregal-mit-4-werkzeugen-fuer-den-innen-und-aussenbereich-kaminholzhalter-holzaufbewahrung-stapelbar-schmiedeeisen-fuer-kaminbesteck","status":"publish","type":"product","link":"https:\/\/marktxxl.de\/markt\/produkt\/amagabeli-kaminholzregal-mit-4-werkzeugen-fuer-den-innen-und-aussenbereich-kaminholzhalter-holzaufbewahrung-stapelbar-schmiedeeisen-fuer-kaminbesteck\/","title":{"rendered":"Amagabeli Kaminholzregal mit 4 Werkzeugen f\u00fcr den Innen- und Au\u00dfenbereich, Kaminholzhalter, Holzaufbewahrung, stapelbar\u2026"},"content":{"rendered":"<p>Kaminholzregal mit gro\u00dfem Fassungsverm\u00f6gen: Das doppelschichtige Kaminholzregal ist 78 x 36 x 29 cm gro\u00df und hat eine perfekte Gr\u00f6\u00dfe, um genug Holzstapel f\u00fcr Holzscheite innen oder au\u00dfen zu halten. Das Holzregal wurde aus langlebigem, schmiedeeisernen Vierkantrohren und schwarz pulverbeschichtet, um seine Haltbarkeit und Festigkeit im Innen- und Au\u00dfenbereich zu gew\u00e4hrleisten. Der Metallst\u00e4nder bildet einen stabilen Rahmen, mit viel Platz f\u00fcr Ihr Brennholz. Der 5,8 cm erh\u00f6hte Boden \u00fcber dem Boden erm\u00f6glicht es, dass der Wind trocken bleibt.<br \/>\nKaminzubeh\u00f6r: Dieses platzsparende vertikale Kaminholzregal mit Werkzeughalter ist perfekt f\u00fcr den Kamin zu Hause oder Ihre Feuerstelle im Freien, kann gut best\u00fcckt werden mit einem B\u00fcndel von Kaminholz, Haken f\u00fcr alle Ihre Kaminwerkzeuge und einem Schmiedeeisernen Regal unter dem Holzregal f\u00fcr Feueranz\u00fcnder, Anz\u00fcndholz oder mehr Brennholz.<br \/>\nExklusives und ergonomisches Muster: Integrierte Haken am St\u00e4nder des Kaminholzregals schaffen Platz zum Aufh\u00e4ngen der mitgelieferten Zange, Sch\u00fcrhaken, Besen und Schaufel, um das Feuer sicher und einfach zu halten. Zwei U-f\u00f6rmige Stangen auf dem St\u00e4nder verleihen der dramatischen Einheit Kurven, was nicht nur ein praktisches, freistehendes Kaminholzregal ist, sondern auch ein dekoratives Kunstwerk im Innenbereich ist.<br \/>\nLanglebig und einfache Montage: Stabiles und elegantes Kaminholzregal mit mitgeliefertem Werkzeugset und ergonomischen Griffen ist Montage erforderlich. Die Schmiedeeiserne Platte unter dem Holzregal bietet Platz f\u00fcr Anz\u00fcndholz, Feueranz\u00fcnder, mehr Feuerholz oder Sie k\u00f6nnen es leer lassen, um den Raum offener erscheinen zu lassen. Perfekt f\u00fcr Au\u00dfenveranda, Au\u00dfenbereich Feuerstellen, unter Traufen, Holzschuppen, Familienzimmer, \u00fcberdachte Terrasse, um gen\u00fcgend Holz f\u00fcr den Kamin zu halten.<br \/>\nKUNDENPFLEGE: Wir sind bestrebt, Ihnen erstklassige Produkte anzubieten. Warten Sie nicht l\u00e4nger und genie\u00dfen Sie Ihre idealen Produkte.<br \/>\n<div class=\"main-cross-sell\" data-asin=\"B0899QQWMP\">\n\n\t<div class=\"WooZone-cross-sell-loader\">\n\t\t<div>\n\t\t\t<div id=\"floatingBarsG\">\n\t\t\t\t<div class=\"blockG\" id=\"rotateG_01\"><\/div>\n\t\t\t\t<div class=\"blockG\" id=\"rotateG_02\"><\/div>\n\t\t\t\t<div class=\"blockG\" id=\"rotateG_03\"><\/div>\n\t\t\t\t<div class=\"blockG\" id=\"rotateG_04\"><\/div>\n\t\t\t\t<div class=\"blockG\" id=\"rotateG_05\"><\/div>\n\t\t\t\t<div class=\"blockG\" id=\"rotateG_06\"><\/div>\n\t\t\t\t<div class=\"blockG\" id=\"rotateG_07\"><\/div>\n\t\t\t\t<div class=\"blockG\" id=\"rotateG_08\"><\/div>\n\t\t\t<\/div>\n\t\t\t<div class=\"WooZone-cross-sell-loader-text\"><\/div>\n\t\t<\/div>\n\t<\/div>\n\n\t\t\n<\/div>\n<div style=\"clear:both;\"><\/div><\/p>\n","protected":false},"excerpt":{"rendered":"<p>Kaminholzregal mit gro\u00dfem Fassungsverm\u00f6gen: Das doppelschichtige Kaminholzregal ist 78 x 36 x 29 cm gro\u00df und hat eine perfekte Gr\u00f6\u00dfe, um genug Holzstapel f\u00fcr Holzscheite innen oder au\u00dfen zu halten. Das Holzregal wurde aus langlebigem, schmiedeeisernen Vierkantrohren und schwarz pulverbeschichtet, um seine Haltbarkeit und Festigkeit im Innen- und Au\u00dfenbereich zu gew\u00e4hrleisten. Der Metallst\u00e4nder bildet einen stabilen Rahmen, mit viel Platz f\u00fcr Ihr Brennholz. Der 5,8 cm erh\u00f6hte Boden \u00fcber dem Boden erm\u00f6glicht es, dass der Wind trocken bleibt.<br \/>\nKaminzubeh\u00f6r: Dieses platzsparende vertikale Kaminholzregal mit Werkzeughalter ist perfekt f\u00fcr den Kamin zu Hause oder Ihre Feuerstelle im Freien, kann gut best\u00fcckt werden mit einem B\u00fcndel von Kaminholz, Haken f\u00fcr alle Ihre Kaminwerkzeuge und einem Schmiedeeisernen Regal unter dem Holzregal f\u00fcr Feueranz\u00fcnder, Anz\u00fcndholz oder mehr Brennholz.<br \/>\nExklusives und ergonomisches Muster: Integrierte Haken am St\u00e4nder des Kaminholzregals schaffen Platz zum Aufh\u00e4ngen der mitgelieferten Zange, Sch\u00fcrhaken, Besen und Schaufel, um das Feuer sicher und einfach zu halten. Zwei U-f\u00f6rmige Stangen auf dem St\u00e4nder verleihen der dramatischen Einheit Kurven, was nicht nur ein praktisches, freistehendes Kaminholzregal ist, sondern auch ein dekoratives Kunstwerk im Innenbereich ist.<\/p>\n","protected":false},"featured_media":182254,"comment_status":"open","ping_status":"closed","template":"","meta":[],"product_brand":[],"product_cat":[1983,11036],"product_tag":[],"class_list":{"0":"post-182253","1":"product","2":"type-product","3":"status-publish","4":"has-post-thumbnail","6":"product_cat-baumarkt","7":"product_cat-kamine","8":"pa_binding-gartenartikel","9":"pa_brand-tatuner","10":"pa_height-30-7-zoll","11":"pa_length-14-1-zoll","12":"pa_manufacturer-amagabeli-garden-home","13":"pa_model-fireplace201","14":"pa_width-11-5-zoll","16":"first","17":"instock","18":"shipping-taxable","19":"purchasable","20":"product-type-simple","21":"customify-col","22":"product-has-gallery"},"yoast_head":"<!-- This site is optimized with the Yoast SEO plugin v27.4 - https:\/\/yoast.com\/product\/yoast-seo-wordpress\/ -->\n<title>Amagabeli Kaminholzregal mit 4 Werkzeugen f\u00fcr den Innen- und Au\u00dfenbereich, Kaminholzhalter, Holzaufbewahrung, stapelbar\u2026 - Markt-XXL<\/title>\n<meta name=\"description\" content=\"Markt-XXL Amagabeli Kaminholzregal mit 4 Werkzeugen f\u00fcr den Innen- und Au\u00dfenbereich, Kaminholzhalter, Holzaufbewahrung, stapelbar\u2026\" \/>\n<meta name=\"robots\" content=\"index, follow, max-snippet:-1, max-image-preview:large, max-video-preview:-1\" \/>\n<link rel=\"canonical\" href=\"https:\/\/marktxxl.de\/markt\/produkt\/amagabeli-kaminholzregal-mit-4-werkzeugen-fuer-den-innen-und-aussenbereich-kaminholzhalter-holzaufbewahrung-stapelbar-schmiedeeisen-fuer-kaminbesteck\/\" \/>\n<meta property=\"og:locale\" content=\"de_DE\" \/>\n<meta property=\"og:type\" content=\"article\" \/>\n<meta property=\"og:title\" content=\"Amagabeli Kaminholzregal mit 4 Werkzeugen f\u00fcr den Innen- und Au\u00dfenbereich, Kaminholzhalter, Holzaufbewahrung, stapelbar\u2026 - Markt-XXL\" \/>\n<meta property=\"og:description\" content=\"Markt-XXL Amagabeli Kaminholzregal mit 4 Werkzeugen f\u00fcr den Innen- und Au\u00dfenbereich, Kaminholzhalter, Holzaufbewahrung, stapelbar\u2026\" \/>\n<meta property=\"og:url\" content=\"https:\/\/marktxxl.de\/markt\/produkt\/amagabeli-kaminholzregal-mit-4-werkzeugen-fuer-den-innen-und-aussenbereich-kaminholzhalter-holzaufbewahrung-stapelbar-schmiedeeisen-fuer-kaminbesteck\/\" \/>\n<meta property=\"og:site_name\" content=\"Markt-XXL\" \/>\n<meta property=\"article:modified_time\" content=\"2023-04-11T03:13:29+00:00\" \/>\n<meta property=\"og:image\" content=\"https:\/\/m.media-amazon.com\/images\/I\/51-Sue-4wCL._SL500_.jpg\" \/>\n\t<meta property=\"og:image:width\" content=\"500\" \/>\n\t<meta property=\"og:image:height\" content=\"500\" \/>\n\t<meta property=\"og:image:type\" content=\"image\/jpeg\" \/>\n<meta name=\"twitter:card\" content=\"summary_large_image\" \/>\n<meta name=\"twitter:label1\" content=\"Gesch\u00e4tzte Lesezeit\" \/>\n\t<meta name=\"twitter:data1\" content=\"1\u00a0Minute\" \/>\n<script type=\"application\/ld+json\" class=\"yoast-schema-graph\">{\"@context\":\"https:\\\/\\\/schema.org\",\"@graph\":[{\"@type\":\"WebPage\",\"@id\":\"https:\\\/\\\/marktxxl.de\\\/markt\\\/produkt\\\/amagabeli-kaminholzregal-mit-4-werkzeugen-fuer-den-innen-und-aussenbereich-kaminholzhalter-holzaufbewahrung-stapelbar-schmiedeeisen-fuer-kaminbesteck\\\/\",\"url\":\"https:\\\/\\\/marktxxl.de\\\/markt\\\/produkt\\\/amagabeli-kaminholzregal-mit-4-werkzeugen-fuer-den-innen-und-aussenbereich-kaminholzhalter-holzaufbewahrung-stapelbar-schmiedeeisen-fuer-kaminbesteck\\\/\",\"name\":\"Amagabeli Kaminholzregal mit 4 Werkzeugen f\u00fcr den Innen- und Au\u00dfenbereich, Kaminholzhalter, Holzaufbewahrung, stapelbar\u2026 - Markt-XXL\",\"isPartOf\":{\"@id\":\"https:\\\/\\\/marktxxl.de\\\/markt\\\/#website\"},\"primaryImageOfPage\":{\"@id\":\"https:\\\/\\\/marktxxl.de\\\/markt\\\/produkt\\\/amagabeli-kaminholzregal-mit-4-werkzeugen-fuer-den-innen-und-aussenbereich-kaminholzhalter-holzaufbewahrung-stapelbar-schmiedeeisen-fuer-kaminbesteck\\\/#primaryimage\"},\"image\":{\"@id\":\"https:\\\/\\\/marktxxl.de\\\/markt\\\/produkt\\\/amagabeli-kaminholzregal-mit-4-werkzeugen-fuer-den-innen-und-aussenbereich-kaminholzhalter-holzaufbewahrung-stapelbar-schmiedeeisen-fuer-kaminbesteck\\\/#primaryimage\"},\"thumbnailUrl\":\"https:\\\/\\\/m.media-amazon.com\\\/images\\\/I\\\/51-Sue-4wCL._SL500_.jpg\",\"datePublished\":\"2023-01-10T06:55:40+00:00\",\"dateModified\":\"2023-04-11T03:13:29+00:00\",\"description\":\"Markt-XXL Amagabeli Kaminholzregal mit 4 Werkzeugen f\u00fcr den Innen- und Au\u00dfenbereich, Kaminholzhalter, Holzaufbewahrung, stapelbar\u2026\",\"breadcrumb\":{\"@id\":\"https:\\\/\\\/marktxxl.de\\\/markt\\\/produkt\\\/amagabeli-kaminholzregal-mit-4-werkzeugen-fuer-den-innen-und-aussenbereich-kaminholzhalter-holzaufbewahrung-stapelbar-schmiedeeisen-fuer-kaminbesteck\\\/#breadcrumb\"},\"inLanguage\":\"de\",\"potentialAction\":[{\"@type\":\"ReadAction\",\"target\":[\"https:\\\/\\\/marktxxl.de\\\/markt\\\/produkt\\\/amagabeli-kaminholzregal-mit-4-werkzeugen-fuer-den-innen-und-aussenbereich-kaminholzhalter-holzaufbewahrung-stapelbar-schmiedeeisen-fuer-kaminbesteck\\\/\"]}]},{\"@type\":\"ImageObject\",\"inLanguage\":\"de\",\"@id\":\"https:\\\/\\\/marktxxl.de\\\/markt\\\/produkt\\\/amagabeli-kaminholzregal-mit-4-werkzeugen-fuer-den-innen-und-aussenbereich-kaminholzhalter-holzaufbewahrung-stapelbar-schmiedeeisen-fuer-kaminbesteck\\\/#primaryimage\",\"url\":\"https:\\\/\\\/m.media-amazon.com\\\/images\\\/I\\\/51-Sue-4wCL._SL500_.jpg\",\"contentUrl\":\"https:\\\/\\\/m.media-amazon.com\\\/images\\\/I\\\/51-Sue-4wCL._SL500_.jpg\",\"width\":500,\"height\":500},{\"@type\":\"BreadcrumbList\",\"@id\":\"https:\\\/\\\/marktxxl.de\\\/markt\\\/produkt\\\/amagabeli-kaminholzregal-mit-4-werkzeugen-fuer-den-innen-und-aussenbereich-kaminholzhalter-holzaufbewahrung-stapelbar-schmiedeeisen-fuer-kaminbesteck\\\/#breadcrumb\",\"itemListElement\":[{\"@type\":\"ListItem\",\"position\":1,\"name\":\"Startseite\",\"item\":\"https:\\\/\\\/marktxxl.de\\\/markt\\\/\"},{\"@type\":\"ListItem\",\"position\":2,\"name\":\"Markt\",\"item\":\"https:\\\/\\\/marktxxl.de\\\/markt\\\/\"},{\"@type\":\"ListItem\",\"position\":3,\"name\":\"Amagabeli Kaminholzregal mit 4 Werkzeugen f\u00fcr den Innen- und Au\u00dfenbereich, Kaminholzhalter, Holzaufbewahrung, stapelbar\u2026\"}]},{\"@type\":\"WebSite\",\"@id\":\"https:\\\/\\\/marktxxl.de\\\/markt\\\/#website\",\"url\":\"https:\\\/\\\/marktxxl.de\\\/markt\\\/\",\"name\":\"Markt-XXL\",\"description\":\"Ihr Markt Online\",\"publisher\":{\"@id\":\"https:\\\/\\\/marktxxl.de\\\/markt\\\/#organization\"},\"potentialAction\":[{\"@type\":\"SearchAction\",\"target\":{\"@type\":\"EntryPoint\",\"urlTemplate\":\"https:\\\/\\\/marktxxl.de\\\/markt\\\/?s={search_term_string}\"},\"query-input\":{\"@type\":\"PropertyValueSpecification\",\"valueRequired\":true,\"valueName\":\"search_term_string\"}}],\"inLanguage\":\"de\"},{\"@type\":\"Organization\",\"@id\":\"https:\\\/\\\/marktxxl.de\\\/markt\\\/#organization\",\"name\":\"Markt-XXL\",\"url\":\"https:\\\/\\\/marktxxl.de\\\/markt\\\/\",\"logo\":{\"@type\":\"ImageObject\",\"inLanguage\":\"de\",\"@id\":\"https:\\\/\\\/marktxxl.de\\\/markt\\\/#\\\/schema\\\/logo\\\/image\\\/\",\"url\":\"https:\\\/\\\/marktxxl.de\\\/markt\\\/wp-content\\\/uploads\\\/sites\\\/3\\\/2020\\\/12\\\/logo.png\",\"contentUrl\":\"https:\\\/\\\/marktxxl.de\\\/markt\\\/wp-content\\\/uploads\\\/sites\\\/3\\\/2020\\\/12\\\/logo.png\",\"width\":200,\"height\":70,\"caption\":\"Markt-XXL\"},\"image\":{\"@id\":\"https:\\\/\\\/marktxxl.de\\\/markt\\\/#\\\/schema\\\/logo\\\/image\\\/\"}}]}<\/script>\n<!-- \/ Yoast SEO plugin. -->","yoast_head_json":{"title":"Amagabeli Kaminholzregal mit 4 Werkzeugen f\u00fcr den Innen- und Au\u00dfenbereich, Kaminholzhalter, Holzaufbewahrung, stapelbar\u2026 - Markt-XXL","description":"Markt-XXL Amagabeli Kaminholzregal mit 4 Werkzeugen f\u00fcr den Innen- und Au\u00dfenbereich, Kaminholzhalter, Holzaufbewahrung, stapelbar\u2026","robots":{"index":"index","follow":"follow","max-snippet":"max-snippet:-1","max-image-preview":"max-image-preview:large","max-video-preview":"max-video-preview:-1"},"canonical":"https:\/\/marktxxl.de\/markt\/produkt\/amagabeli-kaminholzregal-mit-4-werkzeugen-fuer-den-innen-und-aussenbereich-kaminholzhalter-holzaufbewahrung-stapelbar-schmiedeeisen-fuer-kaminbesteck\/","og_locale":"de_DE","og_type":"article","og_title":"Amagabeli Kaminholzregal mit 4 Werkzeugen f\u00fcr den Innen- und Au\u00dfenbereich, Kaminholzhalter, Holzaufbewahrung, stapelbar\u2026 - Markt-XXL","og_description":"Markt-XXL Amagabeli Kaminholzregal mit 4 Werkzeugen f\u00fcr den Innen- und Au\u00dfenbereich, Kaminholzhalter, Holzaufbewahrung, stapelbar\u2026","og_url":"https:\/\/marktxxl.de\/markt\/produkt\/amagabeli-kaminholzregal-mit-4-werkzeugen-fuer-den-innen-und-aussenbereich-kaminholzhalter-holzaufbewahrung-stapelbar-schmiedeeisen-fuer-kaminbesteck\/","og_site_name":"Markt-XXL","article_modified_time":"2023-04-11T03:13:29+00:00","og_image":[{"width":500,"height":500,"url":"https:\/\/m.media-amazon.com\/images\/I\/51-Sue-4wCL._SL500_.jpg","type":"image\/jpeg"}],"twitter_card":"summary_large_image","twitter_misc":{"Gesch\u00e4tzte Lesezeit":"1\u00a0Minute"},"schema":{"@context":"https:\/\/schema.org","@graph":[{"@type":"WebPage","@id":"https:\/\/marktxxl.de\/markt\/produkt\/amagabeli-kaminholzregal-mit-4-werkzeugen-fuer-den-innen-und-aussenbereich-kaminholzhalter-holzaufbewahrung-stapelbar-schmiedeeisen-fuer-kaminbesteck\/","url":"https:\/\/marktxxl.de\/markt\/produkt\/amagabeli-kaminholzregal-mit-4-werkzeugen-fuer-den-innen-und-aussenbereich-kaminholzhalter-holzaufbewahrung-stapelbar-schmiedeeisen-fuer-kaminbesteck\/","name":"Amagabeli Kaminholzregal mit 4 Werkzeugen f\u00fcr den Innen- und Au\u00dfenbereich, Kaminholzhalter, Holzaufbewahrung, stapelbar\u2026 - Markt-XXL","isPartOf":{"@id":"https:\/\/marktxxl.de\/markt\/#website"},"primaryImageOfPage":{"@id":"https:\/\/marktxxl.de\/markt\/produkt\/amagabeli-kaminholzregal-mit-4-werkzeugen-fuer-den-innen-und-aussenbereich-kaminholzhalter-holzaufbewahrung-stapelbar-schmiedeeisen-fuer-kaminbesteck\/#primaryimage"},"image":{"@id":"https:\/\/marktxxl.de\/markt\/produkt\/amagabeli-kaminholzregal-mit-4-werkzeugen-fuer-den-innen-und-aussenbereich-kaminholzhalter-holzaufbewahrung-stapelbar-schmiedeeisen-fuer-kaminbesteck\/#primaryimage"},"thumbnailUrl":"https:\/\/m.media-amazon.com\/images\/I\/51-Sue-4wCL._SL500_.jpg","datePublished":"2023-01-10T06:55:40+00:00","dateModified":"2023-04-11T03:13:29+00:00","description":"Markt-XXL Amagabeli Kaminholzregal mit 4 Werkzeugen f\u00fcr den Innen- und Au\u00dfenbereich, Kaminholzhalter, Holzaufbewahrung, stapelbar\u2026","breadcrumb":{"@id":"https:\/\/marktxxl.de\/markt\/produkt\/amagabeli-kaminholzregal-mit-4-werkzeugen-fuer-den-innen-und-aussenbereich-kaminholzhalter-holzaufbewahrung-stapelbar-schmiedeeisen-fuer-kaminbesteck\/#breadcrumb"},"inLanguage":"de","potentialAction":[{"@type":"ReadAction","target":["https:\/\/marktxxl.de\/markt\/produkt\/amagabeli-kaminholzregal-mit-4-werkzeugen-fuer-den-innen-und-aussenbereich-kaminholzhalter-holzaufbewahrung-stapelbar-schmiedeeisen-fuer-kaminbesteck\/"]}]},{"@type":"ImageObject","inLanguage":"de","@id":"https:\/\/marktxxl.de\/markt\/produkt\/amagabeli-kaminholzregal-mit-4-werkzeugen-fuer-den-innen-und-aussenbereich-kaminholzhalter-holzaufbewahrung-stapelbar-schmiedeeisen-fuer-kaminbesteck\/#primaryimage","url":"https:\/\/m.media-amazon.com\/images\/I\/51-Sue-4wCL._SL500_.jpg","contentUrl":"https:\/\/m.media-amazon.com\/images\/I\/51-Sue-4wCL._SL500_.jpg","width":500,"height":500},{"@type":"BreadcrumbList","@id":"https:\/\/marktxxl.de\/markt\/produkt\/amagabeli-kaminholzregal-mit-4-werkzeugen-fuer-den-innen-und-aussenbereich-kaminholzhalter-holzaufbewahrung-stapelbar-schmiedeeisen-fuer-kaminbesteck\/#breadcrumb","itemListElement":[{"@type":"ListItem","position":1,"name":"Startseite","item":"https:\/\/marktxxl.de\/markt\/"},{"@type":"ListItem","position":2,"name":"Markt","item":"https:\/\/marktxxl.de\/markt\/"},{"@type":"ListItem","position":3,"name":"Amagabeli Kaminholzregal mit 4 Werkzeugen f\u00fcr den Innen- und Au\u00dfenbereich, Kaminholzhalter, Holzaufbewahrung, stapelbar\u2026"}]},{"@type":"WebSite","@id":"https:\/\/marktxxl.de\/markt\/#website","url":"https:\/\/marktxxl.de\/markt\/","name":"Markt-XXL","description":"Ihr Markt Online","publisher":{"@id":"https:\/\/marktxxl.de\/markt\/#organization"},"potentialAction":[{"@type":"SearchAction","target":{"@type":"EntryPoint","urlTemplate":"https:\/\/marktxxl.de\/markt\/?s={search_term_string}"},"query-input":{"@type":"PropertyValueSpecification","valueRequired":true,"valueName":"search_term_string"}}],"inLanguage":"de"},{"@type":"Organization","@id":"https:\/\/marktxxl.de\/markt\/#organization","name":"Markt-XXL","url":"https:\/\/marktxxl.de\/markt\/","logo":{"@type":"ImageObject","inLanguage":"de","@id":"https:\/\/marktxxl.de\/markt\/#\/schema\/logo\/image\/","url":"https:\/\/marktxxl.de\/markt\/wp-content\/uploads\/sites\/3\/2020\/12\/logo.png","contentUrl":"https:\/\/marktxxl.de\/markt\/wp-content\/uploads\/sites\/3\/2020\/12\/logo.png","width":200,"height":70,"caption":"Markt-XXL"},"image":{"@id":"https:\/\/marktxxl.de\/markt\/#\/schema\/logo\/image\/"}}]}},"_links":{"self":[{"href":"https:\/\/marktxxl.de\/markt\/wp-json\/wp\/v2\/product\/182253","targetHints":{"allow":["GET"]}}],"collection":[{"href":"https:\/\/marktxxl.de\/markt\/wp-json\/wp\/v2\/product"}],"about":[{"href":"https:\/\/marktxxl.de\/markt\/wp-json\/wp\/v2\/types\/product"}],"replies":[{"embeddable":true,"href":"https:\/\/marktxxl.de\/markt\/wp-json\/wp\/v2\/comments?post=182253"}],"wp:featuredmedia":[{"embeddable":true,"href":"https:\/\/marktxxl.de\/markt\/wp-json\/wp\/v2\/media\/182254"}],"wp:attachment":[{"href":"https:\/\/marktxxl.de\/markt\/wp-json\/wp\/v2\/media?parent=182253"}],"wp:term":[{"taxonomy":"product_brand","embeddable":true,"href":"https:\/\/marktxxl.de\/markt\/wp-json\/wp\/v2\/product_brand?post=182253"},{"taxonomy":"product_cat","embeddable":true,"href":"https:\/\/marktxxl.de\/markt\/wp-json\/wp\/v2\/product_cat?post=182253"},{"taxonomy":"product_tag","embeddable":true,"href":"https:\/\/marktxxl.de\/markt\/wp-json\/wp\/v2\/product_tag?post=182253"}],"curies":[{"name":"wp","href":"https:\/\/api.w.org\/{rel}","templated":true}]}}