{"id":182100,"date":"2023-01-10T07:08:14","date_gmt":"2023-01-10T06:08:14","guid":{"rendered":"https:\/\/marktxxl.de\/markt\/produkt\/inkontinenz-betteinlagen-30-x-36-cm-einweg-unterlagen-sehr-schwer-super-saugfaehig-und-wasserdicht-fuer-patienten-umpositionierung-atmungsaktive-rueckwand-fuer-hautschutz\/"},"modified":"2023-04-11T05:13:26","modified_gmt":"2023-04-11T03:13:26","slug":"inkontinenz-betteinlagen-30-x-36-cm-einweg-unterlagen-sehr-schwer-super-saugfaehig-und-wasserdicht-fuer-patienten-umpositionierung-atmungsaktive-rueckwand-fuer-hautschutz","status":"publish","type":"product","link":"https:\/\/marktxxl.de\/markt\/produkt\/inkontinenz-betteinlagen-30-x-36-cm-einweg-unterlagen-sehr-schwer-super-saugfaehig-und-wasserdicht-fuer-patienten-umpositionierung-atmungsaktive-rueckwand-fuer-hautschutz\/","title":{"rendered":"Inkontinenz-Betteinlagen, 30 x 36 cm, Einweg-Unterlagen, sehr schwer, super saugf\u00e4hig und wasserdicht, f\u00fcr Patienten\u2026"},"content":{"rendered":"<p>Extra saugstarke Unterpolster \u2013 Ridex extra schwere Unterlagen verf\u00fcgen \u00fcber einen feuchtigkeitsableitenden Saugkern, der Fl\u00fcssigkeiten absorbiert und Ger\u00fcche absperrt, um Bettw\u00e4sche, Matratzen, M\u00f6bel und Oberfl\u00e4chen vor Unf\u00e4llen und Inkontinenz \u00fcber Nacht zu sch\u00fctzen.<br \/>\nAtmungsaktives R\u00fcckenteil sch\u00fctzt die Haut \u2013 im Gegensatz zu anderen Bettauflagenlieferanten, die undurchl\u00e4ssige Kunststoffunterlagen verwenden, sind Ridex Pads mit einer atmungsaktiven, luftdurchl\u00e4ssigen R\u00fcckseite ausgestattet, die die Chancen von Bettwunden und Hautbruch reduziert.<br \/>\nLanglebige, rei\u00dffeste Konstruktion \u2013 die extrem leistungsstarken Ridex-Unterlagen sind mit einer robusten, widerstandsf\u00e4higen und rutschfesten R\u00fcckseite hergestellt, um die Neupositionierung von Patienten mit einem Gewicht von bis zu 9 kg zu erleichtern. ohne das Pad zu rei\u00dfen oder zu rei\u00dfen.<br \/>\nReduzieren Sie Bettw\u00e4sche &amp; Leinenwechsel \u2013 Diese super starken, extra saugf\u00e4higen Pads bieten ultimativen Auslaufschutz und reduzieren die H\u00e4ufigkeit von kompletten Bettw\u00e4sche und W\u00e4schew\u00e4ndern und sch\u00fctzen St\u00fchle, Rollst\u00fchle, Sofas, Autositze und Oberfl\u00e4chen vor Feuchtigkeit.<br \/>\nVIELSEITIGE VERWENDUNG IN HAUS &amp; CLINICS &#8211; Holen Sie sich mehr f\u00fcr Ihr Geld, wenn Sie Ridex w\u00e4hlen. Diese Gr\u00f6\u00dfe XL Pads misst 76,2 x 91,4 cm und kommen in einer Box von 4 x 12 (48 insgesamt). Sie k\u00f6nnen auch f\u00fcr das T\u00f6pfchentraining, Windelwechsel, postpartale Pflege und als Welpen Pee Pads verwendet werden.<br \/>\n<div class=\"main-cross-sell\" data-asin=\"B07P6TGQFS\">\n\n\t<div class=\"WooZone-cross-sell-loader\">\n\t\t<div>\n\t\t\t<div id=\"floatingBarsG\">\n\t\t\t\t<div class=\"blockG\" id=\"rotateG_01\"><\/div>\n\t\t\t\t<div class=\"blockG\" id=\"rotateG_02\"><\/div>\n\t\t\t\t<div class=\"blockG\" id=\"rotateG_03\"><\/div>\n\t\t\t\t<div class=\"blockG\" id=\"rotateG_04\"><\/div>\n\t\t\t\t<div class=\"blockG\" id=\"rotateG_05\"><\/div>\n\t\t\t\t<div class=\"blockG\" id=\"rotateG_06\"><\/div>\n\t\t\t\t<div class=\"blockG\" id=\"rotateG_07\"><\/div>\n\t\t\t\t<div class=\"blockG\" id=\"rotateG_08\"><\/div>\n\t\t\t<\/div>\n\t\t\t<div class=\"WooZone-cross-sell-loader-text\"><\/div>\n\t\t<\/div>\n\t<\/div>\n\n\t\t\n<\/div>\n<div style=\"clear:both;\"><\/div><\/p>\n","protected":false},"excerpt":{"rendered":"<p>Extra saugstarke Unterpolster \u2013 Ridex extra schwere Unterlagen verf\u00fcgen \u00fcber einen feuchtigkeitsableitenden Saugkern, der Fl\u00fcssigkeiten absorbiert und Ger\u00fcche absperrt, um Bettw\u00e4sche, Matratzen, M\u00f6bel und Oberfl\u00e4chen vor Unf\u00e4llen und Inkontinenz \u00fcber Nacht zu sch\u00fctzen.<br \/>\nAtmungsaktives R\u00fcckenteil sch\u00fctzt die Haut \u2013 im Gegensatz zu anderen Bettauflagenlieferanten, die undurchl\u00e4ssige Kunststoffunterlagen verwenden, sind Ridex Pads mit einer atmungsaktiven, luftdurchl\u00e4ssigen R\u00fcckseite ausgestattet, die die Chancen von Bettwunden und Hautbruch reduziert.<br \/>\nLanglebige, rei\u00dffeste Konstruktion \u2013 die extrem leistungsstarken Ridex-Unterlagen sind mit einer robusten, widerstandsf\u00e4higen und rutschfesten R\u00fcckseite hergestellt, um die Neupositionierung von Patienten mit einem Gewicht von bis zu 9 kg zu erleichtern. ohne das Pad zu rei\u00dfen oder zu rei\u00dfen.<\/p>\n","protected":false},"featured_media":182101,"comment_status":"open","ping_status":"closed","template":"","meta":[],"product_brand":[],"product_cat":[566,5932],"product_tag":[],"class_list":{"0":"post-182100","1":"product","2":"type-product","3":"status-publish","4":"has-post-thumbnail","6":"product_cat-drogerie-koerperpflege","7":"product_cat-mobilitaetshilfen-zubehoer","8":"pa_binding-badartikel","9":"pa_brand-ridex","10":"pa_color-blau","11":"pa_height-0-2-zoll","12":"pa_length-30-zoll","13":"pa_manufacturer-ridex","14":"pa_model-rd303648","15":"pa_size-30-x-36","16":"pa_width-36-zoll","18":"first","19":"instock","20":"shipping-taxable","21":"purchasable","22":"product-type-simple","23":"customify-col","24":"product-has-gallery"},"yoast_head":"<!-- This site is optimized with the Yoast SEO plugin v27.4 - https:\/\/yoast.com\/product\/yoast-seo-wordpress\/ -->\n<title>Inkontinenz-Betteinlagen, 30 x 36 cm, Einweg-Unterlagen, sehr schwer, super saugf\u00e4hig und wasserdicht, f\u00fcr Patienten\u2026 - Markt-XXL<\/title>\n<meta name=\"description\" content=\"Markt-XXL Inkontinenz-Betteinlagen, 30 x 36 cm, Einweg-Unterlagen, sehr schwer, super saugf\u00e4hig und wasserdicht, f\u00fcr Patienten\u2026\" \/>\n<meta name=\"robots\" content=\"index, follow, max-snippet:-1, max-image-preview:large, max-video-preview:-1\" \/>\n<link rel=\"canonical\" href=\"https:\/\/marktxxl.de\/markt\/produkt\/inkontinenz-betteinlagen-30-x-36-cm-einweg-unterlagen-sehr-schwer-super-saugfaehig-und-wasserdicht-fuer-patienten-umpositionierung-atmungsaktive-rueckwand-fuer-hautschutz\/\" \/>\n<meta property=\"og:locale\" content=\"de_DE\" \/>\n<meta property=\"og:type\" content=\"article\" \/>\n<meta property=\"og:title\" content=\"Inkontinenz-Betteinlagen, 30 x 36 cm, Einweg-Unterlagen, sehr schwer, super saugf\u00e4hig und wasserdicht, f\u00fcr Patienten\u2026 - Markt-XXL\" \/>\n<meta property=\"og:description\" content=\"Markt-XXL Inkontinenz-Betteinlagen, 30 x 36 cm, Einweg-Unterlagen, sehr schwer, super saugf\u00e4hig und wasserdicht, f\u00fcr Patienten\u2026\" \/>\n<meta property=\"og:url\" content=\"https:\/\/marktxxl.de\/markt\/produkt\/inkontinenz-betteinlagen-30-x-36-cm-einweg-unterlagen-sehr-schwer-super-saugfaehig-und-wasserdicht-fuer-patienten-umpositionierung-atmungsaktive-rueckwand-fuer-hautschutz\/\" \/>\n<meta property=\"og:site_name\" content=\"Markt-XXL\" \/>\n<meta property=\"article:modified_time\" content=\"2023-04-11T03:13:26+00:00\" \/>\n<meta property=\"og:image\" content=\"https:\/\/m.media-amazon.com\/images\/I\/413PniqG52L._SL500_.jpg\" \/>\n\t<meta property=\"og:image:width\" content=\"500\" \/>\n\t<meta property=\"og:image:height\" content=\"500\" \/>\n\t<meta property=\"og:image:type\" content=\"image\/jpeg\" \/>\n<meta name=\"twitter:card\" content=\"summary_large_image\" \/>\n<meta name=\"twitter:label1\" content=\"Gesch\u00e4tzte Lesezeit\" \/>\n\t<meta name=\"twitter:data1\" content=\"1\u00a0Minute\" \/>\n<script type=\"application\/ld+json\" class=\"yoast-schema-graph\">{\"@context\":\"https:\\\/\\\/schema.org\",\"@graph\":[{\"@type\":\"WebPage\",\"@id\":\"https:\\\/\\\/marktxxl.de\\\/markt\\\/produkt\\\/inkontinenz-betteinlagen-30-x-36-cm-einweg-unterlagen-sehr-schwer-super-saugfaehig-und-wasserdicht-fuer-patienten-umpositionierung-atmungsaktive-rueckwand-fuer-hautschutz\\\/\",\"url\":\"https:\\\/\\\/marktxxl.de\\\/markt\\\/produkt\\\/inkontinenz-betteinlagen-30-x-36-cm-einweg-unterlagen-sehr-schwer-super-saugfaehig-und-wasserdicht-fuer-patienten-umpositionierung-atmungsaktive-rueckwand-fuer-hautschutz\\\/\",\"name\":\"Inkontinenz-Betteinlagen, 30 x 36 cm, Einweg-Unterlagen, sehr schwer, super saugf\u00e4hig und wasserdicht, f\u00fcr Patienten\u2026 - Markt-XXL\",\"isPartOf\":{\"@id\":\"https:\\\/\\\/marktxxl.de\\\/markt\\\/#website\"},\"primaryImageOfPage\":{\"@id\":\"https:\\\/\\\/marktxxl.de\\\/markt\\\/produkt\\\/inkontinenz-betteinlagen-30-x-36-cm-einweg-unterlagen-sehr-schwer-super-saugfaehig-und-wasserdicht-fuer-patienten-umpositionierung-atmungsaktive-rueckwand-fuer-hautschutz\\\/#primaryimage\"},\"image\":{\"@id\":\"https:\\\/\\\/marktxxl.de\\\/markt\\\/produkt\\\/inkontinenz-betteinlagen-30-x-36-cm-einweg-unterlagen-sehr-schwer-super-saugfaehig-und-wasserdicht-fuer-patienten-umpositionierung-atmungsaktive-rueckwand-fuer-hautschutz\\\/#primaryimage\"},\"thumbnailUrl\":\"https:\\\/\\\/m.media-amazon.com\\\/images\\\/I\\\/413PniqG52L._SL500_.jpg\",\"datePublished\":\"2023-01-10T06:08:14+00:00\",\"dateModified\":\"2023-04-11T03:13:26+00:00\",\"description\":\"Markt-XXL Inkontinenz-Betteinlagen, 30 x 36 cm, Einweg-Unterlagen, sehr schwer, super saugf\u00e4hig und wasserdicht, f\u00fcr Patienten\u2026\",\"breadcrumb\":{\"@id\":\"https:\\\/\\\/marktxxl.de\\\/markt\\\/produkt\\\/inkontinenz-betteinlagen-30-x-36-cm-einweg-unterlagen-sehr-schwer-super-saugfaehig-und-wasserdicht-fuer-patienten-umpositionierung-atmungsaktive-rueckwand-fuer-hautschutz\\\/#breadcrumb\"},\"inLanguage\":\"de\",\"potentialAction\":[{\"@type\":\"ReadAction\",\"target\":[\"https:\\\/\\\/marktxxl.de\\\/markt\\\/produkt\\\/inkontinenz-betteinlagen-30-x-36-cm-einweg-unterlagen-sehr-schwer-super-saugfaehig-und-wasserdicht-fuer-patienten-umpositionierung-atmungsaktive-rueckwand-fuer-hautschutz\\\/\"]}]},{\"@type\":\"ImageObject\",\"inLanguage\":\"de\",\"@id\":\"https:\\\/\\\/marktxxl.de\\\/markt\\\/produkt\\\/inkontinenz-betteinlagen-30-x-36-cm-einweg-unterlagen-sehr-schwer-super-saugfaehig-und-wasserdicht-fuer-patienten-umpositionierung-atmungsaktive-rueckwand-fuer-hautschutz\\\/#primaryimage\",\"url\":\"https:\\\/\\\/m.media-amazon.com\\\/images\\\/I\\\/413PniqG52L._SL500_.jpg\",\"contentUrl\":\"https:\\\/\\\/m.media-amazon.com\\\/images\\\/I\\\/413PniqG52L._SL500_.jpg\",\"width\":500,\"height\":500},{\"@type\":\"BreadcrumbList\",\"@id\":\"https:\\\/\\\/marktxxl.de\\\/markt\\\/produkt\\\/inkontinenz-betteinlagen-30-x-36-cm-einweg-unterlagen-sehr-schwer-super-saugfaehig-und-wasserdicht-fuer-patienten-umpositionierung-atmungsaktive-rueckwand-fuer-hautschutz\\\/#breadcrumb\",\"itemListElement\":[{\"@type\":\"ListItem\",\"position\":1,\"name\":\"Startseite\",\"item\":\"https:\\\/\\\/marktxxl.de\\\/markt\\\/\"},{\"@type\":\"ListItem\",\"position\":2,\"name\":\"Markt\",\"item\":\"https:\\\/\\\/marktxxl.de\\\/markt\\\/\"},{\"@type\":\"ListItem\",\"position\":3,\"name\":\"Inkontinenz-Betteinlagen, 30 x 36 cm, Einweg-Unterlagen, sehr schwer, super saugf\u00e4hig und wasserdicht, f\u00fcr Patienten\u2026\"}]},{\"@type\":\"WebSite\",\"@id\":\"https:\\\/\\\/marktxxl.de\\\/markt\\\/#website\",\"url\":\"https:\\\/\\\/marktxxl.de\\\/markt\\\/\",\"name\":\"Markt-XXL\",\"description\":\"Ihr Markt Online\",\"publisher\":{\"@id\":\"https:\\\/\\\/marktxxl.de\\\/markt\\\/#organization\"},\"potentialAction\":[{\"@type\":\"SearchAction\",\"target\":{\"@type\":\"EntryPoint\",\"urlTemplate\":\"https:\\\/\\\/marktxxl.de\\\/markt\\\/?s={search_term_string}\"},\"query-input\":{\"@type\":\"PropertyValueSpecification\",\"valueRequired\":true,\"valueName\":\"search_term_string\"}}],\"inLanguage\":\"de\"},{\"@type\":\"Organization\",\"@id\":\"https:\\\/\\\/marktxxl.de\\\/markt\\\/#organization\",\"name\":\"Markt-XXL\",\"url\":\"https:\\\/\\\/marktxxl.de\\\/markt\\\/\",\"logo\":{\"@type\":\"ImageObject\",\"inLanguage\":\"de\",\"@id\":\"https:\\\/\\\/marktxxl.de\\\/markt\\\/#\\\/schema\\\/logo\\\/image\\\/\",\"url\":\"https:\\\/\\\/marktxxl.de\\\/markt\\\/wp-content\\\/uploads\\\/sites\\\/3\\\/2020\\\/12\\\/logo.png\",\"contentUrl\":\"https:\\\/\\\/marktxxl.de\\\/markt\\\/wp-content\\\/uploads\\\/sites\\\/3\\\/2020\\\/12\\\/logo.png\",\"width\":200,\"height\":70,\"caption\":\"Markt-XXL\"},\"image\":{\"@id\":\"https:\\\/\\\/marktxxl.de\\\/markt\\\/#\\\/schema\\\/logo\\\/image\\\/\"}}]}<\/script>\n<!-- \/ Yoast SEO plugin. -->","yoast_head_json":{"title":"Inkontinenz-Betteinlagen, 30 x 36 cm, Einweg-Unterlagen, sehr schwer, super saugf\u00e4hig und wasserdicht, f\u00fcr Patienten\u2026 - Markt-XXL","description":"Markt-XXL Inkontinenz-Betteinlagen, 30 x 36 cm, Einweg-Unterlagen, sehr schwer, super saugf\u00e4hig und wasserdicht, f\u00fcr Patienten\u2026","robots":{"index":"index","follow":"follow","max-snippet":"max-snippet:-1","max-image-preview":"max-image-preview:large","max-video-preview":"max-video-preview:-1"},"canonical":"https:\/\/marktxxl.de\/markt\/produkt\/inkontinenz-betteinlagen-30-x-36-cm-einweg-unterlagen-sehr-schwer-super-saugfaehig-und-wasserdicht-fuer-patienten-umpositionierung-atmungsaktive-rueckwand-fuer-hautschutz\/","og_locale":"de_DE","og_type":"article","og_title":"Inkontinenz-Betteinlagen, 30 x 36 cm, Einweg-Unterlagen, sehr schwer, super saugf\u00e4hig und wasserdicht, f\u00fcr Patienten\u2026 - Markt-XXL","og_description":"Markt-XXL Inkontinenz-Betteinlagen, 30 x 36 cm, Einweg-Unterlagen, sehr schwer, super saugf\u00e4hig und wasserdicht, f\u00fcr Patienten\u2026","og_url":"https:\/\/marktxxl.de\/markt\/produkt\/inkontinenz-betteinlagen-30-x-36-cm-einweg-unterlagen-sehr-schwer-super-saugfaehig-und-wasserdicht-fuer-patienten-umpositionierung-atmungsaktive-rueckwand-fuer-hautschutz\/","og_site_name":"Markt-XXL","article_modified_time":"2023-04-11T03:13:26+00:00","og_image":[{"width":500,"height":500,"url":"https:\/\/m.media-amazon.com\/images\/I\/413PniqG52L._SL500_.jpg","type":"image\/jpeg"}],"twitter_card":"summary_large_image","twitter_misc":{"Gesch\u00e4tzte Lesezeit":"1\u00a0Minute"},"schema":{"@context":"https:\/\/schema.org","@graph":[{"@type":"WebPage","@id":"https:\/\/marktxxl.de\/markt\/produkt\/inkontinenz-betteinlagen-30-x-36-cm-einweg-unterlagen-sehr-schwer-super-saugfaehig-und-wasserdicht-fuer-patienten-umpositionierung-atmungsaktive-rueckwand-fuer-hautschutz\/","url":"https:\/\/marktxxl.de\/markt\/produkt\/inkontinenz-betteinlagen-30-x-36-cm-einweg-unterlagen-sehr-schwer-super-saugfaehig-und-wasserdicht-fuer-patienten-umpositionierung-atmungsaktive-rueckwand-fuer-hautschutz\/","name":"Inkontinenz-Betteinlagen, 30 x 36 cm, Einweg-Unterlagen, sehr schwer, super saugf\u00e4hig und wasserdicht, f\u00fcr Patienten\u2026 - Markt-XXL","isPartOf":{"@id":"https:\/\/marktxxl.de\/markt\/#website"},"primaryImageOfPage":{"@id":"https:\/\/marktxxl.de\/markt\/produkt\/inkontinenz-betteinlagen-30-x-36-cm-einweg-unterlagen-sehr-schwer-super-saugfaehig-und-wasserdicht-fuer-patienten-umpositionierung-atmungsaktive-rueckwand-fuer-hautschutz\/#primaryimage"},"image":{"@id":"https:\/\/marktxxl.de\/markt\/produkt\/inkontinenz-betteinlagen-30-x-36-cm-einweg-unterlagen-sehr-schwer-super-saugfaehig-und-wasserdicht-fuer-patienten-umpositionierung-atmungsaktive-rueckwand-fuer-hautschutz\/#primaryimage"},"thumbnailUrl":"https:\/\/m.media-amazon.com\/images\/I\/413PniqG52L._SL500_.jpg","datePublished":"2023-01-10T06:08:14+00:00","dateModified":"2023-04-11T03:13:26+00:00","description":"Markt-XXL Inkontinenz-Betteinlagen, 30 x 36 cm, Einweg-Unterlagen, sehr schwer, super saugf\u00e4hig und wasserdicht, f\u00fcr Patienten\u2026","breadcrumb":{"@id":"https:\/\/marktxxl.de\/markt\/produkt\/inkontinenz-betteinlagen-30-x-36-cm-einweg-unterlagen-sehr-schwer-super-saugfaehig-und-wasserdicht-fuer-patienten-umpositionierung-atmungsaktive-rueckwand-fuer-hautschutz\/#breadcrumb"},"inLanguage":"de","potentialAction":[{"@type":"ReadAction","target":["https:\/\/marktxxl.de\/markt\/produkt\/inkontinenz-betteinlagen-30-x-36-cm-einweg-unterlagen-sehr-schwer-super-saugfaehig-und-wasserdicht-fuer-patienten-umpositionierung-atmungsaktive-rueckwand-fuer-hautschutz\/"]}]},{"@type":"ImageObject","inLanguage":"de","@id":"https:\/\/marktxxl.de\/markt\/produkt\/inkontinenz-betteinlagen-30-x-36-cm-einweg-unterlagen-sehr-schwer-super-saugfaehig-und-wasserdicht-fuer-patienten-umpositionierung-atmungsaktive-rueckwand-fuer-hautschutz\/#primaryimage","url":"https:\/\/m.media-amazon.com\/images\/I\/413PniqG52L._SL500_.jpg","contentUrl":"https:\/\/m.media-amazon.com\/images\/I\/413PniqG52L._SL500_.jpg","width":500,"height":500},{"@type":"BreadcrumbList","@id":"https:\/\/marktxxl.de\/markt\/produkt\/inkontinenz-betteinlagen-30-x-36-cm-einweg-unterlagen-sehr-schwer-super-saugfaehig-und-wasserdicht-fuer-patienten-umpositionierung-atmungsaktive-rueckwand-fuer-hautschutz\/#breadcrumb","itemListElement":[{"@type":"ListItem","position":1,"name":"Startseite","item":"https:\/\/marktxxl.de\/markt\/"},{"@type":"ListItem","position":2,"name":"Markt","item":"https:\/\/marktxxl.de\/markt\/"},{"@type":"ListItem","position":3,"name":"Inkontinenz-Betteinlagen, 30 x 36 cm, Einweg-Unterlagen, sehr schwer, super saugf\u00e4hig und wasserdicht, f\u00fcr Patienten\u2026"}]},{"@type":"WebSite","@id":"https:\/\/marktxxl.de\/markt\/#website","url":"https:\/\/marktxxl.de\/markt\/","name":"Markt-XXL","description":"Ihr Markt Online","publisher":{"@id":"https:\/\/marktxxl.de\/markt\/#organization"},"potentialAction":[{"@type":"SearchAction","target":{"@type":"EntryPoint","urlTemplate":"https:\/\/marktxxl.de\/markt\/?s={search_term_string}"},"query-input":{"@type":"PropertyValueSpecification","valueRequired":true,"valueName":"search_term_string"}}],"inLanguage":"de"},{"@type":"Organization","@id":"https:\/\/marktxxl.de\/markt\/#organization","name":"Markt-XXL","url":"https:\/\/marktxxl.de\/markt\/","logo":{"@type":"ImageObject","inLanguage":"de","@id":"https:\/\/marktxxl.de\/markt\/#\/schema\/logo\/image\/","url":"https:\/\/marktxxl.de\/markt\/wp-content\/uploads\/sites\/3\/2020\/12\/logo.png","contentUrl":"https:\/\/marktxxl.de\/markt\/wp-content\/uploads\/sites\/3\/2020\/12\/logo.png","width":200,"height":70,"caption":"Markt-XXL"},"image":{"@id":"https:\/\/marktxxl.de\/markt\/#\/schema\/logo\/image\/"}}]}},"_links":{"self":[{"href":"https:\/\/marktxxl.de\/markt\/wp-json\/wp\/v2\/product\/182100","targetHints":{"allow":["GET"]}}],"collection":[{"href":"https:\/\/marktxxl.de\/markt\/wp-json\/wp\/v2\/product"}],"about":[{"href":"https:\/\/marktxxl.de\/markt\/wp-json\/wp\/v2\/types\/product"}],"replies":[{"embeddable":true,"href":"https:\/\/marktxxl.de\/markt\/wp-json\/wp\/v2\/comments?post=182100"}],"wp:featuredmedia":[{"embeddable":true,"href":"https:\/\/marktxxl.de\/markt\/wp-json\/wp\/v2\/media\/182101"}],"wp:attachment":[{"href":"https:\/\/marktxxl.de\/markt\/wp-json\/wp\/v2\/media?parent=182100"}],"wp:term":[{"taxonomy":"product_brand","embeddable":true,"href":"https:\/\/marktxxl.de\/markt\/wp-json\/wp\/v2\/product_brand?post=182100"},{"taxonomy":"product_cat","embeddable":true,"href":"https:\/\/marktxxl.de\/markt\/wp-json\/wp\/v2\/product_cat?post=182100"},{"taxonomy":"product_tag","embeddable":true,"href":"https:\/\/marktxxl.de\/markt\/wp-json\/wp\/v2\/product_tag?post=182100"}],"curies":[{"name":"wp","href":"https:\/\/api.w.org\/{rel}","templated":true}]}}