{"id":181965,"date":"2023-01-10T07:02:02","date_gmt":"2023-01-10T06:02:02","guid":{"rendered":"https:\/\/marktxxl.de\/markt\/produkt\/kesser-led-kerzen-set-flammenlose-kerze-mit-fernbedienung-timerfunktion-timer-dimmer-echtwachskerze-realistisch-flackernde-led-flammen-echtwachs-mit-kordel-deko\/"},"modified":"2023-04-11T05:12:26","modified_gmt":"2023-04-11T03:12:26","slug":"kesser-led-kerzen-set-flammenlose-kerze-mit-fernbedienung-timerfunktion-timer-dimmer-echtwachskerze-realistisch-flackernde-led-flammen-echtwachs-mit-kordel-deko","status":"publish","type":"product","link":"https:\/\/marktxxl.de\/markt\/produkt\/kesser-led-kerzen-set-flammenlose-kerze-mit-fernbedienung-timerfunktion-timer-dimmer-echtwachskerze-realistisch-flackernde-led-flammen-echtwachs-mit-kordel-deko\/","title":{"rendered":"KESSER\u00ae LED Kerzen 3er Set Flammenlose Kerze mit Fernbedienung Timerfunktion Timer Dimmer Echtwachskerze 10cm, 12,5cm\u2026"},"content":{"rendered":"<p>\ud835\udc01\ud835\udc04\ud835\udc10\ud835\udc14\ud835\udc04\ud835\udc0c \ud835\udc03\ud835\udc00\ud835\udc0d\ud835\udc0a \ud835\udc05\ud835\udc04\ud835\udc11\ud835\udc0d\ud835\udc01\ud835\udc04\ud835\udc03\ud835\udc08\ud835\udc04\ud835\udc0d\ud835\udc14\ud835\udc0d\ud835\udc06: Steuern Sie Ihr Licht aus der Ferne. Mit der im Lieferumfang enthaltenen Fernbedienung haben Sie neben der Timereinstellung sowie der Dimmfunktion noch die M\u00f6glichkeit auszuw\u00e4hlen, ob die Wohnzimmerlampe wie eine echte Kerze flackern soll. Falls Sie sich f\u00fcr den Light Mode entscheiden sollten, k\u00f6nnen Sie mit diesem Modus das Flackern ganz einfach wieder abstellen. Der Timer l\u00e4sst sich je nach Wunsch f\u00fcr 2, 4, 6 oder 8 Stunden stellen.<br \/>\n\ud835\udc12\ud835\udc08\ud835\udc02\ud835\udc07\ud835\udc04\ud835\udc11\ud835\udc07\ud835\udc04\ud835\udc08\ud835\udc13: Paraffinkerzen schaden der Umwelt, denn Sie werden aus Erd\u00f6l hergestellt und setzten bei der Verbrennung CO2 aus, welches eine Mitschuld bei der Erderw\u00e4rmung hat. Zudem wird kein offenes Feuer erzeugt, der tropfend hei\u00dfe Wachs bleibt Ihnen erspart und es entsteht keine Rauchentwicklung. Unsere Kerzen k\u00f6nnen Sie unbeaufsichtigt stehen lassen. Wo normale Tortenkerzen f\u00fcr Kinder oder Haustiere eine Gefahr darstellen k\u00f6nnen, sind die Stimmungslichter absolut sicher.<br \/>\n\ud835\udc0e\ud835\udc0f\ud835\udc13\ud835\udc08\ud835\udc12\ud835\udc02\ud835\udc07\ud835\udc04\ud835\udc12 \ud835\udc14\ud835\udc0d\ud835\udc03 \ud835\udc13\ud835\udc04\ud835\udc02\ud835\udc07\ud835\udc0d\ud835\udc08\ud835\udc12\ud835\udc02\ud835\udc07\ud835\udc04\ud835\udc12 \ud835\udc07\ud835\udc08\ud835\udc06\ud835\udc07\ud835\udc0b\ud835\udc08\ud835\udc06\ud835\udc07\ud835\udc13: Im Gegensatz zu Wachs-Leuchten haben unsere batteriebetriebenen Lichtquellen eine enorm lange Laufzeit von bis zu 200 Stunden. Ob Geburtstag, Hochzeit oder Taufe &#8211; die zeitlos gestalteten LED-Gl\u00fchbirnen schaffen eine angenehme Atmosph\u00e4re und lassen sich per Fernbedienung steuern. Unsere LED-Flammen simulieren ein t\u00e4uschend echtes flackern &#8211; wie eine echte Wachskerze.<br \/>\n\ud835\udc03\ud835\udc08\ud835\udc0c\ud835\udc0c\ud835\udc01\ud835\udc00\ud835\udc11 \ud835\udc14\ud835\udc0d\ud835\udc03 \ud835\udc0f\ud835\udc05\ud835\udc0b\ud835\udc04\ud835\udc06\ud835\udc04\ud835\udc0b\ud835\udc04\ud835\udc08\ud835\udc02\ud835\udc07\ud835\udc13: Unsere Gl\u00fchbirnen sind kinderleicht mit einem feuchten Lappen zu reinigen. Die Fernbedienung erm\u00f6glicht Ihnen Einstellungen gem\u00fctlich und bequem aus der Ferne vorzunehmen. \u00dcber den integrierten Timer k\u00f6nnen Sie entscheiden, wann und wie lange das Licht an Ihrem Kerzenst\u00e4nder leuchten soll. \u00dcber die Dimmfunktion haben Sie die Kontrolle \u00fcber die Helligkeit und Intensit\u00e4t der LED-Flammen. Sorgen Sie f\u00fcr eine gem\u00fctliche und entspannte Atmosph\u00e4re.<br \/>\n\ud835\udc0e\ud835\udc14\ud835\udc13\ud835\udc03\ud835\udc0e\ud835\udc0e\ud835\udc11 \ud835\udc14\ud835\udc0d\ud835\udc03 \ud835\udc08\ud835\udc0d\ud835\udc03\ud835\udc0e\ud835\udc0e\ud835\udc11: Unsere modernen LED-Kerzen sind die beste Alternative zu herk\u00f6mmlichen Wachskerzen. Sie sind flammenlos und erzeugen dennoch ein gem\u00fctliches Licht. Sie k\u00f6nnen unsere Kerzen ganz normal im Au\u00dfenbereich oder in R\u00e4umlichkeiten wie Teelichter verwenden. Denn die verschiedenen Ausf\u00fchrungen unserer Lichterkerzen bieten Ihnen die M\u00f6glichkeit, Ihr eigenes und gem\u00fctliches Ambiente zu kreieren.<br \/>\n<div class=\"main-cross-sell\" data-asin=\"B09MC5DPGH\">\n\n\t<div class=\"WooZone-cross-sell-loader\">\n\t\t<div>\n\t\t\t<div id=\"floatingBarsG\">\n\t\t\t\t<div class=\"blockG\" id=\"rotateG_01\"><\/div>\n\t\t\t\t<div class=\"blockG\" id=\"rotateG_02\"><\/div>\n\t\t\t\t<div class=\"blockG\" id=\"rotateG_03\"><\/div>\n\t\t\t\t<div class=\"blockG\" id=\"rotateG_04\"><\/div>\n\t\t\t\t<div class=\"blockG\" id=\"rotateG_05\"><\/div>\n\t\t\t\t<div class=\"blockG\" id=\"rotateG_06\"><\/div>\n\t\t\t\t<div class=\"blockG\" id=\"rotateG_07\"><\/div>\n\t\t\t\t<div class=\"blockG\" id=\"rotateG_08\"><\/div>\n\t\t\t<\/div>\n\t\t\t<div class=\"WooZone-cross-sell-loader-text\"><\/div>\n\t\t<\/div>\n\t<\/div>\n\n\t\t\n<\/div>\n<div style=\"clear:both;\"><\/div><\/p>\n","protected":false},"excerpt":{"rendered":"<p>\ud835\udc01\ud835\udc04\ud835\udc10\ud835\udc14\ud835\udc04\ud835\udc0c \ud835\udc03\ud835\udc00\ud835\udc0d\ud835\udc0a \ud835\udc05\ud835\udc04\ud835\udc11\ud835\udc0d\ud835\udc01\ud835\udc04\ud835\udc03\ud835\udc08\ud835\udc04\ud835\udc0d\ud835\udc14\ud835\udc0d\ud835\udc06: Steuern Sie Ihr Licht aus der Ferne. Mit der im Lieferumfang enthaltenen Fernbedienung haben Sie neben der Timereinstellung sowie der Dimmfunktion noch die M\u00f6glichkeit auszuw\u00e4hlen, ob die Wohnzimmerlampe wie eine echte Kerze flackern soll. Falls Sie sich f\u00fcr den Light Mode entscheiden sollten, k\u00f6nnen Sie mit diesem Modus das Flackern ganz einfach wieder abstellen. Der Timer l\u00e4sst sich je nach Wunsch f\u00fcr 2, 4, 6 oder 8 Stunden stellen.<br \/>\n\ud835\udc12\ud835\udc08\ud835\udc02\ud835\udc07\ud835\udc04\ud835\udc11\ud835\udc07\ud835\udc04\ud835\udc08\ud835\udc13: Paraffinkerzen schaden der Umwelt, denn Sie werden aus Erd\u00f6l hergestellt und setzten bei der Verbrennung CO2 aus, welches eine Mitschuld bei der Erderw\u00e4rmung hat. Zudem wird kein offenes Feuer erzeugt, der tropfend hei\u00dfe Wachs bleibt Ihnen erspart und es entsteht keine Rauchentwicklung. Unsere Kerzen k\u00f6nnen Sie unbeaufsichtigt stehen lassen. Wo normale Tortenkerzen f\u00fcr Kinder oder Haustiere eine Gefahr darstellen k\u00f6nnen, sind die Stimmungslichter absolut sicher.<br \/>\n\ud835\udc0e\ud835\udc0f\ud835\udc13\ud835\udc08\ud835\udc12\ud835\udc02\ud835\udc07\ud835\udc04\ud835\udc12 \ud835\udc14\ud835\udc0d\ud835\udc03 \ud835\udc13\ud835\udc04\ud835\udc02\ud835\udc07\ud835\udc0d\ud835\udc08\ud835\udc12\ud835\udc02\ud835\udc07\ud835\udc04\ud835\udc12 \ud835\udc07\ud835\udc08\ud835\udc06\ud835\udc07\ud835\udc0b\ud835\udc08\ud835\udc06\ud835\udc07\ud835\udc13: Im Gegensatz zu Wachs-Leuchten haben unsere batteriebetriebenen Lichtquellen eine enorm lange Laufzeit von bis zu 200 Stunden. Ob Geburtstag, Hochzeit oder Taufe &#8211; die zeitlos gestalteten LED-Gl\u00fchbirnen schaffen eine angenehme Atmosph\u00e4re und lassen sich per Fernbedienung steuern. Unsere LED-Flammen simulieren ein t\u00e4uschend echtes flackern &#8211; wie eine echte Wachskerze.<\/p>\n","protected":false},"featured_media":181966,"comment_status":"open","ping_status":"closed","template":"","meta":[],"product_brand":[],"product_cat":[11446,2108],"product_tag":[],"class_list":{"0":"post-181965","1":"product","2":"type-product","3":"status-publish","4":"has-post-thumbnail","6":"product_cat-aussenbeleuchtung","7":"product_cat-beleuchtung","8":"pa_brand-kesser","9":"pa_manufacturer-kesser","11":"first","12":"instock","13":"shipping-taxable","14":"purchasable","15":"product-type-simple","16":"customify-col","17":"product-has-gallery"},"yoast_head":"<!-- This site is optimized with the Yoast SEO plugin v27.4 - https:\/\/yoast.com\/product\/yoast-seo-wordpress\/ -->\n<title>KESSER\u00ae LED Kerzen 3er Set Flammenlose Kerze mit Fernbedienung Timerfunktion Timer Dimmer Echtwachskerze 10cm, 12,5cm\u2026 - Markt-XXL<\/title>\n<meta name=\"description\" content=\"Markt-XXL KESSER\u00ae LED Kerzen 3er Set Flammenlose Kerze mit Fernbedienung Timerfunktion Timer Dimmer Echtwachskerze 10cm, 12,5cm\u2026\" \/>\n<meta name=\"robots\" content=\"index, follow, max-snippet:-1, max-image-preview:large, max-video-preview:-1\" \/>\n<link rel=\"canonical\" href=\"https:\/\/marktxxl.de\/markt\/produkt\/kesser-led-kerzen-set-flammenlose-kerze-mit-fernbedienung-timerfunktion-timer-dimmer-echtwachskerze-realistisch-flackernde-led-flammen-echtwachs-mit-kordel-deko\/\" \/>\n<meta property=\"og:locale\" content=\"de_DE\" \/>\n<meta property=\"og:type\" content=\"article\" \/>\n<meta property=\"og:title\" content=\"KESSER\u00ae LED Kerzen 3er Set Flammenlose Kerze mit Fernbedienung Timerfunktion Timer Dimmer Echtwachskerze 10cm, 12,5cm\u2026 - Markt-XXL\" \/>\n<meta property=\"og:description\" content=\"Markt-XXL KESSER\u00ae LED Kerzen 3er Set Flammenlose Kerze mit Fernbedienung Timerfunktion Timer Dimmer Echtwachskerze 10cm, 12,5cm\u2026\" \/>\n<meta property=\"og:url\" content=\"https:\/\/marktxxl.de\/markt\/produkt\/kesser-led-kerzen-set-flammenlose-kerze-mit-fernbedienung-timerfunktion-timer-dimmer-echtwachskerze-realistisch-flackernde-led-flammen-echtwachs-mit-kordel-deko\/\" \/>\n<meta property=\"og:site_name\" content=\"Markt-XXL\" \/>\n<meta property=\"article:modified_time\" content=\"2023-04-11T03:12:26+00:00\" \/>\n<meta property=\"og:image\" content=\"https:\/\/m.media-amazon.com\/images\/I\/41XQ+TqP0IL._SL500_.jpg\" \/>\n\t<meta property=\"og:image:width\" content=\"500\" \/>\n\t<meta property=\"og:image:height\" content=\"500\" \/>\n\t<meta property=\"og:image:type\" content=\"image\/jpeg\" \/>\n<meta name=\"twitter:card\" content=\"summary_large_image\" \/>\n<meta name=\"twitter:label1\" content=\"Gesch\u00e4tzte Lesezeit\" \/>\n\t<meta name=\"twitter:data1\" content=\"2\u00a0Minuten\" \/>\n<script type=\"application\/ld+json\" class=\"yoast-schema-graph\">{\"@context\":\"https:\\\/\\\/schema.org\",\"@graph\":[{\"@type\":\"WebPage\",\"@id\":\"https:\\\/\\\/marktxxl.de\\\/markt\\\/produkt\\\/kesser-led-kerzen-set-flammenlose-kerze-mit-fernbedienung-timerfunktion-timer-dimmer-echtwachskerze-realistisch-flackernde-led-flammen-echtwachs-mit-kordel-deko\\\/\",\"url\":\"https:\\\/\\\/marktxxl.de\\\/markt\\\/produkt\\\/kesser-led-kerzen-set-flammenlose-kerze-mit-fernbedienung-timerfunktion-timer-dimmer-echtwachskerze-realistisch-flackernde-led-flammen-echtwachs-mit-kordel-deko\\\/\",\"name\":\"KESSER\u00ae LED Kerzen 3er Set Flammenlose Kerze mit Fernbedienung Timerfunktion Timer Dimmer Echtwachskerze 10cm, 12,5cm\u2026 - Markt-XXL\",\"isPartOf\":{\"@id\":\"https:\\\/\\\/marktxxl.de\\\/markt\\\/#website\"},\"primaryImageOfPage\":{\"@id\":\"https:\\\/\\\/marktxxl.de\\\/markt\\\/produkt\\\/kesser-led-kerzen-set-flammenlose-kerze-mit-fernbedienung-timerfunktion-timer-dimmer-echtwachskerze-realistisch-flackernde-led-flammen-echtwachs-mit-kordel-deko\\\/#primaryimage\"},\"image\":{\"@id\":\"https:\\\/\\\/marktxxl.de\\\/markt\\\/produkt\\\/kesser-led-kerzen-set-flammenlose-kerze-mit-fernbedienung-timerfunktion-timer-dimmer-echtwachskerze-realistisch-flackernde-led-flammen-echtwachs-mit-kordel-deko\\\/#primaryimage\"},\"thumbnailUrl\":\"https:\\\/\\\/m.media-amazon.com\\\/images\\\/I\\\/41XQ+TqP0IL._SL500_.jpg\",\"datePublished\":\"2023-01-10T06:02:02+00:00\",\"dateModified\":\"2023-04-11T03:12:26+00:00\",\"description\":\"Markt-XXL KESSER\u00ae LED Kerzen 3er Set Flammenlose Kerze mit Fernbedienung Timerfunktion Timer Dimmer Echtwachskerze 10cm, 12,5cm\u2026\",\"breadcrumb\":{\"@id\":\"https:\\\/\\\/marktxxl.de\\\/markt\\\/produkt\\\/kesser-led-kerzen-set-flammenlose-kerze-mit-fernbedienung-timerfunktion-timer-dimmer-echtwachskerze-realistisch-flackernde-led-flammen-echtwachs-mit-kordel-deko\\\/#breadcrumb\"},\"inLanguage\":\"de\",\"potentialAction\":[{\"@type\":\"ReadAction\",\"target\":[\"https:\\\/\\\/marktxxl.de\\\/markt\\\/produkt\\\/kesser-led-kerzen-set-flammenlose-kerze-mit-fernbedienung-timerfunktion-timer-dimmer-echtwachskerze-realistisch-flackernde-led-flammen-echtwachs-mit-kordel-deko\\\/\"]}]},{\"@type\":\"ImageObject\",\"inLanguage\":\"de\",\"@id\":\"https:\\\/\\\/marktxxl.de\\\/markt\\\/produkt\\\/kesser-led-kerzen-set-flammenlose-kerze-mit-fernbedienung-timerfunktion-timer-dimmer-echtwachskerze-realistisch-flackernde-led-flammen-echtwachs-mit-kordel-deko\\\/#primaryimage\",\"url\":\"https:\\\/\\\/m.media-amazon.com\\\/images\\\/I\\\/41XQ+TqP0IL._SL500_.jpg\",\"contentUrl\":\"https:\\\/\\\/m.media-amazon.com\\\/images\\\/I\\\/41XQ+TqP0IL._SL500_.jpg\",\"width\":500,\"height\":500},{\"@type\":\"BreadcrumbList\",\"@id\":\"https:\\\/\\\/marktxxl.de\\\/markt\\\/produkt\\\/kesser-led-kerzen-set-flammenlose-kerze-mit-fernbedienung-timerfunktion-timer-dimmer-echtwachskerze-realistisch-flackernde-led-flammen-echtwachs-mit-kordel-deko\\\/#breadcrumb\",\"itemListElement\":[{\"@type\":\"ListItem\",\"position\":1,\"name\":\"Startseite\",\"item\":\"https:\\\/\\\/marktxxl.de\\\/markt\\\/\"},{\"@type\":\"ListItem\",\"position\":2,\"name\":\"Markt\",\"item\":\"https:\\\/\\\/marktxxl.de\\\/markt\\\/\"},{\"@type\":\"ListItem\",\"position\":3,\"name\":\"KESSER\u00ae LED Kerzen 3er Set Flammenlose Kerze mit Fernbedienung Timerfunktion Timer Dimmer Echtwachskerze 10cm, 12,5cm\u2026\"}]},{\"@type\":\"WebSite\",\"@id\":\"https:\\\/\\\/marktxxl.de\\\/markt\\\/#website\",\"url\":\"https:\\\/\\\/marktxxl.de\\\/markt\\\/\",\"name\":\"Markt-XXL\",\"description\":\"Ihr Markt Online\",\"publisher\":{\"@id\":\"https:\\\/\\\/marktxxl.de\\\/markt\\\/#organization\"},\"potentialAction\":[{\"@type\":\"SearchAction\",\"target\":{\"@type\":\"EntryPoint\",\"urlTemplate\":\"https:\\\/\\\/marktxxl.de\\\/markt\\\/?s={search_term_string}\"},\"query-input\":{\"@type\":\"PropertyValueSpecification\",\"valueRequired\":true,\"valueName\":\"search_term_string\"}}],\"inLanguage\":\"de\"},{\"@type\":\"Organization\",\"@id\":\"https:\\\/\\\/marktxxl.de\\\/markt\\\/#organization\",\"name\":\"Markt-XXL\",\"url\":\"https:\\\/\\\/marktxxl.de\\\/markt\\\/\",\"logo\":{\"@type\":\"ImageObject\",\"inLanguage\":\"de\",\"@id\":\"https:\\\/\\\/marktxxl.de\\\/markt\\\/#\\\/schema\\\/logo\\\/image\\\/\",\"url\":\"https:\\\/\\\/marktxxl.de\\\/markt\\\/wp-content\\\/uploads\\\/sites\\\/3\\\/2020\\\/12\\\/logo.png\",\"contentUrl\":\"https:\\\/\\\/marktxxl.de\\\/markt\\\/wp-content\\\/uploads\\\/sites\\\/3\\\/2020\\\/12\\\/logo.png\",\"width\":200,\"height\":70,\"caption\":\"Markt-XXL\"},\"image\":{\"@id\":\"https:\\\/\\\/marktxxl.de\\\/markt\\\/#\\\/schema\\\/logo\\\/image\\\/\"}}]}<\/script>\n<!-- \/ Yoast SEO plugin. -->","yoast_head_json":{"title":"KESSER\u00ae LED Kerzen 3er Set Flammenlose Kerze mit Fernbedienung Timerfunktion Timer Dimmer Echtwachskerze 10cm, 12,5cm\u2026 - Markt-XXL","description":"Markt-XXL KESSER\u00ae LED Kerzen 3er Set Flammenlose Kerze mit Fernbedienung Timerfunktion Timer Dimmer Echtwachskerze 10cm, 12,5cm\u2026","robots":{"index":"index","follow":"follow","max-snippet":"max-snippet:-1","max-image-preview":"max-image-preview:large","max-video-preview":"max-video-preview:-1"},"canonical":"https:\/\/marktxxl.de\/markt\/produkt\/kesser-led-kerzen-set-flammenlose-kerze-mit-fernbedienung-timerfunktion-timer-dimmer-echtwachskerze-realistisch-flackernde-led-flammen-echtwachs-mit-kordel-deko\/","og_locale":"de_DE","og_type":"article","og_title":"KESSER\u00ae LED Kerzen 3er Set Flammenlose Kerze mit Fernbedienung Timerfunktion Timer Dimmer Echtwachskerze 10cm, 12,5cm\u2026 - Markt-XXL","og_description":"Markt-XXL KESSER\u00ae LED Kerzen 3er Set Flammenlose Kerze mit Fernbedienung Timerfunktion Timer Dimmer Echtwachskerze 10cm, 12,5cm\u2026","og_url":"https:\/\/marktxxl.de\/markt\/produkt\/kesser-led-kerzen-set-flammenlose-kerze-mit-fernbedienung-timerfunktion-timer-dimmer-echtwachskerze-realistisch-flackernde-led-flammen-echtwachs-mit-kordel-deko\/","og_site_name":"Markt-XXL","article_modified_time":"2023-04-11T03:12:26+00:00","og_image":[{"width":500,"height":500,"url":"https:\/\/m.media-amazon.com\/images\/I\/41XQ+TqP0IL._SL500_.jpg","type":"image\/jpeg"}],"twitter_card":"summary_large_image","twitter_misc":{"Gesch\u00e4tzte Lesezeit":"2\u00a0Minuten"},"schema":{"@context":"https:\/\/schema.org","@graph":[{"@type":"WebPage","@id":"https:\/\/marktxxl.de\/markt\/produkt\/kesser-led-kerzen-set-flammenlose-kerze-mit-fernbedienung-timerfunktion-timer-dimmer-echtwachskerze-realistisch-flackernde-led-flammen-echtwachs-mit-kordel-deko\/","url":"https:\/\/marktxxl.de\/markt\/produkt\/kesser-led-kerzen-set-flammenlose-kerze-mit-fernbedienung-timerfunktion-timer-dimmer-echtwachskerze-realistisch-flackernde-led-flammen-echtwachs-mit-kordel-deko\/","name":"KESSER\u00ae LED Kerzen 3er Set Flammenlose Kerze mit Fernbedienung Timerfunktion Timer Dimmer Echtwachskerze 10cm, 12,5cm\u2026 - Markt-XXL","isPartOf":{"@id":"https:\/\/marktxxl.de\/markt\/#website"},"primaryImageOfPage":{"@id":"https:\/\/marktxxl.de\/markt\/produkt\/kesser-led-kerzen-set-flammenlose-kerze-mit-fernbedienung-timerfunktion-timer-dimmer-echtwachskerze-realistisch-flackernde-led-flammen-echtwachs-mit-kordel-deko\/#primaryimage"},"image":{"@id":"https:\/\/marktxxl.de\/markt\/produkt\/kesser-led-kerzen-set-flammenlose-kerze-mit-fernbedienung-timerfunktion-timer-dimmer-echtwachskerze-realistisch-flackernde-led-flammen-echtwachs-mit-kordel-deko\/#primaryimage"},"thumbnailUrl":"https:\/\/m.media-amazon.com\/images\/I\/41XQ+TqP0IL._SL500_.jpg","datePublished":"2023-01-10T06:02:02+00:00","dateModified":"2023-04-11T03:12:26+00:00","description":"Markt-XXL KESSER\u00ae LED Kerzen 3er Set Flammenlose Kerze mit Fernbedienung Timerfunktion Timer Dimmer Echtwachskerze 10cm, 12,5cm\u2026","breadcrumb":{"@id":"https:\/\/marktxxl.de\/markt\/produkt\/kesser-led-kerzen-set-flammenlose-kerze-mit-fernbedienung-timerfunktion-timer-dimmer-echtwachskerze-realistisch-flackernde-led-flammen-echtwachs-mit-kordel-deko\/#breadcrumb"},"inLanguage":"de","potentialAction":[{"@type":"ReadAction","target":["https:\/\/marktxxl.de\/markt\/produkt\/kesser-led-kerzen-set-flammenlose-kerze-mit-fernbedienung-timerfunktion-timer-dimmer-echtwachskerze-realistisch-flackernde-led-flammen-echtwachs-mit-kordel-deko\/"]}]},{"@type":"ImageObject","inLanguage":"de","@id":"https:\/\/marktxxl.de\/markt\/produkt\/kesser-led-kerzen-set-flammenlose-kerze-mit-fernbedienung-timerfunktion-timer-dimmer-echtwachskerze-realistisch-flackernde-led-flammen-echtwachs-mit-kordel-deko\/#primaryimage","url":"https:\/\/m.media-amazon.com\/images\/I\/41XQ+TqP0IL._SL500_.jpg","contentUrl":"https:\/\/m.media-amazon.com\/images\/I\/41XQ+TqP0IL._SL500_.jpg","width":500,"height":500},{"@type":"BreadcrumbList","@id":"https:\/\/marktxxl.de\/markt\/produkt\/kesser-led-kerzen-set-flammenlose-kerze-mit-fernbedienung-timerfunktion-timer-dimmer-echtwachskerze-realistisch-flackernde-led-flammen-echtwachs-mit-kordel-deko\/#breadcrumb","itemListElement":[{"@type":"ListItem","position":1,"name":"Startseite","item":"https:\/\/marktxxl.de\/markt\/"},{"@type":"ListItem","position":2,"name":"Markt","item":"https:\/\/marktxxl.de\/markt\/"},{"@type":"ListItem","position":3,"name":"KESSER\u00ae LED Kerzen 3er Set Flammenlose Kerze mit Fernbedienung Timerfunktion Timer Dimmer Echtwachskerze 10cm, 12,5cm\u2026"}]},{"@type":"WebSite","@id":"https:\/\/marktxxl.de\/markt\/#website","url":"https:\/\/marktxxl.de\/markt\/","name":"Markt-XXL","description":"Ihr Markt Online","publisher":{"@id":"https:\/\/marktxxl.de\/markt\/#organization"},"potentialAction":[{"@type":"SearchAction","target":{"@type":"EntryPoint","urlTemplate":"https:\/\/marktxxl.de\/markt\/?s={search_term_string}"},"query-input":{"@type":"PropertyValueSpecification","valueRequired":true,"valueName":"search_term_string"}}],"inLanguage":"de"},{"@type":"Organization","@id":"https:\/\/marktxxl.de\/markt\/#organization","name":"Markt-XXL","url":"https:\/\/marktxxl.de\/markt\/","logo":{"@type":"ImageObject","inLanguage":"de","@id":"https:\/\/marktxxl.de\/markt\/#\/schema\/logo\/image\/","url":"https:\/\/marktxxl.de\/markt\/wp-content\/uploads\/sites\/3\/2020\/12\/logo.png","contentUrl":"https:\/\/marktxxl.de\/markt\/wp-content\/uploads\/sites\/3\/2020\/12\/logo.png","width":200,"height":70,"caption":"Markt-XXL"},"image":{"@id":"https:\/\/marktxxl.de\/markt\/#\/schema\/logo\/image\/"}}]}},"_links":{"self":[{"href":"https:\/\/marktxxl.de\/markt\/wp-json\/wp\/v2\/product\/181965","targetHints":{"allow":["GET"]}}],"collection":[{"href":"https:\/\/marktxxl.de\/markt\/wp-json\/wp\/v2\/product"}],"about":[{"href":"https:\/\/marktxxl.de\/markt\/wp-json\/wp\/v2\/types\/product"}],"replies":[{"embeddable":true,"href":"https:\/\/marktxxl.de\/markt\/wp-json\/wp\/v2\/comments?post=181965"}],"wp:featuredmedia":[{"embeddable":true,"href":"https:\/\/marktxxl.de\/markt\/wp-json\/wp\/v2\/media\/181966"}],"wp:attachment":[{"href":"https:\/\/marktxxl.de\/markt\/wp-json\/wp\/v2\/media?parent=181965"}],"wp:term":[{"taxonomy":"product_brand","embeddable":true,"href":"https:\/\/marktxxl.de\/markt\/wp-json\/wp\/v2\/product_brand?post=181965"},{"taxonomy":"product_cat","embeddable":true,"href":"https:\/\/marktxxl.de\/markt\/wp-json\/wp\/v2\/product_cat?post=181965"},{"taxonomy":"product_tag","embeddable":true,"href":"https:\/\/marktxxl.de\/markt\/wp-json\/wp\/v2\/product_tag?post=181965"}],"curies":[{"name":"wp","href":"https:\/\/api.w.org\/{rel}","templated":true}]}}