{"id":181958,"date":"2023-01-10T07:01:51","date_gmt":"2023-01-10T06:01:51","guid":{"rendered":"https:\/\/marktxxl.de\/markt\/produkt\/celavy-dreieckige-led-wandleuchte-aussenleuchte-ip65-wandlampe-aus-aluminium-wasserdichte-wandbeleuchtung-aussenlampe-fuer-innen-und-aussenbereich-aussenbeleuchtung-mit-etl-zertifikat-warmweiss\/"},"modified":"2023-04-11T05:12:26","modified_gmt":"2023-04-11T03:12:26","slug":"celavy-dreieckige-led-wandleuchte-aussenleuchte-ip65-wandlampe-aus-aluminium-wasserdichte-wandbeleuchtung-aussenlampe-fuer-innen-und-aussenbereich-aussenbeleuchtung-mit-etl-zertifikat-warmweiss","status":"publish","type":"product","link":"https:\/\/marktxxl.de\/markt\/produkt\/celavy-dreieckige-led-wandleuchte-aussenleuchte-ip65-wandlampe-aus-aluminium-wasserdichte-wandbeleuchtung-aussenlampe-fuer-innen-und-aussenbereich-aussenbeleuchtung-mit-etl-zertifikat-warmweiss\/","title":{"rendered":"CELAVY Dreieckige LED Wandleuchte Au\u00dfenleuchte, IP65 Au\u00dfenlampe Wandlampe aussen GU10 Aluminium, Wasserdichte\u2026"},"content":{"rendered":"<p>\ud83d\udca1\u3010Elegante Dekoration\u3011: CELAVY moderne Wandleuchte\u00a0im europ\u00e4ischen Stil strahlt durch Ihre obere und untere Lichtausl\u00e4sse das Licht gleichm\u00e4\u00dfig. Mit dem weichen und warmen Licht\u00a0von unserer Wandlampe\u00a0wird Ihre Wohnung in der Nacht sehr elegant und herrlich\u00a0aussehen.v<br \/>\n\ud83d\udc4d\u3010Zuverl\u00e4ssiges Material\u3011: CELAVY\u00a0erstklassige\u00a0Au\u00dfenleuchte\u00a0ist mit\u00a0robustem\u00a0Aluminium Geh\u00e4use und\u00a0hochwertiger Schutzbeschichtung\u00a0versehen, was f\u00fcr eine hervorragende Best\u00e4ndigkeit gegen Hitze, St\u00f6\u00dfe und Chemikalien sogar bei\u00a0den extremen Wetterbedingungen sorgt.\u00a0<br \/>\n\ud83c\udf0e\u3010Energiesparendes Design\u3011: Diese Au\u00dfenlampe besteht aus 2 GU10 Gl\u00fchbirnen und verwendet LED-Treiber, was Ihnen dazu helfen, 80% der Stromkosten zu sparen und durchschnittlich 25,000 Stunden zu gebrauchen. Somit ist unsere Au\u00dfenbeleuchtung bestimmt eine\u00a0g\u00fcnstige\u00a0Einkaufsalternative.v<br \/>\n\ud83c\udfe1\u3010Breite Anwendungen\u3011: Dank der IP65-Schutzart ist unsere Wandbeleuchtung extrem wasser- und staubbest\u00e4ndig, deshalb wird diese Lampe definitiv eine\u00a0ideale Wahl zum Innen- und Au\u00dfenbereich, wie Wohnzimmer, Schlafzimmer, Garten, Korridor, und so weiter.v<br \/>\n\ud83e\udd70\u3010Was Wir Ihnen Anbieten\u3011: Sie k\u00f6nnen eine feine Wandlicht\u00a0mit ETL Zertifikat erhalten. Mithilfe unserer detaillierten Installationsanweisung k\u00f6nnen Sie diese LED-Beleutung einfach an der Wand montieren. Au\u00dferdem haben wir ein freundliches Kundendienstteam, das Ihnen starken Support bei Fragen bietet.<br \/>\n<div class=\"main-cross-sell\" data-asin=\"B094CPG2CG\">\n\n\t<div class=\"WooZone-cross-sell-loader\">\n\t\t<div>\n\t\t\t<div id=\"floatingBarsG\">\n\t\t\t\t<div class=\"blockG\" id=\"rotateG_01\"><\/div>\n\t\t\t\t<div class=\"blockG\" id=\"rotateG_02\"><\/div>\n\t\t\t\t<div class=\"blockG\" id=\"rotateG_03\"><\/div>\n\t\t\t\t<div class=\"blockG\" id=\"rotateG_04\"><\/div>\n\t\t\t\t<div class=\"blockG\" id=\"rotateG_05\"><\/div>\n\t\t\t\t<div class=\"blockG\" id=\"rotateG_06\"><\/div>\n\t\t\t\t<div class=\"blockG\" id=\"rotateG_07\"><\/div>\n\t\t\t\t<div class=\"blockG\" id=\"rotateG_08\"><\/div>\n\t\t\t<\/div>\n\t\t\t<div class=\"WooZone-cross-sell-loader-text\"><\/div>\n\t\t<\/div>\n\t<\/div>\n\n\t\t\n<\/div>\n<div style=\"clear:both;\"><\/div><\/p>\n","protected":false},"excerpt":{"rendered":"<p>\ud83d\udca1\u3010Elegante Dekoration\u3011: CELAVY moderne Wandleuchte\u00a0im europ\u00e4ischen Stil strahlt durch Ihre obere und untere Lichtausl\u00e4sse das Licht gleichm\u00e4\u00dfig. Mit dem weichen und warmen Licht\u00a0von unserer Wandlampe\u00a0wird Ihre Wohnung in der Nacht sehr elegant und herrlich\u00a0aussehen.v<br \/>\n\ud83d\udc4d\u3010Zuverl\u00e4ssiges Material\u3011: CELAVY\u00a0erstklassige\u00a0Au\u00dfenleuchte\u00a0ist mit\u00a0robustem\u00a0Aluminium Geh\u00e4use und\u00a0hochwertiger Schutzbeschichtung\u00a0versehen, was f\u00fcr eine hervorragende Best\u00e4ndigkeit gegen Hitze, St\u00f6\u00dfe und Chemikalien sogar bei\u00a0den extremen Wetterbedingungen sorgt.\u00a0<br \/>\n\ud83c\udf0e\u3010Energiesparendes Design\u3011: Diese Au\u00dfenlampe besteht aus 2 GU10 Gl\u00fchbirnen und verwendet LED-Treiber, was Ihnen dazu helfen, 80% der Stromkosten zu sparen und durchschnittlich 25,000 Stunden zu gebrauchen. Somit ist unsere Au\u00dfenbeleuchtung bestimmt eine\u00a0g\u00fcnstige\u00a0Einkaufsalternative.v<\/p>\n","protected":false},"featured_media":181959,"comment_status":"open","ping_status":"closed","template":"","meta":[],"product_brand":[],"product_cat":[11446,2108],"product_tag":[],"class_list":{"0":"post-181958","1":"product","2":"type-product","3":"status-publish","4":"has-post-thumbnail","6":"product_cat-aussenbeleuchtung","7":"product_cat-beleuchtung","8":"pa_brand-celavy","9":"pa_manufacturer-celavy","11":"first","12":"instock","13":"shipping-taxable","14":"purchasable","15":"product-type-simple","16":"customify-col","17":"product-has-gallery"},"yoast_head":"<!-- This site is optimized with the Yoast SEO plugin v27.4 - https:\/\/yoast.com\/product\/yoast-seo-wordpress\/ -->\n<title>CELAVY Dreieckige LED Wandleuchte Au\u00dfenleuchte, IP65 Au\u00dfenlampe Wandlampe aussen GU10 Aluminium, Wasserdichte\u2026 - Markt-XXL<\/title>\n<meta name=\"description\" content=\"Markt-XXL CELAVY Dreieckige LED Wandleuchte Au\u00dfenleuchte, IP65 Au\u00dfenlampe Wandlampe aussen GU10 Aluminium, Wasserdichte\u2026\" \/>\n<meta name=\"robots\" content=\"index, follow, max-snippet:-1, max-image-preview:large, max-video-preview:-1\" \/>\n<link rel=\"canonical\" href=\"https:\/\/marktxxl.de\/markt\/produkt\/celavy-dreieckige-led-wandleuchte-aussenleuchte-ip65-wandlampe-aus-aluminium-wasserdichte-wandbeleuchtung-aussenlampe-fuer-innen-und-aussenbereich-aussenbeleuchtung-mit-etl-zertifikat-warmweiss\/\" \/>\n<meta property=\"og:locale\" content=\"de_DE\" \/>\n<meta property=\"og:type\" content=\"article\" \/>\n<meta property=\"og:title\" content=\"CELAVY Dreieckige LED Wandleuchte Au\u00dfenleuchte, IP65 Au\u00dfenlampe Wandlampe aussen GU10 Aluminium, Wasserdichte\u2026 - Markt-XXL\" \/>\n<meta property=\"og:description\" content=\"Markt-XXL CELAVY Dreieckige LED Wandleuchte Au\u00dfenleuchte, IP65 Au\u00dfenlampe Wandlampe aussen GU10 Aluminium, Wasserdichte\u2026\" \/>\n<meta property=\"og:url\" content=\"https:\/\/marktxxl.de\/markt\/produkt\/celavy-dreieckige-led-wandleuchte-aussenleuchte-ip65-wandlampe-aus-aluminium-wasserdichte-wandbeleuchtung-aussenlampe-fuer-innen-und-aussenbereich-aussenbeleuchtung-mit-etl-zertifikat-warmweiss\/\" \/>\n<meta property=\"og:site_name\" content=\"Markt-XXL\" \/>\n<meta property=\"article:modified_time\" content=\"2023-04-11T03:12:26+00:00\" \/>\n<meta property=\"og:image\" content=\"https:\/\/m.media-amazon.com\/images\/I\/31jCbWrzeZS._SL500_.jpg\" \/>\n\t<meta property=\"og:image:width\" content=\"500\" \/>\n\t<meta property=\"og:image:height\" content=\"500\" \/>\n\t<meta property=\"og:image:type\" content=\"image\/jpeg\" \/>\n<meta name=\"twitter:card\" content=\"summary_large_image\" \/>\n<meta name=\"twitter:label1\" content=\"Gesch\u00e4tzte Lesezeit\" \/>\n\t<meta name=\"twitter:data1\" content=\"1\u00a0Minute\" \/>\n<script type=\"application\/ld+json\" class=\"yoast-schema-graph\">{\"@context\":\"https:\\\/\\\/schema.org\",\"@graph\":[{\"@type\":\"WebPage\",\"@id\":\"https:\\\/\\\/marktxxl.de\\\/markt\\\/produkt\\\/celavy-dreieckige-led-wandleuchte-aussenleuchte-ip65-wandlampe-aus-aluminium-wasserdichte-wandbeleuchtung-aussenlampe-fuer-innen-und-aussenbereich-aussenbeleuchtung-mit-etl-zertifikat-warmweiss\\\/\",\"url\":\"https:\\\/\\\/marktxxl.de\\\/markt\\\/produkt\\\/celavy-dreieckige-led-wandleuchte-aussenleuchte-ip65-wandlampe-aus-aluminium-wasserdichte-wandbeleuchtung-aussenlampe-fuer-innen-und-aussenbereich-aussenbeleuchtung-mit-etl-zertifikat-warmweiss\\\/\",\"name\":\"CELAVY Dreieckige LED Wandleuchte Au\u00dfenleuchte, IP65 Au\u00dfenlampe Wandlampe aussen GU10 Aluminium, Wasserdichte\u2026 - Markt-XXL\",\"isPartOf\":{\"@id\":\"https:\\\/\\\/marktxxl.de\\\/markt\\\/#website\"},\"primaryImageOfPage\":{\"@id\":\"https:\\\/\\\/marktxxl.de\\\/markt\\\/produkt\\\/celavy-dreieckige-led-wandleuchte-aussenleuchte-ip65-wandlampe-aus-aluminium-wasserdichte-wandbeleuchtung-aussenlampe-fuer-innen-und-aussenbereich-aussenbeleuchtung-mit-etl-zertifikat-warmweiss\\\/#primaryimage\"},\"image\":{\"@id\":\"https:\\\/\\\/marktxxl.de\\\/markt\\\/produkt\\\/celavy-dreieckige-led-wandleuchte-aussenleuchte-ip65-wandlampe-aus-aluminium-wasserdichte-wandbeleuchtung-aussenlampe-fuer-innen-und-aussenbereich-aussenbeleuchtung-mit-etl-zertifikat-warmweiss\\\/#primaryimage\"},\"thumbnailUrl\":\"https:\\\/\\\/m.media-amazon.com\\\/images\\\/I\\\/31jCbWrzeZS._SL500_.jpg\",\"datePublished\":\"2023-01-10T06:01:51+00:00\",\"dateModified\":\"2023-04-11T03:12:26+00:00\",\"description\":\"Markt-XXL CELAVY Dreieckige LED Wandleuchte Au\u00dfenleuchte, IP65 Au\u00dfenlampe Wandlampe aussen GU10 Aluminium, Wasserdichte\u2026\",\"breadcrumb\":{\"@id\":\"https:\\\/\\\/marktxxl.de\\\/markt\\\/produkt\\\/celavy-dreieckige-led-wandleuchte-aussenleuchte-ip65-wandlampe-aus-aluminium-wasserdichte-wandbeleuchtung-aussenlampe-fuer-innen-und-aussenbereich-aussenbeleuchtung-mit-etl-zertifikat-warmweiss\\\/#breadcrumb\"},\"inLanguage\":\"de\",\"potentialAction\":[{\"@type\":\"ReadAction\",\"target\":[\"https:\\\/\\\/marktxxl.de\\\/markt\\\/produkt\\\/celavy-dreieckige-led-wandleuchte-aussenleuchte-ip65-wandlampe-aus-aluminium-wasserdichte-wandbeleuchtung-aussenlampe-fuer-innen-und-aussenbereich-aussenbeleuchtung-mit-etl-zertifikat-warmweiss\\\/\"]}]},{\"@type\":\"ImageObject\",\"inLanguage\":\"de\",\"@id\":\"https:\\\/\\\/marktxxl.de\\\/markt\\\/produkt\\\/celavy-dreieckige-led-wandleuchte-aussenleuchte-ip65-wandlampe-aus-aluminium-wasserdichte-wandbeleuchtung-aussenlampe-fuer-innen-und-aussenbereich-aussenbeleuchtung-mit-etl-zertifikat-warmweiss\\\/#primaryimage\",\"url\":\"https:\\\/\\\/m.media-amazon.com\\\/images\\\/I\\\/31jCbWrzeZS._SL500_.jpg\",\"contentUrl\":\"https:\\\/\\\/m.media-amazon.com\\\/images\\\/I\\\/31jCbWrzeZS._SL500_.jpg\",\"width\":500,\"height\":500},{\"@type\":\"BreadcrumbList\",\"@id\":\"https:\\\/\\\/marktxxl.de\\\/markt\\\/produkt\\\/celavy-dreieckige-led-wandleuchte-aussenleuchte-ip65-wandlampe-aus-aluminium-wasserdichte-wandbeleuchtung-aussenlampe-fuer-innen-und-aussenbereich-aussenbeleuchtung-mit-etl-zertifikat-warmweiss\\\/#breadcrumb\",\"itemListElement\":[{\"@type\":\"ListItem\",\"position\":1,\"name\":\"Startseite\",\"item\":\"https:\\\/\\\/marktxxl.de\\\/markt\\\/\"},{\"@type\":\"ListItem\",\"position\":2,\"name\":\"Markt\",\"item\":\"https:\\\/\\\/marktxxl.de\\\/markt\\\/\"},{\"@type\":\"ListItem\",\"position\":3,\"name\":\"CELAVY Dreieckige LED Wandleuchte Au\u00dfenleuchte, IP65 Au\u00dfenlampe Wandlampe aussen GU10 Aluminium, Wasserdichte\u2026\"}]},{\"@type\":\"WebSite\",\"@id\":\"https:\\\/\\\/marktxxl.de\\\/markt\\\/#website\",\"url\":\"https:\\\/\\\/marktxxl.de\\\/markt\\\/\",\"name\":\"Markt-XXL\",\"description\":\"Ihr Markt Online\",\"publisher\":{\"@id\":\"https:\\\/\\\/marktxxl.de\\\/markt\\\/#organization\"},\"potentialAction\":[{\"@type\":\"SearchAction\",\"target\":{\"@type\":\"EntryPoint\",\"urlTemplate\":\"https:\\\/\\\/marktxxl.de\\\/markt\\\/?s={search_term_string}\"},\"query-input\":{\"@type\":\"PropertyValueSpecification\",\"valueRequired\":true,\"valueName\":\"search_term_string\"}}],\"inLanguage\":\"de\"},{\"@type\":\"Organization\",\"@id\":\"https:\\\/\\\/marktxxl.de\\\/markt\\\/#organization\",\"name\":\"Markt-XXL\",\"url\":\"https:\\\/\\\/marktxxl.de\\\/markt\\\/\",\"logo\":{\"@type\":\"ImageObject\",\"inLanguage\":\"de\",\"@id\":\"https:\\\/\\\/marktxxl.de\\\/markt\\\/#\\\/schema\\\/logo\\\/image\\\/\",\"url\":\"https:\\\/\\\/marktxxl.de\\\/markt\\\/wp-content\\\/uploads\\\/sites\\\/3\\\/2020\\\/12\\\/logo.png\",\"contentUrl\":\"https:\\\/\\\/marktxxl.de\\\/markt\\\/wp-content\\\/uploads\\\/sites\\\/3\\\/2020\\\/12\\\/logo.png\",\"width\":200,\"height\":70,\"caption\":\"Markt-XXL\"},\"image\":{\"@id\":\"https:\\\/\\\/marktxxl.de\\\/markt\\\/#\\\/schema\\\/logo\\\/image\\\/\"}}]}<\/script>\n<!-- \/ Yoast SEO plugin. -->","yoast_head_json":{"title":"CELAVY Dreieckige LED Wandleuchte Au\u00dfenleuchte, IP65 Au\u00dfenlampe Wandlampe aussen GU10 Aluminium, Wasserdichte\u2026 - Markt-XXL","description":"Markt-XXL CELAVY Dreieckige LED Wandleuchte Au\u00dfenleuchte, IP65 Au\u00dfenlampe Wandlampe aussen GU10 Aluminium, Wasserdichte\u2026","robots":{"index":"index","follow":"follow","max-snippet":"max-snippet:-1","max-image-preview":"max-image-preview:large","max-video-preview":"max-video-preview:-1"},"canonical":"https:\/\/marktxxl.de\/markt\/produkt\/celavy-dreieckige-led-wandleuchte-aussenleuchte-ip65-wandlampe-aus-aluminium-wasserdichte-wandbeleuchtung-aussenlampe-fuer-innen-und-aussenbereich-aussenbeleuchtung-mit-etl-zertifikat-warmweiss\/","og_locale":"de_DE","og_type":"article","og_title":"CELAVY Dreieckige LED Wandleuchte Au\u00dfenleuchte, IP65 Au\u00dfenlampe Wandlampe aussen GU10 Aluminium, Wasserdichte\u2026 - Markt-XXL","og_description":"Markt-XXL CELAVY Dreieckige LED Wandleuchte Au\u00dfenleuchte, IP65 Au\u00dfenlampe Wandlampe aussen GU10 Aluminium, Wasserdichte\u2026","og_url":"https:\/\/marktxxl.de\/markt\/produkt\/celavy-dreieckige-led-wandleuchte-aussenleuchte-ip65-wandlampe-aus-aluminium-wasserdichte-wandbeleuchtung-aussenlampe-fuer-innen-und-aussenbereich-aussenbeleuchtung-mit-etl-zertifikat-warmweiss\/","og_site_name":"Markt-XXL","article_modified_time":"2023-04-11T03:12:26+00:00","og_image":[{"width":500,"height":500,"url":"https:\/\/m.media-amazon.com\/images\/I\/31jCbWrzeZS._SL500_.jpg","type":"image\/jpeg"}],"twitter_card":"summary_large_image","twitter_misc":{"Gesch\u00e4tzte Lesezeit":"1\u00a0Minute"},"schema":{"@context":"https:\/\/schema.org","@graph":[{"@type":"WebPage","@id":"https:\/\/marktxxl.de\/markt\/produkt\/celavy-dreieckige-led-wandleuchte-aussenleuchte-ip65-wandlampe-aus-aluminium-wasserdichte-wandbeleuchtung-aussenlampe-fuer-innen-und-aussenbereich-aussenbeleuchtung-mit-etl-zertifikat-warmweiss\/","url":"https:\/\/marktxxl.de\/markt\/produkt\/celavy-dreieckige-led-wandleuchte-aussenleuchte-ip65-wandlampe-aus-aluminium-wasserdichte-wandbeleuchtung-aussenlampe-fuer-innen-und-aussenbereich-aussenbeleuchtung-mit-etl-zertifikat-warmweiss\/","name":"CELAVY Dreieckige LED Wandleuchte Au\u00dfenleuchte, IP65 Au\u00dfenlampe Wandlampe aussen GU10 Aluminium, Wasserdichte\u2026 - Markt-XXL","isPartOf":{"@id":"https:\/\/marktxxl.de\/markt\/#website"},"primaryImageOfPage":{"@id":"https:\/\/marktxxl.de\/markt\/produkt\/celavy-dreieckige-led-wandleuchte-aussenleuchte-ip65-wandlampe-aus-aluminium-wasserdichte-wandbeleuchtung-aussenlampe-fuer-innen-und-aussenbereich-aussenbeleuchtung-mit-etl-zertifikat-warmweiss\/#primaryimage"},"image":{"@id":"https:\/\/marktxxl.de\/markt\/produkt\/celavy-dreieckige-led-wandleuchte-aussenleuchte-ip65-wandlampe-aus-aluminium-wasserdichte-wandbeleuchtung-aussenlampe-fuer-innen-und-aussenbereich-aussenbeleuchtung-mit-etl-zertifikat-warmweiss\/#primaryimage"},"thumbnailUrl":"https:\/\/m.media-amazon.com\/images\/I\/31jCbWrzeZS._SL500_.jpg","datePublished":"2023-01-10T06:01:51+00:00","dateModified":"2023-04-11T03:12:26+00:00","description":"Markt-XXL CELAVY Dreieckige LED Wandleuchte Au\u00dfenleuchte, IP65 Au\u00dfenlampe Wandlampe aussen GU10 Aluminium, Wasserdichte\u2026","breadcrumb":{"@id":"https:\/\/marktxxl.de\/markt\/produkt\/celavy-dreieckige-led-wandleuchte-aussenleuchte-ip65-wandlampe-aus-aluminium-wasserdichte-wandbeleuchtung-aussenlampe-fuer-innen-und-aussenbereich-aussenbeleuchtung-mit-etl-zertifikat-warmweiss\/#breadcrumb"},"inLanguage":"de","potentialAction":[{"@type":"ReadAction","target":["https:\/\/marktxxl.de\/markt\/produkt\/celavy-dreieckige-led-wandleuchte-aussenleuchte-ip65-wandlampe-aus-aluminium-wasserdichte-wandbeleuchtung-aussenlampe-fuer-innen-und-aussenbereich-aussenbeleuchtung-mit-etl-zertifikat-warmweiss\/"]}]},{"@type":"ImageObject","inLanguage":"de","@id":"https:\/\/marktxxl.de\/markt\/produkt\/celavy-dreieckige-led-wandleuchte-aussenleuchte-ip65-wandlampe-aus-aluminium-wasserdichte-wandbeleuchtung-aussenlampe-fuer-innen-und-aussenbereich-aussenbeleuchtung-mit-etl-zertifikat-warmweiss\/#primaryimage","url":"https:\/\/m.media-amazon.com\/images\/I\/31jCbWrzeZS._SL500_.jpg","contentUrl":"https:\/\/m.media-amazon.com\/images\/I\/31jCbWrzeZS._SL500_.jpg","width":500,"height":500},{"@type":"BreadcrumbList","@id":"https:\/\/marktxxl.de\/markt\/produkt\/celavy-dreieckige-led-wandleuchte-aussenleuchte-ip65-wandlampe-aus-aluminium-wasserdichte-wandbeleuchtung-aussenlampe-fuer-innen-und-aussenbereich-aussenbeleuchtung-mit-etl-zertifikat-warmweiss\/#breadcrumb","itemListElement":[{"@type":"ListItem","position":1,"name":"Startseite","item":"https:\/\/marktxxl.de\/markt\/"},{"@type":"ListItem","position":2,"name":"Markt","item":"https:\/\/marktxxl.de\/markt\/"},{"@type":"ListItem","position":3,"name":"CELAVY Dreieckige LED Wandleuchte Au\u00dfenleuchte, IP65 Au\u00dfenlampe Wandlampe aussen GU10 Aluminium, Wasserdichte\u2026"}]},{"@type":"WebSite","@id":"https:\/\/marktxxl.de\/markt\/#website","url":"https:\/\/marktxxl.de\/markt\/","name":"Markt-XXL","description":"Ihr Markt Online","publisher":{"@id":"https:\/\/marktxxl.de\/markt\/#organization"},"potentialAction":[{"@type":"SearchAction","target":{"@type":"EntryPoint","urlTemplate":"https:\/\/marktxxl.de\/markt\/?s={search_term_string}"},"query-input":{"@type":"PropertyValueSpecification","valueRequired":true,"valueName":"search_term_string"}}],"inLanguage":"de"},{"@type":"Organization","@id":"https:\/\/marktxxl.de\/markt\/#organization","name":"Markt-XXL","url":"https:\/\/marktxxl.de\/markt\/","logo":{"@type":"ImageObject","inLanguage":"de","@id":"https:\/\/marktxxl.de\/markt\/#\/schema\/logo\/image\/","url":"https:\/\/marktxxl.de\/markt\/wp-content\/uploads\/sites\/3\/2020\/12\/logo.png","contentUrl":"https:\/\/marktxxl.de\/markt\/wp-content\/uploads\/sites\/3\/2020\/12\/logo.png","width":200,"height":70,"caption":"Markt-XXL"},"image":{"@id":"https:\/\/marktxxl.de\/markt\/#\/schema\/logo\/image\/"}}]}},"_links":{"self":[{"href":"https:\/\/marktxxl.de\/markt\/wp-json\/wp\/v2\/product\/181958","targetHints":{"allow":["GET"]}}],"collection":[{"href":"https:\/\/marktxxl.de\/markt\/wp-json\/wp\/v2\/product"}],"about":[{"href":"https:\/\/marktxxl.de\/markt\/wp-json\/wp\/v2\/types\/product"}],"replies":[{"embeddable":true,"href":"https:\/\/marktxxl.de\/markt\/wp-json\/wp\/v2\/comments?post=181958"}],"wp:featuredmedia":[{"embeddable":true,"href":"https:\/\/marktxxl.de\/markt\/wp-json\/wp\/v2\/media\/181959"}],"wp:attachment":[{"href":"https:\/\/marktxxl.de\/markt\/wp-json\/wp\/v2\/media?parent=181958"}],"wp:term":[{"taxonomy":"product_brand","embeddable":true,"href":"https:\/\/marktxxl.de\/markt\/wp-json\/wp\/v2\/product_brand?post=181958"},{"taxonomy":"product_cat","embeddable":true,"href":"https:\/\/marktxxl.de\/markt\/wp-json\/wp\/v2\/product_cat?post=181958"},{"taxonomy":"product_tag","embeddable":true,"href":"https:\/\/marktxxl.de\/markt\/wp-json\/wp\/v2\/product_tag?post=181958"}],"curies":[{"name":"wp","href":"https:\/\/api.w.org\/{rel}","templated":true}]}}