{"id":181889,"date":"2023-01-10T06:59:19","date_gmt":"2023-01-10T05:59:19","guid":{"rendered":"https:\/\/marktxxl.de\/markt\/produkt\/kesser-gartenfackel-solar-set-solarleuchten-flamme-mit-wandhalterung-erdspiess-licht-sensor-wetterfest-garten-solarleuchte-fackel-lichter-led-gartenlampe-solarlampe-flammenlicht\/"},"modified":"2023-04-11T05:12:26","modified_gmt":"2023-04-11T03:12:26","slug":"kesser-gartenfackel-solar-set-solarleuchten-flamme-mit-wandhalterung-erdspiess-licht-sensor-wetterfest-garten-solarleuchte-fackel-lichter-led-gartenlampe-solarlampe-flammenlicht","status":"publish","type":"product","link":"https:\/\/marktxxl.de\/markt\/produkt\/kesser-gartenfackel-solar-set-solarleuchten-flamme-mit-wandhalterung-erdspiess-licht-sensor-wetterfest-garten-solarleuchte-fackel-lichter-led-gartenlampe-solarlampe-flammenlicht\/","title":{"rendered":"KESSER\u00ae Gartenfackel Solar 2er Set Solarleuchten 33 LEDs Flamme mit Wandhalterung + Erdspie\u00df Licht-Sensor Wetterfest\u2026"},"content":{"rendered":"<p>\ud835\udc05\ud835\udc0b\ud835\udc04\ud835\udc17\ud835\udc08\ud835\udc01\ud835\udc04\ud835\udc0b \ud835\udc14\ud835\udc0d\ud835\udc03 \ud835\udc04\ud835\udc08\ud835\udc0d\ud835\udc05\ud835\udc00\ud835\udc02\ud835\udc07\ud835\udc04 \ud835\udc0c\ud835\udc0e\ud835\udc0d\ud835\udc13\ud835\udc00\ud835\udc06\ud835\udc04: Unsere moderne Solarleuchte ist in viele Haushalten sehr beliebt und bietet eine optimale Lichtquelle. Nicht nur in G\u00e4rten, sondern auch in Ihrem Eingangsbereich, auf Mauern oder an Wegen als Sicherheitsbeleuchtung ist unsere Gartenlaterne ein echter Da unsere Solarleuchte nicht mit einer Stromquelle verbunden werden muss, sind Sie in der Installation sehr mobil und k\u00f6nnen die Lampe \u00fcberall problemlos anbringen.<br \/>\n\ud835\udc12\ud835\udc08\ud835\udc02\ud835\udc07\ud835\udc04\ud835\udc11\ud835\udc07\ud835\udc04\ud835\udc08\ud835\udc13: Mit der hochwertigen Solar-Gartenlampe aus dem Hause KESSER tauchen Sie in Ihren Garten in ein stimmungsvolles Ambiente, da unsere modernen Leuchten wie Fackeln t\u00e4uschend echt flackern. Der zus\u00e4tzlich integrierte IP65 Schutz garantiert einen idealen Schutz vor schlechtem Wetter, Rasensprengern und ist zus\u00e4tzlich sogar staubgesch\u00fctzt, wodurch sich die Gartenfackel neben dem Innenbereich ideal f\u00fcr den Au\u00dfenbereich eignet und besonders langlebig ist.<br \/>\n\ud835\udc15\ud835\udc08\ud835\udc04\ud835\udc0b\ud835\udc12\ud835\udc04\ud835\udc08\ud835\udc13\ud835\udc08\ud835\udc06 \ud835\udc04\ud835\udc08\ud835\udc0d\ud835\udc12\ud835\udc04\ud835\udc13\ud835\udc19\ud835\udc01\ud835\udc00\ud835\udc11: Dank zahlreicher Montagem\u00f6glichkeiten ist die Gartenlampe besonders flexibel im Einsatz und l\u00e4sst sich vielseitig montieren. Die Laterne l\u00e4sst sich an der Wand anbringen, mit den mitgelieferten Erdspie\u00dfen unkompliziert und flexibel in den Boden stecken oder zum Beispiel auf einer Fliese verschrauben. Gestartet wird die realistische E-Fackel \u00fcber den integrierten D\u00e4mmerungssensor oder manuell \u00fcber den Ein-Aus-Schalter.<br \/>\n\ud835\udc08\ud835\udc0d\ud835\udc13\ud835\udc04\ud835\udc0d\ud835\udc12\ud835\udc08\ud835\udc15\ud835\udc04\ud835\udc12 \ud835\udc0b\ud835\udc08\ud835\udc02\ud835\udc07\ud835\udc13 \ud835\udc14\ud835\udc0d\ud835\udc03 \ud835\udc03\u00c4\ud835\udc0c\ud835\udc0c\ud835\udc04\ud835\udc11\ud835\udc14\ud835\udc0d\ud835\udc06\ud835\udc12\ud835\udc12\ud835\udc04\ud835\udc0d\ud835\udc12\ud835\udc0e\ud835\udc11: \u00dcber das herk\u00f6mmliche Sonnenlicht reichen gerade einmal 6-8 Stunden Ladezeit f\u00fcr ein intensives Licht \u00fcber einen Gesamtzeitraum von 10-12 Stunden. Die Beleuchtung schaltet sich dann durch den integrierten D\u00e4mmerungssensor automatisiert ein und sorgt von der D\u00e4mmerung bis zum Morgengrauen f\u00fcr eine angenehme Atmosph\u00e4re. Dadurch sparen Sie viel Geld und sorgen f\u00fcr eine nachhaltige Beleuchtung in Ihrem Zuhause.<br \/>\n\ud835\udc13\u00c4\ud835\udc14\ud835\udc12\ud835\udc02\ud835\udc07\ud835\udc04\ud835\udc0d\ud835\udc03 \ud835\udc04\ud835\udc02\ud835\udc07\ud835\udc13: Mit der Solar-Gartenlampe von KESSER verwandeln Sie Ihren Garten oder Balkon in eine Wohlf\u00fchloase mit einem atmosph\u00e4rischen Licht. Der realistische Flammen-Effekt simuliert ein wohlig warmes Flackern des Lichts. Dadurch ist Ihr Garten ein absolutes Highlight und ein echter Hingucker mit dem Sie Freunde, Familie und Ihre Nachbarn beeindrucken werden. Aber auch versteckte Stolperfallen und sichtbare Kabel sind Geschichte. &#8211; Ideal f\u00fcr jede Feier!<br \/>\n<div class=\"main-cross-sell\" data-asin=\"B0B46RB9C7\">\n\n\t<div class=\"WooZone-cross-sell-loader\">\n\t\t<div>\n\t\t\t<div id=\"floatingBarsG\">\n\t\t\t\t<div class=\"blockG\" id=\"rotateG_01\"><\/div>\n\t\t\t\t<div class=\"blockG\" id=\"rotateG_02\"><\/div>\n\t\t\t\t<div class=\"blockG\" id=\"rotateG_03\"><\/div>\n\t\t\t\t<div class=\"blockG\" id=\"rotateG_04\"><\/div>\n\t\t\t\t<div class=\"blockG\" id=\"rotateG_05\"><\/div>\n\t\t\t\t<div class=\"blockG\" id=\"rotateG_06\"><\/div>\n\t\t\t\t<div class=\"blockG\" id=\"rotateG_07\"><\/div>\n\t\t\t\t<div class=\"blockG\" id=\"rotateG_08\"><\/div>\n\t\t\t<\/div>\n\t\t\t<div class=\"WooZone-cross-sell-loader-text\"><\/div>\n\t\t<\/div>\n\t<\/div>\n\n\t\t\n<\/div>\n<div style=\"clear:both;\"><\/div><\/p>\n","protected":false},"excerpt":{"rendered":"<p>\ud835\udc05\ud835\udc0b\ud835\udc04\ud835\udc17\ud835\udc08\ud835\udc01\ud835\udc04\ud835\udc0b \ud835\udc14\ud835\udc0d\ud835\udc03 \ud835\udc04\ud835\udc08\ud835\udc0d\ud835\udc05\ud835\udc00\ud835\udc02\ud835\udc07\ud835\udc04 \ud835\udc0c\ud835\udc0e\ud835\udc0d\ud835\udc13\ud835\udc00\ud835\udc06\ud835\udc04: Unsere moderne Solarleuchte ist in viele Haushalten sehr beliebt und bietet eine optimale Lichtquelle. Nicht nur in G\u00e4rten, sondern auch in Ihrem Eingangsbereich, auf Mauern oder an Wegen als Sicherheitsbeleuchtung ist unsere Gartenlaterne ein echter Da unsere Solarleuchte nicht mit einer Stromquelle verbunden werden muss, sind Sie in der Installation sehr mobil und k\u00f6nnen die Lampe \u00fcberall problemlos anbringen.<br \/>\n\ud835\udc12\ud835\udc08\ud835\udc02\ud835\udc07\ud835\udc04\ud835\udc11\ud835\udc07\ud835\udc04\ud835\udc08\ud835\udc13: Mit der hochwertigen Solar-Gartenlampe aus dem Hause KESSER tauchen Sie in Ihren Garten in ein stimmungsvolles Ambiente, da unsere modernen Leuchten wie Fackeln t\u00e4uschend echt flackern. Der zus\u00e4tzlich integrierte IP65 Schutz garantiert einen idealen Schutz vor schlechtem Wetter, Rasensprengern und ist zus\u00e4tzlich sogar staubgesch\u00fctzt, wodurch sich die Gartenfackel neben dem Innenbereich ideal f\u00fcr den Au\u00dfenbereich eignet und besonders langlebig ist.<br \/>\n\ud835\udc15\ud835\udc08\ud835\udc04\ud835\udc0b\ud835\udc12\ud835\udc04\ud835\udc08\ud835\udc13\ud835\udc08\ud835\udc06 \ud835\udc04\ud835\udc08\ud835\udc0d\ud835\udc12\ud835\udc04\ud835\udc13\ud835\udc19\ud835\udc01\ud835\udc00\ud835\udc11: Dank zahlreicher Montagem\u00f6glichkeiten ist die Gartenlampe besonders flexibel im Einsatz und l\u00e4sst sich vielseitig montieren. Die Laterne l\u00e4sst sich an der Wand anbringen, mit den mitgelieferten Erdspie\u00dfen unkompliziert und flexibel in den Boden stecken oder zum Beispiel auf einer Fliese verschrauben. Gestartet wird die realistische E-Fackel \u00fcber den integrierten D\u00e4mmerungssensor oder manuell \u00fcber den Ein-Aus-Schalter.<\/p>\n","protected":false},"featured_media":181890,"comment_status":"open","ping_status":"closed","template":"","meta":[],"product_brand":[],"product_cat":[11446,2108],"product_tag":[],"class_list":{"0":"post-181889","1":"product","2":"type-product","3":"status-publish","4":"has-post-thumbnail","6":"product_cat-aussenbeleuchtung","7":"product_cat-beleuchtung","8":"pa_brand-kesser","9":"pa_manufacturer-kesser","11":"first","12":"instock","13":"shipping-taxable","14":"purchasable","15":"product-type-simple","16":"customify-col","17":"product-has-gallery"},"yoast_head":"<!-- This site is optimized with the Yoast SEO plugin v27.4 - https:\/\/yoast.com\/product\/yoast-seo-wordpress\/ -->\n<title>KESSER\u00ae Gartenfackel Solar 2er Set Solarleuchten 33 LEDs Flamme mit Wandhalterung + Erdspie\u00df Licht-Sensor Wetterfest\u2026 - Markt-XXL<\/title>\n<meta name=\"description\" content=\"Markt-XXL KESSER\u00ae Gartenfackel Solar 2er Set Solarleuchten 33 LEDs Flamme mit Wandhalterung + Erdspie\u00df Licht-Sensor Wetterfest\u2026\" \/>\n<meta name=\"robots\" content=\"index, follow, max-snippet:-1, max-image-preview:large, max-video-preview:-1\" \/>\n<link rel=\"canonical\" href=\"https:\/\/marktxxl.de\/markt\/produkt\/kesser-gartenfackel-solar-set-solarleuchten-flamme-mit-wandhalterung-erdspiess-licht-sensor-wetterfest-garten-solarleuchte-fackel-lichter-led-gartenlampe-solarlampe-flammenlicht\/\" \/>\n<meta property=\"og:locale\" content=\"de_DE\" \/>\n<meta property=\"og:type\" content=\"article\" \/>\n<meta property=\"og:title\" content=\"KESSER\u00ae Gartenfackel Solar 2er Set Solarleuchten 33 LEDs Flamme mit Wandhalterung + Erdspie\u00df Licht-Sensor Wetterfest\u2026 - Markt-XXL\" \/>\n<meta property=\"og:description\" content=\"Markt-XXL KESSER\u00ae Gartenfackel Solar 2er Set Solarleuchten 33 LEDs Flamme mit Wandhalterung + Erdspie\u00df Licht-Sensor Wetterfest\u2026\" \/>\n<meta property=\"og:url\" content=\"https:\/\/marktxxl.de\/markt\/produkt\/kesser-gartenfackel-solar-set-solarleuchten-flamme-mit-wandhalterung-erdspiess-licht-sensor-wetterfest-garten-solarleuchte-fackel-lichter-led-gartenlampe-solarlampe-flammenlicht\/\" \/>\n<meta property=\"og:site_name\" content=\"Markt-XXL\" \/>\n<meta property=\"article:modified_time\" content=\"2023-04-11T03:12:26+00:00\" \/>\n<meta property=\"og:image\" content=\"https:\/\/m.media-amazon.com\/images\/I\/51j5m3d7zwL._SL500_.jpg\" \/>\n\t<meta property=\"og:image:width\" content=\"500\" \/>\n\t<meta property=\"og:image:height\" content=\"500\" \/>\n\t<meta property=\"og:image:type\" content=\"image\/jpeg\" \/>\n<meta name=\"twitter:card\" content=\"summary_large_image\" \/>\n<meta name=\"twitter:label1\" content=\"Gesch\u00e4tzte Lesezeit\" \/>\n\t<meta name=\"twitter:data1\" content=\"2\u00a0Minuten\" \/>\n<script type=\"application\/ld+json\" class=\"yoast-schema-graph\">{\"@context\":\"https:\\\/\\\/schema.org\",\"@graph\":[{\"@type\":\"WebPage\",\"@id\":\"https:\\\/\\\/marktxxl.de\\\/markt\\\/produkt\\\/kesser-gartenfackel-solar-set-solarleuchten-flamme-mit-wandhalterung-erdspiess-licht-sensor-wetterfest-garten-solarleuchte-fackel-lichter-led-gartenlampe-solarlampe-flammenlicht\\\/\",\"url\":\"https:\\\/\\\/marktxxl.de\\\/markt\\\/produkt\\\/kesser-gartenfackel-solar-set-solarleuchten-flamme-mit-wandhalterung-erdspiess-licht-sensor-wetterfest-garten-solarleuchte-fackel-lichter-led-gartenlampe-solarlampe-flammenlicht\\\/\",\"name\":\"KESSER\u00ae Gartenfackel Solar 2er Set Solarleuchten 33 LEDs Flamme mit Wandhalterung + Erdspie\u00df Licht-Sensor Wetterfest\u2026 - Markt-XXL\",\"isPartOf\":{\"@id\":\"https:\\\/\\\/marktxxl.de\\\/markt\\\/#website\"},\"primaryImageOfPage\":{\"@id\":\"https:\\\/\\\/marktxxl.de\\\/markt\\\/produkt\\\/kesser-gartenfackel-solar-set-solarleuchten-flamme-mit-wandhalterung-erdspiess-licht-sensor-wetterfest-garten-solarleuchte-fackel-lichter-led-gartenlampe-solarlampe-flammenlicht\\\/#primaryimage\"},\"image\":{\"@id\":\"https:\\\/\\\/marktxxl.de\\\/markt\\\/produkt\\\/kesser-gartenfackel-solar-set-solarleuchten-flamme-mit-wandhalterung-erdspiess-licht-sensor-wetterfest-garten-solarleuchte-fackel-lichter-led-gartenlampe-solarlampe-flammenlicht\\\/#primaryimage\"},\"thumbnailUrl\":\"https:\\\/\\\/m.media-amazon.com\\\/images\\\/I\\\/51j5m3d7zwL._SL500_.jpg\",\"datePublished\":\"2023-01-10T05:59:19+00:00\",\"dateModified\":\"2023-04-11T03:12:26+00:00\",\"description\":\"Markt-XXL KESSER\u00ae Gartenfackel Solar 2er Set Solarleuchten 33 LEDs Flamme mit Wandhalterung + Erdspie\u00df Licht-Sensor Wetterfest\u2026\",\"breadcrumb\":{\"@id\":\"https:\\\/\\\/marktxxl.de\\\/markt\\\/produkt\\\/kesser-gartenfackel-solar-set-solarleuchten-flamme-mit-wandhalterung-erdspiess-licht-sensor-wetterfest-garten-solarleuchte-fackel-lichter-led-gartenlampe-solarlampe-flammenlicht\\\/#breadcrumb\"},\"inLanguage\":\"de\",\"potentialAction\":[{\"@type\":\"ReadAction\",\"target\":[\"https:\\\/\\\/marktxxl.de\\\/markt\\\/produkt\\\/kesser-gartenfackel-solar-set-solarleuchten-flamme-mit-wandhalterung-erdspiess-licht-sensor-wetterfest-garten-solarleuchte-fackel-lichter-led-gartenlampe-solarlampe-flammenlicht\\\/\"]}]},{\"@type\":\"ImageObject\",\"inLanguage\":\"de\",\"@id\":\"https:\\\/\\\/marktxxl.de\\\/markt\\\/produkt\\\/kesser-gartenfackel-solar-set-solarleuchten-flamme-mit-wandhalterung-erdspiess-licht-sensor-wetterfest-garten-solarleuchte-fackel-lichter-led-gartenlampe-solarlampe-flammenlicht\\\/#primaryimage\",\"url\":\"https:\\\/\\\/m.media-amazon.com\\\/images\\\/I\\\/51j5m3d7zwL._SL500_.jpg\",\"contentUrl\":\"https:\\\/\\\/m.media-amazon.com\\\/images\\\/I\\\/51j5m3d7zwL._SL500_.jpg\",\"width\":500,\"height\":500},{\"@type\":\"BreadcrumbList\",\"@id\":\"https:\\\/\\\/marktxxl.de\\\/markt\\\/produkt\\\/kesser-gartenfackel-solar-set-solarleuchten-flamme-mit-wandhalterung-erdspiess-licht-sensor-wetterfest-garten-solarleuchte-fackel-lichter-led-gartenlampe-solarlampe-flammenlicht\\\/#breadcrumb\",\"itemListElement\":[{\"@type\":\"ListItem\",\"position\":1,\"name\":\"Startseite\",\"item\":\"https:\\\/\\\/marktxxl.de\\\/markt\\\/\"},{\"@type\":\"ListItem\",\"position\":2,\"name\":\"Markt\",\"item\":\"https:\\\/\\\/marktxxl.de\\\/markt\\\/\"},{\"@type\":\"ListItem\",\"position\":3,\"name\":\"KESSER\u00ae Gartenfackel Solar 2er Set Solarleuchten 33 LEDs Flamme mit Wandhalterung + Erdspie\u00df Licht-Sensor Wetterfest\u2026\"}]},{\"@type\":\"WebSite\",\"@id\":\"https:\\\/\\\/marktxxl.de\\\/markt\\\/#website\",\"url\":\"https:\\\/\\\/marktxxl.de\\\/markt\\\/\",\"name\":\"Markt-XXL\",\"description\":\"Ihr Markt Online\",\"publisher\":{\"@id\":\"https:\\\/\\\/marktxxl.de\\\/markt\\\/#organization\"},\"potentialAction\":[{\"@type\":\"SearchAction\",\"target\":{\"@type\":\"EntryPoint\",\"urlTemplate\":\"https:\\\/\\\/marktxxl.de\\\/markt\\\/?s={search_term_string}\"},\"query-input\":{\"@type\":\"PropertyValueSpecification\",\"valueRequired\":true,\"valueName\":\"search_term_string\"}}],\"inLanguage\":\"de\"},{\"@type\":\"Organization\",\"@id\":\"https:\\\/\\\/marktxxl.de\\\/markt\\\/#organization\",\"name\":\"Markt-XXL\",\"url\":\"https:\\\/\\\/marktxxl.de\\\/markt\\\/\",\"logo\":{\"@type\":\"ImageObject\",\"inLanguage\":\"de\",\"@id\":\"https:\\\/\\\/marktxxl.de\\\/markt\\\/#\\\/schema\\\/logo\\\/image\\\/\",\"url\":\"https:\\\/\\\/marktxxl.de\\\/markt\\\/wp-content\\\/uploads\\\/sites\\\/3\\\/2020\\\/12\\\/logo.png\",\"contentUrl\":\"https:\\\/\\\/marktxxl.de\\\/markt\\\/wp-content\\\/uploads\\\/sites\\\/3\\\/2020\\\/12\\\/logo.png\",\"width\":200,\"height\":70,\"caption\":\"Markt-XXL\"},\"image\":{\"@id\":\"https:\\\/\\\/marktxxl.de\\\/markt\\\/#\\\/schema\\\/logo\\\/image\\\/\"}}]}<\/script>\n<!-- \/ Yoast SEO plugin. -->","yoast_head_json":{"title":"KESSER\u00ae Gartenfackel Solar 2er Set Solarleuchten 33 LEDs Flamme mit Wandhalterung + Erdspie\u00df Licht-Sensor Wetterfest\u2026 - Markt-XXL","description":"Markt-XXL KESSER\u00ae Gartenfackel Solar 2er Set Solarleuchten 33 LEDs Flamme mit Wandhalterung + Erdspie\u00df Licht-Sensor Wetterfest\u2026","robots":{"index":"index","follow":"follow","max-snippet":"max-snippet:-1","max-image-preview":"max-image-preview:large","max-video-preview":"max-video-preview:-1"},"canonical":"https:\/\/marktxxl.de\/markt\/produkt\/kesser-gartenfackel-solar-set-solarleuchten-flamme-mit-wandhalterung-erdspiess-licht-sensor-wetterfest-garten-solarleuchte-fackel-lichter-led-gartenlampe-solarlampe-flammenlicht\/","og_locale":"de_DE","og_type":"article","og_title":"KESSER\u00ae Gartenfackel Solar 2er Set Solarleuchten 33 LEDs Flamme mit Wandhalterung + Erdspie\u00df Licht-Sensor Wetterfest\u2026 - Markt-XXL","og_description":"Markt-XXL KESSER\u00ae Gartenfackel Solar 2er Set Solarleuchten 33 LEDs Flamme mit Wandhalterung + Erdspie\u00df Licht-Sensor Wetterfest\u2026","og_url":"https:\/\/marktxxl.de\/markt\/produkt\/kesser-gartenfackel-solar-set-solarleuchten-flamme-mit-wandhalterung-erdspiess-licht-sensor-wetterfest-garten-solarleuchte-fackel-lichter-led-gartenlampe-solarlampe-flammenlicht\/","og_site_name":"Markt-XXL","article_modified_time":"2023-04-11T03:12:26+00:00","og_image":[{"width":500,"height":500,"url":"https:\/\/m.media-amazon.com\/images\/I\/51j5m3d7zwL._SL500_.jpg","type":"image\/jpeg"}],"twitter_card":"summary_large_image","twitter_misc":{"Gesch\u00e4tzte Lesezeit":"2\u00a0Minuten"},"schema":{"@context":"https:\/\/schema.org","@graph":[{"@type":"WebPage","@id":"https:\/\/marktxxl.de\/markt\/produkt\/kesser-gartenfackel-solar-set-solarleuchten-flamme-mit-wandhalterung-erdspiess-licht-sensor-wetterfest-garten-solarleuchte-fackel-lichter-led-gartenlampe-solarlampe-flammenlicht\/","url":"https:\/\/marktxxl.de\/markt\/produkt\/kesser-gartenfackel-solar-set-solarleuchten-flamme-mit-wandhalterung-erdspiess-licht-sensor-wetterfest-garten-solarleuchte-fackel-lichter-led-gartenlampe-solarlampe-flammenlicht\/","name":"KESSER\u00ae Gartenfackel Solar 2er Set Solarleuchten 33 LEDs Flamme mit Wandhalterung + Erdspie\u00df Licht-Sensor Wetterfest\u2026 - Markt-XXL","isPartOf":{"@id":"https:\/\/marktxxl.de\/markt\/#website"},"primaryImageOfPage":{"@id":"https:\/\/marktxxl.de\/markt\/produkt\/kesser-gartenfackel-solar-set-solarleuchten-flamme-mit-wandhalterung-erdspiess-licht-sensor-wetterfest-garten-solarleuchte-fackel-lichter-led-gartenlampe-solarlampe-flammenlicht\/#primaryimage"},"image":{"@id":"https:\/\/marktxxl.de\/markt\/produkt\/kesser-gartenfackel-solar-set-solarleuchten-flamme-mit-wandhalterung-erdspiess-licht-sensor-wetterfest-garten-solarleuchte-fackel-lichter-led-gartenlampe-solarlampe-flammenlicht\/#primaryimage"},"thumbnailUrl":"https:\/\/m.media-amazon.com\/images\/I\/51j5m3d7zwL._SL500_.jpg","datePublished":"2023-01-10T05:59:19+00:00","dateModified":"2023-04-11T03:12:26+00:00","description":"Markt-XXL KESSER\u00ae Gartenfackel Solar 2er Set Solarleuchten 33 LEDs Flamme mit Wandhalterung + Erdspie\u00df Licht-Sensor Wetterfest\u2026","breadcrumb":{"@id":"https:\/\/marktxxl.de\/markt\/produkt\/kesser-gartenfackel-solar-set-solarleuchten-flamme-mit-wandhalterung-erdspiess-licht-sensor-wetterfest-garten-solarleuchte-fackel-lichter-led-gartenlampe-solarlampe-flammenlicht\/#breadcrumb"},"inLanguage":"de","potentialAction":[{"@type":"ReadAction","target":["https:\/\/marktxxl.de\/markt\/produkt\/kesser-gartenfackel-solar-set-solarleuchten-flamme-mit-wandhalterung-erdspiess-licht-sensor-wetterfest-garten-solarleuchte-fackel-lichter-led-gartenlampe-solarlampe-flammenlicht\/"]}]},{"@type":"ImageObject","inLanguage":"de","@id":"https:\/\/marktxxl.de\/markt\/produkt\/kesser-gartenfackel-solar-set-solarleuchten-flamme-mit-wandhalterung-erdspiess-licht-sensor-wetterfest-garten-solarleuchte-fackel-lichter-led-gartenlampe-solarlampe-flammenlicht\/#primaryimage","url":"https:\/\/m.media-amazon.com\/images\/I\/51j5m3d7zwL._SL500_.jpg","contentUrl":"https:\/\/m.media-amazon.com\/images\/I\/51j5m3d7zwL._SL500_.jpg","width":500,"height":500},{"@type":"BreadcrumbList","@id":"https:\/\/marktxxl.de\/markt\/produkt\/kesser-gartenfackel-solar-set-solarleuchten-flamme-mit-wandhalterung-erdspiess-licht-sensor-wetterfest-garten-solarleuchte-fackel-lichter-led-gartenlampe-solarlampe-flammenlicht\/#breadcrumb","itemListElement":[{"@type":"ListItem","position":1,"name":"Startseite","item":"https:\/\/marktxxl.de\/markt\/"},{"@type":"ListItem","position":2,"name":"Markt","item":"https:\/\/marktxxl.de\/markt\/"},{"@type":"ListItem","position":3,"name":"KESSER\u00ae Gartenfackel Solar 2er Set Solarleuchten 33 LEDs Flamme mit Wandhalterung + Erdspie\u00df Licht-Sensor Wetterfest\u2026"}]},{"@type":"WebSite","@id":"https:\/\/marktxxl.de\/markt\/#website","url":"https:\/\/marktxxl.de\/markt\/","name":"Markt-XXL","description":"Ihr Markt Online","publisher":{"@id":"https:\/\/marktxxl.de\/markt\/#organization"},"potentialAction":[{"@type":"SearchAction","target":{"@type":"EntryPoint","urlTemplate":"https:\/\/marktxxl.de\/markt\/?s={search_term_string}"},"query-input":{"@type":"PropertyValueSpecification","valueRequired":true,"valueName":"search_term_string"}}],"inLanguage":"de"},{"@type":"Organization","@id":"https:\/\/marktxxl.de\/markt\/#organization","name":"Markt-XXL","url":"https:\/\/marktxxl.de\/markt\/","logo":{"@type":"ImageObject","inLanguage":"de","@id":"https:\/\/marktxxl.de\/markt\/#\/schema\/logo\/image\/","url":"https:\/\/marktxxl.de\/markt\/wp-content\/uploads\/sites\/3\/2020\/12\/logo.png","contentUrl":"https:\/\/marktxxl.de\/markt\/wp-content\/uploads\/sites\/3\/2020\/12\/logo.png","width":200,"height":70,"caption":"Markt-XXL"},"image":{"@id":"https:\/\/marktxxl.de\/markt\/#\/schema\/logo\/image\/"}}]}},"_links":{"self":[{"href":"https:\/\/marktxxl.de\/markt\/wp-json\/wp\/v2\/product\/181889","targetHints":{"allow":["GET"]}}],"collection":[{"href":"https:\/\/marktxxl.de\/markt\/wp-json\/wp\/v2\/product"}],"about":[{"href":"https:\/\/marktxxl.de\/markt\/wp-json\/wp\/v2\/types\/product"}],"replies":[{"embeddable":true,"href":"https:\/\/marktxxl.de\/markt\/wp-json\/wp\/v2\/comments?post=181889"}],"wp:featuredmedia":[{"embeddable":true,"href":"https:\/\/marktxxl.de\/markt\/wp-json\/wp\/v2\/media\/181890"}],"wp:attachment":[{"href":"https:\/\/marktxxl.de\/markt\/wp-json\/wp\/v2\/media?parent=181889"}],"wp:term":[{"taxonomy":"product_brand","embeddable":true,"href":"https:\/\/marktxxl.de\/markt\/wp-json\/wp\/v2\/product_brand?post=181889"},{"taxonomy":"product_cat","embeddable":true,"href":"https:\/\/marktxxl.de\/markt\/wp-json\/wp\/v2\/product_cat?post=181889"},{"taxonomy":"product_tag","embeddable":true,"href":"https:\/\/marktxxl.de\/markt\/wp-json\/wp\/v2\/product_tag?post=181889"}],"curies":[{"name":"wp","href":"https:\/\/api.w.org\/{rel}","templated":true}]}}