{"id":181864,"date":"2023-01-10T06:58:54","date_gmt":"2023-01-10T05:58:54","guid":{"rendered":"https:\/\/marktxxl.de\/markt\/produkt\/nitecore-nu25-stirnlampe-usb-wiederaufladbare-led-360-lumen-rotlicht-kopflampe-160-stunden-laufzeit-wasserdicht\/"},"modified":"2023-04-11T05:12:25","modified_gmt":"2023-04-11T03:12:25","slug":"nitecore-nu25-stirnlampe-usb-wiederaufladbare-led-360-lumen-rotlicht-kopflampe-160-stunden-laufzeit-wasserdicht","status":"publish","type":"product","link":"https:\/\/marktxxl.de\/markt\/produkt\/nitecore-nu25-stirnlampe-usb-wiederaufladbare-led-360-lumen-rotlicht-kopflampe-160-stunden-laufzeit-wasserdicht\/","title":{"rendered":"Nitecore NU25 Stirnlampe &#8211; USB Wiederaufladbare &#8211; LED 360 Lumen &#8211; Rotlicht Kopflampe &#8211; 160 Stunden Laufzeit Wasserdicht"},"content":{"rendered":"<p>\u25ba Super hell Stirnlampe perfekt f\u00fcr joggen, die Nitecore NU25 hat eine maximale helligkeit von 360 Lumen, strahlabstand bis zu 81m und einen Abstrahlwinkel von 100 Grad. Es kommt mit einem sehr n\u00fctzlichen Kippmechanismus von bis zu 60 Grad, so dass Sie es einfach mit nur einer Hand bedienen k\u00f6nnen<br \/>\n\u25ba Die Nitecore NU25 ist eine hochwertige aufladbar USB-Kopflampe mit integriertem batterie und Ladekabel. Diese Nitecore Stirnlampe bietet eine Laufzeit von bis zu 160 Stunden, da sie mit dem mitgelieferten USB-Kabel inklusive aufgeladen werden kann, Daher sind keine zus\u00e4tzlichen Batterien erforderlich<br \/>\n\u25ba Sehr praktisch, die Nitecore NU25 led-stirnlampe es verwendet eine hochwertige leicht mit 4 Helligkeitsstufen sowie 2 zus\u00e4tzlichen Lichtern (High Cree und Rot) und speziellen Modi (SOS und Beacon), sodass Sie bei jedem Wetter eine hervorragende Sicht auf die Nacht haben<br \/>\n\u25ba Die Nitecore NU25 ist eine sehr n\u00fctzliche Stirnleuchte und verf\u00fcgt \u00fcber eine rote zus\u00e4tzliche LED f\u00fcr Nachtsicht und eine LED mit hohem CRI f\u00fcr Aktivit\u00e4ten aus n\u00e4chster N\u00e4he wie Lesen. Eine allround-kopflampe, her k\u00f6nnen auch Kinder sie verwenden oder wenn campen.\u00a0Es hat auch eine Sperrfunktion, um eine versehentliche Aktivierung zu verhindern<br \/>\n\u25ba Nitecore NU25 ist im Vergleich zu anderen Stirnlampen extrem leichtgewichts, nur 28 Gramm ohne Stirnband; 54 gr mit Stirnband. Es ist wasserdicht nach IP66 und verf\u00fcgt \u00fcber ein bequemes und atmungsaktives Stirnband. Es wird bald zu Ihrem Lieblingslicht zum Laufen, wandern, jogging, Angeln oder sogar zum Arbeiten<br \/>\n<div class=\"main-cross-sell\" data-asin=\"B07CMZKL52\">\n\n\t<div class=\"WooZone-cross-sell-loader\">\n\t\t<div>\n\t\t\t<div id=\"floatingBarsG\">\n\t\t\t\t<div class=\"blockG\" id=\"rotateG_01\"><\/div>\n\t\t\t\t<div class=\"blockG\" id=\"rotateG_02\"><\/div>\n\t\t\t\t<div class=\"blockG\" id=\"rotateG_03\"><\/div>\n\t\t\t\t<div class=\"blockG\" id=\"rotateG_04\"><\/div>\n\t\t\t\t<div class=\"blockG\" id=\"rotateG_05\"><\/div>\n\t\t\t\t<div class=\"blockG\" id=\"rotateG_06\"><\/div>\n\t\t\t\t<div class=\"blockG\" id=\"rotateG_07\"><\/div>\n\t\t\t\t<div class=\"blockG\" id=\"rotateG_08\"><\/div>\n\t\t\t<\/div>\n\t\t\t<div class=\"WooZone-cross-sell-loader-text\"><\/div>\n\t\t<\/div>\n\t<\/div>\n\n\t\t\n<\/div>\n<div style=\"clear:both;\"><\/div><\/p>\n","protected":false},"excerpt":{"rendered":"<p>\u25ba Super hell Stirnlampe perfekt f\u00fcr joggen, die Nitecore NU25 hat eine maximale helligkeit von 360 Lumen, strahlabstand bis zu 81m und einen Abstrahlwinkel von 100 Grad. Es kommt mit einem sehr n\u00fctzlichen Kippmechanismus von bis zu 60 Grad, so dass Sie es einfach mit nur einer Hand bedienen k\u00f6nnen<br \/>\n\u25ba Die Nitecore NU25 ist eine hochwertige aufladbar USB-Kopflampe mit integriertem batterie und Ladekabel. Diese Nitecore Stirnlampe bietet eine Laufzeit von bis zu 160 Stunden, da sie mit dem mitgelieferten USB-Kabel inklusive aufgeladen werden kann, Daher sind keine zus\u00e4tzlichen Batterien erforderlich<br \/>\n\u25ba Sehr praktisch, die Nitecore NU25 led-stirnlampe es verwendet eine hochwertige leicht mit 4 Helligkeitsstufen sowie 2 zus\u00e4tzlichen Lichtern (High Cree und Rot) und speziellen Modi (SOS und Beacon), sodass Sie bei jedem Wetter eine hervorragende Sicht auf die Nacht haben<\/p>\n","protected":false},"featured_media":181865,"comment_status":"open","ping_status":"closed","template":"","meta":[],"product_brand":[],"product_cat":[2108],"product_tag":[],"class_list":{"0":"post-181864","1":"product","2":"type-product","3":"status-publish","4":"has-post-thumbnail","6":"product_cat-beleuchtung","7":"pa_binding-haushaltswaren","8":"pa_brand-nitecore","9":"pa_color-rot","10":"pa_manufacturer-nitecore","11":"pa_model-nu25bk","12":"pa_weight-0-06172943336-pfund","14":"first","15":"instock","16":"shipping-taxable","17":"purchasable","18":"product-type-simple","19":"customify-col","20":"product-has-gallery"},"yoast_head":"<!-- This site is optimized with the Yoast SEO plugin v27.4 - https:\/\/yoast.com\/product\/yoast-seo-wordpress\/ -->\n<title>Nitecore NU25 Stirnlampe - USB Wiederaufladbare - LED 360 Lumen - Rotlicht Kopflampe - 160 Stunden Laufzeit Wasserdicht - Markt-XXL<\/title>\n<meta name=\"description\" content=\"Markt-XXL Nitecore NU25 Stirnlampe - USB Wiederaufladbare - LED 360 Lumen - Rotlicht Kopflampe - 160 Stunden Laufzeit Wasserdicht\" \/>\n<meta name=\"robots\" content=\"index, follow, max-snippet:-1, max-image-preview:large, max-video-preview:-1\" \/>\n<link rel=\"canonical\" href=\"https:\/\/marktxxl.de\/markt\/produkt\/nitecore-nu25-stirnlampe-usb-wiederaufladbare-led-360-lumen-rotlicht-kopflampe-160-stunden-laufzeit-wasserdicht\/\" \/>\n<meta property=\"og:locale\" content=\"de_DE\" \/>\n<meta property=\"og:type\" content=\"article\" \/>\n<meta property=\"og:title\" content=\"Nitecore NU25 Stirnlampe - USB Wiederaufladbare - LED 360 Lumen - Rotlicht Kopflampe - 160 Stunden Laufzeit Wasserdicht - Markt-XXL\" \/>\n<meta property=\"og:description\" content=\"Markt-XXL Nitecore NU25 Stirnlampe - USB Wiederaufladbare - LED 360 Lumen - Rotlicht Kopflampe - 160 Stunden Laufzeit Wasserdicht\" \/>\n<meta property=\"og:url\" content=\"https:\/\/marktxxl.de\/markt\/produkt\/nitecore-nu25-stirnlampe-usb-wiederaufladbare-led-360-lumen-rotlicht-kopflampe-160-stunden-laufzeit-wasserdicht\/\" \/>\n<meta property=\"og:site_name\" content=\"Markt-XXL\" \/>\n<meta property=\"article:modified_time\" content=\"2023-04-11T03:12:25+00:00\" \/>\n<meta property=\"og:image\" content=\"https:\/\/m.media-amazon.com\/images\/I\/41h1jePA+2L._SL500_.jpg\" \/>\n\t<meta property=\"og:image:width\" content=\"500\" \/>\n\t<meta property=\"og:image:height\" content=\"500\" \/>\n\t<meta property=\"og:image:type\" content=\"image\/jpeg\" \/>\n<meta name=\"twitter:card\" content=\"summary_large_image\" \/>\n<meta name=\"twitter:label1\" content=\"Gesch\u00e4tzte Lesezeit\" \/>\n\t<meta name=\"twitter:data1\" content=\"1\u00a0Minute\" \/>\n<script type=\"application\/ld+json\" class=\"yoast-schema-graph\">{\"@context\":\"https:\\\/\\\/schema.org\",\"@graph\":[{\"@type\":\"WebPage\",\"@id\":\"https:\\\/\\\/marktxxl.de\\\/markt\\\/produkt\\\/nitecore-nu25-stirnlampe-usb-wiederaufladbare-led-360-lumen-rotlicht-kopflampe-160-stunden-laufzeit-wasserdicht\\\/\",\"url\":\"https:\\\/\\\/marktxxl.de\\\/markt\\\/produkt\\\/nitecore-nu25-stirnlampe-usb-wiederaufladbare-led-360-lumen-rotlicht-kopflampe-160-stunden-laufzeit-wasserdicht\\\/\",\"name\":\"Nitecore NU25 Stirnlampe - USB Wiederaufladbare - LED 360 Lumen - Rotlicht Kopflampe - 160 Stunden Laufzeit Wasserdicht - Markt-XXL\",\"isPartOf\":{\"@id\":\"https:\\\/\\\/marktxxl.de\\\/markt\\\/#website\"},\"primaryImageOfPage\":{\"@id\":\"https:\\\/\\\/marktxxl.de\\\/markt\\\/produkt\\\/nitecore-nu25-stirnlampe-usb-wiederaufladbare-led-360-lumen-rotlicht-kopflampe-160-stunden-laufzeit-wasserdicht\\\/#primaryimage\"},\"image\":{\"@id\":\"https:\\\/\\\/marktxxl.de\\\/markt\\\/produkt\\\/nitecore-nu25-stirnlampe-usb-wiederaufladbare-led-360-lumen-rotlicht-kopflampe-160-stunden-laufzeit-wasserdicht\\\/#primaryimage\"},\"thumbnailUrl\":\"https:\\\/\\\/m.media-amazon.com\\\/images\\\/I\\\/41h1jePA+2L._SL500_.jpg\",\"datePublished\":\"2023-01-10T05:58:54+00:00\",\"dateModified\":\"2023-04-11T03:12:25+00:00\",\"description\":\"Markt-XXL Nitecore NU25 Stirnlampe - USB Wiederaufladbare - LED 360 Lumen - Rotlicht Kopflampe - 160 Stunden Laufzeit Wasserdicht\",\"breadcrumb\":{\"@id\":\"https:\\\/\\\/marktxxl.de\\\/markt\\\/produkt\\\/nitecore-nu25-stirnlampe-usb-wiederaufladbare-led-360-lumen-rotlicht-kopflampe-160-stunden-laufzeit-wasserdicht\\\/#breadcrumb\"},\"inLanguage\":\"de\",\"potentialAction\":[{\"@type\":\"ReadAction\",\"target\":[\"https:\\\/\\\/marktxxl.de\\\/markt\\\/produkt\\\/nitecore-nu25-stirnlampe-usb-wiederaufladbare-led-360-lumen-rotlicht-kopflampe-160-stunden-laufzeit-wasserdicht\\\/\"]}]},{\"@type\":\"ImageObject\",\"inLanguage\":\"de\",\"@id\":\"https:\\\/\\\/marktxxl.de\\\/markt\\\/produkt\\\/nitecore-nu25-stirnlampe-usb-wiederaufladbare-led-360-lumen-rotlicht-kopflampe-160-stunden-laufzeit-wasserdicht\\\/#primaryimage\",\"url\":\"https:\\\/\\\/m.media-amazon.com\\\/images\\\/I\\\/41h1jePA+2L._SL500_.jpg\",\"contentUrl\":\"https:\\\/\\\/m.media-amazon.com\\\/images\\\/I\\\/41h1jePA+2L._SL500_.jpg\",\"width\":500,\"height\":500},{\"@type\":\"BreadcrumbList\",\"@id\":\"https:\\\/\\\/marktxxl.de\\\/markt\\\/produkt\\\/nitecore-nu25-stirnlampe-usb-wiederaufladbare-led-360-lumen-rotlicht-kopflampe-160-stunden-laufzeit-wasserdicht\\\/#breadcrumb\",\"itemListElement\":[{\"@type\":\"ListItem\",\"position\":1,\"name\":\"Startseite\",\"item\":\"https:\\\/\\\/marktxxl.de\\\/markt\\\/\"},{\"@type\":\"ListItem\",\"position\":2,\"name\":\"Markt\",\"item\":\"https:\\\/\\\/marktxxl.de\\\/markt\\\/\"},{\"@type\":\"ListItem\",\"position\":3,\"name\":\"Nitecore NU25 Stirnlampe &#8211; USB Wiederaufladbare &#8211; LED 360 Lumen &#8211; Rotlicht Kopflampe &#8211; 160 Stunden Laufzeit Wasserdicht\"}]},{\"@type\":\"WebSite\",\"@id\":\"https:\\\/\\\/marktxxl.de\\\/markt\\\/#website\",\"url\":\"https:\\\/\\\/marktxxl.de\\\/markt\\\/\",\"name\":\"Markt-XXL\",\"description\":\"Ihr Markt Online\",\"publisher\":{\"@id\":\"https:\\\/\\\/marktxxl.de\\\/markt\\\/#organization\"},\"potentialAction\":[{\"@type\":\"SearchAction\",\"target\":{\"@type\":\"EntryPoint\",\"urlTemplate\":\"https:\\\/\\\/marktxxl.de\\\/markt\\\/?s={search_term_string}\"},\"query-input\":{\"@type\":\"PropertyValueSpecification\",\"valueRequired\":true,\"valueName\":\"search_term_string\"}}],\"inLanguage\":\"de\"},{\"@type\":\"Organization\",\"@id\":\"https:\\\/\\\/marktxxl.de\\\/markt\\\/#organization\",\"name\":\"Markt-XXL\",\"url\":\"https:\\\/\\\/marktxxl.de\\\/markt\\\/\",\"logo\":{\"@type\":\"ImageObject\",\"inLanguage\":\"de\",\"@id\":\"https:\\\/\\\/marktxxl.de\\\/markt\\\/#\\\/schema\\\/logo\\\/image\\\/\",\"url\":\"https:\\\/\\\/marktxxl.de\\\/markt\\\/wp-content\\\/uploads\\\/sites\\\/3\\\/2020\\\/12\\\/logo.png\",\"contentUrl\":\"https:\\\/\\\/marktxxl.de\\\/markt\\\/wp-content\\\/uploads\\\/sites\\\/3\\\/2020\\\/12\\\/logo.png\",\"width\":200,\"height\":70,\"caption\":\"Markt-XXL\"},\"image\":{\"@id\":\"https:\\\/\\\/marktxxl.de\\\/markt\\\/#\\\/schema\\\/logo\\\/image\\\/\"}}]}<\/script>\n<!-- \/ Yoast SEO plugin. -->","yoast_head_json":{"title":"Nitecore NU25 Stirnlampe - USB Wiederaufladbare - LED 360 Lumen - Rotlicht Kopflampe - 160 Stunden Laufzeit Wasserdicht - Markt-XXL","description":"Markt-XXL Nitecore NU25 Stirnlampe - USB Wiederaufladbare - LED 360 Lumen - Rotlicht Kopflampe - 160 Stunden Laufzeit Wasserdicht","robots":{"index":"index","follow":"follow","max-snippet":"max-snippet:-1","max-image-preview":"max-image-preview:large","max-video-preview":"max-video-preview:-1"},"canonical":"https:\/\/marktxxl.de\/markt\/produkt\/nitecore-nu25-stirnlampe-usb-wiederaufladbare-led-360-lumen-rotlicht-kopflampe-160-stunden-laufzeit-wasserdicht\/","og_locale":"de_DE","og_type":"article","og_title":"Nitecore NU25 Stirnlampe - USB Wiederaufladbare - LED 360 Lumen - Rotlicht Kopflampe - 160 Stunden Laufzeit Wasserdicht - Markt-XXL","og_description":"Markt-XXL Nitecore NU25 Stirnlampe - USB Wiederaufladbare - LED 360 Lumen - Rotlicht Kopflampe - 160 Stunden Laufzeit Wasserdicht","og_url":"https:\/\/marktxxl.de\/markt\/produkt\/nitecore-nu25-stirnlampe-usb-wiederaufladbare-led-360-lumen-rotlicht-kopflampe-160-stunden-laufzeit-wasserdicht\/","og_site_name":"Markt-XXL","article_modified_time":"2023-04-11T03:12:25+00:00","og_image":[{"width":500,"height":500,"url":"https:\/\/m.media-amazon.com\/images\/I\/41h1jePA+2L._SL500_.jpg","type":"image\/jpeg"}],"twitter_card":"summary_large_image","twitter_misc":{"Gesch\u00e4tzte Lesezeit":"1\u00a0Minute"},"schema":{"@context":"https:\/\/schema.org","@graph":[{"@type":"WebPage","@id":"https:\/\/marktxxl.de\/markt\/produkt\/nitecore-nu25-stirnlampe-usb-wiederaufladbare-led-360-lumen-rotlicht-kopflampe-160-stunden-laufzeit-wasserdicht\/","url":"https:\/\/marktxxl.de\/markt\/produkt\/nitecore-nu25-stirnlampe-usb-wiederaufladbare-led-360-lumen-rotlicht-kopflampe-160-stunden-laufzeit-wasserdicht\/","name":"Nitecore NU25 Stirnlampe - USB Wiederaufladbare - LED 360 Lumen - Rotlicht Kopflampe - 160 Stunden Laufzeit Wasserdicht - Markt-XXL","isPartOf":{"@id":"https:\/\/marktxxl.de\/markt\/#website"},"primaryImageOfPage":{"@id":"https:\/\/marktxxl.de\/markt\/produkt\/nitecore-nu25-stirnlampe-usb-wiederaufladbare-led-360-lumen-rotlicht-kopflampe-160-stunden-laufzeit-wasserdicht\/#primaryimage"},"image":{"@id":"https:\/\/marktxxl.de\/markt\/produkt\/nitecore-nu25-stirnlampe-usb-wiederaufladbare-led-360-lumen-rotlicht-kopflampe-160-stunden-laufzeit-wasserdicht\/#primaryimage"},"thumbnailUrl":"https:\/\/m.media-amazon.com\/images\/I\/41h1jePA+2L._SL500_.jpg","datePublished":"2023-01-10T05:58:54+00:00","dateModified":"2023-04-11T03:12:25+00:00","description":"Markt-XXL Nitecore NU25 Stirnlampe - USB Wiederaufladbare - LED 360 Lumen - Rotlicht Kopflampe - 160 Stunden Laufzeit Wasserdicht","breadcrumb":{"@id":"https:\/\/marktxxl.de\/markt\/produkt\/nitecore-nu25-stirnlampe-usb-wiederaufladbare-led-360-lumen-rotlicht-kopflampe-160-stunden-laufzeit-wasserdicht\/#breadcrumb"},"inLanguage":"de","potentialAction":[{"@type":"ReadAction","target":["https:\/\/marktxxl.de\/markt\/produkt\/nitecore-nu25-stirnlampe-usb-wiederaufladbare-led-360-lumen-rotlicht-kopflampe-160-stunden-laufzeit-wasserdicht\/"]}]},{"@type":"ImageObject","inLanguage":"de","@id":"https:\/\/marktxxl.de\/markt\/produkt\/nitecore-nu25-stirnlampe-usb-wiederaufladbare-led-360-lumen-rotlicht-kopflampe-160-stunden-laufzeit-wasserdicht\/#primaryimage","url":"https:\/\/m.media-amazon.com\/images\/I\/41h1jePA+2L._SL500_.jpg","contentUrl":"https:\/\/m.media-amazon.com\/images\/I\/41h1jePA+2L._SL500_.jpg","width":500,"height":500},{"@type":"BreadcrumbList","@id":"https:\/\/marktxxl.de\/markt\/produkt\/nitecore-nu25-stirnlampe-usb-wiederaufladbare-led-360-lumen-rotlicht-kopflampe-160-stunden-laufzeit-wasserdicht\/#breadcrumb","itemListElement":[{"@type":"ListItem","position":1,"name":"Startseite","item":"https:\/\/marktxxl.de\/markt\/"},{"@type":"ListItem","position":2,"name":"Markt","item":"https:\/\/marktxxl.de\/markt\/"},{"@type":"ListItem","position":3,"name":"Nitecore NU25 Stirnlampe &#8211; USB Wiederaufladbare &#8211; LED 360 Lumen &#8211; Rotlicht Kopflampe &#8211; 160 Stunden Laufzeit Wasserdicht"}]},{"@type":"WebSite","@id":"https:\/\/marktxxl.de\/markt\/#website","url":"https:\/\/marktxxl.de\/markt\/","name":"Markt-XXL","description":"Ihr Markt Online","publisher":{"@id":"https:\/\/marktxxl.de\/markt\/#organization"},"potentialAction":[{"@type":"SearchAction","target":{"@type":"EntryPoint","urlTemplate":"https:\/\/marktxxl.de\/markt\/?s={search_term_string}"},"query-input":{"@type":"PropertyValueSpecification","valueRequired":true,"valueName":"search_term_string"}}],"inLanguage":"de"},{"@type":"Organization","@id":"https:\/\/marktxxl.de\/markt\/#organization","name":"Markt-XXL","url":"https:\/\/marktxxl.de\/markt\/","logo":{"@type":"ImageObject","inLanguage":"de","@id":"https:\/\/marktxxl.de\/markt\/#\/schema\/logo\/image\/","url":"https:\/\/marktxxl.de\/markt\/wp-content\/uploads\/sites\/3\/2020\/12\/logo.png","contentUrl":"https:\/\/marktxxl.de\/markt\/wp-content\/uploads\/sites\/3\/2020\/12\/logo.png","width":200,"height":70,"caption":"Markt-XXL"},"image":{"@id":"https:\/\/marktxxl.de\/markt\/#\/schema\/logo\/image\/"}}]}},"_links":{"self":[{"href":"https:\/\/marktxxl.de\/markt\/wp-json\/wp\/v2\/product\/181864","targetHints":{"allow":["GET"]}}],"collection":[{"href":"https:\/\/marktxxl.de\/markt\/wp-json\/wp\/v2\/product"}],"about":[{"href":"https:\/\/marktxxl.de\/markt\/wp-json\/wp\/v2\/types\/product"}],"replies":[{"embeddable":true,"href":"https:\/\/marktxxl.de\/markt\/wp-json\/wp\/v2\/comments?post=181864"}],"wp:featuredmedia":[{"embeddable":true,"href":"https:\/\/marktxxl.de\/markt\/wp-json\/wp\/v2\/media\/181865"}],"wp:attachment":[{"href":"https:\/\/marktxxl.de\/markt\/wp-json\/wp\/v2\/media?parent=181864"}],"wp:term":[{"taxonomy":"product_brand","embeddable":true,"href":"https:\/\/marktxxl.de\/markt\/wp-json\/wp\/v2\/product_brand?post=181864"},{"taxonomy":"product_cat","embeddable":true,"href":"https:\/\/marktxxl.de\/markt\/wp-json\/wp\/v2\/product_cat?post=181864"},{"taxonomy":"product_tag","embeddable":true,"href":"https:\/\/marktxxl.de\/markt\/wp-json\/wp\/v2\/product_tag?post=181864"}],"curies":[{"name":"wp","href":"https:\/\/api.w.org\/{rel}","templated":true}]}}