{"id":181772,"date":"2023-01-10T06:32:21","date_gmt":"2023-01-10T05:32:21","guid":{"rendered":"https:\/\/marktxxl.de\/markt\/produkt\/morgenstern-badeponcho-kinder-i-baby-i-maedchen-i-jungen-i-frottee-i-kapuze-i-100-baumwolle\/"},"modified":"2023-04-11T05:12:23","modified_gmt":"2023-04-11T03:12:23","slug":"morgenstern-badeponcho-kinder-i-baby-i-maedchen-i-jungen-i-frottee-i-kapuze-i-100-baumwolle","status":"publish","type":"product","link":"https:\/\/marktxxl.de\/markt\/produkt\/morgenstern-badeponcho-kinder-i-baby-i-maedchen-i-jungen-i-frottee-i-kapuze-i-100-baumwolle\/","title":{"rendered":"Morgenstern Badeponcho Kinder I Baby I M\u00e4dchen I Jungen I Frottee I Kapuze I 100% Baumwolle"},"content":{"rendered":"<p>BADEPONCHO 1-3 JAHRE &#8211; Frottee Poncho f\u00fcr Kinder mit einer Einheitsgr\u00f6\u00dfe f\u00fcr Kleinkinder von 1 &#8211; 3 Jahren. Leichtes Anziehen. Ideal f\u00fcrs Baden und am Strand.<br \/>\n100 % BAUMOLLE FROTTIER &#8211; Der Frottee Kinder Badeponcho nimmt gut Wasser auf und ist nat\u00fcrlich weich. Saustarkes Baumwoll-Frottee innen und au\u00dfen.<br \/>\nKAPUZE &#8211; Der Strandponcho aus Frottee hat eine Kapuze mit niedlichen Ohren. Damit der Hals und die Brust sch\u00f6n warm bleiben, kann der Kapuzen Badeponcho am Kragen mit einem Knopf geschlossen werden.<br \/>\nTIERMOTIV UND PFLEGELEICHT &#8211; Gro\u00dfes Stickereimotiv auf der Vorderseite. Der Poncho kann in der Waschmaschine gewaschen und im Trockner bei niedriger W\u00e4rme getrocknet werden. Bitte benutzen Sie keinen Weichsp\u00fcler, da dieser die Wasseraufnahme beeintr\u00e4chtigen kann. Ebenfalls sollte keine Bleiche verwendet werden.<br \/>\nTEXTILES VERTRAUEN &#8211; Der Badeponcho f\u00fcr Kinder wurde nach dem Standard 100 by OEKO-TEX auf Schadstoffe gepr\u00fcft.<br \/>\n<div class=\"main-cross-sell\" data-asin=\"B0915KLVHM\">\n\n\t<div class=\"WooZone-cross-sell-loader\">\n\t\t<div>\n\t\t\t<div id=\"floatingBarsG\">\n\t\t\t\t<div class=\"blockG\" id=\"rotateG_01\"><\/div>\n\t\t\t\t<div class=\"blockG\" id=\"rotateG_02\"><\/div>\n\t\t\t\t<div class=\"blockG\" id=\"rotateG_03\"><\/div>\n\t\t\t\t<div class=\"blockG\" id=\"rotateG_04\"><\/div>\n\t\t\t\t<div class=\"blockG\" id=\"rotateG_05\"><\/div>\n\t\t\t\t<div class=\"blockG\" id=\"rotateG_06\"><\/div>\n\t\t\t\t<div class=\"blockG\" id=\"rotateG_07\"><\/div>\n\t\t\t\t<div class=\"blockG\" id=\"rotateG_08\"><\/div>\n\t\t\t<\/div>\n\t\t\t<div class=\"WooZone-cross-sell-loader-text\"><\/div>\n\t\t<\/div>\n\t<\/div>\n\n\t\t\n<\/div>\n<div style=\"clear:both;\"><\/div><\/p>\n","protected":false},"excerpt":{"rendered":"<p>BADEPONCHO 1-3 JAHRE &#8211; Frottee Poncho f\u00fcr Kinder mit einer Einheitsgr\u00f6\u00dfe f\u00fcr Kleinkinder von 1 &#8211; 3 Jahren. Leichtes Anziehen. Ideal f\u00fcrs Baden und am Strand.<br \/>\n100 % BAUMOLLE FROTTIER &#8211; Der Frottee Kinder Badeponcho nimmt gut Wasser auf und ist nat\u00fcrlich weich. Saustarkes Baumwoll-Frottee innen und au\u00dfen.<br \/>\nKAPUZE &#8211; Der Strandponcho aus Frottee hat eine Kapuze mit niedlichen Ohren. Damit der Hals und die Brust sch\u00f6n warm bleiben, kann der Kapuzen Badeponcho am Kragen mit einem Knopf geschlossen werden.<\/p>\n","protected":false},"featured_media":181773,"comment_status":"open","ping_status":"closed","template":"","meta":[],"product_brand":[],"product_cat":[1186,4034],"product_tag":[],"class_list":{"0":"post-181772","1":"product","2":"type-product","3":"status-publish","4":"has-post-thumbnail","6":"product_cat-bekleidung","7":"product_cat-jungen","8":"pa_brand-morgenstern","9":"pa_manufacturer-morgenstern","11":"first","12":"instock","13":"shipping-taxable","14":"purchasable","15":"product-type-simple","16":"customify-col","17":"product-has-gallery"},"yoast_head":"<!-- This site is optimized with the Yoast SEO plugin v27.4 - https:\/\/yoast.com\/product\/yoast-seo-wordpress\/ -->\n<title>Morgenstern Badeponcho Kinder I Baby I M\u00e4dchen I Jungen I Frottee I Kapuze I 100% Baumwolle - Markt-XXL<\/title>\n<meta name=\"description\" content=\"Markt-XXL Morgenstern Badeponcho Kinder I Baby I M\u00e4dchen I Jungen I Frottee I Kapuze I 100% Baumwolle\" \/>\n<meta name=\"robots\" content=\"index, follow, max-snippet:-1, max-image-preview:large, max-video-preview:-1\" \/>\n<link rel=\"canonical\" href=\"https:\/\/marktxxl.de\/markt\/produkt\/morgenstern-badeponcho-kinder-i-baby-i-maedchen-i-jungen-i-frottee-i-kapuze-i-100-baumwolle\/\" \/>\n<meta property=\"og:locale\" content=\"de_DE\" \/>\n<meta property=\"og:type\" content=\"article\" \/>\n<meta property=\"og:title\" content=\"Morgenstern Badeponcho Kinder I Baby I M\u00e4dchen I Jungen I Frottee I Kapuze I 100% Baumwolle - Markt-XXL\" \/>\n<meta property=\"og:description\" content=\"Markt-XXL Morgenstern Badeponcho Kinder I Baby I M\u00e4dchen I Jungen I Frottee I Kapuze I 100% Baumwolle\" \/>\n<meta property=\"og:url\" content=\"https:\/\/marktxxl.de\/markt\/produkt\/morgenstern-badeponcho-kinder-i-baby-i-maedchen-i-jungen-i-frottee-i-kapuze-i-100-baumwolle\/\" \/>\n<meta property=\"og:site_name\" content=\"Markt-XXL\" \/>\n<meta property=\"article:modified_time\" content=\"2023-04-11T03:12:23+00:00\" \/>\n<meta property=\"og:image\" content=\"https:\/\/m.media-amazon.com\/images\/I\/41X+YKlTgcL._SL500_.jpg\" \/>\n\t<meta property=\"og:image:width\" content=\"355\" \/>\n\t<meta property=\"og:image:height\" content=\"500\" \/>\n\t<meta property=\"og:image:type\" content=\"image\/jpeg\" \/>\n<meta name=\"twitter:card\" content=\"summary_large_image\" \/>\n<meta name=\"twitter:label1\" content=\"Gesch\u00e4tzte Lesezeit\" \/>\n\t<meta name=\"twitter:data1\" content=\"1\u00a0Minute\" \/>\n<script type=\"application\/ld+json\" class=\"yoast-schema-graph\">{\"@context\":\"https:\\\/\\\/schema.org\",\"@graph\":[{\"@type\":\"WebPage\",\"@id\":\"https:\\\/\\\/marktxxl.de\\\/markt\\\/produkt\\\/morgenstern-badeponcho-kinder-i-baby-i-maedchen-i-jungen-i-frottee-i-kapuze-i-100-baumwolle\\\/\",\"url\":\"https:\\\/\\\/marktxxl.de\\\/markt\\\/produkt\\\/morgenstern-badeponcho-kinder-i-baby-i-maedchen-i-jungen-i-frottee-i-kapuze-i-100-baumwolle\\\/\",\"name\":\"Morgenstern Badeponcho Kinder I Baby I M\u00e4dchen I Jungen I Frottee I Kapuze I 100% Baumwolle - Markt-XXL\",\"isPartOf\":{\"@id\":\"https:\\\/\\\/marktxxl.de\\\/markt\\\/#website\"},\"primaryImageOfPage\":{\"@id\":\"https:\\\/\\\/marktxxl.de\\\/markt\\\/produkt\\\/morgenstern-badeponcho-kinder-i-baby-i-maedchen-i-jungen-i-frottee-i-kapuze-i-100-baumwolle\\\/#primaryimage\"},\"image\":{\"@id\":\"https:\\\/\\\/marktxxl.de\\\/markt\\\/produkt\\\/morgenstern-badeponcho-kinder-i-baby-i-maedchen-i-jungen-i-frottee-i-kapuze-i-100-baumwolle\\\/#primaryimage\"},\"thumbnailUrl\":\"https:\\\/\\\/m.media-amazon.com\\\/images\\\/I\\\/41X+YKlTgcL._SL500_.jpg\",\"datePublished\":\"2023-01-10T05:32:21+00:00\",\"dateModified\":\"2023-04-11T03:12:23+00:00\",\"description\":\"Markt-XXL Morgenstern Badeponcho Kinder I Baby I M\u00e4dchen I Jungen I Frottee I Kapuze I 100% Baumwolle\",\"breadcrumb\":{\"@id\":\"https:\\\/\\\/marktxxl.de\\\/markt\\\/produkt\\\/morgenstern-badeponcho-kinder-i-baby-i-maedchen-i-jungen-i-frottee-i-kapuze-i-100-baumwolle\\\/#breadcrumb\"},\"inLanguage\":\"de\",\"potentialAction\":[{\"@type\":\"ReadAction\",\"target\":[\"https:\\\/\\\/marktxxl.de\\\/markt\\\/produkt\\\/morgenstern-badeponcho-kinder-i-baby-i-maedchen-i-jungen-i-frottee-i-kapuze-i-100-baumwolle\\\/\"]}]},{\"@type\":\"ImageObject\",\"inLanguage\":\"de\",\"@id\":\"https:\\\/\\\/marktxxl.de\\\/markt\\\/produkt\\\/morgenstern-badeponcho-kinder-i-baby-i-maedchen-i-jungen-i-frottee-i-kapuze-i-100-baumwolle\\\/#primaryimage\",\"url\":\"https:\\\/\\\/m.media-amazon.com\\\/images\\\/I\\\/41X+YKlTgcL._SL500_.jpg\",\"contentUrl\":\"https:\\\/\\\/m.media-amazon.com\\\/images\\\/I\\\/41X+YKlTgcL._SL500_.jpg\",\"width\":355,\"height\":500},{\"@type\":\"BreadcrumbList\",\"@id\":\"https:\\\/\\\/marktxxl.de\\\/markt\\\/produkt\\\/morgenstern-badeponcho-kinder-i-baby-i-maedchen-i-jungen-i-frottee-i-kapuze-i-100-baumwolle\\\/#breadcrumb\",\"itemListElement\":[{\"@type\":\"ListItem\",\"position\":1,\"name\":\"Startseite\",\"item\":\"https:\\\/\\\/marktxxl.de\\\/markt\\\/\"},{\"@type\":\"ListItem\",\"position\":2,\"name\":\"Markt\",\"item\":\"https:\\\/\\\/marktxxl.de\\\/markt\\\/\"},{\"@type\":\"ListItem\",\"position\":3,\"name\":\"Morgenstern Badeponcho Kinder I Baby I M\u00e4dchen I Jungen I Frottee I Kapuze I 100% Baumwolle\"}]},{\"@type\":\"WebSite\",\"@id\":\"https:\\\/\\\/marktxxl.de\\\/markt\\\/#website\",\"url\":\"https:\\\/\\\/marktxxl.de\\\/markt\\\/\",\"name\":\"Markt-XXL\",\"description\":\"Ihr Markt Online\",\"publisher\":{\"@id\":\"https:\\\/\\\/marktxxl.de\\\/markt\\\/#organization\"},\"potentialAction\":[{\"@type\":\"SearchAction\",\"target\":{\"@type\":\"EntryPoint\",\"urlTemplate\":\"https:\\\/\\\/marktxxl.de\\\/markt\\\/?s={search_term_string}\"},\"query-input\":{\"@type\":\"PropertyValueSpecification\",\"valueRequired\":true,\"valueName\":\"search_term_string\"}}],\"inLanguage\":\"de\"},{\"@type\":\"Organization\",\"@id\":\"https:\\\/\\\/marktxxl.de\\\/markt\\\/#organization\",\"name\":\"Markt-XXL\",\"url\":\"https:\\\/\\\/marktxxl.de\\\/markt\\\/\",\"logo\":{\"@type\":\"ImageObject\",\"inLanguage\":\"de\",\"@id\":\"https:\\\/\\\/marktxxl.de\\\/markt\\\/#\\\/schema\\\/logo\\\/image\\\/\",\"url\":\"https:\\\/\\\/marktxxl.de\\\/markt\\\/wp-content\\\/uploads\\\/sites\\\/3\\\/2020\\\/12\\\/logo.png\",\"contentUrl\":\"https:\\\/\\\/marktxxl.de\\\/markt\\\/wp-content\\\/uploads\\\/sites\\\/3\\\/2020\\\/12\\\/logo.png\",\"width\":200,\"height\":70,\"caption\":\"Markt-XXL\"},\"image\":{\"@id\":\"https:\\\/\\\/marktxxl.de\\\/markt\\\/#\\\/schema\\\/logo\\\/image\\\/\"}}]}<\/script>\n<!-- \/ Yoast SEO plugin. -->","yoast_head_json":{"title":"Morgenstern Badeponcho Kinder I Baby I M\u00e4dchen I Jungen I Frottee I Kapuze I 100% Baumwolle - Markt-XXL","description":"Markt-XXL Morgenstern Badeponcho Kinder I Baby I M\u00e4dchen I Jungen I Frottee I Kapuze I 100% Baumwolle","robots":{"index":"index","follow":"follow","max-snippet":"max-snippet:-1","max-image-preview":"max-image-preview:large","max-video-preview":"max-video-preview:-1"},"canonical":"https:\/\/marktxxl.de\/markt\/produkt\/morgenstern-badeponcho-kinder-i-baby-i-maedchen-i-jungen-i-frottee-i-kapuze-i-100-baumwolle\/","og_locale":"de_DE","og_type":"article","og_title":"Morgenstern Badeponcho Kinder I Baby I M\u00e4dchen I Jungen I Frottee I Kapuze I 100% Baumwolle - Markt-XXL","og_description":"Markt-XXL Morgenstern Badeponcho Kinder I Baby I M\u00e4dchen I Jungen I Frottee I Kapuze I 100% Baumwolle","og_url":"https:\/\/marktxxl.de\/markt\/produkt\/morgenstern-badeponcho-kinder-i-baby-i-maedchen-i-jungen-i-frottee-i-kapuze-i-100-baumwolle\/","og_site_name":"Markt-XXL","article_modified_time":"2023-04-11T03:12:23+00:00","og_image":[{"width":355,"height":500,"url":"https:\/\/m.media-amazon.com\/images\/I\/41X+YKlTgcL._SL500_.jpg","type":"image\/jpeg"}],"twitter_card":"summary_large_image","twitter_misc":{"Gesch\u00e4tzte Lesezeit":"1\u00a0Minute"},"schema":{"@context":"https:\/\/schema.org","@graph":[{"@type":"WebPage","@id":"https:\/\/marktxxl.de\/markt\/produkt\/morgenstern-badeponcho-kinder-i-baby-i-maedchen-i-jungen-i-frottee-i-kapuze-i-100-baumwolle\/","url":"https:\/\/marktxxl.de\/markt\/produkt\/morgenstern-badeponcho-kinder-i-baby-i-maedchen-i-jungen-i-frottee-i-kapuze-i-100-baumwolle\/","name":"Morgenstern Badeponcho Kinder I Baby I M\u00e4dchen I Jungen I Frottee I Kapuze I 100% Baumwolle - Markt-XXL","isPartOf":{"@id":"https:\/\/marktxxl.de\/markt\/#website"},"primaryImageOfPage":{"@id":"https:\/\/marktxxl.de\/markt\/produkt\/morgenstern-badeponcho-kinder-i-baby-i-maedchen-i-jungen-i-frottee-i-kapuze-i-100-baumwolle\/#primaryimage"},"image":{"@id":"https:\/\/marktxxl.de\/markt\/produkt\/morgenstern-badeponcho-kinder-i-baby-i-maedchen-i-jungen-i-frottee-i-kapuze-i-100-baumwolle\/#primaryimage"},"thumbnailUrl":"https:\/\/m.media-amazon.com\/images\/I\/41X+YKlTgcL._SL500_.jpg","datePublished":"2023-01-10T05:32:21+00:00","dateModified":"2023-04-11T03:12:23+00:00","description":"Markt-XXL Morgenstern Badeponcho Kinder I Baby I M\u00e4dchen I Jungen I Frottee I Kapuze I 100% Baumwolle","breadcrumb":{"@id":"https:\/\/marktxxl.de\/markt\/produkt\/morgenstern-badeponcho-kinder-i-baby-i-maedchen-i-jungen-i-frottee-i-kapuze-i-100-baumwolle\/#breadcrumb"},"inLanguage":"de","potentialAction":[{"@type":"ReadAction","target":["https:\/\/marktxxl.de\/markt\/produkt\/morgenstern-badeponcho-kinder-i-baby-i-maedchen-i-jungen-i-frottee-i-kapuze-i-100-baumwolle\/"]}]},{"@type":"ImageObject","inLanguage":"de","@id":"https:\/\/marktxxl.de\/markt\/produkt\/morgenstern-badeponcho-kinder-i-baby-i-maedchen-i-jungen-i-frottee-i-kapuze-i-100-baumwolle\/#primaryimage","url":"https:\/\/m.media-amazon.com\/images\/I\/41X+YKlTgcL._SL500_.jpg","contentUrl":"https:\/\/m.media-amazon.com\/images\/I\/41X+YKlTgcL._SL500_.jpg","width":355,"height":500},{"@type":"BreadcrumbList","@id":"https:\/\/marktxxl.de\/markt\/produkt\/morgenstern-badeponcho-kinder-i-baby-i-maedchen-i-jungen-i-frottee-i-kapuze-i-100-baumwolle\/#breadcrumb","itemListElement":[{"@type":"ListItem","position":1,"name":"Startseite","item":"https:\/\/marktxxl.de\/markt\/"},{"@type":"ListItem","position":2,"name":"Markt","item":"https:\/\/marktxxl.de\/markt\/"},{"@type":"ListItem","position":3,"name":"Morgenstern Badeponcho Kinder I Baby I M\u00e4dchen I Jungen I Frottee I Kapuze I 100% Baumwolle"}]},{"@type":"WebSite","@id":"https:\/\/marktxxl.de\/markt\/#website","url":"https:\/\/marktxxl.de\/markt\/","name":"Markt-XXL","description":"Ihr Markt Online","publisher":{"@id":"https:\/\/marktxxl.de\/markt\/#organization"},"potentialAction":[{"@type":"SearchAction","target":{"@type":"EntryPoint","urlTemplate":"https:\/\/marktxxl.de\/markt\/?s={search_term_string}"},"query-input":{"@type":"PropertyValueSpecification","valueRequired":true,"valueName":"search_term_string"}}],"inLanguage":"de"},{"@type":"Organization","@id":"https:\/\/marktxxl.de\/markt\/#organization","name":"Markt-XXL","url":"https:\/\/marktxxl.de\/markt\/","logo":{"@type":"ImageObject","inLanguage":"de","@id":"https:\/\/marktxxl.de\/markt\/#\/schema\/logo\/image\/","url":"https:\/\/marktxxl.de\/markt\/wp-content\/uploads\/sites\/3\/2020\/12\/logo.png","contentUrl":"https:\/\/marktxxl.de\/markt\/wp-content\/uploads\/sites\/3\/2020\/12\/logo.png","width":200,"height":70,"caption":"Markt-XXL"},"image":{"@id":"https:\/\/marktxxl.de\/markt\/#\/schema\/logo\/image\/"}}]}},"_links":{"self":[{"href":"https:\/\/marktxxl.de\/markt\/wp-json\/wp\/v2\/product\/181772","targetHints":{"allow":["GET"]}}],"collection":[{"href":"https:\/\/marktxxl.de\/markt\/wp-json\/wp\/v2\/product"}],"about":[{"href":"https:\/\/marktxxl.de\/markt\/wp-json\/wp\/v2\/types\/product"}],"replies":[{"embeddable":true,"href":"https:\/\/marktxxl.de\/markt\/wp-json\/wp\/v2\/comments?post=181772"}],"wp:featuredmedia":[{"embeddable":true,"href":"https:\/\/marktxxl.de\/markt\/wp-json\/wp\/v2\/media\/181773"}],"wp:attachment":[{"href":"https:\/\/marktxxl.de\/markt\/wp-json\/wp\/v2\/media?parent=181772"}],"wp:term":[{"taxonomy":"product_brand","embeddable":true,"href":"https:\/\/marktxxl.de\/markt\/wp-json\/wp\/v2\/product_brand?post=181772"},{"taxonomy":"product_cat","embeddable":true,"href":"https:\/\/marktxxl.de\/markt\/wp-json\/wp\/v2\/product_cat?post=181772"},{"taxonomy":"product_tag","embeddable":true,"href":"https:\/\/marktxxl.de\/markt\/wp-json\/wp\/v2\/product_tag?post=181772"}],"curies":[{"name":"wp","href":"https:\/\/api.w.org\/{rel}","templated":true}]}}