{"id":181722,"date":"2023-01-10T06:29:11","date_gmt":"2023-01-10T05:29:11","guid":{"rendered":"https:\/\/marktxxl.de\/markt\/produkt\/babsue-kinder-rundhals-christmas-sweater-pullis-jungen-weihnachten-elch-dinosaurier-weihnachtspullover-strickjacken-winter-langarm-sweater-sweatshirt-pulli\/"},"modified":"2023-04-11T05:12:23","modified_gmt":"2023-04-11T03:12:23","slug":"babsue-kinder-rundhals-christmas-sweater-pullis-jungen-weihnachten-elch-dinosaurier-weihnachtspullover-strickjacken-winter-langarm-sweater-sweatshirt-pulli","status":"publish","type":"product","link":"https:\/\/marktxxl.de\/markt\/produkt\/babsue-kinder-rundhals-christmas-sweater-pullis-jungen-weihnachten-elch-dinosaurier-weihnachtspullover-strickjacken-winter-langarm-sweater-sweatshirt-pulli\/","title":{"rendered":"BABSUE Kinder Rundhals Christmas Sweater Pullis Jungen Weihnachten Elch Dinosaurier Weihnachtspullover Strickjacken\u2026"},"content":{"rendered":"<p>\u273d Hohe Qualit\u00e4t: Weicher und bequemer Weihnachts-Strickpullover f\u00fcr Jungen aus hochwertigen mecerisierten Baumwollstoffen, warm und glatt. Atmungsaktivit\u00e4t, Komfort, W\u00e4rme, Haltbarkeit und Stabilit\u00e4t.<br \/>\n\u273d Merkmal: Mehrfarbige Streifenn\u00e4hte, Schrumpfung kontrolliert f\u00fcr dauerhafte Gr\u00f6\u00dfe und Formbest\u00e4ndigkeit, gerippter Stricksaum, einfach an- und auszuziehen. Dieses klassische Kinder-Sweatshirt wurde entwickelt, um Ihnen Flexibilit\u00e4t zu geben, indem es sich an Ihren K\u00f6rper anschmiegt und sich dehnt, um sich mit Ihnen zu bewegen. Es h\u00e4lt Sie warm, ohne Ihren Komfort zu beeintr\u00e4chtigen.<br \/>\n\u273dF\u00fcr viele festliche Anl\u00e4sse geeignet: Freizeitkleidung, Sportkleidung, Nachtw\u00e4sche, Au\u00dfenkleidung im Herbst, Winter, Fr\u00fchling,Geburtstag, Familienfeiern, Weihnachten, Silvester, Ostern etc. Ideal auch zur Taufe oder als Taufgeschenk f\u00fcr Kinder.<br \/>\n\u273d Waschanforderungen: Maschinenw\u00e4sche,Es wird empfohlen, 30 Grad Wassertemperatur zu verwenden, um so viel wie m\u00f6glich von Hand zu waschen, und es nat\u00fcrlich trocknen zu lassen, damit sich die Kleidung nicht verformt.<br \/>\n\u273d After-Sales-Service-Garantie: Kinder Rundhals Christmas Sweater Pullis 100% kein Grund zur R\u00fcckgabe besteht.Hinweis; Bitte \u00fcberpr\u00fcfen Sie sorgf\u00e4ltig die Gr\u00f6\u00dfenangaben auf dem letzten Bild des Bildes und w\u00e4hlen Sie die entsprechende Gr\u00f6\u00dfe entsprechend der empfohlenen H\u00f6he der Brustl\u00e4nge.<br \/>\n<div class=\"main-cross-sell\" data-asin=\"B0BBWKJ9LZ\">\n\n\t<div class=\"WooZone-cross-sell-loader\">\n\t\t<div>\n\t\t\t<div id=\"floatingBarsG\">\n\t\t\t\t<div class=\"blockG\" id=\"rotateG_01\"><\/div>\n\t\t\t\t<div class=\"blockG\" id=\"rotateG_02\"><\/div>\n\t\t\t\t<div class=\"blockG\" id=\"rotateG_03\"><\/div>\n\t\t\t\t<div class=\"blockG\" id=\"rotateG_04\"><\/div>\n\t\t\t\t<div class=\"blockG\" id=\"rotateG_05\"><\/div>\n\t\t\t\t<div class=\"blockG\" id=\"rotateG_06\"><\/div>\n\t\t\t\t<div class=\"blockG\" id=\"rotateG_07\"><\/div>\n\t\t\t\t<div class=\"blockG\" id=\"rotateG_08\"><\/div>\n\t\t\t<\/div>\n\t\t\t<div class=\"WooZone-cross-sell-loader-text\"><\/div>\n\t\t<\/div>\n\t<\/div>\n\n\t\t\n<\/div>\n<div style=\"clear:both;\"><\/div><\/p>\n","protected":false},"excerpt":{"rendered":"<p>\u273d Hohe Qualit\u00e4t: Weicher und bequemer Weihnachts-Strickpullover f\u00fcr Jungen aus hochwertigen mecerisierten Baumwollstoffen, warm und glatt. Atmungsaktivit\u00e4t, Komfort, W\u00e4rme, Haltbarkeit und Stabilit\u00e4t.<br \/>\n\u273d Merkmal: Mehrfarbige Streifenn\u00e4hte, Schrumpfung kontrolliert f\u00fcr dauerhafte Gr\u00f6\u00dfe und Formbest\u00e4ndigkeit, gerippter Stricksaum, einfach an- und auszuziehen. Dieses klassische Kinder-Sweatshirt wurde entwickelt, um Ihnen Flexibilit\u00e4t zu geben, indem es sich an Ihren K\u00f6rper anschmiegt und sich dehnt, um sich mit Ihnen zu bewegen. Es h\u00e4lt Sie warm, ohne Ihren Komfort zu beeintr\u00e4chtigen.<br \/>\n\u273dF\u00fcr viele festliche Anl\u00e4sse geeignet: Freizeitkleidung, Sportkleidung, Nachtw\u00e4sche, Au\u00dfenkleidung im Herbst, Winter, Fr\u00fchling,Geburtstag, Familienfeiern, Weihnachten, Silvester, Ostern etc. Ideal auch zur Taufe oder als Taufgeschenk f\u00fcr Kinder.<\/p>\n","protected":false},"featured_media":181723,"comment_status":"open","ping_status":"closed","template":"","meta":[],"product_brand":[],"product_cat":[1186,4034],"product_tag":[],"class_list":{"0":"post-181722","1":"product","2":"type-product","3":"status-publish","4":"has-post-thumbnail","6":"product_cat-bekleidung","7":"product_cat-jungen","8":"pa_binding-textilien","9":"pa_brand-babsue","11":"first","12":"instock","13":"shipping-taxable","14":"purchasable","15":"product-type-simple","16":"customify-col","17":"product-has-gallery"},"yoast_head":"<!-- This site is optimized with the Yoast SEO plugin v27.4 - https:\/\/yoast.com\/product\/yoast-seo-wordpress\/ -->\n<title>BABSUE Kinder Rundhals Christmas Sweater Pullis Jungen Weihnachten Elch Dinosaurier Weihnachtspullover Strickjacken\u2026 - Markt-XXL<\/title>\n<meta name=\"description\" content=\"Markt-XXL BABSUE Kinder Rundhals Christmas Sweater Pullis Jungen Weihnachten Elch Dinosaurier Weihnachtspullover Strickjacken\u2026\" \/>\n<meta name=\"robots\" content=\"index, follow, max-snippet:-1, max-image-preview:large, max-video-preview:-1\" \/>\n<link rel=\"canonical\" href=\"https:\/\/marktxxl.de\/markt\/produkt\/babsue-kinder-rundhals-christmas-sweater-pullis-jungen-weihnachten-elch-dinosaurier-weihnachtspullover-strickjacken-winter-langarm-sweater-sweatshirt-pulli\/\" \/>\n<meta property=\"og:locale\" content=\"de_DE\" \/>\n<meta property=\"og:type\" content=\"article\" \/>\n<meta property=\"og:title\" content=\"BABSUE Kinder Rundhals Christmas Sweater Pullis Jungen Weihnachten Elch Dinosaurier Weihnachtspullover Strickjacken\u2026 - Markt-XXL\" \/>\n<meta property=\"og:description\" content=\"Markt-XXL BABSUE Kinder Rundhals Christmas Sweater Pullis Jungen Weihnachten Elch Dinosaurier Weihnachtspullover Strickjacken\u2026\" \/>\n<meta property=\"og:url\" content=\"https:\/\/marktxxl.de\/markt\/produkt\/babsue-kinder-rundhals-christmas-sweater-pullis-jungen-weihnachten-elch-dinosaurier-weihnachtspullover-strickjacken-winter-langarm-sweater-sweatshirt-pulli\/\" \/>\n<meta property=\"og:site_name\" content=\"Markt-XXL\" \/>\n<meta property=\"article:modified_time\" content=\"2023-04-11T03:12:23+00:00\" \/>\n<meta property=\"og:image\" content=\"https:\/\/m.media-amazon.com\/images\/I\/41u86d7YGSL._SL500_.jpg\" \/>\n\t<meta property=\"og:image:width\" content=\"500\" \/>\n\t<meta property=\"og:image:height\" content=\"500\" \/>\n\t<meta property=\"og:image:type\" content=\"image\/jpeg\" \/>\n<meta name=\"twitter:card\" content=\"summary_large_image\" \/>\n<meta name=\"twitter:label1\" content=\"Gesch\u00e4tzte Lesezeit\" \/>\n\t<meta name=\"twitter:data1\" content=\"1\u00a0Minute\" \/>\n<script type=\"application\/ld+json\" class=\"yoast-schema-graph\">{\"@context\":\"https:\\\/\\\/schema.org\",\"@graph\":[{\"@type\":\"WebPage\",\"@id\":\"https:\\\/\\\/marktxxl.de\\\/markt\\\/produkt\\\/babsue-kinder-rundhals-christmas-sweater-pullis-jungen-weihnachten-elch-dinosaurier-weihnachtspullover-strickjacken-winter-langarm-sweater-sweatshirt-pulli\\\/\",\"url\":\"https:\\\/\\\/marktxxl.de\\\/markt\\\/produkt\\\/babsue-kinder-rundhals-christmas-sweater-pullis-jungen-weihnachten-elch-dinosaurier-weihnachtspullover-strickjacken-winter-langarm-sweater-sweatshirt-pulli\\\/\",\"name\":\"BABSUE Kinder Rundhals Christmas Sweater Pullis Jungen Weihnachten Elch Dinosaurier Weihnachtspullover Strickjacken\u2026 - Markt-XXL\",\"isPartOf\":{\"@id\":\"https:\\\/\\\/marktxxl.de\\\/markt\\\/#website\"},\"primaryImageOfPage\":{\"@id\":\"https:\\\/\\\/marktxxl.de\\\/markt\\\/produkt\\\/babsue-kinder-rundhals-christmas-sweater-pullis-jungen-weihnachten-elch-dinosaurier-weihnachtspullover-strickjacken-winter-langarm-sweater-sweatshirt-pulli\\\/#primaryimage\"},\"image\":{\"@id\":\"https:\\\/\\\/marktxxl.de\\\/markt\\\/produkt\\\/babsue-kinder-rundhals-christmas-sweater-pullis-jungen-weihnachten-elch-dinosaurier-weihnachtspullover-strickjacken-winter-langarm-sweater-sweatshirt-pulli\\\/#primaryimage\"},\"thumbnailUrl\":\"https:\\\/\\\/m.media-amazon.com\\\/images\\\/I\\\/41u86d7YGSL._SL500_.jpg\",\"datePublished\":\"2023-01-10T05:29:11+00:00\",\"dateModified\":\"2023-04-11T03:12:23+00:00\",\"description\":\"Markt-XXL BABSUE Kinder Rundhals Christmas Sweater Pullis Jungen Weihnachten Elch Dinosaurier Weihnachtspullover Strickjacken\u2026\",\"breadcrumb\":{\"@id\":\"https:\\\/\\\/marktxxl.de\\\/markt\\\/produkt\\\/babsue-kinder-rundhals-christmas-sweater-pullis-jungen-weihnachten-elch-dinosaurier-weihnachtspullover-strickjacken-winter-langarm-sweater-sweatshirt-pulli\\\/#breadcrumb\"},\"inLanguage\":\"de\",\"potentialAction\":[{\"@type\":\"ReadAction\",\"target\":[\"https:\\\/\\\/marktxxl.de\\\/markt\\\/produkt\\\/babsue-kinder-rundhals-christmas-sweater-pullis-jungen-weihnachten-elch-dinosaurier-weihnachtspullover-strickjacken-winter-langarm-sweater-sweatshirt-pulli\\\/\"]}]},{\"@type\":\"ImageObject\",\"inLanguage\":\"de\",\"@id\":\"https:\\\/\\\/marktxxl.de\\\/markt\\\/produkt\\\/babsue-kinder-rundhals-christmas-sweater-pullis-jungen-weihnachten-elch-dinosaurier-weihnachtspullover-strickjacken-winter-langarm-sweater-sweatshirt-pulli\\\/#primaryimage\",\"url\":\"https:\\\/\\\/m.media-amazon.com\\\/images\\\/I\\\/41u86d7YGSL._SL500_.jpg\",\"contentUrl\":\"https:\\\/\\\/m.media-amazon.com\\\/images\\\/I\\\/41u86d7YGSL._SL500_.jpg\",\"width\":500,\"height\":500},{\"@type\":\"BreadcrumbList\",\"@id\":\"https:\\\/\\\/marktxxl.de\\\/markt\\\/produkt\\\/babsue-kinder-rundhals-christmas-sweater-pullis-jungen-weihnachten-elch-dinosaurier-weihnachtspullover-strickjacken-winter-langarm-sweater-sweatshirt-pulli\\\/#breadcrumb\",\"itemListElement\":[{\"@type\":\"ListItem\",\"position\":1,\"name\":\"Startseite\",\"item\":\"https:\\\/\\\/marktxxl.de\\\/markt\\\/\"},{\"@type\":\"ListItem\",\"position\":2,\"name\":\"Markt\",\"item\":\"https:\\\/\\\/marktxxl.de\\\/markt\\\/\"},{\"@type\":\"ListItem\",\"position\":3,\"name\":\"BABSUE Kinder Rundhals Christmas Sweater Pullis Jungen Weihnachten Elch Dinosaurier Weihnachtspullover Strickjacken\u2026\"}]},{\"@type\":\"WebSite\",\"@id\":\"https:\\\/\\\/marktxxl.de\\\/markt\\\/#website\",\"url\":\"https:\\\/\\\/marktxxl.de\\\/markt\\\/\",\"name\":\"Markt-XXL\",\"description\":\"Ihr Markt Online\",\"publisher\":{\"@id\":\"https:\\\/\\\/marktxxl.de\\\/markt\\\/#organization\"},\"potentialAction\":[{\"@type\":\"SearchAction\",\"target\":{\"@type\":\"EntryPoint\",\"urlTemplate\":\"https:\\\/\\\/marktxxl.de\\\/markt\\\/?s={search_term_string}\"},\"query-input\":{\"@type\":\"PropertyValueSpecification\",\"valueRequired\":true,\"valueName\":\"search_term_string\"}}],\"inLanguage\":\"de\"},{\"@type\":\"Organization\",\"@id\":\"https:\\\/\\\/marktxxl.de\\\/markt\\\/#organization\",\"name\":\"Markt-XXL\",\"url\":\"https:\\\/\\\/marktxxl.de\\\/markt\\\/\",\"logo\":{\"@type\":\"ImageObject\",\"inLanguage\":\"de\",\"@id\":\"https:\\\/\\\/marktxxl.de\\\/markt\\\/#\\\/schema\\\/logo\\\/image\\\/\",\"url\":\"https:\\\/\\\/marktxxl.de\\\/markt\\\/wp-content\\\/uploads\\\/sites\\\/3\\\/2020\\\/12\\\/logo.png\",\"contentUrl\":\"https:\\\/\\\/marktxxl.de\\\/markt\\\/wp-content\\\/uploads\\\/sites\\\/3\\\/2020\\\/12\\\/logo.png\",\"width\":200,\"height\":70,\"caption\":\"Markt-XXL\"},\"image\":{\"@id\":\"https:\\\/\\\/marktxxl.de\\\/markt\\\/#\\\/schema\\\/logo\\\/image\\\/\"}}]}<\/script>\n<!-- \/ Yoast SEO plugin. -->","yoast_head_json":{"title":"BABSUE Kinder Rundhals Christmas Sweater Pullis Jungen Weihnachten Elch Dinosaurier Weihnachtspullover Strickjacken\u2026 - Markt-XXL","description":"Markt-XXL BABSUE Kinder Rundhals Christmas Sweater Pullis Jungen Weihnachten Elch Dinosaurier Weihnachtspullover Strickjacken\u2026","robots":{"index":"index","follow":"follow","max-snippet":"max-snippet:-1","max-image-preview":"max-image-preview:large","max-video-preview":"max-video-preview:-1"},"canonical":"https:\/\/marktxxl.de\/markt\/produkt\/babsue-kinder-rundhals-christmas-sweater-pullis-jungen-weihnachten-elch-dinosaurier-weihnachtspullover-strickjacken-winter-langarm-sweater-sweatshirt-pulli\/","og_locale":"de_DE","og_type":"article","og_title":"BABSUE Kinder Rundhals Christmas Sweater Pullis Jungen Weihnachten Elch Dinosaurier Weihnachtspullover Strickjacken\u2026 - Markt-XXL","og_description":"Markt-XXL BABSUE Kinder Rundhals Christmas Sweater Pullis Jungen Weihnachten Elch Dinosaurier Weihnachtspullover Strickjacken\u2026","og_url":"https:\/\/marktxxl.de\/markt\/produkt\/babsue-kinder-rundhals-christmas-sweater-pullis-jungen-weihnachten-elch-dinosaurier-weihnachtspullover-strickjacken-winter-langarm-sweater-sweatshirt-pulli\/","og_site_name":"Markt-XXL","article_modified_time":"2023-04-11T03:12:23+00:00","og_image":[{"width":500,"height":500,"url":"https:\/\/m.media-amazon.com\/images\/I\/41u86d7YGSL._SL500_.jpg","type":"image\/jpeg"}],"twitter_card":"summary_large_image","twitter_misc":{"Gesch\u00e4tzte Lesezeit":"1\u00a0Minute"},"schema":{"@context":"https:\/\/schema.org","@graph":[{"@type":"WebPage","@id":"https:\/\/marktxxl.de\/markt\/produkt\/babsue-kinder-rundhals-christmas-sweater-pullis-jungen-weihnachten-elch-dinosaurier-weihnachtspullover-strickjacken-winter-langarm-sweater-sweatshirt-pulli\/","url":"https:\/\/marktxxl.de\/markt\/produkt\/babsue-kinder-rundhals-christmas-sweater-pullis-jungen-weihnachten-elch-dinosaurier-weihnachtspullover-strickjacken-winter-langarm-sweater-sweatshirt-pulli\/","name":"BABSUE Kinder Rundhals Christmas Sweater Pullis Jungen Weihnachten Elch Dinosaurier Weihnachtspullover Strickjacken\u2026 - Markt-XXL","isPartOf":{"@id":"https:\/\/marktxxl.de\/markt\/#website"},"primaryImageOfPage":{"@id":"https:\/\/marktxxl.de\/markt\/produkt\/babsue-kinder-rundhals-christmas-sweater-pullis-jungen-weihnachten-elch-dinosaurier-weihnachtspullover-strickjacken-winter-langarm-sweater-sweatshirt-pulli\/#primaryimage"},"image":{"@id":"https:\/\/marktxxl.de\/markt\/produkt\/babsue-kinder-rundhals-christmas-sweater-pullis-jungen-weihnachten-elch-dinosaurier-weihnachtspullover-strickjacken-winter-langarm-sweater-sweatshirt-pulli\/#primaryimage"},"thumbnailUrl":"https:\/\/m.media-amazon.com\/images\/I\/41u86d7YGSL._SL500_.jpg","datePublished":"2023-01-10T05:29:11+00:00","dateModified":"2023-04-11T03:12:23+00:00","description":"Markt-XXL BABSUE Kinder Rundhals Christmas Sweater Pullis Jungen Weihnachten Elch Dinosaurier Weihnachtspullover Strickjacken\u2026","breadcrumb":{"@id":"https:\/\/marktxxl.de\/markt\/produkt\/babsue-kinder-rundhals-christmas-sweater-pullis-jungen-weihnachten-elch-dinosaurier-weihnachtspullover-strickjacken-winter-langarm-sweater-sweatshirt-pulli\/#breadcrumb"},"inLanguage":"de","potentialAction":[{"@type":"ReadAction","target":["https:\/\/marktxxl.de\/markt\/produkt\/babsue-kinder-rundhals-christmas-sweater-pullis-jungen-weihnachten-elch-dinosaurier-weihnachtspullover-strickjacken-winter-langarm-sweater-sweatshirt-pulli\/"]}]},{"@type":"ImageObject","inLanguage":"de","@id":"https:\/\/marktxxl.de\/markt\/produkt\/babsue-kinder-rundhals-christmas-sweater-pullis-jungen-weihnachten-elch-dinosaurier-weihnachtspullover-strickjacken-winter-langarm-sweater-sweatshirt-pulli\/#primaryimage","url":"https:\/\/m.media-amazon.com\/images\/I\/41u86d7YGSL._SL500_.jpg","contentUrl":"https:\/\/m.media-amazon.com\/images\/I\/41u86d7YGSL._SL500_.jpg","width":500,"height":500},{"@type":"BreadcrumbList","@id":"https:\/\/marktxxl.de\/markt\/produkt\/babsue-kinder-rundhals-christmas-sweater-pullis-jungen-weihnachten-elch-dinosaurier-weihnachtspullover-strickjacken-winter-langarm-sweater-sweatshirt-pulli\/#breadcrumb","itemListElement":[{"@type":"ListItem","position":1,"name":"Startseite","item":"https:\/\/marktxxl.de\/markt\/"},{"@type":"ListItem","position":2,"name":"Markt","item":"https:\/\/marktxxl.de\/markt\/"},{"@type":"ListItem","position":3,"name":"BABSUE Kinder Rundhals Christmas Sweater Pullis Jungen Weihnachten Elch Dinosaurier Weihnachtspullover Strickjacken\u2026"}]},{"@type":"WebSite","@id":"https:\/\/marktxxl.de\/markt\/#website","url":"https:\/\/marktxxl.de\/markt\/","name":"Markt-XXL","description":"Ihr Markt Online","publisher":{"@id":"https:\/\/marktxxl.de\/markt\/#organization"},"potentialAction":[{"@type":"SearchAction","target":{"@type":"EntryPoint","urlTemplate":"https:\/\/marktxxl.de\/markt\/?s={search_term_string}"},"query-input":{"@type":"PropertyValueSpecification","valueRequired":true,"valueName":"search_term_string"}}],"inLanguage":"de"},{"@type":"Organization","@id":"https:\/\/marktxxl.de\/markt\/#organization","name":"Markt-XXL","url":"https:\/\/marktxxl.de\/markt\/","logo":{"@type":"ImageObject","inLanguage":"de","@id":"https:\/\/marktxxl.de\/markt\/#\/schema\/logo\/image\/","url":"https:\/\/marktxxl.de\/markt\/wp-content\/uploads\/sites\/3\/2020\/12\/logo.png","contentUrl":"https:\/\/marktxxl.de\/markt\/wp-content\/uploads\/sites\/3\/2020\/12\/logo.png","width":200,"height":70,"caption":"Markt-XXL"},"image":{"@id":"https:\/\/marktxxl.de\/markt\/#\/schema\/logo\/image\/"}}]}},"_links":{"self":[{"href":"https:\/\/marktxxl.de\/markt\/wp-json\/wp\/v2\/product\/181722","targetHints":{"allow":["GET"]}}],"collection":[{"href":"https:\/\/marktxxl.de\/markt\/wp-json\/wp\/v2\/product"}],"about":[{"href":"https:\/\/marktxxl.de\/markt\/wp-json\/wp\/v2\/types\/product"}],"replies":[{"embeddable":true,"href":"https:\/\/marktxxl.de\/markt\/wp-json\/wp\/v2\/comments?post=181722"}],"wp:featuredmedia":[{"embeddable":true,"href":"https:\/\/marktxxl.de\/markt\/wp-json\/wp\/v2\/media\/181723"}],"wp:attachment":[{"href":"https:\/\/marktxxl.de\/markt\/wp-json\/wp\/v2\/media?parent=181722"}],"wp:term":[{"taxonomy":"product_brand","embeddable":true,"href":"https:\/\/marktxxl.de\/markt\/wp-json\/wp\/v2\/product_brand?post=181722"},{"taxonomy":"product_cat","embeddable":true,"href":"https:\/\/marktxxl.de\/markt\/wp-json\/wp\/v2\/product_cat?post=181722"},{"taxonomy":"product_tag","embeddable":true,"href":"https:\/\/marktxxl.de\/markt\/wp-json\/wp\/v2\/product_tag?post=181722"}],"curies":[{"name":"wp","href":"https:\/\/api.w.org\/{rel}","templated":true}]}}