{"id":181650,"date":"2023-01-10T06:26:10","date_gmt":"2023-01-10T05:26:10","guid":{"rendered":"https:\/\/marktxxl.de\/markt\/produkt\/2-stueck-wimpern-pinzette-edelstahl-gerad-und-kurve-spitzen-pinzetten-wimpernpinzette-fuer-wimpernverlaengerungen\/"},"modified":"2023-04-11T05:12:22","modified_gmt":"2023-04-11T03:12:22","slug":"2-stueck-wimpern-pinzette-edelstahl-gerad-und-kurve-spitzen-pinzetten-wimpernpinzette-fuer-wimpernverlaengerungen","status":"publish","type":"product","link":"https:\/\/marktxxl.de\/markt\/produkt\/2-stueck-wimpern-pinzette-edelstahl-gerad-und-kurve-spitzen-pinzetten-wimpernpinzette-fuer-wimpernverlaengerungen\/","title":{"rendered":"2 St\u00fcck Wimpern Pinzette, Edelstahl Gerad und Kurve Spitzen Pinzetten, Wimpernpinzette f\u00fcr Wimpernverl\u00e4ngerungen"},"content":{"rendered":"<p>\u3010Hochwertige Materialien\u3011Hergestellt aus hochwertigem Edelstahl, das robust, antistatisch, rostfrei und nicht leicht zu biegen oder zu brechen ist.<br \/>\n\u3010Leicht und Komfortabel\u3011Ergonomisches Design, glatte Linien, geringes Gewicht, bequemer Griff und keine Erm\u00fcdung der H\u00e4nde.<br \/>\n\u3010Paket-Set\u3011Kommt mit 2 verschiedenen Pinzetten f\u00fcr verschiedene Zwecke, die Ihren Anforderungen entsprechen.Die gerade Pinzetten k\u00f6nnen verwendet werden, um die gew\u00fcnschten Wimpern f\u00fcr die Anwendung zu trennen und zu isolieren, gebogene Pinzetten k\u00f6nnen verwendet werden, um nat\u00fcrliche Wimpern zu trennen oder einzelne Wimpern auszuw\u00e4hlen.<br \/>\n\u3010Mehrfachnutzung\u3011Es ist sowohl f\u00fcr Wimpernk\u00fcnstler als auch f\u00fcr Anf\u00e4nger leicht zu beherrschen und eignet sich zum Zupfen, Reparatur, DIY zum Dekorieren.<br \/>\n\u3010Qualit\u00e4tsservice\u3011Wenn Sie Fragen haben, k\u00f6nnen Sie sich gerne an uns wenden. Wir werden unser Bestes geben, um das Problem zu l\u00f6sen. Wenn Sie mit unseren Produkten nicht zufrieden sind, k\u00f6nnen wir es zur\u00fcckerstatten oder ersetzen.<br \/>\n<div class=\"main-cross-sell\" data-asin=\"B09PHQP12L\">\n\n\t<div class=\"WooZone-cross-sell-loader\">\n\t\t<div>\n\t\t\t<div id=\"floatingBarsG\">\n\t\t\t\t<div class=\"blockG\" id=\"rotateG_01\"><\/div>\n\t\t\t\t<div class=\"blockG\" id=\"rotateG_02\"><\/div>\n\t\t\t\t<div class=\"blockG\" id=\"rotateG_03\"><\/div>\n\t\t\t\t<div class=\"blockG\" id=\"rotateG_04\"><\/div>\n\t\t\t\t<div class=\"blockG\" id=\"rotateG_05\"><\/div>\n\t\t\t\t<div class=\"blockG\" id=\"rotateG_06\"><\/div>\n\t\t\t\t<div class=\"blockG\" id=\"rotateG_07\"><\/div>\n\t\t\t\t<div class=\"blockG\" id=\"rotateG_08\"><\/div>\n\t\t\t<\/div>\n\t\t\t<div class=\"WooZone-cross-sell-loader-text\"><\/div>\n\t\t<\/div>\n\t<\/div>\n\n\t\t\n<\/div>\n<div style=\"clear:both;\"><\/div><\/p>\n","protected":false},"excerpt":{"rendered":"<p>\u3010Hochwertige Materialien\u3011Hergestellt aus hochwertigem Edelstahl, das robust, antistatisch, rostfrei und nicht leicht zu biegen oder zu brechen ist.<br \/>\n\u3010Leicht und Komfortabel\u3011Ergonomisches Design, glatte Linien, geringes Gewicht, bequemer Griff und keine Erm\u00fcdung der H\u00e4nde.<br \/>\n\u3010Paket-Set\u3011Kommt mit 2 verschiedenen Pinzetten f\u00fcr verschiedene Zwecke, die Ihren Anforderungen entsprechen.Die gerade Pinzetten k\u00f6nnen verwendet werden, um die gew\u00fcnschten Wimpern f\u00fcr die Anwendung zu trennen und zu isolieren, gebogene Pinzetten k\u00f6nnen verwendet werden, um nat\u00fcrliche Wimpern zu trennen oder einzelne Wimpern auszuw\u00e4hlen.<\/p>\n","protected":false},"featured_media":181651,"comment_status":"open","ping_status":"closed","template":"","meta":[],"product_brand":[],"product_cat":[2858,7726],"product_tag":[],"class_list":{"0":"post-181650","1":"product","2":"type-product","3":"status-publish","4":"has-post-thumbnail","6":"product_cat-beauty","7":"product_cat-zubehoer-beauty","8":"pa_binding-werkzeug","9":"pa_brand-cclkhy","10":"pa_color-silberrosa","11":"pa_manufacturer-cclkhy","12":"pa_model-jjjmn-2pcs","14":"first","15":"instock","16":"shipping-taxable","17":"purchasable","18":"product-type-simple","19":"customify-col","20":"product-has-gallery"},"yoast_head":"<!-- This site is optimized with the Yoast SEO plugin v27.4 - https:\/\/yoast.com\/product\/yoast-seo-wordpress\/ -->\n<title>2 St\u00fcck Wimpern Pinzette, Edelstahl Gerad und Kurve Spitzen Pinzetten, Wimpernpinzette f\u00fcr Wimpernverl\u00e4ngerungen - Markt-XXL<\/title>\n<meta name=\"description\" content=\"Markt-XXL 2 St\u00fcck Wimpern Pinzette, Edelstahl Gerad und Kurve Spitzen Pinzetten, Wimpernpinzette f\u00fcr Wimpernverl\u00e4ngerungen\" \/>\n<meta name=\"robots\" content=\"index, follow, max-snippet:-1, max-image-preview:large, max-video-preview:-1\" \/>\n<link rel=\"canonical\" href=\"https:\/\/marktxxl.de\/markt\/produkt\/2-stueck-wimpern-pinzette-edelstahl-gerad-und-kurve-spitzen-pinzetten-wimpernpinzette-fuer-wimpernverlaengerungen\/\" \/>\n<meta property=\"og:locale\" content=\"de_DE\" \/>\n<meta property=\"og:type\" content=\"article\" \/>\n<meta property=\"og:title\" content=\"2 St\u00fcck Wimpern Pinzette, Edelstahl Gerad und Kurve Spitzen Pinzetten, Wimpernpinzette f\u00fcr Wimpernverl\u00e4ngerungen - Markt-XXL\" \/>\n<meta property=\"og:description\" content=\"Markt-XXL 2 St\u00fcck Wimpern Pinzette, Edelstahl Gerad und Kurve Spitzen Pinzetten, Wimpernpinzette f\u00fcr Wimpernverl\u00e4ngerungen\" \/>\n<meta property=\"og:url\" content=\"https:\/\/marktxxl.de\/markt\/produkt\/2-stueck-wimpern-pinzette-edelstahl-gerad-und-kurve-spitzen-pinzetten-wimpernpinzette-fuer-wimpernverlaengerungen\/\" \/>\n<meta property=\"og:site_name\" content=\"Markt-XXL\" \/>\n<meta property=\"article:modified_time\" content=\"2023-04-11T03:12:22+00:00\" \/>\n<meta property=\"og:image\" content=\"https:\/\/m.media-amazon.com\/images\/I\/21VlxFr2UEL._SL500_.jpg\" \/>\n\t<meta property=\"og:image:width\" content=\"500\" \/>\n\t<meta property=\"og:image:height\" content=\"500\" \/>\n\t<meta property=\"og:image:type\" content=\"image\/jpeg\" \/>\n<meta name=\"twitter:card\" content=\"summary_large_image\" \/>\n<meta name=\"twitter:label1\" content=\"Gesch\u00e4tzte Lesezeit\" \/>\n\t<meta name=\"twitter:data1\" content=\"1\u00a0Minute\" \/>\n<script type=\"application\/ld+json\" class=\"yoast-schema-graph\">{\"@context\":\"https:\\\/\\\/schema.org\",\"@graph\":[{\"@type\":\"WebPage\",\"@id\":\"https:\\\/\\\/marktxxl.de\\\/markt\\\/produkt\\\/2-stueck-wimpern-pinzette-edelstahl-gerad-und-kurve-spitzen-pinzetten-wimpernpinzette-fuer-wimpernverlaengerungen\\\/\",\"url\":\"https:\\\/\\\/marktxxl.de\\\/markt\\\/produkt\\\/2-stueck-wimpern-pinzette-edelstahl-gerad-und-kurve-spitzen-pinzetten-wimpernpinzette-fuer-wimpernverlaengerungen\\\/\",\"name\":\"2 St\u00fcck Wimpern Pinzette, Edelstahl Gerad und Kurve Spitzen Pinzetten, Wimpernpinzette f\u00fcr Wimpernverl\u00e4ngerungen - Markt-XXL\",\"isPartOf\":{\"@id\":\"https:\\\/\\\/marktxxl.de\\\/markt\\\/#website\"},\"primaryImageOfPage\":{\"@id\":\"https:\\\/\\\/marktxxl.de\\\/markt\\\/produkt\\\/2-stueck-wimpern-pinzette-edelstahl-gerad-und-kurve-spitzen-pinzetten-wimpernpinzette-fuer-wimpernverlaengerungen\\\/#primaryimage\"},\"image\":{\"@id\":\"https:\\\/\\\/marktxxl.de\\\/markt\\\/produkt\\\/2-stueck-wimpern-pinzette-edelstahl-gerad-und-kurve-spitzen-pinzetten-wimpernpinzette-fuer-wimpernverlaengerungen\\\/#primaryimage\"},\"thumbnailUrl\":\"https:\\\/\\\/m.media-amazon.com\\\/images\\\/I\\\/21VlxFr2UEL._SL500_.jpg\",\"datePublished\":\"2023-01-10T05:26:10+00:00\",\"dateModified\":\"2023-04-11T03:12:22+00:00\",\"description\":\"Markt-XXL 2 St\u00fcck Wimpern Pinzette, Edelstahl Gerad und Kurve Spitzen Pinzetten, Wimpernpinzette f\u00fcr Wimpernverl\u00e4ngerungen\",\"breadcrumb\":{\"@id\":\"https:\\\/\\\/marktxxl.de\\\/markt\\\/produkt\\\/2-stueck-wimpern-pinzette-edelstahl-gerad-und-kurve-spitzen-pinzetten-wimpernpinzette-fuer-wimpernverlaengerungen\\\/#breadcrumb\"},\"inLanguage\":\"de\",\"potentialAction\":[{\"@type\":\"ReadAction\",\"target\":[\"https:\\\/\\\/marktxxl.de\\\/markt\\\/produkt\\\/2-stueck-wimpern-pinzette-edelstahl-gerad-und-kurve-spitzen-pinzetten-wimpernpinzette-fuer-wimpernverlaengerungen\\\/\"]}]},{\"@type\":\"ImageObject\",\"inLanguage\":\"de\",\"@id\":\"https:\\\/\\\/marktxxl.de\\\/markt\\\/produkt\\\/2-stueck-wimpern-pinzette-edelstahl-gerad-und-kurve-spitzen-pinzetten-wimpernpinzette-fuer-wimpernverlaengerungen\\\/#primaryimage\",\"url\":\"https:\\\/\\\/m.media-amazon.com\\\/images\\\/I\\\/21VlxFr2UEL._SL500_.jpg\",\"contentUrl\":\"https:\\\/\\\/m.media-amazon.com\\\/images\\\/I\\\/21VlxFr2UEL._SL500_.jpg\",\"width\":500,\"height\":500},{\"@type\":\"BreadcrumbList\",\"@id\":\"https:\\\/\\\/marktxxl.de\\\/markt\\\/produkt\\\/2-stueck-wimpern-pinzette-edelstahl-gerad-und-kurve-spitzen-pinzetten-wimpernpinzette-fuer-wimpernverlaengerungen\\\/#breadcrumb\",\"itemListElement\":[{\"@type\":\"ListItem\",\"position\":1,\"name\":\"Startseite\",\"item\":\"https:\\\/\\\/marktxxl.de\\\/markt\\\/\"},{\"@type\":\"ListItem\",\"position\":2,\"name\":\"Markt\",\"item\":\"https:\\\/\\\/marktxxl.de\\\/markt\\\/\"},{\"@type\":\"ListItem\",\"position\":3,\"name\":\"2 St\u00fcck Wimpern Pinzette, Edelstahl Gerad und Kurve Spitzen Pinzetten, Wimpernpinzette f\u00fcr Wimpernverl\u00e4ngerungen\"}]},{\"@type\":\"WebSite\",\"@id\":\"https:\\\/\\\/marktxxl.de\\\/markt\\\/#website\",\"url\":\"https:\\\/\\\/marktxxl.de\\\/markt\\\/\",\"name\":\"Markt-XXL\",\"description\":\"Ihr Markt Online\",\"publisher\":{\"@id\":\"https:\\\/\\\/marktxxl.de\\\/markt\\\/#organization\"},\"potentialAction\":[{\"@type\":\"SearchAction\",\"target\":{\"@type\":\"EntryPoint\",\"urlTemplate\":\"https:\\\/\\\/marktxxl.de\\\/markt\\\/?s={search_term_string}\"},\"query-input\":{\"@type\":\"PropertyValueSpecification\",\"valueRequired\":true,\"valueName\":\"search_term_string\"}}],\"inLanguage\":\"de\"},{\"@type\":\"Organization\",\"@id\":\"https:\\\/\\\/marktxxl.de\\\/markt\\\/#organization\",\"name\":\"Markt-XXL\",\"url\":\"https:\\\/\\\/marktxxl.de\\\/markt\\\/\",\"logo\":{\"@type\":\"ImageObject\",\"inLanguage\":\"de\",\"@id\":\"https:\\\/\\\/marktxxl.de\\\/markt\\\/#\\\/schema\\\/logo\\\/image\\\/\",\"url\":\"https:\\\/\\\/marktxxl.de\\\/markt\\\/wp-content\\\/uploads\\\/sites\\\/3\\\/2020\\\/12\\\/logo.png\",\"contentUrl\":\"https:\\\/\\\/marktxxl.de\\\/markt\\\/wp-content\\\/uploads\\\/sites\\\/3\\\/2020\\\/12\\\/logo.png\",\"width\":200,\"height\":70,\"caption\":\"Markt-XXL\"},\"image\":{\"@id\":\"https:\\\/\\\/marktxxl.de\\\/markt\\\/#\\\/schema\\\/logo\\\/image\\\/\"}}]}<\/script>\n<!-- \/ Yoast SEO plugin. -->","yoast_head_json":{"title":"2 St\u00fcck Wimpern Pinzette, Edelstahl Gerad und Kurve Spitzen Pinzetten, Wimpernpinzette f\u00fcr Wimpernverl\u00e4ngerungen - Markt-XXL","description":"Markt-XXL 2 St\u00fcck Wimpern Pinzette, Edelstahl Gerad und Kurve Spitzen Pinzetten, Wimpernpinzette f\u00fcr Wimpernverl\u00e4ngerungen","robots":{"index":"index","follow":"follow","max-snippet":"max-snippet:-1","max-image-preview":"max-image-preview:large","max-video-preview":"max-video-preview:-1"},"canonical":"https:\/\/marktxxl.de\/markt\/produkt\/2-stueck-wimpern-pinzette-edelstahl-gerad-und-kurve-spitzen-pinzetten-wimpernpinzette-fuer-wimpernverlaengerungen\/","og_locale":"de_DE","og_type":"article","og_title":"2 St\u00fcck Wimpern Pinzette, Edelstahl Gerad und Kurve Spitzen Pinzetten, Wimpernpinzette f\u00fcr Wimpernverl\u00e4ngerungen - Markt-XXL","og_description":"Markt-XXL 2 St\u00fcck Wimpern Pinzette, Edelstahl Gerad und Kurve Spitzen Pinzetten, Wimpernpinzette f\u00fcr Wimpernverl\u00e4ngerungen","og_url":"https:\/\/marktxxl.de\/markt\/produkt\/2-stueck-wimpern-pinzette-edelstahl-gerad-und-kurve-spitzen-pinzetten-wimpernpinzette-fuer-wimpernverlaengerungen\/","og_site_name":"Markt-XXL","article_modified_time":"2023-04-11T03:12:22+00:00","og_image":[{"width":500,"height":500,"url":"https:\/\/m.media-amazon.com\/images\/I\/21VlxFr2UEL._SL500_.jpg","type":"image\/jpeg"}],"twitter_card":"summary_large_image","twitter_misc":{"Gesch\u00e4tzte Lesezeit":"1\u00a0Minute"},"schema":{"@context":"https:\/\/schema.org","@graph":[{"@type":"WebPage","@id":"https:\/\/marktxxl.de\/markt\/produkt\/2-stueck-wimpern-pinzette-edelstahl-gerad-und-kurve-spitzen-pinzetten-wimpernpinzette-fuer-wimpernverlaengerungen\/","url":"https:\/\/marktxxl.de\/markt\/produkt\/2-stueck-wimpern-pinzette-edelstahl-gerad-und-kurve-spitzen-pinzetten-wimpernpinzette-fuer-wimpernverlaengerungen\/","name":"2 St\u00fcck Wimpern Pinzette, Edelstahl Gerad und Kurve Spitzen Pinzetten, Wimpernpinzette f\u00fcr Wimpernverl\u00e4ngerungen - Markt-XXL","isPartOf":{"@id":"https:\/\/marktxxl.de\/markt\/#website"},"primaryImageOfPage":{"@id":"https:\/\/marktxxl.de\/markt\/produkt\/2-stueck-wimpern-pinzette-edelstahl-gerad-und-kurve-spitzen-pinzetten-wimpernpinzette-fuer-wimpernverlaengerungen\/#primaryimage"},"image":{"@id":"https:\/\/marktxxl.de\/markt\/produkt\/2-stueck-wimpern-pinzette-edelstahl-gerad-und-kurve-spitzen-pinzetten-wimpernpinzette-fuer-wimpernverlaengerungen\/#primaryimage"},"thumbnailUrl":"https:\/\/m.media-amazon.com\/images\/I\/21VlxFr2UEL._SL500_.jpg","datePublished":"2023-01-10T05:26:10+00:00","dateModified":"2023-04-11T03:12:22+00:00","description":"Markt-XXL 2 St\u00fcck Wimpern Pinzette, Edelstahl Gerad und Kurve Spitzen Pinzetten, Wimpernpinzette f\u00fcr Wimpernverl\u00e4ngerungen","breadcrumb":{"@id":"https:\/\/marktxxl.de\/markt\/produkt\/2-stueck-wimpern-pinzette-edelstahl-gerad-und-kurve-spitzen-pinzetten-wimpernpinzette-fuer-wimpernverlaengerungen\/#breadcrumb"},"inLanguage":"de","potentialAction":[{"@type":"ReadAction","target":["https:\/\/marktxxl.de\/markt\/produkt\/2-stueck-wimpern-pinzette-edelstahl-gerad-und-kurve-spitzen-pinzetten-wimpernpinzette-fuer-wimpernverlaengerungen\/"]}]},{"@type":"ImageObject","inLanguage":"de","@id":"https:\/\/marktxxl.de\/markt\/produkt\/2-stueck-wimpern-pinzette-edelstahl-gerad-und-kurve-spitzen-pinzetten-wimpernpinzette-fuer-wimpernverlaengerungen\/#primaryimage","url":"https:\/\/m.media-amazon.com\/images\/I\/21VlxFr2UEL._SL500_.jpg","contentUrl":"https:\/\/m.media-amazon.com\/images\/I\/21VlxFr2UEL._SL500_.jpg","width":500,"height":500},{"@type":"BreadcrumbList","@id":"https:\/\/marktxxl.de\/markt\/produkt\/2-stueck-wimpern-pinzette-edelstahl-gerad-und-kurve-spitzen-pinzetten-wimpernpinzette-fuer-wimpernverlaengerungen\/#breadcrumb","itemListElement":[{"@type":"ListItem","position":1,"name":"Startseite","item":"https:\/\/marktxxl.de\/markt\/"},{"@type":"ListItem","position":2,"name":"Markt","item":"https:\/\/marktxxl.de\/markt\/"},{"@type":"ListItem","position":3,"name":"2 St\u00fcck Wimpern Pinzette, Edelstahl Gerad und Kurve Spitzen Pinzetten, Wimpernpinzette f\u00fcr Wimpernverl\u00e4ngerungen"}]},{"@type":"WebSite","@id":"https:\/\/marktxxl.de\/markt\/#website","url":"https:\/\/marktxxl.de\/markt\/","name":"Markt-XXL","description":"Ihr Markt Online","publisher":{"@id":"https:\/\/marktxxl.de\/markt\/#organization"},"potentialAction":[{"@type":"SearchAction","target":{"@type":"EntryPoint","urlTemplate":"https:\/\/marktxxl.de\/markt\/?s={search_term_string}"},"query-input":{"@type":"PropertyValueSpecification","valueRequired":true,"valueName":"search_term_string"}}],"inLanguage":"de"},{"@type":"Organization","@id":"https:\/\/marktxxl.de\/markt\/#organization","name":"Markt-XXL","url":"https:\/\/marktxxl.de\/markt\/","logo":{"@type":"ImageObject","inLanguage":"de","@id":"https:\/\/marktxxl.de\/markt\/#\/schema\/logo\/image\/","url":"https:\/\/marktxxl.de\/markt\/wp-content\/uploads\/sites\/3\/2020\/12\/logo.png","contentUrl":"https:\/\/marktxxl.de\/markt\/wp-content\/uploads\/sites\/3\/2020\/12\/logo.png","width":200,"height":70,"caption":"Markt-XXL"},"image":{"@id":"https:\/\/marktxxl.de\/markt\/#\/schema\/logo\/image\/"}}]}},"_links":{"self":[{"href":"https:\/\/marktxxl.de\/markt\/wp-json\/wp\/v2\/product\/181650","targetHints":{"allow":["GET"]}}],"collection":[{"href":"https:\/\/marktxxl.de\/markt\/wp-json\/wp\/v2\/product"}],"about":[{"href":"https:\/\/marktxxl.de\/markt\/wp-json\/wp\/v2\/types\/product"}],"replies":[{"embeddable":true,"href":"https:\/\/marktxxl.de\/markt\/wp-json\/wp\/v2\/comments?post=181650"}],"wp:featuredmedia":[{"embeddable":true,"href":"https:\/\/marktxxl.de\/markt\/wp-json\/wp\/v2\/media\/181651"}],"wp:attachment":[{"href":"https:\/\/marktxxl.de\/markt\/wp-json\/wp\/v2\/media?parent=181650"}],"wp:term":[{"taxonomy":"product_brand","embeddable":true,"href":"https:\/\/marktxxl.de\/markt\/wp-json\/wp\/v2\/product_brand?post=181650"},{"taxonomy":"product_cat","embeddable":true,"href":"https:\/\/marktxxl.de\/markt\/wp-json\/wp\/v2\/product_cat?post=181650"},{"taxonomy":"product_tag","embeddable":true,"href":"https:\/\/marktxxl.de\/markt\/wp-json\/wp\/v2\/product_tag?post=181650"}],"curies":[{"name":"wp","href":"https:\/\/api.w.org\/{rel}","templated":true}]}}