{"id":181636,"date":"2023-01-10T06:25:44","date_gmt":"2023-01-10T05:25:44","guid":{"rendered":"https:\/\/marktxxl.de\/markt\/produkt\/bezox-pinzetten-set-4-st-edelstahl-pinzette-perfekte-praezision-zum-augenbrauenzupfen-gesichtshaarentfernung-hochwertige-pinzette-fuer-eingewachsene-haare-gesichtshaare-splitter-mitesser\/"},"modified":"2023-04-11T05:12:21","modified_gmt":"2023-04-11T03:12:21","slug":"bezox-pinzetten-set-4-st-edelstahl-pinzette-perfekte-praezision-zum-augenbrauenzupfen-gesichtshaarentfernung-hochwertige-pinzette-fuer-eingewachsene-haare-gesichtshaare-splitter-mitesser","status":"publish","type":"product","link":"https:\/\/marktxxl.de\/markt\/produkt\/bezox-pinzetten-set-4-st-edelstahl-pinzette-perfekte-praezision-zum-augenbrauenzupfen-gesichtshaarentfernung-hochwertige-pinzette-fuer-eingewachsene-haare-gesichtshaare-splitter-mitesser\/","title":{"rendered":"Pinzetten Set 4 St &#8211; Edelstahl Pinzette Perfekte Pr\u00e4zision zum Augenbrauenzupfen Gesichtshaarentfernung Hochwertige\u2026"},"content":{"rendered":"<p>AUGENBRAUEN WIE EIN PROFI &#8211; Du liebst es, deine Augenbrauen zu formen, aber Zeit und Budget lassen es nicht zu? Wenn ja, hilft Ihnen Bezox Eyebrow Plucker dabei, Ihre Augenbrauen zu Hause zu pflegen. In unserem Paket enthalten sind klassische, spitze, schr\u00e4ge und spitze Augenbrauenpinzetten mit schr\u00e4gen Spitzen.<br \/>\nMEHR FUNKTIONALIT\u00c4T \u2013 Nicht nur f\u00fcr Augenbrauen oder Haare, sondern Sie k\u00f6nnen es auch als Clip f\u00fcr elektronische Komponenten, Nagelkunst oder zum Erreichen schwer zug\u00e4nglicher Ecken Ihrer Gegenst\u00e4nde oder Orte verwenden.<br \/>\nLANGLEBIGKEIT IM SINNE \u2013 Wer w\u00fcrde keine Haarpinzette lieben, die lange h\u00e4lt? Deshalb haben wir unsere Pinzetten f\u00fcr M\u00e4nner und Frauen aus hochwertigem Stahl f\u00fcr eine lange Lebensdauer hergestellt.<br \/>\nGENAU DIE RICHTIGE PR\u00c4ZISION, ENGE &amp; ELASTIZIT\u00c4T \u2013 Sie m\u00f6chten nicht, dass es zu elastisch und weit ist, dass es schwer zu kontrollieren w\u00e4re. Pr\u00e4zise gefertigt, mit angemessener Elastizit\u00e4t und einer fest verschlossenen Spitze ist unser Splitterpinzetten-Set perfekt f\u00fcr eine optimale Kontrolle.<br \/>\nNUR DAS BESTE F\u00dcR SIE \u2013 Klicken Sie noch heute auf die gelbe Schaltfl\u00e4che \u201eIn den Warenkorb\u201c und erhalten Sie 4 Augenbrauen- und Gesichtspinzetten, um unerw\u00fcnschte Gesichtsbehaarung und Augenbrauenformung zu entfernen.<br \/>\n<div class=\"main-cross-sell\" data-asin=\"B09YCSBTX6\">\n\n\t<div class=\"WooZone-cross-sell-loader\">\n\t\t<div>\n\t\t\t<div id=\"floatingBarsG\">\n\t\t\t\t<div class=\"blockG\" id=\"rotateG_01\"><\/div>\n\t\t\t\t<div class=\"blockG\" id=\"rotateG_02\"><\/div>\n\t\t\t\t<div class=\"blockG\" id=\"rotateG_03\"><\/div>\n\t\t\t\t<div class=\"blockG\" id=\"rotateG_04\"><\/div>\n\t\t\t\t<div class=\"blockG\" id=\"rotateG_05\"><\/div>\n\t\t\t\t<div class=\"blockG\" id=\"rotateG_06\"><\/div>\n\t\t\t\t<div class=\"blockG\" id=\"rotateG_07\"><\/div>\n\t\t\t\t<div class=\"blockG\" id=\"rotateG_08\"><\/div>\n\t\t\t<\/div>\n\t\t\t<div class=\"WooZone-cross-sell-loader-text\"><\/div>\n\t\t<\/div>\n\t<\/div>\n\n\t\t\n<\/div>\n<div style=\"clear:both;\"><\/div><\/p>\n","protected":false},"excerpt":{"rendered":"<p>AUGENBRAUEN WIE EIN PROFI &#8211; Du liebst es, deine Augenbrauen zu formen, aber Zeit und Budget lassen es nicht zu? Wenn ja, hilft Ihnen Bezox Eyebrow Plucker dabei, Ihre Augenbrauen zu Hause zu pflegen. In unserem Paket enthalten sind klassische, spitze, schr\u00e4ge und spitze Augenbrauenpinzetten mit schr\u00e4gen Spitzen.<br \/>\nMEHR FUNKTIONALIT\u00c4T \u2013 Nicht nur f\u00fcr Augenbrauen oder Haare, sondern Sie k\u00f6nnen es auch als Clip f\u00fcr elektronische Komponenten, Nagelkunst oder zum Erreichen schwer zug\u00e4nglicher Ecken Ihrer Gegenst\u00e4nde oder Orte verwenden.<br \/>\nLANGLEBIGKEIT IM SINNE \u2013 Wer w\u00fcrde keine Haarpinzette lieben, die lange h\u00e4lt? Deshalb haben wir unsere Pinzetten f\u00fcr M\u00e4nner und Frauen aus hochwertigem Stahl f\u00fcr eine lange Lebensdauer hergestellt.<\/p>\n","protected":false},"featured_media":181637,"comment_status":"open","ping_status":"closed","template":"","meta":[],"product_brand":[],"product_cat":[2858,7726],"product_tag":[],"class_list":{"0":"post-181636","1":"product","2":"type-product","3":"status-publish","4":"has-post-thumbnail","6":"product_cat-beauty","7":"product_cat-zubehoer-beauty","8":"pa_binding-werkzeug","9":"pa_brand-bezox","10":"pa_color-silberschwarz","11":"pa_manufacturer-bezox","12":"pa_model-tweezer","14":"first","15":"instock","16":"shipping-taxable","17":"purchasable","18":"product-type-simple","19":"customify-col","20":"product-has-gallery"},"yoast_head":"<!-- This site is optimized with the Yoast SEO plugin v27.4 - https:\/\/yoast.com\/product\/yoast-seo-wordpress\/ -->\n<title>Pinzetten Set 4 St - Edelstahl Pinzette Perfekte Pr\u00e4zision zum Augenbrauenzupfen Gesichtshaarentfernung Hochwertige\u2026 - Markt-XXL<\/title>\n<meta name=\"description\" content=\"Markt-XXL Pinzetten Set 4 St - Edelstahl Pinzette Perfekte Pr\u00e4zision zum Augenbrauenzupfen Gesichtshaarentfernung Hochwertige\u2026\" \/>\n<meta name=\"robots\" content=\"index, follow, max-snippet:-1, max-image-preview:large, max-video-preview:-1\" \/>\n<link rel=\"canonical\" href=\"https:\/\/marktxxl.de\/markt\/produkt\/bezox-pinzetten-set-4-st-edelstahl-pinzette-perfekte-praezision-zum-augenbrauenzupfen-gesichtshaarentfernung-hochwertige-pinzette-fuer-eingewachsene-haare-gesichtshaare-splitter-mitesser\/\" \/>\n<meta property=\"og:locale\" content=\"de_DE\" \/>\n<meta property=\"og:type\" content=\"article\" \/>\n<meta property=\"og:title\" content=\"Pinzetten Set 4 St - Edelstahl Pinzette Perfekte Pr\u00e4zision zum Augenbrauenzupfen Gesichtshaarentfernung Hochwertige\u2026 - Markt-XXL\" \/>\n<meta property=\"og:description\" content=\"Markt-XXL Pinzetten Set 4 St - Edelstahl Pinzette Perfekte Pr\u00e4zision zum Augenbrauenzupfen Gesichtshaarentfernung Hochwertige\u2026\" \/>\n<meta property=\"og:url\" content=\"https:\/\/marktxxl.de\/markt\/produkt\/bezox-pinzetten-set-4-st-edelstahl-pinzette-perfekte-praezision-zum-augenbrauenzupfen-gesichtshaarentfernung-hochwertige-pinzette-fuer-eingewachsene-haare-gesichtshaare-splitter-mitesser\/\" \/>\n<meta property=\"og:site_name\" content=\"Markt-XXL\" \/>\n<meta property=\"article:modified_time\" content=\"2023-04-11T03:12:21+00:00\" \/>\n<meta property=\"og:image\" content=\"https:\/\/m.media-amazon.com\/images\/I\/41sIargczoL._SL500_.jpg\" \/>\n\t<meta property=\"og:image:width\" content=\"500\" \/>\n\t<meta property=\"og:image:height\" content=\"500\" \/>\n\t<meta property=\"og:image:type\" content=\"image\/jpeg\" \/>\n<meta name=\"twitter:card\" content=\"summary_large_image\" \/>\n<meta name=\"twitter:label1\" content=\"Gesch\u00e4tzte Lesezeit\" \/>\n\t<meta name=\"twitter:data1\" content=\"1\u00a0Minute\" \/>\n<script type=\"application\/ld+json\" class=\"yoast-schema-graph\">{\"@context\":\"https:\\\/\\\/schema.org\",\"@graph\":[{\"@type\":\"WebPage\",\"@id\":\"https:\\\/\\\/marktxxl.de\\\/markt\\\/produkt\\\/bezox-pinzetten-set-4-st-edelstahl-pinzette-perfekte-praezision-zum-augenbrauenzupfen-gesichtshaarentfernung-hochwertige-pinzette-fuer-eingewachsene-haare-gesichtshaare-splitter-mitesser\\\/\",\"url\":\"https:\\\/\\\/marktxxl.de\\\/markt\\\/produkt\\\/bezox-pinzetten-set-4-st-edelstahl-pinzette-perfekte-praezision-zum-augenbrauenzupfen-gesichtshaarentfernung-hochwertige-pinzette-fuer-eingewachsene-haare-gesichtshaare-splitter-mitesser\\\/\",\"name\":\"Pinzetten Set 4 St - Edelstahl Pinzette Perfekte Pr\u00e4zision zum Augenbrauenzupfen Gesichtshaarentfernung Hochwertige\u2026 - Markt-XXL\",\"isPartOf\":{\"@id\":\"https:\\\/\\\/marktxxl.de\\\/markt\\\/#website\"},\"primaryImageOfPage\":{\"@id\":\"https:\\\/\\\/marktxxl.de\\\/markt\\\/produkt\\\/bezox-pinzetten-set-4-st-edelstahl-pinzette-perfekte-praezision-zum-augenbrauenzupfen-gesichtshaarentfernung-hochwertige-pinzette-fuer-eingewachsene-haare-gesichtshaare-splitter-mitesser\\\/#primaryimage\"},\"image\":{\"@id\":\"https:\\\/\\\/marktxxl.de\\\/markt\\\/produkt\\\/bezox-pinzetten-set-4-st-edelstahl-pinzette-perfekte-praezision-zum-augenbrauenzupfen-gesichtshaarentfernung-hochwertige-pinzette-fuer-eingewachsene-haare-gesichtshaare-splitter-mitesser\\\/#primaryimage\"},\"thumbnailUrl\":\"https:\\\/\\\/m.media-amazon.com\\\/images\\\/I\\\/41sIargczoL._SL500_.jpg\",\"datePublished\":\"2023-01-10T05:25:44+00:00\",\"dateModified\":\"2023-04-11T03:12:21+00:00\",\"description\":\"Markt-XXL Pinzetten Set 4 St - Edelstahl Pinzette Perfekte Pr\u00e4zision zum Augenbrauenzupfen Gesichtshaarentfernung Hochwertige\u2026\",\"breadcrumb\":{\"@id\":\"https:\\\/\\\/marktxxl.de\\\/markt\\\/produkt\\\/bezox-pinzetten-set-4-st-edelstahl-pinzette-perfekte-praezision-zum-augenbrauenzupfen-gesichtshaarentfernung-hochwertige-pinzette-fuer-eingewachsene-haare-gesichtshaare-splitter-mitesser\\\/#breadcrumb\"},\"inLanguage\":\"de\",\"potentialAction\":[{\"@type\":\"ReadAction\",\"target\":[\"https:\\\/\\\/marktxxl.de\\\/markt\\\/produkt\\\/bezox-pinzetten-set-4-st-edelstahl-pinzette-perfekte-praezision-zum-augenbrauenzupfen-gesichtshaarentfernung-hochwertige-pinzette-fuer-eingewachsene-haare-gesichtshaare-splitter-mitesser\\\/\"]}]},{\"@type\":\"ImageObject\",\"inLanguage\":\"de\",\"@id\":\"https:\\\/\\\/marktxxl.de\\\/markt\\\/produkt\\\/bezox-pinzetten-set-4-st-edelstahl-pinzette-perfekte-praezision-zum-augenbrauenzupfen-gesichtshaarentfernung-hochwertige-pinzette-fuer-eingewachsene-haare-gesichtshaare-splitter-mitesser\\\/#primaryimage\",\"url\":\"https:\\\/\\\/m.media-amazon.com\\\/images\\\/I\\\/41sIargczoL._SL500_.jpg\",\"contentUrl\":\"https:\\\/\\\/m.media-amazon.com\\\/images\\\/I\\\/41sIargczoL._SL500_.jpg\",\"width\":500,\"height\":500},{\"@type\":\"BreadcrumbList\",\"@id\":\"https:\\\/\\\/marktxxl.de\\\/markt\\\/produkt\\\/bezox-pinzetten-set-4-st-edelstahl-pinzette-perfekte-praezision-zum-augenbrauenzupfen-gesichtshaarentfernung-hochwertige-pinzette-fuer-eingewachsene-haare-gesichtshaare-splitter-mitesser\\\/#breadcrumb\",\"itemListElement\":[{\"@type\":\"ListItem\",\"position\":1,\"name\":\"Startseite\",\"item\":\"https:\\\/\\\/marktxxl.de\\\/markt\\\/\"},{\"@type\":\"ListItem\",\"position\":2,\"name\":\"Markt\",\"item\":\"https:\\\/\\\/marktxxl.de\\\/markt\\\/\"},{\"@type\":\"ListItem\",\"position\":3,\"name\":\"Pinzetten Set 4 St &#8211; Edelstahl Pinzette Perfekte Pr\u00e4zision zum Augenbrauenzupfen Gesichtshaarentfernung Hochwertige\u2026\"}]},{\"@type\":\"WebSite\",\"@id\":\"https:\\\/\\\/marktxxl.de\\\/markt\\\/#website\",\"url\":\"https:\\\/\\\/marktxxl.de\\\/markt\\\/\",\"name\":\"Markt-XXL\",\"description\":\"Ihr Markt Online\",\"publisher\":{\"@id\":\"https:\\\/\\\/marktxxl.de\\\/markt\\\/#organization\"},\"potentialAction\":[{\"@type\":\"SearchAction\",\"target\":{\"@type\":\"EntryPoint\",\"urlTemplate\":\"https:\\\/\\\/marktxxl.de\\\/markt\\\/?s={search_term_string}\"},\"query-input\":{\"@type\":\"PropertyValueSpecification\",\"valueRequired\":true,\"valueName\":\"search_term_string\"}}],\"inLanguage\":\"de\"},{\"@type\":\"Organization\",\"@id\":\"https:\\\/\\\/marktxxl.de\\\/markt\\\/#organization\",\"name\":\"Markt-XXL\",\"url\":\"https:\\\/\\\/marktxxl.de\\\/markt\\\/\",\"logo\":{\"@type\":\"ImageObject\",\"inLanguage\":\"de\",\"@id\":\"https:\\\/\\\/marktxxl.de\\\/markt\\\/#\\\/schema\\\/logo\\\/image\\\/\",\"url\":\"https:\\\/\\\/marktxxl.de\\\/markt\\\/wp-content\\\/uploads\\\/sites\\\/3\\\/2020\\\/12\\\/logo.png\",\"contentUrl\":\"https:\\\/\\\/marktxxl.de\\\/markt\\\/wp-content\\\/uploads\\\/sites\\\/3\\\/2020\\\/12\\\/logo.png\",\"width\":200,\"height\":70,\"caption\":\"Markt-XXL\"},\"image\":{\"@id\":\"https:\\\/\\\/marktxxl.de\\\/markt\\\/#\\\/schema\\\/logo\\\/image\\\/\"}}]}<\/script>\n<!-- \/ Yoast SEO plugin. -->","yoast_head_json":{"title":"Pinzetten Set 4 St - Edelstahl Pinzette Perfekte Pr\u00e4zision zum Augenbrauenzupfen Gesichtshaarentfernung Hochwertige\u2026 - Markt-XXL","description":"Markt-XXL Pinzetten Set 4 St - Edelstahl Pinzette Perfekte Pr\u00e4zision zum Augenbrauenzupfen Gesichtshaarentfernung Hochwertige\u2026","robots":{"index":"index","follow":"follow","max-snippet":"max-snippet:-1","max-image-preview":"max-image-preview:large","max-video-preview":"max-video-preview:-1"},"canonical":"https:\/\/marktxxl.de\/markt\/produkt\/bezox-pinzetten-set-4-st-edelstahl-pinzette-perfekte-praezision-zum-augenbrauenzupfen-gesichtshaarentfernung-hochwertige-pinzette-fuer-eingewachsene-haare-gesichtshaare-splitter-mitesser\/","og_locale":"de_DE","og_type":"article","og_title":"Pinzetten Set 4 St - Edelstahl Pinzette Perfekte Pr\u00e4zision zum Augenbrauenzupfen Gesichtshaarentfernung Hochwertige\u2026 - Markt-XXL","og_description":"Markt-XXL Pinzetten Set 4 St - Edelstahl Pinzette Perfekte Pr\u00e4zision zum Augenbrauenzupfen Gesichtshaarentfernung Hochwertige\u2026","og_url":"https:\/\/marktxxl.de\/markt\/produkt\/bezox-pinzetten-set-4-st-edelstahl-pinzette-perfekte-praezision-zum-augenbrauenzupfen-gesichtshaarentfernung-hochwertige-pinzette-fuer-eingewachsene-haare-gesichtshaare-splitter-mitesser\/","og_site_name":"Markt-XXL","article_modified_time":"2023-04-11T03:12:21+00:00","og_image":[{"width":500,"height":500,"url":"https:\/\/m.media-amazon.com\/images\/I\/41sIargczoL._SL500_.jpg","type":"image\/jpeg"}],"twitter_card":"summary_large_image","twitter_misc":{"Gesch\u00e4tzte Lesezeit":"1\u00a0Minute"},"schema":{"@context":"https:\/\/schema.org","@graph":[{"@type":"WebPage","@id":"https:\/\/marktxxl.de\/markt\/produkt\/bezox-pinzetten-set-4-st-edelstahl-pinzette-perfekte-praezision-zum-augenbrauenzupfen-gesichtshaarentfernung-hochwertige-pinzette-fuer-eingewachsene-haare-gesichtshaare-splitter-mitesser\/","url":"https:\/\/marktxxl.de\/markt\/produkt\/bezox-pinzetten-set-4-st-edelstahl-pinzette-perfekte-praezision-zum-augenbrauenzupfen-gesichtshaarentfernung-hochwertige-pinzette-fuer-eingewachsene-haare-gesichtshaare-splitter-mitesser\/","name":"Pinzetten Set 4 St - Edelstahl Pinzette Perfekte Pr\u00e4zision zum Augenbrauenzupfen Gesichtshaarentfernung Hochwertige\u2026 - Markt-XXL","isPartOf":{"@id":"https:\/\/marktxxl.de\/markt\/#website"},"primaryImageOfPage":{"@id":"https:\/\/marktxxl.de\/markt\/produkt\/bezox-pinzetten-set-4-st-edelstahl-pinzette-perfekte-praezision-zum-augenbrauenzupfen-gesichtshaarentfernung-hochwertige-pinzette-fuer-eingewachsene-haare-gesichtshaare-splitter-mitesser\/#primaryimage"},"image":{"@id":"https:\/\/marktxxl.de\/markt\/produkt\/bezox-pinzetten-set-4-st-edelstahl-pinzette-perfekte-praezision-zum-augenbrauenzupfen-gesichtshaarentfernung-hochwertige-pinzette-fuer-eingewachsene-haare-gesichtshaare-splitter-mitesser\/#primaryimage"},"thumbnailUrl":"https:\/\/m.media-amazon.com\/images\/I\/41sIargczoL._SL500_.jpg","datePublished":"2023-01-10T05:25:44+00:00","dateModified":"2023-04-11T03:12:21+00:00","description":"Markt-XXL Pinzetten Set 4 St - Edelstahl Pinzette Perfekte Pr\u00e4zision zum Augenbrauenzupfen Gesichtshaarentfernung Hochwertige\u2026","breadcrumb":{"@id":"https:\/\/marktxxl.de\/markt\/produkt\/bezox-pinzetten-set-4-st-edelstahl-pinzette-perfekte-praezision-zum-augenbrauenzupfen-gesichtshaarentfernung-hochwertige-pinzette-fuer-eingewachsene-haare-gesichtshaare-splitter-mitesser\/#breadcrumb"},"inLanguage":"de","potentialAction":[{"@type":"ReadAction","target":["https:\/\/marktxxl.de\/markt\/produkt\/bezox-pinzetten-set-4-st-edelstahl-pinzette-perfekte-praezision-zum-augenbrauenzupfen-gesichtshaarentfernung-hochwertige-pinzette-fuer-eingewachsene-haare-gesichtshaare-splitter-mitesser\/"]}]},{"@type":"ImageObject","inLanguage":"de","@id":"https:\/\/marktxxl.de\/markt\/produkt\/bezox-pinzetten-set-4-st-edelstahl-pinzette-perfekte-praezision-zum-augenbrauenzupfen-gesichtshaarentfernung-hochwertige-pinzette-fuer-eingewachsene-haare-gesichtshaare-splitter-mitesser\/#primaryimage","url":"https:\/\/m.media-amazon.com\/images\/I\/41sIargczoL._SL500_.jpg","contentUrl":"https:\/\/m.media-amazon.com\/images\/I\/41sIargczoL._SL500_.jpg","width":500,"height":500},{"@type":"BreadcrumbList","@id":"https:\/\/marktxxl.de\/markt\/produkt\/bezox-pinzetten-set-4-st-edelstahl-pinzette-perfekte-praezision-zum-augenbrauenzupfen-gesichtshaarentfernung-hochwertige-pinzette-fuer-eingewachsene-haare-gesichtshaare-splitter-mitesser\/#breadcrumb","itemListElement":[{"@type":"ListItem","position":1,"name":"Startseite","item":"https:\/\/marktxxl.de\/markt\/"},{"@type":"ListItem","position":2,"name":"Markt","item":"https:\/\/marktxxl.de\/markt\/"},{"@type":"ListItem","position":3,"name":"Pinzetten Set 4 St &#8211; Edelstahl Pinzette Perfekte Pr\u00e4zision zum Augenbrauenzupfen Gesichtshaarentfernung Hochwertige\u2026"}]},{"@type":"WebSite","@id":"https:\/\/marktxxl.de\/markt\/#website","url":"https:\/\/marktxxl.de\/markt\/","name":"Markt-XXL","description":"Ihr Markt Online","publisher":{"@id":"https:\/\/marktxxl.de\/markt\/#organization"},"potentialAction":[{"@type":"SearchAction","target":{"@type":"EntryPoint","urlTemplate":"https:\/\/marktxxl.de\/markt\/?s={search_term_string}"},"query-input":{"@type":"PropertyValueSpecification","valueRequired":true,"valueName":"search_term_string"}}],"inLanguage":"de"},{"@type":"Organization","@id":"https:\/\/marktxxl.de\/markt\/#organization","name":"Markt-XXL","url":"https:\/\/marktxxl.de\/markt\/","logo":{"@type":"ImageObject","inLanguage":"de","@id":"https:\/\/marktxxl.de\/markt\/#\/schema\/logo\/image\/","url":"https:\/\/marktxxl.de\/markt\/wp-content\/uploads\/sites\/3\/2020\/12\/logo.png","contentUrl":"https:\/\/marktxxl.de\/markt\/wp-content\/uploads\/sites\/3\/2020\/12\/logo.png","width":200,"height":70,"caption":"Markt-XXL"},"image":{"@id":"https:\/\/marktxxl.de\/markt\/#\/schema\/logo\/image\/"}}]}},"_links":{"self":[{"href":"https:\/\/marktxxl.de\/markt\/wp-json\/wp\/v2\/product\/181636","targetHints":{"allow":["GET"]}}],"collection":[{"href":"https:\/\/marktxxl.de\/markt\/wp-json\/wp\/v2\/product"}],"about":[{"href":"https:\/\/marktxxl.de\/markt\/wp-json\/wp\/v2\/types\/product"}],"replies":[{"embeddable":true,"href":"https:\/\/marktxxl.de\/markt\/wp-json\/wp\/v2\/comments?post=181636"}],"wp:featuredmedia":[{"embeddable":true,"href":"https:\/\/marktxxl.de\/markt\/wp-json\/wp\/v2\/media\/181637"}],"wp:attachment":[{"href":"https:\/\/marktxxl.de\/markt\/wp-json\/wp\/v2\/media?parent=181636"}],"wp:term":[{"taxonomy":"product_brand","embeddable":true,"href":"https:\/\/marktxxl.de\/markt\/wp-json\/wp\/v2\/product_brand?post=181636"},{"taxonomy":"product_cat","embeddable":true,"href":"https:\/\/marktxxl.de\/markt\/wp-json\/wp\/v2\/product_cat?post=181636"},{"taxonomy":"product_tag","embeddable":true,"href":"https:\/\/marktxxl.de\/markt\/wp-json\/wp\/v2\/product_tag?post=181636"}],"curies":[{"name":"wp","href":"https:\/\/api.w.org\/{rel}","templated":true}]}}