{"id":181606,"date":"2023-01-10T06:06:04","date_gmt":"2023-01-10T05:06:04","guid":{"rendered":"https:\/\/marktxxl.de\/markt\/produkt\/13-stuecke-mitesserentferner-komedonenquetscher-kit-akne-mitesser-tools-blackhead-remover-pinzetten-set-aus-edelstahl-fuer-gesichtsfehler-geeignet-fuer-frauen-und-maenner\/"},"modified":"2023-04-11T05:12:21","modified_gmt":"2023-04-11T03:12:21","slug":"13-stuecke-mitesserentferner-komedonenquetscher-kit-akne-mitesser-tools-blackhead-remover-pinzetten-set-aus-edelstahl-fuer-gesichtsfehler-geeignet-fuer-frauen-und-maenner","status":"publish","type":"product","link":"https:\/\/marktxxl.de\/markt\/produkt\/13-stuecke-mitesserentferner-komedonenquetscher-kit-akne-mitesser-tools-blackhead-remover-pinzetten-set-aus-edelstahl-fuer-gesichtsfehler-geeignet-fuer-frauen-und-maenner\/","title":{"rendered":"13 St\u00fccke Mitesserentferner Komedonenquetscher Kit, Akne Mitesser Tools Blackhead Remover Pinzetten-Set aus Edelstahl\u2026"},"content":{"rendered":"<p>13-teiliges Multifunktionales Extraktionsset: 13-teilige Mitesser-Entfernungswerkzeuge mit unterschiedlich gro\u00dfen Nadeln, Schlaufen und Pinzetten k\u00f6nnen alle Arten von Mitessern, Akne- und Fettpartikeln und verschiedenen Sch\u00f6nheitsfehlern effektiv behandeln<br \/>\nPremium-Qualit\u00e4t: Alle Werkzeuge sind aus Edelstahl gefertigt, leicht zu reinigen, k\u00f6nnen f\u00fcr verschiedene Hauttypen verwendet werden (\u00f6lige, milde oder trockene Haut), Sie k\u00f6nnen sie leicht kontrollieren und die Haut nicht verletzen<br \/>\nErgonomischer Griff: Rutschfeste Griffe helfen Ihnen, das Werkzeug w\u00e4hrend des Gebrauchs besser zu kontrollieren und sicherzustellen, dass jeder Schritt mit au\u00dfergew\u00f6hnlicher Kontrolle und Pr\u00e4zision ausgef\u00fchrt werden kann, um Ihre Haut besser zu pflegen<br \/>\nPerfektes Geschenk: Die Werkzeuge zum Entfernen von Mitessern k\u00f6nnen als ideale Geschenke f\u00fcr Geburtstage, Weihnachten, Muttertag, Valentinstag, Jubil\u00e4en usw. verwendet werden<br \/>\nEinfach zu tragen: 13-teilige Werkzeuge zum Entfernen von Mitessern werden mit einer Aufbewahrungsbox geliefert, um Ihr Werkzeug in Ordnung zu halten und Ihre Werkzeuge zum Entfernen von Mitessern auf Reisen einfach mitzunehmen<br \/>\n<div class=\"main-cross-sell\" data-asin=\"B09V57CXKG\">\n\n\t<div class=\"WooZone-cross-sell-loader\">\n\t\t<div>\n\t\t\t<div id=\"floatingBarsG\">\n\t\t\t\t<div class=\"blockG\" id=\"rotateG_01\"><\/div>\n\t\t\t\t<div class=\"blockG\" id=\"rotateG_02\"><\/div>\n\t\t\t\t<div class=\"blockG\" id=\"rotateG_03\"><\/div>\n\t\t\t\t<div class=\"blockG\" id=\"rotateG_04\"><\/div>\n\t\t\t\t<div class=\"blockG\" id=\"rotateG_05\"><\/div>\n\t\t\t\t<div class=\"blockG\" id=\"rotateG_06\"><\/div>\n\t\t\t\t<div class=\"blockG\" id=\"rotateG_07\"><\/div>\n\t\t\t\t<div class=\"blockG\" id=\"rotateG_08\"><\/div>\n\t\t\t<\/div>\n\t\t\t<div class=\"WooZone-cross-sell-loader-text\"><\/div>\n\t\t<\/div>\n\t<\/div>\n\n\t\t\n<\/div>\n<div style=\"clear:both;\"><\/div><\/p>\n","protected":false},"excerpt":{"rendered":"<p>13-teiliges Multifunktionales Extraktionsset: 13-teilige Mitesser-Entfernungswerkzeuge mit unterschiedlich gro\u00dfen Nadeln, Schlaufen und Pinzetten k\u00f6nnen alle Arten von Mitessern, Akne- und Fettpartikeln und verschiedenen Sch\u00f6nheitsfehlern effektiv behandeln<br \/>\nPremium-Qualit\u00e4t: Alle Werkzeuge sind aus Edelstahl gefertigt, leicht zu reinigen, k\u00f6nnen f\u00fcr verschiedene Hauttypen verwendet werden (\u00f6lige, milde oder trockene Haut), Sie k\u00f6nnen sie leicht kontrollieren und die Haut nicht verletzen<br \/>\nErgonomischer Griff: Rutschfeste Griffe helfen Ihnen, das Werkzeug w\u00e4hrend des Gebrauchs besser zu kontrollieren und sicherzustellen, dass jeder Schritt mit au\u00dfergew\u00f6hnlicher Kontrolle und Pr\u00e4zision ausgef\u00fchrt werden kann, um Ihre Haut besser zu pflegen<\/p>\n","protected":false},"featured_media":181607,"comment_status":"open","ping_status":"closed","template":"","meta":[],"product_brand":[],"product_cat":[2858,7726],"product_tag":[],"class_list":{"0":"post-181606","1":"product","2":"type-product","3":"status-publish","4":"has-post-thumbnail","6":"product_cat-beauty","7":"product_cat-zubehoer-beauty","8":"pa_binding-badartikel","9":"pa_brand-auervo","10":"pa_manufacturer-auervo-uk","12":"first","13":"instock","14":"shipping-taxable","15":"purchasable","16":"product-type-simple","17":"customify-col","18":"product-has-gallery"},"yoast_head":"<!-- This site is optimized with the Yoast SEO plugin v27.4 - https:\/\/yoast.com\/product\/yoast-seo-wordpress\/ -->\n<title>13 St\u00fccke Mitesserentferner Komedonenquetscher Kit, Akne Mitesser Tools Blackhead Remover Pinzetten-Set aus Edelstahl\u2026 - Markt-XXL<\/title>\n<meta name=\"description\" content=\"Markt-XXL 13 St\u00fccke Mitesserentferner Komedonenquetscher Kit, Akne Mitesser Tools Blackhead Remover Pinzetten-Set aus Edelstahl\u2026\" \/>\n<meta name=\"robots\" content=\"index, follow, max-snippet:-1, max-image-preview:large, max-video-preview:-1\" \/>\n<link rel=\"canonical\" href=\"https:\/\/marktxxl.de\/markt\/produkt\/13-stuecke-mitesserentferner-komedonenquetscher-kit-akne-mitesser-tools-blackhead-remover-pinzetten-set-aus-edelstahl-fuer-gesichtsfehler-geeignet-fuer-frauen-und-maenner\/\" \/>\n<meta property=\"og:locale\" content=\"de_DE\" \/>\n<meta property=\"og:type\" content=\"article\" \/>\n<meta property=\"og:title\" content=\"13 St\u00fccke Mitesserentferner Komedonenquetscher Kit, Akne Mitesser Tools Blackhead Remover Pinzetten-Set aus Edelstahl\u2026 - Markt-XXL\" \/>\n<meta property=\"og:description\" content=\"Markt-XXL 13 St\u00fccke Mitesserentferner Komedonenquetscher Kit, Akne Mitesser Tools Blackhead Remover Pinzetten-Set aus Edelstahl\u2026\" \/>\n<meta property=\"og:url\" content=\"https:\/\/marktxxl.de\/markt\/produkt\/13-stuecke-mitesserentferner-komedonenquetscher-kit-akne-mitesser-tools-blackhead-remover-pinzetten-set-aus-edelstahl-fuer-gesichtsfehler-geeignet-fuer-frauen-und-maenner\/\" \/>\n<meta property=\"og:site_name\" content=\"Markt-XXL\" \/>\n<meta property=\"article:modified_time\" content=\"2023-04-11T03:12:21+00:00\" \/>\n<meta property=\"og:image\" content=\"https:\/\/m.media-amazon.com\/images\/I\/41rhVeXk6CL._SL500_.jpg\" \/>\n\t<meta property=\"og:image:width\" content=\"500\" \/>\n\t<meta property=\"og:image:height\" content=\"500\" \/>\n\t<meta property=\"og:image:type\" content=\"image\/jpeg\" \/>\n<meta name=\"twitter:card\" content=\"summary_large_image\" \/>\n<meta name=\"twitter:label1\" content=\"Gesch\u00e4tzte Lesezeit\" \/>\n\t<meta name=\"twitter:data1\" content=\"1\u00a0Minute\" \/>\n<script type=\"application\/ld+json\" class=\"yoast-schema-graph\">{\"@context\":\"https:\\\/\\\/schema.org\",\"@graph\":[{\"@type\":\"WebPage\",\"@id\":\"https:\\\/\\\/marktxxl.de\\\/markt\\\/produkt\\\/13-stuecke-mitesserentferner-komedonenquetscher-kit-akne-mitesser-tools-blackhead-remover-pinzetten-set-aus-edelstahl-fuer-gesichtsfehler-geeignet-fuer-frauen-und-maenner\\\/\",\"url\":\"https:\\\/\\\/marktxxl.de\\\/markt\\\/produkt\\\/13-stuecke-mitesserentferner-komedonenquetscher-kit-akne-mitesser-tools-blackhead-remover-pinzetten-set-aus-edelstahl-fuer-gesichtsfehler-geeignet-fuer-frauen-und-maenner\\\/\",\"name\":\"13 St\u00fccke Mitesserentferner Komedonenquetscher Kit, Akne Mitesser Tools Blackhead Remover Pinzetten-Set aus Edelstahl\u2026 - Markt-XXL\",\"isPartOf\":{\"@id\":\"https:\\\/\\\/marktxxl.de\\\/markt\\\/#website\"},\"primaryImageOfPage\":{\"@id\":\"https:\\\/\\\/marktxxl.de\\\/markt\\\/produkt\\\/13-stuecke-mitesserentferner-komedonenquetscher-kit-akne-mitesser-tools-blackhead-remover-pinzetten-set-aus-edelstahl-fuer-gesichtsfehler-geeignet-fuer-frauen-und-maenner\\\/#primaryimage\"},\"image\":{\"@id\":\"https:\\\/\\\/marktxxl.de\\\/markt\\\/produkt\\\/13-stuecke-mitesserentferner-komedonenquetscher-kit-akne-mitesser-tools-blackhead-remover-pinzetten-set-aus-edelstahl-fuer-gesichtsfehler-geeignet-fuer-frauen-und-maenner\\\/#primaryimage\"},\"thumbnailUrl\":\"https:\\\/\\\/m.media-amazon.com\\\/images\\\/I\\\/41rhVeXk6CL._SL500_.jpg\",\"datePublished\":\"2023-01-10T05:06:04+00:00\",\"dateModified\":\"2023-04-11T03:12:21+00:00\",\"description\":\"Markt-XXL 13 St\u00fccke Mitesserentferner Komedonenquetscher Kit, Akne Mitesser Tools Blackhead Remover Pinzetten-Set aus Edelstahl\u2026\",\"breadcrumb\":{\"@id\":\"https:\\\/\\\/marktxxl.de\\\/markt\\\/produkt\\\/13-stuecke-mitesserentferner-komedonenquetscher-kit-akne-mitesser-tools-blackhead-remover-pinzetten-set-aus-edelstahl-fuer-gesichtsfehler-geeignet-fuer-frauen-und-maenner\\\/#breadcrumb\"},\"inLanguage\":\"de\",\"potentialAction\":[{\"@type\":\"ReadAction\",\"target\":[\"https:\\\/\\\/marktxxl.de\\\/markt\\\/produkt\\\/13-stuecke-mitesserentferner-komedonenquetscher-kit-akne-mitesser-tools-blackhead-remover-pinzetten-set-aus-edelstahl-fuer-gesichtsfehler-geeignet-fuer-frauen-und-maenner\\\/\"]}]},{\"@type\":\"ImageObject\",\"inLanguage\":\"de\",\"@id\":\"https:\\\/\\\/marktxxl.de\\\/markt\\\/produkt\\\/13-stuecke-mitesserentferner-komedonenquetscher-kit-akne-mitesser-tools-blackhead-remover-pinzetten-set-aus-edelstahl-fuer-gesichtsfehler-geeignet-fuer-frauen-und-maenner\\\/#primaryimage\",\"url\":\"https:\\\/\\\/m.media-amazon.com\\\/images\\\/I\\\/41rhVeXk6CL._SL500_.jpg\",\"contentUrl\":\"https:\\\/\\\/m.media-amazon.com\\\/images\\\/I\\\/41rhVeXk6CL._SL500_.jpg\",\"width\":500,\"height\":500},{\"@type\":\"BreadcrumbList\",\"@id\":\"https:\\\/\\\/marktxxl.de\\\/markt\\\/produkt\\\/13-stuecke-mitesserentferner-komedonenquetscher-kit-akne-mitesser-tools-blackhead-remover-pinzetten-set-aus-edelstahl-fuer-gesichtsfehler-geeignet-fuer-frauen-und-maenner\\\/#breadcrumb\",\"itemListElement\":[{\"@type\":\"ListItem\",\"position\":1,\"name\":\"Startseite\",\"item\":\"https:\\\/\\\/marktxxl.de\\\/markt\\\/\"},{\"@type\":\"ListItem\",\"position\":2,\"name\":\"Markt\",\"item\":\"https:\\\/\\\/marktxxl.de\\\/markt\\\/\"},{\"@type\":\"ListItem\",\"position\":3,\"name\":\"13 St\u00fccke Mitesserentferner Komedonenquetscher Kit, Akne Mitesser Tools Blackhead Remover Pinzetten-Set aus Edelstahl\u2026\"}]},{\"@type\":\"WebSite\",\"@id\":\"https:\\\/\\\/marktxxl.de\\\/markt\\\/#website\",\"url\":\"https:\\\/\\\/marktxxl.de\\\/markt\\\/\",\"name\":\"Markt-XXL\",\"description\":\"Ihr Markt Online\",\"publisher\":{\"@id\":\"https:\\\/\\\/marktxxl.de\\\/markt\\\/#organization\"},\"potentialAction\":[{\"@type\":\"SearchAction\",\"target\":{\"@type\":\"EntryPoint\",\"urlTemplate\":\"https:\\\/\\\/marktxxl.de\\\/markt\\\/?s={search_term_string}\"},\"query-input\":{\"@type\":\"PropertyValueSpecification\",\"valueRequired\":true,\"valueName\":\"search_term_string\"}}],\"inLanguage\":\"de\"},{\"@type\":\"Organization\",\"@id\":\"https:\\\/\\\/marktxxl.de\\\/markt\\\/#organization\",\"name\":\"Markt-XXL\",\"url\":\"https:\\\/\\\/marktxxl.de\\\/markt\\\/\",\"logo\":{\"@type\":\"ImageObject\",\"inLanguage\":\"de\",\"@id\":\"https:\\\/\\\/marktxxl.de\\\/markt\\\/#\\\/schema\\\/logo\\\/image\\\/\",\"url\":\"https:\\\/\\\/marktxxl.de\\\/markt\\\/wp-content\\\/uploads\\\/sites\\\/3\\\/2020\\\/12\\\/logo.png\",\"contentUrl\":\"https:\\\/\\\/marktxxl.de\\\/markt\\\/wp-content\\\/uploads\\\/sites\\\/3\\\/2020\\\/12\\\/logo.png\",\"width\":200,\"height\":70,\"caption\":\"Markt-XXL\"},\"image\":{\"@id\":\"https:\\\/\\\/marktxxl.de\\\/markt\\\/#\\\/schema\\\/logo\\\/image\\\/\"}}]}<\/script>\n<!-- \/ Yoast SEO plugin. -->","yoast_head_json":{"title":"13 St\u00fccke Mitesserentferner Komedonenquetscher Kit, Akne Mitesser Tools Blackhead Remover Pinzetten-Set aus Edelstahl\u2026 - Markt-XXL","description":"Markt-XXL 13 St\u00fccke Mitesserentferner Komedonenquetscher Kit, Akne Mitesser Tools Blackhead Remover Pinzetten-Set aus Edelstahl\u2026","robots":{"index":"index","follow":"follow","max-snippet":"max-snippet:-1","max-image-preview":"max-image-preview:large","max-video-preview":"max-video-preview:-1"},"canonical":"https:\/\/marktxxl.de\/markt\/produkt\/13-stuecke-mitesserentferner-komedonenquetscher-kit-akne-mitesser-tools-blackhead-remover-pinzetten-set-aus-edelstahl-fuer-gesichtsfehler-geeignet-fuer-frauen-und-maenner\/","og_locale":"de_DE","og_type":"article","og_title":"13 St\u00fccke Mitesserentferner Komedonenquetscher Kit, Akne Mitesser Tools Blackhead Remover Pinzetten-Set aus Edelstahl\u2026 - Markt-XXL","og_description":"Markt-XXL 13 St\u00fccke Mitesserentferner Komedonenquetscher Kit, Akne Mitesser Tools Blackhead Remover Pinzetten-Set aus Edelstahl\u2026","og_url":"https:\/\/marktxxl.de\/markt\/produkt\/13-stuecke-mitesserentferner-komedonenquetscher-kit-akne-mitesser-tools-blackhead-remover-pinzetten-set-aus-edelstahl-fuer-gesichtsfehler-geeignet-fuer-frauen-und-maenner\/","og_site_name":"Markt-XXL","article_modified_time":"2023-04-11T03:12:21+00:00","og_image":[{"width":500,"height":500,"url":"https:\/\/m.media-amazon.com\/images\/I\/41rhVeXk6CL._SL500_.jpg","type":"image\/jpeg"}],"twitter_card":"summary_large_image","twitter_misc":{"Gesch\u00e4tzte Lesezeit":"1\u00a0Minute"},"schema":{"@context":"https:\/\/schema.org","@graph":[{"@type":"WebPage","@id":"https:\/\/marktxxl.de\/markt\/produkt\/13-stuecke-mitesserentferner-komedonenquetscher-kit-akne-mitesser-tools-blackhead-remover-pinzetten-set-aus-edelstahl-fuer-gesichtsfehler-geeignet-fuer-frauen-und-maenner\/","url":"https:\/\/marktxxl.de\/markt\/produkt\/13-stuecke-mitesserentferner-komedonenquetscher-kit-akne-mitesser-tools-blackhead-remover-pinzetten-set-aus-edelstahl-fuer-gesichtsfehler-geeignet-fuer-frauen-und-maenner\/","name":"13 St\u00fccke Mitesserentferner Komedonenquetscher Kit, Akne Mitesser Tools Blackhead Remover Pinzetten-Set aus Edelstahl\u2026 - Markt-XXL","isPartOf":{"@id":"https:\/\/marktxxl.de\/markt\/#website"},"primaryImageOfPage":{"@id":"https:\/\/marktxxl.de\/markt\/produkt\/13-stuecke-mitesserentferner-komedonenquetscher-kit-akne-mitesser-tools-blackhead-remover-pinzetten-set-aus-edelstahl-fuer-gesichtsfehler-geeignet-fuer-frauen-und-maenner\/#primaryimage"},"image":{"@id":"https:\/\/marktxxl.de\/markt\/produkt\/13-stuecke-mitesserentferner-komedonenquetscher-kit-akne-mitesser-tools-blackhead-remover-pinzetten-set-aus-edelstahl-fuer-gesichtsfehler-geeignet-fuer-frauen-und-maenner\/#primaryimage"},"thumbnailUrl":"https:\/\/m.media-amazon.com\/images\/I\/41rhVeXk6CL._SL500_.jpg","datePublished":"2023-01-10T05:06:04+00:00","dateModified":"2023-04-11T03:12:21+00:00","description":"Markt-XXL 13 St\u00fccke Mitesserentferner Komedonenquetscher Kit, Akne Mitesser Tools Blackhead Remover Pinzetten-Set aus Edelstahl\u2026","breadcrumb":{"@id":"https:\/\/marktxxl.de\/markt\/produkt\/13-stuecke-mitesserentferner-komedonenquetscher-kit-akne-mitesser-tools-blackhead-remover-pinzetten-set-aus-edelstahl-fuer-gesichtsfehler-geeignet-fuer-frauen-und-maenner\/#breadcrumb"},"inLanguage":"de","potentialAction":[{"@type":"ReadAction","target":["https:\/\/marktxxl.de\/markt\/produkt\/13-stuecke-mitesserentferner-komedonenquetscher-kit-akne-mitesser-tools-blackhead-remover-pinzetten-set-aus-edelstahl-fuer-gesichtsfehler-geeignet-fuer-frauen-und-maenner\/"]}]},{"@type":"ImageObject","inLanguage":"de","@id":"https:\/\/marktxxl.de\/markt\/produkt\/13-stuecke-mitesserentferner-komedonenquetscher-kit-akne-mitesser-tools-blackhead-remover-pinzetten-set-aus-edelstahl-fuer-gesichtsfehler-geeignet-fuer-frauen-und-maenner\/#primaryimage","url":"https:\/\/m.media-amazon.com\/images\/I\/41rhVeXk6CL._SL500_.jpg","contentUrl":"https:\/\/m.media-amazon.com\/images\/I\/41rhVeXk6CL._SL500_.jpg","width":500,"height":500},{"@type":"BreadcrumbList","@id":"https:\/\/marktxxl.de\/markt\/produkt\/13-stuecke-mitesserentferner-komedonenquetscher-kit-akne-mitesser-tools-blackhead-remover-pinzetten-set-aus-edelstahl-fuer-gesichtsfehler-geeignet-fuer-frauen-und-maenner\/#breadcrumb","itemListElement":[{"@type":"ListItem","position":1,"name":"Startseite","item":"https:\/\/marktxxl.de\/markt\/"},{"@type":"ListItem","position":2,"name":"Markt","item":"https:\/\/marktxxl.de\/markt\/"},{"@type":"ListItem","position":3,"name":"13 St\u00fccke Mitesserentferner Komedonenquetscher Kit, Akne Mitesser Tools Blackhead Remover Pinzetten-Set aus Edelstahl\u2026"}]},{"@type":"WebSite","@id":"https:\/\/marktxxl.de\/markt\/#website","url":"https:\/\/marktxxl.de\/markt\/","name":"Markt-XXL","description":"Ihr Markt Online","publisher":{"@id":"https:\/\/marktxxl.de\/markt\/#organization"},"potentialAction":[{"@type":"SearchAction","target":{"@type":"EntryPoint","urlTemplate":"https:\/\/marktxxl.de\/markt\/?s={search_term_string}"},"query-input":{"@type":"PropertyValueSpecification","valueRequired":true,"valueName":"search_term_string"}}],"inLanguage":"de"},{"@type":"Organization","@id":"https:\/\/marktxxl.de\/markt\/#organization","name":"Markt-XXL","url":"https:\/\/marktxxl.de\/markt\/","logo":{"@type":"ImageObject","inLanguage":"de","@id":"https:\/\/marktxxl.de\/markt\/#\/schema\/logo\/image\/","url":"https:\/\/marktxxl.de\/markt\/wp-content\/uploads\/sites\/3\/2020\/12\/logo.png","contentUrl":"https:\/\/marktxxl.de\/markt\/wp-content\/uploads\/sites\/3\/2020\/12\/logo.png","width":200,"height":70,"caption":"Markt-XXL"},"image":{"@id":"https:\/\/marktxxl.de\/markt\/#\/schema\/logo\/image\/"}}]}},"_links":{"self":[{"href":"https:\/\/marktxxl.de\/markt\/wp-json\/wp\/v2\/product\/181606","targetHints":{"allow":["GET"]}}],"collection":[{"href":"https:\/\/marktxxl.de\/markt\/wp-json\/wp\/v2\/product"}],"about":[{"href":"https:\/\/marktxxl.de\/markt\/wp-json\/wp\/v2\/types\/product"}],"replies":[{"embeddable":true,"href":"https:\/\/marktxxl.de\/markt\/wp-json\/wp\/v2\/comments?post=181606"}],"wp:featuredmedia":[{"embeddable":true,"href":"https:\/\/marktxxl.de\/markt\/wp-json\/wp\/v2\/media\/181607"}],"wp:attachment":[{"href":"https:\/\/marktxxl.de\/markt\/wp-json\/wp\/v2\/media?parent=181606"}],"wp:term":[{"taxonomy":"product_brand","embeddable":true,"href":"https:\/\/marktxxl.de\/markt\/wp-json\/wp\/v2\/product_brand?post=181606"},{"taxonomy":"product_cat","embeddable":true,"href":"https:\/\/marktxxl.de\/markt\/wp-json\/wp\/v2\/product_cat?post=181606"},{"taxonomy":"product_tag","embeddable":true,"href":"https:\/\/marktxxl.de\/markt\/wp-json\/wp\/v2\/product_tag?post=181606"}],"curies":[{"name":"wp","href":"https:\/\/api.w.org\/{rel}","templated":true}]}}