{"id":181583,"date":"2023-01-10T06:05:26","date_gmt":"2023-01-10T05:05:26","guid":{"rendered":"https:\/\/marktxxl.de\/markt\/produkt\/aspaces-abschminkpads-waschbar-20-stueck-wiederverwendbare-wattepads-aus-bambus-und-baumwolle-mit-waeschesack-nachhaltig-weich-schonend-abschminktuecher-perfekt-fuer-gesichtsreinigung\/"},"modified":"2023-04-11T05:12:21","modified_gmt":"2023-04-11T03:12:21","slug":"aspaces-abschminkpads-waschbar-20-stueck-wiederverwendbare-wattepads-aus-bambus-und-baumwolle-mit-waeschesack-nachhaltig-weich-schonend-abschminktuecher-perfekt-fuer-gesichtsreinigung","status":"publish","type":"product","link":"https:\/\/marktxxl.de\/markt\/produkt\/aspaces-abschminkpads-waschbar-20-stueck-wiederverwendbare-wattepads-aus-bambus-und-baumwolle-mit-waeschesack-nachhaltig-weich-schonend-abschminktuecher-perfekt-fuer-gesichtsreinigung\/","title":{"rendered":"ASPACES Abschminkpads Waschbar, 20 St\u00fcck Wiederverwendbare Wattepads aus Bambus und Baumwolle mit W\u00e4schesack, Nachhaltig\u2026"},"content":{"rendered":"<p>\ud83d\udc96 HERVORRAGENDE QUALIT\u00c4TSSICHERUNG\ud83d\udc96 &#8211; Die 8cm Durchmesser runden Abschminkpads sind in einem hochwertigen Mehrschichtaufbau ausgef\u00fchrt. Einfache und pflegeleichte Reinigung f\u00fcr sensible, empfindliche und unreine Haut. Die Kosmetikpads bestehen aus 80 % Bambus-Viscose &amp; 20 % Baumwolle und komplett plastikfrei, Nur um Ihnen ein gutes Make-up-Entfernungserlebnis zu bieten.<br \/>\n\ud83d\udc96 WASCHBAR &amp; WIEDERVERWENDBAR\ud83d\udc96 &#8211; Die waschbaren Makeup-Remover Pads sind mehrlagig. Leichte Verschmutzungen k\u00f6nnen mit warmen Wasser und Seife ausgewaschen werden, was die Pads sofort wiederverwendbar macht. Bei st\u00e4rkeren Verschmutzungen einfach bei bis zu 60\u00b0C in die Waschmaschine geben.<br \/>\n\ud83d\udc96 HAUTFREUNDLICHE WEICHE OBERFL\u00c4CHE\ud83d\udc96 &#8211; Unsere\u200b Baumwollpads passen sich s\u00e4mtlichen Hauttypen an und sorgen f\u00fcr die einwandfreie Reinigung und Pflege Ihrer Haut. Die weiche und fusselfrei Oberfl\u00e4che ist bestens f\u00fcr das Abschminken oder Reinigen der Haut geeignet. Durch seine feine Struktur und den verwendeten Materialien, nimmt das Bambus Wattepad perfekt Makeup und Feuchtigkeit.<br \/>\n\ud83d\udc96 UMWELTFREUNDLICH &amp; NACHHALTIG\ud83d\udc96 &#8211; Die wiederverwendbaren Pads ersetzen herk\u00f6mmliche Einwegpads und tragen zur M\u00fcllvermeidung bei. Die wiederverwendbaren Bambus-Viskose &amp; Baumwoll-Pads sind eine Nachhaltigere Alternative f\u00fcr Einweg-Abschminkpads.<br \/>\n\ud83d\udc96 ASPACES ZUFRIEDNHEIT VERSPRECHEN\ud83d\udc96 &#8211; Unser oberstes ziel ist die kundenzufriedenheit und wir sind verpflichtet, keinen grund f\u00fcr eine r\u00fcckgabe innerhalb von 60 tagen zu haben.<br \/>\n<div class=\"main-cross-sell\" data-asin=\"B091Y7WLPZ\">\n\n\t<div class=\"WooZone-cross-sell-loader\">\n\t\t<div>\n\t\t\t<div id=\"floatingBarsG\">\n\t\t\t\t<div class=\"blockG\" id=\"rotateG_01\"><\/div>\n\t\t\t\t<div class=\"blockG\" id=\"rotateG_02\"><\/div>\n\t\t\t\t<div class=\"blockG\" id=\"rotateG_03\"><\/div>\n\t\t\t\t<div class=\"blockG\" id=\"rotateG_04\"><\/div>\n\t\t\t\t<div class=\"blockG\" id=\"rotateG_05\"><\/div>\n\t\t\t\t<div class=\"blockG\" id=\"rotateG_06\"><\/div>\n\t\t\t\t<div class=\"blockG\" id=\"rotateG_07\"><\/div>\n\t\t\t\t<div class=\"blockG\" id=\"rotateG_08\"><\/div>\n\t\t\t<\/div>\n\t\t\t<div class=\"WooZone-cross-sell-loader-text\"><\/div>\n\t\t<\/div>\n\t<\/div>\n\n\t\t\n<\/div>\n<div style=\"clear:both;\"><\/div><\/p>\n","protected":false},"excerpt":{"rendered":"<p>\ud83d\udc96 HERVORRAGENDE QUALIT\u00c4TSSICHERUNG\ud83d\udc96 &#8211; Die 8cm Durchmesser runden Abschminkpads sind in einem hochwertigen Mehrschichtaufbau ausgef\u00fchrt. Einfache und pflegeleichte Reinigung f\u00fcr sensible, empfindliche und unreine Haut. Die Kosmetikpads bestehen aus 80 % Bambus-Viscose &amp; 20 % Baumwolle und komplett plastikfrei, Nur um Ihnen ein gutes Make-up-Entfernungserlebnis zu bieten.<br \/>\n\ud83d\udc96 WASCHBAR &amp; WIEDERVERWENDBAR\ud83d\udc96 &#8211; Die waschbaren Makeup-Remover Pads sind mehrlagig. Leichte Verschmutzungen k\u00f6nnen mit warmen Wasser und Seife ausgewaschen werden, was die Pads sofort wiederverwendbar macht. Bei st\u00e4rkeren Verschmutzungen einfach bei bis zu 60\u00b0C in die Waschmaschine geben.<br \/>\n\ud83d\udc96 HAUTFREUNDLICHE WEICHE OBERFL\u00c4CHE\ud83d\udc96 &#8211; Unsere\u200b Baumwollpads passen sich s\u00e4mtlichen Hauttypen an und sorgen f\u00fcr die einwandfreie Reinigung und Pflege Ihrer Haut. Die weiche und fusselfrei Oberfl\u00e4che ist bestens f\u00fcr das Abschminken oder Reinigen der Haut geeignet. Durch seine feine Struktur und den verwendeten Materialien, nimmt das Bambus Wattepad perfekt Makeup und Feuchtigkeit.<\/p>\n","protected":false},"featured_media":181584,"comment_status":"open","ping_status":"closed","template":"","meta":[],"product_brand":[],"product_cat":[2858,7726],"product_tag":[],"class_list":{"0":"post-181583","1":"product","2":"type-product","3":"status-publish","4":"has-post-thumbnail","6":"product_cat-beauty","7":"product_cat-zubehoer-beauty","8":"pa_brand-aspaces","9":"pa_height-7-28-zoll","10":"pa_length-5-91-zoll","11":"pa_manufacturer-aspaces","12":"pa_size-21-piece-set","13":"pa_width-0-7-zoll","15":"first","16":"instock","17":"shipping-taxable","18":"purchasable","19":"product-type-simple","20":"customify-col","21":"product-has-gallery"},"yoast_head":"<!-- This site is optimized with the Yoast SEO plugin v27.4 - https:\/\/yoast.com\/product\/yoast-seo-wordpress\/ -->\n<title>ASPACES Abschminkpads Waschbar, 20 St\u00fcck Wiederverwendbare Wattepads aus Bambus und Baumwolle mit W\u00e4schesack, Nachhaltig\u2026 - Markt-XXL<\/title>\n<meta name=\"description\" content=\"Markt-XXL ASPACES Abschminkpads Waschbar, 20 St\u00fcck Wiederverwendbare Wattepads aus Bambus und Baumwolle mit W\u00e4schesack, Nachhaltig\u2026\" \/>\n<meta name=\"robots\" content=\"index, follow, max-snippet:-1, max-image-preview:large, max-video-preview:-1\" \/>\n<link rel=\"canonical\" href=\"https:\/\/marktxxl.de\/markt\/produkt\/aspaces-abschminkpads-waschbar-20-stueck-wiederverwendbare-wattepads-aus-bambus-und-baumwolle-mit-waeschesack-nachhaltig-weich-schonend-abschminktuecher-perfekt-fuer-gesichtsreinigung\/\" \/>\n<meta property=\"og:locale\" content=\"de_DE\" \/>\n<meta property=\"og:type\" content=\"article\" \/>\n<meta property=\"og:title\" content=\"ASPACES Abschminkpads Waschbar, 20 St\u00fcck Wiederverwendbare Wattepads aus Bambus und Baumwolle mit W\u00e4schesack, Nachhaltig\u2026 - Markt-XXL\" \/>\n<meta property=\"og:description\" content=\"Markt-XXL ASPACES Abschminkpads Waschbar, 20 St\u00fcck Wiederverwendbare Wattepads aus Bambus und Baumwolle mit W\u00e4schesack, Nachhaltig\u2026\" \/>\n<meta property=\"og:url\" content=\"https:\/\/marktxxl.de\/markt\/produkt\/aspaces-abschminkpads-waschbar-20-stueck-wiederverwendbare-wattepads-aus-bambus-und-baumwolle-mit-waeschesack-nachhaltig-weich-schonend-abschminktuecher-perfekt-fuer-gesichtsreinigung\/\" \/>\n<meta property=\"og:site_name\" content=\"Markt-XXL\" \/>\n<meta property=\"article:modified_time\" content=\"2023-04-11T03:12:21+00:00\" \/>\n<meta property=\"og:image\" content=\"https:\/\/m.media-amazon.com\/images\/I\/51lAVxDVWXS._SL500_.jpg\" \/>\n\t<meta property=\"og:image:width\" content=\"500\" \/>\n\t<meta property=\"og:image:height\" content=\"500\" \/>\n\t<meta property=\"og:image:type\" content=\"image\/jpeg\" \/>\n<meta name=\"twitter:card\" content=\"summary_large_image\" \/>\n<meta name=\"twitter:label1\" content=\"Gesch\u00e4tzte Lesezeit\" \/>\n\t<meta name=\"twitter:data1\" content=\"1\u00a0Minute\" \/>\n<script type=\"application\/ld+json\" class=\"yoast-schema-graph\">{\"@context\":\"https:\\\/\\\/schema.org\",\"@graph\":[{\"@type\":\"WebPage\",\"@id\":\"https:\\\/\\\/marktxxl.de\\\/markt\\\/produkt\\\/aspaces-abschminkpads-waschbar-20-stueck-wiederverwendbare-wattepads-aus-bambus-und-baumwolle-mit-waeschesack-nachhaltig-weich-schonend-abschminktuecher-perfekt-fuer-gesichtsreinigung\\\/\",\"url\":\"https:\\\/\\\/marktxxl.de\\\/markt\\\/produkt\\\/aspaces-abschminkpads-waschbar-20-stueck-wiederverwendbare-wattepads-aus-bambus-und-baumwolle-mit-waeschesack-nachhaltig-weich-schonend-abschminktuecher-perfekt-fuer-gesichtsreinigung\\\/\",\"name\":\"ASPACES Abschminkpads Waschbar, 20 St\u00fcck Wiederverwendbare Wattepads aus Bambus und Baumwolle mit W\u00e4schesack, Nachhaltig\u2026 - Markt-XXL\",\"isPartOf\":{\"@id\":\"https:\\\/\\\/marktxxl.de\\\/markt\\\/#website\"},\"primaryImageOfPage\":{\"@id\":\"https:\\\/\\\/marktxxl.de\\\/markt\\\/produkt\\\/aspaces-abschminkpads-waschbar-20-stueck-wiederverwendbare-wattepads-aus-bambus-und-baumwolle-mit-waeschesack-nachhaltig-weich-schonend-abschminktuecher-perfekt-fuer-gesichtsreinigung\\\/#primaryimage\"},\"image\":{\"@id\":\"https:\\\/\\\/marktxxl.de\\\/markt\\\/produkt\\\/aspaces-abschminkpads-waschbar-20-stueck-wiederverwendbare-wattepads-aus-bambus-und-baumwolle-mit-waeschesack-nachhaltig-weich-schonend-abschminktuecher-perfekt-fuer-gesichtsreinigung\\\/#primaryimage\"},\"thumbnailUrl\":\"https:\\\/\\\/m.media-amazon.com\\\/images\\\/I\\\/51lAVxDVWXS._SL500_.jpg\",\"datePublished\":\"2023-01-10T05:05:26+00:00\",\"dateModified\":\"2023-04-11T03:12:21+00:00\",\"description\":\"Markt-XXL ASPACES Abschminkpads Waschbar, 20 St\u00fcck Wiederverwendbare Wattepads aus Bambus und Baumwolle mit W\u00e4schesack, Nachhaltig\u2026\",\"breadcrumb\":{\"@id\":\"https:\\\/\\\/marktxxl.de\\\/markt\\\/produkt\\\/aspaces-abschminkpads-waschbar-20-stueck-wiederverwendbare-wattepads-aus-bambus-und-baumwolle-mit-waeschesack-nachhaltig-weich-schonend-abschminktuecher-perfekt-fuer-gesichtsreinigung\\\/#breadcrumb\"},\"inLanguage\":\"de\",\"potentialAction\":[{\"@type\":\"ReadAction\",\"target\":[\"https:\\\/\\\/marktxxl.de\\\/markt\\\/produkt\\\/aspaces-abschminkpads-waschbar-20-stueck-wiederverwendbare-wattepads-aus-bambus-und-baumwolle-mit-waeschesack-nachhaltig-weich-schonend-abschminktuecher-perfekt-fuer-gesichtsreinigung\\\/\"]}]},{\"@type\":\"ImageObject\",\"inLanguage\":\"de\",\"@id\":\"https:\\\/\\\/marktxxl.de\\\/markt\\\/produkt\\\/aspaces-abschminkpads-waschbar-20-stueck-wiederverwendbare-wattepads-aus-bambus-und-baumwolle-mit-waeschesack-nachhaltig-weich-schonend-abschminktuecher-perfekt-fuer-gesichtsreinigung\\\/#primaryimage\",\"url\":\"https:\\\/\\\/m.media-amazon.com\\\/images\\\/I\\\/51lAVxDVWXS._SL500_.jpg\",\"contentUrl\":\"https:\\\/\\\/m.media-amazon.com\\\/images\\\/I\\\/51lAVxDVWXS._SL500_.jpg\",\"width\":500,\"height\":500},{\"@type\":\"BreadcrumbList\",\"@id\":\"https:\\\/\\\/marktxxl.de\\\/markt\\\/produkt\\\/aspaces-abschminkpads-waschbar-20-stueck-wiederverwendbare-wattepads-aus-bambus-und-baumwolle-mit-waeschesack-nachhaltig-weich-schonend-abschminktuecher-perfekt-fuer-gesichtsreinigung\\\/#breadcrumb\",\"itemListElement\":[{\"@type\":\"ListItem\",\"position\":1,\"name\":\"Startseite\",\"item\":\"https:\\\/\\\/marktxxl.de\\\/markt\\\/\"},{\"@type\":\"ListItem\",\"position\":2,\"name\":\"Markt\",\"item\":\"https:\\\/\\\/marktxxl.de\\\/markt\\\/\"},{\"@type\":\"ListItem\",\"position\":3,\"name\":\"ASPACES Abschminkpads Waschbar, 20 St\u00fcck Wiederverwendbare Wattepads aus Bambus und Baumwolle mit W\u00e4schesack, Nachhaltig\u2026\"}]},{\"@type\":\"WebSite\",\"@id\":\"https:\\\/\\\/marktxxl.de\\\/markt\\\/#website\",\"url\":\"https:\\\/\\\/marktxxl.de\\\/markt\\\/\",\"name\":\"Markt-XXL\",\"description\":\"Ihr Markt Online\",\"publisher\":{\"@id\":\"https:\\\/\\\/marktxxl.de\\\/markt\\\/#organization\"},\"potentialAction\":[{\"@type\":\"SearchAction\",\"target\":{\"@type\":\"EntryPoint\",\"urlTemplate\":\"https:\\\/\\\/marktxxl.de\\\/markt\\\/?s={search_term_string}\"},\"query-input\":{\"@type\":\"PropertyValueSpecification\",\"valueRequired\":true,\"valueName\":\"search_term_string\"}}],\"inLanguage\":\"de\"},{\"@type\":\"Organization\",\"@id\":\"https:\\\/\\\/marktxxl.de\\\/markt\\\/#organization\",\"name\":\"Markt-XXL\",\"url\":\"https:\\\/\\\/marktxxl.de\\\/markt\\\/\",\"logo\":{\"@type\":\"ImageObject\",\"inLanguage\":\"de\",\"@id\":\"https:\\\/\\\/marktxxl.de\\\/markt\\\/#\\\/schema\\\/logo\\\/image\\\/\",\"url\":\"https:\\\/\\\/marktxxl.de\\\/markt\\\/wp-content\\\/uploads\\\/sites\\\/3\\\/2020\\\/12\\\/logo.png\",\"contentUrl\":\"https:\\\/\\\/marktxxl.de\\\/markt\\\/wp-content\\\/uploads\\\/sites\\\/3\\\/2020\\\/12\\\/logo.png\",\"width\":200,\"height\":70,\"caption\":\"Markt-XXL\"},\"image\":{\"@id\":\"https:\\\/\\\/marktxxl.de\\\/markt\\\/#\\\/schema\\\/logo\\\/image\\\/\"}}]}<\/script>\n<!-- \/ Yoast SEO plugin. -->","yoast_head_json":{"title":"ASPACES Abschminkpads Waschbar, 20 St\u00fcck Wiederverwendbare Wattepads aus Bambus und Baumwolle mit W\u00e4schesack, Nachhaltig\u2026 - Markt-XXL","description":"Markt-XXL ASPACES Abschminkpads Waschbar, 20 St\u00fcck Wiederverwendbare Wattepads aus Bambus und Baumwolle mit W\u00e4schesack, Nachhaltig\u2026","robots":{"index":"index","follow":"follow","max-snippet":"max-snippet:-1","max-image-preview":"max-image-preview:large","max-video-preview":"max-video-preview:-1"},"canonical":"https:\/\/marktxxl.de\/markt\/produkt\/aspaces-abschminkpads-waschbar-20-stueck-wiederverwendbare-wattepads-aus-bambus-und-baumwolle-mit-waeschesack-nachhaltig-weich-schonend-abschminktuecher-perfekt-fuer-gesichtsreinigung\/","og_locale":"de_DE","og_type":"article","og_title":"ASPACES Abschminkpads Waschbar, 20 St\u00fcck Wiederverwendbare Wattepads aus Bambus und Baumwolle mit W\u00e4schesack, Nachhaltig\u2026 - Markt-XXL","og_description":"Markt-XXL ASPACES Abschminkpads Waschbar, 20 St\u00fcck Wiederverwendbare Wattepads aus Bambus und Baumwolle mit W\u00e4schesack, Nachhaltig\u2026","og_url":"https:\/\/marktxxl.de\/markt\/produkt\/aspaces-abschminkpads-waschbar-20-stueck-wiederverwendbare-wattepads-aus-bambus-und-baumwolle-mit-waeschesack-nachhaltig-weich-schonend-abschminktuecher-perfekt-fuer-gesichtsreinigung\/","og_site_name":"Markt-XXL","article_modified_time":"2023-04-11T03:12:21+00:00","og_image":[{"width":500,"height":500,"url":"https:\/\/m.media-amazon.com\/images\/I\/51lAVxDVWXS._SL500_.jpg","type":"image\/jpeg"}],"twitter_card":"summary_large_image","twitter_misc":{"Gesch\u00e4tzte Lesezeit":"1\u00a0Minute"},"schema":{"@context":"https:\/\/schema.org","@graph":[{"@type":"WebPage","@id":"https:\/\/marktxxl.de\/markt\/produkt\/aspaces-abschminkpads-waschbar-20-stueck-wiederverwendbare-wattepads-aus-bambus-und-baumwolle-mit-waeschesack-nachhaltig-weich-schonend-abschminktuecher-perfekt-fuer-gesichtsreinigung\/","url":"https:\/\/marktxxl.de\/markt\/produkt\/aspaces-abschminkpads-waschbar-20-stueck-wiederverwendbare-wattepads-aus-bambus-und-baumwolle-mit-waeschesack-nachhaltig-weich-schonend-abschminktuecher-perfekt-fuer-gesichtsreinigung\/","name":"ASPACES Abschminkpads Waschbar, 20 St\u00fcck Wiederverwendbare Wattepads aus Bambus und Baumwolle mit W\u00e4schesack, Nachhaltig\u2026 - Markt-XXL","isPartOf":{"@id":"https:\/\/marktxxl.de\/markt\/#website"},"primaryImageOfPage":{"@id":"https:\/\/marktxxl.de\/markt\/produkt\/aspaces-abschminkpads-waschbar-20-stueck-wiederverwendbare-wattepads-aus-bambus-und-baumwolle-mit-waeschesack-nachhaltig-weich-schonend-abschminktuecher-perfekt-fuer-gesichtsreinigung\/#primaryimage"},"image":{"@id":"https:\/\/marktxxl.de\/markt\/produkt\/aspaces-abschminkpads-waschbar-20-stueck-wiederverwendbare-wattepads-aus-bambus-und-baumwolle-mit-waeschesack-nachhaltig-weich-schonend-abschminktuecher-perfekt-fuer-gesichtsreinigung\/#primaryimage"},"thumbnailUrl":"https:\/\/m.media-amazon.com\/images\/I\/51lAVxDVWXS._SL500_.jpg","datePublished":"2023-01-10T05:05:26+00:00","dateModified":"2023-04-11T03:12:21+00:00","description":"Markt-XXL ASPACES Abschminkpads Waschbar, 20 St\u00fcck Wiederverwendbare Wattepads aus Bambus und Baumwolle mit W\u00e4schesack, Nachhaltig\u2026","breadcrumb":{"@id":"https:\/\/marktxxl.de\/markt\/produkt\/aspaces-abschminkpads-waschbar-20-stueck-wiederverwendbare-wattepads-aus-bambus-und-baumwolle-mit-waeschesack-nachhaltig-weich-schonend-abschminktuecher-perfekt-fuer-gesichtsreinigung\/#breadcrumb"},"inLanguage":"de","potentialAction":[{"@type":"ReadAction","target":["https:\/\/marktxxl.de\/markt\/produkt\/aspaces-abschminkpads-waschbar-20-stueck-wiederverwendbare-wattepads-aus-bambus-und-baumwolle-mit-waeschesack-nachhaltig-weich-schonend-abschminktuecher-perfekt-fuer-gesichtsreinigung\/"]}]},{"@type":"ImageObject","inLanguage":"de","@id":"https:\/\/marktxxl.de\/markt\/produkt\/aspaces-abschminkpads-waschbar-20-stueck-wiederverwendbare-wattepads-aus-bambus-und-baumwolle-mit-waeschesack-nachhaltig-weich-schonend-abschminktuecher-perfekt-fuer-gesichtsreinigung\/#primaryimage","url":"https:\/\/m.media-amazon.com\/images\/I\/51lAVxDVWXS._SL500_.jpg","contentUrl":"https:\/\/m.media-amazon.com\/images\/I\/51lAVxDVWXS._SL500_.jpg","width":500,"height":500},{"@type":"BreadcrumbList","@id":"https:\/\/marktxxl.de\/markt\/produkt\/aspaces-abschminkpads-waschbar-20-stueck-wiederverwendbare-wattepads-aus-bambus-und-baumwolle-mit-waeschesack-nachhaltig-weich-schonend-abschminktuecher-perfekt-fuer-gesichtsreinigung\/#breadcrumb","itemListElement":[{"@type":"ListItem","position":1,"name":"Startseite","item":"https:\/\/marktxxl.de\/markt\/"},{"@type":"ListItem","position":2,"name":"Markt","item":"https:\/\/marktxxl.de\/markt\/"},{"@type":"ListItem","position":3,"name":"ASPACES Abschminkpads Waschbar, 20 St\u00fcck Wiederverwendbare Wattepads aus Bambus und Baumwolle mit W\u00e4schesack, Nachhaltig\u2026"}]},{"@type":"WebSite","@id":"https:\/\/marktxxl.de\/markt\/#website","url":"https:\/\/marktxxl.de\/markt\/","name":"Markt-XXL","description":"Ihr Markt Online","publisher":{"@id":"https:\/\/marktxxl.de\/markt\/#organization"},"potentialAction":[{"@type":"SearchAction","target":{"@type":"EntryPoint","urlTemplate":"https:\/\/marktxxl.de\/markt\/?s={search_term_string}"},"query-input":{"@type":"PropertyValueSpecification","valueRequired":true,"valueName":"search_term_string"}}],"inLanguage":"de"},{"@type":"Organization","@id":"https:\/\/marktxxl.de\/markt\/#organization","name":"Markt-XXL","url":"https:\/\/marktxxl.de\/markt\/","logo":{"@type":"ImageObject","inLanguage":"de","@id":"https:\/\/marktxxl.de\/markt\/#\/schema\/logo\/image\/","url":"https:\/\/marktxxl.de\/markt\/wp-content\/uploads\/sites\/3\/2020\/12\/logo.png","contentUrl":"https:\/\/marktxxl.de\/markt\/wp-content\/uploads\/sites\/3\/2020\/12\/logo.png","width":200,"height":70,"caption":"Markt-XXL"},"image":{"@id":"https:\/\/marktxxl.de\/markt\/#\/schema\/logo\/image\/"}}]}},"_links":{"self":[{"href":"https:\/\/marktxxl.de\/markt\/wp-json\/wp\/v2\/product\/181583","targetHints":{"allow":["GET"]}}],"collection":[{"href":"https:\/\/marktxxl.de\/markt\/wp-json\/wp\/v2\/product"}],"about":[{"href":"https:\/\/marktxxl.de\/markt\/wp-json\/wp\/v2\/types\/product"}],"replies":[{"embeddable":true,"href":"https:\/\/marktxxl.de\/markt\/wp-json\/wp\/v2\/comments?post=181583"}],"wp:featuredmedia":[{"embeddable":true,"href":"https:\/\/marktxxl.de\/markt\/wp-json\/wp\/v2\/media\/181584"}],"wp:attachment":[{"href":"https:\/\/marktxxl.de\/markt\/wp-json\/wp\/v2\/media?parent=181583"}],"wp:term":[{"taxonomy":"product_brand","embeddable":true,"href":"https:\/\/marktxxl.de\/markt\/wp-json\/wp\/v2\/product_brand?post=181583"},{"taxonomy":"product_cat","embeddable":true,"href":"https:\/\/marktxxl.de\/markt\/wp-json\/wp\/v2\/product_cat?post=181583"},{"taxonomy":"product_tag","embeddable":true,"href":"https:\/\/marktxxl.de\/markt\/wp-json\/wp\/v2\/product_tag?post=181583"}],"curies":[{"name":"wp","href":"https:\/\/api.w.org\/{rel}","templated":true}]}}