{"id":181575,"date":"2023-01-10T06:05:15","date_gmt":"2023-01-10T05:05:15","guid":{"rendered":"https:\/\/marktxxl.de\/markt\/produkt\/dehoad-elektrisches-v-gesicht-shaping-massagegeraet-doppelkinn-druckminderer-gesichtsschlankmassagegeraet-ems-mikrostrom-photon-v-face-shaping-massagegeraet\/"},"modified":"2023-04-11T05:12:20","modified_gmt":"2023-04-11T03:12:20","slug":"dehoad-elektrisches-v-gesicht-shaping-massagegeraet-doppelkinn-druckminderer-gesichtsschlankmassagegeraet-ems-mikrostrom-photon-v-face-shaping-massagegeraet","status":"publish","type":"product","link":"https:\/\/marktxxl.de\/markt\/produkt\/dehoad-elektrisches-v-gesicht-shaping-massagegeraet-doppelkinn-druckminderer-gesichtsschlankmassagegeraet-ems-mikrostrom-photon-v-face-shaping-massagegeraet\/","title":{"rendered":"DEHOAD Elektrisches V-Gesicht Shaping Massageger\u00e4t Doppelkinn-Druckminderer Gesichtsschlankmassageger\u00e4t EMS Mikrostrom\u2026"},"content":{"rendered":"<p>EMS Micro-Strom: Verwenden Sie den EMS-Mikrostrom, um tiefe Muskelzellen zu aktivieren, die Kollagenproduktion f\u00f6rdern, effektiv dazu beitragen, Falten zu reduzieren, Poren zu reduzieren, Haut zu erh\u00f6hen und die Absorptionseffizienz zu verbessern.<br \/>\nV-f\u00f6rmige Schwingungsmassage: Wirksam aktivieren der Hautzellenmetabolismus, beschleunigen Sie die Hautreparatur, erh\u00f6hen Sie die Hautelastizit\u00e4t und erreichen Sie die Wirkung des Anhebens und Strafen. Fixieren Sie effektiv die Konturen des Gesichts, wodurch das Gesicht kleiner und glatter ist ..<br \/>\nRotes und blaues Licht: Rotes Licht f\u00f6rdern die Durchblutung, stimulieren Hautzellen, um Kollagen zu schei\u00dfen, den Metabolismus zu beschleunigen, das Blaulicht hemmt das Wachstum der Akne, hat entz\u00fcndungshemmende und Hautreparatureffekte und reduziert das Risiko von Narben ..<br \/>\nEinstellbares Stirnbanddesign: Winkel- und Taillenl\u00e4ngensteuerung, Sie k\u00f6nnen den Winkel und die L\u00e4nge frei w\u00e4hlen, die an Ihre Haut entsprechen. Entworfen nach Gesichtsergonomie, eignet es sich f\u00fcr Gesichtsmuskeln &#8230;<br \/>\nTragbar und einfach zu bedienen:licht und tragbar, kann direkt aufgeladen und von USB angetrieben werden, genie\u00dfen Sie den drahtlosen Gebrauch jederzeit, \u00fcberall, wo Sie sich f\u00fcr Heimreise angeben<br \/>\n<div class=\"main-cross-sell\" data-asin=\"B099ZQLL21\">\n\n\t<div class=\"WooZone-cross-sell-loader\">\n\t\t<div>\n\t\t\t<div id=\"floatingBarsG\">\n\t\t\t\t<div class=\"blockG\" id=\"rotateG_01\"><\/div>\n\t\t\t\t<div class=\"blockG\" id=\"rotateG_02\"><\/div>\n\t\t\t\t<div class=\"blockG\" id=\"rotateG_03\"><\/div>\n\t\t\t\t<div class=\"blockG\" id=\"rotateG_04\"><\/div>\n\t\t\t\t<div class=\"blockG\" id=\"rotateG_05\"><\/div>\n\t\t\t\t<div class=\"blockG\" id=\"rotateG_06\"><\/div>\n\t\t\t\t<div class=\"blockG\" id=\"rotateG_07\"><\/div>\n\t\t\t\t<div class=\"blockG\" id=\"rotateG_08\"><\/div>\n\t\t\t<\/div>\n\t\t\t<div class=\"WooZone-cross-sell-loader-text\"><\/div>\n\t\t<\/div>\n\t<\/div>\n\n\t\t\n<\/div>\n<div style=\"clear:both;\"><\/div><\/p>\n","protected":false},"excerpt":{"rendered":"<p>EMS Micro-Strom: Verwenden Sie den EMS-Mikrostrom, um tiefe Muskelzellen zu aktivieren, die Kollagenproduktion f\u00f6rdern, effektiv dazu beitragen, Falten zu reduzieren, Poren zu reduzieren, Haut zu erh\u00f6hen und die Absorptionseffizienz zu verbessern.<br \/>\nV-f\u00f6rmige Schwingungsmassage: Wirksam aktivieren der Hautzellenmetabolismus, beschleunigen Sie die Hautreparatur, erh\u00f6hen Sie die Hautelastizit\u00e4t und erreichen Sie die Wirkung des Anhebens und Strafen. Fixieren Sie effektiv die Konturen des Gesichts, wodurch das Gesicht kleiner und glatter ist ..<br \/>\nRotes und blaues Licht: Rotes Licht f\u00f6rdern die Durchblutung, stimulieren Hautzellen, um Kollagen zu schei\u00dfen, den Metabolismus zu beschleunigen, das Blaulicht hemmt das Wachstum der Akne, hat entz\u00fcndungshemmende und Hautreparatureffekte und reduziert das Risiko von Narben ..<\/p>\n","protected":false},"featured_media":181576,"comment_status":"open","ping_status":"closed","template":"","meta":[],"product_brand":[],"product_cat":[2858,7726],"product_tag":[],"class_list":{"0":"post-181575","1":"product","2":"type-product","3":"status-publish","4":"has-post-thumbnail","6":"product_cat-beauty","7":"product_cat-zubehoer-beauty","8":"pa_brand-dehoad","9":"pa_manufacturer-dehoad","11":"first","12":"instock","13":"shipping-taxable","14":"purchasable","15":"product-type-simple","16":"customify-col","17":"product-has-gallery"},"yoast_head":"<!-- This site is optimized with the Yoast SEO plugin v27.4 - https:\/\/yoast.com\/product\/yoast-seo-wordpress\/ -->\n<title>DEHOAD Elektrisches V-Gesicht Shaping Massageger\u00e4t Doppelkinn-Druckminderer Gesichtsschlankmassageger\u00e4t EMS Mikrostrom\u2026 - Markt-XXL<\/title>\n<meta name=\"description\" content=\"Markt-XXL DEHOAD Elektrisches V-Gesicht Shaping Massageger\u00e4t Doppelkinn-Druckminderer Gesichtsschlankmassageger\u00e4t EMS Mikrostrom\u2026\" \/>\n<meta name=\"robots\" content=\"index, follow, max-snippet:-1, max-image-preview:large, max-video-preview:-1\" \/>\n<link rel=\"canonical\" href=\"https:\/\/marktxxl.de\/markt\/produkt\/dehoad-elektrisches-v-gesicht-shaping-massagegeraet-doppelkinn-druckminderer-gesichtsschlankmassagegeraet-ems-mikrostrom-photon-v-face-shaping-massagegeraet\/\" \/>\n<meta property=\"og:locale\" content=\"de_DE\" \/>\n<meta property=\"og:type\" content=\"article\" \/>\n<meta property=\"og:title\" content=\"DEHOAD Elektrisches V-Gesicht Shaping Massageger\u00e4t Doppelkinn-Druckminderer Gesichtsschlankmassageger\u00e4t EMS Mikrostrom\u2026 - Markt-XXL\" \/>\n<meta property=\"og:description\" content=\"Markt-XXL DEHOAD Elektrisches V-Gesicht Shaping Massageger\u00e4t Doppelkinn-Druckminderer Gesichtsschlankmassageger\u00e4t EMS Mikrostrom\u2026\" \/>\n<meta property=\"og:url\" content=\"https:\/\/marktxxl.de\/markt\/produkt\/dehoad-elektrisches-v-gesicht-shaping-massagegeraet-doppelkinn-druckminderer-gesichtsschlankmassagegeraet-ems-mikrostrom-photon-v-face-shaping-massagegeraet\/\" \/>\n<meta property=\"og:site_name\" content=\"Markt-XXL\" \/>\n<meta property=\"article:modified_time\" content=\"2023-04-11T03:12:20+00:00\" \/>\n<meta property=\"og:image\" content=\"https:\/\/m.media-amazon.com\/images\/I\/41KPvPJil7L._SL500_.jpg\" \/>\n\t<meta property=\"og:image:width\" content=\"500\" \/>\n\t<meta property=\"og:image:height\" content=\"500\" \/>\n\t<meta property=\"og:image:type\" content=\"image\/jpeg\" \/>\n<meta name=\"twitter:card\" content=\"summary_large_image\" \/>\n<meta name=\"twitter:label1\" content=\"Gesch\u00e4tzte Lesezeit\" \/>\n\t<meta name=\"twitter:data1\" content=\"1\u00a0Minute\" \/>\n<script type=\"application\/ld+json\" class=\"yoast-schema-graph\">{\"@context\":\"https:\\\/\\\/schema.org\",\"@graph\":[{\"@type\":\"WebPage\",\"@id\":\"https:\\\/\\\/marktxxl.de\\\/markt\\\/produkt\\\/dehoad-elektrisches-v-gesicht-shaping-massagegeraet-doppelkinn-druckminderer-gesichtsschlankmassagegeraet-ems-mikrostrom-photon-v-face-shaping-massagegeraet\\\/\",\"url\":\"https:\\\/\\\/marktxxl.de\\\/markt\\\/produkt\\\/dehoad-elektrisches-v-gesicht-shaping-massagegeraet-doppelkinn-druckminderer-gesichtsschlankmassagegeraet-ems-mikrostrom-photon-v-face-shaping-massagegeraet\\\/\",\"name\":\"DEHOAD Elektrisches V-Gesicht Shaping Massageger\u00e4t Doppelkinn-Druckminderer Gesichtsschlankmassageger\u00e4t EMS Mikrostrom\u2026 - Markt-XXL\",\"isPartOf\":{\"@id\":\"https:\\\/\\\/marktxxl.de\\\/markt\\\/#website\"},\"primaryImageOfPage\":{\"@id\":\"https:\\\/\\\/marktxxl.de\\\/markt\\\/produkt\\\/dehoad-elektrisches-v-gesicht-shaping-massagegeraet-doppelkinn-druckminderer-gesichtsschlankmassagegeraet-ems-mikrostrom-photon-v-face-shaping-massagegeraet\\\/#primaryimage\"},\"image\":{\"@id\":\"https:\\\/\\\/marktxxl.de\\\/markt\\\/produkt\\\/dehoad-elektrisches-v-gesicht-shaping-massagegeraet-doppelkinn-druckminderer-gesichtsschlankmassagegeraet-ems-mikrostrom-photon-v-face-shaping-massagegeraet\\\/#primaryimage\"},\"thumbnailUrl\":\"https:\\\/\\\/m.media-amazon.com\\\/images\\\/I\\\/41KPvPJil7L._SL500_.jpg\",\"datePublished\":\"2023-01-10T05:05:15+00:00\",\"dateModified\":\"2023-04-11T03:12:20+00:00\",\"description\":\"Markt-XXL DEHOAD Elektrisches V-Gesicht Shaping Massageger\u00e4t Doppelkinn-Druckminderer Gesichtsschlankmassageger\u00e4t EMS Mikrostrom\u2026\",\"breadcrumb\":{\"@id\":\"https:\\\/\\\/marktxxl.de\\\/markt\\\/produkt\\\/dehoad-elektrisches-v-gesicht-shaping-massagegeraet-doppelkinn-druckminderer-gesichtsschlankmassagegeraet-ems-mikrostrom-photon-v-face-shaping-massagegeraet\\\/#breadcrumb\"},\"inLanguage\":\"de\",\"potentialAction\":[{\"@type\":\"ReadAction\",\"target\":[\"https:\\\/\\\/marktxxl.de\\\/markt\\\/produkt\\\/dehoad-elektrisches-v-gesicht-shaping-massagegeraet-doppelkinn-druckminderer-gesichtsschlankmassagegeraet-ems-mikrostrom-photon-v-face-shaping-massagegeraet\\\/\"]}]},{\"@type\":\"ImageObject\",\"inLanguage\":\"de\",\"@id\":\"https:\\\/\\\/marktxxl.de\\\/markt\\\/produkt\\\/dehoad-elektrisches-v-gesicht-shaping-massagegeraet-doppelkinn-druckminderer-gesichtsschlankmassagegeraet-ems-mikrostrom-photon-v-face-shaping-massagegeraet\\\/#primaryimage\",\"url\":\"https:\\\/\\\/m.media-amazon.com\\\/images\\\/I\\\/41KPvPJil7L._SL500_.jpg\",\"contentUrl\":\"https:\\\/\\\/m.media-amazon.com\\\/images\\\/I\\\/41KPvPJil7L._SL500_.jpg\",\"width\":500,\"height\":500},{\"@type\":\"BreadcrumbList\",\"@id\":\"https:\\\/\\\/marktxxl.de\\\/markt\\\/produkt\\\/dehoad-elektrisches-v-gesicht-shaping-massagegeraet-doppelkinn-druckminderer-gesichtsschlankmassagegeraet-ems-mikrostrom-photon-v-face-shaping-massagegeraet\\\/#breadcrumb\",\"itemListElement\":[{\"@type\":\"ListItem\",\"position\":1,\"name\":\"Startseite\",\"item\":\"https:\\\/\\\/marktxxl.de\\\/markt\\\/\"},{\"@type\":\"ListItem\",\"position\":2,\"name\":\"Markt\",\"item\":\"https:\\\/\\\/marktxxl.de\\\/markt\\\/\"},{\"@type\":\"ListItem\",\"position\":3,\"name\":\"DEHOAD Elektrisches V-Gesicht Shaping Massageger\u00e4t Doppelkinn-Druckminderer Gesichtsschlankmassageger\u00e4t EMS Mikrostrom\u2026\"}]},{\"@type\":\"WebSite\",\"@id\":\"https:\\\/\\\/marktxxl.de\\\/markt\\\/#website\",\"url\":\"https:\\\/\\\/marktxxl.de\\\/markt\\\/\",\"name\":\"Markt-XXL\",\"description\":\"Ihr Markt Online\",\"publisher\":{\"@id\":\"https:\\\/\\\/marktxxl.de\\\/markt\\\/#organization\"},\"potentialAction\":[{\"@type\":\"SearchAction\",\"target\":{\"@type\":\"EntryPoint\",\"urlTemplate\":\"https:\\\/\\\/marktxxl.de\\\/markt\\\/?s={search_term_string}\"},\"query-input\":{\"@type\":\"PropertyValueSpecification\",\"valueRequired\":true,\"valueName\":\"search_term_string\"}}],\"inLanguage\":\"de\"},{\"@type\":\"Organization\",\"@id\":\"https:\\\/\\\/marktxxl.de\\\/markt\\\/#organization\",\"name\":\"Markt-XXL\",\"url\":\"https:\\\/\\\/marktxxl.de\\\/markt\\\/\",\"logo\":{\"@type\":\"ImageObject\",\"inLanguage\":\"de\",\"@id\":\"https:\\\/\\\/marktxxl.de\\\/markt\\\/#\\\/schema\\\/logo\\\/image\\\/\",\"url\":\"https:\\\/\\\/marktxxl.de\\\/markt\\\/wp-content\\\/uploads\\\/sites\\\/3\\\/2020\\\/12\\\/logo.png\",\"contentUrl\":\"https:\\\/\\\/marktxxl.de\\\/markt\\\/wp-content\\\/uploads\\\/sites\\\/3\\\/2020\\\/12\\\/logo.png\",\"width\":200,\"height\":70,\"caption\":\"Markt-XXL\"},\"image\":{\"@id\":\"https:\\\/\\\/marktxxl.de\\\/markt\\\/#\\\/schema\\\/logo\\\/image\\\/\"}}]}<\/script>\n<!-- \/ Yoast SEO plugin. -->","yoast_head_json":{"title":"DEHOAD Elektrisches V-Gesicht Shaping Massageger\u00e4t Doppelkinn-Druckminderer Gesichtsschlankmassageger\u00e4t EMS Mikrostrom\u2026 - Markt-XXL","description":"Markt-XXL DEHOAD Elektrisches V-Gesicht Shaping Massageger\u00e4t Doppelkinn-Druckminderer Gesichtsschlankmassageger\u00e4t EMS Mikrostrom\u2026","robots":{"index":"index","follow":"follow","max-snippet":"max-snippet:-1","max-image-preview":"max-image-preview:large","max-video-preview":"max-video-preview:-1"},"canonical":"https:\/\/marktxxl.de\/markt\/produkt\/dehoad-elektrisches-v-gesicht-shaping-massagegeraet-doppelkinn-druckminderer-gesichtsschlankmassagegeraet-ems-mikrostrom-photon-v-face-shaping-massagegeraet\/","og_locale":"de_DE","og_type":"article","og_title":"DEHOAD Elektrisches V-Gesicht Shaping Massageger\u00e4t Doppelkinn-Druckminderer Gesichtsschlankmassageger\u00e4t EMS Mikrostrom\u2026 - Markt-XXL","og_description":"Markt-XXL DEHOAD Elektrisches V-Gesicht Shaping Massageger\u00e4t Doppelkinn-Druckminderer Gesichtsschlankmassageger\u00e4t EMS Mikrostrom\u2026","og_url":"https:\/\/marktxxl.de\/markt\/produkt\/dehoad-elektrisches-v-gesicht-shaping-massagegeraet-doppelkinn-druckminderer-gesichtsschlankmassagegeraet-ems-mikrostrom-photon-v-face-shaping-massagegeraet\/","og_site_name":"Markt-XXL","article_modified_time":"2023-04-11T03:12:20+00:00","og_image":[{"width":500,"height":500,"url":"https:\/\/m.media-amazon.com\/images\/I\/41KPvPJil7L._SL500_.jpg","type":"image\/jpeg"}],"twitter_card":"summary_large_image","twitter_misc":{"Gesch\u00e4tzte Lesezeit":"1\u00a0Minute"},"schema":{"@context":"https:\/\/schema.org","@graph":[{"@type":"WebPage","@id":"https:\/\/marktxxl.de\/markt\/produkt\/dehoad-elektrisches-v-gesicht-shaping-massagegeraet-doppelkinn-druckminderer-gesichtsschlankmassagegeraet-ems-mikrostrom-photon-v-face-shaping-massagegeraet\/","url":"https:\/\/marktxxl.de\/markt\/produkt\/dehoad-elektrisches-v-gesicht-shaping-massagegeraet-doppelkinn-druckminderer-gesichtsschlankmassagegeraet-ems-mikrostrom-photon-v-face-shaping-massagegeraet\/","name":"DEHOAD Elektrisches V-Gesicht Shaping Massageger\u00e4t Doppelkinn-Druckminderer Gesichtsschlankmassageger\u00e4t EMS Mikrostrom\u2026 - Markt-XXL","isPartOf":{"@id":"https:\/\/marktxxl.de\/markt\/#website"},"primaryImageOfPage":{"@id":"https:\/\/marktxxl.de\/markt\/produkt\/dehoad-elektrisches-v-gesicht-shaping-massagegeraet-doppelkinn-druckminderer-gesichtsschlankmassagegeraet-ems-mikrostrom-photon-v-face-shaping-massagegeraet\/#primaryimage"},"image":{"@id":"https:\/\/marktxxl.de\/markt\/produkt\/dehoad-elektrisches-v-gesicht-shaping-massagegeraet-doppelkinn-druckminderer-gesichtsschlankmassagegeraet-ems-mikrostrom-photon-v-face-shaping-massagegeraet\/#primaryimage"},"thumbnailUrl":"https:\/\/m.media-amazon.com\/images\/I\/41KPvPJil7L._SL500_.jpg","datePublished":"2023-01-10T05:05:15+00:00","dateModified":"2023-04-11T03:12:20+00:00","description":"Markt-XXL DEHOAD Elektrisches V-Gesicht Shaping Massageger\u00e4t Doppelkinn-Druckminderer Gesichtsschlankmassageger\u00e4t EMS Mikrostrom\u2026","breadcrumb":{"@id":"https:\/\/marktxxl.de\/markt\/produkt\/dehoad-elektrisches-v-gesicht-shaping-massagegeraet-doppelkinn-druckminderer-gesichtsschlankmassagegeraet-ems-mikrostrom-photon-v-face-shaping-massagegeraet\/#breadcrumb"},"inLanguage":"de","potentialAction":[{"@type":"ReadAction","target":["https:\/\/marktxxl.de\/markt\/produkt\/dehoad-elektrisches-v-gesicht-shaping-massagegeraet-doppelkinn-druckminderer-gesichtsschlankmassagegeraet-ems-mikrostrom-photon-v-face-shaping-massagegeraet\/"]}]},{"@type":"ImageObject","inLanguage":"de","@id":"https:\/\/marktxxl.de\/markt\/produkt\/dehoad-elektrisches-v-gesicht-shaping-massagegeraet-doppelkinn-druckminderer-gesichtsschlankmassagegeraet-ems-mikrostrom-photon-v-face-shaping-massagegeraet\/#primaryimage","url":"https:\/\/m.media-amazon.com\/images\/I\/41KPvPJil7L._SL500_.jpg","contentUrl":"https:\/\/m.media-amazon.com\/images\/I\/41KPvPJil7L._SL500_.jpg","width":500,"height":500},{"@type":"BreadcrumbList","@id":"https:\/\/marktxxl.de\/markt\/produkt\/dehoad-elektrisches-v-gesicht-shaping-massagegeraet-doppelkinn-druckminderer-gesichtsschlankmassagegeraet-ems-mikrostrom-photon-v-face-shaping-massagegeraet\/#breadcrumb","itemListElement":[{"@type":"ListItem","position":1,"name":"Startseite","item":"https:\/\/marktxxl.de\/markt\/"},{"@type":"ListItem","position":2,"name":"Markt","item":"https:\/\/marktxxl.de\/markt\/"},{"@type":"ListItem","position":3,"name":"DEHOAD Elektrisches V-Gesicht Shaping Massageger\u00e4t Doppelkinn-Druckminderer Gesichtsschlankmassageger\u00e4t EMS Mikrostrom\u2026"}]},{"@type":"WebSite","@id":"https:\/\/marktxxl.de\/markt\/#website","url":"https:\/\/marktxxl.de\/markt\/","name":"Markt-XXL","description":"Ihr Markt Online","publisher":{"@id":"https:\/\/marktxxl.de\/markt\/#organization"},"potentialAction":[{"@type":"SearchAction","target":{"@type":"EntryPoint","urlTemplate":"https:\/\/marktxxl.de\/markt\/?s={search_term_string}"},"query-input":{"@type":"PropertyValueSpecification","valueRequired":true,"valueName":"search_term_string"}}],"inLanguage":"de"},{"@type":"Organization","@id":"https:\/\/marktxxl.de\/markt\/#organization","name":"Markt-XXL","url":"https:\/\/marktxxl.de\/markt\/","logo":{"@type":"ImageObject","inLanguage":"de","@id":"https:\/\/marktxxl.de\/markt\/#\/schema\/logo\/image\/","url":"https:\/\/marktxxl.de\/markt\/wp-content\/uploads\/sites\/3\/2020\/12\/logo.png","contentUrl":"https:\/\/marktxxl.de\/markt\/wp-content\/uploads\/sites\/3\/2020\/12\/logo.png","width":200,"height":70,"caption":"Markt-XXL"},"image":{"@id":"https:\/\/marktxxl.de\/markt\/#\/schema\/logo\/image\/"}}]}},"_links":{"self":[{"href":"https:\/\/marktxxl.de\/markt\/wp-json\/wp\/v2\/product\/181575","targetHints":{"allow":["GET"]}}],"collection":[{"href":"https:\/\/marktxxl.de\/markt\/wp-json\/wp\/v2\/product"}],"about":[{"href":"https:\/\/marktxxl.de\/markt\/wp-json\/wp\/v2\/types\/product"}],"replies":[{"embeddable":true,"href":"https:\/\/marktxxl.de\/markt\/wp-json\/wp\/v2\/comments?post=181575"}],"wp:featuredmedia":[{"embeddable":true,"href":"https:\/\/marktxxl.de\/markt\/wp-json\/wp\/v2\/media\/181576"}],"wp:attachment":[{"href":"https:\/\/marktxxl.de\/markt\/wp-json\/wp\/v2\/media?parent=181575"}],"wp:term":[{"taxonomy":"product_brand","embeddable":true,"href":"https:\/\/marktxxl.de\/markt\/wp-json\/wp\/v2\/product_brand?post=181575"},{"taxonomy":"product_cat","embeddable":true,"href":"https:\/\/marktxxl.de\/markt\/wp-json\/wp\/v2\/product_cat?post=181575"},{"taxonomy":"product_tag","embeddable":true,"href":"https:\/\/marktxxl.de\/markt\/wp-json\/wp\/v2\/product_tag?post=181575"}],"curies":[{"name":"wp","href":"https:\/\/api.w.org\/{rel}","templated":true}]}}