{"id":181560,"date":"2023-01-10T06:04:51","date_gmt":"2023-01-10T05:04:51","guid":{"rendered":"https:\/\/marktxxl.de\/markt\/produkt\/nagelfeile-elektrisch-fuer-gelnaegelnailgirls-11-in-1-nagel-fraesmaschine35000-u-min-nail-drill-nagelfraeser-setmanikuere-pedikuereset-elektrisch-nagelfraeser-fuer-acrylnaegel-mit-led-anzeige-und-f\/"},"modified":"2023-04-11T05:12:20","modified_gmt":"2023-04-11T03:12:20","slug":"nagelfeile-elektrisch-fuer-gelnaegelnailgirls-11-in-1-nagel-fraesmaschine35000-u-min-nail-drill-nagelfraeser-setmanikuere-pedikuereset-elektrisch-nagelfraeser-fuer-acrylnaegel-mit-led-anzeige-und-f","status":"publish","type":"product","link":"https:\/\/marktxxl.de\/markt\/produkt\/nagelfeile-elektrisch-fuer-gelnaegelnailgirls-11-in-1-nagel-fraesmaschine35000-u-min-nail-drill-nagelfraeser-setmanikuere-pedikuereset-elektrisch-nagelfraeser-fuer-acrylnaegel-mit-led-anzeige-und-f\/","title":{"rendered":"Nagelfeile Elektrisch f\u00fcr geln\u00e4gel,NAILGIRLS 11 in 1 Nagel Fr\u00e4smaschine,35000 U\/Min Nail Drill Nagelfr\u00e4ser Set,Manik\u00fcre\u2026"},"content":{"rendered":"<p>Professioneller elektrische nagelfr\u00e4ser f\u00fcr geln\u00e4gel: 11 in 1 elektrische nagelfr\u00e4ser set f\u00fcr geln\u00e4gel mit 6 verschiedenen Nagelbohrer-Bits, 5 Nagelpolierkappen und 66 Schleifb\u00e4nder. Der elektrische nagelfeile f\u00fcr geln\u00e4gel professionell kann zum Schleifen, Modellieren, Schneiden, Polieren und Entfernen von Gel-\/Acryl-\/Naturn\u00e4geln verwendet werden. Das nagelschleifer elektrisch geln\u00e4gel-Set mit vielf\u00e4ltigem Zubeh\u00f6r ist die ideale Wahl f\u00fcr alle Nailart-Arbeiten.<br \/>\nEinstellbare Geschwindigkeit und Richtung elektrische nagelfeile: Der gel nagel fr\u00e4ser hat eine Geschwindigkeitssteuerung von 0-35000 U \/ min. Die Geschwindigkeit des geln\u00e4gel fr\u00e4ser kann durch Drehen des Knopfes im gleichen Verh\u00e4ltnis(0-35)frei eingestellt werden, Die fr\u00e4ser nagelfr\u00e4ser Geschwindigkeit kann durch die nagelfr\u00e4ser acryln\u00e4gel LCD-Anzeige genau gesehen werden. Der fusspflegeger\u00e4t unterst\u00fctzt die Drehung im Uhrzeigersinn\/gegen den Uhrzeigersinn, geeignet f\u00fcr linke und rechte H\u00e4nde.<br \/>\nHochleistungs-nagelfr\u00e4ser elektrisch: Der fr\u00e4ser pedik\u00fcre profi-Griff besteht aus einer hochwertigen Aluminiumlegierung.Der fu\u00dfpflegeger\u00e4te mit absaugung hat eine gute Leistung, hohe Geschwindigkeit, geringe Vibrationen\/Ger\u00e4usche und einen stabilen Betrieb. Der Griff des elektrische manik\u00fcre set ist ergonomisch geformt,liegt angenehm in der Hand.Der nagel fr\u00e4smaschine geln\u00e4gel verf\u00fcgt \u00fcber ein eingebautes Anti-\u00dcberhitzungssystem,dass sich der electric nail file lange nicht erhitzt.<br \/>\nManueller und fu\u00dfbet\u00e4tigter nagelfeile elektrisch: Der fr\u00e4ser f\u00fcr geln\u00e4gel unterst\u00fctzt die manuelle \/ fu\u00dfbet\u00e4tigte Schaltersteuerung und ist in hohem Ma\u00dfe an die Arbeitsumgebung anpassbar. Es ist ein professioneller elektrische nagelfr\u00e4ser professionell mit zwei Modi. Der freser fuer nagel wird mit einem St\u00e4nder geliefert, Sie k\u00f6nnen den Griff platzieren und wenn der nagelfr\u00e4ser f\u00fcr acryln\u00e4gel nicht verwendet wird, k\u00f6nnen Sie den Bohrer in das Loch in der Basis einf\u00fchren.<br \/>\n[Kundenservice]: Der tragbare fr\u00e4ser geln\u00e4gel g\u00fcnstig ist sicher und einfach zu bedienen, Wir m\u00fcssen nur die Griffverriegelung nach links und rechts drehen, um den pedik\u00fcreset elektrisch zu ersetzen. Der geln\u00e4gel fr\u00e4ser set ist voll funktionsf\u00e4hig. Es ist ein geln\u00e4gel elektrische feile n\u00e4gel, der sich sehr gut f\u00fcr den Heimgebrauch und Nagelstudios eignet und eine Vielzahl von Nagelbed\u00fcrfnissen erf\u00fcllen kann. F\u00fcr nail drill machine kontaktieren Sie uns bitte, wenn Sie Fragen haben<br \/>\n<div class=\"main-cross-sell\" data-asin=\"B0BR9YZZRX\">\n\n\t<div class=\"WooZone-cross-sell-loader\">\n\t\t<div>\n\t\t\t<div id=\"floatingBarsG\">\n\t\t\t\t<div class=\"blockG\" id=\"rotateG_01\"><\/div>\n\t\t\t\t<div class=\"blockG\" id=\"rotateG_02\"><\/div>\n\t\t\t\t<div class=\"blockG\" id=\"rotateG_03\"><\/div>\n\t\t\t\t<div class=\"blockG\" id=\"rotateG_04\"><\/div>\n\t\t\t\t<div class=\"blockG\" id=\"rotateG_05\"><\/div>\n\t\t\t\t<div class=\"blockG\" id=\"rotateG_06\"><\/div>\n\t\t\t\t<div class=\"blockG\" id=\"rotateG_07\"><\/div>\n\t\t\t\t<div class=\"blockG\" id=\"rotateG_08\"><\/div>\n\t\t\t<\/div>\n\t\t\t<div class=\"WooZone-cross-sell-loader-text\"><\/div>\n\t\t<\/div>\n\t<\/div>\n\n\t\t\n<\/div>\n<div style=\"clear:both;\"><\/div><\/p>\n","protected":false},"excerpt":{"rendered":"<p>Professioneller elektrische nagelfr\u00e4ser f\u00fcr geln\u00e4gel: 11 in 1 elektrische nagelfr\u00e4ser set f\u00fcr geln\u00e4gel mit 6 verschiedenen Nagelbohrer-Bits, 5 Nagelpolierkappen und 66 Schleifb\u00e4nder. Der elektrische nagelfeile f\u00fcr geln\u00e4gel professionell kann zum Schleifen, Modellieren, Schneiden, Polieren und Entfernen von Gel-\/Acryl-\/Naturn\u00e4geln verwendet werden. Das nagelschleifer elektrisch geln\u00e4gel-Set mit vielf\u00e4ltigem Zubeh\u00f6r ist die ideale Wahl f\u00fcr alle Nailart-Arbeiten.<br \/>\nEinstellbare Geschwindigkeit und Richtung elektrische nagelfeile: Der gel nagel fr\u00e4ser hat eine Geschwindigkeitssteuerung von 0-35000 U \/ min. Die Geschwindigkeit des geln\u00e4gel fr\u00e4ser kann durch Drehen des Knopfes im gleichen Verh\u00e4ltnis(0-35)frei eingestellt werden, Die fr\u00e4ser nagelfr\u00e4ser Geschwindigkeit kann durch die nagelfr\u00e4ser acryln\u00e4gel LCD-Anzeige genau gesehen werden. Der fusspflegeger\u00e4t unterst\u00fctzt die Drehung im Uhrzeigersinn\/gegen den Uhrzeigersinn, geeignet f\u00fcr linke und rechte H\u00e4nde.<br \/>\nHochleistungs-nagelfr\u00e4ser elektrisch: Der fr\u00e4ser pedik\u00fcre profi-Griff besteht aus einer hochwertigen Aluminiumlegierung.Der fu\u00dfpflegeger\u00e4te mit absaugung hat eine gute Leistung, hohe Geschwindigkeit, geringe Vibrationen\/Ger\u00e4usche und einen stabilen Betrieb. Der Griff des elektrische manik\u00fcre set ist ergonomisch geformt,liegt angenehm in der Hand.Der nagel fr\u00e4smaschine geln\u00e4gel verf\u00fcgt \u00fcber ein eingebautes Anti-\u00dcberhitzungssystem,dass sich der electric nail file lange nicht erhitzt.<\/p>\n","protected":false},"featured_media":181561,"comment_status":"open","ping_status":"closed","template":"","meta":[],"product_brand":[],"product_cat":[2858,7659],"product_tag":[],"class_list":{"0":"post-181560","1":"product","2":"type-product","3":"status-publish","4":"has-post-thumbnail","6":"product_cat-beauty","7":"product_cat-manikuere-pedikuere","8":"pa_brand-nailgirls","9":"pa_color-weiss","10":"pa_manufacturer-nailgirls","11":"pa_model-elektrische-nagelfraeser","13":"first","14":"instock","15":"shipping-taxable","16":"purchasable","17":"product-type-simple","18":"customify-col","19":"product-has-gallery"},"yoast_head":"<!-- This site is optimized with the Yoast SEO plugin v27.4 - https:\/\/yoast.com\/product\/yoast-seo-wordpress\/ -->\n<title>Nagelfeile Elektrisch f\u00fcr geln\u00e4gel,NAILGIRLS 11 in 1 Nagel Fr\u00e4smaschine,35000 U\/Min Nail Drill Nagelfr\u00e4ser Set,Manik\u00fcre\u2026 - Markt-XXL<\/title>\n<meta name=\"description\" content=\"Markt-XXL Nagelfeile Elektrisch f\u00fcr geln\u00e4gel,NAILGIRLS 11 in 1 Nagel Fr\u00e4smaschine,35000 U\/Min Nail Drill Nagelfr\u00e4ser Set,Manik\u00fcre\u2026\" \/>\n<meta name=\"robots\" content=\"index, follow, max-snippet:-1, max-image-preview:large, max-video-preview:-1\" \/>\n<link rel=\"canonical\" href=\"https:\/\/marktxxl.de\/markt\/produkt\/nagelfeile-elektrisch-fuer-gelnaegelnailgirls-11-in-1-nagel-fraesmaschine35000-u-min-nail-drill-nagelfraeser-setmanikuere-pedikuereset-elektrisch-nagelfraeser-fuer-acrylnaegel-mit-led-anzeige-und-f\/\" \/>\n<meta property=\"og:locale\" content=\"de_DE\" \/>\n<meta property=\"og:type\" content=\"article\" \/>\n<meta property=\"og:title\" content=\"Nagelfeile Elektrisch f\u00fcr geln\u00e4gel,NAILGIRLS 11 in 1 Nagel Fr\u00e4smaschine,35000 U\/Min Nail Drill Nagelfr\u00e4ser Set,Manik\u00fcre\u2026 - Markt-XXL\" \/>\n<meta property=\"og:description\" content=\"Markt-XXL Nagelfeile Elektrisch f\u00fcr geln\u00e4gel,NAILGIRLS 11 in 1 Nagel Fr\u00e4smaschine,35000 U\/Min Nail Drill Nagelfr\u00e4ser Set,Manik\u00fcre\u2026\" \/>\n<meta property=\"og:url\" content=\"https:\/\/marktxxl.de\/markt\/produkt\/nagelfeile-elektrisch-fuer-gelnaegelnailgirls-11-in-1-nagel-fraesmaschine35000-u-min-nail-drill-nagelfraeser-setmanikuere-pedikuereset-elektrisch-nagelfraeser-fuer-acrylnaegel-mit-led-anzeige-und-f\/\" \/>\n<meta property=\"og:site_name\" content=\"Markt-XXL\" \/>\n<meta property=\"article:modified_time\" content=\"2023-04-11T03:12:20+00:00\" \/>\n<meta property=\"og:image\" content=\"https:\/\/m.media-amazon.com\/images\/I\/41Z9UJpW6nL._SL500_.jpg\" \/>\n\t<meta property=\"og:image:width\" content=\"500\" \/>\n\t<meta property=\"og:image:height\" content=\"500\" \/>\n\t<meta property=\"og:image:type\" content=\"image\/jpeg\" \/>\n<meta name=\"twitter:card\" content=\"summary_large_image\" \/>\n<meta name=\"twitter:label1\" content=\"Gesch\u00e4tzte Lesezeit\" \/>\n\t<meta name=\"twitter:data1\" content=\"2\u00a0Minuten\" \/>\n<script type=\"application\/ld+json\" class=\"yoast-schema-graph\">{\"@context\":\"https:\\\/\\\/schema.org\",\"@graph\":[{\"@type\":\"WebPage\",\"@id\":\"https:\\\/\\\/marktxxl.de\\\/markt\\\/produkt\\\/nagelfeile-elektrisch-fuer-gelnaegelnailgirls-11-in-1-nagel-fraesmaschine35000-u-min-nail-drill-nagelfraeser-setmanikuere-pedikuereset-elektrisch-nagelfraeser-fuer-acrylnaegel-mit-led-anzeige-und-f\\\/\",\"url\":\"https:\\\/\\\/marktxxl.de\\\/markt\\\/produkt\\\/nagelfeile-elektrisch-fuer-gelnaegelnailgirls-11-in-1-nagel-fraesmaschine35000-u-min-nail-drill-nagelfraeser-setmanikuere-pedikuereset-elektrisch-nagelfraeser-fuer-acrylnaegel-mit-led-anzeige-und-f\\\/\",\"name\":\"Nagelfeile Elektrisch f\u00fcr geln\u00e4gel,NAILGIRLS 11 in 1 Nagel Fr\u00e4smaschine,35000 U\\\/Min Nail Drill Nagelfr\u00e4ser Set,Manik\u00fcre\u2026 - Markt-XXL\",\"isPartOf\":{\"@id\":\"https:\\\/\\\/marktxxl.de\\\/markt\\\/#website\"},\"primaryImageOfPage\":{\"@id\":\"https:\\\/\\\/marktxxl.de\\\/markt\\\/produkt\\\/nagelfeile-elektrisch-fuer-gelnaegelnailgirls-11-in-1-nagel-fraesmaschine35000-u-min-nail-drill-nagelfraeser-setmanikuere-pedikuereset-elektrisch-nagelfraeser-fuer-acrylnaegel-mit-led-anzeige-und-f\\\/#primaryimage\"},\"image\":{\"@id\":\"https:\\\/\\\/marktxxl.de\\\/markt\\\/produkt\\\/nagelfeile-elektrisch-fuer-gelnaegelnailgirls-11-in-1-nagel-fraesmaschine35000-u-min-nail-drill-nagelfraeser-setmanikuere-pedikuereset-elektrisch-nagelfraeser-fuer-acrylnaegel-mit-led-anzeige-und-f\\\/#primaryimage\"},\"thumbnailUrl\":\"https:\\\/\\\/m.media-amazon.com\\\/images\\\/I\\\/41Z9UJpW6nL._SL500_.jpg\",\"datePublished\":\"2023-01-10T05:04:51+00:00\",\"dateModified\":\"2023-04-11T03:12:20+00:00\",\"description\":\"Markt-XXL Nagelfeile Elektrisch f\u00fcr geln\u00e4gel,NAILGIRLS 11 in 1 Nagel Fr\u00e4smaschine,35000 U\\\/Min Nail Drill Nagelfr\u00e4ser Set,Manik\u00fcre\u2026\",\"breadcrumb\":{\"@id\":\"https:\\\/\\\/marktxxl.de\\\/markt\\\/produkt\\\/nagelfeile-elektrisch-fuer-gelnaegelnailgirls-11-in-1-nagel-fraesmaschine35000-u-min-nail-drill-nagelfraeser-setmanikuere-pedikuereset-elektrisch-nagelfraeser-fuer-acrylnaegel-mit-led-anzeige-und-f\\\/#breadcrumb\"},\"inLanguage\":\"de\",\"potentialAction\":[{\"@type\":\"ReadAction\",\"target\":[\"https:\\\/\\\/marktxxl.de\\\/markt\\\/produkt\\\/nagelfeile-elektrisch-fuer-gelnaegelnailgirls-11-in-1-nagel-fraesmaschine35000-u-min-nail-drill-nagelfraeser-setmanikuere-pedikuereset-elektrisch-nagelfraeser-fuer-acrylnaegel-mit-led-anzeige-und-f\\\/\"]}]},{\"@type\":\"ImageObject\",\"inLanguage\":\"de\",\"@id\":\"https:\\\/\\\/marktxxl.de\\\/markt\\\/produkt\\\/nagelfeile-elektrisch-fuer-gelnaegelnailgirls-11-in-1-nagel-fraesmaschine35000-u-min-nail-drill-nagelfraeser-setmanikuere-pedikuereset-elektrisch-nagelfraeser-fuer-acrylnaegel-mit-led-anzeige-und-f\\\/#primaryimage\",\"url\":\"https:\\\/\\\/m.media-amazon.com\\\/images\\\/I\\\/41Z9UJpW6nL._SL500_.jpg\",\"contentUrl\":\"https:\\\/\\\/m.media-amazon.com\\\/images\\\/I\\\/41Z9UJpW6nL._SL500_.jpg\",\"width\":500,\"height\":500},{\"@type\":\"BreadcrumbList\",\"@id\":\"https:\\\/\\\/marktxxl.de\\\/markt\\\/produkt\\\/nagelfeile-elektrisch-fuer-gelnaegelnailgirls-11-in-1-nagel-fraesmaschine35000-u-min-nail-drill-nagelfraeser-setmanikuere-pedikuereset-elektrisch-nagelfraeser-fuer-acrylnaegel-mit-led-anzeige-und-f\\\/#breadcrumb\",\"itemListElement\":[{\"@type\":\"ListItem\",\"position\":1,\"name\":\"Startseite\",\"item\":\"https:\\\/\\\/marktxxl.de\\\/markt\\\/\"},{\"@type\":\"ListItem\",\"position\":2,\"name\":\"Markt\",\"item\":\"https:\\\/\\\/marktxxl.de\\\/markt\\\/\"},{\"@type\":\"ListItem\",\"position\":3,\"name\":\"Nagelfeile Elektrisch f\u00fcr geln\u00e4gel,NAILGIRLS 11 in 1 Nagel Fr\u00e4smaschine,35000 U\\\/Min Nail Drill Nagelfr\u00e4ser Set,Manik\u00fcre\u2026\"}]},{\"@type\":\"WebSite\",\"@id\":\"https:\\\/\\\/marktxxl.de\\\/markt\\\/#website\",\"url\":\"https:\\\/\\\/marktxxl.de\\\/markt\\\/\",\"name\":\"Markt-XXL\",\"description\":\"Ihr Markt Online\",\"publisher\":{\"@id\":\"https:\\\/\\\/marktxxl.de\\\/markt\\\/#organization\"},\"potentialAction\":[{\"@type\":\"SearchAction\",\"target\":{\"@type\":\"EntryPoint\",\"urlTemplate\":\"https:\\\/\\\/marktxxl.de\\\/markt\\\/?s={search_term_string}\"},\"query-input\":{\"@type\":\"PropertyValueSpecification\",\"valueRequired\":true,\"valueName\":\"search_term_string\"}}],\"inLanguage\":\"de\"},{\"@type\":\"Organization\",\"@id\":\"https:\\\/\\\/marktxxl.de\\\/markt\\\/#organization\",\"name\":\"Markt-XXL\",\"url\":\"https:\\\/\\\/marktxxl.de\\\/markt\\\/\",\"logo\":{\"@type\":\"ImageObject\",\"inLanguage\":\"de\",\"@id\":\"https:\\\/\\\/marktxxl.de\\\/markt\\\/#\\\/schema\\\/logo\\\/image\\\/\",\"url\":\"https:\\\/\\\/marktxxl.de\\\/markt\\\/wp-content\\\/uploads\\\/sites\\\/3\\\/2020\\\/12\\\/logo.png\",\"contentUrl\":\"https:\\\/\\\/marktxxl.de\\\/markt\\\/wp-content\\\/uploads\\\/sites\\\/3\\\/2020\\\/12\\\/logo.png\",\"width\":200,\"height\":70,\"caption\":\"Markt-XXL\"},\"image\":{\"@id\":\"https:\\\/\\\/marktxxl.de\\\/markt\\\/#\\\/schema\\\/logo\\\/image\\\/\"}}]}<\/script>\n<!-- \/ Yoast SEO plugin. -->","yoast_head_json":{"title":"Nagelfeile Elektrisch f\u00fcr geln\u00e4gel,NAILGIRLS 11 in 1 Nagel Fr\u00e4smaschine,35000 U\/Min Nail Drill Nagelfr\u00e4ser Set,Manik\u00fcre\u2026 - Markt-XXL","description":"Markt-XXL Nagelfeile Elektrisch f\u00fcr geln\u00e4gel,NAILGIRLS 11 in 1 Nagel Fr\u00e4smaschine,35000 U\/Min Nail Drill Nagelfr\u00e4ser Set,Manik\u00fcre\u2026","robots":{"index":"index","follow":"follow","max-snippet":"max-snippet:-1","max-image-preview":"max-image-preview:large","max-video-preview":"max-video-preview:-1"},"canonical":"https:\/\/marktxxl.de\/markt\/produkt\/nagelfeile-elektrisch-fuer-gelnaegelnailgirls-11-in-1-nagel-fraesmaschine35000-u-min-nail-drill-nagelfraeser-setmanikuere-pedikuereset-elektrisch-nagelfraeser-fuer-acrylnaegel-mit-led-anzeige-und-f\/","og_locale":"de_DE","og_type":"article","og_title":"Nagelfeile Elektrisch f\u00fcr geln\u00e4gel,NAILGIRLS 11 in 1 Nagel Fr\u00e4smaschine,35000 U\/Min Nail Drill Nagelfr\u00e4ser Set,Manik\u00fcre\u2026 - Markt-XXL","og_description":"Markt-XXL Nagelfeile Elektrisch f\u00fcr geln\u00e4gel,NAILGIRLS 11 in 1 Nagel Fr\u00e4smaschine,35000 U\/Min Nail Drill Nagelfr\u00e4ser Set,Manik\u00fcre\u2026","og_url":"https:\/\/marktxxl.de\/markt\/produkt\/nagelfeile-elektrisch-fuer-gelnaegelnailgirls-11-in-1-nagel-fraesmaschine35000-u-min-nail-drill-nagelfraeser-setmanikuere-pedikuereset-elektrisch-nagelfraeser-fuer-acrylnaegel-mit-led-anzeige-und-f\/","og_site_name":"Markt-XXL","article_modified_time":"2023-04-11T03:12:20+00:00","og_image":[{"width":500,"height":500,"url":"https:\/\/m.media-amazon.com\/images\/I\/41Z9UJpW6nL._SL500_.jpg","type":"image\/jpeg"}],"twitter_card":"summary_large_image","twitter_misc":{"Gesch\u00e4tzte Lesezeit":"2\u00a0Minuten"},"schema":{"@context":"https:\/\/schema.org","@graph":[{"@type":"WebPage","@id":"https:\/\/marktxxl.de\/markt\/produkt\/nagelfeile-elektrisch-fuer-gelnaegelnailgirls-11-in-1-nagel-fraesmaschine35000-u-min-nail-drill-nagelfraeser-setmanikuere-pedikuereset-elektrisch-nagelfraeser-fuer-acrylnaegel-mit-led-anzeige-und-f\/","url":"https:\/\/marktxxl.de\/markt\/produkt\/nagelfeile-elektrisch-fuer-gelnaegelnailgirls-11-in-1-nagel-fraesmaschine35000-u-min-nail-drill-nagelfraeser-setmanikuere-pedikuereset-elektrisch-nagelfraeser-fuer-acrylnaegel-mit-led-anzeige-und-f\/","name":"Nagelfeile Elektrisch f\u00fcr geln\u00e4gel,NAILGIRLS 11 in 1 Nagel Fr\u00e4smaschine,35000 U\/Min Nail Drill Nagelfr\u00e4ser Set,Manik\u00fcre\u2026 - Markt-XXL","isPartOf":{"@id":"https:\/\/marktxxl.de\/markt\/#website"},"primaryImageOfPage":{"@id":"https:\/\/marktxxl.de\/markt\/produkt\/nagelfeile-elektrisch-fuer-gelnaegelnailgirls-11-in-1-nagel-fraesmaschine35000-u-min-nail-drill-nagelfraeser-setmanikuere-pedikuereset-elektrisch-nagelfraeser-fuer-acrylnaegel-mit-led-anzeige-und-f\/#primaryimage"},"image":{"@id":"https:\/\/marktxxl.de\/markt\/produkt\/nagelfeile-elektrisch-fuer-gelnaegelnailgirls-11-in-1-nagel-fraesmaschine35000-u-min-nail-drill-nagelfraeser-setmanikuere-pedikuereset-elektrisch-nagelfraeser-fuer-acrylnaegel-mit-led-anzeige-und-f\/#primaryimage"},"thumbnailUrl":"https:\/\/m.media-amazon.com\/images\/I\/41Z9UJpW6nL._SL500_.jpg","datePublished":"2023-01-10T05:04:51+00:00","dateModified":"2023-04-11T03:12:20+00:00","description":"Markt-XXL Nagelfeile Elektrisch f\u00fcr geln\u00e4gel,NAILGIRLS 11 in 1 Nagel Fr\u00e4smaschine,35000 U\/Min Nail Drill Nagelfr\u00e4ser Set,Manik\u00fcre\u2026","breadcrumb":{"@id":"https:\/\/marktxxl.de\/markt\/produkt\/nagelfeile-elektrisch-fuer-gelnaegelnailgirls-11-in-1-nagel-fraesmaschine35000-u-min-nail-drill-nagelfraeser-setmanikuere-pedikuereset-elektrisch-nagelfraeser-fuer-acrylnaegel-mit-led-anzeige-und-f\/#breadcrumb"},"inLanguage":"de","potentialAction":[{"@type":"ReadAction","target":["https:\/\/marktxxl.de\/markt\/produkt\/nagelfeile-elektrisch-fuer-gelnaegelnailgirls-11-in-1-nagel-fraesmaschine35000-u-min-nail-drill-nagelfraeser-setmanikuere-pedikuereset-elektrisch-nagelfraeser-fuer-acrylnaegel-mit-led-anzeige-und-f\/"]}]},{"@type":"ImageObject","inLanguage":"de","@id":"https:\/\/marktxxl.de\/markt\/produkt\/nagelfeile-elektrisch-fuer-gelnaegelnailgirls-11-in-1-nagel-fraesmaschine35000-u-min-nail-drill-nagelfraeser-setmanikuere-pedikuereset-elektrisch-nagelfraeser-fuer-acrylnaegel-mit-led-anzeige-und-f\/#primaryimage","url":"https:\/\/m.media-amazon.com\/images\/I\/41Z9UJpW6nL._SL500_.jpg","contentUrl":"https:\/\/m.media-amazon.com\/images\/I\/41Z9UJpW6nL._SL500_.jpg","width":500,"height":500},{"@type":"BreadcrumbList","@id":"https:\/\/marktxxl.de\/markt\/produkt\/nagelfeile-elektrisch-fuer-gelnaegelnailgirls-11-in-1-nagel-fraesmaschine35000-u-min-nail-drill-nagelfraeser-setmanikuere-pedikuereset-elektrisch-nagelfraeser-fuer-acrylnaegel-mit-led-anzeige-und-f\/#breadcrumb","itemListElement":[{"@type":"ListItem","position":1,"name":"Startseite","item":"https:\/\/marktxxl.de\/markt\/"},{"@type":"ListItem","position":2,"name":"Markt","item":"https:\/\/marktxxl.de\/markt\/"},{"@type":"ListItem","position":3,"name":"Nagelfeile Elektrisch f\u00fcr geln\u00e4gel,NAILGIRLS 11 in 1 Nagel Fr\u00e4smaschine,35000 U\/Min Nail Drill Nagelfr\u00e4ser Set,Manik\u00fcre\u2026"}]},{"@type":"WebSite","@id":"https:\/\/marktxxl.de\/markt\/#website","url":"https:\/\/marktxxl.de\/markt\/","name":"Markt-XXL","description":"Ihr Markt Online","publisher":{"@id":"https:\/\/marktxxl.de\/markt\/#organization"},"potentialAction":[{"@type":"SearchAction","target":{"@type":"EntryPoint","urlTemplate":"https:\/\/marktxxl.de\/markt\/?s={search_term_string}"},"query-input":{"@type":"PropertyValueSpecification","valueRequired":true,"valueName":"search_term_string"}}],"inLanguage":"de"},{"@type":"Organization","@id":"https:\/\/marktxxl.de\/markt\/#organization","name":"Markt-XXL","url":"https:\/\/marktxxl.de\/markt\/","logo":{"@type":"ImageObject","inLanguage":"de","@id":"https:\/\/marktxxl.de\/markt\/#\/schema\/logo\/image\/","url":"https:\/\/marktxxl.de\/markt\/wp-content\/uploads\/sites\/3\/2020\/12\/logo.png","contentUrl":"https:\/\/marktxxl.de\/markt\/wp-content\/uploads\/sites\/3\/2020\/12\/logo.png","width":200,"height":70,"caption":"Markt-XXL"},"image":{"@id":"https:\/\/marktxxl.de\/markt\/#\/schema\/logo\/image\/"}}]}},"_links":{"self":[{"href":"https:\/\/marktxxl.de\/markt\/wp-json\/wp\/v2\/product\/181560","targetHints":{"allow":["GET"]}}],"collection":[{"href":"https:\/\/marktxxl.de\/markt\/wp-json\/wp\/v2\/product"}],"about":[{"href":"https:\/\/marktxxl.de\/markt\/wp-json\/wp\/v2\/types\/product"}],"replies":[{"embeddable":true,"href":"https:\/\/marktxxl.de\/markt\/wp-json\/wp\/v2\/comments?post=181560"}],"wp:featuredmedia":[{"embeddable":true,"href":"https:\/\/marktxxl.de\/markt\/wp-json\/wp\/v2\/media\/181561"}],"wp:attachment":[{"href":"https:\/\/marktxxl.de\/markt\/wp-json\/wp\/v2\/media?parent=181560"}],"wp:term":[{"taxonomy":"product_brand","embeddable":true,"href":"https:\/\/marktxxl.de\/markt\/wp-json\/wp\/v2\/product_brand?post=181560"},{"taxonomy":"product_cat","embeddable":true,"href":"https:\/\/marktxxl.de\/markt\/wp-json\/wp\/v2\/product_cat?post=181560"},{"taxonomy":"product_tag","embeddable":true,"href":"https:\/\/marktxxl.de\/markt\/wp-json\/wp\/v2\/product_tag?post=181560"}],"curies":[{"name":"wp","href":"https:\/\/api.w.org\/{rel}","templated":true}]}}