{"id":181497,"date":"2023-01-10T06:01:06","date_gmt":"2023-01-10T05:01:06","guid":{"rendered":"https:\/\/marktxxl.de\/markt\/produkt\/lustige-socken-herren-christmas-socks-fuer-herren-damen-6-paare-christmas-design-festive-baumwolle-weihnachtssocken-herren-buntes-socken-39-46\/"},"modified":"2023-04-11T05:12:19","modified_gmt":"2023-04-11T03:12:19","slug":"lustige-socken-herren-christmas-socks-fuer-herren-damen-6-paare-christmas-design-festive-baumwolle-weihnachtssocken-herren-buntes-socken-39-46","status":"publish","type":"product","link":"https:\/\/marktxxl.de\/markt\/produkt\/lustige-socken-herren-christmas-socks-fuer-herren-damen-6-paare-christmas-design-festive-baumwolle-weihnachtssocken-herren-buntes-socken-39-46\/","title":{"rendered":"Lustige Socken Herren Christmas Socks f\u00fcr Herren Damen 6 Paare Christmas Design Festive Baumwolle Weihnachtssocken\u2026"},"content":{"rendered":"<p>\ud83c\udf85\u3010Kreative Weihnachtsgeschenke\u3011 Sie wissen immer noch nicht, was Sie zu Weihnachten kaufen sollen? Nat\u00fcrlich SOCKEN! W\u00e4hrend wir immer diese dicken Socken bekommen, die wir kaum tragen k\u00f6nnen. Aber jetzt kommen die lustigen Weihnachtssocken von Bisousox!<br \/>\n\ud83c\udf81\u3010Sockengr\u00f6\u00dfe und bestes Geschenk\u3011 Einheitsgr\u00f6\u00dfe f\u00fcr alle Herrengr\u00f6\u00dfen: UK 6-11 \/ EU 39-46 \/ US 6-12. Praktische und sinnvolle Weihnachtsgeschenke, die Sie jeden Tag tragen k\u00f6nnen! Verschiedene Muster und Farben stehen f\u00fcr Ihre Auswahl zur Verf\u00fcgung: Santas Reindeer Lebkuchenmann Candy Canes &#8230; Ihre Familie, Liebhaber und Freunde werden dieses Geschenk von Ihnen lieben!<br \/>\n\ud83c\udf84\u3010Hohe Qualit\u00e4t\u3011 BISOUSOX kontrolliert sorgf\u00e4ltig die Qualit\u00e4t der Produkte, damit Sie qualitativ hochwertige und bequeme Socken erhalten. 80 % Baumwolle, 15 % Nylon, 5 % Spandex. Wir verwenden eine tolle Mischung aus Baumwolle, Nylon und Spandex, die die Form der Men\u2019s Funky Socke intakt h\u00e4lt.<br \/>\n\ud83c\udf85\u3010Sparsam und praktisch\u3011Jeder Mann braucht diese Art von lustigen s\u00fc\u00dfen Socken! Diese farbenfrohen Weihnachtssocken k\u00f6nnen zu jeder Jahreszeit getragen werden (k\u00f6nnten im Sommer etwas dick sein). Sie k\u00f6nnen viele Paare davon zu einem wirklich guten Preis bekommen. Sie k\u00f6nnen es als Kleidersocken, Uniform-\/Anzugsocken, Business-\/B\u00fcrosocken, Sneaker-Socken, t\u00e4gliche Hosensocken, Partysocken, Hochzeitssocken, Br\u00e4utigam-\/Trauzeugensocken tragen.<br \/>\n\ud83d\udc9d\u3010Ausgezeichneter Service\u3011 Wenn Sie Fragen zu unseren Men&#8217;s Christmas Crew Socken oder unserem Service haben, kontaktieren Sie uns bitte jederzeit. Wir werden Ihnen beim ersten Mal antworten.<br \/>\n<div class=\"main-cross-sell\" data-asin=\"B0BN31W283\">\n\n\t<div class=\"WooZone-cross-sell-loader\">\n\t\t<div>\n\t\t\t<div id=\"floatingBarsG\">\n\t\t\t\t<div class=\"blockG\" id=\"rotateG_01\"><\/div>\n\t\t\t\t<div class=\"blockG\" id=\"rotateG_02\"><\/div>\n\t\t\t\t<div class=\"blockG\" id=\"rotateG_03\"><\/div>\n\t\t\t\t<div class=\"blockG\" id=\"rotateG_04\"><\/div>\n\t\t\t\t<div class=\"blockG\" id=\"rotateG_05\"><\/div>\n\t\t\t\t<div class=\"blockG\" id=\"rotateG_06\"><\/div>\n\t\t\t\t<div class=\"blockG\" id=\"rotateG_07\"><\/div>\n\t\t\t\t<div class=\"blockG\" id=\"rotateG_08\"><\/div>\n\t\t\t<\/div>\n\t\t\t<div class=\"WooZone-cross-sell-loader-text\"><\/div>\n\t\t<\/div>\n\t<\/div>\n\n\t\t\n<\/div>\n<div style=\"clear:both;\"><\/div><\/p>\n","protected":false},"excerpt":{"rendered":"<p>\ud83c\udf85\u3010Kreative Weihnachtsgeschenke\u3011 Sie wissen immer noch nicht, was Sie zu Weihnachten kaufen sollen? Nat\u00fcrlich SOCKEN! W\u00e4hrend wir immer diese dicken Socken bekommen, die wir kaum tragen k\u00f6nnen. Aber jetzt kommen die lustigen Weihnachtssocken von Bisousox!<br \/>\n\ud83c\udf81\u3010Sockengr\u00f6\u00dfe und bestes Geschenk\u3011 Einheitsgr\u00f6\u00dfe f\u00fcr alle Herrengr\u00f6\u00dfen: UK 6-11 \/ EU 39-46 \/ US 6-12. Praktische und sinnvolle Weihnachtsgeschenke, die Sie jeden Tag tragen k\u00f6nnen! Verschiedene Muster und Farben stehen f\u00fcr Ihre Auswahl zur Verf\u00fcgung: Santas Reindeer Lebkuchenmann Candy Canes &#8230; Ihre Familie, Liebhaber und Freunde werden dieses Geschenk von Ihnen lieben!<br \/>\n\ud83c\udf84\u3010Hohe Qualit\u00e4t\u3011 BISOUSOX kontrolliert sorgf\u00e4ltig die Qualit\u00e4t der Produkte, damit Sie qualitativ hochwertige und bequeme Socken erhalten. 80 % Baumwolle, 15 % Nylon, 5 % Spandex. Wir verwenden eine tolle Mischung aus Baumwolle, Nylon und Spandex, die die Form der Men\u2019s Funky Socke intakt h\u00e4lt.<\/p>\n","protected":false},"featured_media":181498,"comment_status":"open","ping_status":"closed","template":"","meta":[],"product_brand":[],"product_cat":[1186,4069],"product_tag":[],"class_list":{"0":"post-181497","1":"product","2":"type-product","3":"status-publish","4":"has-post-thumbnail","6":"product_cat-bekleidung","7":"product_cat-spezielle-anlaesse","8":"pa_brand-bisousox","10":"first","11":"instock","12":"shipping-taxable","13":"purchasable","14":"product-type-simple","15":"customify-col","16":"product-has-gallery"},"yoast_head":"<!-- This site is optimized with the Yoast SEO plugin v27.4 - https:\/\/yoast.com\/product\/yoast-seo-wordpress\/ -->\n<title>Lustige Socken Herren Christmas Socks f\u00fcr Herren Damen 6 Paare Christmas Design Festive Baumwolle Weihnachtssocken\u2026 - Markt-XXL<\/title>\n<meta name=\"description\" content=\"Markt-XXL Lustige Socken Herren Christmas Socks f\u00fcr Herren Damen 6 Paare Christmas Design Festive Baumwolle Weihnachtssocken\u2026\" \/>\n<meta name=\"robots\" content=\"index, follow, max-snippet:-1, max-image-preview:large, max-video-preview:-1\" \/>\n<link rel=\"canonical\" href=\"https:\/\/marktxxl.de\/markt\/produkt\/lustige-socken-herren-christmas-socks-fuer-herren-damen-6-paare-christmas-design-festive-baumwolle-weihnachtssocken-herren-buntes-socken-39-46\/\" \/>\n<meta property=\"og:locale\" content=\"de_DE\" \/>\n<meta property=\"og:type\" content=\"article\" \/>\n<meta property=\"og:title\" content=\"Lustige Socken Herren Christmas Socks f\u00fcr Herren Damen 6 Paare Christmas Design Festive Baumwolle Weihnachtssocken\u2026 - Markt-XXL\" \/>\n<meta property=\"og:description\" content=\"Markt-XXL Lustige Socken Herren Christmas Socks f\u00fcr Herren Damen 6 Paare Christmas Design Festive Baumwolle Weihnachtssocken\u2026\" \/>\n<meta property=\"og:url\" content=\"https:\/\/marktxxl.de\/markt\/produkt\/lustige-socken-herren-christmas-socks-fuer-herren-damen-6-paare-christmas-design-festive-baumwolle-weihnachtssocken-herren-buntes-socken-39-46\/\" \/>\n<meta property=\"og:site_name\" content=\"Markt-XXL\" \/>\n<meta property=\"article:modified_time\" content=\"2023-04-11T03:12:19+00:00\" \/>\n<meta property=\"og:image\" content=\"https:\/\/m.media-amazon.com\/images\/I\/51pdqetA4nL._SL500_.jpg\" \/>\n\t<meta property=\"og:image:width\" content=\"500\" \/>\n\t<meta property=\"og:image:height\" content=\"500\" \/>\n\t<meta property=\"og:image:type\" content=\"image\/jpeg\" \/>\n<meta name=\"twitter:card\" content=\"summary_large_image\" \/>\n<meta name=\"twitter:label1\" content=\"Gesch\u00e4tzte Lesezeit\" \/>\n\t<meta name=\"twitter:data1\" content=\"1\u00a0Minute\" \/>\n<script type=\"application\/ld+json\" class=\"yoast-schema-graph\">{\"@context\":\"https:\\\/\\\/schema.org\",\"@graph\":[{\"@type\":\"WebPage\",\"@id\":\"https:\\\/\\\/marktxxl.de\\\/markt\\\/produkt\\\/lustige-socken-herren-christmas-socks-fuer-herren-damen-6-paare-christmas-design-festive-baumwolle-weihnachtssocken-herren-buntes-socken-39-46\\\/\",\"url\":\"https:\\\/\\\/marktxxl.de\\\/markt\\\/produkt\\\/lustige-socken-herren-christmas-socks-fuer-herren-damen-6-paare-christmas-design-festive-baumwolle-weihnachtssocken-herren-buntes-socken-39-46\\\/\",\"name\":\"Lustige Socken Herren Christmas Socks f\u00fcr Herren Damen 6 Paare Christmas Design Festive Baumwolle Weihnachtssocken\u2026 - Markt-XXL\",\"isPartOf\":{\"@id\":\"https:\\\/\\\/marktxxl.de\\\/markt\\\/#website\"},\"primaryImageOfPage\":{\"@id\":\"https:\\\/\\\/marktxxl.de\\\/markt\\\/produkt\\\/lustige-socken-herren-christmas-socks-fuer-herren-damen-6-paare-christmas-design-festive-baumwolle-weihnachtssocken-herren-buntes-socken-39-46\\\/#primaryimage\"},\"image\":{\"@id\":\"https:\\\/\\\/marktxxl.de\\\/markt\\\/produkt\\\/lustige-socken-herren-christmas-socks-fuer-herren-damen-6-paare-christmas-design-festive-baumwolle-weihnachtssocken-herren-buntes-socken-39-46\\\/#primaryimage\"},\"thumbnailUrl\":\"https:\\\/\\\/m.media-amazon.com\\\/images\\\/I\\\/51pdqetA4nL._SL500_.jpg\",\"datePublished\":\"2023-01-10T05:01:06+00:00\",\"dateModified\":\"2023-04-11T03:12:19+00:00\",\"description\":\"Markt-XXL Lustige Socken Herren Christmas Socks f\u00fcr Herren Damen 6 Paare Christmas Design Festive Baumwolle Weihnachtssocken\u2026\",\"breadcrumb\":{\"@id\":\"https:\\\/\\\/marktxxl.de\\\/markt\\\/produkt\\\/lustige-socken-herren-christmas-socks-fuer-herren-damen-6-paare-christmas-design-festive-baumwolle-weihnachtssocken-herren-buntes-socken-39-46\\\/#breadcrumb\"},\"inLanguage\":\"de\",\"potentialAction\":[{\"@type\":\"ReadAction\",\"target\":[\"https:\\\/\\\/marktxxl.de\\\/markt\\\/produkt\\\/lustige-socken-herren-christmas-socks-fuer-herren-damen-6-paare-christmas-design-festive-baumwolle-weihnachtssocken-herren-buntes-socken-39-46\\\/\"]}]},{\"@type\":\"ImageObject\",\"inLanguage\":\"de\",\"@id\":\"https:\\\/\\\/marktxxl.de\\\/markt\\\/produkt\\\/lustige-socken-herren-christmas-socks-fuer-herren-damen-6-paare-christmas-design-festive-baumwolle-weihnachtssocken-herren-buntes-socken-39-46\\\/#primaryimage\",\"url\":\"https:\\\/\\\/m.media-amazon.com\\\/images\\\/I\\\/51pdqetA4nL._SL500_.jpg\",\"contentUrl\":\"https:\\\/\\\/m.media-amazon.com\\\/images\\\/I\\\/51pdqetA4nL._SL500_.jpg\",\"width\":500,\"height\":500},{\"@type\":\"BreadcrumbList\",\"@id\":\"https:\\\/\\\/marktxxl.de\\\/markt\\\/produkt\\\/lustige-socken-herren-christmas-socks-fuer-herren-damen-6-paare-christmas-design-festive-baumwolle-weihnachtssocken-herren-buntes-socken-39-46\\\/#breadcrumb\",\"itemListElement\":[{\"@type\":\"ListItem\",\"position\":1,\"name\":\"Startseite\",\"item\":\"https:\\\/\\\/marktxxl.de\\\/markt\\\/\"},{\"@type\":\"ListItem\",\"position\":2,\"name\":\"Markt\",\"item\":\"https:\\\/\\\/marktxxl.de\\\/markt\\\/\"},{\"@type\":\"ListItem\",\"position\":3,\"name\":\"Lustige Socken Herren Christmas Socks f\u00fcr Herren Damen 6 Paare Christmas Design Festive Baumwolle Weihnachtssocken\u2026\"}]},{\"@type\":\"WebSite\",\"@id\":\"https:\\\/\\\/marktxxl.de\\\/markt\\\/#website\",\"url\":\"https:\\\/\\\/marktxxl.de\\\/markt\\\/\",\"name\":\"Markt-XXL\",\"description\":\"Ihr Markt Online\",\"publisher\":{\"@id\":\"https:\\\/\\\/marktxxl.de\\\/markt\\\/#organization\"},\"potentialAction\":[{\"@type\":\"SearchAction\",\"target\":{\"@type\":\"EntryPoint\",\"urlTemplate\":\"https:\\\/\\\/marktxxl.de\\\/markt\\\/?s={search_term_string}\"},\"query-input\":{\"@type\":\"PropertyValueSpecification\",\"valueRequired\":true,\"valueName\":\"search_term_string\"}}],\"inLanguage\":\"de\"},{\"@type\":\"Organization\",\"@id\":\"https:\\\/\\\/marktxxl.de\\\/markt\\\/#organization\",\"name\":\"Markt-XXL\",\"url\":\"https:\\\/\\\/marktxxl.de\\\/markt\\\/\",\"logo\":{\"@type\":\"ImageObject\",\"inLanguage\":\"de\",\"@id\":\"https:\\\/\\\/marktxxl.de\\\/markt\\\/#\\\/schema\\\/logo\\\/image\\\/\",\"url\":\"https:\\\/\\\/marktxxl.de\\\/markt\\\/wp-content\\\/uploads\\\/sites\\\/3\\\/2020\\\/12\\\/logo.png\",\"contentUrl\":\"https:\\\/\\\/marktxxl.de\\\/markt\\\/wp-content\\\/uploads\\\/sites\\\/3\\\/2020\\\/12\\\/logo.png\",\"width\":200,\"height\":70,\"caption\":\"Markt-XXL\"},\"image\":{\"@id\":\"https:\\\/\\\/marktxxl.de\\\/markt\\\/#\\\/schema\\\/logo\\\/image\\\/\"}}]}<\/script>\n<!-- \/ Yoast SEO plugin. -->","yoast_head_json":{"title":"Lustige Socken Herren Christmas Socks f\u00fcr Herren Damen 6 Paare Christmas Design Festive Baumwolle Weihnachtssocken\u2026 - Markt-XXL","description":"Markt-XXL Lustige Socken Herren Christmas Socks f\u00fcr Herren Damen 6 Paare Christmas Design Festive Baumwolle Weihnachtssocken\u2026","robots":{"index":"index","follow":"follow","max-snippet":"max-snippet:-1","max-image-preview":"max-image-preview:large","max-video-preview":"max-video-preview:-1"},"canonical":"https:\/\/marktxxl.de\/markt\/produkt\/lustige-socken-herren-christmas-socks-fuer-herren-damen-6-paare-christmas-design-festive-baumwolle-weihnachtssocken-herren-buntes-socken-39-46\/","og_locale":"de_DE","og_type":"article","og_title":"Lustige Socken Herren Christmas Socks f\u00fcr Herren Damen 6 Paare Christmas Design Festive Baumwolle Weihnachtssocken\u2026 - Markt-XXL","og_description":"Markt-XXL Lustige Socken Herren Christmas Socks f\u00fcr Herren Damen 6 Paare Christmas Design Festive Baumwolle Weihnachtssocken\u2026","og_url":"https:\/\/marktxxl.de\/markt\/produkt\/lustige-socken-herren-christmas-socks-fuer-herren-damen-6-paare-christmas-design-festive-baumwolle-weihnachtssocken-herren-buntes-socken-39-46\/","og_site_name":"Markt-XXL","article_modified_time":"2023-04-11T03:12:19+00:00","og_image":[{"width":500,"height":500,"url":"https:\/\/m.media-amazon.com\/images\/I\/51pdqetA4nL._SL500_.jpg","type":"image\/jpeg"}],"twitter_card":"summary_large_image","twitter_misc":{"Gesch\u00e4tzte Lesezeit":"1\u00a0Minute"},"schema":{"@context":"https:\/\/schema.org","@graph":[{"@type":"WebPage","@id":"https:\/\/marktxxl.de\/markt\/produkt\/lustige-socken-herren-christmas-socks-fuer-herren-damen-6-paare-christmas-design-festive-baumwolle-weihnachtssocken-herren-buntes-socken-39-46\/","url":"https:\/\/marktxxl.de\/markt\/produkt\/lustige-socken-herren-christmas-socks-fuer-herren-damen-6-paare-christmas-design-festive-baumwolle-weihnachtssocken-herren-buntes-socken-39-46\/","name":"Lustige Socken Herren Christmas Socks f\u00fcr Herren Damen 6 Paare Christmas Design Festive Baumwolle Weihnachtssocken\u2026 - Markt-XXL","isPartOf":{"@id":"https:\/\/marktxxl.de\/markt\/#website"},"primaryImageOfPage":{"@id":"https:\/\/marktxxl.de\/markt\/produkt\/lustige-socken-herren-christmas-socks-fuer-herren-damen-6-paare-christmas-design-festive-baumwolle-weihnachtssocken-herren-buntes-socken-39-46\/#primaryimage"},"image":{"@id":"https:\/\/marktxxl.de\/markt\/produkt\/lustige-socken-herren-christmas-socks-fuer-herren-damen-6-paare-christmas-design-festive-baumwolle-weihnachtssocken-herren-buntes-socken-39-46\/#primaryimage"},"thumbnailUrl":"https:\/\/m.media-amazon.com\/images\/I\/51pdqetA4nL._SL500_.jpg","datePublished":"2023-01-10T05:01:06+00:00","dateModified":"2023-04-11T03:12:19+00:00","description":"Markt-XXL Lustige Socken Herren Christmas Socks f\u00fcr Herren Damen 6 Paare Christmas Design Festive Baumwolle Weihnachtssocken\u2026","breadcrumb":{"@id":"https:\/\/marktxxl.de\/markt\/produkt\/lustige-socken-herren-christmas-socks-fuer-herren-damen-6-paare-christmas-design-festive-baumwolle-weihnachtssocken-herren-buntes-socken-39-46\/#breadcrumb"},"inLanguage":"de","potentialAction":[{"@type":"ReadAction","target":["https:\/\/marktxxl.de\/markt\/produkt\/lustige-socken-herren-christmas-socks-fuer-herren-damen-6-paare-christmas-design-festive-baumwolle-weihnachtssocken-herren-buntes-socken-39-46\/"]}]},{"@type":"ImageObject","inLanguage":"de","@id":"https:\/\/marktxxl.de\/markt\/produkt\/lustige-socken-herren-christmas-socks-fuer-herren-damen-6-paare-christmas-design-festive-baumwolle-weihnachtssocken-herren-buntes-socken-39-46\/#primaryimage","url":"https:\/\/m.media-amazon.com\/images\/I\/51pdqetA4nL._SL500_.jpg","contentUrl":"https:\/\/m.media-amazon.com\/images\/I\/51pdqetA4nL._SL500_.jpg","width":500,"height":500},{"@type":"BreadcrumbList","@id":"https:\/\/marktxxl.de\/markt\/produkt\/lustige-socken-herren-christmas-socks-fuer-herren-damen-6-paare-christmas-design-festive-baumwolle-weihnachtssocken-herren-buntes-socken-39-46\/#breadcrumb","itemListElement":[{"@type":"ListItem","position":1,"name":"Startseite","item":"https:\/\/marktxxl.de\/markt\/"},{"@type":"ListItem","position":2,"name":"Markt","item":"https:\/\/marktxxl.de\/markt\/"},{"@type":"ListItem","position":3,"name":"Lustige Socken Herren Christmas Socks f\u00fcr Herren Damen 6 Paare Christmas Design Festive Baumwolle Weihnachtssocken\u2026"}]},{"@type":"WebSite","@id":"https:\/\/marktxxl.de\/markt\/#website","url":"https:\/\/marktxxl.de\/markt\/","name":"Markt-XXL","description":"Ihr Markt Online","publisher":{"@id":"https:\/\/marktxxl.de\/markt\/#organization"},"potentialAction":[{"@type":"SearchAction","target":{"@type":"EntryPoint","urlTemplate":"https:\/\/marktxxl.de\/markt\/?s={search_term_string}"},"query-input":{"@type":"PropertyValueSpecification","valueRequired":true,"valueName":"search_term_string"}}],"inLanguage":"de"},{"@type":"Organization","@id":"https:\/\/marktxxl.de\/markt\/#organization","name":"Markt-XXL","url":"https:\/\/marktxxl.de\/markt\/","logo":{"@type":"ImageObject","inLanguage":"de","@id":"https:\/\/marktxxl.de\/markt\/#\/schema\/logo\/image\/","url":"https:\/\/marktxxl.de\/markt\/wp-content\/uploads\/sites\/3\/2020\/12\/logo.png","contentUrl":"https:\/\/marktxxl.de\/markt\/wp-content\/uploads\/sites\/3\/2020\/12\/logo.png","width":200,"height":70,"caption":"Markt-XXL"},"image":{"@id":"https:\/\/marktxxl.de\/markt\/#\/schema\/logo\/image\/"}}]}},"_links":{"self":[{"href":"https:\/\/marktxxl.de\/markt\/wp-json\/wp\/v2\/product\/181497","targetHints":{"allow":["GET"]}}],"collection":[{"href":"https:\/\/marktxxl.de\/markt\/wp-json\/wp\/v2\/product"}],"about":[{"href":"https:\/\/marktxxl.de\/markt\/wp-json\/wp\/v2\/types\/product"}],"replies":[{"embeddable":true,"href":"https:\/\/marktxxl.de\/markt\/wp-json\/wp\/v2\/comments?post=181497"}],"wp:featuredmedia":[{"embeddable":true,"href":"https:\/\/marktxxl.de\/markt\/wp-json\/wp\/v2\/media\/181498"}],"wp:attachment":[{"href":"https:\/\/marktxxl.de\/markt\/wp-json\/wp\/v2\/media?parent=181497"}],"wp:term":[{"taxonomy":"product_brand","embeddable":true,"href":"https:\/\/marktxxl.de\/markt\/wp-json\/wp\/v2\/product_brand?post=181497"},{"taxonomy":"product_cat","embeddable":true,"href":"https:\/\/marktxxl.de\/markt\/wp-json\/wp\/v2\/product_cat?post=181497"},{"taxonomy":"product_tag","embeddable":true,"href":"https:\/\/marktxxl.de\/markt\/wp-json\/wp\/v2\/product_tag?post=181497"}],"curies":[{"name":"wp","href":"https:\/\/api.w.org\/{rel}","templated":true}]}}