{"id":181481,"date":"2023-01-10T05:59:43","date_gmt":"2023-01-10T04:59:43","guid":{"rendered":"https:\/\/marktxxl.de\/markt\/produkt\/trabant-maenner-und-herren-t-shirt-ddr-osten-simson-wartburg-trabi-geschenk-m2-fb\/"},"modified":"2023-04-11T05:12:19","modified_gmt":"2023-04-11T03:12:19","slug":"trabant-maenner-und-herren-t-shirt-ddr-osten-simson-wartburg-trabi-geschenk-m2-fb","status":"publish","type":"product","link":"https:\/\/marktxxl.de\/markt\/produkt\/trabant-maenner-und-herren-t-shirt-ddr-osten-simson-wartburg-trabi-geschenk-m2-fb\/","title":{"rendered":"Trabant M\u00e4nner und Herren T-Shirt | DDR Osten Simson Wartburg Trabi Geschenk | M2 FB"},"content":{"rendered":"<p>Geschenkidee f\u00fcr Ihn \u2713 Das trendige T-Shirt in verschiedenen Farben ist ein muss f\u00fcr Nostalgie Fans, sei es f\u00fcr unterwegs oder f\u00fcr die eigenen vier W\u00e4nde.<br \/>\nBeste Materialien \u2713 Das bedruckte Shirt mit Zertifizierung besteht aus 100% Baumwolle. Dank \u00d6ko-Tex 100 Standard-Siegel ist eine schadstofffreie und faire Herstellung garantiert.<br \/>\nBesonderes M\u00e4nnergeschenk \u2713 Egal ob einfach so oder f\u00fcr einen bestimmten Anlass (Geburtstag) \u2013 mit dem Shirt mit Rundhalsausschnitt macht man jedem Ossi eine Freude.<br \/>\n<div class=\"main-cross-sell\" data-asin=\"B07C3MJ3NG\">\n\n\t<div class=\"WooZone-cross-sell-loader\">\n\t\t<div>\n\t\t\t<div id=\"floatingBarsG\">\n\t\t\t\t<div class=\"blockG\" id=\"rotateG_01\"><\/div>\n\t\t\t\t<div class=\"blockG\" id=\"rotateG_02\"><\/div>\n\t\t\t\t<div class=\"blockG\" id=\"rotateG_03\"><\/div>\n\t\t\t\t<div class=\"blockG\" id=\"rotateG_04\"><\/div>\n\t\t\t\t<div class=\"blockG\" id=\"rotateG_05\"><\/div>\n\t\t\t\t<div class=\"blockG\" id=\"rotateG_06\"><\/div>\n\t\t\t\t<div class=\"blockG\" id=\"rotateG_07\"><\/div>\n\t\t\t\t<div class=\"blockG\" id=\"rotateG_08\"><\/div>\n\t\t\t<\/div>\n\t\t\t<div class=\"WooZone-cross-sell-loader-text\"><\/div>\n\t\t<\/div>\n\t<\/div>\n\n\t\t\n<\/div>\n<div style=\"clear:both;\"><\/div><\/p>\n","protected":false},"excerpt":{"rendered":"<p>Geschenkidee f\u00fcr Ihn \u2713 Das trendige T-Shirt in verschiedenen Farben ist ein muss f\u00fcr Nostalgie Fans, sei es f\u00fcr unterwegs oder f\u00fcr die eigenen vier W\u00e4nde.<br \/>\nBeste Materialien \u2713 Das bedruckte Shirt mit Zertifizierung besteht aus 100% Baumwolle. Dank \u00d6ko-Tex 100 Standard-Siegel ist eine schadstofffreie und faire Herstellung garantiert.<br \/>\nBesonderes M\u00e4nnergeschenk \u2713 Egal ob einfach so oder f\u00fcr einen bestimmten Anlass (Geburtstag) \u2013 mit dem Shirt mit Rundhalsausschnitt macht man jedem Ossi eine Freude.<\/p>\n","protected":false},"featured_media":181482,"comment_status":"open","ping_status":"closed","template":"","meta":[],"product_brand":[],"product_cat":[1186,4069],"product_tag":[],"class_list":{"0":"post-181481","1":"product","2":"type-product","3":"status-publish","4":"has-post-thumbnail","6":"product_cat-bekleidung","7":"product_cat-spezielle-anlaesse","8":"pa_binding-textilien","9":"pa_brand-uglyshirt89","11":"first","12":"instock","13":"shipping-taxable","14":"purchasable","15":"product-type-simple","16":"customify-col","17":"product-has-gallery"},"yoast_head":"<!-- This site is optimized with the Yoast SEO plugin v27.4 - https:\/\/yoast.com\/product\/yoast-seo-wordpress\/ -->\n<title>Trabant M\u00e4nner und Herren T-Shirt | DDR Osten Simson Wartburg Trabi Geschenk | M2 FB - Markt-XXL<\/title>\n<meta name=\"description\" content=\"Markt-XXL Trabant M\u00e4nner und Herren T-Shirt | DDR Osten Simson Wartburg Trabi Geschenk | M2 FB\" \/>\n<meta name=\"robots\" content=\"index, follow, max-snippet:-1, max-image-preview:large, max-video-preview:-1\" \/>\n<link rel=\"canonical\" href=\"https:\/\/marktxxl.de\/markt\/produkt\/trabant-maenner-und-herren-t-shirt-ddr-osten-simson-wartburg-trabi-geschenk-m2-fb\/\" \/>\n<meta property=\"og:locale\" content=\"de_DE\" \/>\n<meta property=\"og:type\" content=\"article\" \/>\n<meta property=\"og:title\" content=\"Trabant M\u00e4nner und Herren T-Shirt | DDR Osten Simson Wartburg Trabi Geschenk | M2 FB - Markt-XXL\" \/>\n<meta property=\"og:description\" content=\"Markt-XXL Trabant M\u00e4nner und Herren T-Shirt | DDR Osten Simson Wartburg Trabi Geschenk | M2 FB\" \/>\n<meta property=\"og:url\" content=\"https:\/\/marktxxl.de\/markt\/produkt\/trabant-maenner-und-herren-t-shirt-ddr-osten-simson-wartburg-trabi-geschenk-m2-fb\/\" \/>\n<meta property=\"og:site_name\" content=\"Markt-XXL\" \/>\n<meta property=\"article:modified_time\" content=\"2023-04-11T03:12:19+00:00\" \/>\n<meta property=\"og:image\" content=\"https:\/\/m.media-amazon.com\/images\/I\/51OCVzTnmrL._SL500_.jpg\" \/>\n\t<meta property=\"og:image:width\" content=\"482\" \/>\n\t<meta property=\"og:image:height\" content=\"500\" \/>\n\t<meta property=\"og:image:type\" content=\"image\/jpeg\" \/>\n<meta name=\"twitter:card\" content=\"summary_large_image\" \/>\n<script type=\"application\/ld+json\" class=\"yoast-schema-graph\">{\"@context\":\"https:\\\/\\\/schema.org\",\"@graph\":[{\"@type\":\"WebPage\",\"@id\":\"https:\\\/\\\/marktxxl.de\\\/markt\\\/produkt\\\/trabant-maenner-und-herren-t-shirt-ddr-osten-simson-wartburg-trabi-geschenk-m2-fb\\\/\",\"url\":\"https:\\\/\\\/marktxxl.de\\\/markt\\\/produkt\\\/trabant-maenner-und-herren-t-shirt-ddr-osten-simson-wartburg-trabi-geschenk-m2-fb\\\/\",\"name\":\"Trabant M\u00e4nner und Herren T-Shirt | DDR Osten Simson Wartburg Trabi Geschenk | M2 FB - Markt-XXL\",\"isPartOf\":{\"@id\":\"https:\\\/\\\/marktxxl.de\\\/markt\\\/#website\"},\"primaryImageOfPage\":{\"@id\":\"https:\\\/\\\/marktxxl.de\\\/markt\\\/produkt\\\/trabant-maenner-und-herren-t-shirt-ddr-osten-simson-wartburg-trabi-geschenk-m2-fb\\\/#primaryimage\"},\"image\":{\"@id\":\"https:\\\/\\\/marktxxl.de\\\/markt\\\/produkt\\\/trabant-maenner-und-herren-t-shirt-ddr-osten-simson-wartburg-trabi-geschenk-m2-fb\\\/#primaryimage\"},\"thumbnailUrl\":\"https:\\\/\\\/m.media-amazon.com\\\/images\\\/I\\\/51OCVzTnmrL._SL500_.jpg\",\"datePublished\":\"2023-01-10T04:59:43+00:00\",\"dateModified\":\"2023-04-11T03:12:19+00:00\",\"description\":\"Markt-XXL Trabant M\u00e4nner und Herren T-Shirt | DDR Osten Simson Wartburg Trabi Geschenk | M2 FB\",\"breadcrumb\":{\"@id\":\"https:\\\/\\\/marktxxl.de\\\/markt\\\/produkt\\\/trabant-maenner-und-herren-t-shirt-ddr-osten-simson-wartburg-trabi-geschenk-m2-fb\\\/#breadcrumb\"},\"inLanguage\":\"de\",\"potentialAction\":[{\"@type\":\"ReadAction\",\"target\":[\"https:\\\/\\\/marktxxl.de\\\/markt\\\/produkt\\\/trabant-maenner-und-herren-t-shirt-ddr-osten-simson-wartburg-trabi-geschenk-m2-fb\\\/\"]}]},{\"@type\":\"ImageObject\",\"inLanguage\":\"de\",\"@id\":\"https:\\\/\\\/marktxxl.de\\\/markt\\\/produkt\\\/trabant-maenner-und-herren-t-shirt-ddr-osten-simson-wartburg-trabi-geschenk-m2-fb\\\/#primaryimage\",\"url\":\"https:\\\/\\\/m.media-amazon.com\\\/images\\\/I\\\/51OCVzTnmrL._SL500_.jpg\",\"contentUrl\":\"https:\\\/\\\/m.media-amazon.com\\\/images\\\/I\\\/51OCVzTnmrL._SL500_.jpg\",\"width\":482,\"height\":500},{\"@type\":\"BreadcrumbList\",\"@id\":\"https:\\\/\\\/marktxxl.de\\\/markt\\\/produkt\\\/trabant-maenner-und-herren-t-shirt-ddr-osten-simson-wartburg-trabi-geschenk-m2-fb\\\/#breadcrumb\",\"itemListElement\":[{\"@type\":\"ListItem\",\"position\":1,\"name\":\"Startseite\",\"item\":\"https:\\\/\\\/marktxxl.de\\\/markt\\\/\"},{\"@type\":\"ListItem\",\"position\":2,\"name\":\"Markt\",\"item\":\"https:\\\/\\\/marktxxl.de\\\/markt\\\/\"},{\"@type\":\"ListItem\",\"position\":3,\"name\":\"Trabant M\u00e4nner und Herren T-Shirt | DDR Osten Simson Wartburg Trabi Geschenk | M2 FB\"}]},{\"@type\":\"WebSite\",\"@id\":\"https:\\\/\\\/marktxxl.de\\\/markt\\\/#website\",\"url\":\"https:\\\/\\\/marktxxl.de\\\/markt\\\/\",\"name\":\"Markt-XXL\",\"description\":\"Ihr Markt Online\",\"publisher\":{\"@id\":\"https:\\\/\\\/marktxxl.de\\\/markt\\\/#organization\"},\"potentialAction\":[{\"@type\":\"SearchAction\",\"target\":{\"@type\":\"EntryPoint\",\"urlTemplate\":\"https:\\\/\\\/marktxxl.de\\\/markt\\\/?s={search_term_string}\"},\"query-input\":{\"@type\":\"PropertyValueSpecification\",\"valueRequired\":true,\"valueName\":\"search_term_string\"}}],\"inLanguage\":\"de\"},{\"@type\":\"Organization\",\"@id\":\"https:\\\/\\\/marktxxl.de\\\/markt\\\/#organization\",\"name\":\"Markt-XXL\",\"url\":\"https:\\\/\\\/marktxxl.de\\\/markt\\\/\",\"logo\":{\"@type\":\"ImageObject\",\"inLanguage\":\"de\",\"@id\":\"https:\\\/\\\/marktxxl.de\\\/markt\\\/#\\\/schema\\\/logo\\\/image\\\/\",\"url\":\"https:\\\/\\\/marktxxl.de\\\/markt\\\/wp-content\\\/uploads\\\/sites\\\/3\\\/2020\\\/12\\\/logo.png\",\"contentUrl\":\"https:\\\/\\\/marktxxl.de\\\/markt\\\/wp-content\\\/uploads\\\/sites\\\/3\\\/2020\\\/12\\\/logo.png\",\"width\":200,\"height\":70,\"caption\":\"Markt-XXL\"},\"image\":{\"@id\":\"https:\\\/\\\/marktxxl.de\\\/markt\\\/#\\\/schema\\\/logo\\\/image\\\/\"}}]}<\/script>\n<!-- \/ Yoast SEO plugin. -->","yoast_head_json":{"title":"Trabant M\u00e4nner und Herren T-Shirt | DDR Osten Simson Wartburg Trabi Geschenk | M2 FB - Markt-XXL","description":"Markt-XXL Trabant M\u00e4nner und Herren T-Shirt | DDR Osten Simson Wartburg Trabi Geschenk | M2 FB","robots":{"index":"index","follow":"follow","max-snippet":"max-snippet:-1","max-image-preview":"max-image-preview:large","max-video-preview":"max-video-preview:-1"},"canonical":"https:\/\/marktxxl.de\/markt\/produkt\/trabant-maenner-und-herren-t-shirt-ddr-osten-simson-wartburg-trabi-geschenk-m2-fb\/","og_locale":"de_DE","og_type":"article","og_title":"Trabant M\u00e4nner und Herren T-Shirt | DDR Osten Simson Wartburg Trabi Geschenk | M2 FB - Markt-XXL","og_description":"Markt-XXL Trabant M\u00e4nner und Herren T-Shirt | DDR Osten Simson Wartburg Trabi Geschenk | M2 FB","og_url":"https:\/\/marktxxl.de\/markt\/produkt\/trabant-maenner-und-herren-t-shirt-ddr-osten-simson-wartburg-trabi-geschenk-m2-fb\/","og_site_name":"Markt-XXL","article_modified_time":"2023-04-11T03:12:19+00:00","og_image":[{"width":482,"height":500,"url":"https:\/\/m.media-amazon.com\/images\/I\/51OCVzTnmrL._SL500_.jpg","type":"image\/jpeg"}],"twitter_card":"summary_large_image","schema":{"@context":"https:\/\/schema.org","@graph":[{"@type":"WebPage","@id":"https:\/\/marktxxl.de\/markt\/produkt\/trabant-maenner-und-herren-t-shirt-ddr-osten-simson-wartburg-trabi-geschenk-m2-fb\/","url":"https:\/\/marktxxl.de\/markt\/produkt\/trabant-maenner-und-herren-t-shirt-ddr-osten-simson-wartburg-trabi-geschenk-m2-fb\/","name":"Trabant M\u00e4nner und Herren T-Shirt | DDR Osten Simson Wartburg Trabi Geschenk | M2 FB - Markt-XXL","isPartOf":{"@id":"https:\/\/marktxxl.de\/markt\/#website"},"primaryImageOfPage":{"@id":"https:\/\/marktxxl.de\/markt\/produkt\/trabant-maenner-und-herren-t-shirt-ddr-osten-simson-wartburg-trabi-geschenk-m2-fb\/#primaryimage"},"image":{"@id":"https:\/\/marktxxl.de\/markt\/produkt\/trabant-maenner-und-herren-t-shirt-ddr-osten-simson-wartburg-trabi-geschenk-m2-fb\/#primaryimage"},"thumbnailUrl":"https:\/\/m.media-amazon.com\/images\/I\/51OCVzTnmrL._SL500_.jpg","datePublished":"2023-01-10T04:59:43+00:00","dateModified":"2023-04-11T03:12:19+00:00","description":"Markt-XXL Trabant M\u00e4nner und Herren T-Shirt | DDR Osten Simson Wartburg Trabi Geschenk | M2 FB","breadcrumb":{"@id":"https:\/\/marktxxl.de\/markt\/produkt\/trabant-maenner-und-herren-t-shirt-ddr-osten-simson-wartburg-trabi-geschenk-m2-fb\/#breadcrumb"},"inLanguage":"de","potentialAction":[{"@type":"ReadAction","target":["https:\/\/marktxxl.de\/markt\/produkt\/trabant-maenner-und-herren-t-shirt-ddr-osten-simson-wartburg-trabi-geschenk-m2-fb\/"]}]},{"@type":"ImageObject","inLanguage":"de","@id":"https:\/\/marktxxl.de\/markt\/produkt\/trabant-maenner-und-herren-t-shirt-ddr-osten-simson-wartburg-trabi-geschenk-m2-fb\/#primaryimage","url":"https:\/\/m.media-amazon.com\/images\/I\/51OCVzTnmrL._SL500_.jpg","contentUrl":"https:\/\/m.media-amazon.com\/images\/I\/51OCVzTnmrL._SL500_.jpg","width":482,"height":500},{"@type":"BreadcrumbList","@id":"https:\/\/marktxxl.de\/markt\/produkt\/trabant-maenner-und-herren-t-shirt-ddr-osten-simson-wartburg-trabi-geschenk-m2-fb\/#breadcrumb","itemListElement":[{"@type":"ListItem","position":1,"name":"Startseite","item":"https:\/\/marktxxl.de\/markt\/"},{"@type":"ListItem","position":2,"name":"Markt","item":"https:\/\/marktxxl.de\/markt\/"},{"@type":"ListItem","position":3,"name":"Trabant M\u00e4nner und Herren T-Shirt | DDR Osten Simson Wartburg Trabi Geschenk | M2 FB"}]},{"@type":"WebSite","@id":"https:\/\/marktxxl.de\/markt\/#website","url":"https:\/\/marktxxl.de\/markt\/","name":"Markt-XXL","description":"Ihr Markt Online","publisher":{"@id":"https:\/\/marktxxl.de\/markt\/#organization"},"potentialAction":[{"@type":"SearchAction","target":{"@type":"EntryPoint","urlTemplate":"https:\/\/marktxxl.de\/markt\/?s={search_term_string}"},"query-input":{"@type":"PropertyValueSpecification","valueRequired":true,"valueName":"search_term_string"}}],"inLanguage":"de"},{"@type":"Organization","@id":"https:\/\/marktxxl.de\/markt\/#organization","name":"Markt-XXL","url":"https:\/\/marktxxl.de\/markt\/","logo":{"@type":"ImageObject","inLanguage":"de","@id":"https:\/\/marktxxl.de\/markt\/#\/schema\/logo\/image\/","url":"https:\/\/marktxxl.de\/markt\/wp-content\/uploads\/sites\/3\/2020\/12\/logo.png","contentUrl":"https:\/\/marktxxl.de\/markt\/wp-content\/uploads\/sites\/3\/2020\/12\/logo.png","width":200,"height":70,"caption":"Markt-XXL"},"image":{"@id":"https:\/\/marktxxl.de\/markt\/#\/schema\/logo\/image\/"}}]}},"_links":{"self":[{"href":"https:\/\/marktxxl.de\/markt\/wp-json\/wp\/v2\/product\/181481","targetHints":{"allow":["GET"]}}],"collection":[{"href":"https:\/\/marktxxl.de\/markt\/wp-json\/wp\/v2\/product"}],"about":[{"href":"https:\/\/marktxxl.de\/markt\/wp-json\/wp\/v2\/types\/product"}],"replies":[{"embeddable":true,"href":"https:\/\/marktxxl.de\/markt\/wp-json\/wp\/v2\/comments?post=181481"}],"wp:featuredmedia":[{"embeddable":true,"href":"https:\/\/marktxxl.de\/markt\/wp-json\/wp\/v2\/media\/181482"}],"wp:attachment":[{"href":"https:\/\/marktxxl.de\/markt\/wp-json\/wp\/v2\/media?parent=181481"}],"wp:term":[{"taxonomy":"product_brand","embeddable":true,"href":"https:\/\/marktxxl.de\/markt\/wp-json\/wp\/v2\/product_brand?post=181481"},{"taxonomy":"product_cat","embeddable":true,"href":"https:\/\/marktxxl.de\/markt\/wp-json\/wp\/v2\/product_cat?post=181481"},{"taxonomy":"product_tag","embeddable":true,"href":"https:\/\/marktxxl.de\/markt\/wp-json\/wp\/v2\/product_tag?post=181481"}],"curies":[{"name":"wp","href":"https:\/\/api.w.org\/{rel}","templated":true}]}}