{"id":181314,"date":"2023-01-10T05:37:26","date_gmt":"2023-01-10T04:37:26","guid":{"rendered":"https:\/\/marktxxl.de\/markt\/produkt\/goosh-weihnachtskerze-aufblasbar-fuer-den-aussenbereich-18-m-hoch-mit-led-lichtern-fuer-urlaub-weihnachten-party-hof-garten\/"},"modified":"2023-04-11T05:12:16","modified_gmt":"2023-04-11T03:12:16","slug":"goosh-weihnachtskerze-aufblasbar-fuer-den-aussenbereich-18-m-hoch-mit-led-lichtern-fuer-urlaub-weihnachten-party-hof-garten","status":"publish","type":"product","link":"https:\/\/marktxxl.de\/markt\/produkt\/goosh-weihnachtskerze-aufblasbar-fuer-den-aussenbereich-18-m-hoch-mit-led-lichtern-fuer-urlaub-weihnachten-party-hof-garten\/","title":{"rendered":"GOOSH Weihnachtskerze, aufblasbar, f\u00fcr den Au\u00dfenbereich, 1,8 m hoch, mit LED-Lichtern, f\u00fcr Urlaub, Weihnachten, Party\u2026"},"content":{"rendered":"<p>Niedliches Design: Die aufblasbare Weihnachtskerze von Goosh verf\u00fcgt \u00fcber eingebaute LED-Lichter. Diese aufblasbare Kerze hat die Liebe der Menschen auf den ersten Blick gemacht. Neben Weihnachten kann es als jede andere Weihnachtsdekoration verwendet werden. Im Innenhof installiert, um den Urlaub mit Ihrer Familie zu genie\u00dfen und Ihren Nachbarschaften eine gl\u00fcckliche Atmosph\u00e4re zu verbreiten.<br \/>\n\ud83c\udf89\u3010Hervorragende Verarbeitung\u3011 Die aufblasbaren Kerzen bestehen aus hochfestem, wasserdichtem Polyester, das gegen Risse und Risse ist, die hervorragende N\u00e4hte verbessern die Haltbarkeit der aufblasbaren Dekoration. Dar\u00fcber hinaus ist dieses aufblasbare Outdoor-Gebl\u00e4se mit einem leistungsstarken Gebl\u00e4se ausgestattet, um die Dekoration kontinuierlich aufzublasen, es kommt auch mit einer Aufbewahrungstasche.<br \/>\nPerfekte Gr\u00f6\u00dfe und Komponenten: Die Gr\u00f6\u00dfe von 1,8 m ist perfekt f\u00fcr den Innen- und Au\u00dfenbereich. Sie m\u00fcssen sich keine Sorgen dar\u00fcber machen, dass diese aufblasbare Luft vom Wind wegfliegen k\u00f6nnte. Neben Gebl\u00e4se und Aufbewahrungstasche bieten wir Seile, um es auf dem Boden zu befestigen. Dar\u00fcber hinaus den Rei\u00dfverschluss an der Unterseite schlie\u00dfen, um Luftaustritt zu vermeiden, sonst \u00f6ffnen Sie den Rei\u00dfverschluss f\u00fcr schnelles Entleeren.<br \/>\nInstallation und Vorsichtsma\u00dfnahmen: Das Gebl\u00e4se hat ein 1,8 m langes Netzkabel, was bedeutet, dass Sie es \u00fcberall in Ihrem Hof oder Garten platzieren k\u00f6nnen. Zuerst aufblasen Sie die aufblasbare Dekoration, bis gen\u00fcgend Luft im Inneren ist. Dann fixieren Sie die aufblasbare Dekoration mit Heringen und Seilen und stellen Sie sicher, dass sie auf dem Boden befestigt ist. Tipps: Legen Sie nichts in das Gebl\u00e4se und Dekorationen.<br \/>\n\ud83c\udf89\u3010Kontaktieren Sie uns jederzeit\u3011 Wir bieten Ihnen besten Kundenservice, wenn Sie Fragen haben, z\u00f6gern Sie bitte nicht, uns \u00fcber &#8220;Verk\u00e4ufer kontaktieren&#8221; zu kontaktieren. Unser Service-Team bietet Premium-Service, um alle Probleme zu l\u00f6sen.<br \/>\n<div class=\"main-cross-sell\" data-asin=\"B08K3SFSGJ\">\n\n\t<div class=\"WooZone-cross-sell-loader\">\n\t\t<div>\n\t\t\t<div id=\"floatingBarsG\">\n\t\t\t\t<div class=\"blockG\" id=\"rotateG_01\"><\/div>\n\t\t\t\t<div class=\"blockG\" id=\"rotateG_02\"><\/div>\n\t\t\t\t<div class=\"blockG\" id=\"rotateG_03\"><\/div>\n\t\t\t\t<div class=\"blockG\" id=\"rotateG_04\"><\/div>\n\t\t\t\t<div class=\"blockG\" id=\"rotateG_05\"><\/div>\n\t\t\t\t<div class=\"blockG\" id=\"rotateG_06\"><\/div>\n\t\t\t\t<div class=\"blockG\" id=\"rotateG_07\"><\/div>\n\t\t\t\t<div class=\"blockG\" id=\"rotateG_08\"><\/div>\n\t\t\t<\/div>\n\t\t\t<div class=\"WooZone-cross-sell-loader-text\"><\/div>\n\t\t<\/div>\n\t<\/div>\n\n\t\t\n<\/div>\n<div style=\"clear:both;\"><\/div><\/p>\n","protected":false},"excerpt":{"rendered":"<p>Niedliches Design: Die aufblasbare Weihnachtskerze von Goosh verf\u00fcgt \u00fcber eingebaute LED-Lichter. Diese aufblasbare Kerze hat die Liebe der Menschen auf den ersten Blick gemacht. Neben Weihnachten kann es als jede andere Weihnachtsdekoration verwendet werden. Im Innenhof installiert, um den Urlaub mit Ihrer Familie zu genie\u00dfen und Ihren Nachbarschaften eine gl\u00fcckliche Atmosph\u00e4re zu verbreiten.<br \/>\n\ud83c\udf89\u3010Hervorragende Verarbeitung\u3011 Die aufblasbaren Kerzen bestehen aus hochfestem, wasserdichtem Polyester, das gegen Risse und Risse ist, die hervorragende N\u00e4hte verbessern die Haltbarkeit der aufblasbaren Dekoration. Dar\u00fcber hinaus ist dieses aufblasbare Outdoor-Gebl\u00e4se mit einem leistungsstarken Gebl\u00e4se ausgestattet, um die Dekoration kontinuierlich aufzublasen, es kommt auch mit einer Aufbewahrungstasche.<br \/>\nPerfekte Gr\u00f6\u00dfe und Komponenten: Die Gr\u00f6\u00dfe von 1,8 m ist perfekt f\u00fcr den Innen- und Au\u00dfenbereich. Sie m\u00fcssen sich keine Sorgen dar\u00fcber machen, dass diese aufblasbare Luft vom Wind wegfliegen k\u00f6nnte. Neben Gebl\u00e4se und Aufbewahrungstasche bieten wir Seile, um es auf dem Boden zu befestigen. Dar\u00fcber hinaus den Rei\u00dfverschluss an der Unterseite schlie\u00dfen, um Luftaustritt zu vermeiden, sonst \u00f6ffnen Sie den Rei\u00dfverschluss f\u00fcr schnelles Entleeren.<\/p>\n","protected":false},"featured_media":181315,"comment_status":"open","ping_status":"closed","template":"","meta":[],"product_brand":[],"product_cat":[2108,15622],"product_tag":[],"class_list":{"0":"post-181314","1":"product","2":"type-product","3":"status-publish","4":"has-post-thumbnail","6":"product_cat-beleuchtung","7":"product_cat-lichterketten","8":"pa_brand-goosh","9":"pa_manufacturer-comin","11":"first","12":"instock","13":"shipping-taxable","14":"purchasable","15":"product-type-simple","16":"customify-col","17":"product-has-gallery"},"yoast_head":"<!-- This site is optimized with the Yoast SEO plugin v27.4 - https:\/\/yoast.com\/product\/yoast-seo-wordpress\/ -->\n<title>GOOSH Weihnachtskerze, aufblasbar, f\u00fcr den Au\u00dfenbereich, 1,8 m hoch, mit LED-Lichtern, f\u00fcr Urlaub, Weihnachten, Party\u2026 - Markt-XXL<\/title>\n<meta name=\"description\" content=\"Markt-XXL GOOSH Weihnachtskerze, aufblasbar, f\u00fcr den Au\u00dfenbereich, 1,8 m hoch, mit LED-Lichtern, f\u00fcr Urlaub, Weihnachten, Party\u2026\" \/>\n<meta name=\"robots\" content=\"index, follow, max-snippet:-1, max-image-preview:large, max-video-preview:-1\" \/>\n<link rel=\"canonical\" href=\"https:\/\/marktxxl.de\/markt\/produkt\/goosh-weihnachtskerze-aufblasbar-fuer-den-aussenbereich-18-m-hoch-mit-led-lichtern-fuer-urlaub-weihnachten-party-hof-garten\/\" \/>\n<meta property=\"og:locale\" content=\"de_DE\" \/>\n<meta property=\"og:type\" content=\"article\" \/>\n<meta property=\"og:title\" content=\"GOOSH Weihnachtskerze, aufblasbar, f\u00fcr den Au\u00dfenbereich, 1,8 m hoch, mit LED-Lichtern, f\u00fcr Urlaub, Weihnachten, Party\u2026 - Markt-XXL\" \/>\n<meta property=\"og:description\" content=\"Markt-XXL GOOSH Weihnachtskerze, aufblasbar, f\u00fcr den Au\u00dfenbereich, 1,8 m hoch, mit LED-Lichtern, f\u00fcr Urlaub, Weihnachten, Party\u2026\" \/>\n<meta property=\"og:url\" content=\"https:\/\/marktxxl.de\/markt\/produkt\/goosh-weihnachtskerze-aufblasbar-fuer-den-aussenbereich-18-m-hoch-mit-led-lichtern-fuer-urlaub-weihnachten-party-hof-garten\/\" \/>\n<meta property=\"og:site_name\" content=\"Markt-XXL\" \/>\n<meta property=\"article:modified_time\" content=\"2023-04-11T03:12:16+00:00\" \/>\n<meta property=\"og:image\" content=\"https:\/\/m.media-amazon.com\/images\/I\/510-ATLge9L._SL500_.jpg\" \/>\n\t<meta property=\"og:image:width\" content=\"500\" \/>\n\t<meta property=\"og:image:height\" content=\"500\" \/>\n\t<meta property=\"og:image:type\" content=\"image\/jpeg\" \/>\n<meta name=\"twitter:card\" content=\"summary_large_image\" \/>\n<meta name=\"twitter:label1\" content=\"Gesch\u00e4tzte Lesezeit\" \/>\n\t<meta name=\"twitter:data1\" content=\"1\u00a0Minute\" \/>\n<script type=\"application\/ld+json\" class=\"yoast-schema-graph\">{\"@context\":\"https:\\\/\\\/schema.org\",\"@graph\":[{\"@type\":\"WebPage\",\"@id\":\"https:\\\/\\\/marktxxl.de\\\/markt\\\/produkt\\\/goosh-weihnachtskerze-aufblasbar-fuer-den-aussenbereich-18-m-hoch-mit-led-lichtern-fuer-urlaub-weihnachten-party-hof-garten\\\/\",\"url\":\"https:\\\/\\\/marktxxl.de\\\/markt\\\/produkt\\\/goosh-weihnachtskerze-aufblasbar-fuer-den-aussenbereich-18-m-hoch-mit-led-lichtern-fuer-urlaub-weihnachten-party-hof-garten\\\/\",\"name\":\"GOOSH Weihnachtskerze, aufblasbar, f\u00fcr den Au\u00dfenbereich, 1,8 m hoch, mit LED-Lichtern, f\u00fcr Urlaub, Weihnachten, Party\u2026 - Markt-XXL\",\"isPartOf\":{\"@id\":\"https:\\\/\\\/marktxxl.de\\\/markt\\\/#website\"},\"primaryImageOfPage\":{\"@id\":\"https:\\\/\\\/marktxxl.de\\\/markt\\\/produkt\\\/goosh-weihnachtskerze-aufblasbar-fuer-den-aussenbereich-18-m-hoch-mit-led-lichtern-fuer-urlaub-weihnachten-party-hof-garten\\\/#primaryimage\"},\"image\":{\"@id\":\"https:\\\/\\\/marktxxl.de\\\/markt\\\/produkt\\\/goosh-weihnachtskerze-aufblasbar-fuer-den-aussenbereich-18-m-hoch-mit-led-lichtern-fuer-urlaub-weihnachten-party-hof-garten\\\/#primaryimage\"},\"thumbnailUrl\":\"https:\\\/\\\/m.media-amazon.com\\\/images\\\/I\\\/510-ATLge9L._SL500_.jpg\",\"datePublished\":\"2023-01-10T04:37:26+00:00\",\"dateModified\":\"2023-04-11T03:12:16+00:00\",\"description\":\"Markt-XXL GOOSH Weihnachtskerze, aufblasbar, f\u00fcr den Au\u00dfenbereich, 1,8 m hoch, mit LED-Lichtern, f\u00fcr Urlaub, Weihnachten, Party\u2026\",\"breadcrumb\":{\"@id\":\"https:\\\/\\\/marktxxl.de\\\/markt\\\/produkt\\\/goosh-weihnachtskerze-aufblasbar-fuer-den-aussenbereich-18-m-hoch-mit-led-lichtern-fuer-urlaub-weihnachten-party-hof-garten\\\/#breadcrumb\"},\"inLanguage\":\"de\",\"potentialAction\":[{\"@type\":\"ReadAction\",\"target\":[\"https:\\\/\\\/marktxxl.de\\\/markt\\\/produkt\\\/goosh-weihnachtskerze-aufblasbar-fuer-den-aussenbereich-18-m-hoch-mit-led-lichtern-fuer-urlaub-weihnachten-party-hof-garten\\\/\"]}]},{\"@type\":\"ImageObject\",\"inLanguage\":\"de\",\"@id\":\"https:\\\/\\\/marktxxl.de\\\/markt\\\/produkt\\\/goosh-weihnachtskerze-aufblasbar-fuer-den-aussenbereich-18-m-hoch-mit-led-lichtern-fuer-urlaub-weihnachten-party-hof-garten\\\/#primaryimage\",\"url\":\"https:\\\/\\\/m.media-amazon.com\\\/images\\\/I\\\/510-ATLge9L._SL500_.jpg\",\"contentUrl\":\"https:\\\/\\\/m.media-amazon.com\\\/images\\\/I\\\/510-ATLge9L._SL500_.jpg\",\"width\":500,\"height\":500},{\"@type\":\"BreadcrumbList\",\"@id\":\"https:\\\/\\\/marktxxl.de\\\/markt\\\/produkt\\\/goosh-weihnachtskerze-aufblasbar-fuer-den-aussenbereich-18-m-hoch-mit-led-lichtern-fuer-urlaub-weihnachten-party-hof-garten\\\/#breadcrumb\",\"itemListElement\":[{\"@type\":\"ListItem\",\"position\":1,\"name\":\"Startseite\",\"item\":\"https:\\\/\\\/marktxxl.de\\\/markt\\\/\"},{\"@type\":\"ListItem\",\"position\":2,\"name\":\"Markt\",\"item\":\"https:\\\/\\\/marktxxl.de\\\/markt\\\/\"},{\"@type\":\"ListItem\",\"position\":3,\"name\":\"GOOSH Weihnachtskerze, aufblasbar, f\u00fcr den Au\u00dfenbereich, 1,8 m hoch, mit LED-Lichtern, f\u00fcr Urlaub, Weihnachten, Party\u2026\"}]},{\"@type\":\"WebSite\",\"@id\":\"https:\\\/\\\/marktxxl.de\\\/markt\\\/#website\",\"url\":\"https:\\\/\\\/marktxxl.de\\\/markt\\\/\",\"name\":\"Markt-XXL\",\"description\":\"Ihr Markt Online\",\"publisher\":{\"@id\":\"https:\\\/\\\/marktxxl.de\\\/markt\\\/#organization\"},\"potentialAction\":[{\"@type\":\"SearchAction\",\"target\":{\"@type\":\"EntryPoint\",\"urlTemplate\":\"https:\\\/\\\/marktxxl.de\\\/markt\\\/?s={search_term_string}\"},\"query-input\":{\"@type\":\"PropertyValueSpecification\",\"valueRequired\":true,\"valueName\":\"search_term_string\"}}],\"inLanguage\":\"de\"},{\"@type\":\"Organization\",\"@id\":\"https:\\\/\\\/marktxxl.de\\\/markt\\\/#organization\",\"name\":\"Markt-XXL\",\"url\":\"https:\\\/\\\/marktxxl.de\\\/markt\\\/\",\"logo\":{\"@type\":\"ImageObject\",\"inLanguage\":\"de\",\"@id\":\"https:\\\/\\\/marktxxl.de\\\/markt\\\/#\\\/schema\\\/logo\\\/image\\\/\",\"url\":\"https:\\\/\\\/marktxxl.de\\\/markt\\\/wp-content\\\/uploads\\\/sites\\\/3\\\/2020\\\/12\\\/logo.png\",\"contentUrl\":\"https:\\\/\\\/marktxxl.de\\\/markt\\\/wp-content\\\/uploads\\\/sites\\\/3\\\/2020\\\/12\\\/logo.png\",\"width\":200,\"height\":70,\"caption\":\"Markt-XXL\"},\"image\":{\"@id\":\"https:\\\/\\\/marktxxl.de\\\/markt\\\/#\\\/schema\\\/logo\\\/image\\\/\"}}]}<\/script>\n<!-- \/ Yoast SEO plugin. -->","yoast_head_json":{"title":"GOOSH Weihnachtskerze, aufblasbar, f\u00fcr den Au\u00dfenbereich, 1,8 m hoch, mit LED-Lichtern, f\u00fcr Urlaub, Weihnachten, Party\u2026 - Markt-XXL","description":"Markt-XXL GOOSH Weihnachtskerze, aufblasbar, f\u00fcr den Au\u00dfenbereich, 1,8 m hoch, mit LED-Lichtern, f\u00fcr Urlaub, Weihnachten, Party\u2026","robots":{"index":"index","follow":"follow","max-snippet":"max-snippet:-1","max-image-preview":"max-image-preview:large","max-video-preview":"max-video-preview:-1"},"canonical":"https:\/\/marktxxl.de\/markt\/produkt\/goosh-weihnachtskerze-aufblasbar-fuer-den-aussenbereich-18-m-hoch-mit-led-lichtern-fuer-urlaub-weihnachten-party-hof-garten\/","og_locale":"de_DE","og_type":"article","og_title":"GOOSH Weihnachtskerze, aufblasbar, f\u00fcr den Au\u00dfenbereich, 1,8 m hoch, mit LED-Lichtern, f\u00fcr Urlaub, Weihnachten, Party\u2026 - Markt-XXL","og_description":"Markt-XXL GOOSH Weihnachtskerze, aufblasbar, f\u00fcr den Au\u00dfenbereich, 1,8 m hoch, mit LED-Lichtern, f\u00fcr Urlaub, Weihnachten, Party\u2026","og_url":"https:\/\/marktxxl.de\/markt\/produkt\/goosh-weihnachtskerze-aufblasbar-fuer-den-aussenbereich-18-m-hoch-mit-led-lichtern-fuer-urlaub-weihnachten-party-hof-garten\/","og_site_name":"Markt-XXL","article_modified_time":"2023-04-11T03:12:16+00:00","og_image":[{"width":500,"height":500,"url":"https:\/\/m.media-amazon.com\/images\/I\/510-ATLge9L._SL500_.jpg","type":"image\/jpeg"}],"twitter_card":"summary_large_image","twitter_misc":{"Gesch\u00e4tzte Lesezeit":"1\u00a0Minute"},"schema":{"@context":"https:\/\/schema.org","@graph":[{"@type":"WebPage","@id":"https:\/\/marktxxl.de\/markt\/produkt\/goosh-weihnachtskerze-aufblasbar-fuer-den-aussenbereich-18-m-hoch-mit-led-lichtern-fuer-urlaub-weihnachten-party-hof-garten\/","url":"https:\/\/marktxxl.de\/markt\/produkt\/goosh-weihnachtskerze-aufblasbar-fuer-den-aussenbereich-18-m-hoch-mit-led-lichtern-fuer-urlaub-weihnachten-party-hof-garten\/","name":"GOOSH Weihnachtskerze, aufblasbar, f\u00fcr den Au\u00dfenbereich, 1,8 m hoch, mit LED-Lichtern, f\u00fcr Urlaub, Weihnachten, Party\u2026 - Markt-XXL","isPartOf":{"@id":"https:\/\/marktxxl.de\/markt\/#website"},"primaryImageOfPage":{"@id":"https:\/\/marktxxl.de\/markt\/produkt\/goosh-weihnachtskerze-aufblasbar-fuer-den-aussenbereich-18-m-hoch-mit-led-lichtern-fuer-urlaub-weihnachten-party-hof-garten\/#primaryimage"},"image":{"@id":"https:\/\/marktxxl.de\/markt\/produkt\/goosh-weihnachtskerze-aufblasbar-fuer-den-aussenbereich-18-m-hoch-mit-led-lichtern-fuer-urlaub-weihnachten-party-hof-garten\/#primaryimage"},"thumbnailUrl":"https:\/\/m.media-amazon.com\/images\/I\/510-ATLge9L._SL500_.jpg","datePublished":"2023-01-10T04:37:26+00:00","dateModified":"2023-04-11T03:12:16+00:00","description":"Markt-XXL GOOSH Weihnachtskerze, aufblasbar, f\u00fcr den Au\u00dfenbereich, 1,8 m hoch, mit LED-Lichtern, f\u00fcr Urlaub, Weihnachten, Party\u2026","breadcrumb":{"@id":"https:\/\/marktxxl.de\/markt\/produkt\/goosh-weihnachtskerze-aufblasbar-fuer-den-aussenbereich-18-m-hoch-mit-led-lichtern-fuer-urlaub-weihnachten-party-hof-garten\/#breadcrumb"},"inLanguage":"de","potentialAction":[{"@type":"ReadAction","target":["https:\/\/marktxxl.de\/markt\/produkt\/goosh-weihnachtskerze-aufblasbar-fuer-den-aussenbereich-18-m-hoch-mit-led-lichtern-fuer-urlaub-weihnachten-party-hof-garten\/"]}]},{"@type":"ImageObject","inLanguage":"de","@id":"https:\/\/marktxxl.de\/markt\/produkt\/goosh-weihnachtskerze-aufblasbar-fuer-den-aussenbereich-18-m-hoch-mit-led-lichtern-fuer-urlaub-weihnachten-party-hof-garten\/#primaryimage","url":"https:\/\/m.media-amazon.com\/images\/I\/510-ATLge9L._SL500_.jpg","contentUrl":"https:\/\/m.media-amazon.com\/images\/I\/510-ATLge9L._SL500_.jpg","width":500,"height":500},{"@type":"BreadcrumbList","@id":"https:\/\/marktxxl.de\/markt\/produkt\/goosh-weihnachtskerze-aufblasbar-fuer-den-aussenbereich-18-m-hoch-mit-led-lichtern-fuer-urlaub-weihnachten-party-hof-garten\/#breadcrumb","itemListElement":[{"@type":"ListItem","position":1,"name":"Startseite","item":"https:\/\/marktxxl.de\/markt\/"},{"@type":"ListItem","position":2,"name":"Markt","item":"https:\/\/marktxxl.de\/markt\/"},{"@type":"ListItem","position":3,"name":"GOOSH Weihnachtskerze, aufblasbar, f\u00fcr den Au\u00dfenbereich, 1,8 m hoch, mit LED-Lichtern, f\u00fcr Urlaub, Weihnachten, Party\u2026"}]},{"@type":"WebSite","@id":"https:\/\/marktxxl.de\/markt\/#website","url":"https:\/\/marktxxl.de\/markt\/","name":"Markt-XXL","description":"Ihr Markt Online","publisher":{"@id":"https:\/\/marktxxl.de\/markt\/#organization"},"potentialAction":[{"@type":"SearchAction","target":{"@type":"EntryPoint","urlTemplate":"https:\/\/marktxxl.de\/markt\/?s={search_term_string}"},"query-input":{"@type":"PropertyValueSpecification","valueRequired":true,"valueName":"search_term_string"}}],"inLanguage":"de"},{"@type":"Organization","@id":"https:\/\/marktxxl.de\/markt\/#organization","name":"Markt-XXL","url":"https:\/\/marktxxl.de\/markt\/","logo":{"@type":"ImageObject","inLanguage":"de","@id":"https:\/\/marktxxl.de\/markt\/#\/schema\/logo\/image\/","url":"https:\/\/marktxxl.de\/markt\/wp-content\/uploads\/sites\/3\/2020\/12\/logo.png","contentUrl":"https:\/\/marktxxl.de\/markt\/wp-content\/uploads\/sites\/3\/2020\/12\/logo.png","width":200,"height":70,"caption":"Markt-XXL"},"image":{"@id":"https:\/\/marktxxl.de\/markt\/#\/schema\/logo\/image\/"}}]}},"_links":{"self":[{"href":"https:\/\/marktxxl.de\/markt\/wp-json\/wp\/v2\/product\/181314","targetHints":{"allow":["GET"]}}],"collection":[{"href":"https:\/\/marktxxl.de\/markt\/wp-json\/wp\/v2\/product"}],"about":[{"href":"https:\/\/marktxxl.de\/markt\/wp-json\/wp\/v2\/types\/product"}],"replies":[{"embeddable":true,"href":"https:\/\/marktxxl.de\/markt\/wp-json\/wp\/v2\/comments?post=181314"}],"wp:featuredmedia":[{"embeddable":true,"href":"https:\/\/marktxxl.de\/markt\/wp-json\/wp\/v2\/media\/181315"}],"wp:attachment":[{"href":"https:\/\/marktxxl.de\/markt\/wp-json\/wp\/v2\/media?parent=181314"}],"wp:term":[{"taxonomy":"product_brand","embeddable":true,"href":"https:\/\/marktxxl.de\/markt\/wp-json\/wp\/v2\/product_brand?post=181314"},{"taxonomy":"product_cat","embeddable":true,"href":"https:\/\/marktxxl.de\/markt\/wp-json\/wp\/v2\/product_cat?post=181314"},{"taxonomy":"product_tag","embeddable":true,"href":"https:\/\/marktxxl.de\/markt\/wp-json\/wp\/v2\/product_tag?post=181314"}],"curies":[{"name":"wp","href":"https:\/\/api.w.org\/{rel}","templated":true}]}}