{"id":181253,"date":"2023-01-10T05:31:44","date_gmt":"2023-01-10T04:31:44","guid":{"rendered":"https:\/\/marktxxl.de\/markt\/produkt\/lxtek-purify-toner-mlt-d111s-kompatibel-fuer-samsung-mlt-d111s-d111s-mlt-d111l-d111l-fuer-samsung-xpress-m2070w-toner-fuer-samsung-xpress-m2070-m2070fw-m2026w-m2026-m2020-m2020w-schwarz-2er-pack\/"},"modified":"2023-04-09T04:55:45","modified_gmt":"2023-04-09T02:55:45","slug":"lxtek-purify-toner-mlt-d111s-kompatibel-fuer-samsung-mlt-d111s-d111s-mlt-d111l-d111l-fuer-samsung-xpress-m2070w-toner-fuer-samsung-xpress-m2070-m2070fw-m2026w-m2026-m2020-m2020w-schwarz-2er-pack","status":"publish","type":"product","link":"https:\/\/marktxxl.de\/markt\/produkt\/lxtek-purify-toner-mlt-d111s-kompatibel-fuer-samsung-mlt-d111s-d111s-mlt-d111l-d111l-fuer-samsung-xpress-m2070w-toner-fuer-samsung-xpress-m2070-m2070fw-m2026w-m2026-m2020-m2020w-schwarz-2er-pack\/","title":{"rendered":"LxTek Purify Toner MLT-D111S Kompatibel f\u00fcr Samsung MLT-D111S D111S MLT-D111L D111L f\u00fcr Samsung Xpress M2070W Toner f\u00fcr\u2026"},"content":{"rendered":"<p>Produktartikel: LxTek Purify MLT-D111S Toner Kompatibel f\u00fcr Samsung Xpress M2070W Toner f\u00fcr Samsung MLT-D111S MLT-D111L D111S D111L Toner (Nicht Original)<br \/>\nKompatible Druckermodelle: Kompatibel f\u00fcr Samsung Xpress SL M2020 M2020W M2021 M2021W M2022 M2022W M2026 M2026W M2070 M2070W M2070F M2070FW M2070FH M2070HW M2071 M2071W M2071FH M2071HW M2078W M2074FW M2077 M2078 M2078F M2078FW<br \/>\nSeitenausbeute: 1,000 Seiten pro MLT D111S Toner Schwarz f\u00fcr Samsung Xpress M2070W Toner bei 5% Abdeckunge von A4<br \/>\nInhalt: 2 MLT-D111S Toner Schwarz (2er-Pack f\u00fcr Toner Samsung Xpress M2070, Verpackung kann abweichen)<br \/>\nLxTek Purify Toner MLT-D111S kompatibel f\u00fcr Toner Samsung Xpress M2026W drucken klar und bieten zuverl\u00e4ssige Tonerkartuschenqualit\u00e4t<br \/>\n<div class=\"main-cross-sell\" data-asin=\"B0BFDS3XQ5\">\n\n\t<div class=\"WooZone-cross-sell-loader\">\n\t\t<div>\n\t\t\t<div id=\"floatingBarsG\">\n\t\t\t\t<div class=\"blockG\" id=\"rotateG_01\"><\/div>\n\t\t\t\t<div class=\"blockG\" id=\"rotateG_02\"><\/div>\n\t\t\t\t<div class=\"blockG\" id=\"rotateG_03\"><\/div>\n\t\t\t\t<div class=\"blockG\" id=\"rotateG_04\"><\/div>\n\t\t\t\t<div class=\"blockG\" id=\"rotateG_05\"><\/div>\n\t\t\t\t<div class=\"blockG\" id=\"rotateG_06\"><\/div>\n\t\t\t\t<div class=\"blockG\" id=\"rotateG_07\"><\/div>\n\t\t\t\t<div class=\"blockG\" id=\"rotateG_08\"><\/div>\n\t\t\t<\/div>\n\t\t\t<div class=\"WooZone-cross-sell-loader-text\"><\/div>\n\t\t<\/div>\n\t<\/div>\n\n\t\t\n<\/div>\n<div style=\"clear:both;\"><\/div><\/p>\n","protected":false},"excerpt":{"rendered":"<p>Produktartikel: LxTek Purify MLT-D111S Toner Kompatibel f\u00fcr Samsung Xpress M2070W Toner f\u00fcr Samsung MLT-D111S MLT-D111L D111S D111L Toner (Nicht Original)<br \/>\nKompatible Druckermodelle: Kompatibel f\u00fcr Samsung Xpress SL M2020 M2020W M2021 M2021W M2022 M2022W M2026 M2026W M2070 M2070W M2070F M2070FW M2070FH M2070HW M2071 M2071W M2071FH M2071HW M2078W M2074FW M2077 M2078 M2078F M2078FW<br \/>\nSeitenausbeute: 1,000 Seiten pro MLT D111S Toner Schwarz f\u00fcr Samsung Xpress M2070W Toner bei 5% Abdeckunge von A4<\/p>\n","protected":false},"featured_media":181254,"comment_status":"open","ping_status":"closed","template":"","meta":[],"product_brand":[],"product_cat":[504,8208],"product_tag":[],"class_list":{"0":"post-181253","1":"product","2":"type-product","3":"status-publish","4":"has-post-thumbnail","6":"product_cat-buerobedarf-schreibwaren","7":"product_cat-bueroelektronik","8":"pa_brand-lxtek-purify","9":"pa_color-2-schwarz","10":"pa_manufacturer-lxtek-purify-for-samsung-mlt-d111s-m2070w-m2070-m2026w-toner","11":"pa_model-d111s-d111l-toner-cartridge","12":"pa_size-x-large","13":"pa_warranty-2-year-limited-warranty","15":"first","16":"instock","17":"shipping-taxable","18":"purchasable","19":"product-type-simple","20":"customify-col","21":"product-has-gallery"},"yoast_head":"<!-- This site is optimized with the Yoast SEO plugin v27.4 - https:\/\/yoast.com\/product\/yoast-seo-wordpress\/ -->\n<title>LxTek Purify Toner MLT-D111S Kompatibel f\u00fcr Samsung MLT-D111S D111S MLT-D111L D111L f\u00fcr Samsung Xpress M2070W Toner f\u00fcr\u2026 - Markt-XXL<\/title>\n<meta name=\"description\" content=\"Markt-XXL LxTek Purify Toner MLT-D111S Kompatibel f\u00fcr Samsung MLT-D111S D111S MLT-D111L D111L f\u00fcr Samsung Xpress M2070W Toner f\u00fcr\u2026\" \/>\n<meta name=\"robots\" content=\"index, follow, max-snippet:-1, max-image-preview:large, max-video-preview:-1\" \/>\n<link rel=\"canonical\" href=\"https:\/\/marktxxl.de\/markt\/produkt\/lxtek-purify-toner-mlt-d111s-kompatibel-fuer-samsung-mlt-d111s-d111s-mlt-d111l-d111l-fuer-samsung-xpress-m2070w-toner-fuer-samsung-xpress-m2070-m2070fw-m2026w-m2026-m2020-m2020w-schwarz-2er-pack\/\" \/>\n<meta property=\"og:locale\" content=\"de_DE\" \/>\n<meta property=\"og:type\" content=\"article\" \/>\n<meta property=\"og:title\" content=\"LxTek Purify Toner MLT-D111S Kompatibel f\u00fcr Samsung MLT-D111S D111S MLT-D111L D111L f\u00fcr Samsung Xpress M2070W Toner f\u00fcr\u2026 - Markt-XXL\" \/>\n<meta property=\"og:description\" content=\"Markt-XXL LxTek Purify Toner MLT-D111S Kompatibel f\u00fcr Samsung MLT-D111S D111S MLT-D111L D111L f\u00fcr Samsung Xpress M2070W Toner f\u00fcr\u2026\" \/>\n<meta property=\"og:url\" content=\"https:\/\/marktxxl.de\/markt\/produkt\/lxtek-purify-toner-mlt-d111s-kompatibel-fuer-samsung-mlt-d111s-d111s-mlt-d111l-d111l-fuer-samsung-xpress-m2070w-toner-fuer-samsung-xpress-m2070-m2070fw-m2026w-m2026-m2020-m2020w-schwarz-2er-pack\/\" \/>\n<meta property=\"og:site_name\" content=\"Markt-XXL\" \/>\n<meta property=\"article:modified_time\" content=\"2023-04-09T02:55:45+00:00\" \/>\n<meta property=\"og:image\" content=\"https:\/\/m.media-amazon.com\/images\/I\/51LqL46WqZL._SL500_.jpg\" \/>\n\t<meta property=\"og:image:width\" content=\"500\" \/>\n\t<meta property=\"og:image:height\" content=\"500\" \/>\n\t<meta property=\"og:image:type\" content=\"image\/jpeg\" \/>\n<meta name=\"twitter:card\" content=\"summary_large_image\" \/>\n<meta name=\"twitter:label1\" content=\"Gesch\u00e4tzte Lesezeit\" \/>\n\t<meta name=\"twitter:data1\" content=\"1\u00a0Minute\" \/>\n<script type=\"application\/ld+json\" class=\"yoast-schema-graph\">{\"@context\":\"https:\\\/\\\/schema.org\",\"@graph\":[{\"@type\":\"WebPage\",\"@id\":\"https:\\\/\\\/marktxxl.de\\\/markt\\\/produkt\\\/lxtek-purify-toner-mlt-d111s-kompatibel-fuer-samsung-mlt-d111s-d111s-mlt-d111l-d111l-fuer-samsung-xpress-m2070w-toner-fuer-samsung-xpress-m2070-m2070fw-m2026w-m2026-m2020-m2020w-schwarz-2er-pack\\\/\",\"url\":\"https:\\\/\\\/marktxxl.de\\\/markt\\\/produkt\\\/lxtek-purify-toner-mlt-d111s-kompatibel-fuer-samsung-mlt-d111s-d111s-mlt-d111l-d111l-fuer-samsung-xpress-m2070w-toner-fuer-samsung-xpress-m2070-m2070fw-m2026w-m2026-m2020-m2020w-schwarz-2er-pack\\\/\",\"name\":\"LxTek Purify Toner MLT-D111S Kompatibel f\u00fcr Samsung MLT-D111S D111S MLT-D111L D111L f\u00fcr Samsung Xpress M2070W Toner f\u00fcr\u2026 - Markt-XXL\",\"isPartOf\":{\"@id\":\"https:\\\/\\\/marktxxl.de\\\/markt\\\/#website\"},\"primaryImageOfPage\":{\"@id\":\"https:\\\/\\\/marktxxl.de\\\/markt\\\/produkt\\\/lxtek-purify-toner-mlt-d111s-kompatibel-fuer-samsung-mlt-d111s-d111s-mlt-d111l-d111l-fuer-samsung-xpress-m2070w-toner-fuer-samsung-xpress-m2070-m2070fw-m2026w-m2026-m2020-m2020w-schwarz-2er-pack\\\/#primaryimage\"},\"image\":{\"@id\":\"https:\\\/\\\/marktxxl.de\\\/markt\\\/produkt\\\/lxtek-purify-toner-mlt-d111s-kompatibel-fuer-samsung-mlt-d111s-d111s-mlt-d111l-d111l-fuer-samsung-xpress-m2070w-toner-fuer-samsung-xpress-m2070-m2070fw-m2026w-m2026-m2020-m2020w-schwarz-2er-pack\\\/#primaryimage\"},\"thumbnailUrl\":\"https:\\\/\\\/m.media-amazon.com\\\/images\\\/I\\\/51LqL46WqZL._SL500_.jpg\",\"datePublished\":\"2023-01-10T04:31:44+00:00\",\"dateModified\":\"2023-04-09T02:55:45+00:00\",\"description\":\"Markt-XXL LxTek Purify Toner MLT-D111S Kompatibel f\u00fcr Samsung MLT-D111S D111S MLT-D111L D111L f\u00fcr Samsung Xpress M2070W Toner f\u00fcr\u2026\",\"breadcrumb\":{\"@id\":\"https:\\\/\\\/marktxxl.de\\\/markt\\\/produkt\\\/lxtek-purify-toner-mlt-d111s-kompatibel-fuer-samsung-mlt-d111s-d111s-mlt-d111l-d111l-fuer-samsung-xpress-m2070w-toner-fuer-samsung-xpress-m2070-m2070fw-m2026w-m2026-m2020-m2020w-schwarz-2er-pack\\\/#breadcrumb\"},\"inLanguage\":\"de\",\"potentialAction\":[{\"@type\":\"ReadAction\",\"target\":[\"https:\\\/\\\/marktxxl.de\\\/markt\\\/produkt\\\/lxtek-purify-toner-mlt-d111s-kompatibel-fuer-samsung-mlt-d111s-d111s-mlt-d111l-d111l-fuer-samsung-xpress-m2070w-toner-fuer-samsung-xpress-m2070-m2070fw-m2026w-m2026-m2020-m2020w-schwarz-2er-pack\\\/\"]}]},{\"@type\":\"ImageObject\",\"inLanguage\":\"de\",\"@id\":\"https:\\\/\\\/marktxxl.de\\\/markt\\\/produkt\\\/lxtek-purify-toner-mlt-d111s-kompatibel-fuer-samsung-mlt-d111s-d111s-mlt-d111l-d111l-fuer-samsung-xpress-m2070w-toner-fuer-samsung-xpress-m2070-m2070fw-m2026w-m2026-m2020-m2020w-schwarz-2er-pack\\\/#primaryimage\",\"url\":\"https:\\\/\\\/m.media-amazon.com\\\/images\\\/I\\\/51LqL46WqZL._SL500_.jpg\",\"contentUrl\":\"https:\\\/\\\/m.media-amazon.com\\\/images\\\/I\\\/51LqL46WqZL._SL500_.jpg\",\"width\":500,\"height\":500},{\"@type\":\"BreadcrumbList\",\"@id\":\"https:\\\/\\\/marktxxl.de\\\/markt\\\/produkt\\\/lxtek-purify-toner-mlt-d111s-kompatibel-fuer-samsung-mlt-d111s-d111s-mlt-d111l-d111l-fuer-samsung-xpress-m2070w-toner-fuer-samsung-xpress-m2070-m2070fw-m2026w-m2026-m2020-m2020w-schwarz-2er-pack\\\/#breadcrumb\",\"itemListElement\":[{\"@type\":\"ListItem\",\"position\":1,\"name\":\"Startseite\",\"item\":\"https:\\\/\\\/marktxxl.de\\\/markt\\\/\"},{\"@type\":\"ListItem\",\"position\":2,\"name\":\"Markt\",\"item\":\"https:\\\/\\\/marktxxl.de\\\/markt\\\/\"},{\"@type\":\"ListItem\",\"position\":3,\"name\":\"LxTek Purify Toner MLT-D111S Kompatibel f\u00fcr Samsung MLT-D111S D111S MLT-D111L D111L f\u00fcr Samsung Xpress M2070W Toner f\u00fcr\u2026\"}]},{\"@type\":\"WebSite\",\"@id\":\"https:\\\/\\\/marktxxl.de\\\/markt\\\/#website\",\"url\":\"https:\\\/\\\/marktxxl.de\\\/markt\\\/\",\"name\":\"Markt-XXL\",\"description\":\"Ihr Markt Online\",\"publisher\":{\"@id\":\"https:\\\/\\\/marktxxl.de\\\/markt\\\/#organization\"},\"potentialAction\":[{\"@type\":\"SearchAction\",\"target\":{\"@type\":\"EntryPoint\",\"urlTemplate\":\"https:\\\/\\\/marktxxl.de\\\/markt\\\/?s={search_term_string}\"},\"query-input\":{\"@type\":\"PropertyValueSpecification\",\"valueRequired\":true,\"valueName\":\"search_term_string\"}}],\"inLanguage\":\"de\"},{\"@type\":\"Organization\",\"@id\":\"https:\\\/\\\/marktxxl.de\\\/markt\\\/#organization\",\"name\":\"Markt-XXL\",\"url\":\"https:\\\/\\\/marktxxl.de\\\/markt\\\/\",\"logo\":{\"@type\":\"ImageObject\",\"inLanguage\":\"de\",\"@id\":\"https:\\\/\\\/marktxxl.de\\\/markt\\\/#\\\/schema\\\/logo\\\/image\\\/\",\"url\":\"https:\\\/\\\/marktxxl.de\\\/markt\\\/wp-content\\\/uploads\\\/sites\\\/3\\\/2020\\\/12\\\/logo.png\",\"contentUrl\":\"https:\\\/\\\/marktxxl.de\\\/markt\\\/wp-content\\\/uploads\\\/sites\\\/3\\\/2020\\\/12\\\/logo.png\",\"width\":200,\"height\":70,\"caption\":\"Markt-XXL\"},\"image\":{\"@id\":\"https:\\\/\\\/marktxxl.de\\\/markt\\\/#\\\/schema\\\/logo\\\/image\\\/\"}}]}<\/script>\n<!-- \/ Yoast SEO plugin. -->","yoast_head_json":{"title":"LxTek Purify Toner MLT-D111S Kompatibel f\u00fcr Samsung MLT-D111S D111S MLT-D111L D111L f\u00fcr Samsung Xpress M2070W Toner f\u00fcr\u2026 - Markt-XXL","description":"Markt-XXL LxTek Purify Toner MLT-D111S Kompatibel f\u00fcr Samsung MLT-D111S D111S MLT-D111L D111L f\u00fcr Samsung Xpress M2070W Toner f\u00fcr\u2026","robots":{"index":"index","follow":"follow","max-snippet":"max-snippet:-1","max-image-preview":"max-image-preview:large","max-video-preview":"max-video-preview:-1"},"canonical":"https:\/\/marktxxl.de\/markt\/produkt\/lxtek-purify-toner-mlt-d111s-kompatibel-fuer-samsung-mlt-d111s-d111s-mlt-d111l-d111l-fuer-samsung-xpress-m2070w-toner-fuer-samsung-xpress-m2070-m2070fw-m2026w-m2026-m2020-m2020w-schwarz-2er-pack\/","og_locale":"de_DE","og_type":"article","og_title":"LxTek Purify Toner MLT-D111S Kompatibel f\u00fcr Samsung MLT-D111S D111S MLT-D111L D111L f\u00fcr Samsung Xpress M2070W Toner f\u00fcr\u2026 - Markt-XXL","og_description":"Markt-XXL LxTek Purify Toner MLT-D111S Kompatibel f\u00fcr Samsung MLT-D111S D111S MLT-D111L D111L f\u00fcr Samsung Xpress M2070W Toner f\u00fcr\u2026","og_url":"https:\/\/marktxxl.de\/markt\/produkt\/lxtek-purify-toner-mlt-d111s-kompatibel-fuer-samsung-mlt-d111s-d111s-mlt-d111l-d111l-fuer-samsung-xpress-m2070w-toner-fuer-samsung-xpress-m2070-m2070fw-m2026w-m2026-m2020-m2020w-schwarz-2er-pack\/","og_site_name":"Markt-XXL","article_modified_time":"2023-04-09T02:55:45+00:00","og_image":[{"width":500,"height":500,"url":"https:\/\/m.media-amazon.com\/images\/I\/51LqL46WqZL._SL500_.jpg","type":"image\/jpeg"}],"twitter_card":"summary_large_image","twitter_misc":{"Gesch\u00e4tzte Lesezeit":"1\u00a0Minute"},"schema":{"@context":"https:\/\/schema.org","@graph":[{"@type":"WebPage","@id":"https:\/\/marktxxl.de\/markt\/produkt\/lxtek-purify-toner-mlt-d111s-kompatibel-fuer-samsung-mlt-d111s-d111s-mlt-d111l-d111l-fuer-samsung-xpress-m2070w-toner-fuer-samsung-xpress-m2070-m2070fw-m2026w-m2026-m2020-m2020w-schwarz-2er-pack\/","url":"https:\/\/marktxxl.de\/markt\/produkt\/lxtek-purify-toner-mlt-d111s-kompatibel-fuer-samsung-mlt-d111s-d111s-mlt-d111l-d111l-fuer-samsung-xpress-m2070w-toner-fuer-samsung-xpress-m2070-m2070fw-m2026w-m2026-m2020-m2020w-schwarz-2er-pack\/","name":"LxTek Purify Toner MLT-D111S Kompatibel f\u00fcr Samsung MLT-D111S D111S MLT-D111L D111L f\u00fcr Samsung Xpress M2070W Toner f\u00fcr\u2026 - Markt-XXL","isPartOf":{"@id":"https:\/\/marktxxl.de\/markt\/#website"},"primaryImageOfPage":{"@id":"https:\/\/marktxxl.de\/markt\/produkt\/lxtek-purify-toner-mlt-d111s-kompatibel-fuer-samsung-mlt-d111s-d111s-mlt-d111l-d111l-fuer-samsung-xpress-m2070w-toner-fuer-samsung-xpress-m2070-m2070fw-m2026w-m2026-m2020-m2020w-schwarz-2er-pack\/#primaryimage"},"image":{"@id":"https:\/\/marktxxl.de\/markt\/produkt\/lxtek-purify-toner-mlt-d111s-kompatibel-fuer-samsung-mlt-d111s-d111s-mlt-d111l-d111l-fuer-samsung-xpress-m2070w-toner-fuer-samsung-xpress-m2070-m2070fw-m2026w-m2026-m2020-m2020w-schwarz-2er-pack\/#primaryimage"},"thumbnailUrl":"https:\/\/m.media-amazon.com\/images\/I\/51LqL46WqZL._SL500_.jpg","datePublished":"2023-01-10T04:31:44+00:00","dateModified":"2023-04-09T02:55:45+00:00","description":"Markt-XXL LxTek Purify Toner MLT-D111S Kompatibel f\u00fcr Samsung MLT-D111S D111S MLT-D111L D111L f\u00fcr Samsung Xpress M2070W Toner f\u00fcr\u2026","breadcrumb":{"@id":"https:\/\/marktxxl.de\/markt\/produkt\/lxtek-purify-toner-mlt-d111s-kompatibel-fuer-samsung-mlt-d111s-d111s-mlt-d111l-d111l-fuer-samsung-xpress-m2070w-toner-fuer-samsung-xpress-m2070-m2070fw-m2026w-m2026-m2020-m2020w-schwarz-2er-pack\/#breadcrumb"},"inLanguage":"de","potentialAction":[{"@type":"ReadAction","target":["https:\/\/marktxxl.de\/markt\/produkt\/lxtek-purify-toner-mlt-d111s-kompatibel-fuer-samsung-mlt-d111s-d111s-mlt-d111l-d111l-fuer-samsung-xpress-m2070w-toner-fuer-samsung-xpress-m2070-m2070fw-m2026w-m2026-m2020-m2020w-schwarz-2er-pack\/"]}]},{"@type":"ImageObject","inLanguage":"de","@id":"https:\/\/marktxxl.de\/markt\/produkt\/lxtek-purify-toner-mlt-d111s-kompatibel-fuer-samsung-mlt-d111s-d111s-mlt-d111l-d111l-fuer-samsung-xpress-m2070w-toner-fuer-samsung-xpress-m2070-m2070fw-m2026w-m2026-m2020-m2020w-schwarz-2er-pack\/#primaryimage","url":"https:\/\/m.media-amazon.com\/images\/I\/51LqL46WqZL._SL500_.jpg","contentUrl":"https:\/\/m.media-amazon.com\/images\/I\/51LqL46WqZL._SL500_.jpg","width":500,"height":500},{"@type":"BreadcrumbList","@id":"https:\/\/marktxxl.de\/markt\/produkt\/lxtek-purify-toner-mlt-d111s-kompatibel-fuer-samsung-mlt-d111s-d111s-mlt-d111l-d111l-fuer-samsung-xpress-m2070w-toner-fuer-samsung-xpress-m2070-m2070fw-m2026w-m2026-m2020-m2020w-schwarz-2er-pack\/#breadcrumb","itemListElement":[{"@type":"ListItem","position":1,"name":"Startseite","item":"https:\/\/marktxxl.de\/markt\/"},{"@type":"ListItem","position":2,"name":"Markt","item":"https:\/\/marktxxl.de\/markt\/"},{"@type":"ListItem","position":3,"name":"LxTek Purify Toner MLT-D111S Kompatibel f\u00fcr Samsung MLT-D111S D111S MLT-D111L D111L f\u00fcr Samsung Xpress M2070W Toner f\u00fcr\u2026"}]},{"@type":"WebSite","@id":"https:\/\/marktxxl.de\/markt\/#website","url":"https:\/\/marktxxl.de\/markt\/","name":"Markt-XXL","description":"Ihr Markt Online","publisher":{"@id":"https:\/\/marktxxl.de\/markt\/#organization"},"potentialAction":[{"@type":"SearchAction","target":{"@type":"EntryPoint","urlTemplate":"https:\/\/marktxxl.de\/markt\/?s={search_term_string}"},"query-input":{"@type":"PropertyValueSpecification","valueRequired":true,"valueName":"search_term_string"}}],"inLanguage":"de"},{"@type":"Organization","@id":"https:\/\/marktxxl.de\/markt\/#organization","name":"Markt-XXL","url":"https:\/\/marktxxl.de\/markt\/","logo":{"@type":"ImageObject","inLanguage":"de","@id":"https:\/\/marktxxl.de\/markt\/#\/schema\/logo\/image\/","url":"https:\/\/marktxxl.de\/markt\/wp-content\/uploads\/sites\/3\/2020\/12\/logo.png","contentUrl":"https:\/\/marktxxl.de\/markt\/wp-content\/uploads\/sites\/3\/2020\/12\/logo.png","width":200,"height":70,"caption":"Markt-XXL"},"image":{"@id":"https:\/\/marktxxl.de\/markt\/#\/schema\/logo\/image\/"}}]}},"_links":{"self":[{"href":"https:\/\/marktxxl.de\/markt\/wp-json\/wp\/v2\/product\/181253","targetHints":{"allow":["GET"]}}],"collection":[{"href":"https:\/\/marktxxl.de\/markt\/wp-json\/wp\/v2\/product"}],"about":[{"href":"https:\/\/marktxxl.de\/markt\/wp-json\/wp\/v2\/types\/product"}],"replies":[{"embeddable":true,"href":"https:\/\/marktxxl.de\/markt\/wp-json\/wp\/v2\/comments?post=181253"}],"wp:featuredmedia":[{"embeddable":true,"href":"https:\/\/marktxxl.de\/markt\/wp-json\/wp\/v2\/media\/181254"}],"wp:attachment":[{"href":"https:\/\/marktxxl.de\/markt\/wp-json\/wp\/v2\/media?parent=181253"}],"wp:term":[{"taxonomy":"product_brand","embeddable":true,"href":"https:\/\/marktxxl.de\/markt\/wp-json\/wp\/v2\/product_brand?post=181253"},{"taxonomy":"product_cat","embeddable":true,"href":"https:\/\/marktxxl.de\/markt\/wp-json\/wp\/v2\/product_cat?post=181253"},{"taxonomy":"product_tag","embeddable":true,"href":"https:\/\/marktxxl.de\/markt\/wp-json\/wp\/v2\/product_tag?post=181253"}],"curies":[{"name":"wp","href":"https:\/\/api.w.org\/{rel}","templated":true}]}}