{"id":181246,"date":"2023-01-10T05:31:31","date_gmt":"2023-01-10T04:31:31","guid":{"rendered":"https:\/\/marktxxl.de\/markt\/produkt\/hiipoo-sublimationstinte-fuer-ecotank-supertank-inkjet-drucker-et-2720-et-2760-et-2800-et-2803-et-2830-et-3760-et-4700-et-7710-et-7720-et-15000-heat-press-transfer-auf-t-shirt-tasse-maske\/"},"modified":"2023-04-09T04:55:45","modified_gmt":"2023-04-09T02:55:45","slug":"hiipoo-sublimationstinte-fuer-ecotank-supertank-inkjet-drucker-et-2720-et-2760-et-2800-et-2803-et-2830-et-3760-et-4700-et-7710-et-7720-et-15000-heat-press-transfer-auf-t-shirt-tasse-maske","status":"publish","type":"product","link":"https:\/\/marktxxl.de\/markt\/produkt\/hiipoo-sublimationstinte-fuer-ecotank-supertank-inkjet-drucker-et-2720-et-2760-et-2800-et-2803-et-2830-et-3760-et-4700-et-7710-et-7720-et-15000-heat-press-transfer-auf-t-shirt-tasse-maske\/","title":{"rendered":"Hiipoo Sublimationstinte f\u00fcr EcoTank Supertank Inkjet Drucker ET-2720 ET-2760 ET-2800 ET-2803 ET-2830 ET-3760 ET-4700 ET\u2026"},"content":{"rendered":"<p>Hohe Kompatibilit\u00e4t: Hiipoo Sublimationstinte, Autofill-Flaschen f\u00fcr EcoTankET-2720 ET-2710, ET-2760, ET-2800, ET-2803, ET-2830, ET-2850, ET-3710, ET-3760, ET-4760, ET-1500000000 0 ET-1 6600 ET-16650, ET-3750, ET-4700, ET-4750, ST-2000, ST-3000, ST-4000, ET-2700, ET-2750, ET-3700, ET-7750 ET-7700 Drucker<br \/>\nIdeal zum Basteln und Drucken auf Anfrage: Die Sublimationstinte ist ideal f\u00fcr Tassen, T-Shirts, Stoffe, Kissenbez\u00fcge, Schuhe, M\u00fctzen, Keramik, Boxen, Taschen, Steppdecken, Kreuzstich-Artikel, dekorative Kleidung, Flaggen, Banner usw. Erwecken Sie Ihre Kreationen zum Leben, Drucken f\u00fcr jeden Anlass, besonders toll als Geschenk f\u00fcr Freunde, Familie und mehr. (Hinweis: Sublimationstinte kann nur in Stoffen verwendet werden, die weniger als 30% Baumwolle enthalten.)<br \/>\nFarbenfroh lebendig: Hiippo Sublimationstinte bietet die lebendigsten intensiven Farben, die auffallen und in jeder Situation auff\u00e4llen, die Farben verblassen nicht, sind langlebig und wunderbar belastbar. Die Sublimationstinte auf Wasserbasis ist von feinster Textur und Farbverlauf f\u00fcr eine glatte, gleichm\u00e4\u00dfige Schicht von Druckertinten jedes Mal, die sowohl h\u00e4lt als auch wunderbar lebendig ist. Dies sorgt daf\u00fcr, dass keine Druckkopf-Clogs mit einer st\u00e4rkeren Farbreduktion entstehen, um intensive und lebendige Farbbilder zu bieten.<br \/>\nProfessionell zertifiziert, bietet h\u00f6chsten Qualit\u00e4tsstandard: Dieses Produkt hat die folgenden Zertifizierungen ISO-9001 und MSDS. Das Produkt wurde strengen Pr\u00fcfungen und Qualit\u00e4tspr\u00fcfungen unterzogen, um sicherzustellen, dass die h\u00f6chsten Qualit\u00e4tsstandards erf\u00fcllt werden, um die st\u00e4rksten, hochwertigen, stabilen, haltbaren und lebendigsten Farben auf dem Markt zu liefern<br \/>\nLieferumfang: 2 x 140 ml schwarze Sublimationstinte, 1 x 100 ml Cyan-Sublimationstinte, 1 x 100 ml Magenta-Sublimationstinte, 1 x 100 ml gelbe Sublimationstinte, 2 x Handschuhe. Dieses Paket macht es einfach und leicht zu bef\u00fcllen, wodurch es wunderbar benutzerfreundlich und umweltfreundlich ist. Dies ist ein Produkt, das Sie lieben werden, sobald Sie es erhalten.<br \/>\n<div class=\"main-cross-sell\" data-asin=\"B09KCFJT4L\">\n\n\t<div class=\"WooZone-cross-sell-loader\">\n\t\t<div>\n\t\t\t<div id=\"floatingBarsG\">\n\t\t\t\t<div class=\"blockG\" id=\"rotateG_01\"><\/div>\n\t\t\t\t<div class=\"blockG\" id=\"rotateG_02\"><\/div>\n\t\t\t\t<div class=\"blockG\" id=\"rotateG_03\"><\/div>\n\t\t\t\t<div class=\"blockG\" id=\"rotateG_04\"><\/div>\n\t\t\t\t<div class=\"blockG\" id=\"rotateG_05\"><\/div>\n\t\t\t\t<div class=\"blockG\" id=\"rotateG_06\"><\/div>\n\t\t\t\t<div class=\"blockG\" id=\"rotateG_07\"><\/div>\n\t\t\t\t<div class=\"blockG\" id=\"rotateG_08\"><\/div>\n\t\t\t<\/div>\n\t\t\t<div class=\"WooZone-cross-sell-loader-text\"><\/div>\n\t\t<\/div>\n\t<\/div>\n\n\t\t\n<\/div>\n<div style=\"clear:both;\"><\/div><\/p>\n","protected":false},"excerpt":{"rendered":"<p>Hohe Kompatibilit\u00e4t: Hiipoo Sublimationstinte, Autofill-Flaschen f\u00fcr EcoTankET-2720 ET-2710, ET-2760, ET-2800, ET-2803, ET-2830, ET-2850, ET-3710, ET-3760, ET-4760, ET-1500000000 0 ET-1 6600 ET-16650, ET-3750, ET-4700, ET-4750, ST-2000, ST-3000, ST-4000, ET-2700, ET-2750, ET-3700, ET-7750 ET-7700 Drucker<br \/>\nIdeal zum Basteln und Drucken auf Anfrage: Die Sublimationstinte ist ideal f\u00fcr Tassen, T-Shirts, Stoffe, Kissenbez\u00fcge, Schuhe, M\u00fctzen, Keramik, Boxen, Taschen, Steppdecken, Kreuzstich-Artikel, dekorative Kleidung, Flaggen, Banner usw. Erwecken Sie Ihre Kreationen zum Leben, Drucken f\u00fcr jeden Anlass, besonders toll als Geschenk f\u00fcr Freunde, Familie und mehr. (Hinweis: Sublimationstinte kann nur in Stoffen verwendet werden, die weniger als 30% Baumwolle enthalten.)<br \/>\nFarbenfroh lebendig: Hiippo Sublimationstinte bietet die lebendigsten intensiven Farben, die auffallen und in jeder Situation auff\u00e4llen, die Farben verblassen nicht, sind langlebig und wunderbar belastbar. Die Sublimationstinte auf Wasserbasis ist von feinster Textur und Farbverlauf f\u00fcr eine glatte, gleichm\u00e4\u00dfige Schicht von Druckertinten jedes Mal, die sowohl h\u00e4lt als auch wunderbar lebendig ist. Dies sorgt daf\u00fcr, dass keine Druckkopf-Clogs mit einer st\u00e4rkeren Farbreduktion entstehen, um intensive und lebendige Farbbilder zu bieten.<\/p>\n","protected":false},"featured_media":181247,"comment_status":"open","ping_status":"closed","template":"","meta":[],"product_brand":[],"product_cat":[504,8208],"product_tag":[],"class_list":{"0":"post-181246","1":"product","2":"type-product","3":"status-publish","4":"has-post-thumbnail","6":"product_cat-buerobedarf-schreibwaren","7":"product_cat-bueroelektronik","8":"pa_brand-hiipoo","9":"pa_color-rose","10":"pa_height-2-4-zoll","11":"pa_length-7-8-zoll","12":"pa_manufacturer-hiipoo","13":"pa_width-5-7-zoll","15":"first","16":"instock","17":"shipping-taxable","18":"purchasable","19":"product-type-simple","20":"customify-col","21":"product-has-gallery"},"yoast_head":"<!-- This site is optimized with the Yoast SEO plugin v27.4 - https:\/\/yoast.com\/product\/yoast-seo-wordpress\/ -->\n<title>Hiipoo Sublimationstinte f\u00fcr EcoTank Supertank Inkjet Drucker ET-2720 ET-2760 ET-2800 ET-2803 ET-2830 ET-3760 ET-4700 ET\u2026 - Markt-XXL<\/title>\n<meta name=\"description\" content=\"Markt-XXL Hiipoo Sublimationstinte f\u00fcr EcoTank Supertank Inkjet Drucker ET-2720 ET-2760 ET-2800 ET-2803 ET-2830 ET-3760 ET-4700 ET\u2026\" \/>\n<meta name=\"robots\" content=\"index, follow, max-snippet:-1, max-image-preview:large, max-video-preview:-1\" \/>\n<link rel=\"canonical\" href=\"https:\/\/marktxxl.de\/markt\/produkt\/hiipoo-sublimationstinte-fuer-ecotank-supertank-inkjet-drucker-et-2720-et-2760-et-2800-et-2803-et-2830-et-3760-et-4700-et-7710-et-7720-et-15000-heat-press-transfer-auf-t-shirt-tasse-maske\/\" \/>\n<meta property=\"og:locale\" content=\"de_DE\" \/>\n<meta property=\"og:type\" content=\"article\" \/>\n<meta property=\"og:title\" content=\"Hiipoo Sublimationstinte f\u00fcr EcoTank Supertank Inkjet Drucker ET-2720 ET-2760 ET-2800 ET-2803 ET-2830 ET-3760 ET-4700 ET\u2026 - Markt-XXL\" \/>\n<meta property=\"og:description\" content=\"Markt-XXL Hiipoo Sublimationstinte f\u00fcr EcoTank Supertank Inkjet Drucker ET-2720 ET-2760 ET-2800 ET-2803 ET-2830 ET-3760 ET-4700 ET\u2026\" \/>\n<meta property=\"og:url\" content=\"https:\/\/marktxxl.de\/markt\/produkt\/hiipoo-sublimationstinte-fuer-ecotank-supertank-inkjet-drucker-et-2720-et-2760-et-2800-et-2803-et-2830-et-3760-et-4700-et-7710-et-7720-et-15000-heat-press-transfer-auf-t-shirt-tasse-maske\/\" \/>\n<meta property=\"og:site_name\" content=\"Markt-XXL\" \/>\n<meta property=\"article:modified_time\" content=\"2023-04-09T02:55:45+00:00\" \/>\n<meta property=\"og:image\" content=\"https:\/\/m.media-amazon.com\/images\/I\/51+94IUpvyL._SL500_.jpg\" \/>\n\t<meta property=\"og:image:width\" content=\"498\" \/>\n\t<meta property=\"og:image:height\" content=\"500\" \/>\n\t<meta property=\"og:image:type\" content=\"image\/jpeg\" \/>\n<meta name=\"twitter:card\" content=\"summary_large_image\" \/>\n<meta name=\"twitter:label1\" content=\"Gesch\u00e4tzte Lesezeit\" \/>\n\t<meta name=\"twitter:data1\" content=\"1\u00a0Minute\" \/>\n<script type=\"application\/ld+json\" class=\"yoast-schema-graph\">{\"@context\":\"https:\\\/\\\/schema.org\",\"@graph\":[{\"@type\":\"WebPage\",\"@id\":\"https:\\\/\\\/marktxxl.de\\\/markt\\\/produkt\\\/hiipoo-sublimationstinte-fuer-ecotank-supertank-inkjet-drucker-et-2720-et-2760-et-2800-et-2803-et-2830-et-3760-et-4700-et-7710-et-7720-et-15000-heat-press-transfer-auf-t-shirt-tasse-maske\\\/\",\"url\":\"https:\\\/\\\/marktxxl.de\\\/markt\\\/produkt\\\/hiipoo-sublimationstinte-fuer-ecotank-supertank-inkjet-drucker-et-2720-et-2760-et-2800-et-2803-et-2830-et-3760-et-4700-et-7710-et-7720-et-15000-heat-press-transfer-auf-t-shirt-tasse-maske\\\/\",\"name\":\"Hiipoo Sublimationstinte f\u00fcr EcoTank Supertank Inkjet Drucker ET-2720 ET-2760 ET-2800 ET-2803 ET-2830 ET-3760 ET-4700 ET\u2026 - Markt-XXL\",\"isPartOf\":{\"@id\":\"https:\\\/\\\/marktxxl.de\\\/markt\\\/#website\"},\"primaryImageOfPage\":{\"@id\":\"https:\\\/\\\/marktxxl.de\\\/markt\\\/produkt\\\/hiipoo-sublimationstinte-fuer-ecotank-supertank-inkjet-drucker-et-2720-et-2760-et-2800-et-2803-et-2830-et-3760-et-4700-et-7710-et-7720-et-15000-heat-press-transfer-auf-t-shirt-tasse-maske\\\/#primaryimage\"},\"image\":{\"@id\":\"https:\\\/\\\/marktxxl.de\\\/markt\\\/produkt\\\/hiipoo-sublimationstinte-fuer-ecotank-supertank-inkjet-drucker-et-2720-et-2760-et-2800-et-2803-et-2830-et-3760-et-4700-et-7710-et-7720-et-15000-heat-press-transfer-auf-t-shirt-tasse-maske\\\/#primaryimage\"},\"thumbnailUrl\":\"https:\\\/\\\/m.media-amazon.com\\\/images\\\/I\\\/51+94IUpvyL._SL500_.jpg\",\"datePublished\":\"2023-01-10T04:31:31+00:00\",\"dateModified\":\"2023-04-09T02:55:45+00:00\",\"description\":\"Markt-XXL Hiipoo Sublimationstinte f\u00fcr EcoTank Supertank Inkjet Drucker ET-2720 ET-2760 ET-2800 ET-2803 ET-2830 ET-3760 ET-4700 ET\u2026\",\"breadcrumb\":{\"@id\":\"https:\\\/\\\/marktxxl.de\\\/markt\\\/produkt\\\/hiipoo-sublimationstinte-fuer-ecotank-supertank-inkjet-drucker-et-2720-et-2760-et-2800-et-2803-et-2830-et-3760-et-4700-et-7710-et-7720-et-15000-heat-press-transfer-auf-t-shirt-tasse-maske\\\/#breadcrumb\"},\"inLanguage\":\"de\",\"potentialAction\":[{\"@type\":\"ReadAction\",\"target\":[\"https:\\\/\\\/marktxxl.de\\\/markt\\\/produkt\\\/hiipoo-sublimationstinte-fuer-ecotank-supertank-inkjet-drucker-et-2720-et-2760-et-2800-et-2803-et-2830-et-3760-et-4700-et-7710-et-7720-et-15000-heat-press-transfer-auf-t-shirt-tasse-maske\\\/\"]}]},{\"@type\":\"ImageObject\",\"inLanguage\":\"de\",\"@id\":\"https:\\\/\\\/marktxxl.de\\\/markt\\\/produkt\\\/hiipoo-sublimationstinte-fuer-ecotank-supertank-inkjet-drucker-et-2720-et-2760-et-2800-et-2803-et-2830-et-3760-et-4700-et-7710-et-7720-et-15000-heat-press-transfer-auf-t-shirt-tasse-maske\\\/#primaryimage\",\"url\":\"https:\\\/\\\/m.media-amazon.com\\\/images\\\/I\\\/51+94IUpvyL._SL500_.jpg\",\"contentUrl\":\"https:\\\/\\\/m.media-amazon.com\\\/images\\\/I\\\/51+94IUpvyL._SL500_.jpg\",\"width\":498,\"height\":500},{\"@type\":\"BreadcrumbList\",\"@id\":\"https:\\\/\\\/marktxxl.de\\\/markt\\\/produkt\\\/hiipoo-sublimationstinte-fuer-ecotank-supertank-inkjet-drucker-et-2720-et-2760-et-2800-et-2803-et-2830-et-3760-et-4700-et-7710-et-7720-et-15000-heat-press-transfer-auf-t-shirt-tasse-maske\\\/#breadcrumb\",\"itemListElement\":[{\"@type\":\"ListItem\",\"position\":1,\"name\":\"Startseite\",\"item\":\"https:\\\/\\\/marktxxl.de\\\/markt\\\/\"},{\"@type\":\"ListItem\",\"position\":2,\"name\":\"Markt\",\"item\":\"https:\\\/\\\/marktxxl.de\\\/markt\\\/\"},{\"@type\":\"ListItem\",\"position\":3,\"name\":\"Hiipoo Sublimationstinte f\u00fcr EcoTank Supertank Inkjet Drucker ET-2720 ET-2760 ET-2800 ET-2803 ET-2830 ET-3760 ET-4700 ET\u2026\"}]},{\"@type\":\"WebSite\",\"@id\":\"https:\\\/\\\/marktxxl.de\\\/markt\\\/#website\",\"url\":\"https:\\\/\\\/marktxxl.de\\\/markt\\\/\",\"name\":\"Markt-XXL\",\"description\":\"Ihr Markt Online\",\"publisher\":{\"@id\":\"https:\\\/\\\/marktxxl.de\\\/markt\\\/#organization\"},\"potentialAction\":[{\"@type\":\"SearchAction\",\"target\":{\"@type\":\"EntryPoint\",\"urlTemplate\":\"https:\\\/\\\/marktxxl.de\\\/markt\\\/?s={search_term_string}\"},\"query-input\":{\"@type\":\"PropertyValueSpecification\",\"valueRequired\":true,\"valueName\":\"search_term_string\"}}],\"inLanguage\":\"de\"},{\"@type\":\"Organization\",\"@id\":\"https:\\\/\\\/marktxxl.de\\\/markt\\\/#organization\",\"name\":\"Markt-XXL\",\"url\":\"https:\\\/\\\/marktxxl.de\\\/markt\\\/\",\"logo\":{\"@type\":\"ImageObject\",\"inLanguage\":\"de\",\"@id\":\"https:\\\/\\\/marktxxl.de\\\/markt\\\/#\\\/schema\\\/logo\\\/image\\\/\",\"url\":\"https:\\\/\\\/marktxxl.de\\\/markt\\\/wp-content\\\/uploads\\\/sites\\\/3\\\/2020\\\/12\\\/logo.png\",\"contentUrl\":\"https:\\\/\\\/marktxxl.de\\\/markt\\\/wp-content\\\/uploads\\\/sites\\\/3\\\/2020\\\/12\\\/logo.png\",\"width\":200,\"height\":70,\"caption\":\"Markt-XXL\"},\"image\":{\"@id\":\"https:\\\/\\\/marktxxl.de\\\/markt\\\/#\\\/schema\\\/logo\\\/image\\\/\"}}]}<\/script>\n<!-- \/ Yoast SEO plugin. -->","yoast_head_json":{"title":"Hiipoo Sublimationstinte f\u00fcr EcoTank Supertank Inkjet Drucker ET-2720 ET-2760 ET-2800 ET-2803 ET-2830 ET-3760 ET-4700 ET\u2026 - Markt-XXL","description":"Markt-XXL Hiipoo Sublimationstinte f\u00fcr EcoTank Supertank Inkjet Drucker ET-2720 ET-2760 ET-2800 ET-2803 ET-2830 ET-3760 ET-4700 ET\u2026","robots":{"index":"index","follow":"follow","max-snippet":"max-snippet:-1","max-image-preview":"max-image-preview:large","max-video-preview":"max-video-preview:-1"},"canonical":"https:\/\/marktxxl.de\/markt\/produkt\/hiipoo-sublimationstinte-fuer-ecotank-supertank-inkjet-drucker-et-2720-et-2760-et-2800-et-2803-et-2830-et-3760-et-4700-et-7710-et-7720-et-15000-heat-press-transfer-auf-t-shirt-tasse-maske\/","og_locale":"de_DE","og_type":"article","og_title":"Hiipoo Sublimationstinte f\u00fcr EcoTank Supertank Inkjet Drucker ET-2720 ET-2760 ET-2800 ET-2803 ET-2830 ET-3760 ET-4700 ET\u2026 - Markt-XXL","og_description":"Markt-XXL Hiipoo Sublimationstinte f\u00fcr EcoTank Supertank Inkjet Drucker ET-2720 ET-2760 ET-2800 ET-2803 ET-2830 ET-3760 ET-4700 ET\u2026","og_url":"https:\/\/marktxxl.de\/markt\/produkt\/hiipoo-sublimationstinte-fuer-ecotank-supertank-inkjet-drucker-et-2720-et-2760-et-2800-et-2803-et-2830-et-3760-et-4700-et-7710-et-7720-et-15000-heat-press-transfer-auf-t-shirt-tasse-maske\/","og_site_name":"Markt-XXL","article_modified_time":"2023-04-09T02:55:45+00:00","og_image":[{"width":498,"height":500,"url":"https:\/\/m.media-amazon.com\/images\/I\/51+94IUpvyL._SL500_.jpg","type":"image\/jpeg"}],"twitter_card":"summary_large_image","twitter_misc":{"Gesch\u00e4tzte Lesezeit":"1\u00a0Minute"},"schema":{"@context":"https:\/\/schema.org","@graph":[{"@type":"WebPage","@id":"https:\/\/marktxxl.de\/markt\/produkt\/hiipoo-sublimationstinte-fuer-ecotank-supertank-inkjet-drucker-et-2720-et-2760-et-2800-et-2803-et-2830-et-3760-et-4700-et-7710-et-7720-et-15000-heat-press-transfer-auf-t-shirt-tasse-maske\/","url":"https:\/\/marktxxl.de\/markt\/produkt\/hiipoo-sublimationstinte-fuer-ecotank-supertank-inkjet-drucker-et-2720-et-2760-et-2800-et-2803-et-2830-et-3760-et-4700-et-7710-et-7720-et-15000-heat-press-transfer-auf-t-shirt-tasse-maske\/","name":"Hiipoo Sublimationstinte f\u00fcr EcoTank Supertank Inkjet Drucker ET-2720 ET-2760 ET-2800 ET-2803 ET-2830 ET-3760 ET-4700 ET\u2026 - Markt-XXL","isPartOf":{"@id":"https:\/\/marktxxl.de\/markt\/#website"},"primaryImageOfPage":{"@id":"https:\/\/marktxxl.de\/markt\/produkt\/hiipoo-sublimationstinte-fuer-ecotank-supertank-inkjet-drucker-et-2720-et-2760-et-2800-et-2803-et-2830-et-3760-et-4700-et-7710-et-7720-et-15000-heat-press-transfer-auf-t-shirt-tasse-maske\/#primaryimage"},"image":{"@id":"https:\/\/marktxxl.de\/markt\/produkt\/hiipoo-sublimationstinte-fuer-ecotank-supertank-inkjet-drucker-et-2720-et-2760-et-2800-et-2803-et-2830-et-3760-et-4700-et-7710-et-7720-et-15000-heat-press-transfer-auf-t-shirt-tasse-maske\/#primaryimage"},"thumbnailUrl":"https:\/\/m.media-amazon.com\/images\/I\/51+94IUpvyL._SL500_.jpg","datePublished":"2023-01-10T04:31:31+00:00","dateModified":"2023-04-09T02:55:45+00:00","description":"Markt-XXL Hiipoo Sublimationstinte f\u00fcr EcoTank Supertank Inkjet Drucker ET-2720 ET-2760 ET-2800 ET-2803 ET-2830 ET-3760 ET-4700 ET\u2026","breadcrumb":{"@id":"https:\/\/marktxxl.de\/markt\/produkt\/hiipoo-sublimationstinte-fuer-ecotank-supertank-inkjet-drucker-et-2720-et-2760-et-2800-et-2803-et-2830-et-3760-et-4700-et-7710-et-7720-et-15000-heat-press-transfer-auf-t-shirt-tasse-maske\/#breadcrumb"},"inLanguage":"de","potentialAction":[{"@type":"ReadAction","target":["https:\/\/marktxxl.de\/markt\/produkt\/hiipoo-sublimationstinte-fuer-ecotank-supertank-inkjet-drucker-et-2720-et-2760-et-2800-et-2803-et-2830-et-3760-et-4700-et-7710-et-7720-et-15000-heat-press-transfer-auf-t-shirt-tasse-maske\/"]}]},{"@type":"ImageObject","inLanguage":"de","@id":"https:\/\/marktxxl.de\/markt\/produkt\/hiipoo-sublimationstinte-fuer-ecotank-supertank-inkjet-drucker-et-2720-et-2760-et-2800-et-2803-et-2830-et-3760-et-4700-et-7710-et-7720-et-15000-heat-press-transfer-auf-t-shirt-tasse-maske\/#primaryimage","url":"https:\/\/m.media-amazon.com\/images\/I\/51+94IUpvyL._SL500_.jpg","contentUrl":"https:\/\/m.media-amazon.com\/images\/I\/51+94IUpvyL._SL500_.jpg","width":498,"height":500},{"@type":"BreadcrumbList","@id":"https:\/\/marktxxl.de\/markt\/produkt\/hiipoo-sublimationstinte-fuer-ecotank-supertank-inkjet-drucker-et-2720-et-2760-et-2800-et-2803-et-2830-et-3760-et-4700-et-7710-et-7720-et-15000-heat-press-transfer-auf-t-shirt-tasse-maske\/#breadcrumb","itemListElement":[{"@type":"ListItem","position":1,"name":"Startseite","item":"https:\/\/marktxxl.de\/markt\/"},{"@type":"ListItem","position":2,"name":"Markt","item":"https:\/\/marktxxl.de\/markt\/"},{"@type":"ListItem","position":3,"name":"Hiipoo Sublimationstinte f\u00fcr EcoTank Supertank Inkjet Drucker ET-2720 ET-2760 ET-2800 ET-2803 ET-2830 ET-3760 ET-4700 ET\u2026"}]},{"@type":"WebSite","@id":"https:\/\/marktxxl.de\/markt\/#website","url":"https:\/\/marktxxl.de\/markt\/","name":"Markt-XXL","description":"Ihr Markt Online","publisher":{"@id":"https:\/\/marktxxl.de\/markt\/#organization"},"potentialAction":[{"@type":"SearchAction","target":{"@type":"EntryPoint","urlTemplate":"https:\/\/marktxxl.de\/markt\/?s={search_term_string}"},"query-input":{"@type":"PropertyValueSpecification","valueRequired":true,"valueName":"search_term_string"}}],"inLanguage":"de"},{"@type":"Organization","@id":"https:\/\/marktxxl.de\/markt\/#organization","name":"Markt-XXL","url":"https:\/\/marktxxl.de\/markt\/","logo":{"@type":"ImageObject","inLanguage":"de","@id":"https:\/\/marktxxl.de\/markt\/#\/schema\/logo\/image\/","url":"https:\/\/marktxxl.de\/markt\/wp-content\/uploads\/sites\/3\/2020\/12\/logo.png","contentUrl":"https:\/\/marktxxl.de\/markt\/wp-content\/uploads\/sites\/3\/2020\/12\/logo.png","width":200,"height":70,"caption":"Markt-XXL"},"image":{"@id":"https:\/\/marktxxl.de\/markt\/#\/schema\/logo\/image\/"}}]}},"_links":{"self":[{"href":"https:\/\/marktxxl.de\/markt\/wp-json\/wp\/v2\/product\/181246","targetHints":{"allow":["GET"]}}],"collection":[{"href":"https:\/\/marktxxl.de\/markt\/wp-json\/wp\/v2\/product"}],"about":[{"href":"https:\/\/marktxxl.de\/markt\/wp-json\/wp\/v2\/types\/product"}],"replies":[{"embeddable":true,"href":"https:\/\/marktxxl.de\/markt\/wp-json\/wp\/v2\/comments?post=181246"}],"wp:featuredmedia":[{"embeddable":true,"href":"https:\/\/marktxxl.de\/markt\/wp-json\/wp\/v2\/media\/181247"}],"wp:attachment":[{"href":"https:\/\/marktxxl.de\/markt\/wp-json\/wp\/v2\/media?parent=181246"}],"wp:term":[{"taxonomy":"product_brand","embeddable":true,"href":"https:\/\/marktxxl.de\/markt\/wp-json\/wp\/v2\/product_brand?post=181246"},{"taxonomy":"product_cat","embeddable":true,"href":"https:\/\/marktxxl.de\/markt\/wp-json\/wp\/v2\/product_cat?post=181246"},{"taxonomy":"product_tag","embeddable":true,"href":"https:\/\/marktxxl.de\/markt\/wp-json\/wp\/v2\/product_tag?post=181246"}],"curies":[{"name":"wp","href":"https:\/\/api.w.org\/{rel}","templated":true}]}}