{"id":181117,"date":"2023-01-10T05:26:03","date_gmt":"2023-01-10T04:26:03","guid":{"rendered":"https:\/\/marktxxl.de\/markt\/produkt\/geekshare-purple-bunny-handgelenkauflagen-unterstuetzung-mauspad-set-rutschfeste-gummibasis-und-leichte-memory-foam-handgelenkauflage-perfekt-fuer-gaming-oder-home-office-arbeit\/"},"modified":"2023-04-07T04:26:14","modified_gmt":"2023-04-07T02:26:14","slug":"geekshare-purple-bunny-handgelenkauflagen-unterstuetzung-mauspad-set-rutschfeste-gummibasis-und-leichte-memory-foam-handgelenkauflage-perfekt-fuer-gaming-oder-home-office-arbeit","status":"publish","type":"product","link":"https:\/\/marktxxl.de\/markt\/produkt\/geekshare-purple-bunny-handgelenkauflagen-unterstuetzung-mauspad-set-rutschfeste-gummibasis-und-leichte-memory-foam-handgelenkauflage-perfekt-fuer-gaming-oder-home-office-arbeit\/","title":{"rendered":"GeekShare Purple Bunny Handgelenkauflagen-Unterst\u00fctzung Mauspad-Set &#8211; rutschfeste Gummibasis und leichte Memory-Foam\u2026"},"content":{"rendered":"<p>\u3010S\u00fc\u00dfes Design\u3011 Dieses gro\u00dfe Magic Bunny Mauspad und Handballenauflage-Set ist sehr s\u00fc\u00df. Der Musterdruck ist klar, die Farbe ist hell. Sie k\u00f6nnen es f\u00fcr eine lange Zeit mit Zuversicht verwenden.<br \/>\n\u3010Gro\u00dfe Gr\u00f6\u00dfe\u3011 Das Mauspad ist 31,5 &#8220;x 17,3&#8221; (800 mm x 440 mm) und die Handgelenkauflage ist 17,2 &#8220;x 2,9&#8221; (438 mm x 75 mm) gro\u00df. Die vergr\u00f6\u00dferte Gr\u00f6\u00dfe bietet Ihnen mehr Komfort und Schutz.<br \/>\n\u3010Hohe Qualit\u00e4t\u3011 Dieses Mauspad besteht aus hochwertigem Stoff, ist sehr weich und verformt sich nicht leicht. Die Kanten dieses Mauspads sind alle gen\u00e4ht, die nicht so leicht ausfransen.<br \/>\n\u3010Paket beinhaltet\u30111 x Mauspad + 1 x Handgelenkauflage. Die Kombination der Produkte erspart Ihnen viel Zeit mit der Suche nach passenden Produkten.<br \/>\n\u3010Qualit\u00e4t\/Garantie\u3011Wenn Sie Probleme (Sch\u00e4den, Kratzer, Schmutz usw.) feststellen, k\u00f6nnen Sie sich gerne an uns wenden. Unser Shop strebt immer nach Kundenzufriedenheit und gibt immer unser Bestes, um die Kundenbed\u00fcrfnisse mit besserer Qualit\u00e4t zu erf\u00fcllen.<br \/>\n<div class=\"main-cross-sell\" data-asin=\"B09J4X5T7G\">\n\n\t<div class=\"WooZone-cross-sell-loader\">\n\t\t<div>\n\t\t\t<div id=\"floatingBarsG\">\n\t\t\t\t<div class=\"blockG\" id=\"rotateG_01\"><\/div>\n\t\t\t\t<div class=\"blockG\" id=\"rotateG_02\"><\/div>\n\t\t\t\t<div class=\"blockG\" id=\"rotateG_03\"><\/div>\n\t\t\t\t<div class=\"blockG\" id=\"rotateG_04\"><\/div>\n\t\t\t\t<div class=\"blockG\" id=\"rotateG_05\"><\/div>\n\t\t\t\t<div class=\"blockG\" id=\"rotateG_06\"><\/div>\n\t\t\t\t<div class=\"blockG\" id=\"rotateG_07\"><\/div>\n\t\t\t\t<div class=\"blockG\" id=\"rotateG_08\"><\/div>\n\t\t\t<\/div>\n\t\t\t<div class=\"WooZone-cross-sell-loader-text\"><\/div>\n\t\t<\/div>\n\t<\/div>\n\n\t\t\n<\/div>\n<div style=\"clear:both;\"><\/div><\/p>\n","protected":false},"excerpt":{"rendered":"<p>\u3010S\u00fc\u00dfes Design\u3011 Dieses gro\u00dfe Magic Bunny Mauspad und Handballenauflage-Set ist sehr s\u00fc\u00df. Der Musterdruck ist klar, die Farbe ist hell. Sie k\u00f6nnen es f\u00fcr eine lange Zeit mit Zuversicht verwenden.<br \/>\n\u3010Gro\u00dfe Gr\u00f6\u00dfe\u3011 Das Mauspad ist 31,5 &#8220;x 17,3&#8221; (800 mm x 440 mm) und die Handgelenkauflage ist 17,2 &#8220;x 2,9&#8221; (438 mm x 75 mm) gro\u00df. Die vergr\u00f6\u00dferte Gr\u00f6\u00dfe bietet Ihnen mehr Komfort und Schutz.<br \/>\n\u3010Hohe Qualit\u00e4t\u3011 Dieses Mauspad besteht aus hochwertigem Stoff, ist sehr weich und verformt sich nicht leicht. Die Kanten dieses Mauspads sind alle gen\u00e4ht, die nicht so leicht ausfransen.<\/p>\n","protected":false},"featured_media":181118,"comment_status":"open","ping_status":"closed","template":"","meta":[],"product_brand":[],"product_cat":[504],"product_tag":[],"class_list":{"0":"post-181117","1":"product","2":"type-product","3":"status-publish","4":"has-post-thumbnail","6":"product_cat-buerobedarf-schreibwaren","7":"pa_brand-geekshare","8":"pa_color-lila","9":"pa_height-4-0157480274-zoll","10":"pa_length-19-4881889565-zoll","11":"pa_manufacturer-geekshare","12":"pa_size-l","13":"pa_weight-1-8959754532-pfund","14":"pa_width-4-9999999949-zoll","16":"first","17":"instock","18":"shipping-taxable","19":"purchasable","20":"product-type-simple","21":"customify-col","22":"product-has-gallery"},"yoast_head":"<!-- This site is optimized with the Yoast SEO plugin v27.3 - https:\/\/yoast.com\/product\/yoast-seo-wordpress\/ -->\n<title>GeekShare Purple Bunny Handgelenkauflagen-Unterst\u00fctzung Mauspad-Set - rutschfeste Gummibasis und leichte Memory-Foam\u2026 - Markt-XXL<\/title>\n<meta name=\"description\" content=\"Markt-XXL GeekShare Purple Bunny Handgelenkauflagen-Unterst\u00fctzung Mauspad-Set - rutschfeste Gummibasis und leichte Memory-Foam\u2026\" \/>\n<meta name=\"robots\" content=\"index, follow, max-snippet:-1, max-image-preview:large, max-video-preview:-1\" \/>\n<link rel=\"canonical\" href=\"https:\/\/marktxxl.de\/markt\/produkt\/geekshare-purple-bunny-handgelenkauflagen-unterstuetzung-mauspad-set-rutschfeste-gummibasis-und-leichte-memory-foam-handgelenkauflage-perfekt-fuer-gaming-oder-home-office-arbeit\/\" \/>\n<meta property=\"og:locale\" content=\"de_DE\" \/>\n<meta property=\"og:type\" content=\"article\" \/>\n<meta property=\"og:title\" content=\"GeekShare Purple Bunny Handgelenkauflagen-Unterst\u00fctzung Mauspad-Set - rutschfeste Gummibasis und leichte Memory-Foam\u2026 - Markt-XXL\" \/>\n<meta property=\"og:description\" content=\"Markt-XXL GeekShare Purple Bunny Handgelenkauflagen-Unterst\u00fctzung Mauspad-Set - rutschfeste Gummibasis und leichte Memory-Foam\u2026\" \/>\n<meta property=\"og:url\" content=\"https:\/\/marktxxl.de\/markt\/produkt\/geekshare-purple-bunny-handgelenkauflagen-unterstuetzung-mauspad-set-rutschfeste-gummibasis-und-leichte-memory-foam-handgelenkauflage-perfekt-fuer-gaming-oder-home-office-arbeit\/\" \/>\n<meta property=\"og:site_name\" content=\"Markt-XXL\" \/>\n<meta property=\"article:modified_time\" content=\"2023-04-07T02:26:14+00:00\" \/>\n<meta property=\"og:image\" content=\"https:\/\/m.media-amazon.com\/images\/I\/518R07magpL._SL500_.jpg\" \/>\n\t<meta property=\"og:image:width\" content=\"500\" \/>\n\t<meta property=\"og:image:height\" content=\"357\" \/>\n\t<meta property=\"og:image:type\" content=\"image\/jpeg\" \/>\n<meta name=\"twitter:card\" content=\"summary_large_image\" \/>\n<meta name=\"twitter:label1\" content=\"Gesch\u00e4tzte Lesezeit\" \/>\n\t<meta name=\"twitter:data1\" content=\"1\u00a0Minute\" \/>\n<script type=\"application\/ld+json\" class=\"yoast-schema-graph\">{\"@context\":\"https:\\\/\\\/schema.org\",\"@graph\":[{\"@type\":\"WebPage\",\"@id\":\"https:\\\/\\\/marktxxl.de\\\/markt\\\/produkt\\\/geekshare-purple-bunny-handgelenkauflagen-unterstuetzung-mauspad-set-rutschfeste-gummibasis-und-leichte-memory-foam-handgelenkauflage-perfekt-fuer-gaming-oder-home-office-arbeit\\\/\",\"url\":\"https:\\\/\\\/marktxxl.de\\\/markt\\\/produkt\\\/geekshare-purple-bunny-handgelenkauflagen-unterstuetzung-mauspad-set-rutschfeste-gummibasis-und-leichte-memory-foam-handgelenkauflage-perfekt-fuer-gaming-oder-home-office-arbeit\\\/\",\"name\":\"GeekShare Purple Bunny Handgelenkauflagen-Unterst\u00fctzung Mauspad-Set - rutschfeste Gummibasis und leichte Memory-Foam\u2026 - Markt-XXL\",\"isPartOf\":{\"@id\":\"https:\\\/\\\/marktxxl.de\\\/markt\\\/#website\"},\"primaryImageOfPage\":{\"@id\":\"https:\\\/\\\/marktxxl.de\\\/markt\\\/produkt\\\/geekshare-purple-bunny-handgelenkauflagen-unterstuetzung-mauspad-set-rutschfeste-gummibasis-und-leichte-memory-foam-handgelenkauflage-perfekt-fuer-gaming-oder-home-office-arbeit\\\/#primaryimage\"},\"image\":{\"@id\":\"https:\\\/\\\/marktxxl.de\\\/markt\\\/produkt\\\/geekshare-purple-bunny-handgelenkauflagen-unterstuetzung-mauspad-set-rutschfeste-gummibasis-und-leichte-memory-foam-handgelenkauflage-perfekt-fuer-gaming-oder-home-office-arbeit\\\/#primaryimage\"},\"thumbnailUrl\":\"https:\\\/\\\/m.media-amazon.com\\\/images\\\/I\\\/518R07magpL._SL500_.jpg\",\"datePublished\":\"2023-01-10T04:26:03+00:00\",\"dateModified\":\"2023-04-07T02:26:14+00:00\",\"description\":\"Markt-XXL GeekShare Purple Bunny Handgelenkauflagen-Unterst\u00fctzung Mauspad-Set - rutschfeste Gummibasis und leichte Memory-Foam\u2026\",\"breadcrumb\":{\"@id\":\"https:\\\/\\\/marktxxl.de\\\/markt\\\/produkt\\\/geekshare-purple-bunny-handgelenkauflagen-unterstuetzung-mauspad-set-rutschfeste-gummibasis-und-leichte-memory-foam-handgelenkauflage-perfekt-fuer-gaming-oder-home-office-arbeit\\\/#breadcrumb\"},\"inLanguage\":\"de\",\"potentialAction\":[{\"@type\":\"ReadAction\",\"target\":[\"https:\\\/\\\/marktxxl.de\\\/markt\\\/produkt\\\/geekshare-purple-bunny-handgelenkauflagen-unterstuetzung-mauspad-set-rutschfeste-gummibasis-und-leichte-memory-foam-handgelenkauflage-perfekt-fuer-gaming-oder-home-office-arbeit\\\/\"]}]},{\"@type\":\"ImageObject\",\"inLanguage\":\"de\",\"@id\":\"https:\\\/\\\/marktxxl.de\\\/markt\\\/produkt\\\/geekshare-purple-bunny-handgelenkauflagen-unterstuetzung-mauspad-set-rutschfeste-gummibasis-und-leichte-memory-foam-handgelenkauflage-perfekt-fuer-gaming-oder-home-office-arbeit\\\/#primaryimage\",\"url\":\"https:\\\/\\\/m.media-amazon.com\\\/images\\\/I\\\/518R07magpL._SL500_.jpg\",\"contentUrl\":\"https:\\\/\\\/m.media-amazon.com\\\/images\\\/I\\\/518R07magpL._SL500_.jpg\",\"width\":500,\"height\":357},{\"@type\":\"BreadcrumbList\",\"@id\":\"https:\\\/\\\/marktxxl.de\\\/markt\\\/produkt\\\/geekshare-purple-bunny-handgelenkauflagen-unterstuetzung-mauspad-set-rutschfeste-gummibasis-und-leichte-memory-foam-handgelenkauflage-perfekt-fuer-gaming-oder-home-office-arbeit\\\/#breadcrumb\",\"itemListElement\":[{\"@type\":\"ListItem\",\"position\":1,\"name\":\"Startseite\",\"item\":\"https:\\\/\\\/marktxxl.de\\\/markt\\\/\"},{\"@type\":\"ListItem\",\"position\":2,\"name\":\"Markt\",\"item\":\"https:\\\/\\\/marktxxl.de\\\/markt\\\/\"},{\"@type\":\"ListItem\",\"position\":3,\"name\":\"GeekShare Purple Bunny Handgelenkauflagen-Unterst\u00fctzung Mauspad-Set &#8211; rutschfeste Gummibasis und leichte Memory-Foam\u2026\"}]},{\"@type\":\"WebSite\",\"@id\":\"https:\\\/\\\/marktxxl.de\\\/markt\\\/#website\",\"url\":\"https:\\\/\\\/marktxxl.de\\\/markt\\\/\",\"name\":\"Markt-XXL\",\"description\":\"Ihr Markt Online\",\"publisher\":{\"@id\":\"https:\\\/\\\/marktxxl.de\\\/markt\\\/#organization\"},\"potentialAction\":[{\"@type\":\"SearchAction\",\"target\":{\"@type\":\"EntryPoint\",\"urlTemplate\":\"https:\\\/\\\/marktxxl.de\\\/markt\\\/?s={search_term_string}\"},\"query-input\":{\"@type\":\"PropertyValueSpecification\",\"valueRequired\":true,\"valueName\":\"search_term_string\"}}],\"inLanguage\":\"de\"},{\"@type\":\"Organization\",\"@id\":\"https:\\\/\\\/marktxxl.de\\\/markt\\\/#organization\",\"name\":\"Markt-XXL\",\"url\":\"https:\\\/\\\/marktxxl.de\\\/markt\\\/\",\"logo\":{\"@type\":\"ImageObject\",\"inLanguage\":\"de\",\"@id\":\"https:\\\/\\\/marktxxl.de\\\/markt\\\/#\\\/schema\\\/logo\\\/image\\\/\",\"url\":\"https:\\\/\\\/marktxxl.de\\\/markt\\\/wp-content\\\/uploads\\\/sites\\\/3\\\/2020\\\/12\\\/logo.png\",\"contentUrl\":\"https:\\\/\\\/marktxxl.de\\\/markt\\\/wp-content\\\/uploads\\\/sites\\\/3\\\/2020\\\/12\\\/logo.png\",\"width\":200,\"height\":70,\"caption\":\"Markt-XXL\"},\"image\":{\"@id\":\"https:\\\/\\\/marktxxl.de\\\/markt\\\/#\\\/schema\\\/logo\\\/image\\\/\"}}]}<\/script>\n<!-- \/ Yoast SEO plugin. -->","yoast_head_json":{"title":"GeekShare Purple Bunny Handgelenkauflagen-Unterst\u00fctzung Mauspad-Set - rutschfeste Gummibasis und leichte Memory-Foam\u2026 - Markt-XXL","description":"Markt-XXL GeekShare Purple Bunny Handgelenkauflagen-Unterst\u00fctzung Mauspad-Set - rutschfeste Gummibasis und leichte Memory-Foam\u2026","robots":{"index":"index","follow":"follow","max-snippet":"max-snippet:-1","max-image-preview":"max-image-preview:large","max-video-preview":"max-video-preview:-1"},"canonical":"https:\/\/marktxxl.de\/markt\/produkt\/geekshare-purple-bunny-handgelenkauflagen-unterstuetzung-mauspad-set-rutschfeste-gummibasis-und-leichte-memory-foam-handgelenkauflage-perfekt-fuer-gaming-oder-home-office-arbeit\/","og_locale":"de_DE","og_type":"article","og_title":"GeekShare Purple Bunny Handgelenkauflagen-Unterst\u00fctzung Mauspad-Set - rutschfeste Gummibasis und leichte Memory-Foam\u2026 - Markt-XXL","og_description":"Markt-XXL GeekShare Purple Bunny Handgelenkauflagen-Unterst\u00fctzung Mauspad-Set - rutschfeste Gummibasis und leichte Memory-Foam\u2026","og_url":"https:\/\/marktxxl.de\/markt\/produkt\/geekshare-purple-bunny-handgelenkauflagen-unterstuetzung-mauspad-set-rutschfeste-gummibasis-und-leichte-memory-foam-handgelenkauflage-perfekt-fuer-gaming-oder-home-office-arbeit\/","og_site_name":"Markt-XXL","article_modified_time":"2023-04-07T02:26:14+00:00","og_image":[{"width":500,"height":357,"url":"https:\/\/m.media-amazon.com\/images\/I\/518R07magpL._SL500_.jpg","type":"image\/jpeg"}],"twitter_card":"summary_large_image","twitter_misc":{"Gesch\u00e4tzte Lesezeit":"1\u00a0Minute"},"schema":{"@context":"https:\/\/schema.org","@graph":[{"@type":"WebPage","@id":"https:\/\/marktxxl.de\/markt\/produkt\/geekshare-purple-bunny-handgelenkauflagen-unterstuetzung-mauspad-set-rutschfeste-gummibasis-und-leichte-memory-foam-handgelenkauflage-perfekt-fuer-gaming-oder-home-office-arbeit\/","url":"https:\/\/marktxxl.de\/markt\/produkt\/geekshare-purple-bunny-handgelenkauflagen-unterstuetzung-mauspad-set-rutschfeste-gummibasis-und-leichte-memory-foam-handgelenkauflage-perfekt-fuer-gaming-oder-home-office-arbeit\/","name":"GeekShare Purple Bunny Handgelenkauflagen-Unterst\u00fctzung Mauspad-Set - rutschfeste Gummibasis und leichte Memory-Foam\u2026 - Markt-XXL","isPartOf":{"@id":"https:\/\/marktxxl.de\/markt\/#website"},"primaryImageOfPage":{"@id":"https:\/\/marktxxl.de\/markt\/produkt\/geekshare-purple-bunny-handgelenkauflagen-unterstuetzung-mauspad-set-rutschfeste-gummibasis-und-leichte-memory-foam-handgelenkauflage-perfekt-fuer-gaming-oder-home-office-arbeit\/#primaryimage"},"image":{"@id":"https:\/\/marktxxl.de\/markt\/produkt\/geekshare-purple-bunny-handgelenkauflagen-unterstuetzung-mauspad-set-rutschfeste-gummibasis-und-leichte-memory-foam-handgelenkauflage-perfekt-fuer-gaming-oder-home-office-arbeit\/#primaryimage"},"thumbnailUrl":"https:\/\/m.media-amazon.com\/images\/I\/518R07magpL._SL500_.jpg","datePublished":"2023-01-10T04:26:03+00:00","dateModified":"2023-04-07T02:26:14+00:00","description":"Markt-XXL GeekShare Purple Bunny Handgelenkauflagen-Unterst\u00fctzung Mauspad-Set - rutschfeste Gummibasis und leichte Memory-Foam\u2026","breadcrumb":{"@id":"https:\/\/marktxxl.de\/markt\/produkt\/geekshare-purple-bunny-handgelenkauflagen-unterstuetzung-mauspad-set-rutschfeste-gummibasis-und-leichte-memory-foam-handgelenkauflage-perfekt-fuer-gaming-oder-home-office-arbeit\/#breadcrumb"},"inLanguage":"de","potentialAction":[{"@type":"ReadAction","target":["https:\/\/marktxxl.de\/markt\/produkt\/geekshare-purple-bunny-handgelenkauflagen-unterstuetzung-mauspad-set-rutschfeste-gummibasis-und-leichte-memory-foam-handgelenkauflage-perfekt-fuer-gaming-oder-home-office-arbeit\/"]}]},{"@type":"ImageObject","inLanguage":"de","@id":"https:\/\/marktxxl.de\/markt\/produkt\/geekshare-purple-bunny-handgelenkauflagen-unterstuetzung-mauspad-set-rutschfeste-gummibasis-und-leichte-memory-foam-handgelenkauflage-perfekt-fuer-gaming-oder-home-office-arbeit\/#primaryimage","url":"https:\/\/m.media-amazon.com\/images\/I\/518R07magpL._SL500_.jpg","contentUrl":"https:\/\/m.media-amazon.com\/images\/I\/518R07magpL._SL500_.jpg","width":500,"height":357},{"@type":"BreadcrumbList","@id":"https:\/\/marktxxl.de\/markt\/produkt\/geekshare-purple-bunny-handgelenkauflagen-unterstuetzung-mauspad-set-rutschfeste-gummibasis-und-leichte-memory-foam-handgelenkauflage-perfekt-fuer-gaming-oder-home-office-arbeit\/#breadcrumb","itemListElement":[{"@type":"ListItem","position":1,"name":"Startseite","item":"https:\/\/marktxxl.de\/markt\/"},{"@type":"ListItem","position":2,"name":"Markt","item":"https:\/\/marktxxl.de\/markt\/"},{"@type":"ListItem","position":3,"name":"GeekShare Purple Bunny Handgelenkauflagen-Unterst\u00fctzung Mauspad-Set &#8211; rutschfeste Gummibasis und leichte Memory-Foam\u2026"}]},{"@type":"WebSite","@id":"https:\/\/marktxxl.de\/markt\/#website","url":"https:\/\/marktxxl.de\/markt\/","name":"Markt-XXL","description":"Ihr Markt Online","publisher":{"@id":"https:\/\/marktxxl.de\/markt\/#organization"},"potentialAction":[{"@type":"SearchAction","target":{"@type":"EntryPoint","urlTemplate":"https:\/\/marktxxl.de\/markt\/?s={search_term_string}"},"query-input":{"@type":"PropertyValueSpecification","valueRequired":true,"valueName":"search_term_string"}}],"inLanguage":"de"},{"@type":"Organization","@id":"https:\/\/marktxxl.de\/markt\/#organization","name":"Markt-XXL","url":"https:\/\/marktxxl.de\/markt\/","logo":{"@type":"ImageObject","inLanguage":"de","@id":"https:\/\/marktxxl.de\/markt\/#\/schema\/logo\/image\/","url":"https:\/\/marktxxl.de\/markt\/wp-content\/uploads\/sites\/3\/2020\/12\/logo.png","contentUrl":"https:\/\/marktxxl.de\/markt\/wp-content\/uploads\/sites\/3\/2020\/12\/logo.png","width":200,"height":70,"caption":"Markt-XXL"},"image":{"@id":"https:\/\/marktxxl.de\/markt\/#\/schema\/logo\/image\/"}}]}},"_links":{"self":[{"href":"https:\/\/marktxxl.de\/markt\/wp-json\/wp\/v2\/product\/181117","targetHints":{"allow":["GET"]}}],"collection":[{"href":"https:\/\/marktxxl.de\/markt\/wp-json\/wp\/v2\/product"}],"about":[{"href":"https:\/\/marktxxl.de\/markt\/wp-json\/wp\/v2\/types\/product"}],"replies":[{"embeddable":true,"href":"https:\/\/marktxxl.de\/markt\/wp-json\/wp\/v2\/comments?post=181117"}],"wp:featuredmedia":[{"embeddable":true,"href":"https:\/\/marktxxl.de\/markt\/wp-json\/wp\/v2\/media\/181118"}],"wp:attachment":[{"href":"https:\/\/marktxxl.de\/markt\/wp-json\/wp\/v2\/media?parent=181117"}],"wp:term":[{"taxonomy":"product_brand","embeddable":true,"href":"https:\/\/marktxxl.de\/markt\/wp-json\/wp\/v2\/product_brand?post=181117"},{"taxonomy":"product_cat","embeddable":true,"href":"https:\/\/marktxxl.de\/markt\/wp-json\/wp\/v2\/product_cat?post=181117"},{"taxonomy":"product_tag","embeddable":true,"href":"https:\/\/marktxxl.de\/markt\/wp-json\/wp\/v2\/product_tag?post=181117"}],"curies":[{"name":"wp","href":"https:\/\/api.w.org\/{rel}","templated":true}]}}