{"id":181092,"date":"2023-01-10T05:25:14","date_gmt":"2023-01-10T04:25:14","guid":{"rendered":"https:\/\/marktxxl.de\/markt\/produkt\/wrendale-designs-by-hannah-dale-terminplaner-2023-schreibwaren-geschenke-hunde-organizer-planer\/"},"modified":"2023-04-08T04:40:19","modified_gmt":"2023-04-08T02:40:19","slug":"wrendale-designs-by-hannah-dale-terminplaner-2023-schreibwaren-geschenke-hunde-organizer-planer","status":"publish","type":"product","link":"https:\/\/marktxxl.de\/markt\/produkt\/wrendale-designs-by-hannah-dale-terminplaner-2023-schreibwaren-geschenke-hunde-organizer-planer\/","title":{"rendered":"Wrendale Designs by Hannah Dale &#8211; Terminplaner 2023 \u2013 Schreibwaren-Geschenke \u2013 Hunde-Organizer-Planer"},"content":{"rendered":"<p>Wrendale Tagebuch 2023: Gef\u00fcllt mit sch\u00f6nen Illustrationen von der preisgekr\u00f6nten K\u00fcnstlerin Hannah Dale, ist unser neues Tagebuch 2023 der perfekte Ort, um Ihnen zu helfen, organisieren und voraus zu planen<br \/>\nGeburtstage und Jubil\u00e4en: Vergessen Sie nie wieder einen Geburtstag oder Jahrestag mit unserem Planer 2023. Jede Seite bietet Platz f\u00fcr alle wichtigen Termine, die Sie nicht verpassen wollen, mit Platz f\u00fcr Pl\u00e4ne, Notizen und Listen<br \/>\nMonatsplaner: Jeder neue Monat beginnt mit einer Seite, die Ihnen hilft, Ihre Ziele zu planen und voraus zu denken. Mit Abschnitten wie Diesen Monat I will, Projekte zu starten, Projekte zum Fertigstellen, etwas Neues zu probieren und Selbstpflege<br \/>\nHohe Qualit\u00e4t: Bei Wrendale steht Qualit\u00e4t im Mittelpunkt. Wir haben eine hochwertige, strukturierte \u00e4u\u00dfere Abdeckung zum Schutz Ihres Terminplaners ausgew\u00e4hlt, und ein praktisches Leseb\u00e4ndchen zum Markieren Ihrer Seite hinzugef\u00fcgt<br \/>\nGeschenkidee: Sie suchen das perfekte Geschenk f\u00fcr einen geliebten Menschen? Wrendale Designs bietet f\u00fcr jeden etwas an, von Schreibwaren \u00fcber Kleidung, Pl\u00fcschtiere bis hin zu Haus und Garten. Unsere Kollektion ist wunderbar illustriert von Hannah Dale und ist voller Sammlerst\u00fccke<br \/>\n<div class=\"main-cross-sell\" data-asin=\"B09QPHJYX4\">\n\n\t<div class=\"WooZone-cross-sell-loader\">\n\t\t<div>\n\t\t\t<div id=\"floatingBarsG\">\n\t\t\t\t<div class=\"blockG\" id=\"rotateG_01\"><\/div>\n\t\t\t\t<div class=\"blockG\" id=\"rotateG_02\"><\/div>\n\t\t\t\t<div class=\"blockG\" id=\"rotateG_03\"><\/div>\n\t\t\t\t<div class=\"blockG\" id=\"rotateG_04\"><\/div>\n\t\t\t\t<div class=\"blockG\" id=\"rotateG_05\"><\/div>\n\t\t\t\t<div class=\"blockG\" id=\"rotateG_06\"><\/div>\n\t\t\t\t<div class=\"blockG\" id=\"rotateG_07\"><\/div>\n\t\t\t\t<div class=\"blockG\" id=\"rotateG_08\"><\/div>\n\t\t\t<\/div>\n\t\t\t<div class=\"WooZone-cross-sell-loader-text\"><\/div>\n\t\t<\/div>\n\t<\/div>\n\n\t\t\n<\/div>\n<div style=\"clear:both;\"><\/div><\/p>\n","protected":false},"excerpt":{"rendered":"<p>Wrendale Tagebuch 2023: Gef\u00fcllt mit sch\u00f6nen Illustrationen von der preisgekr\u00f6nten K\u00fcnstlerin Hannah Dale, ist unser neues Tagebuch 2023 der perfekte Ort, um Ihnen zu helfen, organisieren und voraus zu planen<br \/>\nGeburtstage und Jubil\u00e4en: Vergessen Sie nie wieder einen Geburtstag oder Jahrestag mit unserem Planer 2023. Jede Seite bietet Platz f\u00fcr alle wichtigen Termine, die Sie nicht verpassen wollen, mit Platz f\u00fcr Pl\u00e4ne, Notizen und Listen<br \/>\nMonatsplaner: Jeder neue Monat beginnt mit einer Seite, die Ihnen hilft, Ihre Ziele zu planen und voraus zu denken. Mit Abschnitten wie Diesen Monat I will, Projekte zu starten, Projekte zum Fertigstellen, etwas Neues zu probieren und Selbstpflege<\/p>\n","protected":false},"featured_media":181093,"comment_status":"open","ping_status":"closed","template":"","meta":[],"product_brand":[],"product_cat":[504],"product_tag":[],"class_list":{"0":"post-181092","1":"product","2":"type-product","3":"status-publish","4":"has-post-thumbnail","6":"product_cat-buerobedarf-schreibwaren","7":"pa_brand-wrendale-designs-by-hannah-dale","8":"pa_length-218-millimeter","9":"pa_manufacturer-wrendale-designs","10":"pa_weight-1-433004703-pfund","12":"first","13":"instock","14":"shipping-taxable","15":"purchasable","16":"product-type-simple","17":"customify-col","18":"product-has-gallery"},"yoast_head":"<!-- This site is optimized with the Yoast SEO plugin v27.3 - https:\/\/yoast.com\/product\/yoast-seo-wordpress\/ -->\n<title>Wrendale Designs by Hannah Dale - Terminplaner 2023 \u2013 Schreibwaren-Geschenke \u2013 Hunde-Organizer-Planer - Markt-XXL<\/title>\n<meta name=\"description\" content=\"Markt-XXL Wrendale Designs by Hannah Dale - Terminplaner 2023 \u2013 Schreibwaren-Geschenke \u2013 Hunde-Organizer-Planer\" \/>\n<meta name=\"robots\" content=\"index, follow, max-snippet:-1, max-image-preview:large, max-video-preview:-1\" \/>\n<link rel=\"canonical\" href=\"https:\/\/marktxxl.de\/markt\/produkt\/wrendale-designs-by-hannah-dale-terminplaner-2023-schreibwaren-geschenke-hunde-organizer-planer\/\" \/>\n<meta property=\"og:locale\" content=\"de_DE\" \/>\n<meta property=\"og:type\" content=\"article\" \/>\n<meta property=\"og:title\" content=\"Wrendale Designs by Hannah Dale - Terminplaner 2023 \u2013 Schreibwaren-Geschenke \u2013 Hunde-Organizer-Planer - Markt-XXL\" \/>\n<meta property=\"og:description\" content=\"Markt-XXL Wrendale Designs by Hannah Dale - Terminplaner 2023 \u2013 Schreibwaren-Geschenke \u2013 Hunde-Organizer-Planer\" \/>\n<meta property=\"og:url\" content=\"https:\/\/marktxxl.de\/markt\/produkt\/wrendale-designs-by-hannah-dale-terminplaner-2023-schreibwaren-geschenke-hunde-organizer-planer\/\" \/>\n<meta property=\"og:site_name\" content=\"Markt-XXL\" \/>\n<meta property=\"article:modified_time\" content=\"2023-04-08T02:40:19+00:00\" \/>\n<meta property=\"og:image\" content=\"https:\/\/m.media-amazon.com\/images\/I\/51gSRdsfuKL._SL500_.jpg\" \/>\n\t<meta property=\"og:image:width\" content=\"500\" \/>\n\t<meta property=\"og:image:height\" content=\"500\" \/>\n\t<meta property=\"og:image:type\" content=\"image\/jpeg\" \/>\n<meta name=\"twitter:card\" content=\"summary_large_image\" \/>\n<meta name=\"twitter:label1\" content=\"Gesch\u00e4tzte Lesezeit\" \/>\n\t<meta name=\"twitter:data1\" content=\"1\u00a0Minute\" \/>\n<script type=\"application\/ld+json\" class=\"yoast-schema-graph\">{\"@context\":\"https:\\\/\\\/schema.org\",\"@graph\":[{\"@type\":\"WebPage\",\"@id\":\"https:\\\/\\\/marktxxl.de\\\/markt\\\/produkt\\\/wrendale-designs-by-hannah-dale-terminplaner-2023-schreibwaren-geschenke-hunde-organizer-planer\\\/\",\"url\":\"https:\\\/\\\/marktxxl.de\\\/markt\\\/produkt\\\/wrendale-designs-by-hannah-dale-terminplaner-2023-schreibwaren-geschenke-hunde-organizer-planer\\\/\",\"name\":\"Wrendale Designs by Hannah Dale - Terminplaner 2023 \u2013 Schreibwaren-Geschenke \u2013 Hunde-Organizer-Planer - Markt-XXL\",\"isPartOf\":{\"@id\":\"https:\\\/\\\/marktxxl.de\\\/markt\\\/#website\"},\"primaryImageOfPage\":{\"@id\":\"https:\\\/\\\/marktxxl.de\\\/markt\\\/produkt\\\/wrendale-designs-by-hannah-dale-terminplaner-2023-schreibwaren-geschenke-hunde-organizer-planer\\\/#primaryimage\"},\"image\":{\"@id\":\"https:\\\/\\\/marktxxl.de\\\/markt\\\/produkt\\\/wrendale-designs-by-hannah-dale-terminplaner-2023-schreibwaren-geschenke-hunde-organizer-planer\\\/#primaryimage\"},\"thumbnailUrl\":\"https:\\\/\\\/m.media-amazon.com\\\/images\\\/I\\\/51gSRdsfuKL._SL500_.jpg\",\"datePublished\":\"2023-01-10T04:25:14+00:00\",\"dateModified\":\"2023-04-08T02:40:19+00:00\",\"description\":\"Markt-XXL Wrendale Designs by Hannah Dale - Terminplaner 2023 \u2013 Schreibwaren-Geschenke \u2013 Hunde-Organizer-Planer\",\"breadcrumb\":{\"@id\":\"https:\\\/\\\/marktxxl.de\\\/markt\\\/produkt\\\/wrendale-designs-by-hannah-dale-terminplaner-2023-schreibwaren-geschenke-hunde-organizer-planer\\\/#breadcrumb\"},\"inLanguage\":\"de\",\"potentialAction\":[{\"@type\":\"ReadAction\",\"target\":[\"https:\\\/\\\/marktxxl.de\\\/markt\\\/produkt\\\/wrendale-designs-by-hannah-dale-terminplaner-2023-schreibwaren-geschenke-hunde-organizer-planer\\\/\"]}]},{\"@type\":\"ImageObject\",\"inLanguage\":\"de\",\"@id\":\"https:\\\/\\\/marktxxl.de\\\/markt\\\/produkt\\\/wrendale-designs-by-hannah-dale-terminplaner-2023-schreibwaren-geschenke-hunde-organizer-planer\\\/#primaryimage\",\"url\":\"https:\\\/\\\/m.media-amazon.com\\\/images\\\/I\\\/51gSRdsfuKL._SL500_.jpg\",\"contentUrl\":\"https:\\\/\\\/m.media-amazon.com\\\/images\\\/I\\\/51gSRdsfuKL._SL500_.jpg\",\"width\":500,\"height\":500},{\"@type\":\"BreadcrumbList\",\"@id\":\"https:\\\/\\\/marktxxl.de\\\/markt\\\/produkt\\\/wrendale-designs-by-hannah-dale-terminplaner-2023-schreibwaren-geschenke-hunde-organizer-planer\\\/#breadcrumb\",\"itemListElement\":[{\"@type\":\"ListItem\",\"position\":1,\"name\":\"Startseite\",\"item\":\"https:\\\/\\\/marktxxl.de\\\/markt\\\/\"},{\"@type\":\"ListItem\",\"position\":2,\"name\":\"Markt\",\"item\":\"https:\\\/\\\/marktxxl.de\\\/markt\\\/\"},{\"@type\":\"ListItem\",\"position\":3,\"name\":\"Wrendale Designs by Hannah Dale &#8211; Terminplaner 2023 \u2013 Schreibwaren-Geschenke \u2013 Hunde-Organizer-Planer\"}]},{\"@type\":\"WebSite\",\"@id\":\"https:\\\/\\\/marktxxl.de\\\/markt\\\/#website\",\"url\":\"https:\\\/\\\/marktxxl.de\\\/markt\\\/\",\"name\":\"Markt-XXL\",\"description\":\"Ihr Markt Online\",\"publisher\":{\"@id\":\"https:\\\/\\\/marktxxl.de\\\/markt\\\/#organization\"},\"potentialAction\":[{\"@type\":\"SearchAction\",\"target\":{\"@type\":\"EntryPoint\",\"urlTemplate\":\"https:\\\/\\\/marktxxl.de\\\/markt\\\/?s={search_term_string}\"},\"query-input\":{\"@type\":\"PropertyValueSpecification\",\"valueRequired\":true,\"valueName\":\"search_term_string\"}}],\"inLanguage\":\"de\"},{\"@type\":\"Organization\",\"@id\":\"https:\\\/\\\/marktxxl.de\\\/markt\\\/#organization\",\"name\":\"Markt-XXL\",\"url\":\"https:\\\/\\\/marktxxl.de\\\/markt\\\/\",\"logo\":{\"@type\":\"ImageObject\",\"inLanguage\":\"de\",\"@id\":\"https:\\\/\\\/marktxxl.de\\\/markt\\\/#\\\/schema\\\/logo\\\/image\\\/\",\"url\":\"https:\\\/\\\/marktxxl.de\\\/markt\\\/wp-content\\\/uploads\\\/sites\\\/3\\\/2020\\\/12\\\/logo.png\",\"contentUrl\":\"https:\\\/\\\/marktxxl.de\\\/markt\\\/wp-content\\\/uploads\\\/sites\\\/3\\\/2020\\\/12\\\/logo.png\",\"width\":200,\"height\":70,\"caption\":\"Markt-XXL\"},\"image\":{\"@id\":\"https:\\\/\\\/marktxxl.de\\\/markt\\\/#\\\/schema\\\/logo\\\/image\\\/\"}}]}<\/script>\n<!-- \/ Yoast SEO plugin. -->","yoast_head_json":{"title":"Wrendale Designs by Hannah Dale - Terminplaner 2023 \u2013 Schreibwaren-Geschenke \u2013 Hunde-Organizer-Planer - Markt-XXL","description":"Markt-XXL Wrendale Designs by Hannah Dale - Terminplaner 2023 \u2013 Schreibwaren-Geschenke \u2013 Hunde-Organizer-Planer","robots":{"index":"index","follow":"follow","max-snippet":"max-snippet:-1","max-image-preview":"max-image-preview:large","max-video-preview":"max-video-preview:-1"},"canonical":"https:\/\/marktxxl.de\/markt\/produkt\/wrendale-designs-by-hannah-dale-terminplaner-2023-schreibwaren-geschenke-hunde-organizer-planer\/","og_locale":"de_DE","og_type":"article","og_title":"Wrendale Designs by Hannah Dale - Terminplaner 2023 \u2013 Schreibwaren-Geschenke \u2013 Hunde-Organizer-Planer - Markt-XXL","og_description":"Markt-XXL Wrendale Designs by Hannah Dale - Terminplaner 2023 \u2013 Schreibwaren-Geschenke \u2013 Hunde-Organizer-Planer","og_url":"https:\/\/marktxxl.de\/markt\/produkt\/wrendale-designs-by-hannah-dale-terminplaner-2023-schreibwaren-geschenke-hunde-organizer-planer\/","og_site_name":"Markt-XXL","article_modified_time":"2023-04-08T02:40:19+00:00","og_image":[{"width":500,"height":500,"url":"https:\/\/m.media-amazon.com\/images\/I\/51gSRdsfuKL._SL500_.jpg","type":"image\/jpeg"}],"twitter_card":"summary_large_image","twitter_misc":{"Gesch\u00e4tzte Lesezeit":"1\u00a0Minute"},"schema":{"@context":"https:\/\/schema.org","@graph":[{"@type":"WebPage","@id":"https:\/\/marktxxl.de\/markt\/produkt\/wrendale-designs-by-hannah-dale-terminplaner-2023-schreibwaren-geschenke-hunde-organizer-planer\/","url":"https:\/\/marktxxl.de\/markt\/produkt\/wrendale-designs-by-hannah-dale-terminplaner-2023-schreibwaren-geschenke-hunde-organizer-planer\/","name":"Wrendale Designs by Hannah Dale - Terminplaner 2023 \u2013 Schreibwaren-Geschenke \u2013 Hunde-Organizer-Planer - Markt-XXL","isPartOf":{"@id":"https:\/\/marktxxl.de\/markt\/#website"},"primaryImageOfPage":{"@id":"https:\/\/marktxxl.de\/markt\/produkt\/wrendale-designs-by-hannah-dale-terminplaner-2023-schreibwaren-geschenke-hunde-organizer-planer\/#primaryimage"},"image":{"@id":"https:\/\/marktxxl.de\/markt\/produkt\/wrendale-designs-by-hannah-dale-terminplaner-2023-schreibwaren-geschenke-hunde-organizer-planer\/#primaryimage"},"thumbnailUrl":"https:\/\/m.media-amazon.com\/images\/I\/51gSRdsfuKL._SL500_.jpg","datePublished":"2023-01-10T04:25:14+00:00","dateModified":"2023-04-08T02:40:19+00:00","description":"Markt-XXL Wrendale Designs by Hannah Dale - Terminplaner 2023 \u2013 Schreibwaren-Geschenke \u2013 Hunde-Organizer-Planer","breadcrumb":{"@id":"https:\/\/marktxxl.de\/markt\/produkt\/wrendale-designs-by-hannah-dale-terminplaner-2023-schreibwaren-geschenke-hunde-organizer-planer\/#breadcrumb"},"inLanguage":"de","potentialAction":[{"@type":"ReadAction","target":["https:\/\/marktxxl.de\/markt\/produkt\/wrendale-designs-by-hannah-dale-terminplaner-2023-schreibwaren-geschenke-hunde-organizer-planer\/"]}]},{"@type":"ImageObject","inLanguage":"de","@id":"https:\/\/marktxxl.de\/markt\/produkt\/wrendale-designs-by-hannah-dale-terminplaner-2023-schreibwaren-geschenke-hunde-organizer-planer\/#primaryimage","url":"https:\/\/m.media-amazon.com\/images\/I\/51gSRdsfuKL._SL500_.jpg","contentUrl":"https:\/\/m.media-amazon.com\/images\/I\/51gSRdsfuKL._SL500_.jpg","width":500,"height":500},{"@type":"BreadcrumbList","@id":"https:\/\/marktxxl.de\/markt\/produkt\/wrendale-designs-by-hannah-dale-terminplaner-2023-schreibwaren-geschenke-hunde-organizer-planer\/#breadcrumb","itemListElement":[{"@type":"ListItem","position":1,"name":"Startseite","item":"https:\/\/marktxxl.de\/markt\/"},{"@type":"ListItem","position":2,"name":"Markt","item":"https:\/\/marktxxl.de\/markt\/"},{"@type":"ListItem","position":3,"name":"Wrendale Designs by Hannah Dale &#8211; Terminplaner 2023 \u2013 Schreibwaren-Geschenke \u2013 Hunde-Organizer-Planer"}]},{"@type":"WebSite","@id":"https:\/\/marktxxl.de\/markt\/#website","url":"https:\/\/marktxxl.de\/markt\/","name":"Markt-XXL","description":"Ihr Markt Online","publisher":{"@id":"https:\/\/marktxxl.de\/markt\/#organization"},"potentialAction":[{"@type":"SearchAction","target":{"@type":"EntryPoint","urlTemplate":"https:\/\/marktxxl.de\/markt\/?s={search_term_string}"},"query-input":{"@type":"PropertyValueSpecification","valueRequired":true,"valueName":"search_term_string"}}],"inLanguage":"de"},{"@type":"Organization","@id":"https:\/\/marktxxl.de\/markt\/#organization","name":"Markt-XXL","url":"https:\/\/marktxxl.de\/markt\/","logo":{"@type":"ImageObject","inLanguage":"de","@id":"https:\/\/marktxxl.de\/markt\/#\/schema\/logo\/image\/","url":"https:\/\/marktxxl.de\/markt\/wp-content\/uploads\/sites\/3\/2020\/12\/logo.png","contentUrl":"https:\/\/marktxxl.de\/markt\/wp-content\/uploads\/sites\/3\/2020\/12\/logo.png","width":200,"height":70,"caption":"Markt-XXL"},"image":{"@id":"https:\/\/marktxxl.de\/markt\/#\/schema\/logo\/image\/"}}]}},"_links":{"self":[{"href":"https:\/\/marktxxl.de\/markt\/wp-json\/wp\/v2\/product\/181092","targetHints":{"allow":["GET"]}}],"collection":[{"href":"https:\/\/marktxxl.de\/markt\/wp-json\/wp\/v2\/product"}],"about":[{"href":"https:\/\/marktxxl.de\/markt\/wp-json\/wp\/v2\/types\/product"}],"replies":[{"embeddable":true,"href":"https:\/\/marktxxl.de\/markt\/wp-json\/wp\/v2\/comments?post=181092"}],"wp:featuredmedia":[{"embeddable":true,"href":"https:\/\/marktxxl.de\/markt\/wp-json\/wp\/v2\/media\/181093"}],"wp:attachment":[{"href":"https:\/\/marktxxl.de\/markt\/wp-json\/wp\/v2\/media?parent=181092"}],"wp:term":[{"taxonomy":"product_brand","embeddable":true,"href":"https:\/\/marktxxl.de\/markt\/wp-json\/wp\/v2\/product_brand?post=181092"},{"taxonomy":"product_cat","embeddable":true,"href":"https:\/\/marktxxl.de\/markt\/wp-json\/wp\/v2\/product_cat?post=181092"},{"taxonomy":"product_tag","embeddable":true,"href":"https:\/\/marktxxl.de\/markt\/wp-json\/wp\/v2\/product_tag?post=181092"}],"curies":[{"name":"wp","href":"https:\/\/api.w.org\/{rel}","templated":true}]}}