{"id":180858,"date":"2023-01-10T05:16:10","date_gmt":"2023-01-10T04:16:10","guid":{"rendered":"https:\/\/marktxxl.de\/markt\/produkt\/globalink-eisregen-lichterkette-aussen-10m-450leds-erweiterbar-lichtervorhang-weihnachtsbeleuchtung-mit-timer-8-modi-ip44-strom-eisregen-lichterkette-innen-weihnachtsdeko-fuer-fenser-garten\/"},"modified":"2023-04-08T04:40:14","modified_gmt":"2023-04-08T02:40:14","slug":"globalink-eisregen-lichterkette-aussen-10m-450leds-erweiterbar-lichtervorhang-weihnachtsbeleuchtung-mit-timer-8-modi-ip44-strom-eisregen-lichterkette-innen-weihnachtsdeko-fuer-fenser-garten","status":"publish","type":"product","link":"https:\/\/marktxxl.de\/markt\/produkt\/globalink-eisregen-lichterkette-aussen-10m-450leds-erweiterbar-lichtervorhang-weihnachtsbeleuchtung-mit-timer-8-modi-ip44-strom-eisregen-lichterkette-innen-weihnachtsdeko-fuer-fenser-garten\/","title":{"rendered":"GlobaLink Eisregen Lichterkette Au\u00dfen 10M 450LEDs Erweiterbar Lichtervorhang Weihnachtsbeleuchtung mit Timer 8 Modi IP44\u2026"},"content":{"rendered":"<p>\u3010Erweiterbar Eisregen Lichterkette\u3011Die L\u00e4nge des Lichtnetzes: 10 Meter. Anzahl der LEDs: 450 LEDs(20PCS Halbkreisform). Die L\u00e4nge der abnehmbaren Stromleitung: 5 Meter. Ausgestattet mit End-zu-End-Verbindungen, k\u00f6nnen Sie bis zu 40M\/4 Str\u00e4nge verbinden, um einen gro\u00dfen Bereich abzudecken. Bei der Verl\u00e4ngerung des Lichtvorhangs wird nur 1 Netzger\u00e4t ben\u00f6tigt. Dank der Niederspannungsversorgung(9W) kann Ihre Familie die Lichtervorhang frei und sicher nutzen.<br \/>\n\u3010Lichtervorhang mit Timer\u3011Um die Hand zu befreien und nicht zu vergessen, die Lichtervorhang auszuschalten, 3 Sekunden lang dr\u00fccken, das gr\u00fcne Licht am Stecker leuchtet, die Timerfunktion wird aktiviert. Die Lichterkette Au\u00dfen wird automatisch f\u00fcr 6 Stunden eingeschaltet und f\u00fcr 18 Stunden ausgeschaltet. GlobaLink Lichterkettenvorhang ist CE ROHS CE EMC CE-LVD UL588 zertifiziert und IP44 getestet, geeignet f\u00fcr den Innen- und Au\u00dfenbereich.<br \/>\n\u3010Halbkreis Eisregen Lichterkette\u3011Spezielle Halbkreisform kann Ihnen helfen, mehr conveinent, um die gro\u00dfe Gelegenheit als die normalen Lichtvorhang zu schm\u00fccken. Sie eignet sich f\u00fcr dekorativere Anl\u00e4sse, z.B. f\u00fcr Gel\u00e4nder und Br\u00fcstungen. Innovative LEDs k\u00f6nnen bis zu 50.000 Stunden arbeiten.Gen\u00fcgend Helligkeit kann f\u00fcr einen romantischen Lichteffekt sorgen. Nicht nur f\u00fcr Weihnachten, sondern auch f\u00fcr Partys und Hochzeiten. Eine wunderbare Weihnachtsdeko, um die Familie in Stimmung zu bringen.<br \/>\n\u30108 verschiedene Modi mit Memoryfunktion \u3011Kombination, Wellenform, Aufeinanderfolgend, langsam Hell werdend, aufleuchtend, langsam verblassen, Funkeln, Leuchtend. Sie brauchen nur die Taste dr\u00fccken, um zwischen den Modi zu wechseln. Diese Eisregen Lichterkette Au\u00dfen verf\u00fcgt \u00fcber eine Memory-Funktion, mit der der zuletzt gew\u00e4hlte Beleuchtungsmodus gespeichert und beim n\u00e4chsten Einschalten weiter verwendet werden kann. GlobaLink weihnachtsbeleuchtung au\u00dfen bringt Ihnen eine gute Party Atmosph\u00e4re.<br \/>\n\u3010DIY Weihnachtsbeleuchtung\u3011Hergestellt aus hochwertigen Materialien und transparentem Draht, der langlebig und leicht zu formen ist. Es gibt auch 25 St\u00fcck Kabelbinder, mit denen Sie die Lichternetz \u00fcber gro\u00dfe Entfernungen halten k\u00f6nnen. Eine ideale weihnachtsdeko f\u00fcr Haus, Schlafzimmer, Fenster, Vorhang, T\u00fcr, Wand, Garten, Terrasse, Veranda, Zaun, Gehweg und Pfad. H\u00e4ngen Sie sie einfach auf und bringen Sie das helle und warme Gef\u00fchl in Ihre R\u00e4ume.<br \/>\n<div class=\"main-cross-sell\" data-asin=\"B0B49JNH6N\">\n\n\t<div class=\"WooZone-cross-sell-loader\">\n\t\t<div>\n\t\t\t<div id=\"floatingBarsG\">\n\t\t\t\t<div class=\"blockG\" id=\"rotateG_01\"><\/div>\n\t\t\t\t<div class=\"blockG\" id=\"rotateG_02\"><\/div>\n\t\t\t\t<div class=\"blockG\" id=\"rotateG_03\"><\/div>\n\t\t\t\t<div class=\"blockG\" id=\"rotateG_04\"><\/div>\n\t\t\t\t<div class=\"blockG\" id=\"rotateG_05\"><\/div>\n\t\t\t\t<div class=\"blockG\" id=\"rotateG_06\"><\/div>\n\t\t\t\t<div class=\"blockG\" id=\"rotateG_07\"><\/div>\n\t\t\t\t<div class=\"blockG\" id=\"rotateG_08\"><\/div>\n\t\t\t<\/div>\n\t\t\t<div class=\"WooZone-cross-sell-loader-text\"><\/div>\n\t\t<\/div>\n\t<\/div>\n\n\t\t\n<\/div>\n<div style=\"clear:both;\"><\/div><\/p>\n","protected":false},"excerpt":{"rendered":"<p>\u3010Erweiterbar Eisregen Lichterkette\u3011Die L\u00e4nge des Lichtnetzes: 10 Meter. Anzahl der LEDs: 450 LEDs(20PCS Halbkreisform). Die L\u00e4nge der abnehmbaren Stromleitung: 5 Meter. Ausgestattet mit End-zu-End-Verbindungen, k\u00f6nnen Sie bis zu 40M\/4 Str\u00e4nge verbinden, um einen gro\u00dfen Bereich abzudecken. Bei der Verl\u00e4ngerung des Lichtvorhangs wird nur 1 Netzger\u00e4t ben\u00f6tigt. Dank der Niederspannungsversorgung(9W) kann Ihre Familie die Lichtervorhang frei und sicher nutzen.<br \/>\n\u3010Lichtervorhang mit Timer\u3011Um die Hand zu befreien und nicht zu vergessen, die Lichtervorhang auszuschalten, 3 Sekunden lang dr\u00fccken, das gr\u00fcne Licht am Stecker leuchtet, die Timerfunktion wird aktiviert. Die Lichterkette Au\u00dfen wird automatisch f\u00fcr 6 Stunden eingeschaltet und f\u00fcr 18 Stunden ausgeschaltet. GlobaLink Lichterkettenvorhang ist CE ROHS CE EMC CE-LVD UL588 zertifiziert und IP44 getestet, geeignet f\u00fcr den Innen- und Au\u00dfenbereich.<br \/>\n\u3010Halbkreis Eisregen Lichterkette\u3011Spezielle Halbkreisform kann Ihnen helfen, mehr conveinent, um die gro\u00dfe Gelegenheit als die normalen Lichtvorhang zu schm\u00fccken. Sie eignet sich f\u00fcr dekorativere Anl\u00e4sse, z.B. f\u00fcr Gel\u00e4nder und Br\u00fcstungen. Innovative LEDs k\u00f6nnen bis zu 50.000 Stunden arbeiten.Gen\u00fcgend Helligkeit kann f\u00fcr einen romantischen Lichteffekt sorgen. Nicht nur f\u00fcr Weihnachten, sondern auch f\u00fcr Partys und Hochzeiten. Eine wunderbare Weihnachtsdeko, um die Familie in Stimmung zu bringen.<\/p>\n","protected":false},"featured_media":180859,"comment_status":"open","ping_status":"closed","template":"","meta":[],"product_brand":[],"product_cat":[2108,15624],"product_tag":[],"class_list":{"0":"post-180858","1":"product","2":"type-product","3":"status-publish","4":"has-post-thumbnail","6":"product_cat-beleuchtung","7":"product_cat-weihnachtsbeleuchtung","8":"pa_brand-globalink","9":"pa_manufacturer-globalink","10":"pa_warranty-2-jahre","12":"first","13":"instock","14":"shipping-taxable","15":"purchasable","16":"product-type-simple","17":"customify-col","18":"product-has-gallery"},"yoast_head":"<!-- This site is optimized with the Yoast SEO plugin v27.4 - https:\/\/yoast.com\/product\/yoast-seo-wordpress\/ -->\n<title>GlobaLink Eisregen Lichterkette Au\u00dfen 10M 450LEDs Erweiterbar Lichtervorhang Weihnachtsbeleuchtung mit Timer 8 Modi IP44\u2026 - Markt-XXL<\/title>\n<meta name=\"description\" content=\"Markt-XXL GlobaLink Eisregen Lichterkette Au\u00dfen 10M 450LEDs Erweiterbar Lichtervorhang Weihnachtsbeleuchtung mit Timer 8 Modi IP44\u2026\" \/>\n<meta name=\"robots\" content=\"index, follow, max-snippet:-1, max-image-preview:large, max-video-preview:-1\" \/>\n<link rel=\"canonical\" href=\"https:\/\/marktxxl.de\/markt\/produkt\/globalink-eisregen-lichterkette-aussen-10m-450leds-erweiterbar-lichtervorhang-weihnachtsbeleuchtung-mit-timer-8-modi-ip44-strom-eisregen-lichterkette-innen-weihnachtsdeko-fuer-fenser-garten\/\" \/>\n<meta property=\"og:locale\" content=\"de_DE\" \/>\n<meta property=\"og:type\" content=\"article\" \/>\n<meta property=\"og:title\" content=\"GlobaLink Eisregen Lichterkette Au\u00dfen 10M 450LEDs Erweiterbar Lichtervorhang Weihnachtsbeleuchtung mit Timer 8 Modi IP44\u2026 - Markt-XXL\" \/>\n<meta property=\"og:description\" content=\"Markt-XXL GlobaLink Eisregen Lichterkette Au\u00dfen 10M 450LEDs Erweiterbar Lichtervorhang Weihnachtsbeleuchtung mit Timer 8 Modi IP44\u2026\" \/>\n<meta property=\"og:url\" content=\"https:\/\/marktxxl.de\/markt\/produkt\/globalink-eisregen-lichterkette-aussen-10m-450leds-erweiterbar-lichtervorhang-weihnachtsbeleuchtung-mit-timer-8-modi-ip44-strom-eisregen-lichterkette-innen-weihnachtsdeko-fuer-fenser-garten\/\" \/>\n<meta property=\"og:site_name\" content=\"Markt-XXL\" \/>\n<meta property=\"article:modified_time\" content=\"2023-04-08T02:40:14+00:00\" \/>\n<meta property=\"og:image\" content=\"https:\/\/m.media-amazon.com\/images\/I\/61OcIVp-o6L._SL500_.jpg\" \/>\n\t<meta property=\"og:image:width\" content=\"500\" \/>\n\t<meta property=\"og:image:height\" content=\"500\" \/>\n\t<meta property=\"og:image:type\" content=\"image\/jpeg\" \/>\n<meta name=\"twitter:card\" content=\"summary_large_image\" \/>\n<meta name=\"twitter:label1\" content=\"Gesch\u00e4tzte Lesezeit\" \/>\n\t<meta name=\"twitter:data1\" content=\"2\u00a0Minuten\" \/>\n<script type=\"application\/ld+json\" class=\"yoast-schema-graph\">{\"@context\":\"https:\\\/\\\/schema.org\",\"@graph\":[{\"@type\":\"WebPage\",\"@id\":\"https:\\\/\\\/marktxxl.de\\\/markt\\\/produkt\\\/globalink-eisregen-lichterkette-aussen-10m-450leds-erweiterbar-lichtervorhang-weihnachtsbeleuchtung-mit-timer-8-modi-ip44-strom-eisregen-lichterkette-innen-weihnachtsdeko-fuer-fenser-garten\\\/\",\"url\":\"https:\\\/\\\/marktxxl.de\\\/markt\\\/produkt\\\/globalink-eisregen-lichterkette-aussen-10m-450leds-erweiterbar-lichtervorhang-weihnachtsbeleuchtung-mit-timer-8-modi-ip44-strom-eisregen-lichterkette-innen-weihnachtsdeko-fuer-fenser-garten\\\/\",\"name\":\"GlobaLink Eisregen Lichterkette Au\u00dfen 10M 450LEDs Erweiterbar Lichtervorhang Weihnachtsbeleuchtung mit Timer 8 Modi IP44\u2026 - Markt-XXL\",\"isPartOf\":{\"@id\":\"https:\\\/\\\/marktxxl.de\\\/markt\\\/#website\"},\"primaryImageOfPage\":{\"@id\":\"https:\\\/\\\/marktxxl.de\\\/markt\\\/produkt\\\/globalink-eisregen-lichterkette-aussen-10m-450leds-erweiterbar-lichtervorhang-weihnachtsbeleuchtung-mit-timer-8-modi-ip44-strom-eisregen-lichterkette-innen-weihnachtsdeko-fuer-fenser-garten\\\/#primaryimage\"},\"image\":{\"@id\":\"https:\\\/\\\/marktxxl.de\\\/markt\\\/produkt\\\/globalink-eisregen-lichterkette-aussen-10m-450leds-erweiterbar-lichtervorhang-weihnachtsbeleuchtung-mit-timer-8-modi-ip44-strom-eisregen-lichterkette-innen-weihnachtsdeko-fuer-fenser-garten\\\/#primaryimage\"},\"thumbnailUrl\":\"https:\\\/\\\/m.media-amazon.com\\\/images\\\/I\\\/61OcIVp-o6L._SL500_.jpg\",\"datePublished\":\"2023-01-10T04:16:10+00:00\",\"dateModified\":\"2023-04-08T02:40:14+00:00\",\"description\":\"Markt-XXL GlobaLink Eisregen Lichterkette Au\u00dfen 10M 450LEDs Erweiterbar Lichtervorhang Weihnachtsbeleuchtung mit Timer 8 Modi IP44\u2026\",\"breadcrumb\":{\"@id\":\"https:\\\/\\\/marktxxl.de\\\/markt\\\/produkt\\\/globalink-eisregen-lichterkette-aussen-10m-450leds-erweiterbar-lichtervorhang-weihnachtsbeleuchtung-mit-timer-8-modi-ip44-strom-eisregen-lichterkette-innen-weihnachtsdeko-fuer-fenser-garten\\\/#breadcrumb\"},\"inLanguage\":\"de\",\"potentialAction\":[{\"@type\":\"ReadAction\",\"target\":[\"https:\\\/\\\/marktxxl.de\\\/markt\\\/produkt\\\/globalink-eisregen-lichterkette-aussen-10m-450leds-erweiterbar-lichtervorhang-weihnachtsbeleuchtung-mit-timer-8-modi-ip44-strom-eisregen-lichterkette-innen-weihnachtsdeko-fuer-fenser-garten\\\/\"]}]},{\"@type\":\"ImageObject\",\"inLanguage\":\"de\",\"@id\":\"https:\\\/\\\/marktxxl.de\\\/markt\\\/produkt\\\/globalink-eisregen-lichterkette-aussen-10m-450leds-erweiterbar-lichtervorhang-weihnachtsbeleuchtung-mit-timer-8-modi-ip44-strom-eisregen-lichterkette-innen-weihnachtsdeko-fuer-fenser-garten\\\/#primaryimage\",\"url\":\"https:\\\/\\\/m.media-amazon.com\\\/images\\\/I\\\/61OcIVp-o6L._SL500_.jpg\",\"contentUrl\":\"https:\\\/\\\/m.media-amazon.com\\\/images\\\/I\\\/61OcIVp-o6L._SL500_.jpg\",\"width\":500,\"height\":500},{\"@type\":\"BreadcrumbList\",\"@id\":\"https:\\\/\\\/marktxxl.de\\\/markt\\\/produkt\\\/globalink-eisregen-lichterkette-aussen-10m-450leds-erweiterbar-lichtervorhang-weihnachtsbeleuchtung-mit-timer-8-modi-ip44-strom-eisregen-lichterkette-innen-weihnachtsdeko-fuer-fenser-garten\\\/#breadcrumb\",\"itemListElement\":[{\"@type\":\"ListItem\",\"position\":1,\"name\":\"Startseite\",\"item\":\"https:\\\/\\\/marktxxl.de\\\/markt\\\/\"},{\"@type\":\"ListItem\",\"position\":2,\"name\":\"Markt\",\"item\":\"https:\\\/\\\/marktxxl.de\\\/markt\\\/\"},{\"@type\":\"ListItem\",\"position\":3,\"name\":\"GlobaLink Eisregen Lichterkette Au\u00dfen 10M 450LEDs Erweiterbar Lichtervorhang Weihnachtsbeleuchtung mit Timer 8 Modi IP44\u2026\"}]},{\"@type\":\"WebSite\",\"@id\":\"https:\\\/\\\/marktxxl.de\\\/markt\\\/#website\",\"url\":\"https:\\\/\\\/marktxxl.de\\\/markt\\\/\",\"name\":\"Markt-XXL\",\"description\":\"Ihr Markt Online\",\"publisher\":{\"@id\":\"https:\\\/\\\/marktxxl.de\\\/markt\\\/#organization\"},\"potentialAction\":[{\"@type\":\"SearchAction\",\"target\":{\"@type\":\"EntryPoint\",\"urlTemplate\":\"https:\\\/\\\/marktxxl.de\\\/markt\\\/?s={search_term_string}\"},\"query-input\":{\"@type\":\"PropertyValueSpecification\",\"valueRequired\":true,\"valueName\":\"search_term_string\"}}],\"inLanguage\":\"de\"},{\"@type\":\"Organization\",\"@id\":\"https:\\\/\\\/marktxxl.de\\\/markt\\\/#organization\",\"name\":\"Markt-XXL\",\"url\":\"https:\\\/\\\/marktxxl.de\\\/markt\\\/\",\"logo\":{\"@type\":\"ImageObject\",\"inLanguage\":\"de\",\"@id\":\"https:\\\/\\\/marktxxl.de\\\/markt\\\/#\\\/schema\\\/logo\\\/image\\\/\",\"url\":\"https:\\\/\\\/marktxxl.de\\\/markt\\\/wp-content\\\/uploads\\\/sites\\\/3\\\/2020\\\/12\\\/logo.png\",\"contentUrl\":\"https:\\\/\\\/marktxxl.de\\\/markt\\\/wp-content\\\/uploads\\\/sites\\\/3\\\/2020\\\/12\\\/logo.png\",\"width\":200,\"height\":70,\"caption\":\"Markt-XXL\"},\"image\":{\"@id\":\"https:\\\/\\\/marktxxl.de\\\/markt\\\/#\\\/schema\\\/logo\\\/image\\\/\"}}]}<\/script>\n<!-- \/ Yoast SEO plugin. -->","yoast_head_json":{"title":"GlobaLink Eisregen Lichterkette Au\u00dfen 10M 450LEDs Erweiterbar Lichtervorhang Weihnachtsbeleuchtung mit Timer 8 Modi IP44\u2026 - Markt-XXL","description":"Markt-XXL GlobaLink Eisregen Lichterkette Au\u00dfen 10M 450LEDs Erweiterbar Lichtervorhang Weihnachtsbeleuchtung mit Timer 8 Modi IP44\u2026","robots":{"index":"index","follow":"follow","max-snippet":"max-snippet:-1","max-image-preview":"max-image-preview:large","max-video-preview":"max-video-preview:-1"},"canonical":"https:\/\/marktxxl.de\/markt\/produkt\/globalink-eisregen-lichterkette-aussen-10m-450leds-erweiterbar-lichtervorhang-weihnachtsbeleuchtung-mit-timer-8-modi-ip44-strom-eisregen-lichterkette-innen-weihnachtsdeko-fuer-fenser-garten\/","og_locale":"de_DE","og_type":"article","og_title":"GlobaLink Eisregen Lichterkette Au\u00dfen 10M 450LEDs Erweiterbar Lichtervorhang Weihnachtsbeleuchtung mit Timer 8 Modi IP44\u2026 - Markt-XXL","og_description":"Markt-XXL GlobaLink Eisregen Lichterkette Au\u00dfen 10M 450LEDs Erweiterbar Lichtervorhang Weihnachtsbeleuchtung mit Timer 8 Modi IP44\u2026","og_url":"https:\/\/marktxxl.de\/markt\/produkt\/globalink-eisregen-lichterkette-aussen-10m-450leds-erweiterbar-lichtervorhang-weihnachtsbeleuchtung-mit-timer-8-modi-ip44-strom-eisregen-lichterkette-innen-weihnachtsdeko-fuer-fenser-garten\/","og_site_name":"Markt-XXL","article_modified_time":"2023-04-08T02:40:14+00:00","og_image":[{"width":500,"height":500,"url":"https:\/\/m.media-amazon.com\/images\/I\/61OcIVp-o6L._SL500_.jpg","type":"image\/jpeg"}],"twitter_card":"summary_large_image","twitter_misc":{"Gesch\u00e4tzte Lesezeit":"2\u00a0Minuten"},"schema":{"@context":"https:\/\/schema.org","@graph":[{"@type":"WebPage","@id":"https:\/\/marktxxl.de\/markt\/produkt\/globalink-eisregen-lichterkette-aussen-10m-450leds-erweiterbar-lichtervorhang-weihnachtsbeleuchtung-mit-timer-8-modi-ip44-strom-eisregen-lichterkette-innen-weihnachtsdeko-fuer-fenser-garten\/","url":"https:\/\/marktxxl.de\/markt\/produkt\/globalink-eisregen-lichterkette-aussen-10m-450leds-erweiterbar-lichtervorhang-weihnachtsbeleuchtung-mit-timer-8-modi-ip44-strom-eisregen-lichterkette-innen-weihnachtsdeko-fuer-fenser-garten\/","name":"GlobaLink Eisregen Lichterkette Au\u00dfen 10M 450LEDs Erweiterbar Lichtervorhang Weihnachtsbeleuchtung mit Timer 8 Modi IP44\u2026 - Markt-XXL","isPartOf":{"@id":"https:\/\/marktxxl.de\/markt\/#website"},"primaryImageOfPage":{"@id":"https:\/\/marktxxl.de\/markt\/produkt\/globalink-eisregen-lichterkette-aussen-10m-450leds-erweiterbar-lichtervorhang-weihnachtsbeleuchtung-mit-timer-8-modi-ip44-strom-eisregen-lichterkette-innen-weihnachtsdeko-fuer-fenser-garten\/#primaryimage"},"image":{"@id":"https:\/\/marktxxl.de\/markt\/produkt\/globalink-eisregen-lichterkette-aussen-10m-450leds-erweiterbar-lichtervorhang-weihnachtsbeleuchtung-mit-timer-8-modi-ip44-strom-eisregen-lichterkette-innen-weihnachtsdeko-fuer-fenser-garten\/#primaryimage"},"thumbnailUrl":"https:\/\/m.media-amazon.com\/images\/I\/61OcIVp-o6L._SL500_.jpg","datePublished":"2023-01-10T04:16:10+00:00","dateModified":"2023-04-08T02:40:14+00:00","description":"Markt-XXL GlobaLink Eisregen Lichterkette Au\u00dfen 10M 450LEDs Erweiterbar Lichtervorhang Weihnachtsbeleuchtung mit Timer 8 Modi IP44\u2026","breadcrumb":{"@id":"https:\/\/marktxxl.de\/markt\/produkt\/globalink-eisregen-lichterkette-aussen-10m-450leds-erweiterbar-lichtervorhang-weihnachtsbeleuchtung-mit-timer-8-modi-ip44-strom-eisregen-lichterkette-innen-weihnachtsdeko-fuer-fenser-garten\/#breadcrumb"},"inLanguage":"de","potentialAction":[{"@type":"ReadAction","target":["https:\/\/marktxxl.de\/markt\/produkt\/globalink-eisregen-lichterkette-aussen-10m-450leds-erweiterbar-lichtervorhang-weihnachtsbeleuchtung-mit-timer-8-modi-ip44-strom-eisregen-lichterkette-innen-weihnachtsdeko-fuer-fenser-garten\/"]}]},{"@type":"ImageObject","inLanguage":"de","@id":"https:\/\/marktxxl.de\/markt\/produkt\/globalink-eisregen-lichterkette-aussen-10m-450leds-erweiterbar-lichtervorhang-weihnachtsbeleuchtung-mit-timer-8-modi-ip44-strom-eisregen-lichterkette-innen-weihnachtsdeko-fuer-fenser-garten\/#primaryimage","url":"https:\/\/m.media-amazon.com\/images\/I\/61OcIVp-o6L._SL500_.jpg","contentUrl":"https:\/\/m.media-amazon.com\/images\/I\/61OcIVp-o6L._SL500_.jpg","width":500,"height":500},{"@type":"BreadcrumbList","@id":"https:\/\/marktxxl.de\/markt\/produkt\/globalink-eisregen-lichterkette-aussen-10m-450leds-erweiterbar-lichtervorhang-weihnachtsbeleuchtung-mit-timer-8-modi-ip44-strom-eisregen-lichterkette-innen-weihnachtsdeko-fuer-fenser-garten\/#breadcrumb","itemListElement":[{"@type":"ListItem","position":1,"name":"Startseite","item":"https:\/\/marktxxl.de\/markt\/"},{"@type":"ListItem","position":2,"name":"Markt","item":"https:\/\/marktxxl.de\/markt\/"},{"@type":"ListItem","position":3,"name":"GlobaLink Eisregen Lichterkette Au\u00dfen 10M 450LEDs Erweiterbar Lichtervorhang Weihnachtsbeleuchtung mit Timer 8 Modi IP44\u2026"}]},{"@type":"WebSite","@id":"https:\/\/marktxxl.de\/markt\/#website","url":"https:\/\/marktxxl.de\/markt\/","name":"Markt-XXL","description":"Ihr Markt Online","publisher":{"@id":"https:\/\/marktxxl.de\/markt\/#organization"},"potentialAction":[{"@type":"SearchAction","target":{"@type":"EntryPoint","urlTemplate":"https:\/\/marktxxl.de\/markt\/?s={search_term_string}"},"query-input":{"@type":"PropertyValueSpecification","valueRequired":true,"valueName":"search_term_string"}}],"inLanguage":"de"},{"@type":"Organization","@id":"https:\/\/marktxxl.de\/markt\/#organization","name":"Markt-XXL","url":"https:\/\/marktxxl.de\/markt\/","logo":{"@type":"ImageObject","inLanguage":"de","@id":"https:\/\/marktxxl.de\/markt\/#\/schema\/logo\/image\/","url":"https:\/\/marktxxl.de\/markt\/wp-content\/uploads\/sites\/3\/2020\/12\/logo.png","contentUrl":"https:\/\/marktxxl.de\/markt\/wp-content\/uploads\/sites\/3\/2020\/12\/logo.png","width":200,"height":70,"caption":"Markt-XXL"},"image":{"@id":"https:\/\/marktxxl.de\/markt\/#\/schema\/logo\/image\/"}}]}},"_links":{"self":[{"href":"https:\/\/marktxxl.de\/markt\/wp-json\/wp\/v2\/product\/180858","targetHints":{"allow":["GET"]}}],"collection":[{"href":"https:\/\/marktxxl.de\/markt\/wp-json\/wp\/v2\/product"}],"about":[{"href":"https:\/\/marktxxl.de\/markt\/wp-json\/wp\/v2\/types\/product"}],"replies":[{"embeddable":true,"href":"https:\/\/marktxxl.de\/markt\/wp-json\/wp\/v2\/comments?post=180858"}],"wp:featuredmedia":[{"embeddable":true,"href":"https:\/\/marktxxl.de\/markt\/wp-json\/wp\/v2\/media\/180859"}],"wp:attachment":[{"href":"https:\/\/marktxxl.de\/markt\/wp-json\/wp\/v2\/media?parent=180858"}],"wp:term":[{"taxonomy":"product_brand","embeddable":true,"href":"https:\/\/marktxxl.de\/markt\/wp-json\/wp\/v2\/product_brand?post=180858"},{"taxonomy":"product_cat","embeddable":true,"href":"https:\/\/marktxxl.de\/markt\/wp-json\/wp\/v2\/product_cat?post=180858"},{"taxonomy":"product_tag","embeddable":true,"href":"https:\/\/marktxxl.de\/markt\/wp-json\/wp\/v2\/product_tag?post=180858"}],"curies":[{"name":"wp","href":"https:\/\/api.w.org\/{rel}","templated":true}]}}