{"id":180793,"date":"2023-01-10T05:13:08","date_gmt":"2023-01-10T04:13:08","guid":{"rendered":"https:\/\/marktxxl.de\/markt\/produkt\/hatmig-christbaumbeleuchtung-timerfunktion-400leds-2m-16-straenge-8-leuchtmodi-led-lichterkette-weihnachtsbaum-wasserdicht-christbaumbeleuchtung-mit-ring-fuer-innen-aussen-warmweiss\/"},"modified":"2023-04-08T04:40:13","modified_gmt":"2023-04-08T02:40:13","slug":"hatmig-christbaumbeleuchtung-timerfunktion-400leds-2m-16-straenge-8-leuchtmodi-led-lichterkette-weihnachtsbaum-wasserdicht-christbaumbeleuchtung-mit-ring-fuer-innen-aussen-warmweiss","status":"publish","type":"product","link":"https:\/\/marktxxl.de\/markt\/produkt\/hatmig-christbaumbeleuchtung-timerfunktion-400leds-2m-16-straenge-8-leuchtmodi-led-lichterkette-weihnachtsbaum-wasserdicht-christbaumbeleuchtung-mit-ring-fuer-innen-aussen-warmweiss\/","title":{"rendered":"HATMIG Christbaumbeleuchtung, Timerfunktion 400LEDs 2m 16 Str\u00e4nge 8 Leuchtmodi LED Lichterkette Weihnachtsbaum\u2026"},"content":{"rendered":"<p>\u3010Einfach zu installieren\u3011 Ohne dass Sie um Ihren Weihnachtsbaum herumgehen m\u00fcssen, um Lichter zu wickeln, platzieren Sie sie Christbaumbeleuchtun oben, ziehen Sie die Streifen Lichterketten nach unten und stecken \/ verstecken \/ arrangieren Sie sie nach Herzenslust. Das Christbaumbeleuchtung kann wiederverwendet werden und ist nach Gebrauch leicht zu l\u00f6sen.<br \/>\n\u3010Timing-Funktion\u3011 Das Christbaumbeleuchtung ist mit einer Timing-Funktion von 6 Stunden an\/18 Stunden aus ausgestattet, wodurch Strom gespart werden kann. Wenn der Timer aktiviert ist, gehen die Lichter jeden Tag zur gleichen Zeit an, gehen nach 6 Stunden aus, und wenn der Timer deaktiviert ist, leuchtet das Licht weiter.<br \/>\n\u3010Sicherheit und Umweltschutz\u3011Niederspannungs-Christbaumbeleuchtung hat eine hohe Sicherheitsleistung. Weihnachtslichter werden nicht hei\u00df, wenn sie arbeiten und k\u00f6nnen den ganzen Tag arbeiten. Der Draht der Christbaumbeleuchtung besteht aus reinem Kupferdraht, der recycelbar, strahlungsfrei, sicher und umweltfreundlich ist.<br \/>\n\u30108 Beleuchtungsmodi\u3011 Die Christbaumbeleuchtung ist mit einer Fernbedienung ausgestattet, Sie k\u00f6nnen die Modi durch einfaches Dr\u00fccken einer Taste wechseln: Kombination, In Wellen, Sequentiell, SLO-GLO, Jagen\/Blitz, Langsames Ausblenden, Funkeln\/Blitz, Immer hell. Christbaumbeleuchtung merkt sich automatisch den letzten Beleuchtungsmodus.<br \/>\n\u3010IP44 wasserdichte Christbaumbeleuchtung\u3011 Auch im Freien kann es bei Regen und Schnee gut funktionieren. 16 Lichterketten, 400 LEDs, 5 m Netzkabel erm\u00f6glichen es Ihnen, den Baum einfach \u00fcberall zu platzieren. Die dunkelgr\u00fcnen Christbaumbeleuchtung sind in den Weihnachtsbaum integriert, wodurch die Lichter sch\u00f6ner und warmer werden.<br \/>\n<div class=\"main-cross-sell\" data-asin=\"B0BB2M3XFC\">\n\n\t<div class=\"WooZone-cross-sell-loader\">\n\t\t<div>\n\t\t\t<div id=\"floatingBarsG\">\n\t\t\t\t<div class=\"blockG\" id=\"rotateG_01\"><\/div>\n\t\t\t\t<div class=\"blockG\" id=\"rotateG_02\"><\/div>\n\t\t\t\t<div class=\"blockG\" id=\"rotateG_03\"><\/div>\n\t\t\t\t<div class=\"blockG\" id=\"rotateG_04\"><\/div>\n\t\t\t\t<div class=\"blockG\" id=\"rotateG_05\"><\/div>\n\t\t\t\t<div class=\"blockG\" id=\"rotateG_06\"><\/div>\n\t\t\t\t<div class=\"blockG\" id=\"rotateG_07\"><\/div>\n\t\t\t\t<div class=\"blockG\" id=\"rotateG_08\"><\/div>\n\t\t\t<\/div>\n\t\t\t<div class=\"WooZone-cross-sell-loader-text\"><\/div>\n\t\t<\/div>\n\t<\/div>\n\n\t\t\n<\/div>\n<div style=\"clear:both;\"><\/div><\/p>\n","protected":false},"excerpt":{"rendered":"<p>\u3010Einfach zu installieren\u3011 Ohne dass Sie um Ihren Weihnachtsbaum herumgehen m\u00fcssen, um Lichter zu wickeln, platzieren Sie sie Christbaumbeleuchtun oben, ziehen Sie die Streifen Lichterketten nach unten und stecken \/ verstecken \/ arrangieren Sie sie nach Herzenslust. Das Christbaumbeleuchtung kann wiederverwendet werden und ist nach Gebrauch leicht zu l\u00f6sen.<br \/>\n\u3010Timing-Funktion\u3011 Das Christbaumbeleuchtung ist mit einer Timing-Funktion von 6 Stunden an\/18 Stunden aus ausgestattet, wodurch Strom gespart werden kann. Wenn der Timer aktiviert ist, gehen die Lichter jeden Tag zur gleichen Zeit an, gehen nach 6 Stunden aus, und wenn der Timer deaktiviert ist, leuchtet das Licht weiter.<br \/>\n\u3010Sicherheit und Umweltschutz\u3011Niederspannungs-Christbaumbeleuchtung hat eine hohe Sicherheitsleistung. Weihnachtslichter werden nicht hei\u00df, wenn sie arbeiten und k\u00f6nnen den ganzen Tag arbeiten. Der Draht der Christbaumbeleuchtung besteht aus reinem Kupferdraht, der recycelbar, strahlungsfrei, sicher und umweltfreundlich ist.<\/p>\n","protected":false},"featured_media":180794,"comment_status":"open","ping_status":"closed","template":"","meta":[],"product_brand":[],"product_cat":[2108,15624],"product_tag":[],"class_list":{"0":"post-180793","1":"product","2":"type-product","3":"status-publish","4":"has-post-thumbnail","6":"product_cat-beleuchtung","7":"product_cat-weihnachtsbeleuchtung","8":"pa_binding-werkzeug","9":"pa_brand-hatmig","10":"pa_manufacturer-hatmig","12":"first","13":"instock","14":"shipping-taxable","15":"purchasable","16":"product-type-simple","17":"customify-col","18":"product-has-gallery"},"yoast_head":"<!-- This site is optimized with the Yoast SEO plugin v27.4 - https:\/\/yoast.com\/product\/yoast-seo-wordpress\/ -->\n<title>HATMIG Christbaumbeleuchtung, Timerfunktion 400LEDs 2m 16 Str\u00e4nge 8 Leuchtmodi LED Lichterkette Weihnachtsbaum\u2026 - Markt-XXL<\/title>\n<meta name=\"description\" content=\"Markt-XXL HATMIG Christbaumbeleuchtung, Timerfunktion 400LEDs 2m 16 Str\u00e4nge 8 Leuchtmodi LED Lichterkette Weihnachtsbaum\u2026\" \/>\n<meta name=\"robots\" content=\"index, follow, max-snippet:-1, max-image-preview:large, max-video-preview:-1\" \/>\n<link rel=\"canonical\" href=\"https:\/\/marktxxl.de\/markt\/produkt\/hatmig-christbaumbeleuchtung-timerfunktion-400leds-2m-16-straenge-8-leuchtmodi-led-lichterkette-weihnachtsbaum-wasserdicht-christbaumbeleuchtung-mit-ring-fuer-innen-aussen-warmweiss\/\" \/>\n<meta property=\"og:locale\" content=\"de_DE\" \/>\n<meta property=\"og:type\" content=\"article\" \/>\n<meta property=\"og:title\" content=\"HATMIG Christbaumbeleuchtung, Timerfunktion 400LEDs 2m 16 Str\u00e4nge 8 Leuchtmodi LED Lichterkette Weihnachtsbaum\u2026 - Markt-XXL\" \/>\n<meta property=\"og:description\" content=\"Markt-XXL HATMIG Christbaumbeleuchtung, Timerfunktion 400LEDs 2m 16 Str\u00e4nge 8 Leuchtmodi LED Lichterkette Weihnachtsbaum\u2026\" \/>\n<meta property=\"og:url\" content=\"https:\/\/marktxxl.de\/markt\/produkt\/hatmig-christbaumbeleuchtung-timerfunktion-400leds-2m-16-straenge-8-leuchtmodi-led-lichterkette-weihnachtsbaum-wasserdicht-christbaumbeleuchtung-mit-ring-fuer-innen-aussen-warmweiss\/\" \/>\n<meta property=\"og:site_name\" content=\"Markt-XXL\" \/>\n<meta property=\"article:modified_time\" content=\"2023-04-08T02:40:13+00:00\" \/>\n<meta property=\"og:image\" content=\"https:\/\/m.media-amazon.com\/images\/I\/51PDAVVaTIL._SL500_.jpg\" \/>\n\t<meta property=\"og:image:width\" content=\"500\" \/>\n\t<meta property=\"og:image:height\" content=\"500\" \/>\n\t<meta property=\"og:image:type\" content=\"image\/jpeg\" \/>\n<meta name=\"twitter:card\" content=\"summary_large_image\" \/>\n<meta name=\"twitter:label1\" content=\"Gesch\u00e4tzte Lesezeit\" \/>\n\t<meta name=\"twitter:data1\" content=\"1\u00a0Minute\" \/>\n<script type=\"application\/ld+json\" class=\"yoast-schema-graph\">{\"@context\":\"https:\\\/\\\/schema.org\",\"@graph\":[{\"@type\":\"WebPage\",\"@id\":\"https:\\\/\\\/marktxxl.de\\\/markt\\\/produkt\\\/hatmig-christbaumbeleuchtung-timerfunktion-400leds-2m-16-straenge-8-leuchtmodi-led-lichterkette-weihnachtsbaum-wasserdicht-christbaumbeleuchtung-mit-ring-fuer-innen-aussen-warmweiss\\\/\",\"url\":\"https:\\\/\\\/marktxxl.de\\\/markt\\\/produkt\\\/hatmig-christbaumbeleuchtung-timerfunktion-400leds-2m-16-straenge-8-leuchtmodi-led-lichterkette-weihnachtsbaum-wasserdicht-christbaumbeleuchtung-mit-ring-fuer-innen-aussen-warmweiss\\\/\",\"name\":\"HATMIG Christbaumbeleuchtung, Timerfunktion 400LEDs 2m 16 Str\u00e4nge 8 Leuchtmodi LED Lichterkette Weihnachtsbaum\u2026 - Markt-XXL\",\"isPartOf\":{\"@id\":\"https:\\\/\\\/marktxxl.de\\\/markt\\\/#website\"},\"primaryImageOfPage\":{\"@id\":\"https:\\\/\\\/marktxxl.de\\\/markt\\\/produkt\\\/hatmig-christbaumbeleuchtung-timerfunktion-400leds-2m-16-straenge-8-leuchtmodi-led-lichterkette-weihnachtsbaum-wasserdicht-christbaumbeleuchtung-mit-ring-fuer-innen-aussen-warmweiss\\\/#primaryimage\"},\"image\":{\"@id\":\"https:\\\/\\\/marktxxl.de\\\/markt\\\/produkt\\\/hatmig-christbaumbeleuchtung-timerfunktion-400leds-2m-16-straenge-8-leuchtmodi-led-lichterkette-weihnachtsbaum-wasserdicht-christbaumbeleuchtung-mit-ring-fuer-innen-aussen-warmweiss\\\/#primaryimage\"},\"thumbnailUrl\":\"https:\\\/\\\/m.media-amazon.com\\\/images\\\/I\\\/51PDAVVaTIL._SL500_.jpg\",\"datePublished\":\"2023-01-10T04:13:08+00:00\",\"dateModified\":\"2023-04-08T02:40:13+00:00\",\"description\":\"Markt-XXL HATMIG Christbaumbeleuchtung, Timerfunktion 400LEDs 2m 16 Str\u00e4nge 8 Leuchtmodi LED Lichterkette Weihnachtsbaum\u2026\",\"breadcrumb\":{\"@id\":\"https:\\\/\\\/marktxxl.de\\\/markt\\\/produkt\\\/hatmig-christbaumbeleuchtung-timerfunktion-400leds-2m-16-straenge-8-leuchtmodi-led-lichterkette-weihnachtsbaum-wasserdicht-christbaumbeleuchtung-mit-ring-fuer-innen-aussen-warmweiss\\\/#breadcrumb\"},\"inLanguage\":\"de\",\"potentialAction\":[{\"@type\":\"ReadAction\",\"target\":[\"https:\\\/\\\/marktxxl.de\\\/markt\\\/produkt\\\/hatmig-christbaumbeleuchtung-timerfunktion-400leds-2m-16-straenge-8-leuchtmodi-led-lichterkette-weihnachtsbaum-wasserdicht-christbaumbeleuchtung-mit-ring-fuer-innen-aussen-warmweiss\\\/\"]}]},{\"@type\":\"ImageObject\",\"inLanguage\":\"de\",\"@id\":\"https:\\\/\\\/marktxxl.de\\\/markt\\\/produkt\\\/hatmig-christbaumbeleuchtung-timerfunktion-400leds-2m-16-straenge-8-leuchtmodi-led-lichterkette-weihnachtsbaum-wasserdicht-christbaumbeleuchtung-mit-ring-fuer-innen-aussen-warmweiss\\\/#primaryimage\",\"url\":\"https:\\\/\\\/m.media-amazon.com\\\/images\\\/I\\\/51PDAVVaTIL._SL500_.jpg\",\"contentUrl\":\"https:\\\/\\\/m.media-amazon.com\\\/images\\\/I\\\/51PDAVVaTIL._SL500_.jpg\",\"width\":500,\"height\":500},{\"@type\":\"BreadcrumbList\",\"@id\":\"https:\\\/\\\/marktxxl.de\\\/markt\\\/produkt\\\/hatmig-christbaumbeleuchtung-timerfunktion-400leds-2m-16-straenge-8-leuchtmodi-led-lichterkette-weihnachtsbaum-wasserdicht-christbaumbeleuchtung-mit-ring-fuer-innen-aussen-warmweiss\\\/#breadcrumb\",\"itemListElement\":[{\"@type\":\"ListItem\",\"position\":1,\"name\":\"Startseite\",\"item\":\"https:\\\/\\\/marktxxl.de\\\/markt\\\/\"},{\"@type\":\"ListItem\",\"position\":2,\"name\":\"Markt\",\"item\":\"https:\\\/\\\/marktxxl.de\\\/markt\\\/\"},{\"@type\":\"ListItem\",\"position\":3,\"name\":\"HATMIG Christbaumbeleuchtung, Timerfunktion 400LEDs 2m 16 Str\u00e4nge 8 Leuchtmodi LED Lichterkette Weihnachtsbaum\u2026\"}]},{\"@type\":\"WebSite\",\"@id\":\"https:\\\/\\\/marktxxl.de\\\/markt\\\/#website\",\"url\":\"https:\\\/\\\/marktxxl.de\\\/markt\\\/\",\"name\":\"Markt-XXL\",\"description\":\"Ihr Markt Online\",\"publisher\":{\"@id\":\"https:\\\/\\\/marktxxl.de\\\/markt\\\/#organization\"},\"potentialAction\":[{\"@type\":\"SearchAction\",\"target\":{\"@type\":\"EntryPoint\",\"urlTemplate\":\"https:\\\/\\\/marktxxl.de\\\/markt\\\/?s={search_term_string}\"},\"query-input\":{\"@type\":\"PropertyValueSpecification\",\"valueRequired\":true,\"valueName\":\"search_term_string\"}}],\"inLanguage\":\"de\"},{\"@type\":\"Organization\",\"@id\":\"https:\\\/\\\/marktxxl.de\\\/markt\\\/#organization\",\"name\":\"Markt-XXL\",\"url\":\"https:\\\/\\\/marktxxl.de\\\/markt\\\/\",\"logo\":{\"@type\":\"ImageObject\",\"inLanguage\":\"de\",\"@id\":\"https:\\\/\\\/marktxxl.de\\\/markt\\\/#\\\/schema\\\/logo\\\/image\\\/\",\"url\":\"https:\\\/\\\/marktxxl.de\\\/markt\\\/wp-content\\\/uploads\\\/sites\\\/3\\\/2020\\\/12\\\/logo.png\",\"contentUrl\":\"https:\\\/\\\/marktxxl.de\\\/markt\\\/wp-content\\\/uploads\\\/sites\\\/3\\\/2020\\\/12\\\/logo.png\",\"width\":200,\"height\":70,\"caption\":\"Markt-XXL\"},\"image\":{\"@id\":\"https:\\\/\\\/marktxxl.de\\\/markt\\\/#\\\/schema\\\/logo\\\/image\\\/\"}}]}<\/script>\n<!-- \/ Yoast SEO plugin. -->","yoast_head_json":{"title":"HATMIG Christbaumbeleuchtung, Timerfunktion 400LEDs 2m 16 Str\u00e4nge 8 Leuchtmodi LED Lichterkette Weihnachtsbaum\u2026 - Markt-XXL","description":"Markt-XXL HATMIG Christbaumbeleuchtung, Timerfunktion 400LEDs 2m 16 Str\u00e4nge 8 Leuchtmodi LED Lichterkette Weihnachtsbaum\u2026","robots":{"index":"index","follow":"follow","max-snippet":"max-snippet:-1","max-image-preview":"max-image-preview:large","max-video-preview":"max-video-preview:-1"},"canonical":"https:\/\/marktxxl.de\/markt\/produkt\/hatmig-christbaumbeleuchtung-timerfunktion-400leds-2m-16-straenge-8-leuchtmodi-led-lichterkette-weihnachtsbaum-wasserdicht-christbaumbeleuchtung-mit-ring-fuer-innen-aussen-warmweiss\/","og_locale":"de_DE","og_type":"article","og_title":"HATMIG Christbaumbeleuchtung, Timerfunktion 400LEDs 2m 16 Str\u00e4nge 8 Leuchtmodi LED Lichterkette Weihnachtsbaum\u2026 - Markt-XXL","og_description":"Markt-XXL HATMIG Christbaumbeleuchtung, Timerfunktion 400LEDs 2m 16 Str\u00e4nge 8 Leuchtmodi LED Lichterkette Weihnachtsbaum\u2026","og_url":"https:\/\/marktxxl.de\/markt\/produkt\/hatmig-christbaumbeleuchtung-timerfunktion-400leds-2m-16-straenge-8-leuchtmodi-led-lichterkette-weihnachtsbaum-wasserdicht-christbaumbeleuchtung-mit-ring-fuer-innen-aussen-warmweiss\/","og_site_name":"Markt-XXL","article_modified_time":"2023-04-08T02:40:13+00:00","og_image":[{"width":500,"height":500,"url":"https:\/\/m.media-amazon.com\/images\/I\/51PDAVVaTIL._SL500_.jpg","type":"image\/jpeg"}],"twitter_card":"summary_large_image","twitter_misc":{"Gesch\u00e4tzte Lesezeit":"1\u00a0Minute"},"schema":{"@context":"https:\/\/schema.org","@graph":[{"@type":"WebPage","@id":"https:\/\/marktxxl.de\/markt\/produkt\/hatmig-christbaumbeleuchtung-timerfunktion-400leds-2m-16-straenge-8-leuchtmodi-led-lichterkette-weihnachtsbaum-wasserdicht-christbaumbeleuchtung-mit-ring-fuer-innen-aussen-warmweiss\/","url":"https:\/\/marktxxl.de\/markt\/produkt\/hatmig-christbaumbeleuchtung-timerfunktion-400leds-2m-16-straenge-8-leuchtmodi-led-lichterkette-weihnachtsbaum-wasserdicht-christbaumbeleuchtung-mit-ring-fuer-innen-aussen-warmweiss\/","name":"HATMIG Christbaumbeleuchtung, Timerfunktion 400LEDs 2m 16 Str\u00e4nge 8 Leuchtmodi LED Lichterkette Weihnachtsbaum\u2026 - Markt-XXL","isPartOf":{"@id":"https:\/\/marktxxl.de\/markt\/#website"},"primaryImageOfPage":{"@id":"https:\/\/marktxxl.de\/markt\/produkt\/hatmig-christbaumbeleuchtung-timerfunktion-400leds-2m-16-straenge-8-leuchtmodi-led-lichterkette-weihnachtsbaum-wasserdicht-christbaumbeleuchtung-mit-ring-fuer-innen-aussen-warmweiss\/#primaryimage"},"image":{"@id":"https:\/\/marktxxl.de\/markt\/produkt\/hatmig-christbaumbeleuchtung-timerfunktion-400leds-2m-16-straenge-8-leuchtmodi-led-lichterkette-weihnachtsbaum-wasserdicht-christbaumbeleuchtung-mit-ring-fuer-innen-aussen-warmweiss\/#primaryimage"},"thumbnailUrl":"https:\/\/m.media-amazon.com\/images\/I\/51PDAVVaTIL._SL500_.jpg","datePublished":"2023-01-10T04:13:08+00:00","dateModified":"2023-04-08T02:40:13+00:00","description":"Markt-XXL HATMIG Christbaumbeleuchtung, Timerfunktion 400LEDs 2m 16 Str\u00e4nge 8 Leuchtmodi LED Lichterkette Weihnachtsbaum\u2026","breadcrumb":{"@id":"https:\/\/marktxxl.de\/markt\/produkt\/hatmig-christbaumbeleuchtung-timerfunktion-400leds-2m-16-straenge-8-leuchtmodi-led-lichterkette-weihnachtsbaum-wasserdicht-christbaumbeleuchtung-mit-ring-fuer-innen-aussen-warmweiss\/#breadcrumb"},"inLanguage":"de","potentialAction":[{"@type":"ReadAction","target":["https:\/\/marktxxl.de\/markt\/produkt\/hatmig-christbaumbeleuchtung-timerfunktion-400leds-2m-16-straenge-8-leuchtmodi-led-lichterkette-weihnachtsbaum-wasserdicht-christbaumbeleuchtung-mit-ring-fuer-innen-aussen-warmweiss\/"]}]},{"@type":"ImageObject","inLanguage":"de","@id":"https:\/\/marktxxl.de\/markt\/produkt\/hatmig-christbaumbeleuchtung-timerfunktion-400leds-2m-16-straenge-8-leuchtmodi-led-lichterkette-weihnachtsbaum-wasserdicht-christbaumbeleuchtung-mit-ring-fuer-innen-aussen-warmweiss\/#primaryimage","url":"https:\/\/m.media-amazon.com\/images\/I\/51PDAVVaTIL._SL500_.jpg","contentUrl":"https:\/\/m.media-amazon.com\/images\/I\/51PDAVVaTIL._SL500_.jpg","width":500,"height":500},{"@type":"BreadcrumbList","@id":"https:\/\/marktxxl.de\/markt\/produkt\/hatmig-christbaumbeleuchtung-timerfunktion-400leds-2m-16-straenge-8-leuchtmodi-led-lichterkette-weihnachtsbaum-wasserdicht-christbaumbeleuchtung-mit-ring-fuer-innen-aussen-warmweiss\/#breadcrumb","itemListElement":[{"@type":"ListItem","position":1,"name":"Startseite","item":"https:\/\/marktxxl.de\/markt\/"},{"@type":"ListItem","position":2,"name":"Markt","item":"https:\/\/marktxxl.de\/markt\/"},{"@type":"ListItem","position":3,"name":"HATMIG Christbaumbeleuchtung, Timerfunktion 400LEDs 2m 16 Str\u00e4nge 8 Leuchtmodi LED Lichterkette Weihnachtsbaum\u2026"}]},{"@type":"WebSite","@id":"https:\/\/marktxxl.de\/markt\/#website","url":"https:\/\/marktxxl.de\/markt\/","name":"Markt-XXL","description":"Ihr Markt Online","publisher":{"@id":"https:\/\/marktxxl.de\/markt\/#organization"},"potentialAction":[{"@type":"SearchAction","target":{"@type":"EntryPoint","urlTemplate":"https:\/\/marktxxl.de\/markt\/?s={search_term_string}"},"query-input":{"@type":"PropertyValueSpecification","valueRequired":true,"valueName":"search_term_string"}}],"inLanguage":"de"},{"@type":"Organization","@id":"https:\/\/marktxxl.de\/markt\/#organization","name":"Markt-XXL","url":"https:\/\/marktxxl.de\/markt\/","logo":{"@type":"ImageObject","inLanguage":"de","@id":"https:\/\/marktxxl.de\/markt\/#\/schema\/logo\/image\/","url":"https:\/\/marktxxl.de\/markt\/wp-content\/uploads\/sites\/3\/2020\/12\/logo.png","contentUrl":"https:\/\/marktxxl.de\/markt\/wp-content\/uploads\/sites\/3\/2020\/12\/logo.png","width":200,"height":70,"caption":"Markt-XXL"},"image":{"@id":"https:\/\/marktxxl.de\/markt\/#\/schema\/logo\/image\/"}}]}},"_links":{"self":[{"href":"https:\/\/marktxxl.de\/markt\/wp-json\/wp\/v2\/product\/180793","targetHints":{"allow":["GET"]}}],"collection":[{"href":"https:\/\/marktxxl.de\/markt\/wp-json\/wp\/v2\/product"}],"about":[{"href":"https:\/\/marktxxl.de\/markt\/wp-json\/wp\/v2\/types\/product"}],"replies":[{"embeddable":true,"href":"https:\/\/marktxxl.de\/markt\/wp-json\/wp\/v2\/comments?post=180793"}],"wp:featuredmedia":[{"embeddable":true,"href":"https:\/\/marktxxl.de\/markt\/wp-json\/wp\/v2\/media\/180794"}],"wp:attachment":[{"href":"https:\/\/marktxxl.de\/markt\/wp-json\/wp\/v2\/media?parent=180793"}],"wp:term":[{"taxonomy":"product_brand","embeddable":true,"href":"https:\/\/marktxxl.de\/markt\/wp-json\/wp\/v2\/product_brand?post=180793"},{"taxonomy":"product_cat","embeddable":true,"href":"https:\/\/marktxxl.de\/markt\/wp-json\/wp\/v2\/product_cat?post=180793"},{"taxonomy":"product_tag","embeddable":true,"href":"https:\/\/marktxxl.de\/markt\/wp-json\/wp\/v2\/product_tag?post=180793"}],"curies":[{"name":"wp","href":"https:\/\/api.w.org\/{rel}","templated":true}]}}