{"id":180738,"date":"2023-01-10T05:10:56","date_gmt":"2023-01-10T04:10:56","guid":{"rendered":"https:\/\/marktxxl.de\/markt\/produkt\/sunlite-a19-led-7-w-scha-b-30-k-shabbulb-modern-sunlite-shabbulb-sabbat-zulaessig-led-lampe-7-watt-entspricht-40-watt-warm-whitewarm-weiss\/"},"modified":"2023-04-08T04:40:13","modified_gmt":"2023-04-08T02:40:13","slug":"sunlite-a19-led-7-w-scha-b-30-k-shabbulb-modern-sunlite-shabbulb-sabbat-zulaessig-led-lampe-7-watt-entspricht-40-watt-warm-whitewarm-weiss","status":"publish","type":"product","link":"https:\/\/marktxxl.de\/markt\/produkt\/sunlite-a19-led-7-w-scha-b-30-k-shabbulb-modern-sunlite-shabbulb-sabbat-zulaessig-led-lampe-7-watt-entspricht-40-watt-warm-whitewarm-weiss\/","title":{"rendered":"Sunlite A19\/LED\/7\u00a0W\/Scha &#8216;B\/30\u00a0K shabbulb Modern Sunlite shabbulb, Sabbat zul\u00e4ssig LED Lampe, 7\u00a0WATT (entspricht 40\u00a0Watt) Warm whitewarm wei\u00df"},"content":{"rendered":"<p>Diese A19\u00a0Haushalt Gl\u00fchbirne hat eine Easy Slide Hebel zu verbergen, Zeige und schwaches Licht, die es zul\u00e4ssig f\u00fcr die Nutzung auf dem sabbat. Diese LED-Gl\u00fchlampe erzeugt einen warmen Wei\u00df Beleuchtung wie der klassische Gl\u00fchbirne. Dieses Leuchtmittel ist mechanisch dimmbar.<br \/>\nKeine spezielle Hardware, Lampe, oder Leuchtmittel erforderlich zu bedienen dieses Leuchtmittel. Leuchtmittel passt jedem Medium Boden, Nachttischleuchte, Wohnzimmer Lampe, oder jede andere Leuchtmittel Fassung.<br \/>\nLesen im Dunkeln oder schlafen in Licht dabei nicht sorgen f\u00fcr einen erholsamen sabbat. Egal, ob Sie zu Hause oder auf Reisen, bietet die shabbulb manuelle Licht Steuerung ohne Kompromisse.<br \/>\nDiese multi-volt Lampe (110\u2013240\u00a0V) macht es kompatibel mit internationalen Beschl\u00e4ge, ist es ideal f\u00fcr Reisen oder ein tolles Geschenk f\u00fcr jeden.<br \/>\nEmpfohlen und zertifiziert durch den Ou, bels koscher Aufsicht und viele anderen orthodoxen rabbis, siehe Verpackung f\u00fcr Details.<br \/>\n<div class=\"main-cross-sell\" data-asin=\"B01LZJ6HXH\">\n\n\t<div class=\"WooZone-cross-sell-loader\">\n\t\t<div>\n\t\t\t<div id=\"floatingBarsG\">\n\t\t\t\t<div class=\"blockG\" id=\"rotateG_01\"><\/div>\n\t\t\t\t<div class=\"blockG\" id=\"rotateG_02\"><\/div>\n\t\t\t\t<div class=\"blockG\" id=\"rotateG_03\"><\/div>\n\t\t\t\t<div class=\"blockG\" id=\"rotateG_04\"><\/div>\n\t\t\t\t<div class=\"blockG\" id=\"rotateG_05\"><\/div>\n\t\t\t\t<div class=\"blockG\" id=\"rotateG_06\"><\/div>\n\t\t\t\t<div class=\"blockG\" id=\"rotateG_07\"><\/div>\n\t\t\t\t<div class=\"blockG\" id=\"rotateG_08\"><\/div>\n\t\t\t<\/div>\n\t\t\t<div class=\"WooZone-cross-sell-loader-text\"><\/div>\n\t\t<\/div>\n\t<\/div>\n\n\t\t\n<\/div>\n<div style=\"clear:both;\"><\/div><\/p>\n","protected":false},"excerpt":{"rendered":"<p>Diese A19\u00a0Haushalt Gl\u00fchbirne hat eine Easy Slide Hebel zu verbergen, Zeige und schwaches Licht, die es zul\u00e4ssig f\u00fcr die Nutzung auf dem sabbat. Diese LED-Gl\u00fchlampe erzeugt einen warmen Wei\u00df Beleuchtung wie der klassische Gl\u00fchbirne. Dieses Leuchtmittel ist mechanisch dimmbar.<br \/>\nKeine spezielle Hardware, Lampe, oder Leuchtmittel erforderlich zu bedienen dieses Leuchtmittel. Leuchtmittel passt jedem Medium Boden, Nachttischleuchte, Wohnzimmer Lampe, oder jede andere Leuchtmittel Fassung.<br \/>\nLesen im Dunkeln oder schlafen in Licht dabei nicht sorgen f\u00fcr einen erholsamen sabbat. Egal, ob Sie zu Hause oder auf Reisen, bietet die shabbulb manuelle Licht Steuerung ohne Kompromisse.<\/p>\n","protected":false},"featured_media":180739,"comment_status":"open","ping_status":"closed","template":"","meta":[],"product_brand":[],"product_cat":[2108,11521],"product_tag":[],"class_list":{"0":"post-180738","1":"product","2":"type-product","3":"status-publish","4":"has-post-thumbnail","6":"product_cat-beleuchtung","7":"product_cat-leuchtmittel","8":"pa_binding-werkzeug","9":"pa_brand-sunlite","10":"pa_height-4-52-zoll","11":"pa_length-2-36-zoll","12":"pa_manufacturer-sunlite","13":"pa_model-25199","14":"pa_model-a19-led-7w-shab-30k","15":"pa_weight-0-3-pfund","16":"pa_width-2-36-zoll","18":"first","19":"instock","20":"shipping-taxable","21":"purchasable","22":"product-type-simple","23":"customify-col","24":"product-has-gallery"},"yoast_head":"<!-- This site is optimized with the Yoast SEO plugin v27.4 - https:\/\/yoast.com\/product\/yoast-seo-wordpress\/ -->\n<title>Sunlite A19\/LED\/7\u00a0W\/Scha &#039;B\/30\u00a0K shabbulb Modern Sunlite shabbulb, Sabbat zul\u00e4ssig LED Lampe, 7\u00a0WATT (entspricht 40\u00a0Watt) Warm whitewarm wei\u00df - Markt-XXL<\/title>\n<meta name=\"description\" content=\"Markt-XXL Sunlite A19\/LED\/7\u00a0W\/Scha &#039;B\/30\u00a0K shabbulb Modern Sunlite shabbulb, Sabbat zul\u00e4ssig LED Lampe, 7\u00a0WATT (entspricht 40\u00a0Watt) Warm whitewarm wei\u00df\" \/>\n<meta name=\"robots\" content=\"index, follow, max-snippet:-1, max-image-preview:large, max-video-preview:-1\" \/>\n<link rel=\"canonical\" href=\"https:\/\/marktxxl.de\/markt\/produkt\/sunlite-a19-led-7-w-scha-b-30-k-shabbulb-modern-sunlite-shabbulb-sabbat-zulaessig-led-lampe-7-watt-entspricht-40-watt-warm-whitewarm-weiss\/\" \/>\n<meta property=\"og:locale\" content=\"de_DE\" \/>\n<meta property=\"og:type\" content=\"article\" \/>\n<meta property=\"og:title\" content=\"Sunlite A19\/LED\/7\u00a0W\/Scha &#039;B\/30\u00a0K shabbulb Modern Sunlite shabbulb, Sabbat zul\u00e4ssig LED Lampe, 7\u00a0WATT (entspricht 40\u00a0Watt) Warm whitewarm wei\u00df - Markt-XXL\" \/>\n<meta property=\"og:description\" content=\"Markt-XXL Sunlite A19\/LED\/7\u00a0W\/Scha &#039;B\/30\u00a0K shabbulb Modern Sunlite shabbulb, Sabbat zul\u00e4ssig LED Lampe, 7\u00a0WATT (entspricht 40\u00a0Watt) Warm whitewarm wei\u00df\" \/>\n<meta property=\"og:url\" content=\"https:\/\/marktxxl.de\/markt\/produkt\/sunlite-a19-led-7-w-scha-b-30-k-shabbulb-modern-sunlite-shabbulb-sabbat-zulaessig-led-lampe-7-watt-entspricht-40-watt-warm-whitewarm-weiss\/\" \/>\n<meta property=\"og:site_name\" content=\"Markt-XXL\" \/>\n<meta property=\"article:modified_time\" content=\"2023-04-08T02:40:13+00:00\" \/>\n<meta property=\"og:image\" content=\"https:\/\/m.media-amazon.com\/images\/I\/31ozPmNN6bL._SL500_.jpg\" \/>\n\t<meta property=\"og:image:width\" content=\"500\" \/>\n\t<meta property=\"og:image:height\" content=\"500\" \/>\n\t<meta property=\"og:image:type\" content=\"image\/jpeg\" \/>\n<meta name=\"twitter:card\" content=\"summary_large_image\" \/>\n<meta name=\"twitter:label1\" content=\"Gesch\u00e4tzte Lesezeit\" \/>\n\t<meta name=\"twitter:data1\" content=\"1\u00a0Minute\" \/>\n<script type=\"application\/ld+json\" class=\"yoast-schema-graph\">{\"@context\":\"https:\\\/\\\/schema.org\",\"@graph\":[{\"@type\":\"WebPage\",\"@id\":\"https:\\\/\\\/marktxxl.de\\\/markt\\\/produkt\\\/sunlite-a19-led-7-w-scha-b-30-k-shabbulb-modern-sunlite-shabbulb-sabbat-zulaessig-led-lampe-7-watt-entspricht-40-watt-warm-whitewarm-weiss\\\/\",\"url\":\"https:\\\/\\\/marktxxl.de\\\/markt\\\/produkt\\\/sunlite-a19-led-7-w-scha-b-30-k-shabbulb-modern-sunlite-shabbulb-sabbat-zulaessig-led-lampe-7-watt-entspricht-40-watt-warm-whitewarm-weiss\\\/\",\"name\":\"Sunlite A19\\\/LED\\\/7\u00a0W\\\/Scha 'B\\\/30\u00a0K shabbulb Modern Sunlite shabbulb, Sabbat zul\u00e4ssig LED Lampe, 7\u00a0WATT (entspricht 40\u00a0Watt) Warm whitewarm wei\u00df - Markt-XXL\",\"isPartOf\":{\"@id\":\"https:\\\/\\\/marktxxl.de\\\/markt\\\/#website\"},\"primaryImageOfPage\":{\"@id\":\"https:\\\/\\\/marktxxl.de\\\/markt\\\/produkt\\\/sunlite-a19-led-7-w-scha-b-30-k-shabbulb-modern-sunlite-shabbulb-sabbat-zulaessig-led-lampe-7-watt-entspricht-40-watt-warm-whitewarm-weiss\\\/#primaryimage\"},\"image\":{\"@id\":\"https:\\\/\\\/marktxxl.de\\\/markt\\\/produkt\\\/sunlite-a19-led-7-w-scha-b-30-k-shabbulb-modern-sunlite-shabbulb-sabbat-zulaessig-led-lampe-7-watt-entspricht-40-watt-warm-whitewarm-weiss\\\/#primaryimage\"},\"thumbnailUrl\":\"https:\\\/\\\/m.media-amazon.com\\\/images\\\/I\\\/31ozPmNN6bL._SL500_.jpg\",\"datePublished\":\"2023-01-10T04:10:56+00:00\",\"dateModified\":\"2023-04-08T02:40:13+00:00\",\"description\":\"Markt-XXL Sunlite A19\\\/LED\\\/7\u00a0W\\\/Scha 'B\\\/30\u00a0K shabbulb Modern Sunlite shabbulb, Sabbat zul\u00e4ssig LED Lampe, 7\u00a0WATT (entspricht 40\u00a0Watt) Warm whitewarm wei\u00df\",\"breadcrumb\":{\"@id\":\"https:\\\/\\\/marktxxl.de\\\/markt\\\/produkt\\\/sunlite-a19-led-7-w-scha-b-30-k-shabbulb-modern-sunlite-shabbulb-sabbat-zulaessig-led-lampe-7-watt-entspricht-40-watt-warm-whitewarm-weiss\\\/#breadcrumb\"},\"inLanguage\":\"de\",\"potentialAction\":[{\"@type\":\"ReadAction\",\"target\":[\"https:\\\/\\\/marktxxl.de\\\/markt\\\/produkt\\\/sunlite-a19-led-7-w-scha-b-30-k-shabbulb-modern-sunlite-shabbulb-sabbat-zulaessig-led-lampe-7-watt-entspricht-40-watt-warm-whitewarm-weiss\\\/\"]}]},{\"@type\":\"ImageObject\",\"inLanguage\":\"de\",\"@id\":\"https:\\\/\\\/marktxxl.de\\\/markt\\\/produkt\\\/sunlite-a19-led-7-w-scha-b-30-k-shabbulb-modern-sunlite-shabbulb-sabbat-zulaessig-led-lampe-7-watt-entspricht-40-watt-warm-whitewarm-weiss\\\/#primaryimage\",\"url\":\"https:\\\/\\\/m.media-amazon.com\\\/images\\\/I\\\/31ozPmNN6bL._SL500_.jpg\",\"contentUrl\":\"https:\\\/\\\/m.media-amazon.com\\\/images\\\/I\\\/31ozPmNN6bL._SL500_.jpg\",\"width\":500,\"height\":500},{\"@type\":\"BreadcrumbList\",\"@id\":\"https:\\\/\\\/marktxxl.de\\\/markt\\\/produkt\\\/sunlite-a19-led-7-w-scha-b-30-k-shabbulb-modern-sunlite-shabbulb-sabbat-zulaessig-led-lampe-7-watt-entspricht-40-watt-warm-whitewarm-weiss\\\/#breadcrumb\",\"itemListElement\":[{\"@type\":\"ListItem\",\"position\":1,\"name\":\"Startseite\",\"item\":\"https:\\\/\\\/marktxxl.de\\\/markt\\\/\"},{\"@type\":\"ListItem\",\"position\":2,\"name\":\"Markt\",\"item\":\"https:\\\/\\\/marktxxl.de\\\/markt\\\/\"},{\"@type\":\"ListItem\",\"position\":3,\"name\":\"Sunlite A19\\\/LED\\\/7\u00a0W\\\/Scha &#8216;B\\\/30\u00a0K shabbulb Modern Sunlite shabbulb, Sabbat zul\u00e4ssig LED Lampe, 7\u00a0WATT (entspricht 40\u00a0Watt) Warm whitewarm wei\u00df\"}]},{\"@type\":\"WebSite\",\"@id\":\"https:\\\/\\\/marktxxl.de\\\/markt\\\/#website\",\"url\":\"https:\\\/\\\/marktxxl.de\\\/markt\\\/\",\"name\":\"Markt-XXL\",\"description\":\"Ihr Markt Online\",\"publisher\":{\"@id\":\"https:\\\/\\\/marktxxl.de\\\/markt\\\/#organization\"},\"potentialAction\":[{\"@type\":\"SearchAction\",\"target\":{\"@type\":\"EntryPoint\",\"urlTemplate\":\"https:\\\/\\\/marktxxl.de\\\/markt\\\/?s={search_term_string}\"},\"query-input\":{\"@type\":\"PropertyValueSpecification\",\"valueRequired\":true,\"valueName\":\"search_term_string\"}}],\"inLanguage\":\"de\"},{\"@type\":\"Organization\",\"@id\":\"https:\\\/\\\/marktxxl.de\\\/markt\\\/#organization\",\"name\":\"Markt-XXL\",\"url\":\"https:\\\/\\\/marktxxl.de\\\/markt\\\/\",\"logo\":{\"@type\":\"ImageObject\",\"inLanguage\":\"de\",\"@id\":\"https:\\\/\\\/marktxxl.de\\\/markt\\\/#\\\/schema\\\/logo\\\/image\\\/\",\"url\":\"https:\\\/\\\/marktxxl.de\\\/markt\\\/wp-content\\\/uploads\\\/sites\\\/3\\\/2020\\\/12\\\/logo.png\",\"contentUrl\":\"https:\\\/\\\/marktxxl.de\\\/markt\\\/wp-content\\\/uploads\\\/sites\\\/3\\\/2020\\\/12\\\/logo.png\",\"width\":200,\"height\":70,\"caption\":\"Markt-XXL\"},\"image\":{\"@id\":\"https:\\\/\\\/marktxxl.de\\\/markt\\\/#\\\/schema\\\/logo\\\/image\\\/\"}}]}<\/script>\n<!-- \/ Yoast SEO plugin. -->","yoast_head_json":{"title":"Sunlite A19\/LED\/7\u00a0W\/Scha 'B\/30\u00a0K shabbulb Modern Sunlite shabbulb, Sabbat zul\u00e4ssig LED Lampe, 7\u00a0WATT (entspricht 40\u00a0Watt) Warm whitewarm wei\u00df - Markt-XXL","description":"Markt-XXL Sunlite A19\/LED\/7\u00a0W\/Scha 'B\/30\u00a0K shabbulb Modern Sunlite shabbulb, Sabbat zul\u00e4ssig LED Lampe, 7\u00a0WATT (entspricht 40\u00a0Watt) Warm whitewarm wei\u00df","robots":{"index":"index","follow":"follow","max-snippet":"max-snippet:-1","max-image-preview":"max-image-preview:large","max-video-preview":"max-video-preview:-1"},"canonical":"https:\/\/marktxxl.de\/markt\/produkt\/sunlite-a19-led-7-w-scha-b-30-k-shabbulb-modern-sunlite-shabbulb-sabbat-zulaessig-led-lampe-7-watt-entspricht-40-watt-warm-whitewarm-weiss\/","og_locale":"de_DE","og_type":"article","og_title":"Sunlite A19\/LED\/7\u00a0W\/Scha 'B\/30\u00a0K shabbulb Modern Sunlite shabbulb, Sabbat zul\u00e4ssig LED Lampe, 7\u00a0WATT (entspricht 40\u00a0Watt) Warm whitewarm wei\u00df - Markt-XXL","og_description":"Markt-XXL Sunlite A19\/LED\/7\u00a0W\/Scha 'B\/30\u00a0K shabbulb Modern Sunlite shabbulb, Sabbat zul\u00e4ssig LED Lampe, 7\u00a0WATT (entspricht 40\u00a0Watt) Warm whitewarm wei\u00df","og_url":"https:\/\/marktxxl.de\/markt\/produkt\/sunlite-a19-led-7-w-scha-b-30-k-shabbulb-modern-sunlite-shabbulb-sabbat-zulaessig-led-lampe-7-watt-entspricht-40-watt-warm-whitewarm-weiss\/","og_site_name":"Markt-XXL","article_modified_time":"2023-04-08T02:40:13+00:00","og_image":[{"width":500,"height":500,"url":"https:\/\/m.media-amazon.com\/images\/I\/31ozPmNN6bL._SL500_.jpg","type":"image\/jpeg"}],"twitter_card":"summary_large_image","twitter_misc":{"Gesch\u00e4tzte Lesezeit":"1\u00a0Minute"},"schema":{"@context":"https:\/\/schema.org","@graph":[{"@type":"WebPage","@id":"https:\/\/marktxxl.de\/markt\/produkt\/sunlite-a19-led-7-w-scha-b-30-k-shabbulb-modern-sunlite-shabbulb-sabbat-zulaessig-led-lampe-7-watt-entspricht-40-watt-warm-whitewarm-weiss\/","url":"https:\/\/marktxxl.de\/markt\/produkt\/sunlite-a19-led-7-w-scha-b-30-k-shabbulb-modern-sunlite-shabbulb-sabbat-zulaessig-led-lampe-7-watt-entspricht-40-watt-warm-whitewarm-weiss\/","name":"Sunlite A19\/LED\/7\u00a0W\/Scha 'B\/30\u00a0K shabbulb Modern Sunlite shabbulb, Sabbat zul\u00e4ssig LED Lampe, 7\u00a0WATT (entspricht 40\u00a0Watt) Warm whitewarm wei\u00df - Markt-XXL","isPartOf":{"@id":"https:\/\/marktxxl.de\/markt\/#website"},"primaryImageOfPage":{"@id":"https:\/\/marktxxl.de\/markt\/produkt\/sunlite-a19-led-7-w-scha-b-30-k-shabbulb-modern-sunlite-shabbulb-sabbat-zulaessig-led-lampe-7-watt-entspricht-40-watt-warm-whitewarm-weiss\/#primaryimage"},"image":{"@id":"https:\/\/marktxxl.de\/markt\/produkt\/sunlite-a19-led-7-w-scha-b-30-k-shabbulb-modern-sunlite-shabbulb-sabbat-zulaessig-led-lampe-7-watt-entspricht-40-watt-warm-whitewarm-weiss\/#primaryimage"},"thumbnailUrl":"https:\/\/m.media-amazon.com\/images\/I\/31ozPmNN6bL._SL500_.jpg","datePublished":"2023-01-10T04:10:56+00:00","dateModified":"2023-04-08T02:40:13+00:00","description":"Markt-XXL Sunlite A19\/LED\/7\u00a0W\/Scha 'B\/30\u00a0K shabbulb Modern Sunlite shabbulb, Sabbat zul\u00e4ssig LED Lampe, 7\u00a0WATT (entspricht 40\u00a0Watt) Warm whitewarm wei\u00df","breadcrumb":{"@id":"https:\/\/marktxxl.de\/markt\/produkt\/sunlite-a19-led-7-w-scha-b-30-k-shabbulb-modern-sunlite-shabbulb-sabbat-zulaessig-led-lampe-7-watt-entspricht-40-watt-warm-whitewarm-weiss\/#breadcrumb"},"inLanguage":"de","potentialAction":[{"@type":"ReadAction","target":["https:\/\/marktxxl.de\/markt\/produkt\/sunlite-a19-led-7-w-scha-b-30-k-shabbulb-modern-sunlite-shabbulb-sabbat-zulaessig-led-lampe-7-watt-entspricht-40-watt-warm-whitewarm-weiss\/"]}]},{"@type":"ImageObject","inLanguage":"de","@id":"https:\/\/marktxxl.de\/markt\/produkt\/sunlite-a19-led-7-w-scha-b-30-k-shabbulb-modern-sunlite-shabbulb-sabbat-zulaessig-led-lampe-7-watt-entspricht-40-watt-warm-whitewarm-weiss\/#primaryimage","url":"https:\/\/m.media-amazon.com\/images\/I\/31ozPmNN6bL._SL500_.jpg","contentUrl":"https:\/\/m.media-amazon.com\/images\/I\/31ozPmNN6bL._SL500_.jpg","width":500,"height":500},{"@type":"BreadcrumbList","@id":"https:\/\/marktxxl.de\/markt\/produkt\/sunlite-a19-led-7-w-scha-b-30-k-shabbulb-modern-sunlite-shabbulb-sabbat-zulaessig-led-lampe-7-watt-entspricht-40-watt-warm-whitewarm-weiss\/#breadcrumb","itemListElement":[{"@type":"ListItem","position":1,"name":"Startseite","item":"https:\/\/marktxxl.de\/markt\/"},{"@type":"ListItem","position":2,"name":"Markt","item":"https:\/\/marktxxl.de\/markt\/"},{"@type":"ListItem","position":3,"name":"Sunlite A19\/LED\/7\u00a0W\/Scha &#8216;B\/30\u00a0K shabbulb Modern Sunlite shabbulb, Sabbat zul\u00e4ssig LED Lampe, 7\u00a0WATT (entspricht 40\u00a0Watt) Warm whitewarm wei\u00df"}]},{"@type":"WebSite","@id":"https:\/\/marktxxl.de\/markt\/#website","url":"https:\/\/marktxxl.de\/markt\/","name":"Markt-XXL","description":"Ihr Markt Online","publisher":{"@id":"https:\/\/marktxxl.de\/markt\/#organization"},"potentialAction":[{"@type":"SearchAction","target":{"@type":"EntryPoint","urlTemplate":"https:\/\/marktxxl.de\/markt\/?s={search_term_string}"},"query-input":{"@type":"PropertyValueSpecification","valueRequired":true,"valueName":"search_term_string"}}],"inLanguage":"de"},{"@type":"Organization","@id":"https:\/\/marktxxl.de\/markt\/#organization","name":"Markt-XXL","url":"https:\/\/marktxxl.de\/markt\/","logo":{"@type":"ImageObject","inLanguage":"de","@id":"https:\/\/marktxxl.de\/markt\/#\/schema\/logo\/image\/","url":"https:\/\/marktxxl.de\/markt\/wp-content\/uploads\/sites\/3\/2020\/12\/logo.png","contentUrl":"https:\/\/marktxxl.de\/markt\/wp-content\/uploads\/sites\/3\/2020\/12\/logo.png","width":200,"height":70,"caption":"Markt-XXL"},"image":{"@id":"https:\/\/marktxxl.de\/markt\/#\/schema\/logo\/image\/"}}]}},"_links":{"self":[{"href":"https:\/\/marktxxl.de\/markt\/wp-json\/wp\/v2\/product\/180738","targetHints":{"allow":["GET"]}}],"collection":[{"href":"https:\/\/marktxxl.de\/markt\/wp-json\/wp\/v2\/product"}],"about":[{"href":"https:\/\/marktxxl.de\/markt\/wp-json\/wp\/v2\/types\/product"}],"replies":[{"embeddable":true,"href":"https:\/\/marktxxl.de\/markt\/wp-json\/wp\/v2\/comments?post=180738"}],"wp:featuredmedia":[{"embeddable":true,"href":"https:\/\/marktxxl.de\/markt\/wp-json\/wp\/v2\/media\/180739"}],"wp:attachment":[{"href":"https:\/\/marktxxl.de\/markt\/wp-json\/wp\/v2\/media?parent=180738"}],"wp:term":[{"taxonomy":"product_brand","embeddable":true,"href":"https:\/\/marktxxl.de\/markt\/wp-json\/wp\/v2\/product_brand?post=180738"},{"taxonomy":"product_cat","embeddable":true,"href":"https:\/\/marktxxl.de\/markt\/wp-json\/wp\/v2\/product_cat?post=180738"},{"taxonomy":"product_tag","embeddable":true,"href":"https:\/\/marktxxl.de\/markt\/wp-json\/wp\/v2\/product_tag?post=180738"}],"curies":[{"name":"wp","href":"https:\/\/api.w.org\/{rel}","templated":true}]}}