{"id":180490,"date":"2023-01-10T04:20:21","date_gmt":"2023-01-10T03:20:21","guid":{"rendered":"https:\/\/marktxxl.de\/markt\/produkt\/searon-wiederaufladbares-bewegungssensor-nachtlicht-fuer-kinder-dimmbare-schrankleuchten-fuer-schrank-schlafzimmer-flur-schublade-schuppen-toilette-garage-mass-%cf%8693-x-t31\/"},"modified":"2023-04-08T04:40:09","modified_gmt":"2023-04-08T02:40:09","slug":"searon-wiederaufladbares-bewegungssensor-nachtlicht-fuer-kinder-dimmbare-schrankleuchten-fuer-schrank-schlafzimmer-flur-schublade-schuppen-toilette-garage-mass-%cf%8693-x-t31","status":"publish","type":"product","link":"https:\/\/marktxxl.de\/markt\/produkt\/searon-wiederaufladbares-bewegungssensor-nachtlicht-fuer-kinder-dimmbare-schrankleuchten-fuer-schrank-schlafzimmer-flur-schublade-schuppen-toilette-garage-mass-%cf%8693-x-t31\/","title":{"rendered":"Searon Wiederaufladbares Bewegungssensor-Nachtlicht f\u00fcr Kinder, dimmbare Schrankleuchten f\u00fcr Schrank, Schlafzimmer, Flur\u2026"},"content":{"rendered":"<p>\u2714\ufe0f\u3010Bewegungssensor-Licht\u3011 Eingebauter PIR-Infrarot-Bewegungsmelder, dieses Nachtlicht schaltet sich sofort ein, wenn es eine Bewegung innerhalb von 3 m in dunkler Umgebung erkennt. Und es schaltet sich nach 20 Sekunden automatisch aus, wenn keine Bewegung erkannt wird, wodurch Energieverschwendung reduziert wird.<br \/>\n\u2714\ufe0f\u3010ON\/OFF\/AUTO\/Dimmable\u3011ON-Modus, das Licht des Bewegungssensors leuchtet weiter; AUS-Modus: Schalten Sie das Nachtlicht physisch aus; AUTO-Modus: Der Fotozellensensor wird eingeschaltet, das Licht k\u00f6nnte den ganzen Tag eingeschaltet sein. Schieben Sie den Schalter auf der R\u00fcckseite dieses Kindernachtlichts, um die Helligkeit einzustellen: hoch\/niedrig.<br \/>\n\u2714\ufe0f\u3010Akkubetrieben\u3011 Die Flursensorleuchte verf\u00fcgt \u00fcber einen eingebauten 800-mAh-Akku und einen USB-C-Anschluss, und es sind keine Ersatzbatterien erforderlich. Es ist also umweltfreundlicher als die Lampen, die AAA-Batterien ben\u00f6tigen, und kann Ihr Geld sparen.<br \/>\n\u2714\ufe0f\u30103 Platzierungsoptionen\u3011 Das Nachtlicht kann mit einem St\u00e4nder f\u00fcr die Verwendung auf einem Tisch aufgestellt werden, die magnetische R\u00fcckseite sowie ein Metallklebepad erm\u00f6glichen die bequeme Befestigung des Lichts an Metalloberfl\u00e4chen oder anderen glatten Oberfl\u00e4chen.<br \/>\n\u2714\ufe0f\u3010Breite Anwendung\u3011 Diese Bewegungssensorleuchte eignet sich hervorragend f\u00fcr Orte ohne Strom wie Schuppen, Dachboden, Veranda, Toilette, Flur, Garage, Schrank, Treppe, Speisekammer, Keller usw.<br \/>\n<div class=\"main-cross-sell\" data-asin=\"B0BDDY8SZN\">\n\n\t<div class=\"WooZone-cross-sell-loader\">\n\t\t<div>\n\t\t\t<div id=\"floatingBarsG\">\n\t\t\t\t<div class=\"blockG\" id=\"rotateG_01\"><\/div>\n\t\t\t\t<div class=\"blockG\" id=\"rotateG_02\"><\/div>\n\t\t\t\t<div class=\"blockG\" id=\"rotateG_03\"><\/div>\n\t\t\t\t<div class=\"blockG\" id=\"rotateG_04\"><\/div>\n\t\t\t\t<div class=\"blockG\" id=\"rotateG_05\"><\/div>\n\t\t\t\t<div class=\"blockG\" id=\"rotateG_06\"><\/div>\n\t\t\t\t<div class=\"blockG\" id=\"rotateG_07\"><\/div>\n\t\t\t\t<div class=\"blockG\" id=\"rotateG_08\"><\/div>\n\t\t\t<\/div>\n\t\t\t<div class=\"WooZone-cross-sell-loader-text\"><\/div>\n\t\t<\/div>\n\t<\/div>\n\n\t\t\n<\/div>\n<div style=\"clear:both;\"><\/div><\/p>\n","protected":false},"excerpt":{"rendered":"<p>\u2714\ufe0f\u3010Bewegungssensor-Licht\u3011 Eingebauter PIR-Infrarot-Bewegungsmelder, dieses Nachtlicht schaltet sich sofort ein, wenn es eine Bewegung innerhalb von 3 m in dunkler Umgebung erkennt. Und es schaltet sich nach 20 Sekunden automatisch aus, wenn keine Bewegung erkannt wird, wodurch Energieverschwendung reduziert wird.<br \/>\n\u2714\ufe0f\u3010ON\/OFF\/AUTO\/Dimmable\u3011ON-Modus, das Licht des Bewegungssensors leuchtet weiter; AUS-Modus: Schalten Sie das Nachtlicht physisch aus; AUTO-Modus: Der Fotozellensensor wird eingeschaltet, das Licht k\u00f6nnte den ganzen Tag eingeschaltet sein. Schieben Sie den Schalter auf der R\u00fcckseite dieses Kindernachtlichts, um die Helligkeit einzustellen: hoch\/niedrig.<br \/>\n\u2714\ufe0f\u3010Akkubetrieben\u3011 Die Flursensorleuchte verf\u00fcgt \u00fcber einen eingebauten 800-mAh-Akku und einen USB-C-Anschluss, und es sind keine Ersatzbatterien erforderlich. Es ist also umweltfreundlicher als die Lampen, die AAA-Batterien ben\u00f6tigen, und kann Ihr Geld sparen.<\/p>\n","protected":false},"featured_media":180491,"comment_status":"open","ping_status":"closed","template":"","meta":[],"product_brand":[],"product_cat":[2108,11509],"product_tag":[],"class_list":{"0":"post-180490","1":"product","2":"type-product","3":"status-publish","4":"has-post-thumbnail","6":"product_cat-beleuchtung","7":"product_cat-innenbeleuchtung","8":"pa_brand-searon","9":"pa_height-1-2204724397-zoll","10":"pa_length-3-6614173191-zoll","11":"pa_manufacturer-youtong","12":"pa_model-sr-msl100wh","13":"pa_width-3-6614173191-zoll","15":"first","16":"instock","17":"shipping-taxable","18":"purchasable","19":"product-type-simple","20":"customify-col","21":"product-has-gallery"},"yoast_head":"<!-- This site is optimized with the Yoast SEO plugin v27.4 - https:\/\/yoast.com\/product\/yoast-seo-wordpress\/ -->\n<title>Searon Wiederaufladbares Bewegungssensor-Nachtlicht f\u00fcr Kinder, dimmbare Schrankleuchten f\u00fcr Schrank, Schlafzimmer, Flur\u2026 - Markt-XXL<\/title>\n<meta name=\"description\" content=\"Markt-XXL Searon Wiederaufladbares Bewegungssensor-Nachtlicht f\u00fcr Kinder, dimmbare Schrankleuchten f\u00fcr Schrank, Schlafzimmer, Flur\u2026\" \/>\n<meta name=\"robots\" content=\"index, follow, max-snippet:-1, max-image-preview:large, max-video-preview:-1\" \/>\n<link rel=\"canonical\" href=\"https:\/\/marktxxl.de\/markt\/produkt\/searon-wiederaufladbares-bewegungssensor-nachtlicht-fuer-kinder-dimmbare-schrankleuchten-fuer-schrank-schlafzimmer-flur-schublade-schuppen-toilette-garage-mass-\u03c693-x-t31\/\" \/>\n<meta property=\"og:locale\" content=\"de_DE\" \/>\n<meta property=\"og:type\" content=\"article\" \/>\n<meta property=\"og:title\" content=\"Searon Wiederaufladbares Bewegungssensor-Nachtlicht f\u00fcr Kinder, dimmbare Schrankleuchten f\u00fcr Schrank, Schlafzimmer, Flur\u2026 - Markt-XXL\" \/>\n<meta property=\"og:description\" content=\"Markt-XXL Searon Wiederaufladbares Bewegungssensor-Nachtlicht f\u00fcr Kinder, dimmbare Schrankleuchten f\u00fcr Schrank, Schlafzimmer, Flur\u2026\" \/>\n<meta property=\"og:url\" content=\"https:\/\/marktxxl.de\/markt\/produkt\/searon-wiederaufladbares-bewegungssensor-nachtlicht-fuer-kinder-dimmbare-schrankleuchten-fuer-schrank-schlafzimmer-flur-schublade-schuppen-toilette-garage-mass-\u03c693-x-t31\/\" \/>\n<meta property=\"og:site_name\" content=\"Markt-XXL\" \/>\n<meta property=\"article:modified_time\" content=\"2023-04-08T02:40:09+00:00\" \/>\n<meta property=\"og:image\" content=\"https:\/\/m.media-amazon.com\/images\/I\/31TsD4qbQvL._SL500_.jpg\" \/>\n\t<meta property=\"og:image:width\" content=\"500\" \/>\n\t<meta property=\"og:image:height\" content=\"500\" \/>\n\t<meta property=\"og:image:type\" content=\"image\/jpeg\" \/>\n<meta name=\"twitter:card\" content=\"summary_large_image\" \/>\n<meta name=\"twitter:label1\" content=\"Gesch\u00e4tzte Lesezeit\" \/>\n\t<meta name=\"twitter:data1\" content=\"1\u00a0Minute\" \/>\n<script type=\"application\/ld+json\" class=\"yoast-schema-graph\">{\"@context\":\"https:\\\/\\\/schema.org\",\"@graph\":[{\"@type\":\"WebPage\",\"@id\":\"https:\\\/\\\/marktxxl.de\\\/markt\\\/produkt\\\/searon-wiederaufladbares-bewegungssensor-nachtlicht-fuer-kinder-dimmbare-schrankleuchten-fuer-schrank-schlafzimmer-flur-schublade-schuppen-toilette-garage-mass-%cf%8693-x-t31\\\/\",\"url\":\"https:\\\/\\\/marktxxl.de\\\/markt\\\/produkt\\\/searon-wiederaufladbares-bewegungssensor-nachtlicht-fuer-kinder-dimmbare-schrankleuchten-fuer-schrank-schlafzimmer-flur-schublade-schuppen-toilette-garage-mass-%cf%8693-x-t31\\\/\",\"name\":\"Searon Wiederaufladbares Bewegungssensor-Nachtlicht f\u00fcr Kinder, dimmbare Schrankleuchten f\u00fcr Schrank, Schlafzimmer, Flur\u2026 - Markt-XXL\",\"isPartOf\":{\"@id\":\"https:\\\/\\\/marktxxl.de\\\/markt\\\/#website\"},\"primaryImageOfPage\":{\"@id\":\"https:\\\/\\\/marktxxl.de\\\/markt\\\/produkt\\\/searon-wiederaufladbares-bewegungssensor-nachtlicht-fuer-kinder-dimmbare-schrankleuchten-fuer-schrank-schlafzimmer-flur-schublade-schuppen-toilette-garage-mass-%cf%8693-x-t31\\\/#primaryimage\"},\"image\":{\"@id\":\"https:\\\/\\\/marktxxl.de\\\/markt\\\/produkt\\\/searon-wiederaufladbares-bewegungssensor-nachtlicht-fuer-kinder-dimmbare-schrankleuchten-fuer-schrank-schlafzimmer-flur-schublade-schuppen-toilette-garage-mass-%cf%8693-x-t31\\\/#primaryimage\"},\"thumbnailUrl\":\"https:\\\/\\\/m.media-amazon.com\\\/images\\\/I\\\/31TsD4qbQvL._SL500_.jpg\",\"datePublished\":\"2023-01-10T03:20:21+00:00\",\"dateModified\":\"2023-04-08T02:40:09+00:00\",\"description\":\"Markt-XXL Searon Wiederaufladbares Bewegungssensor-Nachtlicht f\u00fcr Kinder, dimmbare Schrankleuchten f\u00fcr Schrank, Schlafzimmer, Flur\u2026\",\"breadcrumb\":{\"@id\":\"https:\\\/\\\/marktxxl.de\\\/markt\\\/produkt\\\/searon-wiederaufladbares-bewegungssensor-nachtlicht-fuer-kinder-dimmbare-schrankleuchten-fuer-schrank-schlafzimmer-flur-schublade-schuppen-toilette-garage-mass-%cf%8693-x-t31\\\/#breadcrumb\"},\"inLanguage\":\"de\",\"potentialAction\":[{\"@type\":\"ReadAction\",\"target\":[\"https:\\\/\\\/marktxxl.de\\\/markt\\\/produkt\\\/searon-wiederaufladbares-bewegungssensor-nachtlicht-fuer-kinder-dimmbare-schrankleuchten-fuer-schrank-schlafzimmer-flur-schublade-schuppen-toilette-garage-mass-%cf%8693-x-t31\\\/\"]}]},{\"@type\":\"ImageObject\",\"inLanguage\":\"de\",\"@id\":\"https:\\\/\\\/marktxxl.de\\\/markt\\\/produkt\\\/searon-wiederaufladbares-bewegungssensor-nachtlicht-fuer-kinder-dimmbare-schrankleuchten-fuer-schrank-schlafzimmer-flur-schublade-schuppen-toilette-garage-mass-%cf%8693-x-t31\\\/#primaryimage\",\"url\":\"https:\\\/\\\/m.media-amazon.com\\\/images\\\/I\\\/31TsD4qbQvL._SL500_.jpg\",\"contentUrl\":\"https:\\\/\\\/m.media-amazon.com\\\/images\\\/I\\\/31TsD4qbQvL._SL500_.jpg\",\"width\":500,\"height\":500},{\"@type\":\"BreadcrumbList\",\"@id\":\"https:\\\/\\\/marktxxl.de\\\/markt\\\/produkt\\\/searon-wiederaufladbares-bewegungssensor-nachtlicht-fuer-kinder-dimmbare-schrankleuchten-fuer-schrank-schlafzimmer-flur-schublade-schuppen-toilette-garage-mass-%cf%8693-x-t31\\\/#breadcrumb\",\"itemListElement\":[{\"@type\":\"ListItem\",\"position\":1,\"name\":\"Startseite\",\"item\":\"https:\\\/\\\/marktxxl.de\\\/markt\\\/\"},{\"@type\":\"ListItem\",\"position\":2,\"name\":\"Markt\",\"item\":\"https:\\\/\\\/marktxxl.de\\\/markt\\\/\"},{\"@type\":\"ListItem\",\"position\":3,\"name\":\"Searon Wiederaufladbares Bewegungssensor-Nachtlicht f\u00fcr Kinder, dimmbare Schrankleuchten f\u00fcr Schrank, Schlafzimmer, Flur\u2026\"}]},{\"@type\":\"WebSite\",\"@id\":\"https:\\\/\\\/marktxxl.de\\\/markt\\\/#website\",\"url\":\"https:\\\/\\\/marktxxl.de\\\/markt\\\/\",\"name\":\"Markt-XXL\",\"description\":\"Ihr Markt Online\",\"publisher\":{\"@id\":\"https:\\\/\\\/marktxxl.de\\\/markt\\\/#organization\"},\"potentialAction\":[{\"@type\":\"SearchAction\",\"target\":{\"@type\":\"EntryPoint\",\"urlTemplate\":\"https:\\\/\\\/marktxxl.de\\\/markt\\\/?s={search_term_string}\"},\"query-input\":{\"@type\":\"PropertyValueSpecification\",\"valueRequired\":true,\"valueName\":\"search_term_string\"}}],\"inLanguage\":\"de\"},{\"@type\":\"Organization\",\"@id\":\"https:\\\/\\\/marktxxl.de\\\/markt\\\/#organization\",\"name\":\"Markt-XXL\",\"url\":\"https:\\\/\\\/marktxxl.de\\\/markt\\\/\",\"logo\":{\"@type\":\"ImageObject\",\"inLanguage\":\"de\",\"@id\":\"https:\\\/\\\/marktxxl.de\\\/markt\\\/#\\\/schema\\\/logo\\\/image\\\/\",\"url\":\"https:\\\/\\\/marktxxl.de\\\/markt\\\/wp-content\\\/uploads\\\/sites\\\/3\\\/2020\\\/12\\\/logo.png\",\"contentUrl\":\"https:\\\/\\\/marktxxl.de\\\/markt\\\/wp-content\\\/uploads\\\/sites\\\/3\\\/2020\\\/12\\\/logo.png\",\"width\":200,\"height\":70,\"caption\":\"Markt-XXL\"},\"image\":{\"@id\":\"https:\\\/\\\/marktxxl.de\\\/markt\\\/#\\\/schema\\\/logo\\\/image\\\/\"}}]}<\/script>\n<!-- \/ Yoast SEO plugin. -->","yoast_head_json":{"title":"Searon Wiederaufladbares Bewegungssensor-Nachtlicht f\u00fcr Kinder, dimmbare Schrankleuchten f\u00fcr Schrank, Schlafzimmer, Flur\u2026 - Markt-XXL","description":"Markt-XXL Searon Wiederaufladbares Bewegungssensor-Nachtlicht f\u00fcr Kinder, dimmbare Schrankleuchten f\u00fcr Schrank, Schlafzimmer, Flur\u2026","robots":{"index":"index","follow":"follow","max-snippet":"max-snippet:-1","max-image-preview":"max-image-preview:large","max-video-preview":"max-video-preview:-1"},"canonical":"https:\/\/marktxxl.de\/markt\/produkt\/searon-wiederaufladbares-bewegungssensor-nachtlicht-fuer-kinder-dimmbare-schrankleuchten-fuer-schrank-schlafzimmer-flur-schublade-schuppen-toilette-garage-mass-\u03c693-x-t31\/","og_locale":"de_DE","og_type":"article","og_title":"Searon Wiederaufladbares Bewegungssensor-Nachtlicht f\u00fcr Kinder, dimmbare Schrankleuchten f\u00fcr Schrank, Schlafzimmer, Flur\u2026 - Markt-XXL","og_description":"Markt-XXL Searon Wiederaufladbares Bewegungssensor-Nachtlicht f\u00fcr Kinder, dimmbare Schrankleuchten f\u00fcr Schrank, Schlafzimmer, Flur\u2026","og_url":"https:\/\/marktxxl.de\/markt\/produkt\/searon-wiederaufladbares-bewegungssensor-nachtlicht-fuer-kinder-dimmbare-schrankleuchten-fuer-schrank-schlafzimmer-flur-schublade-schuppen-toilette-garage-mass-\u03c693-x-t31\/","og_site_name":"Markt-XXL","article_modified_time":"2023-04-08T02:40:09+00:00","og_image":[{"width":500,"height":500,"url":"https:\/\/m.media-amazon.com\/images\/I\/31TsD4qbQvL._SL500_.jpg","type":"image\/jpeg"}],"twitter_card":"summary_large_image","twitter_misc":{"Gesch\u00e4tzte Lesezeit":"1\u00a0Minute"},"schema":{"@context":"https:\/\/schema.org","@graph":[{"@type":"WebPage","@id":"https:\/\/marktxxl.de\/markt\/produkt\/searon-wiederaufladbares-bewegungssensor-nachtlicht-fuer-kinder-dimmbare-schrankleuchten-fuer-schrank-schlafzimmer-flur-schublade-schuppen-toilette-garage-mass-%cf%8693-x-t31\/","url":"https:\/\/marktxxl.de\/markt\/produkt\/searon-wiederaufladbares-bewegungssensor-nachtlicht-fuer-kinder-dimmbare-schrankleuchten-fuer-schrank-schlafzimmer-flur-schublade-schuppen-toilette-garage-mass-%cf%8693-x-t31\/","name":"Searon Wiederaufladbares Bewegungssensor-Nachtlicht f\u00fcr Kinder, dimmbare Schrankleuchten f\u00fcr Schrank, Schlafzimmer, Flur\u2026 - Markt-XXL","isPartOf":{"@id":"https:\/\/marktxxl.de\/markt\/#website"},"primaryImageOfPage":{"@id":"https:\/\/marktxxl.de\/markt\/produkt\/searon-wiederaufladbares-bewegungssensor-nachtlicht-fuer-kinder-dimmbare-schrankleuchten-fuer-schrank-schlafzimmer-flur-schublade-schuppen-toilette-garage-mass-%cf%8693-x-t31\/#primaryimage"},"image":{"@id":"https:\/\/marktxxl.de\/markt\/produkt\/searon-wiederaufladbares-bewegungssensor-nachtlicht-fuer-kinder-dimmbare-schrankleuchten-fuer-schrank-schlafzimmer-flur-schublade-schuppen-toilette-garage-mass-%cf%8693-x-t31\/#primaryimage"},"thumbnailUrl":"https:\/\/m.media-amazon.com\/images\/I\/31TsD4qbQvL._SL500_.jpg","datePublished":"2023-01-10T03:20:21+00:00","dateModified":"2023-04-08T02:40:09+00:00","description":"Markt-XXL Searon Wiederaufladbares Bewegungssensor-Nachtlicht f\u00fcr Kinder, dimmbare Schrankleuchten f\u00fcr Schrank, Schlafzimmer, Flur\u2026","breadcrumb":{"@id":"https:\/\/marktxxl.de\/markt\/produkt\/searon-wiederaufladbares-bewegungssensor-nachtlicht-fuer-kinder-dimmbare-schrankleuchten-fuer-schrank-schlafzimmer-flur-schublade-schuppen-toilette-garage-mass-%cf%8693-x-t31\/#breadcrumb"},"inLanguage":"de","potentialAction":[{"@type":"ReadAction","target":["https:\/\/marktxxl.de\/markt\/produkt\/searon-wiederaufladbares-bewegungssensor-nachtlicht-fuer-kinder-dimmbare-schrankleuchten-fuer-schrank-schlafzimmer-flur-schublade-schuppen-toilette-garage-mass-%cf%8693-x-t31\/"]}]},{"@type":"ImageObject","inLanguage":"de","@id":"https:\/\/marktxxl.de\/markt\/produkt\/searon-wiederaufladbares-bewegungssensor-nachtlicht-fuer-kinder-dimmbare-schrankleuchten-fuer-schrank-schlafzimmer-flur-schublade-schuppen-toilette-garage-mass-%cf%8693-x-t31\/#primaryimage","url":"https:\/\/m.media-amazon.com\/images\/I\/31TsD4qbQvL._SL500_.jpg","contentUrl":"https:\/\/m.media-amazon.com\/images\/I\/31TsD4qbQvL._SL500_.jpg","width":500,"height":500},{"@type":"BreadcrumbList","@id":"https:\/\/marktxxl.de\/markt\/produkt\/searon-wiederaufladbares-bewegungssensor-nachtlicht-fuer-kinder-dimmbare-schrankleuchten-fuer-schrank-schlafzimmer-flur-schublade-schuppen-toilette-garage-mass-%cf%8693-x-t31\/#breadcrumb","itemListElement":[{"@type":"ListItem","position":1,"name":"Startseite","item":"https:\/\/marktxxl.de\/markt\/"},{"@type":"ListItem","position":2,"name":"Markt","item":"https:\/\/marktxxl.de\/markt\/"},{"@type":"ListItem","position":3,"name":"Searon Wiederaufladbares Bewegungssensor-Nachtlicht f\u00fcr Kinder, dimmbare Schrankleuchten f\u00fcr Schrank, Schlafzimmer, Flur\u2026"}]},{"@type":"WebSite","@id":"https:\/\/marktxxl.de\/markt\/#website","url":"https:\/\/marktxxl.de\/markt\/","name":"Markt-XXL","description":"Ihr Markt Online","publisher":{"@id":"https:\/\/marktxxl.de\/markt\/#organization"},"potentialAction":[{"@type":"SearchAction","target":{"@type":"EntryPoint","urlTemplate":"https:\/\/marktxxl.de\/markt\/?s={search_term_string}"},"query-input":{"@type":"PropertyValueSpecification","valueRequired":true,"valueName":"search_term_string"}}],"inLanguage":"de"},{"@type":"Organization","@id":"https:\/\/marktxxl.de\/markt\/#organization","name":"Markt-XXL","url":"https:\/\/marktxxl.de\/markt\/","logo":{"@type":"ImageObject","inLanguage":"de","@id":"https:\/\/marktxxl.de\/markt\/#\/schema\/logo\/image\/","url":"https:\/\/marktxxl.de\/markt\/wp-content\/uploads\/sites\/3\/2020\/12\/logo.png","contentUrl":"https:\/\/marktxxl.de\/markt\/wp-content\/uploads\/sites\/3\/2020\/12\/logo.png","width":200,"height":70,"caption":"Markt-XXL"},"image":{"@id":"https:\/\/marktxxl.de\/markt\/#\/schema\/logo\/image\/"}}]}},"_links":{"self":[{"href":"https:\/\/marktxxl.de\/markt\/wp-json\/wp\/v2\/product\/180490","targetHints":{"allow":["GET"]}}],"collection":[{"href":"https:\/\/marktxxl.de\/markt\/wp-json\/wp\/v2\/product"}],"about":[{"href":"https:\/\/marktxxl.de\/markt\/wp-json\/wp\/v2\/types\/product"}],"replies":[{"embeddable":true,"href":"https:\/\/marktxxl.de\/markt\/wp-json\/wp\/v2\/comments?post=180490"}],"wp:featuredmedia":[{"embeddable":true,"href":"https:\/\/marktxxl.de\/markt\/wp-json\/wp\/v2\/media\/180491"}],"wp:attachment":[{"href":"https:\/\/marktxxl.de\/markt\/wp-json\/wp\/v2\/media?parent=180490"}],"wp:term":[{"taxonomy":"product_brand","embeddable":true,"href":"https:\/\/marktxxl.de\/markt\/wp-json\/wp\/v2\/product_brand?post=180490"},{"taxonomy":"product_cat","embeddable":true,"href":"https:\/\/marktxxl.de\/markt\/wp-json\/wp\/v2\/product_cat?post=180490"},{"taxonomy":"product_tag","embeddable":true,"href":"https:\/\/marktxxl.de\/markt\/wp-json\/wp\/v2\/product_tag?post=180490"}],"curies":[{"name":"wp","href":"https:\/\/api.w.org\/{rel}","templated":true}]}}