{"id":180441,"date":"2023-01-10T04:17:43","date_gmt":"2023-01-10T03:17:43","guid":{"rendered":"https:\/\/marktxxl.de\/markt\/produkt\/fuji-bjj-guertel-aus-hochwertiger-baumwollmischung\/"},"modified":"2023-04-11T05:10:34","modified_gmt":"2023-04-11T03:10:34","slug":"fuji-bjj-guertel-aus-hochwertiger-baumwollmischung","status":"publish","type":"product","link":"https:\/\/marktxxl.de\/markt\/produkt\/fuji-bjj-guertel-aus-hochwertiger-baumwollmischung\/","title":{"rendered":"Fuji BJJ-G\u00fcrtel aus hochwertiger Baumwollmischung"},"content":{"rendered":"<p>BJJ-G\u00fcrtel: Fuji-G\u00fcrtel sind aus unserem hochwertigen Baumwollgewebe von FUJI hergestellt, was zu einem G\u00fcrtel f\u00fcr Langlebigkeit f\u00fchrt<br \/>\nJiu-Jitsu-G\u00fcrtel: Unsere G\u00fcrtel sind wettbewerbsbereit! Offizieller G\u00fcrtel des Olympischen Medaillenisten und BJJ Blackbelt Travis Stevens<br \/>\nJiu-Jitsu-G\u00fcrtel: FUJI-G\u00fcrtel sind gebaut, um den h\u00e4rtesten Trainingseinheiten und Wettbewerben standzuhalten<br \/>\nBJJ-G\u00fcrtel aus Baumwoll-Mischgewebe: erh\u00e4ltlich in brasilianischen Standard-Farben Jiu-Jitsu- und mittelhohen Gr\u00f6\u00dfen f\u00fcr Kinder<br \/>\nJiu-Jitsu Gi G\u00fcrtel: BJJ Fuji G\u00fcrtel in leuchtenden Farben<br \/>\n<div class=\"main-cross-sell\" data-asin=\"B00GMC1FDG\">\n\n\t<div class=\"WooZone-cross-sell-loader\">\n\t\t<div>\n\t\t\t<div id=\"floatingBarsG\">\n\t\t\t\t<div class=\"blockG\" id=\"rotateG_01\"><\/div>\n\t\t\t\t<div class=\"blockG\" id=\"rotateG_02\"><\/div>\n\t\t\t\t<div class=\"blockG\" id=\"rotateG_03\"><\/div>\n\t\t\t\t<div class=\"blockG\" id=\"rotateG_04\"><\/div>\n\t\t\t\t<div class=\"blockG\" id=\"rotateG_05\"><\/div>\n\t\t\t\t<div class=\"blockG\" id=\"rotateG_06\"><\/div>\n\t\t\t\t<div class=\"blockG\" id=\"rotateG_07\"><\/div>\n\t\t\t\t<div class=\"blockG\" id=\"rotateG_08\"><\/div>\n\t\t\t<\/div>\n\t\t\t<div class=\"WooZone-cross-sell-loader-text\"><\/div>\n\t\t<\/div>\n\t<\/div>\n\n\t\t\n<\/div>\n<div style=\"clear:both;\"><\/div><\/p>\n","protected":false},"excerpt":{"rendered":"<p>BJJ-G\u00fcrtel: Fuji-G\u00fcrtel sind aus unserem hochwertigen Baumwollgewebe von FUJI hergestellt, was zu einem G\u00fcrtel f\u00fcr Langlebigkeit f\u00fchrt<br \/>\nJiu-Jitsu-G\u00fcrtel: Unsere G\u00fcrtel sind wettbewerbsbereit! Offizieller G\u00fcrtel des Olympischen Medaillenisten und BJJ Blackbelt Travis Stevens<br \/>\nJiu-Jitsu-G\u00fcrtel: FUJI-G\u00fcrtel sind gebaut, um den h\u00e4rtesten Trainingseinheiten und Wettbewerben standzuhalten<\/p>\n","protected":false},"featured_media":180442,"comment_status":"open","ping_status":"closed","template":"","meta":[],"product_brand":[],"product_cat":[4143,1186],"product_tag":[],"class_list":{"0":"post-180441","1":"product","2":"type-product","3":"status-publish","4":"has-post-thumbnail","6":"product_cat-arbeitskleidung-uniformen","7":"product_cat-bekleidung","8":"pa_binding-ausruestung","9":"pa_brand-fuji","10":"pa_manufacturer-fuji","11":"pa_model-belt-bjj-black-a1-parent","13":"first","14":"instock","15":"shipping-taxable","16":"purchasable","17":"product-type-simple","18":"customify-col","19":"product-has-gallery"},"yoast_head":"<!-- This site is optimized with the Yoast SEO plugin v27.3 - https:\/\/yoast.com\/product\/yoast-seo-wordpress\/ -->\n<title>Fuji BJJ-G\u00fcrtel aus hochwertiger Baumwollmischung - Markt-XXL<\/title>\n<meta name=\"description\" content=\"Markt-XXL Fuji BJJ-G\u00fcrtel aus hochwertiger Baumwollmischung\" \/>\n<meta name=\"robots\" content=\"index, follow, max-snippet:-1, max-image-preview:large, max-video-preview:-1\" \/>\n<link rel=\"canonical\" href=\"https:\/\/marktxxl.de\/markt\/produkt\/fuji-bjj-guertel-aus-hochwertiger-baumwollmischung\/\" \/>\n<meta property=\"og:locale\" content=\"de_DE\" \/>\n<meta property=\"og:type\" content=\"article\" \/>\n<meta property=\"og:title\" content=\"Fuji BJJ-G\u00fcrtel aus hochwertiger Baumwollmischung - Markt-XXL\" \/>\n<meta property=\"og:description\" content=\"Markt-XXL Fuji BJJ-G\u00fcrtel aus hochwertiger Baumwollmischung\" \/>\n<meta property=\"og:url\" content=\"https:\/\/marktxxl.de\/markt\/produkt\/fuji-bjj-guertel-aus-hochwertiger-baumwollmischung\/\" \/>\n<meta property=\"og:site_name\" content=\"Markt-XXL\" \/>\n<meta property=\"article:modified_time\" content=\"2023-04-11T03:10:34+00:00\" \/>\n<meta property=\"og:image\" content=\"https:\/\/m.media-amazon.com\/images\/I\/318x2KxnA8L._SL500_.jpg\" \/>\n\t<meta property=\"og:image:width\" content=\"500\" \/>\n\t<meta property=\"og:image:height\" content=\"455\" \/>\n\t<meta property=\"og:image:type\" content=\"image\/jpeg\" \/>\n<meta name=\"twitter:card\" content=\"summary_large_image\" \/>\n<script type=\"application\/ld+json\" class=\"yoast-schema-graph\">{\"@context\":\"https:\\\/\\\/schema.org\",\"@graph\":[{\"@type\":\"WebPage\",\"@id\":\"https:\\\/\\\/marktxxl.de\\\/markt\\\/produkt\\\/fuji-bjj-guertel-aus-hochwertiger-baumwollmischung\\\/\",\"url\":\"https:\\\/\\\/marktxxl.de\\\/markt\\\/produkt\\\/fuji-bjj-guertel-aus-hochwertiger-baumwollmischung\\\/\",\"name\":\"Fuji BJJ-G\u00fcrtel aus hochwertiger Baumwollmischung - Markt-XXL\",\"isPartOf\":{\"@id\":\"https:\\\/\\\/marktxxl.de\\\/markt\\\/#website\"},\"primaryImageOfPage\":{\"@id\":\"https:\\\/\\\/marktxxl.de\\\/markt\\\/produkt\\\/fuji-bjj-guertel-aus-hochwertiger-baumwollmischung\\\/#primaryimage\"},\"image\":{\"@id\":\"https:\\\/\\\/marktxxl.de\\\/markt\\\/produkt\\\/fuji-bjj-guertel-aus-hochwertiger-baumwollmischung\\\/#primaryimage\"},\"thumbnailUrl\":\"https:\\\/\\\/m.media-amazon.com\\\/images\\\/I\\\/318x2KxnA8L._SL500_.jpg\",\"datePublished\":\"2023-01-10T03:17:43+00:00\",\"dateModified\":\"2023-04-11T03:10:34+00:00\",\"description\":\"Markt-XXL Fuji BJJ-G\u00fcrtel aus hochwertiger Baumwollmischung\",\"breadcrumb\":{\"@id\":\"https:\\\/\\\/marktxxl.de\\\/markt\\\/produkt\\\/fuji-bjj-guertel-aus-hochwertiger-baumwollmischung\\\/#breadcrumb\"},\"inLanguage\":\"de\",\"potentialAction\":[{\"@type\":\"ReadAction\",\"target\":[\"https:\\\/\\\/marktxxl.de\\\/markt\\\/produkt\\\/fuji-bjj-guertel-aus-hochwertiger-baumwollmischung\\\/\"]}]},{\"@type\":\"ImageObject\",\"inLanguage\":\"de\",\"@id\":\"https:\\\/\\\/marktxxl.de\\\/markt\\\/produkt\\\/fuji-bjj-guertel-aus-hochwertiger-baumwollmischung\\\/#primaryimage\",\"url\":\"https:\\\/\\\/m.media-amazon.com\\\/images\\\/I\\\/318x2KxnA8L._SL500_.jpg\",\"contentUrl\":\"https:\\\/\\\/m.media-amazon.com\\\/images\\\/I\\\/318x2KxnA8L._SL500_.jpg\",\"width\":500,\"height\":455},{\"@type\":\"BreadcrumbList\",\"@id\":\"https:\\\/\\\/marktxxl.de\\\/markt\\\/produkt\\\/fuji-bjj-guertel-aus-hochwertiger-baumwollmischung\\\/#breadcrumb\",\"itemListElement\":[{\"@type\":\"ListItem\",\"position\":1,\"name\":\"Startseite\",\"item\":\"https:\\\/\\\/marktxxl.de\\\/markt\\\/\"},{\"@type\":\"ListItem\",\"position\":2,\"name\":\"Markt\",\"item\":\"https:\\\/\\\/marktxxl.de\\\/markt\\\/\"},{\"@type\":\"ListItem\",\"position\":3,\"name\":\"Fuji BJJ-G\u00fcrtel aus hochwertiger Baumwollmischung\"}]},{\"@type\":\"WebSite\",\"@id\":\"https:\\\/\\\/marktxxl.de\\\/markt\\\/#website\",\"url\":\"https:\\\/\\\/marktxxl.de\\\/markt\\\/\",\"name\":\"Markt-XXL\",\"description\":\"Ihr Markt Online\",\"publisher\":{\"@id\":\"https:\\\/\\\/marktxxl.de\\\/markt\\\/#organization\"},\"potentialAction\":[{\"@type\":\"SearchAction\",\"target\":{\"@type\":\"EntryPoint\",\"urlTemplate\":\"https:\\\/\\\/marktxxl.de\\\/markt\\\/?s={search_term_string}\"},\"query-input\":{\"@type\":\"PropertyValueSpecification\",\"valueRequired\":true,\"valueName\":\"search_term_string\"}}],\"inLanguage\":\"de\"},{\"@type\":\"Organization\",\"@id\":\"https:\\\/\\\/marktxxl.de\\\/markt\\\/#organization\",\"name\":\"Markt-XXL\",\"url\":\"https:\\\/\\\/marktxxl.de\\\/markt\\\/\",\"logo\":{\"@type\":\"ImageObject\",\"inLanguage\":\"de\",\"@id\":\"https:\\\/\\\/marktxxl.de\\\/markt\\\/#\\\/schema\\\/logo\\\/image\\\/\",\"url\":\"https:\\\/\\\/marktxxl.de\\\/markt\\\/wp-content\\\/uploads\\\/sites\\\/3\\\/2020\\\/12\\\/logo.png\",\"contentUrl\":\"https:\\\/\\\/marktxxl.de\\\/markt\\\/wp-content\\\/uploads\\\/sites\\\/3\\\/2020\\\/12\\\/logo.png\",\"width\":200,\"height\":70,\"caption\":\"Markt-XXL\"},\"image\":{\"@id\":\"https:\\\/\\\/marktxxl.de\\\/markt\\\/#\\\/schema\\\/logo\\\/image\\\/\"}}]}<\/script>\n<!-- \/ Yoast SEO plugin. -->","yoast_head_json":{"title":"Fuji BJJ-G\u00fcrtel aus hochwertiger Baumwollmischung - Markt-XXL","description":"Markt-XXL Fuji BJJ-G\u00fcrtel aus hochwertiger Baumwollmischung","robots":{"index":"index","follow":"follow","max-snippet":"max-snippet:-1","max-image-preview":"max-image-preview:large","max-video-preview":"max-video-preview:-1"},"canonical":"https:\/\/marktxxl.de\/markt\/produkt\/fuji-bjj-guertel-aus-hochwertiger-baumwollmischung\/","og_locale":"de_DE","og_type":"article","og_title":"Fuji BJJ-G\u00fcrtel aus hochwertiger Baumwollmischung - Markt-XXL","og_description":"Markt-XXL Fuji BJJ-G\u00fcrtel aus hochwertiger Baumwollmischung","og_url":"https:\/\/marktxxl.de\/markt\/produkt\/fuji-bjj-guertel-aus-hochwertiger-baumwollmischung\/","og_site_name":"Markt-XXL","article_modified_time":"2023-04-11T03:10:34+00:00","og_image":[{"width":500,"height":455,"url":"https:\/\/m.media-amazon.com\/images\/I\/318x2KxnA8L._SL500_.jpg","type":"image\/jpeg"}],"twitter_card":"summary_large_image","schema":{"@context":"https:\/\/schema.org","@graph":[{"@type":"WebPage","@id":"https:\/\/marktxxl.de\/markt\/produkt\/fuji-bjj-guertel-aus-hochwertiger-baumwollmischung\/","url":"https:\/\/marktxxl.de\/markt\/produkt\/fuji-bjj-guertel-aus-hochwertiger-baumwollmischung\/","name":"Fuji BJJ-G\u00fcrtel aus hochwertiger Baumwollmischung - Markt-XXL","isPartOf":{"@id":"https:\/\/marktxxl.de\/markt\/#website"},"primaryImageOfPage":{"@id":"https:\/\/marktxxl.de\/markt\/produkt\/fuji-bjj-guertel-aus-hochwertiger-baumwollmischung\/#primaryimage"},"image":{"@id":"https:\/\/marktxxl.de\/markt\/produkt\/fuji-bjj-guertel-aus-hochwertiger-baumwollmischung\/#primaryimage"},"thumbnailUrl":"https:\/\/m.media-amazon.com\/images\/I\/318x2KxnA8L._SL500_.jpg","datePublished":"2023-01-10T03:17:43+00:00","dateModified":"2023-04-11T03:10:34+00:00","description":"Markt-XXL Fuji BJJ-G\u00fcrtel aus hochwertiger Baumwollmischung","breadcrumb":{"@id":"https:\/\/marktxxl.de\/markt\/produkt\/fuji-bjj-guertel-aus-hochwertiger-baumwollmischung\/#breadcrumb"},"inLanguage":"de","potentialAction":[{"@type":"ReadAction","target":["https:\/\/marktxxl.de\/markt\/produkt\/fuji-bjj-guertel-aus-hochwertiger-baumwollmischung\/"]}]},{"@type":"ImageObject","inLanguage":"de","@id":"https:\/\/marktxxl.de\/markt\/produkt\/fuji-bjj-guertel-aus-hochwertiger-baumwollmischung\/#primaryimage","url":"https:\/\/m.media-amazon.com\/images\/I\/318x2KxnA8L._SL500_.jpg","contentUrl":"https:\/\/m.media-amazon.com\/images\/I\/318x2KxnA8L._SL500_.jpg","width":500,"height":455},{"@type":"BreadcrumbList","@id":"https:\/\/marktxxl.de\/markt\/produkt\/fuji-bjj-guertel-aus-hochwertiger-baumwollmischung\/#breadcrumb","itemListElement":[{"@type":"ListItem","position":1,"name":"Startseite","item":"https:\/\/marktxxl.de\/markt\/"},{"@type":"ListItem","position":2,"name":"Markt","item":"https:\/\/marktxxl.de\/markt\/"},{"@type":"ListItem","position":3,"name":"Fuji BJJ-G\u00fcrtel aus hochwertiger Baumwollmischung"}]},{"@type":"WebSite","@id":"https:\/\/marktxxl.de\/markt\/#website","url":"https:\/\/marktxxl.de\/markt\/","name":"Markt-XXL","description":"Ihr Markt Online","publisher":{"@id":"https:\/\/marktxxl.de\/markt\/#organization"},"potentialAction":[{"@type":"SearchAction","target":{"@type":"EntryPoint","urlTemplate":"https:\/\/marktxxl.de\/markt\/?s={search_term_string}"},"query-input":{"@type":"PropertyValueSpecification","valueRequired":true,"valueName":"search_term_string"}}],"inLanguage":"de"},{"@type":"Organization","@id":"https:\/\/marktxxl.de\/markt\/#organization","name":"Markt-XXL","url":"https:\/\/marktxxl.de\/markt\/","logo":{"@type":"ImageObject","inLanguage":"de","@id":"https:\/\/marktxxl.de\/markt\/#\/schema\/logo\/image\/","url":"https:\/\/marktxxl.de\/markt\/wp-content\/uploads\/sites\/3\/2020\/12\/logo.png","contentUrl":"https:\/\/marktxxl.de\/markt\/wp-content\/uploads\/sites\/3\/2020\/12\/logo.png","width":200,"height":70,"caption":"Markt-XXL"},"image":{"@id":"https:\/\/marktxxl.de\/markt\/#\/schema\/logo\/image\/"}}]}},"_links":{"self":[{"href":"https:\/\/marktxxl.de\/markt\/wp-json\/wp\/v2\/product\/180441","targetHints":{"allow":["GET"]}}],"collection":[{"href":"https:\/\/marktxxl.de\/markt\/wp-json\/wp\/v2\/product"}],"about":[{"href":"https:\/\/marktxxl.de\/markt\/wp-json\/wp\/v2\/types\/product"}],"replies":[{"embeddable":true,"href":"https:\/\/marktxxl.de\/markt\/wp-json\/wp\/v2\/comments?post=180441"}],"wp:featuredmedia":[{"embeddable":true,"href":"https:\/\/marktxxl.de\/markt\/wp-json\/wp\/v2\/media\/180442"}],"wp:attachment":[{"href":"https:\/\/marktxxl.de\/markt\/wp-json\/wp\/v2\/media?parent=180441"}],"wp:term":[{"taxonomy":"product_brand","embeddable":true,"href":"https:\/\/marktxxl.de\/markt\/wp-json\/wp\/v2\/product_brand?post=180441"},{"taxonomy":"product_cat","embeddable":true,"href":"https:\/\/marktxxl.de\/markt\/wp-json\/wp\/v2\/product_cat?post=180441"},{"taxonomy":"product_tag","embeddable":true,"href":"https:\/\/marktxxl.de\/markt\/wp-json\/wp\/v2\/product_tag?post=180441"}],"curies":[{"name":"wp","href":"https:\/\/api.w.org\/{rel}","templated":true}]}}