{"id":180435,"date":"2023-01-10T04:17:32","date_gmt":"2023-01-10T03:17:32","guid":{"rendered":"https:\/\/marktxxl.de\/markt\/produkt\/med-couture-womens-med-tech-jacket\/"},"modified":"2023-04-11T05:10:34","modified_gmt":"2023-04-11T03:10:34","slug":"med-couture-womens-med-tech-jacket","status":"publish","type":"product","link":"https:\/\/marktxxl.de\/markt\/produkt\/med-couture-womens-med-tech-jacket\/","title":{"rendered":"Med Couture Women&#8217;s Med-Tech Jacket"},"content":{"rendered":"<p>\u00dcberlegene Passform: Diese Fleece-Jacke verf\u00fcgt \u00fcber einen Rei\u00dfverschluss, der auch als Haarband fungiert, zwei Eingrifftaschen vorne, zwei versteckte Innentaschen und einen Logo-Reflektor hinten. R\u00fcckenl\u00e4nge (Mitte): 66 cm<br \/>\nInnovative Stofftechnologie: Mit unserem leistungsstarken Fleece-Gewebe bleiben Sie warm und gem\u00fctlich, w\u00e4hrend Sie Ihren aktiven und aktiven Lebensstil fast so gut wie Sie es tun. Ihre Arbeit ist anspruchsvoll, also fordern Sie mehr von Ihren Peelings. Wir versprechen, dass Activate damit umgehen kann.<br \/>\nLanglebig und pflegeleicht: Med Couture Performance-Vliesstoff h\u00e4lt Ihrem gesch\u00e4ftigen Lebensstil als medizinisches Fachpersonal stand. Das Polyester-Performance-Material ist langlebig, l\u00e4sst sich gut waschen und verblasst nicht und widersteht Flecken.<br \/>\nVIELSEITIG. Lebendig. Wichtig: Schichten sind immer eine verantwortungsvolle Wahl, um sicherzustellen, dass Sie auf jedes Temperaturniveau vorbereitet sind, unabh\u00e4ngig von der Jahreszeit. Mit den Med Couture Schichten geben wir Ihnen die Teile, um nicht nur leicht von schw\u00fclendem Sommerwetter zu k\u00fchlen, klimatisierten B\u00fcro zu \u00fcbergehen, sondern auch stilvoll zu machen.<br \/>\n#SCRUBLIFE: Wir sind seit mehr als 30 Jahren im Gesch\u00e4ft t\u00e4tig. Wir sind stolz darauf, ein Unternehmen mit tiefen Wurzeln in der #scrublife-Kultur zu sein. Unser Look beschreibt die Pflegerkultur, wie wir alle umfassen. Wir f\u00fchlen uns am meisten erf\u00fcllten, wenn wir anderen Menschen helfen.<br \/>\n<div class=\"main-cross-sell\" data-asin=\"B0BF4X79PT\">\n\n\t<div class=\"WooZone-cross-sell-loader\">\n\t\t<div>\n\t\t\t<div id=\"floatingBarsG\">\n\t\t\t\t<div class=\"blockG\" id=\"rotateG_01\"><\/div>\n\t\t\t\t<div class=\"blockG\" id=\"rotateG_02\"><\/div>\n\t\t\t\t<div class=\"blockG\" id=\"rotateG_03\"><\/div>\n\t\t\t\t<div class=\"blockG\" id=\"rotateG_04\"><\/div>\n\t\t\t\t<div class=\"blockG\" id=\"rotateG_05\"><\/div>\n\t\t\t\t<div class=\"blockG\" id=\"rotateG_06\"><\/div>\n\t\t\t\t<div class=\"blockG\" id=\"rotateG_07\"><\/div>\n\t\t\t\t<div class=\"blockG\" id=\"rotateG_08\"><\/div>\n\t\t\t<\/div>\n\t\t\t<div class=\"WooZone-cross-sell-loader-text\"><\/div>\n\t\t<\/div>\n\t<\/div>\n\n\t\t\n<\/div>\n<div style=\"clear:both;\"><\/div><\/p>\n","protected":false},"excerpt":{"rendered":"<p>\u00dcberlegene Passform: Diese Fleece-Jacke verf\u00fcgt \u00fcber einen Rei\u00dfverschluss, der auch als Haarband fungiert, zwei Eingrifftaschen vorne, zwei versteckte Innentaschen und einen Logo-Reflektor hinten. R\u00fcckenl\u00e4nge (Mitte): 66 cm<br \/>\nInnovative Stofftechnologie: Mit unserem leistungsstarken Fleece-Gewebe bleiben Sie warm und gem\u00fctlich, w\u00e4hrend Sie Ihren aktiven und aktiven Lebensstil fast so gut wie Sie es tun. Ihre Arbeit ist anspruchsvoll, also fordern Sie mehr von Ihren Peelings. Wir versprechen, dass Activate damit umgehen kann.<br \/>\nLanglebig und pflegeleicht: Med Couture Performance-Vliesstoff h\u00e4lt Ihrem gesch\u00e4ftigen Lebensstil als medizinisches Fachpersonal stand. Das Polyester-Performance-Material ist langlebig, l\u00e4sst sich gut waschen und verblasst nicht und widersteht Flecken.<\/p>\n","protected":false},"featured_media":180436,"comment_status":"open","ping_status":"closed","template":"","meta":[],"product_brand":[],"product_cat":[4143,1186],"product_tag":[],"class_list":{"0":"post-180435","1":"product","2":"type-product","3":"status-publish","4":"has-post-thumbnail","6":"product_cat-arbeitskleidung-uniformen","7":"product_cat-bekleidung","8":"pa_binding-unbekannter-einband","9":"pa_brand-med-couture","10":"pa_color-new-navy","11":"pa_height-1-zoll","12":"pa_length-1-zoll","13":"pa_manufacturer-med-couture","14":"pa_model-34780","15":"pa_weight-0-5-pfund","16":"pa_width-1-zoll","18":"first","19":"instock","20":"shipping-taxable","21":"purchasable","22":"product-type-simple","23":"customify-col","24":"product-has-gallery"},"yoast_head":"<!-- This site is optimized with the Yoast SEO plugin v27.3 - https:\/\/yoast.com\/product\/yoast-seo-wordpress\/ -->\n<title>Med Couture Women&#039;s Med-Tech Jacket - Markt-XXL<\/title>\n<meta name=\"description\" content=\"Markt-XXL Med Couture Women&#039;s Med-Tech Jacket\" \/>\n<meta name=\"robots\" content=\"index, follow, max-snippet:-1, max-image-preview:large, max-video-preview:-1\" \/>\n<link rel=\"canonical\" href=\"https:\/\/marktxxl.de\/markt\/produkt\/med-couture-womens-med-tech-jacket\/\" \/>\n<meta property=\"og:locale\" content=\"de_DE\" \/>\n<meta property=\"og:type\" content=\"article\" \/>\n<meta property=\"og:title\" content=\"Med Couture Women&#039;s Med-Tech Jacket - Markt-XXL\" \/>\n<meta property=\"og:description\" content=\"Markt-XXL Med Couture Women&#039;s Med-Tech Jacket\" \/>\n<meta property=\"og:url\" content=\"https:\/\/marktxxl.de\/markt\/produkt\/med-couture-womens-med-tech-jacket\/\" \/>\n<meta property=\"og:site_name\" content=\"Markt-XXL\" \/>\n<meta property=\"article:modified_time\" content=\"2023-04-11T03:10:34+00:00\" \/>\n<meta property=\"og:image\" content=\"https:\/\/m.media-amazon.com\/images\/I\/31LUmSnWVCL._SL500_.jpg\" \/>\n\t<meta property=\"og:image:width\" content=\"333\" \/>\n\t<meta property=\"og:image:height\" content=\"500\" \/>\n\t<meta property=\"og:image:type\" content=\"image\/jpeg\" \/>\n<meta name=\"twitter:card\" content=\"summary_large_image\" \/>\n<meta name=\"twitter:label1\" content=\"Gesch\u00e4tzte Lesezeit\" \/>\n\t<meta name=\"twitter:data1\" content=\"1\u00a0Minute\" \/>\n<script type=\"application\/ld+json\" class=\"yoast-schema-graph\">{\"@context\":\"https:\\\/\\\/schema.org\",\"@graph\":[{\"@type\":\"WebPage\",\"@id\":\"https:\\\/\\\/marktxxl.de\\\/markt\\\/produkt\\\/med-couture-womens-med-tech-jacket\\\/\",\"url\":\"https:\\\/\\\/marktxxl.de\\\/markt\\\/produkt\\\/med-couture-womens-med-tech-jacket\\\/\",\"name\":\"Med Couture Women's Med-Tech Jacket - Markt-XXL\",\"isPartOf\":{\"@id\":\"https:\\\/\\\/marktxxl.de\\\/markt\\\/#website\"},\"primaryImageOfPage\":{\"@id\":\"https:\\\/\\\/marktxxl.de\\\/markt\\\/produkt\\\/med-couture-womens-med-tech-jacket\\\/#primaryimage\"},\"image\":{\"@id\":\"https:\\\/\\\/marktxxl.de\\\/markt\\\/produkt\\\/med-couture-womens-med-tech-jacket\\\/#primaryimage\"},\"thumbnailUrl\":\"https:\\\/\\\/m.media-amazon.com\\\/images\\\/I\\\/31LUmSnWVCL._SL500_.jpg\",\"datePublished\":\"2023-01-10T03:17:32+00:00\",\"dateModified\":\"2023-04-11T03:10:34+00:00\",\"description\":\"Markt-XXL Med Couture Women's Med-Tech Jacket\",\"breadcrumb\":{\"@id\":\"https:\\\/\\\/marktxxl.de\\\/markt\\\/produkt\\\/med-couture-womens-med-tech-jacket\\\/#breadcrumb\"},\"inLanguage\":\"de\",\"potentialAction\":[{\"@type\":\"ReadAction\",\"target\":[\"https:\\\/\\\/marktxxl.de\\\/markt\\\/produkt\\\/med-couture-womens-med-tech-jacket\\\/\"]}]},{\"@type\":\"ImageObject\",\"inLanguage\":\"de\",\"@id\":\"https:\\\/\\\/marktxxl.de\\\/markt\\\/produkt\\\/med-couture-womens-med-tech-jacket\\\/#primaryimage\",\"url\":\"https:\\\/\\\/m.media-amazon.com\\\/images\\\/I\\\/31LUmSnWVCL._SL500_.jpg\",\"contentUrl\":\"https:\\\/\\\/m.media-amazon.com\\\/images\\\/I\\\/31LUmSnWVCL._SL500_.jpg\",\"width\":333,\"height\":500},{\"@type\":\"BreadcrumbList\",\"@id\":\"https:\\\/\\\/marktxxl.de\\\/markt\\\/produkt\\\/med-couture-womens-med-tech-jacket\\\/#breadcrumb\",\"itemListElement\":[{\"@type\":\"ListItem\",\"position\":1,\"name\":\"Startseite\",\"item\":\"https:\\\/\\\/marktxxl.de\\\/markt\\\/\"},{\"@type\":\"ListItem\",\"position\":2,\"name\":\"Markt\",\"item\":\"https:\\\/\\\/marktxxl.de\\\/markt\\\/\"},{\"@type\":\"ListItem\",\"position\":3,\"name\":\"Med Couture Women&#8217;s Med-Tech Jacket\"}]},{\"@type\":\"WebSite\",\"@id\":\"https:\\\/\\\/marktxxl.de\\\/markt\\\/#website\",\"url\":\"https:\\\/\\\/marktxxl.de\\\/markt\\\/\",\"name\":\"Markt-XXL\",\"description\":\"Ihr Markt Online\",\"publisher\":{\"@id\":\"https:\\\/\\\/marktxxl.de\\\/markt\\\/#organization\"},\"potentialAction\":[{\"@type\":\"SearchAction\",\"target\":{\"@type\":\"EntryPoint\",\"urlTemplate\":\"https:\\\/\\\/marktxxl.de\\\/markt\\\/?s={search_term_string}\"},\"query-input\":{\"@type\":\"PropertyValueSpecification\",\"valueRequired\":true,\"valueName\":\"search_term_string\"}}],\"inLanguage\":\"de\"},{\"@type\":\"Organization\",\"@id\":\"https:\\\/\\\/marktxxl.de\\\/markt\\\/#organization\",\"name\":\"Markt-XXL\",\"url\":\"https:\\\/\\\/marktxxl.de\\\/markt\\\/\",\"logo\":{\"@type\":\"ImageObject\",\"inLanguage\":\"de\",\"@id\":\"https:\\\/\\\/marktxxl.de\\\/markt\\\/#\\\/schema\\\/logo\\\/image\\\/\",\"url\":\"https:\\\/\\\/marktxxl.de\\\/markt\\\/wp-content\\\/uploads\\\/sites\\\/3\\\/2020\\\/12\\\/logo.png\",\"contentUrl\":\"https:\\\/\\\/marktxxl.de\\\/markt\\\/wp-content\\\/uploads\\\/sites\\\/3\\\/2020\\\/12\\\/logo.png\",\"width\":200,\"height\":70,\"caption\":\"Markt-XXL\"},\"image\":{\"@id\":\"https:\\\/\\\/marktxxl.de\\\/markt\\\/#\\\/schema\\\/logo\\\/image\\\/\"}}]}<\/script>\n<!-- \/ Yoast SEO plugin. -->","yoast_head_json":{"title":"Med Couture Women's Med-Tech Jacket - Markt-XXL","description":"Markt-XXL Med Couture Women's Med-Tech Jacket","robots":{"index":"index","follow":"follow","max-snippet":"max-snippet:-1","max-image-preview":"max-image-preview:large","max-video-preview":"max-video-preview:-1"},"canonical":"https:\/\/marktxxl.de\/markt\/produkt\/med-couture-womens-med-tech-jacket\/","og_locale":"de_DE","og_type":"article","og_title":"Med Couture Women's Med-Tech Jacket - Markt-XXL","og_description":"Markt-XXL Med Couture Women's Med-Tech Jacket","og_url":"https:\/\/marktxxl.de\/markt\/produkt\/med-couture-womens-med-tech-jacket\/","og_site_name":"Markt-XXL","article_modified_time":"2023-04-11T03:10:34+00:00","og_image":[{"width":333,"height":500,"url":"https:\/\/m.media-amazon.com\/images\/I\/31LUmSnWVCL._SL500_.jpg","type":"image\/jpeg"}],"twitter_card":"summary_large_image","twitter_misc":{"Gesch\u00e4tzte Lesezeit":"1\u00a0Minute"},"schema":{"@context":"https:\/\/schema.org","@graph":[{"@type":"WebPage","@id":"https:\/\/marktxxl.de\/markt\/produkt\/med-couture-womens-med-tech-jacket\/","url":"https:\/\/marktxxl.de\/markt\/produkt\/med-couture-womens-med-tech-jacket\/","name":"Med Couture Women's Med-Tech Jacket - Markt-XXL","isPartOf":{"@id":"https:\/\/marktxxl.de\/markt\/#website"},"primaryImageOfPage":{"@id":"https:\/\/marktxxl.de\/markt\/produkt\/med-couture-womens-med-tech-jacket\/#primaryimage"},"image":{"@id":"https:\/\/marktxxl.de\/markt\/produkt\/med-couture-womens-med-tech-jacket\/#primaryimage"},"thumbnailUrl":"https:\/\/m.media-amazon.com\/images\/I\/31LUmSnWVCL._SL500_.jpg","datePublished":"2023-01-10T03:17:32+00:00","dateModified":"2023-04-11T03:10:34+00:00","description":"Markt-XXL Med Couture Women's Med-Tech Jacket","breadcrumb":{"@id":"https:\/\/marktxxl.de\/markt\/produkt\/med-couture-womens-med-tech-jacket\/#breadcrumb"},"inLanguage":"de","potentialAction":[{"@type":"ReadAction","target":["https:\/\/marktxxl.de\/markt\/produkt\/med-couture-womens-med-tech-jacket\/"]}]},{"@type":"ImageObject","inLanguage":"de","@id":"https:\/\/marktxxl.de\/markt\/produkt\/med-couture-womens-med-tech-jacket\/#primaryimage","url":"https:\/\/m.media-amazon.com\/images\/I\/31LUmSnWVCL._SL500_.jpg","contentUrl":"https:\/\/m.media-amazon.com\/images\/I\/31LUmSnWVCL._SL500_.jpg","width":333,"height":500},{"@type":"BreadcrumbList","@id":"https:\/\/marktxxl.de\/markt\/produkt\/med-couture-womens-med-tech-jacket\/#breadcrumb","itemListElement":[{"@type":"ListItem","position":1,"name":"Startseite","item":"https:\/\/marktxxl.de\/markt\/"},{"@type":"ListItem","position":2,"name":"Markt","item":"https:\/\/marktxxl.de\/markt\/"},{"@type":"ListItem","position":3,"name":"Med Couture Women&#8217;s Med-Tech Jacket"}]},{"@type":"WebSite","@id":"https:\/\/marktxxl.de\/markt\/#website","url":"https:\/\/marktxxl.de\/markt\/","name":"Markt-XXL","description":"Ihr Markt Online","publisher":{"@id":"https:\/\/marktxxl.de\/markt\/#organization"},"potentialAction":[{"@type":"SearchAction","target":{"@type":"EntryPoint","urlTemplate":"https:\/\/marktxxl.de\/markt\/?s={search_term_string}"},"query-input":{"@type":"PropertyValueSpecification","valueRequired":true,"valueName":"search_term_string"}}],"inLanguage":"de"},{"@type":"Organization","@id":"https:\/\/marktxxl.de\/markt\/#organization","name":"Markt-XXL","url":"https:\/\/marktxxl.de\/markt\/","logo":{"@type":"ImageObject","inLanguage":"de","@id":"https:\/\/marktxxl.de\/markt\/#\/schema\/logo\/image\/","url":"https:\/\/marktxxl.de\/markt\/wp-content\/uploads\/sites\/3\/2020\/12\/logo.png","contentUrl":"https:\/\/marktxxl.de\/markt\/wp-content\/uploads\/sites\/3\/2020\/12\/logo.png","width":200,"height":70,"caption":"Markt-XXL"},"image":{"@id":"https:\/\/marktxxl.de\/markt\/#\/schema\/logo\/image\/"}}]}},"_links":{"self":[{"href":"https:\/\/marktxxl.de\/markt\/wp-json\/wp\/v2\/product\/180435","targetHints":{"allow":["GET"]}}],"collection":[{"href":"https:\/\/marktxxl.de\/markt\/wp-json\/wp\/v2\/product"}],"about":[{"href":"https:\/\/marktxxl.de\/markt\/wp-json\/wp\/v2\/types\/product"}],"replies":[{"embeddable":true,"href":"https:\/\/marktxxl.de\/markt\/wp-json\/wp\/v2\/comments?post=180435"}],"wp:featuredmedia":[{"embeddable":true,"href":"https:\/\/marktxxl.de\/markt\/wp-json\/wp\/v2\/media\/180436"}],"wp:attachment":[{"href":"https:\/\/marktxxl.de\/markt\/wp-json\/wp\/v2\/media?parent=180435"}],"wp:term":[{"taxonomy":"product_brand","embeddable":true,"href":"https:\/\/marktxxl.de\/markt\/wp-json\/wp\/v2\/product_brand?post=180435"},{"taxonomy":"product_cat","embeddable":true,"href":"https:\/\/marktxxl.de\/markt\/wp-json\/wp\/v2\/product_cat?post=180435"},{"taxonomy":"product_tag","embeddable":true,"href":"https:\/\/marktxxl.de\/markt\/wp-json\/wp\/v2\/product_tag?post=180435"}],"curies":[{"name":"wp","href":"https:\/\/api.w.org\/{rel}","templated":true}]}}