{"id":180429,"date":"2023-01-10T04:17:20","date_gmt":"2023-01-10T03:17:20","guid":{"rendered":"https:\/\/marktxxl.de\/markt\/produkt\/cherokee-infinity-ck370a-damen-schlupfkasack-mit-reissverschluss-vorne\/"},"modified":"2023-04-11T05:10:34","modified_gmt":"2023-04-11T03:10:34","slug":"cherokee-infinity-ck370a-damen-schlupfkasack-mit-reissverschluss-vorne","status":"publish","type":"product","link":"https:\/\/marktxxl.de\/markt\/produkt\/cherokee-infinity-ck370a-damen-schlupfkasack-mit-reissverschluss-vorne\/","title":{"rendered":"Cherokee Infinity CK370A Damen-Schlupfkasack, mit Rei\u00dfverschluss vorne"},"content":{"rendered":"<p>Schmeichelnde Passform, Gr\u00f6\u00dfen bis 5XL \u2013 Rei\u00dfverschluss-Front-Peelingjacke verf\u00fcgt \u00fcber figurschmeichelnde Front- und R\u00fccken-Prinzessinnenn\u00e4hte und Gr\u00f6\u00dfen von XXS bis 5XL. Unsere Scrub Jacken f\u00fcr Frauen sind auf Komfort und maximale Haltbarkeit ausgelegt. (Unterw\u00e4sche und Hose separat erh\u00e4ltlich.)<br \/>\nGeruchsbek\u00e4mpfung, langes Tragen \u2013 sichere, antimikrobielle Stofftechnologie* hemmt das Wachstum von Mikroben, die Geruch und Stoffsch\u00e4den verursachen. Ihre Peelings riechen frischer und halten l\u00e4nger. Unser antimikrobieller Stoffschutz h\u00e4lt mehr als 50 Waschg\u00e4nge.<br \/>\nVier-Wege-Stretch-Gewebe \u2013 unser feuchtigkeitsableitender Stoff ist dehnbar, weich, langlebig und maschinenwaschbar, so dass es bequem und pflegeleicht ist, um Ihre h\u00e4rteste Arbeitsschicht zu \u00fcberdauern. Sichere Stofftechnologie l\u00e4sst Sie frisch aussehen, f\u00fchlen und riechen.<br \/>\nViel Stauraum \u2013 zwei eingesetzte Vordertaschen plus Innentasche auf der rechten Seite. Logo-O-Ring \u00fcber der linken Tasche und Bungee-Schlaufe an der rechten Schulter f\u00fcr Ausweis. Infinity by Cherokee Taschen sind gro\u00df genug f\u00fcr iPhone und Galaxy Handys.<br \/>\nATHLETIC STYLING &#8211; Sportliche Details werden in dieser leichten Jacke mit bequemem Stoff gepaart. Das Rippstrick-Nackenband von Varsity inspiriert sieht gepaart mit Schulterpasse scharf aus. Rippstrickb\u00fcndchen zum Hochschieben der \u00c4rmel und zum Fixieren<br \/>\n<div class=\"main-cross-sell\" data-asin=\"B08JWNZQ5P\">\n\n\t<div class=\"WooZone-cross-sell-loader\">\n\t\t<div>\n\t\t\t<div id=\"floatingBarsG\">\n\t\t\t\t<div class=\"blockG\" id=\"rotateG_01\"><\/div>\n\t\t\t\t<div class=\"blockG\" id=\"rotateG_02\"><\/div>\n\t\t\t\t<div class=\"blockG\" id=\"rotateG_03\"><\/div>\n\t\t\t\t<div class=\"blockG\" id=\"rotateG_04\"><\/div>\n\t\t\t\t<div class=\"blockG\" id=\"rotateG_05\"><\/div>\n\t\t\t\t<div class=\"blockG\" id=\"rotateG_06\"><\/div>\n\t\t\t\t<div class=\"blockG\" id=\"rotateG_07\"><\/div>\n\t\t\t\t<div class=\"blockG\" id=\"rotateG_08\"><\/div>\n\t\t\t<\/div>\n\t\t\t<div class=\"WooZone-cross-sell-loader-text\"><\/div>\n\t\t<\/div>\n\t<\/div>\n\n\t\t\n<\/div>\n<div style=\"clear:both;\"><\/div><\/p>\n","protected":false},"excerpt":{"rendered":"<p>Schmeichelnde Passform, Gr\u00f6\u00dfen bis 5XL \u2013 Rei\u00dfverschluss-Front-Peelingjacke verf\u00fcgt \u00fcber figurschmeichelnde Front- und R\u00fccken-Prinzessinnenn\u00e4hte und Gr\u00f6\u00dfen von XXS bis 5XL. Unsere Scrub Jacken f\u00fcr Frauen sind auf Komfort und maximale Haltbarkeit ausgelegt. (Unterw\u00e4sche und Hose separat erh\u00e4ltlich.)<br \/>\nGeruchsbek\u00e4mpfung, langes Tragen \u2013 sichere, antimikrobielle Stofftechnologie* hemmt das Wachstum von Mikroben, die Geruch und Stoffsch\u00e4den verursachen. Ihre Peelings riechen frischer und halten l\u00e4nger. Unser antimikrobieller Stoffschutz h\u00e4lt mehr als 50 Waschg\u00e4nge.<br \/>\nVier-Wege-Stretch-Gewebe \u2013 unser feuchtigkeitsableitender Stoff ist dehnbar, weich, langlebig und maschinenwaschbar, so dass es bequem und pflegeleicht ist, um Ihre h\u00e4rteste Arbeitsschicht zu \u00fcberdauern. Sichere Stofftechnologie l\u00e4sst Sie frisch aussehen, f\u00fchlen und riechen.<\/p>\n","protected":false},"featured_media":180430,"comment_status":"open","ping_status":"closed","template":"","meta":[],"product_brand":[],"product_cat":[4143,1186],"product_tag":[],"class_list":{"0":"post-180429","1":"product","2":"type-product","3":"status-publish","4":"has-post-thumbnail","6":"product_cat-arbeitskleidung-uniformen","7":"product_cat-bekleidung","8":"pa_binding-textilien","9":"pa_brand-cherokee","10":"pa_manufacturer-spi","11":"pa_model-ck370a","12":"pa_size-einheitsgroesse","14":"first","15":"instock","16":"shipping-taxable","17":"purchasable","18":"product-type-simple","19":"customify-col","20":"product-has-gallery"},"yoast_head":"<!-- This site is optimized with the Yoast SEO plugin v27.4 - https:\/\/yoast.com\/product\/yoast-seo-wordpress\/ -->\n<title>Cherokee Infinity CK370A Damen-Schlupfkasack, mit Rei\u00dfverschluss vorne - Markt-XXL<\/title>\n<meta name=\"description\" content=\"Markt-XXL Cherokee Infinity CK370A Damen-Schlupfkasack, mit Rei\u00dfverschluss vorne\" \/>\n<meta name=\"robots\" content=\"index, follow, max-snippet:-1, max-image-preview:large, max-video-preview:-1\" \/>\n<link rel=\"canonical\" href=\"https:\/\/marktxxl.de\/markt\/produkt\/cherokee-infinity-ck370a-damen-schlupfkasack-mit-reissverschluss-vorne\/\" \/>\n<meta property=\"og:locale\" content=\"de_DE\" \/>\n<meta property=\"og:type\" content=\"article\" \/>\n<meta property=\"og:title\" content=\"Cherokee Infinity CK370A Damen-Schlupfkasack, mit Rei\u00dfverschluss vorne - Markt-XXL\" \/>\n<meta property=\"og:description\" content=\"Markt-XXL Cherokee Infinity CK370A Damen-Schlupfkasack, mit Rei\u00dfverschluss vorne\" \/>\n<meta property=\"og:url\" content=\"https:\/\/marktxxl.de\/markt\/produkt\/cherokee-infinity-ck370a-damen-schlupfkasack-mit-reissverschluss-vorne\/\" \/>\n<meta property=\"og:site_name\" content=\"Markt-XXL\" \/>\n<meta property=\"article:modified_time\" content=\"2023-04-11T03:10:34+00:00\" \/>\n<meta property=\"og:image\" content=\"https:\/\/m.media-amazon.com\/images\/I\/41YsGr9XlHL._SL500_.jpg\" \/>\n\t<meta property=\"og:image:width\" content=\"375\" \/>\n\t<meta property=\"og:image:height\" content=\"500\" \/>\n\t<meta property=\"og:image:type\" content=\"image\/jpeg\" \/>\n<meta name=\"twitter:card\" content=\"summary_large_image\" \/>\n<meta name=\"twitter:label1\" content=\"Gesch\u00e4tzte Lesezeit\" \/>\n\t<meta name=\"twitter:data1\" content=\"1\u00a0Minute\" \/>\n<script type=\"application\/ld+json\" class=\"yoast-schema-graph\">{\"@context\":\"https:\\\/\\\/schema.org\",\"@graph\":[{\"@type\":\"WebPage\",\"@id\":\"https:\\\/\\\/marktxxl.de\\\/markt\\\/produkt\\\/cherokee-infinity-ck370a-damen-schlupfkasack-mit-reissverschluss-vorne\\\/\",\"url\":\"https:\\\/\\\/marktxxl.de\\\/markt\\\/produkt\\\/cherokee-infinity-ck370a-damen-schlupfkasack-mit-reissverschluss-vorne\\\/\",\"name\":\"Cherokee Infinity CK370A Damen-Schlupfkasack, mit Rei\u00dfverschluss vorne - Markt-XXL\",\"isPartOf\":{\"@id\":\"https:\\\/\\\/marktxxl.de\\\/markt\\\/#website\"},\"primaryImageOfPage\":{\"@id\":\"https:\\\/\\\/marktxxl.de\\\/markt\\\/produkt\\\/cherokee-infinity-ck370a-damen-schlupfkasack-mit-reissverschluss-vorne\\\/#primaryimage\"},\"image\":{\"@id\":\"https:\\\/\\\/marktxxl.de\\\/markt\\\/produkt\\\/cherokee-infinity-ck370a-damen-schlupfkasack-mit-reissverschluss-vorne\\\/#primaryimage\"},\"thumbnailUrl\":\"https:\\\/\\\/m.media-amazon.com\\\/images\\\/I\\\/41YsGr9XlHL._SL500_.jpg\",\"datePublished\":\"2023-01-10T03:17:20+00:00\",\"dateModified\":\"2023-04-11T03:10:34+00:00\",\"description\":\"Markt-XXL Cherokee Infinity CK370A Damen-Schlupfkasack, mit Rei\u00dfverschluss vorne\",\"breadcrumb\":{\"@id\":\"https:\\\/\\\/marktxxl.de\\\/markt\\\/produkt\\\/cherokee-infinity-ck370a-damen-schlupfkasack-mit-reissverschluss-vorne\\\/#breadcrumb\"},\"inLanguage\":\"de\",\"potentialAction\":[{\"@type\":\"ReadAction\",\"target\":[\"https:\\\/\\\/marktxxl.de\\\/markt\\\/produkt\\\/cherokee-infinity-ck370a-damen-schlupfkasack-mit-reissverschluss-vorne\\\/\"]}]},{\"@type\":\"ImageObject\",\"inLanguage\":\"de\",\"@id\":\"https:\\\/\\\/marktxxl.de\\\/markt\\\/produkt\\\/cherokee-infinity-ck370a-damen-schlupfkasack-mit-reissverschluss-vorne\\\/#primaryimage\",\"url\":\"https:\\\/\\\/m.media-amazon.com\\\/images\\\/I\\\/41YsGr9XlHL._SL500_.jpg\",\"contentUrl\":\"https:\\\/\\\/m.media-amazon.com\\\/images\\\/I\\\/41YsGr9XlHL._SL500_.jpg\",\"width\":375,\"height\":500},{\"@type\":\"BreadcrumbList\",\"@id\":\"https:\\\/\\\/marktxxl.de\\\/markt\\\/produkt\\\/cherokee-infinity-ck370a-damen-schlupfkasack-mit-reissverschluss-vorne\\\/#breadcrumb\",\"itemListElement\":[{\"@type\":\"ListItem\",\"position\":1,\"name\":\"Startseite\",\"item\":\"https:\\\/\\\/marktxxl.de\\\/markt\\\/\"},{\"@type\":\"ListItem\",\"position\":2,\"name\":\"Markt\",\"item\":\"https:\\\/\\\/marktxxl.de\\\/markt\\\/\"},{\"@type\":\"ListItem\",\"position\":3,\"name\":\"Cherokee Infinity CK370A Damen-Schlupfkasack, mit Rei\u00dfverschluss vorne\"}]},{\"@type\":\"WebSite\",\"@id\":\"https:\\\/\\\/marktxxl.de\\\/markt\\\/#website\",\"url\":\"https:\\\/\\\/marktxxl.de\\\/markt\\\/\",\"name\":\"Markt-XXL\",\"description\":\"Ihr Markt Online\",\"publisher\":{\"@id\":\"https:\\\/\\\/marktxxl.de\\\/markt\\\/#organization\"},\"potentialAction\":[{\"@type\":\"SearchAction\",\"target\":{\"@type\":\"EntryPoint\",\"urlTemplate\":\"https:\\\/\\\/marktxxl.de\\\/markt\\\/?s={search_term_string}\"},\"query-input\":{\"@type\":\"PropertyValueSpecification\",\"valueRequired\":true,\"valueName\":\"search_term_string\"}}],\"inLanguage\":\"de\"},{\"@type\":\"Organization\",\"@id\":\"https:\\\/\\\/marktxxl.de\\\/markt\\\/#organization\",\"name\":\"Markt-XXL\",\"url\":\"https:\\\/\\\/marktxxl.de\\\/markt\\\/\",\"logo\":{\"@type\":\"ImageObject\",\"inLanguage\":\"de\",\"@id\":\"https:\\\/\\\/marktxxl.de\\\/markt\\\/#\\\/schema\\\/logo\\\/image\\\/\",\"url\":\"https:\\\/\\\/marktxxl.de\\\/markt\\\/wp-content\\\/uploads\\\/sites\\\/3\\\/2020\\\/12\\\/logo.png\",\"contentUrl\":\"https:\\\/\\\/marktxxl.de\\\/markt\\\/wp-content\\\/uploads\\\/sites\\\/3\\\/2020\\\/12\\\/logo.png\",\"width\":200,\"height\":70,\"caption\":\"Markt-XXL\"},\"image\":{\"@id\":\"https:\\\/\\\/marktxxl.de\\\/markt\\\/#\\\/schema\\\/logo\\\/image\\\/\"}}]}<\/script>\n<!-- \/ Yoast SEO plugin. -->","yoast_head_json":{"title":"Cherokee Infinity CK370A Damen-Schlupfkasack, mit Rei\u00dfverschluss vorne - Markt-XXL","description":"Markt-XXL Cherokee Infinity CK370A Damen-Schlupfkasack, mit Rei\u00dfverschluss vorne","robots":{"index":"index","follow":"follow","max-snippet":"max-snippet:-1","max-image-preview":"max-image-preview:large","max-video-preview":"max-video-preview:-1"},"canonical":"https:\/\/marktxxl.de\/markt\/produkt\/cherokee-infinity-ck370a-damen-schlupfkasack-mit-reissverschluss-vorne\/","og_locale":"de_DE","og_type":"article","og_title":"Cherokee Infinity CK370A Damen-Schlupfkasack, mit Rei\u00dfverschluss vorne - Markt-XXL","og_description":"Markt-XXL Cherokee Infinity CK370A Damen-Schlupfkasack, mit Rei\u00dfverschluss vorne","og_url":"https:\/\/marktxxl.de\/markt\/produkt\/cherokee-infinity-ck370a-damen-schlupfkasack-mit-reissverschluss-vorne\/","og_site_name":"Markt-XXL","article_modified_time":"2023-04-11T03:10:34+00:00","og_image":[{"width":375,"height":500,"url":"https:\/\/m.media-amazon.com\/images\/I\/41YsGr9XlHL._SL500_.jpg","type":"image\/jpeg"}],"twitter_card":"summary_large_image","twitter_misc":{"Gesch\u00e4tzte Lesezeit":"1\u00a0Minute"},"schema":{"@context":"https:\/\/schema.org","@graph":[{"@type":"WebPage","@id":"https:\/\/marktxxl.de\/markt\/produkt\/cherokee-infinity-ck370a-damen-schlupfkasack-mit-reissverschluss-vorne\/","url":"https:\/\/marktxxl.de\/markt\/produkt\/cherokee-infinity-ck370a-damen-schlupfkasack-mit-reissverschluss-vorne\/","name":"Cherokee Infinity CK370A Damen-Schlupfkasack, mit Rei\u00dfverschluss vorne - Markt-XXL","isPartOf":{"@id":"https:\/\/marktxxl.de\/markt\/#website"},"primaryImageOfPage":{"@id":"https:\/\/marktxxl.de\/markt\/produkt\/cherokee-infinity-ck370a-damen-schlupfkasack-mit-reissverschluss-vorne\/#primaryimage"},"image":{"@id":"https:\/\/marktxxl.de\/markt\/produkt\/cherokee-infinity-ck370a-damen-schlupfkasack-mit-reissverschluss-vorne\/#primaryimage"},"thumbnailUrl":"https:\/\/m.media-amazon.com\/images\/I\/41YsGr9XlHL._SL500_.jpg","datePublished":"2023-01-10T03:17:20+00:00","dateModified":"2023-04-11T03:10:34+00:00","description":"Markt-XXL Cherokee Infinity CK370A Damen-Schlupfkasack, mit Rei\u00dfverschluss vorne","breadcrumb":{"@id":"https:\/\/marktxxl.de\/markt\/produkt\/cherokee-infinity-ck370a-damen-schlupfkasack-mit-reissverschluss-vorne\/#breadcrumb"},"inLanguage":"de","potentialAction":[{"@type":"ReadAction","target":["https:\/\/marktxxl.de\/markt\/produkt\/cherokee-infinity-ck370a-damen-schlupfkasack-mit-reissverschluss-vorne\/"]}]},{"@type":"ImageObject","inLanguage":"de","@id":"https:\/\/marktxxl.de\/markt\/produkt\/cherokee-infinity-ck370a-damen-schlupfkasack-mit-reissverschluss-vorne\/#primaryimage","url":"https:\/\/m.media-amazon.com\/images\/I\/41YsGr9XlHL._SL500_.jpg","contentUrl":"https:\/\/m.media-amazon.com\/images\/I\/41YsGr9XlHL._SL500_.jpg","width":375,"height":500},{"@type":"BreadcrumbList","@id":"https:\/\/marktxxl.de\/markt\/produkt\/cherokee-infinity-ck370a-damen-schlupfkasack-mit-reissverschluss-vorne\/#breadcrumb","itemListElement":[{"@type":"ListItem","position":1,"name":"Startseite","item":"https:\/\/marktxxl.de\/markt\/"},{"@type":"ListItem","position":2,"name":"Markt","item":"https:\/\/marktxxl.de\/markt\/"},{"@type":"ListItem","position":3,"name":"Cherokee Infinity CK370A Damen-Schlupfkasack, mit Rei\u00dfverschluss vorne"}]},{"@type":"WebSite","@id":"https:\/\/marktxxl.de\/markt\/#website","url":"https:\/\/marktxxl.de\/markt\/","name":"Markt-XXL","description":"Ihr Markt Online","publisher":{"@id":"https:\/\/marktxxl.de\/markt\/#organization"},"potentialAction":[{"@type":"SearchAction","target":{"@type":"EntryPoint","urlTemplate":"https:\/\/marktxxl.de\/markt\/?s={search_term_string}"},"query-input":{"@type":"PropertyValueSpecification","valueRequired":true,"valueName":"search_term_string"}}],"inLanguage":"de"},{"@type":"Organization","@id":"https:\/\/marktxxl.de\/markt\/#organization","name":"Markt-XXL","url":"https:\/\/marktxxl.de\/markt\/","logo":{"@type":"ImageObject","inLanguage":"de","@id":"https:\/\/marktxxl.de\/markt\/#\/schema\/logo\/image\/","url":"https:\/\/marktxxl.de\/markt\/wp-content\/uploads\/sites\/3\/2020\/12\/logo.png","contentUrl":"https:\/\/marktxxl.de\/markt\/wp-content\/uploads\/sites\/3\/2020\/12\/logo.png","width":200,"height":70,"caption":"Markt-XXL"},"image":{"@id":"https:\/\/marktxxl.de\/markt\/#\/schema\/logo\/image\/"}}]}},"_links":{"self":[{"href":"https:\/\/marktxxl.de\/markt\/wp-json\/wp\/v2\/product\/180429","targetHints":{"allow":["GET"]}}],"collection":[{"href":"https:\/\/marktxxl.de\/markt\/wp-json\/wp\/v2\/product"}],"about":[{"href":"https:\/\/marktxxl.de\/markt\/wp-json\/wp\/v2\/types\/product"}],"replies":[{"embeddable":true,"href":"https:\/\/marktxxl.de\/markt\/wp-json\/wp\/v2\/comments?post=180429"}],"wp:featuredmedia":[{"embeddable":true,"href":"https:\/\/marktxxl.de\/markt\/wp-json\/wp\/v2\/media\/180430"}],"wp:attachment":[{"href":"https:\/\/marktxxl.de\/markt\/wp-json\/wp\/v2\/media?parent=180429"}],"wp:term":[{"taxonomy":"product_brand","embeddable":true,"href":"https:\/\/marktxxl.de\/markt\/wp-json\/wp\/v2\/product_brand?post=180429"},{"taxonomy":"product_cat","embeddable":true,"href":"https:\/\/marktxxl.de\/markt\/wp-json\/wp\/v2\/product_cat?post=180429"},{"taxonomy":"product_tag","embeddable":true,"href":"https:\/\/marktxxl.de\/markt\/wp-json\/wp\/v2\/product_tag?post=180429"}],"curies":[{"name":"wp","href":"https:\/\/api.w.org\/{rel}","templated":true}]}}