{"id":180422,"date":"2023-01-10T04:17:08","date_gmt":"2023-01-10T03:17:08","guid":{"rendered":"https:\/\/marktxxl.de\/markt\/produkt\/graduationmall-kinder-akademischer-abschluss-talar-mit-doktorhut-und-quaste-2023-fuer-vorschule-abschlussfeier-12-farbe\/"},"modified":"2023-04-11T05:10:34","modified_gmt":"2023-04-11T03:10:34","slug":"graduationmall-kinder-akademischer-abschluss-talar-mit-doktorhut-und-quaste-2023-fuer-vorschule-abschlussfeier-12-farbe","status":"publish","type":"product","link":"https:\/\/marktxxl.de\/markt\/produkt\/graduationmall-kinder-akademischer-abschluss-talar-mit-doktorhut-und-quaste-2023-fuer-vorschule-abschlussfeier-12-farbe\/","title":{"rendered":"GraduationMall Kinder Akademischer Abschluss Talar mit Doktorhut und Quaste 2023 F\u00fcr Vorschule Abschlussfeier 12 Farbe"},"content":{"rendered":"<p>\u3010Was Sie bekommen\u3011\uff1a1 Abschluss Talar + 1 Abschluss Hut + 1 Quaste + 2023 Jahr Charme.<br \/>\n\u3010Gr\u00f6\u00dfe\u3011\uff1a4 Gr\u00f6\u00dfen erh\u00e4ltlich, passend f\u00fcr die meisten Jungen und M\u00e4dchen.<br \/>\n\u3010Material\u3011\uff1a100% gl\u00e4nzendes Polyester,atmungsaktiv,gem\u00fctlich.N\u00fctzlicher versteckter farblich abgestimmter Rei\u00dfverschluss, verst\u00e4rkte Schulterpasse, Hals- und Faltenpaspelierung.<br \/>\n\u3010Einfache Reinigung\u3011\uff1aMaschinen waschen oder Trocknen, B\u00fcgeln bei niedriger Temperatur wird empfohlen, um Kleid faltenfrei zu halten.<br \/>\n\u3010Bestes Geschenk\u3011\uff1aGl\u00e4nzendes Material verleiht ihm ein sauberes und poliertes Aussehen, das f\u00fcr den Abschluss oder als Chorgewand verwendet werden kann. Ideales Andenken f\u00fcr Vorschule, Kindergarten, Grundschule. Es ist ein gro\u00dfartiger Begleiter f\u00fcr Kinder!<br \/>\n<div class=\"main-cross-sell\" data-asin=\"B09QT2P53W\">\n\n\t<div class=\"WooZone-cross-sell-loader\">\n\t\t<div>\n\t\t\t<div id=\"floatingBarsG\">\n\t\t\t\t<div class=\"blockG\" id=\"rotateG_01\"><\/div>\n\t\t\t\t<div class=\"blockG\" id=\"rotateG_02\"><\/div>\n\t\t\t\t<div class=\"blockG\" id=\"rotateG_03\"><\/div>\n\t\t\t\t<div class=\"blockG\" id=\"rotateG_04\"><\/div>\n\t\t\t\t<div class=\"blockG\" id=\"rotateG_05\"><\/div>\n\t\t\t\t<div class=\"blockG\" id=\"rotateG_06\"><\/div>\n\t\t\t\t<div class=\"blockG\" id=\"rotateG_07\"><\/div>\n\t\t\t\t<div class=\"blockG\" id=\"rotateG_08\"><\/div>\n\t\t\t<\/div>\n\t\t\t<div class=\"WooZone-cross-sell-loader-text\"><\/div>\n\t\t<\/div>\n\t<\/div>\n\n\t\t\n<\/div>\n<div style=\"clear:both;\"><\/div><\/p>\n","protected":false},"excerpt":{"rendered":"<p>\u3010Was Sie bekommen\u3011\uff1a1 Abschluss Talar + 1 Abschluss Hut + 1 Quaste + 2023 Jahr Charme.<br \/>\n\u3010Gr\u00f6\u00dfe\u3011\uff1a4 Gr\u00f6\u00dfen erh\u00e4ltlich, passend f\u00fcr die meisten Jungen und M\u00e4dchen.<br \/>\n\u3010Material\u3011\uff1a100% gl\u00e4nzendes Polyester,atmungsaktiv,gem\u00fctlich.N\u00fctzlicher versteckter farblich abgestimmter Rei\u00dfverschluss, verst\u00e4rkte Schulterpasse, Hals- und Faltenpaspelierung.<\/p>\n","protected":false},"featured_media":180423,"comment_status":"open","ping_status":"closed","template":"","meta":[],"product_brand":[],"product_cat":[4143,1186],"product_tag":[],"class_list":{"0":"post-180422","1":"product","2":"type-product","3":"status-publish","4":"has-post-thumbnail","6":"product_cat-arbeitskleidung-uniformen","7":"product_cat-bekleidung","8":"pa_binding-textilien","9":"pa_brand-graduationmall","10":"pa_model-kg001","12":"first","13":"instock","14":"shipping-taxable","15":"purchasable","16":"product-type-simple","17":"customify-col","18":"product-has-gallery"},"yoast_head":"<!-- This site is optimized with the Yoast SEO plugin v27.4 - https:\/\/yoast.com\/product\/yoast-seo-wordpress\/ -->\n<title>GraduationMall Kinder Akademischer Abschluss Talar mit Doktorhut und Quaste 2023 F\u00fcr Vorschule Abschlussfeier 12 Farbe - Markt-XXL<\/title>\n<meta name=\"description\" content=\"Markt-XXL GraduationMall Kinder Akademischer Abschluss Talar mit Doktorhut und Quaste 2023 F\u00fcr Vorschule Abschlussfeier 12 Farbe\" \/>\n<meta name=\"robots\" content=\"index, follow, max-snippet:-1, max-image-preview:large, max-video-preview:-1\" \/>\n<link rel=\"canonical\" href=\"https:\/\/marktxxl.de\/markt\/produkt\/graduationmall-kinder-akademischer-abschluss-talar-mit-doktorhut-und-quaste-2023-fuer-vorschule-abschlussfeier-12-farbe\/\" \/>\n<meta property=\"og:locale\" content=\"de_DE\" \/>\n<meta property=\"og:type\" content=\"article\" \/>\n<meta property=\"og:title\" content=\"GraduationMall Kinder Akademischer Abschluss Talar mit Doktorhut und Quaste 2023 F\u00fcr Vorschule Abschlussfeier 12 Farbe - Markt-XXL\" \/>\n<meta property=\"og:description\" content=\"Markt-XXL GraduationMall Kinder Akademischer Abschluss Talar mit Doktorhut und Quaste 2023 F\u00fcr Vorschule Abschlussfeier 12 Farbe\" \/>\n<meta property=\"og:url\" content=\"https:\/\/marktxxl.de\/markt\/produkt\/graduationmall-kinder-akademischer-abschluss-talar-mit-doktorhut-und-quaste-2023-fuer-vorschule-abschlussfeier-12-farbe\/\" \/>\n<meta property=\"og:site_name\" content=\"Markt-XXL\" \/>\n<meta property=\"article:modified_time\" content=\"2023-04-11T03:10:34+00:00\" \/>\n<meta property=\"og:image\" content=\"https:\/\/m.media-amazon.com\/images\/I\/41FPsn-cIsL._SL500_.jpg\" \/>\n\t<meta property=\"og:image:width\" content=\"477\" \/>\n\t<meta property=\"og:image:height\" content=\"500\" \/>\n\t<meta property=\"og:image:type\" content=\"image\/jpeg\" \/>\n<meta name=\"twitter:card\" content=\"summary_large_image\" \/>\n<meta name=\"twitter:label1\" content=\"Gesch\u00e4tzte Lesezeit\" \/>\n\t<meta name=\"twitter:data1\" content=\"1\u00a0Minute\" \/>\n<script type=\"application\/ld+json\" class=\"yoast-schema-graph\">{\"@context\":\"https:\\\/\\\/schema.org\",\"@graph\":[{\"@type\":\"WebPage\",\"@id\":\"https:\\\/\\\/marktxxl.de\\\/markt\\\/produkt\\\/graduationmall-kinder-akademischer-abschluss-talar-mit-doktorhut-und-quaste-2023-fuer-vorschule-abschlussfeier-12-farbe\\\/\",\"url\":\"https:\\\/\\\/marktxxl.de\\\/markt\\\/produkt\\\/graduationmall-kinder-akademischer-abschluss-talar-mit-doktorhut-und-quaste-2023-fuer-vorschule-abschlussfeier-12-farbe\\\/\",\"name\":\"GraduationMall Kinder Akademischer Abschluss Talar mit Doktorhut und Quaste 2023 F\u00fcr Vorschule Abschlussfeier 12 Farbe - Markt-XXL\",\"isPartOf\":{\"@id\":\"https:\\\/\\\/marktxxl.de\\\/markt\\\/#website\"},\"primaryImageOfPage\":{\"@id\":\"https:\\\/\\\/marktxxl.de\\\/markt\\\/produkt\\\/graduationmall-kinder-akademischer-abschluss-talar-mit-doktorhut-und-quaste-2023-fuer-vorschule-abschlussfeier-12-farbe\\\/#primaryimage\"},\"image\":{\"@id\":\"https:\\\/\\\/marktxxl.de\\\/markt\\\/produkt\\\/graduationmall-kinder-akademischer-abschluss-talar-mit-doktorhut-und-quaste-2023-fuer-vorschule-abschlussfeier-12-farbe\\\/#primaryimage\"},\"thumbnailUrl\":\"https:\\\/\\\/m.media-amazon.com\\\/images\\\/I\\\/41FPsn-cIsL._SL500_.jpg\",\"datePublished\":\"2023-01-10T03:17:08+00:00\",\"dateModified\":\"2023-04-11T03:10:34+00:00\",\"description\":\"Markt-XXL GraduationMall Kinder Akademischer Abschluss Talar mit Doktorhut und Quaste 2023 F\u00fcr Vorschule Abschlussfeier 12 Farbe\",\"breadcrumb\":{\"@id\":\"https:\\\/\\\/marktxxl.de\\\/markt\\\/produkt\\\/graduationmall-kinder-akademischer-abschluss-talar-mit-doktorhut-und-quaste-2023-fuer-vorschule-abschlussfeier-12-farbe\\\/#breadcrumb\"},\"inLanguage\":\"de\",\"potentialAction\":[{\"@type\":\"ReadAction\",\"target\":[\"https:\\\/\\\/marktxxl.de\\\/markt\\\/produkt\\\/graduationmall-kinder-akademischer-abschluss-talar-mit-doktorhut-und-quaste-2023-fuer-vorschule-abschlussfeier-12-farbe\\\/\"]}]},{\"@type\":\"ImageObject\",\"inLanguage\":\"de\",\"@id\":\"https:\\\/\\\/marktxxl.de\\\/markt\\\/produkt\\\/graduationmall-kinder-akademischer-abschluss-talar-mit-doktorhut-und-quaste-2023-fuer-vorschule-abschlussfeier-12-farbe\\\/#primaryimage\",\"url\":\"https:\\\/\\\/m.media-amazon.com\\\/images\\\/I\\\/41FPsn-cIsL._SL500_.jpg\",\"contentUrl\":\"https:\\\/\\\/m.media-amazon.com\\\/images\\\/I\\\/41FPsn-cIsL._SL500_.jpg\",\"width\":477,\"height\":500},{\"@type\":\"BreadcrumbList\",\"@id\":\"https:\\\/\\\/marktxxl.de\\\/markt\\\/produkt\\\/graduationmall-kinder-akademischer-abschluss-talar-mit-doktorhut-und-quaste-2023-fuer-vorschule-abschlussfeier-12-farbe\\\/#breadcrumb\",\"itemListElement\":[{\"@type\":\"ListItem\",\"position\":1,\"name\":\"Startseite\",\"item\":\"https:\\\/\\\/marktxxl.de\\\/markt\\\/\"},{\"@type\":\"ListItem\",\"position\":2,\"name\":\"Markt\",\"item\":\"https:\\\/\\\/marktxxl.de\\\/markt\\\/\"},{\"@type\":\"ListItem\",\"position\":3,\"name\":\"GraduationMall Kinder Akademischer Abschluss Talar mit Doktorhut und Quaste 2023 F\u00fcr Vorschule Abschlussfeier 12 Farbe\"}]},{\"@type\":\"WebSite\",\"@id\":\"https:\\\/\\\/marktxxl.de\\\/markt\\\/#website\",\"url\":\"https:\\\/\\\/marktxxl.de\\\/markt\\\/\",\"name\":\"Markt-XXL\",\"description\":\"Ihr Markt Online\",\"publisher\":{\"@id\":\"https:\\\/\\\/marktxxl.de\\\/markt\\\/#organization\"},\"potentialAction\":[{\"@type\":\"SearchAction\",\"target\":{\"@type\":\"EntryPoint\",\"urlTemplate\":\"https:\\\/\\\/marktxxl.de\\\/markt\\\/?s={search_term_string}\"},\"query-input\":{\"@type\":\"PropertyValueSpecification\",\"valueRequired\":true,\"valueName\":\"search_term_string\"}}],\"inLanguage\":\"de\"},{\"@type\":\"Organization\",\"@id\":\"https:\\\/\\\/marktxxl.de\\\/markt\\\/#organization\",\"name\":\"Markt-XXL\",\"url\":\"https:\\\/\\\/marktxxl.de\\\/markt\\\/\",\"logo\":{\"@type\":\"ImageObject\",\"inLanguage\":\"de\",\"@id\":\"https:\\\/\\\/marktxxl.de\\\/markt\\\/#\\\/schema\\\/logo\\\/image\\\/\",\"url\":\"https:\\\/\\\/marktxxl.de\\\/markt\\\/wp-content\\\/uploads\\\/sites\\\/3\\\/2020\\\/12\\\/logo.png\",\"contentUrl\":\"https:\\\/\\\/marktxxl.de\\\/markt\\\/wp-content\\\/uploads\\\/sites\\\/3\\\/2020\\\/12\\\/logo.png\",\"width\":200,\"height\":70,\"caption\":\"Markt-XXL\"},\"image\":{\"@id\":\"https:\\\/\\\/marktxxl.de\\\/markt\\\/#\\\/schema\\\/logo\\\/image\\\/\"}}]}<\/script>\n<!-- \/ Yoast SEO plugin. -->","yoast_head_json":{"title":"GraduationMall Kinder Akademischer Abschluss Talar mit Doktorhut und Quaste 2023 F\u00fcr Vorschule Abschlussfeier 12 Farbe - Markt-XXL","description":"Markt-XXL GraduationMall Kinder Akademischer Abschluss Talar mit Doktorhut und Quaste 2023 F\u00fcr Vorschule Abschlussfeier 12 Farbe","robots":{"index":"index","follow":"follow","max-snippet":"max-snippet:-1","max-image-preview":"max-image-preview:large","max-video-preview":"max-video-preview:-1"},"canonical":"https:\/\/marktxxl.de\/markt\/produkt\/graduationmall-kinder-akademischer-abschluss-talar-mit-doktorhut-und-quaste-2023-fuer-vorschule-abschlussfeier-12-farbe\/","og_locale":"de_DE","og_type":"article","og_title":"GraduationMall Kinder Akademischer Abschluss Talar mit Doktorhut und Quaste 2023 F\u00fcr Vorschule Abschlussfeier 12 Farbe - Markt-XXL","og_description":"Markt-XXL GraduationMall Kinder Akademischer Abschluss Talar mit Doktorhut und Quaste 2023 F\u00fcr Vorschule Abschlussfeier 12 Farbe","og_url":"https:\/\/marktxxl.de\/markt\/produkt\/graduationmall-kinder-akademischer-abschluss-talar-mit-doktorhut-und-quaste-2023-fuer-vorschule-abschlussfeier-12-farbe\/","og_site_name":"Markt-XXL","article_modified_time":"2023-04-11T03:10:34+00:00","og_image":[{"width":477,"height":500,"url":"https:\/\/m.media-amazon.com\/images\/I\/41FPsn-cIsL._SL500_.jpg","type":"image\/jpeg"}],"twitter_card":"summary_large_image","twitter_misc":{"Gesch\u00e4tzte Lesezeit":"1\u00a0Minute"},"schema":{"@context":"https:\/\/schema.org","@graph":[{"@type":"WebPage","@id":"https:\/\/marktxxl.de\/markt\/produkt\/graduationmall-kinder-akademischer-abschluss-talar-mit-doktorhut-und-quaste-2023-fuer-vorschule-abschlussfeier-12-farbe\/","url":"https:\/\/marktxxl.de\/markt\/produkt\/graduationmall-kinder-akademischer-abschluss-talar-mit-doktorhut-und-quaste-2023-fuer-vorschule-abschlussfeier-12-farbe\/","name":"GraduationMall Kinder Akademischer Abschluss Talar mit Doktorhut und Quaste 2023 F\u00fcr Vorschule Abschlussfeier 12 Farbe - Markt-XXL","isPartOf":{"@id":"https:\/\/marktxxl.de\/markt\/#website"},"primaryImageOfPage":{"@id":"https:\/\/marktxxl.de\/markt\/produkt\/graduationmall-kinder-akademischer-abschluss-talar-mit-doktorhut-und-quaste-2023-fuer-vorschule-abschlussfeier-12-farbe\/#primaryimage"},"image":{"@id":"https:\/\/marktxxl.de\/markt\/produkt\/graduationmall-kinder-akademischer-abschluss-talar-mit-doktorhut-und-quaste-2023-fuer-vorschule-abschlussfeier-12-farbe\/#primaryimage"},"thumbnailUrl":"https:\/\/m.media-amazon.com\/images\/I\/41FPsn-cIsL._SL500_.jpg","datePublished":"2023-01-10T03:17:08+00:00","dateModified":"2023-04-11T03:10:34+00:00","description":"Markt-XXL GraduationMall Kinder Akademischer Abschluss Talar mit Doktorhut und Quaste 2023 F\u00fcr Vorschule Abschlussfeier 12 Farbe","breadcrumb":{"@id":"https:\/\/marktxxl.de\/markt\/produkt\/graduationmall-kinder-akademischer-abschluss-talar-mit-doktorhut-und-quaste-2023-fuer-vorschule-abschlussfeier-12-farbe\/#breadcrumb"},"inLanguage":"de","potentialAction":[{"@type":"ReadAction","target":["https:\/\/marktxxl.de\/markt\/produkt\/graduationmall-kinder-akademischer-abschluss-talar-mit-doktorhut-und-quaste-2023-fuer-vorschule-abschlussfeier-12-farbe\/"]}]},{"@type":"ImageObject","inLanguage":"de","@id":"https:\/\/marktxxl.de\/markt\/produkt\/graduationmall-kinder-akademischer-abschluss-talar-mit-doktorhut-und-quaste-2023-fuer-vorschule-abschlussfeier-12-farbe\/#primaryimage","url":"https:\/\/m.media-amazon.com\/images\/I\/41FPsn-cIsL._SL500_.jpg","contentUrl":"https:\/\/m.media-amazon.com\/images\/I\/41FPsn-cIsL._SL500_.jpg","width":477,"height":500},{"@type":"BreadcrumbList","@id":"https:\/\/marktxxl.de\/markt\/produkt\/graduationmall-kinder-akademischer-abschluss-talar-mit-doktorhut-und-quaste-2023-fuer-vorschule-abschlussfeier-12-farbe\/#breadcrumb","itemListElement":[{"@type":"ListItem","position":1,"name":"Startseite","item":"https:\/\/marktxxl.de\/markt\/"},{"@type":"ListItem","position":2,"name":"Markt","item":"https:\/\/marktxxl.de\/markt\/"},{"@type":"ListItem","position":3,"name":"GraduationMall Kinder Akademischer Abschluss Talar mit Doktorhut und Quaste 2023 F\u00fcr Vorschule Abschlussfeier 12 Farbe"}]},{"@type":"WebSite","@id":"https:\/\/marktxxl.de\/markt\/#website","url":"https:\/\/marktxxl.de\/markt\/","name":"Markt-XXL","description":"Ihr Markt Online","publisher":{"@id":"https:\/\/marktxxl.de\/markt\/#organization"},"potentialAction":[{"@type":"SearchAction","target":{"@type":"EntryPoint","urlTemplate":"https:\/\/marktxxl.de\/markt\/?s={search_term_string}"},"query-input":{"@type":"PropertyValueSpecification","valueRequired":true,"valueName":"search_term_string"}}],"inLanguage":"de"},{"@type":"Organization","@id":"https:\/\/marktxxl.de\/markt\/#organization","name":"Markt-XXL","url":"https:\/\/marktxxl.de\/markt\/","logo":{"@type":"ImageObject","inLanguage":"de","@id":"https:\/\/marktxxl.de\/markt\/#\/schema\/logo\/image\/","url":"https:\/\/marktxxl.de\/markt\/wp-content\/uploads\/sites\/3\/2020\/12\/logo.png","contentUrl":"https:\/\/marktxxl.de\/markt\/wp-content\/uploads\/sites\/3\/2020\/12\/logo.png","width":200,"height":70,"caption":"Markt-XXL"},"image":{"@id":"https:\/\/marktxxl.de\/markt\/#\/schema\/logo\/image\/"}}]}},"_links":{"self":[{"href":"https:\/\/marktxxl.de\/markt\/wp-json\/wp\/v2\/product\/180422","targetHints":{"allow":["GET"]}}],"collection":[{"href":"https:\/\/marktxxl.de\/markt\/wp-json\/wp\/v2\/product"}],"about":[{"href":"https:\/\/marktxxl.de\/markt\/wp-json\/wp\/v2\/types\/product"}],"replies":[{"embeddable":true,"href":"https:\/\/marktxxl.de\/markt\/wp-json\/wp\/v2\/comments?post=180422"}],"wp:featuredmedia":[{"embeddable":true,"href":"https:\/\/marktxxl.de\/markt\/wp-json\/wp\/v2\/media\/180423"}],"wp:attachment":[{"href":"https:\/\/marktxxl.de\/markt\/wp-json\/wp\/v2\/media?parent=180422"}],"wp:term":[{"taxonomy":"product_brand","embeddable":true,"href":"https:\/\/marktxxl.de\/markt\/wp-json\/wp\/v2\/product_brand?post=180422"},{"taxonomy":"product_cat","embeddable":true,"href":"https:\/\/marktxxl.de\/markt\/wp-json\/wp\/v2\/product_cat?post=180422"},{"taxonomy":"product_tag","embeddable":true,"href":"https:\/\/marktxxl.de\/markt\/wp-json\/wp\/v2\/product_tag?post=180422"}],"curies":[{"name":"wp","href":"https:\/\/api.w.org\/{rel}","templated":true}]}}