{"id":180414,"date":"2023-01-10T04:16:57","date_gmt":"2023-01-10T03:16:57","guid":{"rendered":"https:\/\/marktxxl.de\/markt\/produkt\/healing-hands-peelings-melissa-5047-strick-langarm-unterhemd-t-shirt\/"},"modified":"2023-04-11T05:10:34","modified_gmt":"2023-04-11T03:10:34","slug":"healing-hands-peelings-melissa-5047-strick-langarm-unterhemd-t-shirt","status":"publish","type":"product","link":"https:\/\/marktxxl.de\/markt\/produkt\/healing-hands-peelings-melissa-5047-strick-langarm-unterhemd-t-shirt\/","title":{"rendered":"healing hands Peelings Melissa 5047 Strick Langarm Unterhemd T-Shirt"},"content":{"rendered":"<p>DAS BESTE STOFF DER WELT: Unsere Knits-Kollektion besteht aus einer \u00fcberlegenen Stretch-Stoffmischung aus Baumwolle, Polyester und Elasthan, die leicht, weich und atmungsaktiv ist.\u00a0Das Polyester macht unsere Uniformen unglaublich stark, faltenfrei und widersteht dem Ausbleichen.\u00a0Die Baumwolle ist bequem und atmungsaktiv. Unser Elasthan wurde speziell f\u00fcr eine lange Lebensdauer entwickelt und bietet Ihnen \u00fcberlegene Dehnung und maximale Erholung.\u00a0Schlie\u00dflich ist der pflegeleichte Stoff ein Kinde<br \/>\nMODERNES DESIGN MIT MAXIMALER HALTBARKEIT: Unser Melissa Langarm-T-Shirt verleiht Ihnen den gew\u00fcnschten Look mit der Haltbarkeit, die Sie ben\u00f6tigen.\u00a0Mit seiner zeitgem\u00e4\u00dfen Passform und dem stilvollen Rundhalsausschnitt wird dieser hochwertige Unterrock allen Ihren Anforderungen gerecht.\u00a0K\u00f6rperl\u00e4ngenmessung (basierend auf der Gr\u00f6\u00dfe klein): 26,5 \u20ac<br \/>\nFASHION MEETS PERFORMANCE: Dieses Langarm-T-Shirt bietet Leistung und Haltbarkeit von \u201eWash and Wear\u201c und ist mit stilvollen, figurbetonten Details versehen, um Ihnen eine unglaubliche Passform zu bieten, die gro\u00dfartig aussieht.\u00a0Unsere \u00fcberlegenen Farbstoffe und das spezielle Strahlf\u00e4rbeverfahren sorgen f\u00fcr eine tiefe Farbs\u00e4ttigung, die anh\u00e4lt.\u00a0Unsere Qualit\u00e4tskontrolle stellt sicher, dass unsere Farben perfekt zu jedem Strickpeeling passen.\u00a0Dieses T-Shirt mit Rundhalsausschnitt verleiht Ihrer<br \/>\nDiejenigen, die sich um das Tragen k\u00fcmmern: Heilende H\u00e4nde bem\u00fchen sich um die haltbarsten und bequemsten Uniformen, die jemals hergestellt wurden.\u00a0Wir verwandeln unsere luxuri\u00f6sen Stoffe in stilvolle Uniformen, die ohne zus\u00e4tzliches B\u00fcgeln nat\u00fcrlich passen und schmeicheln und Ihnen den besten Wert bieten, den Sie \u00fcberall finden k\u00f6nnen.\u00a0In vielen unserer Uniformen sind versteckte Botschaften unseres Gr\u00fcnders aufgedruckt, die allen Fachleuten, die unsere Peelings tragen, Wertsch\u00e4tzung zollen, um<br \/>\n<div class=\"main-cross-sell\" data-asin=\"B07NMTHL7V\">\n\n\t<div class=\"WooZone-cross-sell-loader\">\n\t\t<div>\n\t\t\t<div id=\"floatingBarsG\">\n\t\t\t\t<div class=\"blockG\" id=\"rotateG_01\"><\/div>\n\t\t\t\t<div class=\"blockG\" id=\"rotateG_02\"><\/div>\n\t\t\t\t<div class=\"blockG\" id=\"rotateG_03\"><\/div>\n\t\t\t\t<div class=\"blockG\" id=\"rotateG_04\"><\/div>\n\t\t\t\t<div class=\"blockG\" id=\"rotateG_05\"><\/div>\n\t\t\t\t<div class=\"blockG\" id=\"rotateG_06\"><\/div>\n\t\t\t\t<div class=\"blockG\" id=\"rotateG_07\"><\/div>\n\t\t\t\t<div class=\"blockG\" id=\"rotateG_08\"><\/div>\n\t\t\t<\/div>\n\t\t\t<div class=\"WooZone-cross-sell-loader-text\"><\/div>\n\t\t<\/div>\n\t<\/div>\n\n\t\t\n<\/div>\n<div style=\"clear:both;\"><\/div><\/p>\n","protected":false},"excerpt":{"rendered":"<p>DAS BESTE STOFF DER WELT: Unsere Knits-Kollektion besteht aus einer \u00fcberlegenen Stretch-Stoffmischung aus Baumwolle, Polyester und Elasthan, die leicht, weich und atmungsaktiv ist.\u00a0Das Polyester macht unsere Uniformen unglaublich stark, faltenfrei und widersteht dem Ausbleichen.\u00a0Die Baumwolle ist bequem und atmungsaktiv. Unser Elasthan wurde speziell f\u00fcr eine lange Lebensdauer entwickelt und bietet Ihnen \u00fcberlegene Dehnung und maximale Erholung.\u00a0Schlie\u00dflich ist der pflegeleichte Stoff ein Kinde<br \/>\nMODERNES DESIGN MIT MAXIMALER HALTBARKEIT: Unser Melissa Langarm-T-Shirt verleiht Ihnen den gew\u00fcnschten Look mit der Haltbarkeit, die Sie ben\u00f6tigen.\u00a0Mit seiner zeitgem\u00e4\u00dfen Passform und dem stilvollen Rundhalsausschnitt wird dieser hochwertige Unterrock allen Ihren Anforderungen gerecht.\u00a0K\u00f6rperl\u00e4ngenmessung (basierend auf der Gr\u00f6\u00dfe klein): 26,5 \u20ac<br \/>\nFASHION MEETS PERFORMANCE: Dieses Langarm-T-Shirt bietet Leistung und Haltbarkeit von \u201eWash and Wear\u201c und ist mit stilvollen, figurbetonten Details versehen, um Ihnen eine unglaubliche Passform zu bieten, die gro\u00dfartig aussieht.\u00a0Unsere \u00fcberlegenen Farbstoffe und das spezielle Strahlf\u00e4rbeverfahren sorgen f\u00fcr eine tiefe Farbs\u00e4ttigung, die anh\u00e4lt.\u00a0Unsere Qualit\u00e4tskontrolle stellt sicher, dass unsere Farben perfekt zu jedem Strickpeeling passen.\u00a0Dieses T-Shirt mit Rundhalsausschnitt verleiht Ihrer<\/p>\n","protected":false},"featured_media":180415,"comment_status":"open","ping_status":"closed","template":"","meta":[],"product_brand":[],"product_cat":[4143,1186],"product_tag":[],"class_list":{"0":"post-180414","1":"product","2":"type-product","3":"status-publish","4":"has-post-thumbnail","6":"product_cat-arbeitskleidung-uniformen","7":"product_cat-bekleidung","8":"pa_binding-textilien","9":"pa_brand-healing-hands","10":"pa_color-weiss","11":"pa_manufacturer-healing-hands","12":"pa_model-47310","14":"first","15":"instock","16":"shipping-taxable","17":"purchasable","18":"product-type-simple","19":"customify-col","20":"product-has-gallery"},"yoast_head":"<!-- This site is optimized with the Yoast SEO plugin v27.3 - https:\/\/yoast.com\/product\/yoast-seo-wordpress\/ -->\n<title>healing hands Peelings Melissa 5047 Strick Langarm Unterhemd T-Shirt - Markt-XXL<\/title>\n<meta name=\"description\" content=\"Markt-XXL healing hands Peelings Melissa 5047 Strick Langarm Unterhemd T-Shirt\" \/>\n<meta name=\"robots\" content=\"index, follow, max-snippet:-1, max-image-preview:large, max-video-preview:-1\" \/>\n<link rel=\"canonical\" href=\"https:\/\/marktxxl.de\/markt\/produkt\/healing-hands-peelings-melissa-5047-strick-langarm-unterhemd-t-shirt\/\" \/>\n<meta property=\"og:locale\" content=\"de_DE\" \/>\n<meta property=\"og:type\" content=\"article\" \/>\n<meta property=\"og:title\" content=\"healing hands Peelings Melissa 5047 Strick Langarm Unterhemd T-Shirt - Markt-XXL\" \/>\n<meta property=\"og:description\" content=\"Markt-XXL healing hands Peelings Melissa 5047 Strick Langarm Unterhemd T-Shirt\" \/>\n<meta property=\"og:url\" content=\"https:\/\/marktxxl.de\/markt\/produkt\/healing-hands-peelings-melissa-5047-strick-langarm-unterhemd-t-shirt\/\" \/>\n<meta property=\"og:site_name\" content=\"Markt-XXL\" \/>\n<meta property=\"article:modified_time\" content=\"2023-04-11T03:10:34+00:00\" \/>\n<meta property=\"og:image\" content=\"https:\/\/m.media-amazon.com\/images\/I\/31zJI1cahvL._SL500_.jpg\" \/>\n\t<meta property=\"og:image:width\" content=\"333\" \/>\n\t<meta property=\"og:image:height\" content=\"500\" \/>\n\t<meta property=\"og:image:type\" content=\"image\/jpeg\" \/>\n<meta name=\"twitter:card\" content=\"summary_large_image\" \/>\n<meta name=\"twitter:label1\" content=\"Gesch\u00e4tzte Lesezeit\" \/>\n\t<meta name=\"twitter:data1\" content=\"1\u00a0Minute\" \/>\n<script type=\"application\/ld+json\" class=\"yoast-schema-graph\">{\"@context\":\"https:\\\/\\\/schema.org\",\"@graph\":[{\"@type\":\"WebPage\",\"@id\":\"https:\\\/\\\/marktxxl.de\\\/markt\\\/produkt\\\/healing-hands-peelings-melissa-5047-strick-langarm-unterhemd-t-shirt\\\/\",\"url\":\"https:\\\/\\\/marktxxl.de\\\/markt\\\/produkt\\\/healing-hands-peelings-melissa-5047-strick-langarm-unterhemd-t-shirt\\\/\",\"name\":\"healing hands Peelings Melissa 5047 Strick Langarm Unterhemd T-Shirt - Markt-XXL\",\"isPartOf\":{\"@id\":\"https:\\\/\\\/marktxxl.de\\\/markt\\\/#website\"},\"primaryImageOfPage\":{\"@id\":\"https:\\\/\\\/marktxxl.de\\\/markt\\\/produkt\\\/healing-hands-peelings-melissa-5047-strick-langarm-unterhemd-t-shirt\\\/#primaryimage\"},\"image\":{\"@id\":\"https:\\\/\\\/marktxxl.de\\\/markt\\\/produkt\\\/healing-hands-peelings-melissa-5047-strick-langarm-unterhemd-t-shirt\\\/#primaryimage\"},\"thumbnailUrl\":\"https:\\\/\\\/m.media-amazon.com\\\/images\\\/I\\\/31zJI1cahvL._SL500_.jpg\",\"datePublished\":\"2023-01-10T03:16:57+00:00\",\"dateModified\":\"2023-04-11T03:10:34+00:00\",\"description\":\"Markt-XXL healing hands Peelings Melissa 5047 Strick Langarm Unterhemd T-Shirt\",\"breadcrumb\":{\"@id\":\"https:\\\/\\\/marktxxl.de\\\/markt\\\/produkt\\\/healing-hands-peelings-melissa-5047-strick-langarm-unterhemd-t-shirt\\\/#breadcrumb\"},\"inLanguage\":\"de\",\"potentialAction\":[{\"@type\":\"ReadAction\",\"target\":[\"https:\\\/\\\/marktxxl.de\\\/markt\\\/produkt\\\/healing-hands-peelings-melissa-5047-strick-langarm-unterhemd-t-shirt\\\/\"]}]},{\"@type\":\"ImageObject\",\"inLanguage\":\"de\",\"@id\":\"https:\\\/\\\/marktxxl.de\\\/markt\\\/produkt\\\/healing-hands-peelings-melissa-5047-strick-langarm-unterhemd-t-shirt\\\/#primaryimage\",\"url\":\"https:\\\/\\\/m.media-amazon.com\\\/images\\\/I\\\/31zJI1cahvL._SL500_.jpg\",\"contentUrl\":\"https:\\\/\\\/m.media-amazon.com\\\/images\\\/I\\\/31zJI1cahvL._SL500_.jpg\",\"width\":333,\"height\":500},{\"@type\":\"BreadcrumbList\",\"@id\":\"https:\\\/\\\/marktxxl.de\\\/markt\\\/produkt\\\/healing-hands-peelings-melissa-5047-strick-langarm-unterhemd-t-shirt\\\/#breadcrumb\",\"itemListElement\":[{\"@type\":\"ListItem\",\"position\":1,\"name\":\"Startseite\",\"item\":\"https:\\\/\\\/marktxxl.de\\\/markt\\\/\"},{\"@type\":\"ListItem\",\"position\":2,\"name\":\"Markt\",\"item\":\"https:\\\/\\\/marktxxl.de\\\/markt\\\/\"},{\"@type\":\"ListItem\",\"position\":3,\"name\":\"healing hands Peelings Melissa 5047 Strick Langarm Unterhemd T-Shirt\"}]},{\"@type\":\"WebSite\",\"@id\":\"https:\\\/\\\/marktxxl.de\\\/markt\\\/#website\",\"url\":\"https:\\\/\\\/marktxxl.de\\\/markt\\\/\",\"name\":\"Markt-XXL\",\"description\":\"Ihr Markt Online\",\"publisher\":{\"@id\":\"https:\\\/\\\/marktxxl.de\\\/markt\\\/#organization\"},\"potentialAction\":[{\"@type\":\"SearchAction\",\"target\":{\"@type\":\"EntryPoint\",\"urlTemplate\":\"https:\\\/\\\/marktxxl.de\\\/markt\\\/?s={search_term_string}\"},\"query-input\":{\"@type\":\"PropertyValueSpecification\",\"valueRequired\":true,\"valueName\":\"search_term_string\"}}],\"inLanguage\":\"de\"},{\"@type\":\"Organization\",\"@id\":\"https:\\\/\\\/marktxxl.de\\\/markt\\\/#organization\",\"name\":\"Markt-XXL\",\"url\":\"https:\\\/\\\/marktxxl.de\\\/markt\\\/\",\"logo\":{\"@type\":\"ImageObject\",\"inLanguage\":\"de\",\"@id\":\"https:\\\/\\\/marktxxl.de\\\/markt\\\/#\\\/schema\\\/logo\\\/image\\\/\",\"url\":\"https:\\\/\\\/marktxxl.de\\\/markt\\\/wp-content\\\/uploads\\\/sites\\\/3\\\/2020\\\/12\\\/logo.png\",\"contentUrl\":\"https:\\\/\\\/marktxxl.de\\\/markt\\\/wp-content\\\/uploads\\\/sites\\\/3\\\/2020\\\/12\\\/logo.png\",\"width\":200,\"height\":70,\"caption\":\"Markt-XXL\"},\"image\":{\"@id\":\"https:\\\/\\\/marktxxl.de\\\/markt\\\/#\\\/schema\\\/logo\\\/image\\\/\"}}]}<\/script>\n<!-- \/ Yoast SEO plugin. -->","yoast_head_json":{"title":"healing hands Peelings Melissa 5047 Strick Langarm Unterhemd T-Shirt - Markt-XXL","description":"Markt-XXL healing hands Peelings Melissa 5047 Strick Langarm Unterhemd T-Shirt","robots":{"index":"index","follow":"follow","max-snippet":"max-snippet:-1","max-image-preview":"max-image-preview:large","max-video-preview":"max-video-preview:-1"},"canonical":"https:\/\/marktxxl.de\/markt\/produkt\/healing-hands-peelings-melissa-5047-strick-langarm-unterhemd-t-shirt\/","og_locale":"de_DE","og_type":"article","og_title":"healing hands Peelings Melissa 5047 Strick Langarm Unterhemd T-Shirt - Markt-XXL","og_description":"Markt-XXL healing hands Peelings Melissa 5047 Strick Langarm Unterhemd T-Shirt","og_url":"https:\/\/marktxxl.de\/markt\/produkt\/healing-hands-peelings-melissa-5047-strick-langarm-unterhemd-t-shirt\/","og_site_name":"Markt-XXL","article_modified_time":"2023-04-11T03:10:34+00:00","og_image":[{"width":333,"height":500,"url":"https:\/\/m.media-amazon.com\/images\/I\/31zJI1cahvL._SL500_.jpg","type":"image\/jpeg"}],"twitter_card":"summary_large_image","twitter_misc":{"Gesch\u00e4tzte Lesezeit":"1\u00a0Minute"},"schema":{"@context":"https:\/\/schema.org","@graph":[{"@type":"WebPage","@id":"https:\/\/marktxxl.de\/markt\/produkt\/healing-hands-peelings-melissa-5047-strick-langarm-unterhemd-t-shirt\/","url":"https:\/\/marktxxl.de\/markt\/produkt\/healing-hands-peelings-melissa-5047-strick-langarm-unterhemd-t-shirt\/","name":"healing hands Peelings Melissa 5047 Strick Langarm Unterhemd T-Shirt - Markt-XXL","isPartOf":{"@id":"https:\/\/marktxxl.de\/markt\/#website"},"primaryImageOfPage":{"@id":"https:\/\/marktxxl.de\/markt\/produkt\/healing-hands-peelings-melissa-5047-strick-langarm-unterhemd-t-shirt\/#primaryimage"},"image":{"@id":"https:\/\/marktxxl.de\/markt\/produkt\/healing-hands-peelings-melissa-5047-strick-langarm-unterhemd-t-shirt\/#primaryimage"},"thumbnailUrl":"https:\/\/m.media-amazon.com\/images\/I\/31zJI1cahvL._SL500_.jpg","datePublished":"2023-01-10T03:16:57+00:00","dateModified":"2023-04-11T03:10:34+00:00","description":"Markt-XXL healing hands Peelings Melissa 5047 Strick Langarm Unterhemd T-Shirt","breadcrumb":{"@id":"https:\/\/marktxxl.de\/markt\/produkt\/healing-hands-peelings-melissa-5047-strick-langarm-unterhemd-t-shirt\/#breadcrumb"},"inLanguage":"de","potentialAction":[{"@type":"ReadAction","target":["https:\/\/marktxxl.de\/markt\/produkt\/healing-hands-peelings-melissa-5047-strick-langarm-unterhemd-t-shirt\/"]}]},{"@type":"ImageObject","inLanguage":"de","@id":"https:\/\/marktxxl.de\/markt\/produkt\/healing-hands-peelings-melissa-5047-strick-langarm-unterhemd-t-shirt\/#primaryimage","url":"https:\/\/m.media-amazon.com\/images\/I\/31zJI1cahvL._SL500_.jpg","contentUrl":"https:\/\/m.media-amazon.com\/images\/I\/31zJI1cahvL._SL500_.jpg","width":333,"height":500},{"@type":"BreadcrumbList","@id":"https:\/\/marktxxl.de\/markt\/produkt\/healing-hands-peelings-melissa-5047-strick-langarm-unterhemd-t-shirt\/#breadcrumb","itemListElement":[{"@type":"ListItem","position":1,"name":"Startseite","item":"https:\/\/marktxxl.de\/markt\/"},{"@type":"ListItem","position":2,"name":"Markt","item":"https:\/\/marktxxl.de\/markt\/"},{"@type":"ListItem","position":3,"name":"healing hands Peelings Melissa 5047 Strick Langarm Unterhemd T-Shirt"}]},{"@type":"WebSite","@id":"https:\/\/marktxxl.de\/markt\/#website","url":"https:\/\/marktxxl.de\/markt\/","name":"Markt-XXL","description":"Ihr Markt Online","publisher":{"@id":"https:\/\/marktxxl.de\/markt\/#organization"},"potentialAction":[{"@type":"SearchAction","target":{"@type":"EntryPoint","urlTemplate":"https:\/\/marktxxl.de\/markt\/?s={search_term_string}"},"query-input":{"@type":"PropertyValueSpecification","valueRequired":true,"valueName":"search_term_string"}}],"inLanguage":"de"},{"@type":"Organization","@id":"https:\/\/marktxxl.de\/markt\/#organization","name":"Markt-XXL","url":"https:\/\/marktxxl.de\/markt\/","logo":{"@type":"ImageObject","inLanguage":"de","@id":"https:\/\/marktxxl.de\/markt\/#\/schema\/logo\/image\/","url":"https:\/\/marktxxl.de\/markt\/wp-content\/uploads\/sites\/3\/2020\/12\/logo.png","contentUrl":"https:\/\/marktxxl.de\/markt\/wp-content\/uploads\/sites\/3\/2020\/12\/logo.png","width":200,"height":70,"caption":"Markt-XXL"},"image":{"@id":"https:\/\/marktxxl.de\/markt\/#\/schema\/logo\/image\/"}}]}},"_links":{"self":[{"href":"https:\/\/marktxxl.de\/markt\/wp-json\/wp\/v2\/product\/180414","targetHints":{"allow":["GET"]}}],"collection":[{"href":"https:\/\/marktxxl.de\/markt\/wp-json\/wp\/v2\/product"}],"about":[{"href":"https:\/\/marktxxl.de\/markt\/wp-json\/wp\/v2\/types\/product"}],"replies":[{"embeddable":true,"href":"https:\/\/marktxxl.de\/markt\/wp-json\/wp\/v2\/comments?post=180414"}],"wp:featuredmedia":[{"embeddable":true,"href":"https:\/\/marktxxl.de\/markt\/wp-json\/wp\/v2\/media\/180415"}],"wp:attachment":[{"href":"https:\/\/marktxxl.de\/markt\/wp-json\/wp\/v2\/media?parent=180414"}],"wp:term":[{"taxonomy":"product_brand","embeddable":true,"href":"https:\/\/marktxxl.de\/markt\/wp-json\/wp\/v2\/product_brand?post=180414"},{"taxonomy":"product_cat","embeddable":true,"href":"https:\/\/marktxxl.de\/markt\/wp-json\/wp\/v2\/product_cat?post=180414"},{"taxonomy":"product_tag","embeddable":true,"href":"https:\/\/marktxxl.de\/markt\/wp-json\/wp\/v2\/product_tag?post=180414"}],"curies":[{"name":"wp","href":"https:\/\/api.w.org\/{rel}","templated":true}]}}