{"id":180388,"date":"2023-01-10T04:16:10","date_gmt":"2023-01-10T03:16:10","guid":{"rendered":"https:\/\/marktxxl.de\/markt\/produkt\/nautica-maedchen-schuluniform-stretch-popeline-roller-scooter-skirt\/"},"modified":"2023-04-11T05:10:34","modified_gmt":"2023-04-11T03:10:34","slug":"nautica-maedchen-schuluniform-stretch-popeline-roller-scooter-skirt","status":"publish","type":"product","link":"https:\/\/marktxxl.de\/markt\/produkt\/nautica-maedchen-schuluniform-stretch-popeline-roller-scooter-skirt\/","title":{"rendered":"Nautica M\u00e4dchen Schuluniform, Stretch-Popeline-Roller Scooter Skirt"},"content":{"rendered":"<p>Schuluniform Popeline Scooter mit Knopftaschen<br \/>\nStretch-Interlock-Gewebe bietet ultimativen Komfort durch Dehnung w\u00e4hrend Sie sich bewegen<br \/>\nPlissiertes Au\u00dfenmaterial mit Shorts unten f\u00fcr zus\u00e4tzlichen Komfort<br \/>\nElastischer Bund<br \/>\nSchuluniform zugelassen<br \/>\n<div class=\"main-cross-sell\" data-asin=\"B0BJJ17F11\">\n\n\t<div class=\"WooZone-cross-sell-loader\">\n\t\t<div>\n\t\t\t<div id=\"floatingBarsG\">\n\t\t\t\t<div class=\"blockG\" id=\"rotateG_01\"><\/div>\n\t\t\t\t<div class=\"blockG\" id=\"rotateG_02\"><\/div>\n\t\t\t\t<div class=\"blockG\" id=\"rotateG_03\"><\/div>\n\t\t\t\t<div class=\"blockG\" id=\"rotateG_04\"><\/div>\n\t\t\t\t<div class=\"blockG\" id=\"rotateG_05\"><\/div>\n\t\t\t\t<div class=\"blockG\" id=\"rotateG_06\"><\/div>\n\t\t\t\t<div class=\"blockG\" id=\"rotateG_07\"><\/div>\n\t\t\t\t<div class=\"blockG\" id=\"rotateG_08\"><\/div>\n\t\t\t<\/div>\n\t\t\t<div class=\"WooZone-cross-sell-loader-text\"><\/div>\n\t\t<\/div>\n\t<\/div>\n\n\t\t\n<\/div>\n<div style=\"clear:both;\"><\/div><\/p>\n","protected":false},"excerpt":{"rendered":"<p>Schuluniform Popeline Scooter mit Knopftaschen<br \/>\nStretch-Interlock-Gewebe bietet ultimativen Komfort durch Dehnung w\u00e4hrend Sie sich bewegen<br \/>\nPlissiertes Au\u00dfenmaterial mit Shorts unten f\u00fcr zus\u00e4tzlichen Komfort<\/p>\n","protected":false},"featured_media":180389,"comment_status":"open","ping_status":"closed","template":"","meta":[],"product_brand":[],"product_cat":[4143,1186],"product_tag":[],"class_list":{"0":"post-180388","1":"product","2":"type-product","3":"status-publish","4":"has-post-thumbnail","6":"product_cat-arbeitskleidung-uniformen","7":"product_cat-bekleidung","8":"pa_binding-textilien","9":"pa_brand-nautica","10":"pa_manufacturer-nautica","12":"first","13":"instock","14":"shipping-taxable","15":"purchasable","16":"product-type-simple","17":"customify-col","18":"product-has-gallery"},"yoast_head":"<!-- This site is optimized with the Yoast SEO plugin v27.3 - https:\/\/yoast.com\/product\/yoast-seo-wordpress\/ -->\n<title>Nautica M\u00e4dchen Schuluniform, Stretch-Popeline-Roller Scooter Skirt - Markt-XXL<\/title>\n<meta name=\"description\" content=\"Markt-XXL Nautica M\u00e4dchen Schuluniform, Stretch-Popeline-Roller Scooter Skirt\" \/>\n<meta name=\"robots\" content=\"index, follow, max-snippet:-1, max-image-preview:large, max-video-preview:-1\" \/>\n<link rel=\"canonical\" href=\"https:\/\/marktxxl.de\/markt\/produkt\/nautica-maedchen-schuluniform-stretch-popeline-roller-scooter-skirt\/\" \/>\n<meta property=\"og:locale\" content=\"de_DE\" \/>\n<meta property=\"og:type\" content=\"article\" \/>\n<meta property=\"og:title\" content=\"Nautica M\u00e4dchen Schuluniform, Stretch-Popeline-Roller Scooter Skirt - Markt-XXL\" \/>\n<meta property=\"og:description\" content=\"Markt-XXL Nautica M\u00e4dchen Schuluniform, Stretch-Popeline-Roller Scooter Skirt\" \/>\n<meta property=\"og:url\" content=\"https:\/\/marktxxl.de\/markt\/produkt\/nautica-maedchen-schuluniform-stretch-popeline-roller-scooter-skirt\/\" \/>\n<meta property=\"og:site_name\" content=\"Markt-XXL\" \/>\n<meta property=\"article:modified_time\" content=\"2023-04-11T03:10:34+00:00\" \/>\n<meta property=\"og:image\" content=\"https:\/\/m.media-amazon.com\/images\/I\/31hodrvQjML._SL500_.jpg\" \/>\n\t<meta property=\"og:image:width\" content=\"500\" \/>\n\t<meta property=\"og:image:height\" content=\"447\" \/>\n\t<meta property=\"og:image:type\" content=\"image\/jpeg\" \/>\n<meta name=\"twitter:card\" content=\"summary_large_image\" \/>\n<script type=\"application\/ld+json\" class=\"yoast-schema-graph\">{\"@context\":\"https:\\\/\\\/schema.org\",\"@graph\":[{\"@type\":\"WebPage\",\"@id\":\"https:\\\/\\\/marktxxl.de\\\/markt\\\/produkt\\\/nautica-maedchen-schuluniform-stretch-popeline-roller-scooter-skirt\\\/\",\"url\":\"https:\\\/\\\/marktxxl.de\\\/markt\\\/produkt\\\/nautica-maedchen-schuluniform-stretch-popeline-roller-scooter-skirt\\\/\",\"name\":\"Nautica M\u00e4dchen Schuluniform, Stretch-Popeline-Roller Scooter Skirt - Markt-XXL\",\"isPartOf\":{\"@id\":\"https:\\\/\\\/marktxxl.de\\\/markt\\\/#website\"},\"primaryImageOfPage\":{\"@id\":\"https:\\\/\\\/marktxxl.de\\\/markt\\\/produkt\\\/nautica-maedchen-schuluniform-stretch-popeline-roller-scooter-skirt\\\/#primaryimage\"},\"image\":{\"@id\":\"https:\\\/\\\/marktxxl.de\\\/markt\\\/produkt\\\/nautica-maedchen-schuluniform-stretch-popeline-roller-scooter-skirt\\\/#primaryimage\"},\"thumbnailUrl\":\"https:\\\/\\\/m.media-amazon.com\\\/images\\\/I\\\/31hodrvQjML._SL500_.jpg\",\"datePublished\":\"2023-01-10T03:16:10+00:00\",\"dateModified\":\"2023-04-11T03:10:34+00:00\",\"description\":\"Markt-XXL Nautica M\u00e4dchen Schuluniform, Stretch-Popeline-Roller Scooter Skirt\",\"breadcrumb\":{\"@id\":\"https:\\\/\\\/marktxxl.de\\\/markt\\\/produkt\\\/nautica-maedchen-schuluniform-stretch-popeline-roller-scooter-skirt\\\/#breadcrumb\"},\"inLanguage\":\"de\",\"potentialAction\":[{\"@type\":\"ReadAction\",\"target\":[\"https:\\\/\\\/marktxxl.de\\\/markt\\\/produkt\\\/nautica-maedchen-schuluniform-stretch-popeline-roller-scooter-skirt\\\/\"]}]},{\"@type\":\"ImageObject\",\"inLanguage\":\"de\",\"@id\":\"https:\\\/\\\/marktxxl.de\\\/markt\\\/produkt\\\/nautica-maedchen-schuluniform-stretch-popeline-roller-scooter-skirt\\\/#primaryimage\",\"url\":\"https:\\\/\\\/m.media-amazon.com\\\/images\\\/I\\\/31hodrvQjML._SL500_.jpg\",\"contentUrl\":\"https:\\\/\\\/m.media-amazon.com\\\/images\\\/I\\\/31hodrvQjML._SL500_.jpg\",\"width\":500,\"height\":447},{\"@type\":\"BreadcrumbList\",\"@id\":\"https:\\\/\\\/marktxxl.de\\\/markt\\\/produkt\\\/nautica-maedchen-schuluniform-stretch-popeline-roller-scooter-skirt\\\/#breadcrumb\",\"itemListElement\":[{\"@type\":\"ListItem\",\"position\":1,\"name\":\"Startseite\",\"item\":\"https:\\\/\\\/marktxxl.de\\\/markt\\\/\"},{\"@type\":\"ListItem\",\"position\":2,\"name\":\"Markt\",\"item\":\"https:\\\/\\\/marktxxl.de\\\/markt\\\/\"},{\"@type\":\"ListItem\",\"position\":3,\"name\":\"Nautica M\u00e4dchen Schuluniform, Stretch-Popeline-Roller Scooter Skirt\"}]},{\"@type\":\"WebSite\",\"@id\":\"https:\\\/\\\/marktxxl.de\\\/markt\\\/#website\",\"url\":\"https:\\\/\\\/marktxxl.de\\\/markt\\\/\",\"name\":\"Markt-XXL\",\"description\":\"Ihr Markt Online\",\"publisher\":{\"@id\":\"https:\\\/\\\/marktxxl.de\\\/markt\\\/#organization\"},\"potentialAction\":[{\"@type\":\"SearchAction\",\"target\":{\"@type\":\"EntryPoint\",\"urlTemplate\":\"https:\\\/\\\/marktxxl.de\\\/markt\\\/?s={search_term_string}\"},\"query-input\":{\"@type\":\"PropertyValueSpecification\",\"valueRequired\":true,\"valueName\":\"search_term_string\"}}],\"inLanguage\":\"de\"},{\"@type\":\"Organization\",\"@id\":\"https:\\\/\\\/marktxxl.de\\\/markt\\\/#organization\",\"name\":\"Markt-XXL\",\"url\":\"https:\\\/\\\/marktxxl.de\\\/markt\\\/\",\"logo\":{\"@type\":\"ImageObject\",\"inLanguage\":\"de\",\"@id\":\"https:\\\/\\\/marktxxl.de\\\/markt\\\/#\\\/schema\\\/logo\\\/image\\\/\",\"url\":\"https:\\\/\\\/marktxxl.de\\\/markt\\\/wp-content\\\/uploads\\\/sites\\\/3\\\/2020\\\/12\\\/logo.png\",\"contentUrl\":\"https:\\\/\\\/marktxxl.de\\\/markt\\\/wp-content\\\/uploads\\\/sites\\\/3\\\/2020\\\/12\\\/logo.png\",\"width\":200,\"height\":70,\"caption\":\"Markt-XXL\"},\"image\":{\"@id\":\"https:\\\/\\\/marktxxl.de\\\/markt\\\/#\\\/schema\\\/logo\\\/image\\\/\"}}]}<\/script>\n<!-- \/ Yoast SEO plugin. -->","yoast_head_json":{"title":"Nautica M\u00e4dchen Schuluniform, Stretch-Popeline-Roller Scooter Skirt - Markt-XXL","description":"Markt-XXL Nautica M\u00e4dchen Schuluniform, Stretch-Popeline-Roller Scooter Skirt","robots":{"index":"index","follow":"follow","max-snippet":"max-snippet:-1","max-image-preview":"max-image-preview:large","max-video-preview":"max-video-preview:-1"},"canonical":"https:\/\/marktxxl.de\/markt\/produkt\/nautica-maedchen-schuluniform-stretch-popeline-roller-scooter-skirt\/","og_locale":"de_DE","og_type":"article","og_title":"Nautica M\u00e4dchen Schuluniform, Stretch-Popeline-Roller Scooter Skirt - Markt-XXL","og_description":"Markt-XXL Nautica M\u00e4dchen Schuluniform, Stretch-Popeline-Roller Scooter Skirt","og_url":"https:\/\/marktxxl.de\/markt\/produkt\/nautica-maedchen-schuluniform-stretch-popeline-roller-scooter-skirt\/","og_site_name":"Markt-XXL","article_modified_time":"2023-04-11T03:10:34+00:00","og_image":[{"width":500,"height":447,"url":"https:\/\/m.media-amazon.com\/images\/I\/31hodrvQjML._SL500_.jpg","type":"image\/jpeg"}],"twitter_card":"summary_large_image","schema":{"@context":"https:\/\/schema.org","@graph":[{"@type":"WebPage","@id":"https:\/\/marktxxl.de\/markt\/produkt\/nautica-maedchen-schuluniform-stretch-popeline-roller-scooter-skirt\/","url":"https:\/\/marktxxl.de\/markt\/produkt\/nautica-maedchen-schuluniform-stretch-popeline-roller-scooter-skirt\/","name":"Nautica M\u00e4dchen Schuluniform, Stretch-Popeline-Roller Scooter Skirt - Markt-XXL","isPartOf":{"@id":"https:\/\/marktxxl.de\/markt\/#website"},"primaryImageOfPage":{"@id":"https:\/\/marktxxl.de\/markt\/produkt\/nautica-maedchen-schuluniform-stretch-popeline-roller-scooter-skirt\/#primaryimage"},"image":{"@id":"https:\/\/marktxxl.de\/markt\/produkt\/nautica-maedchen-schuluniform-stretch-popeline-roller-scooter-skirt\/#primaryimage"},"thumbnailUrl":"https:\/\/m.media-amazon.com\/images\/I\/31hodrvQjML._SL500_.jpg","datePublished":"2023-01-10T03:16:10+00:00","dateModified":"2023-04-11T03:10:34+00:00","description":"Markt-XXL Nautica M\u00e4dchen Schuluniform, Stretch-Popeline-Roller Scooter Skirt","breadcrumb":{"@id":"https:\/\/marktxxl.de\/markt\/produkt\/nautica-maedchen-schuluniform-stretch-popeline-roller-scooter-skirt\/#breadcrumb"},"inLanguage":"de","potentialAction":[{"@type":"ReadAction","target":["https:\/\/marktxxl.de\/markt\/produkt\/nautica-maedchen-schuluniform-stretch-popeline-roller-scooter-skirt\/"]}]},{"@type":"ImageObject","inLanguage":"de","@id":"https:\/\/marktxxl.de\/markt\/produkt\/nautica-maedchen-schuluniform-stretch-popeline-roller-scooter-skirt\/#primaryimage","url":"https:\/\/m.media-amazon.com\/images\/I\/31hodrvQjML._SL500_.jpg","contentUrl":"https:\/\/m.media-amazon.com\/images\/I\/31hodrvQjML._SL500_.jpg","width":500,"height":447},{"@type":"BreadcrumbList","@id":"https:\/\/marktxxl.de\/markt\/produkt\/nautica-maedchen-schuluniform-stretch-popeline-roller-scooter-skirt\/#breadcrumb","itemListElement":[{"@type":"ListItem","position":1,"name":"Startseite","item":"https:\/\/marktxxl.de\/markt\/"},{"@type":"ListItem","position":2,"name":"Markt","item":"https:\/\/marktxxl.de\/markt\/"},{"@type":"ListItem","position":3,"name":"Nautica M\u00e4dchen Schuluniform, Stretch-Popeline-Roller Scooter Skirt"}]},{"@type":"WebSite","@id":"https:\/\/marktxxl.de\/markt\/#website","url":"https:\/\/marktxxl.de\/markt\/","name":"Markt-XXL","description":"Ihr Markt Online","publisher":{"@id":"https:\/\/marktxxl.de\/markt\/#organization"},"potentialAction":[{"@type":"SearchAction","target":{"@type":"EntryPoint","urlTemplate":"https:\/\/marktxxl.de\/markt\/?s={search_term_string}"},"query-input":{"@type":"PropertyValueSpecification","valueRequired":true,"valueName":"search_term_string"}}],"inLanguage":"de"},{"@type":"Organization","@id":"https:\/\/marktxxl.de\/markt\/#organization","name":"Markt-XXL","url":"https:\/\/marktxxl.de\/markt\/","logo":{"@type":"ImageObject","inLanguage":"de","@id":"https:\/\/marktxxl.de\/markt\/#\/schema\/logo\/image\/","url":"https:\/\/marktxxl.de\/markt\/wp-content\/uploads\/sites\/3\/2020\/12\/logo.png","contentUrl":"https:\/\/marktxxl.de\/markt\/wp-content\/uploads\/sites\/3\/2020\/12\/logo.png","width":200,"height":70,"caption":"Markt-XXL"},"image":{"@id":"https:\/\/marktxxl.de\/markt\/#\/schema\/logo\/image\/"}}]}},"_links":{"self":[{"href":"https:\/\/marktxxl.de\/markt\/wp-json\/wp\/v2\/product\/180388","targetHints":{"allow":["GET"]}}],"collection":[{"href":"https:\/\/marktxxl.de\/markt\/wp-json\/wp\/v2\/product"}],"about":[{"href":"https:\/\/marktxxl.de\/markt\/wp-json\/wp\/v2\/types\/product"}],"replies":[{"embeddable":true,"href":"https:\/\/marktxxl.de\/markt\/wp-json\/wp\/v2\/comments?post=180388"}],"wp:featuredmedia":[{"embeddable":true,"href":"https:\/\/marktxxl.de\/markt\/wp-json\/wp\/v2\/media\/180389"}],"wp:attachment":[{"href":"https:\/\/marktxxl.de\/markt\/wp-json\/wp\/v2\/media?parent=180388"}],"wp:term":[{"taxonomy":"product_brand","embeddable":true,"href":"https:\/\/marktxxl.de\/markt\/wp-json\/wp\/v2\/product_brand?post=180388"},{"taxonomy":"product_cat","embeddable":true,"href":"https:\/\/marktxxl.de\/markt\/wp-json\/wp\/v2\/product_cat?post=180388"},{"taxonomy":"product_tag","embeddable":true,"href":"https:\/\/marktxxl.de\/markt\/wp-json\/wp\/v2\/product_tag?post=180388"}],"curies":[{"name":"wp","href":"https:\/\/api.w.org\/{rel}","templated":true}]}}