{"id":180385,"date":"2023-01-10T04:00:01","date_gmt":"2023-01-10T03:00:01","guid":{"rendered":"https:\/\/marktxxl.de\/markt\/produkt\/tru-spec-herren-t-r-u-1-4-zip-combat-shirt-hemd-1er-pack\/"},"modified":"2023-04-11T05:10:34","modified_gmt":"2023-04-11T03:10:34","slug":"tru-spec-herren-t-r-u-1-4-zip-combat-shirt-hemd-1er-pack","status":"publish","type":"product","link":"https:\/\/marktxxl.de\/markt\/produkt\/tru-spec-herren-t-r-u-1-4-zip-combat-shirt-hemd-1er-pack\/","title":{"rendered":"Tru-Spec Herren T.r.u 1\/4 Zip Combat Shirt Hemd (1er Pack)"},"content":{"rendered":"<p>Leichtes Material: Hergestellt ohne Schmelzen, kein Tropfen, Cordura-Unterschichtgewebe mit einer 60 % Baumwolle und 40 % Nylon-Mischung, die nicht nur die Schwere von Verbrennungsverletzungen reduziert, sondern auch vor Feuer sch\u00fctzt, Feuchtigkeit ableitet und schnell trocknet<br \/>\nKomfortable Passform: Bequeme Hemden verf\u00fcgen \u00fcber eine verst\u00e4rkte \u00e4u\u00dfere Ellenbogentaschen mit \u00d6ffnungen f\u00fcr Ellbogensch\u00fctzer, die mit Klettverschluss gesichert sind<br \/>\nEffizientes Design: Das Milit\u00e4rhemd verf\u00fcgt \u00fcber einen Mandarinenkragen mit Viertelrei\u00dfverschluss vorne, nahtlose Schultern, um Scheuern zu minimieren; es verf\u00fcgt \u00fcber einen Glintbandhalter f\u00fcr IR-Tape, reichlich Aufbewahrungstaschen an den \u00c4rmeln mit externer Schlaufe zur Befestigung von Namen, Rang und Flaggen, Stift-\/Bleistiftst\u00e4ndern<br \/>\nMultifunktionale Shirts: Die 24-7-Serie bietet eine Vielzahl von Hemden, die f\u00fcr schwere Eins\u00e4tze, Laufen, Sport oder als Fitnessbekleidung verwendet werden k\u00f6nnen. Auch geeignet f\u00fcr M\u00e4nner im aktiven Kampf und im Einsatz, speziell f\u00fcr diejenigen, die in der Strafverfolgung arbeiten<br \/>\n<div class=\"main-cross-sell\" data-asin=\"B08K4HPLBN\">\n\n\t<div class=\"WooZone-cross-sell-loader\">\n\t\t<div>\n\t\t\t<div id=\"floatingBarsG\">\n\t\t\t\t<div class=\"blockG\" id=\"rotateG_01\"><\/div>\n\t\t\t\t<div class=\"blockG\" id=\"rotateG_02\"><\/div>\n\t\t\t\t<div class=\"blockG\" id=\"rotateG_03\"><\/div>\n\t\t\t\t<div class=\"blockG\" id=\"rotateG_04\"><\/div>\n\t\t\t\t<div class=\"blockG\" id=\"rotateG_05\"><\/div>\n\t\t\t\t<div class=\"blockG\" id=\"rotateG_06\"><\/div>\n\t\t\t\t<div class=\"blockG\" id=\"rotateG_07\"><\/div>\n\t\t\t\t<div class=\"blockG\" id=\"rotateG_08\"><\/div>\n\t\t\t<\/div>\n\t\t\t<div class=\"WooZone-cross-sell-loader-text\"><\/div>\n\t\t<\/div>\n\t<\/div>\n\n\t\t\n<\/div>\n<div style=\"clear:both;\"><\/div><\/p>\n","protected":false},"excerpt":{"rendered":"<p>Leichtes Material: Hergestellt ohne Schmelzen, kein Tropfen, Cordura-Unterschichtgewebe mit einer 60 % Baumwolle und 40 % Nylon-Mischung, die nicht nur die Schwere von Verbrennungsverletzungen reduziert, sondern auch vor Feuer sch\u00fctzt, Feuchtigkeit ableitet und schnell trocknet<br \/>\nKomfortable Passform: Bequeme Hemden verf\u00fcgen \u00fcber eine verst\u00e4rkte \u00e4u\u00dfere Ellenbogentaschen mit \u00d6ffnungen f\u00fcr Ellbogensch\u00fctzer, die mit Klettverschluss gesichert sind<br \/>\nEffizientes Design: Das Milit\u00e4rhemd verf\u00fcgt \u00fcber einen Mandarinenkragen mit Viertelrei\u00dfverschluss vorne, nahtlose Schultern, um Scheuern zu minimieren; es verf\u00fcgt \u00fcber einen Glintbandhalter f\u00fcr IR-Tape, reichlich Aufbewahrungstaschen an den \u00c4rmeln mit externer Schlaufe zur Befestigung von Namen, Rang und Flaggen, Stift-\/Bleistiftst\u00e4ndern<\/p>\n","protected":false},"featured_media":180386,"comment_status":"open","ping_status":"closed","template":"","meta":[],"product_brand":[],"product_cat":[4143,1186],"product_tag":[],"class_list":{"0":"post-180385","1":"product","2":"type-product","3":"status-publish","4":"has-post-thumbnail","6":"product_cat-arbeitskleidung-uniformen","7":"product_cat-bekleidung","8":"pa_binding-textilien","9":"pa_brand-tru-spec","10":"pa_color-multicam-arid","11":"pa_manufacturer-tru-spec","12":"pa_model-47299","14":"first","15":"instock","16":"shipping-taxable","17":"purchasable","18":"product-type-simple","19":"customify-col","20":"product-has-gallery"},"yoast_head":"<!-- This site is optimized with the Yoast SEO plugin v27.4 - https:\/\/yoast.com\/product\/yoast-seo-wordpress\/ -->\n<title>Tru-Spec Herren T.r.u 1\/4 Zip Combat Shirt Hemd (1er Pack) - Markt-XXL<\/title>\n<meta name=\"description\" content=\"Markt-XXL Tru-Spec Herren T.r.u 1\/4 Zip Combat Shirt Hemd (1er Pack)\" \/>\n<meta name=\"robots\" content=\"index, follow, max-snippet:-1, max-image-preview:large, max-video-preview:-1\" \/>\n<link rel=\"canonical\" href=\"https:\/\/marktxxl.de\/markt\/produkt\/tru-spec-herren-t-r-u-1-4-zip-combat-shirt-hemd-1er-pack\/\" \/>\n<meta property=\"og:locale\" content=\"de_DE\" \/>\n<meta property=\"og:type\" content=\"article\" \/>\n<meta property=\"og:title\" content=\"Tru-Spec Herren T.r.u 1\/4 Zip Combat Shirt Hemd (1er Pack) - Markt-XXL\" \/>\n<meta property=\"og:description\" content=\"Markt-XXL Tru-Spec Herren T.r.u 1\/4 Zip Combat Shirt Hemd (1er Pack)\" \/>\n<meta property=\"og:url\" content=\"https:\/\/marktxxl.de\/markt\/produkt\/tru-spec-herren-t-r-u-1-4-zip-combat-shirt-hemd-1er-pack\/\" \/>\n<meta property=\"og:site_name\" content=\"Markt-XXL\" \/>\n<meta property=\"article:modified_time\" content=\"2023-04-11T03:10:34+00:00\" \/>\n<meta property=\"og:image\" content=\"https:\/\/m.media-amazon.com\/images\/I\/41XKQFonCVL._SL500_.jpg\" \/>\n\t<meta property=\"og:image:width\" content=\"431\" \/>\n\t<meta property=\"og:image:height\" content=\"500\" \/>\n\t<meta property=\"og:image:type\" content=\"image\/jpeg\" \/>\n<meta name=\"twitter:card\" content=\"summary_large_image\" \/>\n<meta name=\"twitter:label1\" content=\"Gesch\u00e4tzte Lesezeit\" \/>\n\t<meta name=\"twitter:data1\" content=\"1\u00a0Minute\" \/>\n<script type=\"application\/ld+json\" class=\"yoast-schema-graph\">{\"@context\":\"https:\\\/\\\/schema.org\",\"@graph\":[{\"@type\":\"WebPage\",\"@id\":\"https:\\\/\\\/marktxxl.de\\\/markt\\\/produkt\\\/tru-spec-herren-t-r-u-1-4-zip-combat-shirt-hemd-1er-pack\\\/\",\"url\":\"https:\\\/\\\/marktxxl.de\\\/markt\\\/produkt\\\/tru-spec-herren-t-r-u-1-4-zip-combat-shirt-hemd-1er-pack\\\/\",\"name\":\"Tru-Spec Herren T.r.u 1\\\/4 Zip Combat Shirt Hemd (1er Pack) - Markt-XXL\",\"isPartOf\":{\"@id\":\"https:\\\/\\\/marktxxl.de\\\/markt\\\/#website\"},\"primaryImageOfPage\":{\"@id\":\"https:\\\/\\\/marktxxl.de\\\/markt\\\/produkt\\\/tru-spec-herren-t-r-u-1-4-zip-combat-shirt-hemd-1er-pack\\\/#primaryimage\"},\"image\":{\"@id\":\"https:\\\/\\\/marktxxl.de\\\/markt\\\/produkt\\\/tru-spec-herren-t-r-u-1-4-zip-combat-shirt-hemd-1er-pack\\\/#primaryimage\"},\"thumbnailUrl\":\"https:\\\/\\\/m.media-amazon.com\\\/images\\\/I\\\/41XKQFonCVL._SL500_.jpg\",\"datePublished\":\"2023-01-10T03:00:01+00:00\",\"dateModified\":\"2023-04-11T03:10:34+00:00\",\"description\":\"Markt-XXL Tru-Spec Herren T.r.u 1\\\/4 Zip Combat Shirt Hemd (1er Pack)\",\"breadcrumb\":{\"@id\":\"https:\\\/\\\/marktxxl.de\\\/markt\\\/produkt\\\/tru-spec-herren-t-r-u-1-4-zip-combat-shirt-hemd-1er-pack\\\/#breadcrumb\"},\"inLanguage\":\"de\",\"potentialAction\":[{\"@type\":\"ReadAction\",\"target\":[\"https:\\\/\\\/marktxxl.de\\\/markt\\\/produkt\\\/tru-spec-herren-t-r-u-1-4-zip-combat-shirt-hemd-1er-pack\\\/\"]}]},{\"@type\":\"ImageObject\",\"inLanguage\":\"de\",\"@id\":\"https:\\\/\\\/marktxxl.de\\\/markt\\\/produkt\\\/tru-spec-herren-t-r-u-1-4-zip-combat-shirt-hemd-1er-pack\\\/#primaryimage\",\"url\":\"https:\\\/\\\/m.media-amazon.com\\\/images\\\/I\\\/41XKQFonCVL._SL500_.jpg\",\"contentUrl\":\"https:\\\/\\\/m.media-amazon.com\\\/images\\\/I\\\/41XKQFonCVL._SL500_.jpg\",\"width\":431,\"height\":500},{\"@type\":\"BreadcrumbList\",\"@id\":\"https:\\\/\\\/marktxxl.de\\\/markt\\\/produkt\\\/tru-spec-herren-t-r-u-1-4-zip-combat-shirt-hemd-1er-pack\\\/#breadcrumb\",\"itemListElement\":[{\"@type\":\"ListItem\",\"position\":1,\"name\":\"Startseite\",\"item\":\"https:\\\/\\\/marktxxl.de\\\/markt\\\/\"},{\"@type\":\"ListItem\",\"position\":2,\"name\":\"Markt\",\"item\":\"https:\\\/\\\/marktxxl.de\\\/markt\\\/\"},{\"@type\":\"ListItem\",\"position\":3,\"name\":\"Tru-Spec Herren T.r.u 1\\\/4 Zip Combat Shirt Hemd (1er Pack)\"}]},{\"@type\":\"WebSite\",\"@id\":\"https:\\\/\\\/marktxxl.de\\\/markt\\\/#website\",\"url\":\"https:\\\/\\\/marktxxl.de\\\/markt\\\/\",\"name\":\"Markt-XXL\",\"description\":\"Ihr Markt Online\",\"publisher\":{\"@id\":\"https:\\\/\\\/marktxxl.de\\\/markt\\\/#organization\"},\"potentialAction\":[{\"@type\":\"SearchAction\",\"target\":{\"@type\":\"EntryPoint\",\"urlTemplate\":\"https:\\\/\\\/marktxxl.de\\\/markt\\\/?s={search_term_string}\"},\"query-input\":{\"@type\":\"PropertyValueSpecification\",\"valueRequired\":true,\"valueName\":\"search_term_string\"}}],\"inLanguage\":\"de\"},{\"@type\":\"Organization\",\"@id\":\"https:\\\/\\\/marktxxl.de\\\/markt\\\/#organization\",\"name\":\"Markt-XXL\",\"url\":\"https:\\\/\\\/marktxxl.de\\\/markt\\\/\",\"logo\":{\"@type\":\"ImageObject\",\"inLanguage\":\"de\",\"@id\":\"https:\\\/\\\/marktxxl.de\\\/markt\\\/#\\\/schema\\\/logo\\\/image\\\/\",\"url\":\"https:\\\/\\\/marktxxl.de\\\/markt\\\/wp-content\\\/uploads\\\/sites\\\/3\\\/2020\\\/12\\\/logo.png\",\"contentUrl\":\"https:\\\/\\\/marktxxl.de\\\/markt\\\/wp-content\\\/uploads\\\/sites\\\/3\\\/2020\\\/12\\\/logo.png\",\"width\":200,\"height\":70,\"caption\":\"Markt-XXL\"},\"image\":{\"@id\":\"https:\\\/\\\/marktxxl.de\\\/markt\\\/#\\\/schema\\\/logo\\\/image\\\/\"}}]}<\/script>\n<!-- \/ Yoast SEO plugin. -->","yoast_head_json":{"title":"Tru-Spec Herren T.r.u 1\/4 Zip Combat Shirt Hemd (1er Pack) - Markt-XXL","description":"Markt-XXL Tru-Spec Herren T.r.u 1\/4 Zip Combat Shirt Hemd (1er Pack)","robots":{"index":"index","follow":"follow","max-snippet":"max-snippet:-1","max-image-preview":"max-image-preview:large","max-video-preview":"max-video-preview:-1"},"canonical":"https:\/\/marktxxl.de\/markt\/produkt\/tru-spec-herren-t-r-u-1-4-zip-combat-shirt-hemd-1er-pack\/","og_locale":"de_DE","og_type":"article","og_title":"Tru-Spec Herren T.r.u 1\/4 Zip Combat Shirt Hemd (1er Pack) - Markt-XXL","og_description":"Markt-XXL Tru-Spec Herren T.r.u 1\/4 Zip Combat Shirt Hemd (1er Pack)","og_url":"https:\/\/marktxxl.de\/markt\/produkt\/tru-spec-herren-t-r-u-1-4-zip-combat-shirt-hemd-1er-pack\/","og_site_name":"Markt-XXL","article_modified_time":"2023-04-11T03:10:34+00:00","og_image":[{"width":431,"height":500,"url":"https:\/\/m.media-amazon.com\/images\/I\/41XKQFonCVL._SL500_.jpg","type":"image\/jpeg"}],"twitter_card":"summary_large_image","twitter_misc":{"Gesch\u00e4tzte Lesezeit":"1\u00a0Minute"},"schema":{"@context":"https:\/\/schema.org","@graph":[{"@type":"WebPage","@id":"https:\/\/marktxxl.de\/markt\/produkt\/tru-spec-herren-t-r-u-1-4-zip-combat-shirt-hemd-1er-pack\/","url":"https:\/\/marktxxl.de\/markt\/produkt\/tru-spec-herren-t-r-u-1-4-zip-combat-shirt-hemd-1er-pack\/","name":"Tru-Spec Herren T.r.u 1\/4 Zip Combat Shirt Hemd (1er Pack) - Markt-XXL","isPartOf":{"@id":"https:\/\/marktxxl.de\/markt\/#website"},"primaryImageOfPage":{"@id":"https:\/\/marktxxl.de\/markt\/produkt\/tru-spec-herren-t-r-u-1-4-zip-combat-shirt-hemd-1er-pack\/#primaryimage"},"image":{"@id":"https:\/\/marktxxl.de\/markt\/produkt\/tru-spec-herren-t-r-u-1-4-zip-combat-shirt-hemd-1er-pack\/#primaryimage"},"thumbnailUrl":"https:\/\/m.media-amazon.com\/images\/I\/41XKQFonCVL._SL500_.jpg","datePublished":"2023-01-10T03:00:01+00:00","dateModified":"2023-04-11T03:10:34+00:00","description":"Markt-XXL Tru-Spec Herren T.r.u 1\/4 Zip Combat Shirt Hemd (1er Pack)","breadcrumb":{"@id":"https:\/\/marktxxl.de\/markt\/produkt\/tru-spec-herren-t-r-u-1-4-zip-combat-shirt-hemd-1er-pack\/#breadcrumb"},"inLanguage":"de","potentialAction":[{"@type":"ReadAction","target":["https:\/\/marktxxl.de\/markt\/produkt\/tru-spec-herren-t-r-u-1-4-zip-combat-shirt-hemd-1er-pack\/"]}]},{"@type":"ImageObject","inLanguage":"de","@id":"https:\/\/marktxxl.de\/markt\/produkt\/tru-spec-herren-t-r-u-1-4-zip-combat-shirt-hemd-1er-pack\/#primaryimage","url":"https:\/\/m.media-amazon.com\/images\/I\/41XKQFonCVL._SL500_.jpg","contentUrl":"https:\/\/m.media-amazon.com\/images\/I\/41XKQFonCVL._SL500_.jpg","width":431,"height":500},{"@type":"BreadcrumbList","@id":"https:\/\/marktxxl.de\/markt\/produkt\/tru-spec-herren-t-r-u-1-4-zip-combat-shirt-hemd-1er-pack\/#breadcrumb","itemListElement":[{"@type":"ListItem","position":1,"name":"Startseite","item":"https:\/\/marktxxl.de\/markt\/"},{"@type":"ListItem","position":2,"name":"Markt","item":"https:\/\/marktxxl.de\/markt\/"},{"@type":"ListItem","position":3,"name":"Tru-Spec Herren T.r.u 1\/4 Zip Combat Shirt Hemd (1er Pack)"}]},{"@type":"WebSite","@id":"https:\/\/marktxxl.de\/markt\/#website","url":"https:\/\/marktxxl.de\/markt\/","name":"Markt-XXL","description":"Ihr Markt Online","publisher":{"@id":"https:\/\/marktxxl.de\/markt\/#organization"},"potentialAction":[{"@type":"SearchAction","target":{"@type":"EntryPoint","urlTemplate":"https:\/\/marktxxl.de\/markt\/?s={search_term_string}"},"query-input":{"@type":"PropertyValueSpecification","valueRequired":true,"valueName":"search_term_string"}}],"inLanguage":"de"},{"@type":"Organization","@id":"https:\/\/marktxxl.de\/markt\/#organization","name":"Markt-XXL","url":"https:\/\/marktxxl.de\/markt\/","logo":{"@type":"ImageObject","inLanguage":"de","@id":"https:\/\/marktxxl.de\/markt\/#\/schema\/logo\/image\/","url":"https:\/\/marktxxl.de\/markt\/wp-content\/uploads\/sites\/3\/2020\/12\/logo.png","contentUrl":"https:\/\/marktxxl.de\/markt\/wp-content\/uploads\/sites\/3\/2020\/12\/logo.png","width":200,"height":70,"caption":"Markt-XXL"},"image":{"@id":"https:\/\/marktxxl.de\/markt\/#\/schema\/logo\/image\/"}}]}},"_links":{"self":[{"href":"https:\/\/marktxxl.de\/markt\/wp-json\/wp\/v2\/product\/180385","targetHints":{"allow":["GET"]}}],"collection":[{"href":"https:\/\/marktxxl.de\/markt\/wp-json\/wp\/v2\/product"}],"about":[{"href":"https:\/\/marktxxl.de\/markt\/wp-json\/wp\/v2\/types\/product"}],"replies":[{"embeddable":true,"href":"https:\/\/marktxxl.de\/markt\/wp-json\/wp\/v2\/comments?post=180385"}],"wp:featuredmedia":[{"embeddable":true,"href":"https:\/\/marktxxl.de\/markt\/wp-json\/wp\/v2\/media\/180386"}],"wp:attachment":[{"href":"https:\/\/marktxxl.de\/markt\/wp-json\/wp\/v2\/media?parent=180385"}],"wp:term":[{"taxonomy":"product_brand","embeddable":true,"href":"https:\/\/marktxxl.de\/markt\/wp-json\/wp\/v2\/product_brand?post=180385"},{"taxonomy":"product_cat","embeddable":true,"href":"https:\/\/marktxxl.de\/markt\/wp-json\/wp\/v2\/product_cat?post=180385"},{"taxonomy":"product_tag","embeddable":true,"href":"https:\/\/marktxxl.de\/markt\/wp-json\/wp\/v2\/product_tag?post=180385"}],"curies":[{"name":"wp","href":"https:\/\/api.w.org\/{rel}","templated":true}]}}