{"id":180367,"date":"2023-01-10T03:59:11","date_gmt":"2023-01-10T02:59:11","guid":{"rendered":"https:\/\/marktxxl.de\/markt\/produkt\/elle-damen-schlupfkasack-v-ausschnitt-el604\/"},"modified":"2023-04-11T05:10:33","modified_gmt":"2023-04-11T03:10:33","slug":"elle-damen-schlupfkasack-v-ausschnitt-el604","status":"publish","type":"product","link":"https:\/\/marktxxl.de\/markt\/produkt\/elle-damen-schlupfkasack-v-ausschnitt-el604\/","title":{"rendered":"Elle Damen-Schlupfkasack, V-Ausschnitt, EL604"},"content":{"rendered":"<p>Schmeichelnde Passform, Gr\u00f6\u00dfen bis 5XL \u2013 geformtes Oberteil mit V-Ausschnitt erh\u00e4ltlich in den Gr\u00f6\u00dfen XXS bis 5XL. Linear tonale Textur schafft optisch schlankmachende und verl\u00e4ngernde Wirkung. Unsere Damen-Oberteile sind f\u00fcr Komfort und maximale Haltbarkeit konzipiert. (Scrub Pant separat erh\u00e4ltlich.)<br \/>\nStrickeins\u00e4tze \u2013 Weiche und bequeme tonale Strickr\u00fcckeneins\u00e4tze sind dehnbar f\u00fcr eine bequemere und schmeichelhafte Passform. Tonaler Strickeinsatz am Halsausschnitt. (Schwarz gestrickt auf Heather Grey.) Erreichen, biegen und verdrehen mit Leichtigkeit dank der dehnbaren Strickeins\u00e4tze an unseren Oberteilen f\u00fcr Frauen.<br \/>\nVier-Wege-Stretch-Stoff: Unser leistungsstarker Stoff entt\u00e4uscht nicht. Der weiche, dehnbare Stoff verf\u00fcgt \u00fcber Feuchtigkeitstransport, um Sie bequem zu halten. ELLE Damen-Mode-Peelings f\u00fchlen sich leicht und luftig an und bieten gleichzeitig einfache Pflege und erstaunliche Haltbarkeit.<br \/>\nViel Stauraum \u2013 vier Taschen zur Aufbewahrung Ihrer Arbeitsutensilien: zwei ger\u00e4umige Vordertaschen, Innentasche auf der linken Seite, Rei\u00dfverschlusstasche hinten. Innentasche mit inspirierender Botschaft auf Franz\u00f6sisch. Bungee-Schlaufe im linken Fach bietet zus\u00e4tzlichen Stauraum.<br \/>\nDetails machen den Unterschied \u2013 Charmanter Hangtag ist auch ein Lesezeichen-Geschenk, das eine franz\u00f6sische bis englische \u00dcbersetzung von versteckten Botschaften bietet. Gestreiftes Band im Nacken ELLE Signature Back Neck Facing. Silberne Logoplatte auf dem linken \u00c4rmel.<br \/>\n<div class=\"main-cross-sell\" data-asin=\"B08339PYBQ\">\n\n\t<div class=\"WooZone-cross-sell-loader\">\n\t\t<div>\n\t\t\t<div id=\"floatingBarsG\">\n\t\t\t\t<div class=\"blockG\" id=\"rotateG_01\"><\/div>\n\t\t\t\t<div class=\"blockG\" id=\"rotateG_02\"><\/div>\n\t\t\t\t<div class=\"blockG\" id=\"rotateG_03\"><\/div>\n\t\t\t\t<div class=\"blockG\" id=\"rotateG_04\"><\/div>\n\t\t\t\t<div class=\"blockG\" id=\"rotateG_05\"><\/div>\n\t\t\t\t<div class=\"blockG\" id=\"rotateG_06\"><\/div>\n\t\t\t\t<div class=\"blockG\" id=\"rotateG_07\"><\/div>\n\t\t\t\t<div class=\"blockG\" id=\"rotateG_08\"><\/div>\n\t\t\t<\/div>\n\t\t\t<div class=\"WooZone-cross-sell-loader-text\"><\/div>\n\t\t<\/div>\n\t<\/div>\n\n\t\t\n<\/div>\n<div style=\"clear:both;\"><\/div><\/p>\n","protected":false},"excerpt":{"rendered":"<p>Schmeichelnde Passform, Gr\u00f6\u00dfen bis 5XL \u2013 geformtes Oberteil mit V-Ausschnitt erh\u00e4ltlich in den Gr\u00f6\u00dfen XXS bis 5XL. Linear tonale Textur schafft optisch schlankmachende und verl\u00e4ngernde Wirkung. Unsere Damen-Oberteile sind f\u00fcr Komfort und maximale Haltbarkeit konzipiert. (Scrub Pant separat erh\u00e4ltlich.)<br \/>\nStrickeins\u00e4tze \u2013 Weiche und bequeme tonale Strickr\u00fcckeneins\u00e4tze sind dehnbar f\u00fcr eine bequemere und schmeichelhafte Passform. Tonaler Strickeinsatz am Halsausschnitt. (Schwarz gestrickt auf Heather Grey.) Erreichen, biegen und verdrehen mit Leichtigkeit dank der dehnbaren Strickeins\u00e4tze an unseren Oberteilen f\u00fcr Frauen.<br \/>\nVier-Wege-Stretch-Stoff: Unser leistungsstarker Stoff entt\u00e4uscht nicht. Der weiche, dehnbare Stoff verf\u00fcgt \u00fcber Feuchtigkeitstransport, um Sie bequem zu halten. ELLE Damen-Mode-Peelings f\u00fchlen sich leicht und luftig an und bieten gleichzeitig einfache Pflege und erstaunliche Haltbarkeit.<\/p>\n","protected":false},"featured_media":180368,"comment_status":"open","ping_status":"closed","template":"","meta":[],"product_brand":[],"product_cat":[4143,1186],"product_tag":[],"class_list":{"0":"post-180367","1":"product","2":"type-product","3":"status-publish","4":"has-post-thumbnail","6":"product_cat-arbeitskleidung-uniformen","7":"product_cat-bekleidung","8":"pa_binding-textilien","9":"pa_brand-elle","10":"pa_manufacturer-spi","11":"pa_model-el604","13":"first","14":"instock","15":"shipping-taxable","16":"purchasable","17":"product-type-simple","18":"customify-col","19":"product-has-gallery"},"yoast_head":"<!-- This site is optimized with the Yoast SEO plugin v27.3 - https:\/\/yoast.com\/product\/yoast-seo-wordpress\/ -->\n<title>Elle Damen-Schlupfkasack, V-Ausschnitt, EL604 - Markt-XXL<\/title>\n<meta name=\"description\" content=\"Markt-XXL Elle Damen-Schlupfkasack, V-Ausschnitt, EL604\" \/>\n<meta name=\"robots\" content=\"index, follow, max-snippet:-1, max-image-preview:large, max-video-preview:-1\" \/>\n<link rel=\"canonical\" href=\"https:\/\/marktxxl.de\/markt\/produkt\/elle-damen-schlupfkasack-v-ausschnitt-el604\/\" \/>\n<meta property=\"og:locale\" content=\"de_DE\" \/>\n<meta property=\"og:type\" content=\"article\" \/>\n<meta property=\"og:title\" content=\"Elle Damen-Schlupfkasack, V-Ausschnitt, EL604 - Markt-XXL\" \/>\n<meta property=\"og:description\" content=\"Markt-XXL Elle Damen-Schlupfkasack, V-Ausschnitt, EL604\" \/>\n<meta property=\"og:url\" content=\"https:\/\/marktxxl.de\/markt\/produkt\/elle-damen-schlupfkasack-v-ausschnitt-el604\/\" \/>\n<meta property=\"og:site_name\" content=\"Markt-XXL\" \/>\n<meta property=\"article:modified_time\" content=\"2023-04-11T03:10:33+00:00\" \/>\n<meta property=\"og:image\" content=\"https:\/\/m.media-amazon.com\/images\/I\/31Gp6kvjOeL._SL500_.jpg\" \/>\n\t<meta property=\"og:image:width\" content=\"344\" \/>\n\t<meta property=\"og:image:height\" content=\"500\" \/>\n\t<meta property=\"og:image:type\" content=\"image\/jpeg\" \/>\n<meta name=\"twitter:card\" content=\"summary_large_image\" \/>\n<meta name=\"twitter:label1\" content=\"Gesch\u00e4tzte Lesezeit\" \/>\n\t<meta name=\"twitter:data1\" content=\"1\u00a0Minute\" \/>\n<script type=\"application\/ld+json\" class=\"yoast-schema-graph\">{\"@context\":\"https:\\\/\\\/schema.org\",\"@graph\":[{\"@type\":\"WebPage\",\"@id\":\"https:\\\/\\\/marktxxl.de\\\/markt\\\/produkt\\\/elle-damen-schlupfkasack-v-ausschnitt-el604\\\/\",\"url\":\"https:\\\/\\\/marktxxl.de\\\/markt\\\/produkt\\\/elle-damen-schlupfkasack-v-ausschnitt-el604\\\/\",\"name\":\"Elle Damen-Schlupfkasack, V-Ausschnitt, EL604 - Markt-XXL\",\"isPartOf\":{\"@id\":\"https:\\\/\\\/marktxxl.de\\\/markt\\\/#website\"},\"primaryImageOfPage\":{\"@id\":\"https:\\\/\\\/marktxxl.de\\\/markt\\\/produkt\\\/elle-damen-schlupfkasack-v-ausschnitt-el604\\\/#primaryimage\"},\"image\":{\"@id\":\"https:\\\/\\\/marktxxl.de\\\/markt\\\/produkt\\\/elle-damen-schlupfkasack-v-ausschnitt-el604\\\/#primaryimage\"},\"thumbnailUrl\":\"https:\\\/\\\/m.media-amazon.com\\\/images\\\/I\\\/31Gp6kvjOeL._SL500_.jpg\",\"datePublished\":\"2023-01-10T02:59:11+00:00\",\"dateModified\":\"2023-04-11T03:10:33+00:00\",\"description\":\"Markt-XXL Elle Damen-Schlupfkasack, V-Ausschnitt, EL604\",\"breadcrumb\":{\"@id\":\"https:\\\/\\\/marktxxl.de\\\/markt\\\/produkt\\\/elle-damen-schlupfkasack-v-ausschnitt-el604\\\/#breadcrumb\"},\"inLanguage\":\"de\",\"potentialAction\":[{\"@type\":\"ReadAction\",\"target\":[\"https:\\\/\\\/marktxxl.de\\\/markt\\\/produkt\\\/elle-damen-schlupfkasack-v-ausschnitt-el604\\\/\"]}]},{\"@type\":\"ImageObject\",\"inLanguage\":\"de\",\"@id\":\"https:\\\/\\\/marktxxl.de\\\/markt\\\/produkt\\\/elle-damen-schlupfkasack-v-ausschnitt-el604\\\/#primaryimage\",\"url\":\"https:\\\/\\\/m.media-amazon.com\\\/images\\\/I\\\/31Gp6kvjOeL._SL500_.jpg\",\"contentUrl\":\"https:\\\/\\\/m.media-amazon.com\\\/images\\\/I\\\/31Gp6kvjOeL._SL500_.jpg\",\"width\":344,\"height\":500},{\"@type\":\"BreadcrumbList\",\"@id\":\"https:\\\/\\\/marktxxl.de\\\/markt\\\/produkt\\\/elle-damen-schlupfkasack-v-ausschnitt-el604\\\/#breadcrumb\",\"itemListElement\":[{\"@type\":\"ListItem\",\"position\":1,\"name\":\"Startseite\",\"item\":\"https:\\\/\\\/marktxxl.de\\\/markt\\\/\"},{\"@type\":\"ListItem\",\"position\":2,\"name\":\"Markt\",\"item\":\"https:\\\/\\\/marktxxl.de\\\/markt\\\/\"},{\"@type\":\"ListItem\",\"position\":3,\"name\":\"Elle Damen-Schlupfkasack, V-Ausschnitt, EL604\"}]},{\"@type\":\"WebSite\",\"@id\":\"https:\\\/\\\/marktxxl.de\\\/markt\\\/#website\",\"url\":\"https:\\\/\\\/marktxxl.de\\\/markt\\\/\",\"name\":\"Markt-XXL\",\"description\":\"Ihr Markt Online\",\"publisher\":{\"@id\":\"https:\\\/\\\/marktxxl.de\\\/markt\\\/#organization\"},\"potentialAction\":[{\"@type\":\"SearchAction\",\"target\":{\"@type\":\"EntryPoint\",\"urlTemplate\":\"https:\\\/\\\/marktxxl.de\\\/markt\\\/?s={search_term_string}\"},\"query-input\":{\"@type\":\"PropertyValueSpecification\",\"valueRequired\":true,\"valueName\":\"search_term_string\"}}],\"inLanguage\":\"de\"},{\"@type\":\"Organization\",\"@id\":\"https:\\\/\\\/marktxxl.de\\\/markt\\\/#organization\",\"name\":\"Markt-XXL\",\"url\":\"https:\\\/\\\/marktxxl.de\\\/markt\\\/\",\"logo\":{\"@type\":\"ImageObject\",\"inLanguage\":\"de\",\"@id\":\"https:\\\/\\\/marktxxl.de\\\/markt\\\/#\\\/schema\\\/logo\\\/image\\\/\",\"url\":\"https:\\\/\\\/marktxxl.de\\\/markt\\\/wp-content\\\/uploads\\\/sites\\\/3\\\/2020\\\/12\\\/logo.png\",\"contentUrl\":\"https:\\\/\\\/marktxxl.de\\\/markt\\\/wp-content\\\/uploads\\\/sites\\\/3\\\/2020\\\/12\\\/logo.png\",\"width\":200,\"height\":70,\"caption\":\"Markt-XXL\"},\"image\":{\"@id\":\"https:\\\/\\\/marktxxl.de\\\/markt\\\/#\\\/schema\\\/logo\\\/image\\\/\"}}]}<\/script>\n<!-- \/ Yoast SEO plugin. -->","yoast_head_json":{"title":"Elle Damen-Schlupfkasack, V-Ausschnitt, EL604 - Markt-XXL","description":"Markt-XXL Elle Damen-Schlupfkasack, V-Ausschnitt, EL604","robots":{"index":"index","follow":"follow","max-snippet":"max-snippet:-1","max-image-preview":"max-image-preview:large","max-video-preview":"max-video-preview:-1"},"canonical":"https:\/\/marktxxl.de\/markt\/produkt\/elle-damen-schlupfkasack-v-ausschnitt-el604\/","og_locale":"de_DE","og_type":"article","og_title":"Elle Damen-Schlupfkasack, V-Ausschnitt, EL604 - Markt-XXL","og_description":"Markt-XXL Elle Damen-Schlupfkasack, V-Ausschnitt, EL604","og_url":"https:\/\/marktxxl.de\/markt\/produkt\/elle-damen-schlupfkasack-v-ausschnitt-el604\/","og_site_name":"Markt-XXL","article_modified_time":"2023-04-11T03:10:33+00:00","og_image":[{"width":344,"height":500,"url":"https:\/\/m.media-amazon.com\/images\/I\/31Gp6kvjOeL._SL500_.jpg","type":"image\/jpeg"}],"twitter_card":"summary_large_image","twitter_misc":{"Gesch\u00e4tzte Lesezeit":"1\u00a0Minute"},"schema":{"@context":"https:\/\/schema.org","@graph":[{"@type":"WebPage","@id":"https:\/\/marktxxl.de\/markt\/produkt\/elle-damen-schlupfkasack-v-ausschnitt-el604\/","url":"https:\/\/marktxxl.de\/markt\/produkt\/elle-damen-schlupfkasack-v-ausschnitt-el604\/","name":"Elle Damen-Schlupfkasack, V-Ausschnitt, EL604 - Markt-XXL","isPartOf":{"@id":"https:\/\/marktxxl.de\/markt\/#website"},"primaryImageOfPage":{"@id":"https:\/\/marktxxl.de\/markt\/produkt\/elle-damen-schlupfkasack-v-ausschnitt-el604\/#primaryimage"},"image":{"@id":"https:\/\/marktxxl.de\/markt\/produkt\/elle-damen-schlupfkasack-v-ausschnitt-el604\/#primaryimage"},"thumbnailUrl":"https:\/\/m.media-amazon.com\/images\/I\/31Gp6kvjOeL._SL500_.jpg","datePublished":"2023-01-10T02:59:11+00:00","dateModified":"2023-04-11T03:10:33+00:00","description":"Markt-XXL Elle Damen-Schlupfkasack, V-Ausschnitt, EL604","breadcrumb":{"@id":"https:\/\/marktxxl.de\/markt\/produkt\/elle-damen-schlupfkasack-v-ausschnitt-el604\/#breadcrumb"},"inLanguage":"de","potentialAction":[{"@type":"ReadAction","target":["https:\/\/marktxxl.de\/markt\/produkt\/elle-damen-schlupfkasack-v-ausschnitt-el604\/"]}]},{"@type":"ImageObject","inLanguage":"de","@id":"https:\/\/marktxxl.de\/markt\/produkt\/elle-damen-schlupfkasack-v-ausschnitt-el604\/#primaryimage","url":"https:\/\/m.media-amazon.com\/images\/I\/31Gp6kvjOeL._SL500_.jpg","contentUrl":"https:\/\/m.media-amazon.com\/images\/I\/31Gp6kvjOeL._SL500_.jpg","width":344,"height":500},{"@type":"BreadcrumbList","@id":"https:\/\/marktxxl.de\/markt\/produkt\/elle-damen-schlupfkasack-v-ausschnitt-el604\/#breadcrumb","itemListElement":[{"@type":"ListItem","position":1,"name":"Startseite","item":"https:\/\/marktxxl.de\/markt\/"},{"@type":"ListItem","position":2,"name":"Markt","item":"https:\/\/marktxxl.de\/markt\/"},{"@type":"ListItem","position":3,"name":"Elle Damen-Schlupfkasack, V-Ausschnitt, EL604"}]},{"@type":"WebSite","@id":"https:\/\/marktxxl.de\/markt\/#website","url":"https:\/\/marktxxl.de\/markt\/","name":"Markt-XXL","description":"Ihr Markt Online","publisher":{"@id":"https:\/\/marktxxl.de\/markt\/#organization"},"potentialAction":[{"@type":"SearchAction","target":{"@type":"EntryPoint","urlTemplate":"https:\/\/marktxxl.de\/markt\/?s={search_term_string}"},"query-input":{"@type":"PropertyValueSpecification","valueRequired":true,"valueName":"search_term_string"}}],"inLanguage":"de"},{"@type":"Organization","@id":"https:\/\/marktxxl.de\/markt\/#organization","name":"Markt-XXL","url":"https:\/\/marktxxl.de\/markt\/","logo":{"@type":"ImageObject","inLanguage":"de","@id":"https:\/\/marktxxl.de\/markt\/#\/schema\/logo\/image\/","url":"https:\/\/marktxxl.de\/markt\/wp-content\/uploads\/sites\/3\/2020\/12\/logo.png","contentUrl":"https:\/\/marktxxl.de\/markt\/wp-content\/uploads\/sites\/3\/2020\/12\/logo.png","width":200,"height":70,"caption":"Markt-XXL"},"image":{"@id":"https:\/\/marktxxl.de\/markt\/#\/schema\/logo\/image\/"}}]}},"_links":{"self":[{"href":"https:\/\/marktxxl.de\/markt\/wp-json\/wp\/v2\/product\/180367","targetHints":{"allow":["GET"]}}],"collection":[{"href":"https:\/\/marktxxl.de\/markt\/wp-json\/wp\/v2\/product"}],"about":[{"href":"https:\/\/marktxxl.de\/markt\/wp-json\/wp\/v2\/types\/product"}],"replies":[{"embeddable":true,"href":"https:\/\/marktxxl.de\/markt\/wp-json\/wp\/v2\/comments?post=180367"}],"wp:featuredmedia":[{"embeddable":true,"href":"https:\/\/marktxxl.de\/markt\/wp-json\/wp\/v2\/media\/180368"}],"wp:attachment":[{"href":"https:\/\/marktxxl.de\/markt\/wp-json\/wp\/v2\/media?parent=180367"}],"wp:term":[{"taxonomy":"product_brand","embeddable":true,"href":"https:\/\/marktxxl.de\/markt\/wp-json\/wp\/v2\/product_brand?post=180367"},{"taxonomy":"product_cat","embeddable":true,"href":"https:\/\/marktxxl.de\/markt\/wp-json\/wp\/v2\/product_cat?post=180367"},{"taxonomy":"product_tag","embeddable":true,"href":"https:\/\/marktxxl.de\/markt\/wp-json\/wp\/v2\/product_tag?post=180367"}],"curies":[{"name":"wp","href":"https:\/\/api.w.org\/{rel}","templated":true}]}}