{"id":180326,"date":"2023-01-10T03:56:42","date_gmt":"2023-01-10T02:56:42","guid":{"rendered":"https:\/\/marktxxl.de\/markt\/produkt\/unbekannt-mascara-super-hidratante-lola-cosmeticsmorte-subita-450-g-1er-pack\/"},"modified":"2023-04-11T05:10:33","modified_gmt":"2023-04-11T03:10:33","slug":"unbekannt-mascara-super-hidratante-lola-cosmeticsmorte-subita-450-g-1er-pack","status":"publish","type":"product","link":"https:\/\/marktxxl.de\/markt\/produkt\/unbekannt-mascara-super-hidratante-lola-cosmeticsmorte-subita-450-g-1er-pack\/","title":{"rendered":"Unbekannt Mascara Super Hidratante Lola Cosmetics&#8221;Morte Subita&#8221;, 450 G (1Er Pack)"},"content":{"rendered":"<p>\u2794 Die Formeln der Sudden Death Produkte enthalten Wirkstoffe wie Kokosnuss\u00f6l, hydrolysiertes Protein, Aloe Vera, Kreatin und Panthenol, die in das Haar eindringen, die Haarstruktur verbessern und Haarausfall und Trockenheit behandeln.<br \/>\n\u2794 Die Sudden Death Moisture Mask repariert gesch\u00e4digtes Haar und Spliss schon bei der ersten Anwendung.<br \/>\n\u2794 Die Inhaltsstoffe dieser Serie versorgen die Haarfaser mit nat\u00fcrlicher Feuchtigkeit, Glanz und Geschmeidigkeit, st\u00e4rken die Haarstruktur gegen Haarbruch und sch\u00fctzen vor Sch\u00e4den durch Hitze und UV-Strahlung<br \/>\n\u2794 Eine w\u00f6chentliche Behandlung f\u00fcr lebensdurstiges Haar! Ideal auch nach dem F\u00e4rben oder anderen chemischen Prozessen!<br \/>\n\u2794 Mit Lola Cosmetics Sudden Death wird Ihr Haar sofort erneuert und voller Gesundheit sein!<br \/>\n<div class=\"main-cross-sell\" data-asin=\"B074LTNQBP\">\n\n\t<div class=\"WooZone-cross-sell-loader\">\n\t\t<div>\n\t\t\t<div id=\"floatingBarsG\">\n\t\t\t\t<div class=\"blockG\" id=\"rotateG_01\"><\/div>\n\t\t\t\t<div class=\"blockG\" id=\"rotateG_02\"><\/div>\n\t\t\t\t<div class=\"blockG\" id=\"rotateG_03\"><\/div>\n\t\t\t\t<div class=\"blockG\" id=\"rotateG_04\"><\/div>\n\t\t\t\t<div class=\"blockG\" id=\"rotateG_05\"><\/div>\n\t\t\t\t<div class=\"blockG\" id=\"rotateG_06\"><\/div>\n\t\t\t\t<div class=\"blockG\" id=\"rotateG_07\"><\/div>\n\t\t\t\t<div class=\"blockG\" id=\"rotateG_08\"><\/div>\n\t\t\t<\/div>\n\t\t\t<div class=\"WooZone-cross-sell-loader-text\"><\/div>\n\t\t<\/div>\n\t<\/div>\n\n\t\t\n<\/div>\n<div style=\"clear:both;\"><\/div><\/p>\n","protected":false},"excerpt":{"rendered":"<p>\u2794 Die Formeln der Sudden Death Produkte enthalten Wirkstoffe wie Kokosnuss\u00f6l, hydrolysiertes Protein, Aloe Vera, Kreatin und Panthenol, die in das Haar eindringen, die Haarstruktur verbessern und Haarausfall und Trockenheit behandeln.<br \/>\n\u2794 Die Sudden Death Moisture Mask repariert gesch\u00e4digtes Haar und Spliss schon bei der ersten Anwendung.<br \/>\n\u2794 Die Inhaltsstoffe dieser Serie versorgen die Haarfaser mit nat\u00fcrlicher Feuchtigkeit, Glanz und Geschmeidigkeit, st\u00e4rken die Haarstruktur gegen Haarbruch und sch\u00fctzen vor Sch\u00e4den durch Hitze und UV-Strahlung<\/p>\n","protected":false},"featured_media":180327,"comment_status":"open","ping_status":"closed","template":"","meta":[],"product_brand":[],"product_cat":[2858],"product_tag":[],"class_list":{"0":"post-180326","1":"product","2":"type-product","3":"status-publish","4":"has-post-thumbnail","6":"product_cat-beauty","7":"pa_binding-badartikel","8":"pa_brand-unbekannt","9":"pa_height-0-393700787-zoll","10":"pa_length-0-393700787-zoll","11":"pa_manufacturer-lola-cosmetics","12":"pa_model-47288","13":"pa_size-450-g-1er-pack","14":"pa_weight-1-1243575362-pfund","15":"pa_width-0-393700787-zoll","17":"first","18":"instock","19":"shipping-taxable","20":"purchasable","21":"product-type-simple","22":"customify-col","23":"product-has-gallery"},"yoast_head":"<!-- This site is optimized with the Yoast SEO plugin v27.4 - https:\/\/yoast.com\/product\/yoast-seo-wordpress\/ -->\n<title>Unbekannt Mascara Super Hidratante Lola Cosmetics&quot;Morte Subita&quot;, 450 G (1Er Pack) - Markt-XXL<\/title>\n<meta name=\"description\" content=\"Markt-XXL Unbekannt Mascara Super Hidratante Lola Cosmetics&quot;Morte Subita&quot;, 450 G (1Er Pack)\" \/>\n<meta name=\"robots\" content=\"index, follow, max-snippet:-1, max-image-preview:large, max-video-preview:-1\" \/>\n<link rel=\"canonical\" href=\"https:\/\/marktxxl.de\/markt\/produkt\/unbekannt-mascara-super-hidratante-lola-cosmeticsmorte-subita-450-g-1er-pack\/\" \/>\n<meta property=\"og:locale\" content=\"de_DE\" \/>\n<meta property=\"og:type\" content=\"article\" \/>\n<meta property=\"og:title\" content=\"Unbekannt Mascara Super Hidratante Lola Cosmetics&quot;Morte Subita&quot;, 450 G (1Er Pack) - Markt-XXL\" \/>\n<meta property=\"og:description\" content=\"Markt-XXL Unbekannt Mascara Super Hidratante Lola Cosmetics&quot;Morte Subita&quot;, 450 G (1Er Pack)\" \/>\n<meta property=\"og:url\" content=\"https:\/\/marktxxl.de\/markt\/produkt\/unbekannt-mascara-super-hidratante-lola-cosmeticsmorte-subita-450-g-1er-pack\/\" \/>\n<meta property=\"og:site_name\" content=\"Markt-XXL\" \/>\n<meta property=\"article:modified_time\" content=\"2023-04-11T03:10:33+00:00\" \/>\n<meta property=\"og:image\" content=\"https:\/\/m.media-amazon.com\/images\/I\/51MQqksGNqL._SL500_.jpg\" \/>\n\t<meta property=\"og:image:width\" content=\"500\" \/>\n\t<meta property=\"og:image:height\" content=\"500\" \/>\n\t<meta property=\"og:image:type\" content=\"image\/jpeg\" \/>\n<meta name=\"twitter:card\" content=\"summary_large_image\" \/>\n<meta name=\"twitter:label1\" content=\"Gesch\u00e4tzte Lesezeit\" \/>\n\t<meta name=\"twitter:data1\" content=\"1\u00a0Minute\" \/>\n<script type=\"application\/ld+json\" class=\"yoast-schema-graph\">{\"@context\":\"https:\\\/\\\/schema.org\",\"@graph\":[{\"@type\":\"WebPage\",\"@id\":\"https:\\\/\\\/marktxxl.de\\\/markt\\\/produkt\\\/unbekannt-mascara-super-hidratante-lola-cosmeticsmorte-subita-450-g-1er-pack\\\/\",\"url\":\"https:\\\/\\\/marktxxl.de\\\/markt\\\/produkt\\\/unbekannt-mascara-super-hidratante-lola-cosmeticsmorte-subita-450-g-1er-pack\\\/\",\"name\":\"Unbekannt Mascara Super Hidratante Lola Cosmetics\\\"Morte Subita\\\", 450 G (1Er Pack) - Markt-XXL\",\"isPartOf\":{\"@id\":\"https:\\\/\\\/marktxxl.de\\\/markt\\\/#website\"},\"primaryImageOfPage\":{\"@id\":\"https:\\\/\\\/marktxxl.de\\\/markt\\\/produkt\\\/unbekannt-mascara-super-hidratante-lola-cosmeticsmorte-subita-450-g-1er-pack\\\/#primaryimage\"},\"image\":{\"@id\":\"https:\\\/\\\/marktxxl.de\\\/markt\\\/produkt\\\/unbekannt-mascara-super-hidratante-lola-cosmeticsmorte-subita-450-g-1er-pack\\\/#primaryimage\"},\"thumbnailUrl\":\"https:\\\/\\\/m.media-amazon.com\\\/images\\\/I\\\/51MQqksGNqL._SL500_.jpg\",\"datePublished\":\"2023-01-10T02:56:42+00:00\",\"dateModified\":\"2023-04-11T03:10:33+00:00\",\"description\":\"Markt-XXL Unbekannt Mascara Super Hidratante Lola Cosmetics\\\"Morte Subita\\\", 450 G (1Er Pack)\",\"breadcrumb\":{\"@id\":\"https:\\\/\\\/marktxxl.de\\\/markt\\\/produkt\\\/unbekannt-mascara-super-hidratante-lola-cosmeticsmorte-subita-450-g-1er-pack\\\/#breadcrumb\"},\"inLanguage\":\"de\",\"potentialAction\":[{\"@type\":\"ReadAction\",\"target\":[\"https:\\\/\\\/marktxxl.de\\\/markt\\\/produkt\\\/unbekannt-mascara-super-hidratante-lola-cosmeticsmorte-subita-450-g-1er-pack\\\/\"]}]},{\"@type\":\"ImageObject\",\"inLanguage\":\"de\",\"@id\":\"https:\\\/\\\/marktxxl.de\\\/markt\\\/produkt\\\/unbekannt-mascara-super-hidratante-lola-cosmeticsmorte-subita-450-g-1er-pack\\\/#primaryimage\",\"url\":\"https:\\\/\\\/m.media-amazon.com\\\/images\\\/I\\\/51MQqksGNqL._SL500_.jpg\",\"contentUrl\":\"https:\\\/\\\/m.media-amazon.com\\\/images\\\/I\\\/51MQqksGNqL._SL500_.jpg\",\"width\":500,\"height\":500},{\"@type\":\"BreadcrumbList\",\"@id\":\"https:\\\/\\\/marktxxl.de\\\/markt\\\/produkt\\\/unbekannt-mascara-super-hidratante-lola-cosmeticsmorte-subita-450-g-1er-pack\\\/#breadcrumb\",\"itemListElement\":[{\"@type\":\"ListItem\",\"position\":1,\"name\":\"Startseite\",\"item\":\"https:\\\/\\\/marktxxl.de\\\/markt\\\/\"},{\"@type\":\"ListItem\",\"position\":2,\"name\":\"Markt\",\"item\":\"https:\\\/\\\/marktxxl.de\\\/markt\\\/\"},{\"@type\":\"ListItem\",\"position\":3,\"name\":\"Unbekannt Mascara Super Hidratante Lola Cosmetics&#8221;Morte Subita&#8221;, 450 G (1Er Pack)\"}]},{\"@type\":\"WebSite\",\"@id\":\"https:\\\/\\\/marktxxl.de\\\/markt\\\/#website\",\"url\":\"https:\\\/\\\/marktxxl.de\\\/markt\\\/\",\"name\":\"Markt-XXL\",\"description\":\"Ihr Markt Online\",\"publisher\":{\"@id\":\"https:\\\/\\\/marktxxl.de\\\/markt\\\/#organization\"},\"potentialAction\":[{\"@type\":\"SearchAction\",\"target\":{\"@type\":\"EntryPoint\",\"urlTemplate\":\"https:\\\/\\\/marktxxl.de\\\/markt\\\/?s={search_term_string}\"},\"query-input\":{\"@type\":\"PropertyValueSpecification\",\"valueRequired\":true,\"valueName\":\"search_term_string\"}}],\"inLanguage\":\"de\"},{\"@type\":\"Organization\",\"@id\":\"https:\\\/\\\/marktxxl.de\\\/markt\\\/#organization\",\"name\":\"Markt-XXL\",\"url\":\"https:\\\/\\\/marktxxl.de\\\/markt\\\/\",\"logo\":{\"@type\":\"ImageObject\",\"inLanguage\":\"de\",\"@id\":\"https:\\\/\\\/marktxxl.de\\\/markt\\\/#\\\/schema\\\/logo\\\/image\\\/\",\"url\":\"https:\\\/\\\/marktxxl.de\\\/markt\\\/wp-content\\\/uploads\\\/sites\\\/3\\\/2020\\\/12\\\/logo.png\",\"contentUrl\":\"https:\\\/\\\/marktxxl.de\\\/markt\\\/wp-content\\\/uploads\\\/sites\\\/3\\\/2020\\\/12\\\/logo.png\",\"width\":200,\"height\":70,\"caption\":\"Markt-XXL\"},\"image\":{\"@id\":\"https:\\\/\\\/marktxxl.de\\\/markt\\\/#\\\/schema\\\/logo\\\/image\\\/\"}}]}<\/script>\n<!-- \/ Yoast SEO plugin. -->","yoast_head_json":{"title":"Unbekannt Mascara Super Hidratante Lola Cosmetics\"Morte Subita\", 450 G (1Er Pack) - Markt-XXL","description":"Markt-XXL Unbekannt Mascara Super Hidratante Lola Cosmetics\"Morte Subita\", 450 G (1Er Pack)","robots":{"index":"index","follow":"follow","max-snippet":"max-snippet:-1","max-image-preview":"max-image-preview:large","max-video-preview":"max-video-preview:-1"},"canonical":"https:\/\/marktxxl.de\/markt\/produkt\/unbekannt-mascara-super-hidratante-lola-cosmeticsmorte-subita-450-g-1er-pack\/","og_locale":"de_DE","og_type":"article","og_title":"Unbekannt Mascara Super Hidratante Lola Cosmetics\"Morte Subita\", 450 G (1Er Pack) - Markt-XXL","og_description":"Markt-XXL Unbekannt Mascara Super Hidratante Lola Cosmetics\"Morte Subita\", 450 G (1Er Pack)","og_url":"https:\/\/marktxxl.de\/markt\/produkt\/unbekannt-mascara-super-hidratante-lola-cosmeticsmorte-subita-450-g-1er-pack\/","og_site_name":"Markt-XXL","article_modified_time":"2023-04-11T03:10:33+00:00","og_image":[{"width":500,"height":500,"url":"https:\/\/m.media-amazon.com\/images\/I\/51MQqksGNqL._SL500_.jpg","type":"image\/jpeg"}],"twitter_card":"summary_large_image","twitter_misc":{"Gesch\u00e4tzte Lesezeit":"1\u00a0Minute"},"schema":{"@context":"https:\/\/schema.org","@graph":[{"@type":"WebPage","@id":"https:\/\/marktxxl.de\/markt\/produkt\/unbekannt-mascara-super-hidratante-lola-cosmeticsmorte-subita-450-g-1er-pack\/","url":"https:\/\/marktxxl.de\/markt\/produkt\/unbekannt-mascara-super-hidratante-lola-cosmeticsmorte-subita-450-g-1er-pack\/","name":"Unbekannt Mascara Super Hidratante Lola Cosmetics\"Morte Subita\", 450 G (1Er Pack) - Markt-XXL","isPartOf":{"@id":"https:\/\/marktxxl.de\/markt\/#website"},"primaryImageOfPage":{"@id":"https:\/\/marktxxl.de\/markt\/produkt\/unbekannt-mascara-super-hidratante-lola-cosmeticsmorte-subita-450-g-1er-pack\/#primaryimage"},"image":{"@id":"https:\/\/marktxxl.de\/markt\/produkt\/unbekannt-mascara-super-hidratante-lola-cosmeticsmorte-subita-450-g-1er-pack\/#primaryimage"},"thumbnailUrl":"https:\/\/m.media-amazon.com\/images\/I\/51MQqksGNqL._SL500_.jpg","datePublished":"2023-01-10T02:56:42+00:00","dateModified":"2023-04-11T03:10:33+00:00","description":"Markt-XXL Unbekannt Mascara Super Hidratante Lola Cosmetics\"Morte Subita\", 450 G (1Er Pack)","breadcrumb":{"@id":"https:\/\/marktxxl.de\/markt\/produkt\/unbekannt-mascara-super-hidratante-lola-cosmeticsmorte-subita-450-g-1er-pack\/#breadcrumb"},"inLanguage":"de","potentialAction":[{"@type":"ReadAction","target":["https:\/\/marktxxl.de\/markt\/produkt\/unbekannt-mascara-super-hidratante-lola-cosmeticsmorte-subita-450-g-1er-pack\/"]}]},{"@type":"ImageObject","inLanguage":"de","@id":"https:\/\/marktxxl.de\/markt\/produkt\/unbekannt-mascara-super-hidratante-lola-cosmeticsmorte-subita-450-g-1er-pack\/#primaryimage","url":"https:\/\/m.media-amazon.com\/images\/I\/51MQqksGNqL._SL500_.jpg","contentUrl":"https:\/\/m.media-amazon.com\/images\/I\/51MQqksGNqL._SL500_.jpg","width":500,"height":500},{"@type":"BreadcrumbList","@id":"https:\/\/marktxxl.de\/markt\/produkt\/unbekannt-mascara-super-hidratante-lola-cosmeticsmorte-subita-450-g-1er-pack\/#breadcrumb","itemListElement":[{"@type":"ListItem","position":1,"name":"Startseite","item":"https:\/\/marktxxl.de\/markt\/"},{"@type":"ListItem","position":2,"name":"Markt","item":"https:\/\/marktxxl.de\/markt\/"},{"@type":"ListItem","position":3,"name":"Unbekannt Mascara Super Hidratante Lola Cosmetics&#8221;Morte Subita&#8221;, 450 G (1Er Pack)"}]},{"@type":"WebSite","@id":"https:\/\/marktxxl.de\/markt\/#website","url":"https:\/\/marktxxl.de\/markt\/","name":"Markt-XXL","description":"Ihr Markt Online","publisher":{"@id":"https:\/\/marktxxl.de\/markt\/#organization"},"potentialAction":[{"@type":"SearchAction","target":{"@type":"EntryPoint","urlTemplate":"https:\/\/marktxxl.de\/markt\/?s={search_term_string}"},"query-input":{"@type":"PropertyValueSpecification","valueRequired":true,"valueName":"search_term_string"}}],"inLanguage":"de"},{"@type":"Organization","@id":"https:\/\/marktxxl.de\/markt\/#organization","name":"Markt-XXL","url":"https:\/\/marktxxl.de\/markt\/","logo":{"@type":"ImageObject","inLanguage":"de","@id":"https:\/\/marktxxl.de\/markt\/#\/schema\/logo\/image\/","url":"https:\/\/marktxxl.de\/markt\/wp-content\/uploads\/sites\/3\/2020\/12\/logo.png","contentUrl":"https:\/\/marktxxl.de\/markt\/wp-content\/uploads\/sites\/3\/2020\/12\/logo.png","width":200,"height":70,"caption":"Markt-XXL"},"image":{"@id":"https:\/\/marktxxl.de\/markt\/#\/schema\/logo\/image\/"}}]}},"_links":{"self":[{"href":"https:\/\/marktxxl.de\/markt\/wp-json\/wp\/v2\/product\/180326","targetHints":{"allow":["GET"]}}],"collection":[{"href":"https:\/\/marktxxl.de\/markt\/wp-json\/wp\/v2\/product"}],"about":[{"href":"https:\/\/marktxxl.de\/markt\/wp-json\/wp\/v2\/types\/product"}],"replies":[{"embeddable":true,"href":"https:\/\/marktxxl.de\/markt\/wp-json\/wp\/v2\/comments?post=180326"}],"wp:featuredmedia":[{"embeddable":true,"href":"https:\/\/marktxxl.de\/markt\/wp-json\/wp\/v2\/media\/180327"}],"wp:attachment":[{"href":"https:\/\/marktxxl.de\/markt\/wp-json\/wp\/v2\/media?parent=180326"}],"wp:term":[{"taxonomy":"product_brand","embeddable":true,"href":"https:\/\/marktxxl.de\/markt\/wp-json\/wp\/v2\/product_brand?post=180326"},{"taxonomy":"product_cat","embeddable":true,"href":"https:\/\/marktxxl.de\/markt\/wp-json\/wp\/v2\/product_cat?post=180326"},{"taxonomy":"product_tag","embeddable":true,"href":"https:\/\/marktxxl.de\/markt\/wp-json\/wp\/v2\/product_tag?post=180326"}],"curies":[{"name":"wp","href":"https:\/\/api.w.org\/{rel}","templated":true}]}}