{"id":180260,"date":"2023-01-10T03:51:30","date_gmt":"2023-01-10T02:51:30","guid":{"rendered":"https:\/\/marktxxl.de\/markt\/produkt\/disney-the-nightmare-vor-weihnachtsklemmkleid-herren-black-pjs-bademantel\/"},"modified":"2023-04-11T05:10:32","modified_gmt":"2023-04-11T03:10:32","slug":"disney-the-nightmare-vor-weihnachtsklemmkleid-herren-black-pjs-bademantel","status":"publish","type":"product","link":"https:\/\/marktxxl.de\/markt\/produkt\/disney-the-nightmare-vor-weihnachtsklemmkleid-herren-black-pjs-bademantel\/","title":{"rendered":"Disney The Nightmare vor Weihnachtsklemmkleid Herren Black PJS Bademantel"},"content":{"rendered":"<p>Disney Tim Burton NMBC-Dressingkleid f\u00fcr M\u00e4nner &#8211; unser Albtraum vor Weihnachts-Nachtw\u00e4sche-Robe f\u00fcr Erwachsene ist ideal f\u00fcr Fans des beliebten Tim Burton-Films; Es kommt mit langen \u00c4rmeln, zwei handlichen Taschen, einem G\u00fcrtel und einem gem\u00fctlichen Kapuzenhals!<br \/>\nVerf\u00fcgbar in verschiedenen Erwachsenengr\u00f6\u00dfen &#8211; dieser Robe gibt es in Gr\u00f6\u00dfen; Klein, mittel, gro\u00df, x-gro\u00df und xx-gro\u00df. Es ist f\u00fcr ultimativen Komfort hergestellt und ist eine gro\u00dfartige Idee als Disney-Geburtstagsgeschenk oder f\u00fcr jeden besonderen Anlass.<br \/>\nSuper weiche Polyester-PJS-Robe &#8211; Das Jack-SKELLINGTON-ABSCHNOTZ-GEND-GOHN ist aus Polyester f\u00fcr ein weiches und angenehmes Gef\u00fchl. Ehrf\u00fcrchtig, gem\u00fctlich zu werden und einen Filmmarathon zu haben, oder wenn Sie etwas w\u00e4rmer brauchen, um an diesen k\u00e4lteren Abenden zu tragen.<br \/>\nJACK SKELLENTON Der K\u00fcrbisk\u00f6nig \u00fcberall drucken &#8211; k\u00fchlen Sie den Albtraum vor Weihnachtsrobe, der mit Detail verpackt ist, zeigen Sie einen Spa\u00df auf dem gesamten Druck der Charaktere Gesicht, die ein fantastisches Lounge-Tragen-Outfit- und Cosplay-Outfit machen!<br \/>\nOffiziell lizenzierte Disney Tim Burton-Ware &#8211; Diese flauschige Robe ist 100% offizielle Waren. Um das Beste aus diesem Produkt herauszuholen, folgen Sie bitte alle Wasch- und Pflegehilfeanweisungen vor der Verwendung.<br \/>\n<div class=\"main-cross-sell\" data-asin=\"B09BVVZN3X\">\n\n\t<div class=\"WooZone-cross-sell-loader\">\n\t\t<div>\n\t\t\t<div id=\"floatingBarsG\">\n\t\t\t\t<div class=\"blockG\" id=\"rotateG_01\"><\/div>\n\t\t\t\t<div class=\"blockG\" id=\"rotateG_02\"><\/div>\n\t\t\t\t<div class=\"blockG\" id=\"rotateG_03\"><\/div>\n\t\t\t\t<div class=\"blockG\" id=\"rotateG_04\"><\/div>\n\t\t\t\t<div class=\"blockG\" id=\"rotateG_05\"><\/div>\n\t\t\t\t<div class=\"blockG\" id=\"rotateG_06\"><\/div>\n\t\t\t\t<div class=\"blockG\" id=\"rotateG_07\"><\/div>\n\t\t\t\t<div class=\"blockG\" id=\"rotateG_08\"><\/div>\n\t\t\t<\/div>\n\t\t\t<div class=\"WooZone-cross-sell-loader-text\"><\/div>\n\t\t<\/div>\n\t<\/div>\n\n\t\t\n<\/div>\n<div style=\"clear:both;\"><\/div><\/p>\n","protected":false},"excerpt":{"rendered":"<p>Disney Tim Burton NMBC-Dressingkleid f\u00fcr M\u00e4nner &#8211; unser Albtraum vor Weihnachts-Nachtw\u00e4sche-Robe f\u00fcr Erwachsene ist ideal f\u00fcr Fans des beliebten Tim Burton-Films; Es kommt mit langen \u00c4rmeln, zwei handlichen Taschen, einem G\u00fcrtel und einem gem\u00fctlichen Kapuzenhals!<br \/>\nVerf\u00fcgbar in verschiedenen Erwachsenengr\u00f6\u00dfen &#8211; dieser Robe gibt es in Gr\u00f6\u00dfen; Klein, mittel, gro\u00df, x-gro\u00df und xx-gro\u00df. Es ist f\u00fcr ultimativen Komfort hergestellt und ist eine gro\u00dfartige Idee als Disney-Geburtstagsgeschenk oder f\u00fcr jeden besonderen Anlass.<br \/>\nSuper weiche Polyester-PJS-Robe &#8211; Das Jack-SKELLINGTON-ABSCHNOTZ-GEND-GOHN ist aus Polyester f\u00fcr ein weiches und angenehmes Gef\u00fchl. Ehrf\u00fcrchtig, gem\u00fctlich zu werden und einen Filmmarathon zu haben, oder wenn Sie etwas w\u00e4rmer brauchen, um an diesen k\u00e4lteren Abenden zu tragen.<\/p>\n","protected":false},"featured_media":180261,"comment_status":"open","ping_status":"closed","template":"","meta":[],"product_brand":[],"product_cat":[1186,3960],"product_tag":[],"class_list":{"0":"post-180260","1":"product","2":"type-product","3":"status-publish","4":"has-post-thumbnail","6":"product_cat-bekleidung","7":"product_cat-herren","8":"pa_brand-disney","9":"pa_color-schwarz","10":"pa_manufacturer-vanilla-underground","12":"first","13":"instock","14":"shipping-taxable","15":"purchasable","16":"product-type-simple","17":"customify-col","18":"product-has-gallery"},"yoast_head":"<!-- This site is optimized with the Yoast SEO plugin v27.3 - https:\/\/yoast.com\/product\/yoast-seo-wordpress\/ -->\n<title>Disney The Nightmare vor Weihnachtsklemmkleid Herren Black PJS Bademantel - Markt-XXL<\/title>\n<meta name=\"description\" content=\"Markt-XXL Disney The Nightmare vor Weihnachtsklemmkleid Herren Black PJS Bademantel\" \/>\n<meta name=\"robots\" content=\"index, follow, max-snippet:-1, max-image-preview:large, max-video-preview:-1\" \/>\n<link rel=\"canonical\" href=\"https:\/\/marktxxl.de\/markt\/produkt\/disney-the-nightmare-vor-weihnachtsklemmkleid-herren-black-pjs-bademantel\/\" \/>\n<meta property=\"og:locale\" content=\"de_DE\" \/>\n<meta property=\"og:type\" content=\"article\" \/>\n<meta property=\"og:title\" content=\"Disney The Nightmare vor Weihnachtsklemmkleid Herren Black PJS Bademantel - Markt-XXL\" \/>\n<meta property=\"og:description\" content=\"Markt-XXL Disney The Nightmare vor Weihnachtsklemmkleid Herren Black PJS Bademantel\" \/>\n<meta property=\"og:url\" content=\"https:\/\/marktxxl.de\/markt\/produkt\/disney-the-nightmare-vor-weihnachtsklemmkleid-herren-black-pjs-bademantel\/\" \/>\n<meta property=\"og:site_name\" content=\"Markt-XXL\" \/>\n<meta property=\"article:modified_time\" content=\"2023-04-11T03:10:32+00:00\" \/>\n<meta property=\"og:image\" content=\"https:\/\/m.media-amazon.com\/images\/I\/41UX7nUQ9hL._SL500_.jpg\" \/>\n\t<meta property=\"og:image:width\" content=\"393\" \/>\n\t<meta property=\"og:image:height\" content=\"500\" \/>\n\t<meta property=\"og:image:type\" content=\"image\/jpeg\" \/>\n<meta name=\"twitter:card\" content=\"summary_large_image\" \/>\n<meta name=\"twitter:label1\" content=\"Gesch\u00e4tzte Lesezeit\" \/>\n\t<meta name=\"twitter:data1\" content=\"1\u00a0Minute\" \/>\n<script type=\"application\/ld+json\" class=\"yoast-schema-graph\">{\"@context\":\"https:\\\/\\\/schema.org\",\"@graph\":[{\"@type\":\"WebPage\",\"@id\":\"https:\\\/\\\/marktxxl.de\\\/markt\\\/produkt\\\/disney-the-nightmare-vor-weihnachtsklemmkleid-herren-black-pjs-bademantel\\\/\",\"url\":\"https:\\\/\\\/marktxxl.de\\\/markt\\\/produkt\\\/disney-the-nightmare-vor-weihnachtsklemmkleid-herren-black-pjs-bademantel\\\/\",\"name\":\"Disney The Nightmare vor Weihnachtsklemmkleid Herren Black PJS Bademantel - Markt-XXL\",\"isPartOf\":{\"@id\":\"https:\\\/\\\/marktxxl.de\\\/markt\\\/#website\"},\"primaryImageOfPage\":{\"@id\":\"https:\\\/\\\/marktxxl.de\\\/markt\\\/produkt\\\/disney-the-nightmare-vor-weihnachtsklemmkleid-herren-black-pjs-bademantel\\\/#primaryimage\"},\"image\":{\"@id\":\"https:\\\/\\\/marktxxl.de\\\/markt\\\/produkt\\\/disney-the-nightmare-vor-weihnachtsklemmkleid-herren-black-pjs-bademantel\\\/#primaryimage\"},\"thumbnailUrl\":\"https:\\\/\\\/m.media-amazon.com\\\/images\\\/I\\\/41UX7nUQ9hL._SL500_.jpg\",\"datePublished\":\"2023-01-10T02:51:30+00:00\",\"dateModified\":\"2023-04-11T03:10:32+00:00\",\"description\":\"Markt-XXL Disney The Nightmare vor Weihnachtsklemmkleid Herren Black PJS Bademantel\",\"breadcrumb\":{\"@id\":\"https:\\\/\\\/marktxxl.de\\\/markt\\\/produkt\\\/disney-the-nightmare-vor-weihnachtsklemmkleid-herren-black-pjs-bademantel\\\/#breadcrumb\"},\"inLanguage\":\"de\",\"potentialAction\":[{\"@type\":\"ReadAction\",\"target\":[\"https:\\\/\\\/marktxxl.de\\\/markt\\\/produkt\\\/disney-the-nightmare-vor-weihnachtsklemmkleid-herren-black-pjs-bademantel\\\/\"]}]},{\"@type\":\"ImageObject\",\"inLanguage\":\"de\",\"@id\":\"https:\\\/\\\/marktxxl.de\\\/markt\\\/produkt\\\/disney-the-nightmare-vor-weihnachtsklemmkleid-herren-black-pjs-bademantel\\\/#primaryimage\",\"url\":\"https:\\\/\\\/m.media-amazon.com\\\/images\\\/I\\\/41UX7nUQ9hL._SL500_.jpg\",\"contentUrl\":\"https:\\\/\\\/m.media-amazon.com\\\/images\\\/I\\\/41UX7nUQ9hL._SL500_.jpg\",\"width\":393,\"height\":500},{\"@type\":\"BreadcrumbList\",\"@id\":\"https:\\\/\\\/marktxxl.de\\\/markt\\\/produkt\\\/disney-the-nightmare-vor-weihnachtsklemmkleid-herren-black-pjs-bademantel\\\/#breadcrumb\",\"itemListElement\":[{\"@type\":\"ListItem\",\"position\":1,\"name\":\"Startseite\",\"item\":\"https:\\\/\\\/marktxxl.de\\\/markt\\\/\"},{\"@type\":\"ListItem\",\"position\":2,\"name\":\"Markt\",\"item\":\"https:\\\/\\\/marktxxl.de\\\/markt\\\/\"},{\"@type\":\"ListItem\",\"position\":3,\"name\":\"Disney The Nightmare vor Weihnachtsklemmkleid Herren Black PJS Bademantel\"}]},{\"@type\":\"WebSite\",\"@id\":\"https:\\\/\\\/marktxxl.de\\\/markt\\\/#website\",\"url\":\"https:\\\/\\\/marktxxl.de\\\/markt\\\/\",\"name\":\"Markt-XXL\",\"description\":\"Ihr Markt Online\",\"publisher\":{\"@id\":\"https:\\\/\\\/marktxxl.de\\\/markt\\\/#organization\"},\"potentialAction\":[{\"@type\":\"SearchAction\",\"target\":{\"@type\":\"EntryPoint\",\"urlTemplate\":\"https:\\\/\\\/marktxxl.de\\\/markt\\\/?s={search_term_string}\"},\"query-input\":{\"@type\":\"PropertyValueSpecification\",\"valueRequired\":true,\"valueName\":\"search_term_string\"}}],\"inLanguage\":\"de\"},{\"@type\":\"Organization\",\"@id\":\"https:\\\/\\\/marktxxl.de\\\/markt\\\/#organization\",\"name\":\"Markt-XXL\",\"url\":\"https:\\\/\\\/marktxxl.de\\\/markt\\\/\",\"logo\":{\"@type\":\"ImageObject\",\"inLanguage\":\"de\",\"@id\":\"https:\\\/\\\/marktxxl.de\\\/markt\\\/#\\\/schema\\\/logo\\\/image\\\/\",\"url\":\"https:\\\/\\\/marktxxl.de\\\/markt\\\/wp-content\\\/uploads\\\/sites\\\/3\\\/2020\\\/12\\\/logo.png\",\"contentUrl\":\"https:\\\/\\\/marktxxl.de\\\/markt\\\/wp-content\\\/uploads\\\/sites\\\/3\\\/2020\\\/12\\\/logo.png\",\"width\":200,\"height\":70,\"caption\":\"Markt-XXL\"},\"image\":{\"@id\":\"https:\\\/\\\/marktxxl.de\\\/markt\\\/#\\\/schema\\\/logo\\\/image\\\/\"}}]}<\/script>\n<!-- \/ Yoast SEO plugin. -->","yoast_head_json":{"title":"Disney The Nightmare vor Weihnachtsklemmkleid Herren Black PJS Bademantel - Markt-XXL","description":"Markt-XXL Disney The Nightmare vor Weihnachtsklemmkleid Herren Black PJS Bademantel","robots":{"index":"index","follow":"follow","max-snippet":"max-snippet:-1","max-image-preview":"max-image-preview:large","max-video-preview":"max-video-preview:-1"},"canonical":"https:\/\/marktxxl.de\/markt\/produkt\/disney-the-nightmare-vor-weihnachtsklemmkleid-herren-black-pjs-bademantel\/","og_locale":"de_DE","og_type":"article","og_title":"Disney The Nightmare vor Weihnachtsklemmkleid Herren Black PJS Bademantel - Markt-XXL","og_description":"Markt-XXL Disney The Nightmare vor Weihnachtsklemmkleid Herren Black PJS Bademantel","og_url":"https:\/\/marktxxl.de\/markt\/produkt\/disney-the-nightmare-vor-weihnachtsklemmkleid-herren-black-pjs-bademantel\/","og_site_name":"Markt-XXL","article_modified_time":"2023-04-11T03:10:32+00:00","og_image":[{"width":393,"height":500,"url":"https:\/\/m.media-amazon.com\/images\/I\/41UX7nUQ9hL._SL500_.jpg","type":"image\/jpeg"}],"twitter_card":"summary_large_image","twitter_misc":{"Gesch\u00e4tzte Lesezeit":"1\u00a0Minute"},"schema":{"@context":"https:\/\/schema.org","@graph":[{"@type":"WebPage","@id":"https:\/\/marktxxl.de\/markt\/produkt\/disney-the-nightmare-vor-weihnachtsklemmkleid-herren-black-pjs-bademantel\/","url":"https:\/\/marktxxl.de\/markt\/produkt\/disney-the-nightmare-vor-weihnachtsklemmkleid-herren-black-pjs-bademantel\/","name":"Disney The Nightmare vor Weihnachtsklemmkleid Herren Black PJS Bademantel - Markt-XXL","isPartOf":{"@id":"https:\/\/marktxxl.de\/markt\/#website"},"primaryImageOfPage":{"@id":"https:\/\/marktxxl.de\/markt\/produkt\/disney-the-nightmare-vor-weihnachtsklemmkleid-herren-black-pjs-bademantel\/#primaryimage"},"image":{"@id":"https:\/\/marktxxl.de\/markt\/produkt\/disney-the-nightmare-vor-weihnachtsklemmkleid-herren-black-pjs-bademantel\/#primaryimage"},"thumbnailUrl":"https:\/\/m.media-amazon.com\/images\/I\/41UX7nUQ9hL._SL500_.jpg","datePublished":"2023-01-10T02:51:30+00:00","dateModified":"2023-04-11T03:10:32+00:00","description":"Markt-XXL Disney The Nightmare vor Weihnachtsklemmkleid Herren Black PJS Bademantel","breadcrumb":{"@id":"https:\/\/marktxxl.de\/markt\/produkt\/disney-the-nightmare-vor-weihnachtsklemmkleid-herren-black-pjs-bademantel\/#breadcrumb"},"inLanguage":"de","potentialAction":[{"@type":"ReadAction","target":["https:\/\/marktxxl.de\/markt\/produkt\/disney-the-nightmare-vor-weihnachtsklemmkleid-herren-black-pjs-bademantel\/"]}]},{"@type":"ImageObject","inLanguage":"de","@id":"https:\/\/marktxxl.de\/markt\/produkt\/disney-the-nightmare-vor-weihnachtsklemmkleid-herren-black-pjs-bademantel\/#primaryimage","url":"https:\/\/m.media-amazon.com\/images\/I\/41UX7nUQ9hL._SL500_.jpg","contentUrl":"https:\/\/m.media-amazon.com\/images\/I\/41UX7nUQ9hL._SL500_.jpg","width":393,"height":500},{"@type":"BreadcrumbList","@id":"https:\/\/marktxxl.de\/markt\/produkt\/disney-the-nightmare-vor-weihnachtsklemmkleid-herren-black-pjs-bademantel\/#breadcrumb","itemListElement":[{"@type":"ListItem","position":1,"name":"Startseite","item":"https:\/\/marktxxl.de\/markt\/"},{"@type":"ListItem","position":2,"name":"Markt","item":"https:\/\/marktxxl.de\/markt\/"},{"@type":"ListItem","position":3,"name":"Disney The Nightmare vor Weihnachtsklemmkleid Herren Black PJS Bademantel"}]},{"@type":"WebSite","@id":"https:\/\/marktxxl.de\/markt\/#website","url":"https:\/\/marktxxl.de\/markt\/","name":"Markt-XXL","description":"Ihr Markt Online","publisher":{"@id":"https:\/\/marktxxl.de\/markt\/#organization"},"potentialAction":[{"@type":"SearchAction","target":{"@type":"EntryPoint","urlTemplate":"https:\/\/marktxxl.de\/markt\/?s={search_term_string}"},"query-input":{"@type":"PropertyValueSpecification","valueRequired":true,"valueName":"search_term_string"}}],"inLanguage":"de"},{"@type":"Organization","@id":"https:\/\/marktxxl.de\/markt\/#organization","name":"Markt-XXL","url":"https:\/\/marktxxl.de\/markt\/","logo":{"@type":"ImageObject","inLanguage":"de","@id":"https:\/\/marktxxl.de\/markt\/#\/schema\/logo\/image\/","url":"https:\/\/marktxxl.de\/markt\/wp-content\/uploads\/sites\/3\/2020\/12\/logo.png","contentUrl":"https:\/\/marktxxl.de\/markt\/wp-content\/uploads\/sites\/3\/2020\/12\/logo.png","width":200,"height":70,"caption":"Markt-XXL"},"image":{"@id":"https:\/\/marktxxl.de\/markt\/#\/schema\/logo\/image\/"}}]}},"_links":{"self":[{"href":"https:\/\/marktxxl.de\/markt\/wp-json\/wp\/v2\/product\/180260","targetHints":{"allow":["GET"]}}],"collection":[{"href":"https:\/\/marktxxl.de\/markt\/wp-json\/wp\/v2\/product"}],"about":[{"href":"https:\/\/marktxxl.de\/markt\/wp-json\/wp\/v2\/types\/product"}],"replies":[{"embeddable":true,"href":"https:\/\/marktxxl.de\/markt\/wp-json\/wp\/v2\/comments?post=180260"}],"wp:featuredmedia":[{"embeddable":true,"href":"https:\/\/marktxxl.de\/markt\/wp-json\/wp\/v2\/media\/180261"}],"wp:attachment":[{"href":"https:\/\/marktxxl.de\/markt\/wp-json\/wp\/v2\/media?parent=180260"}],"wp:term":[{"taxonomy":"product_brand","embeddable":true,"href":"https:\/\/marktxxl.de\/markt\/wp-json\/wp\/v2\/product_brand?post=180260"},{"taxonomy":"product_cat","embeddable":true,"href":"https:\/\/marktxxl.de\/markt\/wp-json\/wp\/v2\/product_cat?post=180260"},{"taxonomy":"product_tag","embeddable":true,"href":"https:\/\/marktxxl.de\/markt\/wp-json\/wp\/v2\/product_tag?post=180260"}],"curies":[{"name":"wp","href":"https:\/\/api.w.org\/{rel}","templated":true}]}}