{"id":180237,"date":"2023-01-10T03:50:54","date_gmt":"2023-01-10T02:50:54","guid":{"rendered":"https:\/\/marktxxl.de\/markt\/produkt\/stance-crew-socken-divide-socken-aus-merinowolle-x-feel-360-x-infiknit\/"},"modified":"2023-04-11T05:10:32","modified_gmt":"2023-04-11T03:10:32","slug":"stance-crew-socken-divide-socken-aus-merinowolle-x-feel-360-x-infiknit","status":"publish","type":"product","link":"https:\/\/marktxxl.de\/markt\/produkt\/stance-crew-socken-divide-socken-aus-merinowolle-x-feel-360-x-infiknit\/","title":{"rendered":"Stance Crew Socken &#8211; Divide &#8211; Socken aus Merinowolle x Feel 360 x Infiknit"},"content":{"rendered":"<p>Ein klassischer Socke, der bis zur Wadenmitte reicht. Die Mischung aus Merinowolle sorgt daf\u00fcr, dass sich Ihre F\u00fc\u00dfe geliebt f\u00fchlen. Unsere Infiknit-Technologie. Keine Risse. Niemals. Unzerst\u00f6rbar, aber wenn du es doch schaffst, haben wir mehr.<br \/>\nStance FEEL 360 ist unsere exklusive Faserbehandlung, die auf Ihre K\u00f6rpertemperatur reagiert und f\u00fcr ultimativen Aktivkomfort sorgt. Indem wir hochwertige verzwirnte Garne mit unserer markeneigenen Behandlungsmethode bearbeiten und Feuchtigkeit abgeleitet wird, eliminiert FEEL 360 geruchsverursachende Bakterien, so dass Sie sich auch hinter der Ziellinie frisch und trocken f\u00fchlen.<br \/>\nAktivpolsterung kombiniert Aufprallschutz mit Komfort, um Sie beim Vorw\u00e4rtskommen zu unterst\u00fctzen. Moderate Polsterung in der gesamten Socke f\u00fcr einen sicheren Sitz mit verbessertem Aufprallschutz.<br \/>\nAktivgewebe h\u00e4lt Sie mit maximiertem Luftstrom und Atmungsaktivit\u00e4t k\u00fchl. Unsere Channeled-Air-Polsterung sorgt f\u00fcr Atmungsaktivit\u00e4t.<br \/>\nEntwickelter Kn\u00f6chelschutz sch\u00fctzt Ihre F\u00fc\u00dfe vor l\u00e4stigem Schuhreiben. Strategische Polsterung sorgt f\u00fcr Komfort bei allen Aktivit\u00e4ten.<br \/>\n<div class=\"main-cross-sell\" data-asin=\"B07X66W34K\">\n\n\t<div class=\"WooZone-cross-sell-loader\">\n\t\t<div>\n\t\t\t<div id=\"floatingBarsG\">\n\t\t\t\t<div class=\"blockG\" id=\"rotateG_01\"><\/div>\n\t\t\t\t<div class=\"blockG\" id=\"rotateG_02\"><\/div>\n\t\t\t\t<div class=\"blockG\" id=\"rotateG_03\"><\/div>\n\t\t\t\t<div class=\"blockG\" id=\"rotateG_04\"><\/div>\n\t\t\t\t<div class=\"blockG\" id=\"rotateG_05\"><\/div>\n\t\t\t\t<div class=\"blockG\" id=\"rotateG_06\"><\/div>\n\t\t\t\t<div class=\"blockG\" id=\"rotateG_07\"><\/div>\n\t\t\t\t<div class=\"blockG\" id=\"rotateG_08\"><\/div>\n\t\t\t<\/div>\n\t\t\t<div class=\"WooZone-cross-sell-loader-text\"><\/div>\n\t\t<\/div>\n\t<\/div>\n\n\t\t\n<\/div>\n<div style=\"clear:both;\"><\/div><\/p>\n","protected":false},"excerpt":{"rendered":"<p>Ein klassischer Socke, der bis zur Wadenmitte reicht. Die Mischung aus Merinowolle sorgt daf\u00fcr, dass sich Ihre F\u00fc\u00dfe geliebt f\u00fchlen. Unsere Infiknit-Technologie. Keine Risse. Niemals. Unzerst\u00f6rbar, aber wenn du es doch schaffst, haben wir mehr.<br \/>\nStance FEEL 360 ist unsere exklusive Faserbehandlung, die auf Ihre K\u00f6rpertemperatur reagiert und f\u00fcr ultimativen Aktivkomfort sorgt. Indem wir hochwertige verzwirnte Garne mit unserer markeneigenen Behandlungsmethode bearbeiten und Feuchtigkeit abgeleitet wird, eliminiert FEEL 360 geruchsverursachende Bakterien, so dass Sie sich auch hinter der Ziellinie frisch und trocken f\u00fchlen.<br \/>\nAktivpolsterung kombiniert Aufprallschutz mit Komfort, um Sie beim Vorw\u00e4rtskommen zu unterst\u00fctzen. Moderate Polsterung in der gesamten Socke f\u00fcr einen sicheren Sitz mit verbessertem Aufprallschutz.<\/p>\n","protected":false},"featured_media":180238,"comment_status":"open","ping_status":"closed","template":"","meta":[],"product_brand":[],"product_cat":[1186,3960],"product_tag":[],"class_list":{"0":"post-180237","1":"product","2":"type-product","3":"status-publish","4":"has-post-thumbnail","6":"product_cat-bekleidung","7":"product_cat-herren","8":"pa_binding-textilien","9":"pa_brand-stance","10":"pa_color-blau","11":"pa_manufacturer-stance","12":"pa_model-a588a20dic","13":"pa_size-s","15":"first","16":"instock","17":"shipping-taxable","18":"purchasable","19":"product-type-simple","20":"customify-col","21":"product-has-gallery"},"yoast_head":"<!-- This site is optimized with the Yoast SEO plugin v27.3 - https:\/\/yoast.com\/product\/yoast-seo-wordpress\/ -->\n<title>Stance Crew Socken - Divide - Socken aus Merinowolle x Feel 360 x Infiknit - Markt-XXL<\/title>\n<meta name=\"description\" content=\"Markt-XXL Stance Crew Socken - Divide - Socken aus Merinowolle x Feel 360 x Infiknit\" \/>\n<meta name=\"robots\" content=\"index, follow, max-snippet:-1, max-image-preview:large, max-video-preview:-1\" \/>\n<link rel=\"canonical\" href=\"https:\/\/marktxxl.de\/markt\/produkt\/stance-crew-socken-divide-socken-aus-merinowolle-x-feel-360-x-infiknit\/\" \/>\n<meta property=\"og:locale\" content=\"de_DE\" \/>\n<meta property=\"og:type\" content=\"article\" \/>\n<meta property=\"og:title\" content=\"Stance Crew Socken - Divide - Socken aus Merinowolle x Feel 360 x Infiknit - Markt-XXL\" \/>\n<meta property=\"og:description\" content=\"Markt-XXL Stance Crew Socken - Divide - Socken aus Merinowolle x Feel 360 x Infiknit\" \/>\n<meta property=\"og:url\" content=\"https:\/\/marktxxl.de\/markt\/produkt\/stance-crew-socken-divide-socken-aus-merinowolle-x-feel-360-x-infiknit\/\" \/>\n<meta property=\"og:site_name\" content=\"Markt-XXL\" \/>\n<meta property=\"article:modified_time\" content=\"2023-04-11T03:10:32+00:00\" \/>\n<meta property=\"og:image\" content=\"https:\/\/m.media-amazon.com\/images\/I\/51INOCyp7oL._SL500_.jpg\" \/>\n\t<meta property=\"og:image:width\" content=\"500\" \/>\n\t<meta property=\"og:image:height\" content=\"500\" \/>\n\t<meta property=\"og:image:type\" content=\"image\/jpeg\" \/>\n<meta name=\"twitter:card\" content=\"summary_large_image\" \/>\n<meta name=\"twitter:label1\" content=\"Gesch\u00e4tzte Lesezeit\" \/>\n\t<meta name=\"twitter:data1\" content=\"1\u00a0Minute\" \/>\n<script type=\"application\/ld+json\" class=\"yoast-schema-graph\">{\"@context\":\"https:\\\/\\\/schema.org\",\"@graph\":[{\"@type\":\"WebPage\",\"@id\":\"https:\\\/\\\/marktxxl.de\\\/markt\\\/produkt\\\/stance-crew-socken-divide-socken-aus-merinowolle-x-feel-360-x-infiknit\\\/\",\"url\":\"https:\\\/\\\/marktxxl.de\\\/markt\\\/produkt\\\/stance-crew-socken-divide-socken-aus-merinowolle-x-feel-360-x-infiknit\\\/\",\"name\":\"Stance Crew Socken - Divide - Socken aus Merinowolle x Feel 360 x Infiknit - Markt-XXL\",\"isPartOf\":{\"@id\":\"https:\\\/\\\/marktxxl.de\\\/markt\\\/#website\"},\"primaryImageOfPage\":{\"@id\":\"https:\\\/\\\/marktxxl.de\\\/markt\\\/produkt\\\/stance-crew-socken-divide-socken-aus-merinowolle-x-feel-360-x-infiknit\\\/#primaryimage\"},\"image\":{\"@id\":\"https:\\\/\\\/marktxxl.de\\\/markt\\\/produkt\\\/stance-crew-socken-divide-socken-aus-merinowolle-x-feel-360-x-infiknit\\\/#primaryimage\"},\"thumbnailUrl\":\"https:\\\/\\\/m.media-amazon.com\\\/images\\\/I\\\/51INOCyp7oL._SL500_.jpg\",\"datePublished\":\"2023-01-10T02:50:54+00:00\",\"dateModified\":\"2023-04-11T03:10:32+00:00\",\"description\":\"Markt-XXL Stance Crew Socken - Divide - Socken aus Merinowolle x Feel 360 x Infiknit\",\"breadcrumb\":{\"@id\":\"https:\\\/\\\/marktxxl.de\\\/markt\\\/produkt\\\/stance-crew-socken-divide-socken-aus-merinowolle-x-feel-360-x-infiknit\\\/#breadcrumb\"},\"inLanguage\":\"de\",\"potentialAction\":[{\"@type\":\"ReadAction\",\"target\":[\"https:\\\/\\\/marktxxl.de\\\/markt\\\/produkt\\\/stance-crew-socken-divide-socken-aus-merinowolle-x-feel-360-x-infiknit\\\/\"]}]},{\"@type\":\"ImageObject\",\"inLanguage\":\"de\",\"@id\":\"https:\\\/\\\/marktxxl.de\\\/markt\\\/produkt\\\/stance-crew-socken-divide-socken-aus-merinowolle-x-feel-360-x-infiknit\\\/#primaryimage\",\"url\":\"https:\\\/\\\/m.media-amazon.com\\\/images\\\/I\\\/51INOCyp7oL._SL500_.jpg\",\"contentUrl\":\"https:\\\/\\\/m.media-amazon.com\\\/images\\\/I\\\/51INOCyp7oL._SL500_.jpg\",\"width\":500,\"height\":500},{\"@type\":\"BreadcrumbList\",\"@id\":\"https:\\\/\\\/marktxxl.de\\\/markt\\\/produkt\\\/stance-crew-socken-divide-socken-aus-merinowolle-x-feel-360-x-infiknit\\\/#breadcrumb\",\"itemListElement\":[{\"@type\":\"ListItem\",\"position\":1,\"name\":\"Startseite\",\"item\":\"https:\\\/\\\/marktxxl.de\\\/markt\\\/\"},{\"@type\":\"ListItem\",\"position\":2,\"name\":\"Markt\",\"item\":\"https:\\\/\\\/marktxxl.de\\\/markt\\\/\"},{\"@type\":\"ListItem\",\"position\":3,\"name\":\"Stance Crew Socken &#8211; Divide &#8211; Socken aus Merinowolle x Feel 360 x Infiknit\"}]},{\"@type\":\"WebSite\",\"@id\":\"https:\\\/\\\/marktxxl.de\\\/markt\\\/#website\",\"url\":\"https:\\\/\\\/marktxxl.de\\\/markt\\\/\",\"name\":\"Markt-XXL\",\"description\":\"Ihr Markt Online\",\"publisher\":{\"@id\":\"https:\\\/\\\/marktxxl.de\\\/markt\\\/#organization\"},\"potentialAction\":[{\"@type\":\"SearchAction\",\"target\":{\"@type\":\"EntryPoint\",\"urlTemplate\":\"https:\\\/\\\/marktxxl.de\\\/markt\\\/?s={search_term_string}\"},\"query-input\":{\"@type\":\"PropertyValueSpecification\",\"valueRequired\":true,\"valueName\":\"search_term_string\"}}],\"inLanguage\":\"de\"},{\"@type\":\"Organization\",\"@id\":\"https:\\\/\\\/marktxxl.de\\\/markt\\\/#organization\",\"name\":\"Markt-XXL\",\"url\":\"https:\\\/\\\/marktxxl.de\\\/markt\\\/\",\"logo\":{\"@type\":\"ImageObject\",\"inLanguage\":\"de\",\"@id\":\"https:\\\/\\\/marktxxl.de\\\/markt\\\/#\\\/schema\\\/logo\\\/image\\\/\",\"url\":\"https:\\\/\\\/marktxxl.de\\\/markt\\\/wp-content\\\/uploads\\\/sites\\\/3\\\/2020\\\/12\\\/logo.png\",\"contentUrl\":\"https:\\\/\\\/marktxxl.de\\\/markt\\\/wp-content\\\/uploads\\\/sites\\\/3\\\/2020\\\/12\\\/logo.png\",\"width\":200,\"height\":70,\"caption\":\"Markt-XXL\"},\"image\":{\"@id\":\"https:\\\/\\\/marktxxl.de\\\/markt\\\/#\\\/schema\\\/logo\\\/image\\\/\"}}]}<\/script>\n<!-- \/ Yoast SEO plugin. -->","yoast_head_json":{"title":"Stance Crew Socken - Divide - Socken aus Merinowolle x Feel 360 x Infiknit - Markt-XXL","description":"Markt-XXL Stance Crew Socken - Divide - Socken aus Merinowolle x Feel 360 x Infiknit","robots":{"index":"index","follow":"follow","max-snippet":"max-snippet:-1","max-image-preview":"max-image-preview:large","max-video-preview":"max-video-preview:-1"},"canonical":"https:\/\/marktxxl.de\/markt\/produkt\/stance-crew-socken-divide-socken-aus-merinowolle-x-feel-360-x-infiknit\/","og_locale":"de_DE","og_type":"article","og_title":"Stance Crew Socken - Divide - Socken aus Merinowolle x Feel 360 x Infiknit - Markt-XXL","og_description":"Markt-XXL Stance Crew Socken - Divide - Socken aus Merinowolle x Feel 360 x Infiknit","og_url":"https:\/\/marktxxl.de\/markt\/produkt\/stance-crew-socken-divide-socken-aus-merinowolle-x-feel-360-x-infiknit\/","og_site_name":"Markt-XXL","article_modified_time":"2023-04-11T03:10:32+00:00","og_image":[{"width":500,"height":500,"url":"https:\/\/m.media-amazon.com\/images\/I\/51INOCyp7oL._SL500_.jpg","type":"image\/jpeg"}],"twitter_card":"summary_large_image","twitter_misc":{"Gesch\u00e4tzte Lesezeit":"1\u00a0Minute"},"schema":{"@context":"https:\/\/schema.org","@graph":[{"@type":"WebPage","@id":"https:\/\/marktxxl.de\/markt\/produkt\/stance-crew-socken-divide-socken-aus-merinowolle-x-feel-360-x-infiknit\/","url":"https:\/\/marktxxl.de\/markt\/produkt\/stance-crew-socken-divide-socken-aus-merinowolle-x-feel-360-x-infiknit\/","name":"Stance Crew Socken - Divide - Socken aus Merinowolle x Feel 360 x Infiknit - Markt-XXL","isPartOf":{"@id":"https:\/\/marktxxl.de\/markt\/#website"},"primaryImageOfPage":{"@id":"https:\/\/marktxxl.de\/markt\/produkt\/stance-crew-socken-divide-socken-aus-merinowolle-x-feel-360-x-infiknit\/#primaryimage"},"image":{"@id":"https:\/\/marktxxl.de\/markt\/produkt\/stance-crew-socken-divide-socken-aus-merinowolle-x-feel-360-x-infiknit\/#primaryimage"},"thumbnailUrl":"https:\/\/m.media-amazon.com\/images\/I\/51INOCyp7oL._SL500_.jpg","datePublished":"2023-01-10T02:50:54+00:00","dateModified":"2023-04-11T03:10:32+00:00","description":"Markt-XXL Stance Crew Socken - Divide - Socken aus Merinowolle x Feel 360 x Infiknit","breadcrumb":{"@id":"https:\/\/marktxxl.de\/markt\/produkt\/stance-crew-socken-divide-socken-aus-merinowolle-x-feel-360-x-infiknit\/#breadcrumb"},"inLanguage":"de","potentialAction":[{"@type":"ReadAction","target":["https:\/\/marktxxl.de\/markt\/produkt\/stance-crew-socken-divide-socken-aus-merinowolle-x-feel-360-x-infiknit\/"]}]},{"@type":"ImageObject","inLanguage":"de","@id":"https:\/\/marktxxl.de\/markt\/produkt\/stance-crew-socken-divide-socken-aus-merinowolle-x-feel-360-x-infiknit\/#primaryimage","url":"https:\/\/m.media-amazon.com\/images\/I\/51INOCyp7oL._SL500_.jpg","contentUrl":"https:\/\/m.media-amazon.com\/images\/I\/51INOCyp7oL._SL500_.jpg","width":500,"height":500},{"@type":"BreadcrumbList","@id":"https:\/\/marktxxl.de\/markt\/produkt\/stance-crew-socken-divide-socken-aus-merinowolle-x-feel-360-x-infiknit\/#breadcrumb","itemListElement":[{"@type":"ListItem","position":1,"name":"Startseite","item":"https:\/\/marktxxl.de\/markt\/"},{"@type":"ListItem","position":2,"name":"Markt","item":"https:\/\/marktxxl.de\/markt\/"},{"@type":"ListItem","position":3,"name":"Stance Crew Socken &#8211; Divide &#8211; Socken aus Merinowolle x Feel 360 x Infiknit"}]},{"@type":"WebSite","@id":"https:\/\/marktxxl.de\/markt\/#website","url":"https:\/\/marktxxl.de\/markt\/","name":"Markt-XXL","description":"Ihr Markt Online","publisher":{"@id":"https:\/\/marktxxl.de\/markt\/#organization"},"potentialAction":[{"@type":"SearchAction","target":{"@type":"EntryPoint","urlTemplate":"https:\/\/marktxxl.de\/markt\/?s={search_term_string}"},"query-input":{"@type":"PropertyValueSpecification","valueRequired":true,"valueName":"search_term_string"}}],"inLanguage":"de"},{"@type":"Organization","@id":"https:\/\/marktxxl.de\/markt\/#organization","name":"Markt-XXL","url":"https:\/\/marktxxl.de\/markt\/","logo":{"@type":"ImageObject","inLanguage":"de","@id":"https:\/\/marktxxl.de\/markt\/#\/schema\/logo\/image\/","url":"https:\/\/marktxxl.de\/markt\/wp-content\/uploads\/sites\/3\/2020\/12\/logo.png","contentUrl":"https:\/\/marktxxl.de\/markt\/wp-content\/uploads\/sites\/3\/2020\/12\/logo.png","width":200,"height":70,"caption":"Markt-XXL"},"image":{"@id":"https:\/\/marktxxl.de\/markt\/#\/schema\/logo\/image\/"}}]}},"_links":{"self":[{"href":"https:\/\/marktxxl.de\/markt\/wp-json\/wp\/v2\/product\/180237","targetHints":{"allow":["GET"]}}],"collection":[{"href":"https:\/\/marktxxl.de\/markt\/wp-json\/wp\/v2\/product"}],"about":[{"href":"https:\/\/marktxxl.de\/markt\/wp-json\/wp\/v2\/types\/product"}],"replies":[{"embeddable":true,"href":"https:\/\/marktxxl.de\/markt\/wp-json\/wp\/v2\/comments?post=180237"}],"wp:featuredmedia":[{"embeddable":true,"href":"https:\/\/marktxxl.de\/markt\/wp-json\/wp\/v2\/media\/180238"}],"wp:attachment":[{"href":"https:\/\/marktxxl.de\/markt\/wp-json\/wp\/v2\/media?parent=180237"}],"wp:term":[{"taxonomy":"product_brand","embeddable":true,"href":"https:\/\/marktxxl.de\/markt\/wp-json\/wp\/v2\/product_brand?post=180237"},{"taxonomy":"product_cat","embeddable":true,"href":"https:\/\/marktxxl.de\/markt\/wp-json\/wp\/v2\/product_cat?post=180237"},{"taxonomy":"product_tag","embeddable":true,"href":"https:\/\/marktxxl.de\/markt\/wp-json\/wp\/v2\/product_tag?post=180237"}],"curies":[{"name":"wp","href":"https:\/\/api.w.org\/{rel}","templated":true}]}}