{"id":180131,"date":"2023-01-10T03:37:01","date_gmt":"2023-01-10T02:37:01","guid":{"rendered":"https:\/\/marktxxl.de\/markt\/produkt\/creatck-tockrop-handschleifbloecke-rund-maus-127-cm-fuer-127-cm-klett-scheiben-ideal-fuer-holzmoebel-restaurierung-heimkunst-und-handwerk-2-stueck\/"},"modified":"2023-04-11T05:10:29","modified_gmt":"2023-04-11T03:10:29","slug":"creatck-tockrop-handschleifbloecke-rund-maus-127-cm-fuer-127-cm-klett-scheiben-ideal-fuer-holzmoebel-restaurierung-heimkunst-und-handwerk-2-stueck","status":"publish","type":"product","link":"https:\/\/marktxxl.de\/markt\/produkt\/creatck-tockrop-handschleifbloecke-rund-maus-127-cm-fuer-127-cm-klett-scheiben-ideal-fuer-holzmoebel-restaurierung-heimkunst-und-handwerk-2-stueck\/","title":{"rendered":"Creatck Tockrop Handschleifbl\u00f6cke, rund, Maus, 12,7 cm, f\u00fcr 12,7 cm Klett-Scheiben, ideal f\u00fcr Holzm\u00f6bel, Restaurierung\u2026"},"content":{"rendered":"<p>Runde und mausf\u00f6rmige Handschleifbl\u00f6cke: Funktioniert mit Standard-Schleifscheiben.<br \/>\n\u2605 \u3010 Vielseitig verwendet: Ideal f\u00fcr Holzbearbeitung, Hobby, Kunst und Handwerk, Autok\u00f6rper, Trockenbau, Shop und Automobil.<br \/>\nFlexible PU-R\u00fcckenplatte: Die Tr\u00e4gerplatte ist aus Polyurethan (PU), flexibel und sehr langlebig, um die Vibration zu d\u00e4mpfen.<br \/>\n\u2605 \u3010Haken- &amp; Schlaufen-Design\u3011: Haken- und Schlaufenfunktion f\u00fcr schnellen Padwechsel, verhindert das Verschieben und Drehen des Pads, erm\u00f6glicht aber eine einfache Entfernung der Schleifscheibe, ohne die Gesamtst\u00e4rke zu beeintr\u00e4chtigen. Minimiert W\u00e4rme\u00fcbertragung. Leicht zu haltender Griff und flacher Boden.<br \/>\nSchneller Ersatz: Verwenden Sie f\u00fcr nasses und trockenes Schleifen, nimmt alle K\u00f6rnungen \u2013 einfacher und schneller Austausch der Scheiben.<br \/>\n<div class=\"main-cross-sell\" data-asin=\"B07XXNRJ15\">\n\n\t<div class=\"WooZone-cross-sell-loader\">\n\t\t<div>\n\t\t\t<div id=\"floatingBarsG\">\n\t\t\t\t<div class=\"blockG\" id=\"rotateG_01\"><\/div>\n\t\t\t\t<div class=\"blockG\" id=\"rotateG_02\"><\/div>\n\t\t\t\t<div class=\"blockG\" id=\"rotateG_03\"><\/div>\n\t\t\t\t<div class=\"blockG\" id=\"rotateG_04\"><\/div>\n\t\t\t\t<div class=\"blockG\" id=\"rotateG_05\"><\/div>\n\t\t\t\t<div class=\"blockG\" id=\"rotateG_06\"><\/div>\n\t\t\t\t<div class=\"blockG\" id=\"rotateG_07\"><\/div>\n\t\t\t\t<div class=\"blockG\" id=\"rotateG_08\"><\/div>\n\t\t\t<\/div>\n\t\t\t<div class=\"WooZone-cross-sell-loader-text\"><\/div>\n\t\t<\/div>\n\t<\/div>\n\n\t\t\n<\/div>\n<div style=\"clear:both;\"><\/div><\/p>\n","protected":false},"excerpt":{"rendered":"<p>Runde und mausf\u00f6rmige Handschleifbl\u00f6cke: Funktioniert mit Standard-Schleifscheiben.<br \/>\n\u2605 \u3010 Vielseitig verwendet: Ideal f\u00fcr Holzbearbeitung, Hobby, Kunst und Handwerk, Autok\u00f6rper, Trockenbau, Shop und Automobil.<br \/>\nFlexible PU-R\u00fcckenplatte: Die Tr\u00e4gerplatte ist aus Polyurethan (PU), flexibel und sehr langlebig, um die Vibration zu d\u00e4mpfen.<\/p>\n","protected":false},"featured_media":180132,"comment_status":"open","ping_status":"closed","template":"","meta":[],"product_brand":[],"product_cat":[1983,11212],"product_tag":[],"class_list":{"0":"post-180131","1":"product","2":"type-product","3":"status-publish","4":"has-post-thumbnail","6":"product_cat-baumarkt","7":"product_cat-malerbedarf-werkzeuge-tapeten","8":"pa_binding-misc","9":"pa_brand-tockrop","10":"pa_manufacturer-tockrop","12":"first","13":"instock","14":"shipping-taxable","15":"purchasable","16":"product-type-simple","17":"customify-col","18":"product-has-gallery"},"yoast_head":"<!-- This site is optimized with the Yoast SEO plugin v27.4 - https:\/\/yoast.com\/product\/yoast-seo-wordpress\/ -->\n<title>Creatck Tockrop Handschleifbl\u00f6cke, rund, Maus, 12,7 cm, f\u00fcr 12,7 cm Klett-Scheiben, ideal f\u00fcr Holzm\u00f6bel, Restaurierung\u2026 - Markt-XXL<\/title>\n<meta name=\"description\" content=\"Markt-XXL Creatck Tockrop Handschleifbl\u00f6cke, rund, Maus, 12,7 cm, f\u00fcr 12,7 cm Klett-Scheiben, ideal f\u00fcr Holzm\u00f6bel, Restaurierung\u2026\" \/>\n<meta name=\"robots\" content=\"index, follow, max-snippet:-1, max-image-preview:large, max-video-preview:-1\" \/>\n<link rel=\"canonical\" href=\"https:\/\/marktxxl.de\/markt\/produkt\/creatck-tockrop-handschleifbloecke-rund-maus-127-cm-fuer-127-cm-klett-scheiben-ideal-fuer-holzmoebel-restaurierung-heimkunst-und-handwerk-2-stueck\/\" \/>\n<meta property=\"og:locale\" content=\"de_DE\" \/>\n<meta property=\"og:type\" content=\"article\" \/>\n<meta property=\"og:title\" content=\"Creatck Tockrop Handschleifbl\u00f6cke, rund, Maus, 12,7 cm, f\u00fcr 12,7 cm Klett-Scheiben, ideal f\u00fcr Holzm\u00f6bel, Restaurierung\u2026 - Markt-XXL\" \/>\n<meta property=\"og:description\" content=\"Markt-XXL Creatck Tockrop Handschleifbl\u00f6cke, rund, Maus, 12,7 cm, f\u00fcr 12,7 cm Klett-Scheiben, ideal f\u00fcr Holzm\u00f6bel, Restaurierung\u2026\" \/>\n<meta property=\"og:url\" content=\"https:\/\/marktxxl.de\/markt\/produkt\/creatck-tockrop-handschleifbloecke-rund-maus-127-cm-fuer-127-cm-klett-scheiben-ideal-fuer-holzmoebel-restaurierung-heimkunst-und-handwerk-2-stueck\/\" \/>\n<meta property=\"og:site_name\" content=\"Markt-XXL\" \/>\n<meta property=\"article:modified_time\" content=\"2023-04-11T03:10:29+00:00\" \/>\n<meta property=\"og:image\" content=\"https:\/\/m.media-amazon.com\/images\/I\/31lVFxgXMzL._SL500_.jpg\" \/>\n\t<meta property=\"og:image:width\" content=\"500\" \/>\n\t<meta property=\"og:image:height\" content=\"472\" \/>\n\t<meta property=\"og:image:type\" content=\"image\/jpeg\" \/>\n<meta name=\"twitter:card\" content=\"summary_large_image\" \/>\n<meta name=\"twitter:label1\" content=\"Gesch\u00e4tzte Lesezeit\" \/>\n\t<meta name=\"twitter:data1\" content=\"1\u00a0Minute\" \/>\n<script type=\"application\/ld+json\" class=\"yoast-schema-graph\">{\"@context\":\"https:\\\/\\\/schema.org\",\"@graph\":[{\"@type\":\"WebPage\",\"@id\":\"https:\\\/\\\/marktxxl.de\\\/markt\\\/produkt\\\/creatck-tockrop-handschleifbloecke-rund-maus-127-cm-fuer-127-cm-klett-scheiben-ideal-fuer-holzmoebel-restaurierung-heimkunst-und-handwerk-2-stueck\\\/\",\"url\":\"https:\\\/\\\/marktxxl.de\\\/markt\\\/produkt\\\/creatck-tockrop-handschleifbloecke-rund-maus-127-cm-fuer-127-cm-klett-scheiben-ideal-fuer-holzmoebel-restaurierung-heimkunst-und-handwerk-2-stueck\\\/\",\"name\":\"Creatck Tockrop Handschleifbl\u00f6cke, rund, Maus, 12,7 cm, f\u00fcr 12,7 cm Klett-Scheiben, ideal f\u00fcr Holzm\u00f6bel, Restaurierung\u2026 - Markt-XXL\",\"isPartOf\":{\"@id\":\"https:\\\/\\\/marktxxl.de\\\/markt\\\/#website\"},\"primaryImageOfPage\":{\"@id\":\"https:\\\/\\\/marktxxl.de\\\/markt\\\/produkt\\\/creatck-tockrop-handschleifbloecke-rund-maus-127-cm-fuer-127-cm-klett-scheiben-ideal-fuer-holzmoebel-restaurierung-heimkunst-und-handwerk-2-stueck\\\/#primaryimage\"},\"image\":{\"@id\":\"https:\\\/\\\/marktxxl.de\\\/markt\\\/produkt\\\/creatck-tockrop-handschleifbloecke-rund-maus-127-cm-fuer-127-cm-klett-scheiben-ideal-fuer-holzmoebel-restaurierung-heimkunst-und-handwerk-2-stueck\\\/#primaryimage\"},\"thumbnailUrl\":\"https:\\\/\\\/m.media-amazon.com\\\/images\\\/I\\\/31lVFxgXMzL._SL500_.jpg\",\"datePublished\":\"2023-01-10T02:37:01+00:00\",\"dateModified\":\"2023-04-11T03:10:29+00:00\",\"description\":\"Markt-XXL Creatck Tockrop Handschleifbl\u00f6cke, rund, Maus, 12,7 cm, f\u00fcr 12,7 cm Klett-Scheiben, ideal f\u00fcr Holzm\u00f6bel, Restaurierung\u2026\",\"breadcrumb\":{\"@id\":\"https:\\\/\\\/marktxxl.de\\\/markt\\\/produkt\\\/creatck-tockrop-handschleifbloecke-rund-maus-127-cm-fuer-127-cm-klett-scheiben-ideal-fuer-holzmoebel-restaurierung-heimkunst-und-handwerk-2-stueck\\\/#breadcrumb\"},\"inLanguage\":\"de\",\"potentialAction\":[{\"@type\":\"ReadAction\",\"target\":[\"https:\\\/\\\/marktxxl.de\\\/markt\\\/produkt\\\/creatck-tockrop-handschleifbloecke-rund-maus-127-cm-fuer-127-cm-klett-scheiben-ideal-fuer-holzmoebel-restaurierung-heimkunst-und-handwerk-2-stueck\\\/\"]}]},{\"@type\":\"ImageObject\",\"inLanguage\":\"de\",\"@id\":\"https:\\\/\\\/marktxxl.de\\\/markt\\\/produkt\\\/creatck-tockrop-handschleifbloecke-rund-maus-127-cm-fuer-127-cm-klett-scheiben-ideal-fuer-holzmoebel-restaurierung-heimkunst-und-handwerk-2-stueck\\\/#primaryimage\",\"url\":\"https:\\\/\\\/m.media-amazon.com\\\/images\\\/I\\\/31lVFxgXMzL._SL500_.jpg\",\"contentUrl\":\"https:\\\/\\\/m.media-amazon.com\\\/images\\\/I\\\/31lVFxgXMzL._SL500_.jpg\",\"width\":500,\"height\":472},{\"@type\":\"BreadcrumbList\",\"@id\":\"https:\\\/\\\/marktxxl.de\\\/markt\\\/produkt\\\/creatck-tockrop-handschleifbloecke-rund-maus-127-cm-fuer-127-cm-klett-scheiben-ideal-fuer-holzmoebel-restaurierung-heimkunst-und-handwerk-2-stueck\\\/#breadcrumb\",\"itemListElement\":[{\"@type\":\"ListItem\",\"position\":1,\"name\":\"Startseite\",\"item\":\"https:\\\/\\\/marktxxl.de\\\/markt\\\/\"},{\"@type\":\"ListItem\",\"position\":2,\"name\":\"Markt\",\"item\":\"https:\\\/\\\/marktxxl.de\\\/markt\\\/\"},{\"@type\":\"ListItem\",\"position\":3,\"name\":\"Creatck Tockrop Handschleifbl\u00f6cke, rund, Maus, 12,7 cm, f\u00fcr 12,7 cm Klett-Scheiben, ideal f\u00fcr Holzm\u00f6bel, Restaurierung\u2026\"}]},{\"@type\":\"WebSite\",\"@id\":\"https:\\\/\\\/marktxxl.de\\\/markt\\\/#website\",\"url\":\"https:\\\/\\\/marktxxl.de\\\/markt\\\/\",\"name\":\"Markt-XXL\",\"description\":\"Ihr Markt Online\",\"publisher\":{\"@id\":\"https:\\\/\\\/marktxxl.de\\\/markt\\\/#organization\"},\"potentialAction\":[{\"@type\":\"SearchAction\",\"target\":{\"@type\":\"EntryPoint\",\"urlTemplate\":\"https:\\\/\\\/marktxxl.de\\\/markt\\\/?s={search_term_string}\"},\"query-input\":{\"@type\":\"PropertyValueSpecification\",\"valueRequired\":true,\"valueName\":\"search_term_string\"}}],\"inLanguage\":\"de\"},{\"@type\":\"Organization\",\"@id\":\"https:\\\/\\\/marktxxl.de\\\/markt\\\/#organization\",\"name\":\"Markt-XXL\",\"url\":\"https:\\\/\\\/marktxxl.de\\\/markt\\\/\",\"logo\":{\"@type\":\"ImageObject\",\"inLanguage\":\"de\",\"@id\":\"https:\\\/\\\/marktxxl.de\\\/markt\\\/#\\\/schema\\\/logo\\\/image\\\/\",\"url\":\"https:\\\/\\\/marktxxl.de\\\/markt\\\/wp-content\\\/uploads\\\/sites\\\/3\\\/2020\\\/12\\\/logo.png\",\"contentUrl\":\"https:\\\/\\\/marktxxl.de\\\/markt\\\/wp-content\\\/uploads\\\/sites\\\/3\\\/2020\\\/12\\\/logo.png\",\"width\":200,\"height\":70,\"caption\":\"Markt-XXL\"},\"image\":{\"@id\":\"https:\\\/\\\/marktxxl.de\\\/markt\\\/#\\\/schema\\\/logo\\\/image\\\/\"}}]}<\/script>\n<!-- \/ Yoast SEO plugin. -->","yoast_head_json":{"title":"Creatck Tockrop Handschleifbl\u00f6cke, rund, Maus, 12,7 cm, f\u00fcr 12,7 cm Klett-Scheiben, ideal f\u00fcr Holzm\u00f6bel, Restaurierung\u2026 - Markt-XXL","description":"Markt-XXL Creatck Tockrop Handschleifbl\u00f6cke, rund, Maus, 12,7 cm, f\u00fcr 12,7 cm Klett-Scheiben, ideal f\u00fcr Holzm\u00f6bel, Restaurierung\u2026","robots":{"index":"index","follow":"follow","max-snippet":"max-snippet:-1","max-image-preview":"max-image-preview:large","max-video-preview":"max-video-preview:-1"},"canonical":"https:\/\/marktxxl.de\/markt\/produkt\/creatck-tockrop-handschleifbloecke-rund-maus-127-cm-fuer-127-cm-klett-scheiben-ideal-fuer-holzmoebel-restaurierung-heimkunst-und-handwerk-2-stueck\/","og_locale":"de_DE","og_type":"article","og_title":"Creatck Tockrop Handschleifbl\u00f6cke, rund, Maus, 12,7 cm, f\u00fcr 12,7 cm Klett-Scheiben, ideal f\u00fcr Holzm\u00f6bel, Restaurierung\u2026 - Markt-XXL","og_description":"Markt-XXL Creatck Tockrop Handschleifbl\u00f6cke, rund, Maus, 12,7 cm, f\u00fcr 12,7 cm Klett-Scheiben, ideal f\u00fcr Holzm\u00f6bel, Restaurierung\u2026","og_url":"https:\/\/marktxxl.de\/markt\/produkt\/creatck-tockrop-handschleifbloecke-rund-maus-127-cm-fuer-127-cm-klett-scheiben-ideal-fuer-holzmoebel-restaurierung-heimkunst-und-handwerk-2-stueck\/","og_site_name":"Markt-XXL","article_modified_time":"2023-04-11T03:10:29+00:00","og_image":[{"width":500,"height":472,"url":"https:\/\/m.media-amazon.com\/images\/I\/31lVFxgXMzL._SL500_.jpg","type":"image\/jpeg"}],"twitter_card":"summary_large_image","twitter_misc":{"Gesch\u00e4tzte Lesezeit":"1\u00a0Minute"},"schema":{"@context":"https:\/\/schema.org","@graph":[{"@type":"WebPage","@id":"https:\/\/marktxxl.de\/markt\/produkt\/creatck-tockrop-handschleifbloecke-rund-maus-127-cm-fuer-127-cm-klett-scheiben-ideal-fuer-holzmoebel-restaurierung-heimkunst-und-handwerk-2-stueck\/","url":"https:\/\/marktxxl.de\/markt\/produkt\/creatck-tockrop-handschleifbloecke-rund-maus-127-cm-fuer-127-cm-klett-scheiben-ideal-fuer-holzmoebel-restaurierung-heimkunst-und-handwerk-2-stueck\/","name":"Creatck Tockrop Handschleifbl\u00f6cke, rund, Maus, 12,7 cm, f\u00fcr 12,7 cm Klett-Scheiben, ideal f\u00fcr Holzm\u00f6bel, Restaurierung\u2026 - Markt-XXL","isPartOf":{"@id":"https:\/\/marktxxl.de\/markt\/#website"},"primaryImageOfPage":{"@id":"https:\/\/marktxxl.de\/markt\/produkt\/creatck-tockrop-handschleifbloecke-rund-maus-127-cm-fuer-127-cm-klett-scheiben-ideal-fuer-holzmoebel-restaurierung-heimkunst-und-handwerk-2-stueck\/#primaryimage"},"image":{"@id":"https:\/\/marktxxl.de\/markt\/produkt\/creatck-tockrop-handschleifbloecke-rund-maus-127-cm-fuer-127-cm-klett-scheiben-ideal-fuer-holzmoebel-restaurierung-heimkunst-und-handwerk-2-stueck\/#primaryimage"},"thumbnailUrl":"https:\/\/m.media-amazon.com\/images\/I\/31lVFxgXMzL._SL500_.jpg","datePublished":"2023-01-10T02:37:01+00:00","dateModified":"2023-04-11T03:10:29+00:00","description":"Markt-XXL Creatck Tockrop Handschleifbl\u00f6cke, rund, Maus, 12,7 cm, f\u00fcr 12,7 cm Klett-Scheiben, ideal f\u00fcr Holzm\u00f6bel, Restaurierung\u2026","breadcrumb":{"@id":"https:\/\/marktxxl.de\/markt\/produkt\/creatck-tockrop-handschleifbloecke-rund-maus-127-cm-fuer-127-cm-klett-scheiben-ideal-fuer-holzmoebel-restaurierung-heimkunst-und-handwerk-2-stueck\/#breadcrumb"},"inLanguage":"de","potentialAction":[{"@type":"ReadAction","target":["https:\/\/marktxxl.de\/markt\/produkt\/creatck-tockrop-handschleifbloecke-rund-maus-127-cm-fuer-127-cm-klett-scheiben-ideal-fuer-holzmoebel-restaurierung-heimkunst-und-handwerk-2-stueck\/"]}]},{"@type":"ImageObject","inLanguage":"de","@id":"https:\/\/marktxxl.de\/markt\/produkt\/creatck-tockrop-handschleifbloecke-rund-maus-127-cm-fuer-127-cm-klett-scheiben-ideal-fuer-holzmoebel-restaurierung-heimkunst-und-handwerk-2-stueck\/#primaryimage","url":"https:\/\/m.media-amazon.com\/images\/I\/31lVFxgXMzL._SL500_.jpg","contentUrl":"https:\/\/m.media-amazon.com\/images\/I\/31lVFxgXMzL._SL500_.jpg","width":500,"height":472},{"@type":"BreadcrumbList","@id":"https:\/\/marktxxl.de\/markt\/produkt\/creatck-tockrop-handschleifbloecke-rund-maus-127-cm-fuer-127-cm-klett-scheiben-ideal-fuer-holzmoebel-restaurierung-heimkunst-und-handwerk-2-stueck\/#breadcrumb","itemListElement":[{"@type":"ListItem","position":1,"name":"Startseite","item":"https:\/\/marktxxl.de\/markt\/"},{"@type":"ListItem","position":2,"name":"Markt","item":"https:\/\/marktxxl.de\/markt\/"},{"@type":"ListItem","position":3,"name":"Creatck Tockrop Handschleifbl\u00f6cke, rund, Maus, 12,7 cm, f\u00fcr 12,7 cm Klett-Scheiben, ideal f\u00fcr Holzm\u00f6bel, Restaurierung\u2026"}]},{"@type":"WebSite","@id":"https:\/\/marktxxl.de\/markt\/#website","url":"https:\/\/marktxxl.de\/markt\/","name":"Markt-XXL","description":"Ihr Markt Online","publisher":{"@id":"https:\/\/marktxxl.de\/markt\/#organization"},"potentialAction":[{"@type":"SearchAction","target":{"@type":"EntryPoint","urlTemplate":"https:\/\/marktxxl.de\/markt\/?s={search_term_string}"},"query-input":{"@type":"PropertyValueSpecification","valueRequired":true,"valueName":"search_term_string"}}],"inLanguage":"de"},{"@type":"Organization","@id":"https:\/\/marktxxl.de\/markt\/#organization","name":"Markt-XXL","url":"https:\/\/marktxxl.de\/markt\/","logo":{"@type":"ImageObject","inLanguage":"de","@id":"https:\/\/marktxxl.de\/markt\/#\/schema\/logo\/image\/","url":"https:\/\/marktxxl.de\/markt\/wp-content\/uploads\/sites\/3\/2020\/12\/logo.png","contentUrl":"https:\/\/marktxxl.de\/markt\/wp-content\/uploads\/sites\/3\/2020\/12\/logo.png","width":200,"height":70,"caption":"Markt-XXL"},"image":{"@id":"https:\/\/marktxxl.de\/markt\/#\/schema\/logo\/image\/"}}]}},"_links":{"self":[{"href":"https:\/\/marktxxl.de\/markt\/wp-json\/wp\/v2\/product\/180131","targetHints":{"allow":["GET"]}}],"collection":[{"href":"https:\/\/marktxxl.de\/markt\/wp-json\/wp\/v2\/product"}],"about":[{"href":"https:\/\/marktxxl.de\/markt\/wp-json\/wp\/v2\/types\/product"}],"replies":[{"embeddable":true,"href":"https:\/\/marktxxl.de\/markt\/wp-json\/wp\/v2\/comments?post=180131"}],"wp:featuredmedia":[{"embeddable":true,"href":"https:\/\/marktxxl.de\/markt\/wp-json\/wp\/v2\/media\/180132"}],"wp:attachment":[{"href":"https:\/\/marktxxl.de\/markt\/wp-json\/wp\/v2\/media?parent=180131"}],"wp:term":[{"taxonomy":"product_brand","embeddable":true,"href":"https:\/\/marktxxl.de\/markt\/wp-json\/wp\/v2\/product_brand?post=180131"},{"taxonomy":"product_cat","embeddable":true,"href":"https:\/\/marktxxl.de\/markt\/wp-json\/wp\/v2\/product_cat?post=180131"},{"taxonomy":"product_tag","embeddable":true,"href":"https:\/\/marktxxl.de\/markt\/wp-json\/wp\/v2\/product_tag?post=180131"}],"curies":[{"name":"wp","href":"https:\/\/api.w.org\/{rel}","templated":true}]}}